{"id":16641,"date":"2024-11-04T05:24:53","date_gmt":"2024-11-04T05:24:53","guid":{"rendered":"https:\/\/lottohoy.com\/integritetspolicy\/"},"modified":"2024-11-04T05:24:53","modified_gmt":"2024-11-04T05:24:53","slug":"integritetspolicy","status":"publish","type":"page","link":"https:\/\/lottohoy.com\/sv\/integritetspolicy\/","title":{"rendered":"Integritetspolicy"},"content":{"rendered":"<p>Lottohoys sekretesspolicy (nedan kallad sekretesspolicy) g\u00e4ller f\u00f6r webbplatsen lottohoy.com (nedan kallad webbplatsen) som drivs av LLL World Marketing Limited, Peiraios 30, 1st floor, office 1, 2023 Strovolos, Nicosia &#8211; Cypern. Genom att anv\u00e4nda v\u00e5r Webbplats accepterar du f\u00f6ljande Integritetspolicy samt v\u00e5ra Anv\u00e4ndarvillkor.<\/p>\n<h2>Den information vi samlar in<\/h2>\n<p>N\u00e4r du anv\u00e4nder Webbplatsen samlar vi in f\u00f6ljande information:<\/p>\n<h2>\u00d6ppet insamlad fr\u00e5n dig<\/h2>\n<p>N\u00e4r du skapar ett anv\u00e4ndarkonto anger du din e-postadress som ska anv\u00e4ndas f\u00f6r att unikt identifiera ditt konto och f\u00f6r att utf\u00f6ra dess valfria aktivering. E-postadressen anv\u00e4nds ocks\u00e5 f\u00f6r att l\u00f6senordsp\u00e5minnelsen ska kunna utf\u00f6ra sin funktion.<\/p>\n<p>Vi kan ocks\u00e5 anv\u00e4nda din e-postadress och ditt telefonnummer f\u00f6r att skicka meddelanden om hur webbplatsen fungerar (inklusive de meddelanden som kr\u00e4vs enligt lag), nyheter om webbplatsen, information om produkter och tj\u00e4nster som ing\u00e5r p\u00e5 webbplatsen samt f\u00f6r andra marknadsf\u00f6rings\u00e4ndam\u00e5l, inklusive produkter eller tj\u00e4nster fr\u00e5n tredje part som du kan vara intresserad av (nedan kallade meddelanden). Du kan n\u00e4r som helst sluta ta emot marknadsf\u00f6ringsrelaterade meddelanden genom att anv\u00e4nda den l\u00e4nk f\u00f6r avbest\u00e4llning som finns i varje e-postmeddelande som vi skickar eller genom att kontakta oss via de tillg\u00e4ngliga kontaktmedlen: e-post, telefon eller kontaktformul\u00e4r.<\/p>\n<p>N\u00e4r du har skapat ett konto kan du komplettera din profil med f\u00f6ljande uppgifter: f\u00f6rnamn, efternamn, bostadsadress, f\u00f6delsedatum, telefonnummer och tidszon. Denna information anv\u00e4nds f\u00f6r att f\u00f6rb\u00e4ttra processen f\u00f6r betalningar, ins\u00e4ttningar och uttag, f\u00f6r anpassningar av webbplatsen (inklusive meddelanden), samt f\u00f6r att hantera vinster \u00f6ver 2500 USD i enlighet med punkt 3.5 i anv\u00e4ndarvillkoren.<\/p>\n<p>Vi kan ocks\u00e5 komma att f\u00f6ra ett register \u00f6ver uppgifter som du frivilligt l\u00e4mnar till oss n\u00e4r du kontaktar oss via kontaktformul\u00e4ret, ett telefonsamtal, ett postmeddelande, Facebook, Twitter eller andra kontaktmedel, inklusive namn, e-postadress, telefonnummer och postadress. Att uppge namn och e-postadress \u00e4r n\u00f6dv\u00e4ndigt f\u00f6r att skicka ett meddelande via kontaktformul\u00e4ret.<\/p>\n<p>Kontakt med oss via sociala medier som Facebook eller Twitter ska inte betraktas som officiell. Vi f\u00f6rbeh\u00e5ller oss r\u00e4tten att inte besvara meddelanden som skickas via dessa kontaktv\u00e4gar, samtidigt som vi informerar dig om att vi kommer att g\u00f6ra v\u00e5rt b\u00e4sta f\u00f6r att besvara dem. F\u00f6r att f\u00e5 detaljerad information om de uppgifter som samlas in av de sociala medier som n\u00e4mns ovan m\u00e5ste man bekanta sig med f\u00f6ljande dokument:<\/p>\n<p>Facebook: integritetspolicy samt villkor och policyer;<\/p>\n<p>Twitter: sekretesspolicy och anv\u00e4ndarvillkor.<\/p>\n<p>Vi behandlar ocks\u00e5 uppgifter om betalkort (nummer, utg\u00e5ngsdatum, innehavarens f\u00f6r- och efternamn, CVV-kod) f\u00f6r att genomf\u00f6ra betalningsprocessen f\u00f6r betalkort &#8211; <a href=\"https:\/\/lottohoy.xyz\/terms-and-conditions\/\">l\u00e4s mer<\/a>.<\/p>\n<h2>Samlas inte in \u00f6ppet<\/h2>\n<p>N\u00e4r du anv\u00e4nder webbplatsen samlar vi automatiskt in specifik information och anv\u00e4nder den f\u00f6r att hantera webbplatsens huvudfunktioner, anpassa webbplatsen (inklusive meddelanden), \u00f6vervaka den inkommande trafiken och uppr\u00e4tth\u00e5lla s\u00e4kerheten. Det inkluderar bland annat:<\/p>\n<p>-IP-adress;<\/p>\n<p>-headers som skickas av webbl\u00e4saren, s\u00e4rskilt \u201dUser-Agent\u201d, \u201dAccept-Language\u201d och \u201dReferer\u201d som inneh\u00e5ller s\u00e5dan information som typ, version och spr\u00e5k f\u00f6r webbl\u00e4saren, typ och version av operativsystemet och den webbadress som webbplatsen hittades genom;<\/p>\n<p>-systemtid;<\/p>\n<p>-HTTP-f\u00f6rfr\u00e5gningar;<\/p>\n<p>-cookies-filer som sparats i redfoxlotto.com-dom\u00e4nen eller underdom\u00e4nerna.<\/p>\n<p>Vi kan ocks\u00e5 anv\u00e4nda IP-adressen f\u00f6r att samla in och bearbeta information om din faktiska plats f\u00f6r att f\u00f6rb\u00e4ttra datauppdateringsprocessen samt anpassa webbplatsen (inklusive meddelanden).<\/p>\n<p>En del av de uppgifter som automatiskt g\u00f6rs tillg\u00e4ngliga av webbl\u00e4sare lagras i serverloggar, inklusive fullst\u00e4ndiga HTTP-f\u00f6rfr\u00e5gningar, ankomsttid, IP-adress och URL-adresser som \u00e4r relaterade till en f\u00f6rfr\u00e5gan.<\/p>\n<p>Webbplatsens funktion anv\u00e4nder din webbl\u00e4sares cache. Det g\u00f6r det m\u00f6jligt att optimera tiden f\u00f6r laddning av webbplatsen samt g\u00f6ra det enklare att anv\u00e4nda webbplatsen genom att lagra data mellan sessioner \u00e4ven efter omstart av webbl\u00e4saren.<\/p>\n<p>Den information som inte samlas in \u00f6ppet omfattar bland annat f\u00f6ljande uppgifter som anv\u00e4nds f\u00f6r att hantera och f\u00f6rb\u00e4ttra betalningsprocessen:<\/p>\n<p>&#8211; e-postadress, personuppgifter (f\u00f6rnamn, efternamn, adress, kontaktinformation) och transaktions-ID f\u00f6r att genomf\u00f6ra betalningar; med ditt uttryckliga samtycke lagrar vi \u00e4ven icke-k\u00e4nsliga uppgifter om de betalkort du anv\u00e4nder f\u00f6r att g\u00f6ra ytterligare betalningar snabbare; -e-postadress, datum, status, belopp och transaktions-ID som anv\u00e4nds eller genereras f\u00f6r att genomf\u00f6ra betalningar via tpay.com;<\/p>\n<p>e-postadress, anv\u00e4ndarkonto-ID, status, belopp och transaktions-ID som anv\u00e4nds eller genereras f\u00f6r att genomf\u00f6ra Skrill-betalningar<\/p>\n<p>-e-postadress, anv\u00e4ndarkontots ID, personuppgifter (f\u00f6rnamn, efternamn, adress, f\u00f6delsedatum, k\u00f6n, kontaktuppgifter, kontosaldo, kontospr\u00e5k och valuta) och faktureringsuppgifter som anv\u00e4nds eller genereras f\u00f6r att genomf\u00f6ra Neteller-betalningar<\/p>\n<p>-destinationens bitcoinadress och transaktions-ID som anv\u00e4nds eller genereras f\u00f6r att genomf\u00f6ra betalningar;<\/p>\n<p>e-postadress, telefon, land och transaktions-ID som anv\u00e4nds eller genereras f\u00f6r att genomf\u00f6ra Sofort-betalningar.<\/p>\n<p>F\u00f6r att f\u00e5 mer information om de uppgifter som samlas in under betalningar uppmanar vi dig att bekanta dig med sekretesspolicyn f\u00f6r olika betalningsgateways (<a href=\"https:\/\/lottohoy.xyz\/terms-and-conditions\/\">l\u00e4s mer<\/a>).<\/p>\n<p>Den information som inte samlas in \u00f6ppet anv\u00e4nds ocks\u00e5 av tj\u00e4nster fr\u00e5n tredje part (<a href=\"https:\/\/lottohoy.xyz\/terms-and-conditions\/\">l\u00e4s mer<\/a>).<\/p>\n<h2>Tj\u00e4nster fr\u00e5n tredje part<\/h2>\n<p>Statistik, annonsering och s\u00e4kerhet<\/p>\n<p>F\u00f6r att hantera webbplatsens s\u00e4kerhet samt samla in och analysera information om dess funktion anv\u00e4nder vi f\u00f6ljande tj\u00e4nster fr\u00e5n tredje part:<\/p>\n<p>Google Analytics &#8211; f\u00f6r att \u00f6vervaka trafiken och f\u00f6ra detaljerad statistik som g\u00f6r det m\u00f6jligt f\u00f6r oss att identifiera k\u00e4llorna till bes\u00f6ken och analysera webbplatsens funktion;<\/p>\n<p>Google reCAPTCHA &#8211; f\u00f6r att f\u00f6rb\u00e4ttra webbplatsens s\u00e4kerhet genom att skydda mot automatiserade skript;<\/p>\n<p>Facebook Pixel &#8211; f\u00f6r att \u00f6vervaka trafik och f\u00f6ra detaljerad statistik som g\u00f6r det m\u00f6jligt f\u00f6r oss att skapa b\u00e4ttre annonskampanjer.<\/p>\n<p>Ovanst\u00e5ende tj\u00e4nster samlar in och anv\u00e4nder information f\u00f6r att fungera korrekt. F\u00f6r att f\u00e5 information om de uppgifter som samlas in av Googles tj\u00e4nster uppmanar vi dig att bekanta dig med Googles anv\u00e4ndarvillkor och Googles integritetspolicy. F\u00f6r att f\u00e5 information om de uppgifter som samlas in av Facebook-tj\u00e4nster uppmanar vi dig att bekanta dig med Facebooks policyer.<\/p>\n<h2>Betalningar<\/h2>\n<p>Vi lagrar inte detaljerade uppgifter om betalkort i v\u00e5ra databaser. F\u00f6r att lagra betalkortsuppgifter anv\u00e4nder vi tredjepartsbetalningsgateways som uppfyller kraven i s\u00e4kerhetsstandarderna PCI-DSS (Payment Card Industry Data Security Standard). V\u00e5ra databaser lagrar endast referenser till betalkort som lagras i tredje parts betalningsgateways. De referenser som vi lagrar inneh\u00e5ller endast icke-k\u00e4nsliga uppgifter om betalkort: utg\u00e5ngsdatum, innehavarens f\u00f6r- och efternamn samt de fyra sista siffrorna i kortnumret. Betalkortsuppgifter anv\u00e4nds och lagras endast med ditt uttryckliga samtycke. Du kan n\u00e4r som helst radera h\u00e4nvisningarna till de lagrade betalkorten. Betalkortsuppgifter raderas ocks\u00e5 fr\u00e5n en viss tredjeparts betalningsgateway, f\u00f6rutsatt att den g\u00f6r en s\u00e5dan funktion tillg\u00e4nglig. Man m\u00e5ste komma ih\u00e5g att det kanske inte \u00e4r m\u00f6jligt att radera uppgifterna helt och h\u00e5llet p\u00e5 grund av hur en viss betalningsgateway fungerar. Detaljerad information om vilken typ av uppgifter som lagras av de betalningsgateways som vi anv\u00e4nder finns i sekretesspolicyn och anv\u00e4ndarvillkoren f\u00f6r olika betalningsgateways &#8211; l\u00e4s mer. Radering av lagrade betalkortsuppgifter kommer inte att avbryta de initierade transaktionerna.<\/p>\n<p>F\u00f6r att genomf\u00f6ra ovanst\u00e5ende behandlar vi betalkortsuppgifter som tillhandah\u00e5lls via de formul\u00e4r som finns tillg\u00e4ngliga p\u00e5 webbplatsen. Denna hantering sker i full \u00f6verensst\u00e4mmelse med PCI-DSS-kraven (Payment Card Industry Data Security Standard). Alla betalningsuppgifter som du tillhandah\u00e5ller skickas via en krypterad SSL-anslutning (Secure Socket Layer).<\/p>\n<p>Vi informerar dig om att vi f\u00f6r att skydda dina uppgifter vidtar alla n\u00f6dv\u00e4ndiga \u00e5tg\u00e4rder f\u00f6r att se till att dina uppgifter inte oavsiktligt g\u00e5r f\u00f6rlorade, missbrukas, offentligg\u00f6rs eller p\u00e5 n\u00e5got s\u00e4tt \u00e4ndras eller f\u00f6rst\u00f6rs. Vi skyddar dem ocks\u00e5 fr\u00e5n obeh\u00f6rig \u00e5tkomst.<\/p>\n<p>F\u00f6r att f\u00e5 detaljerad information om de uppgifter som samlas in av olika betalningsgateways m\u00e5ste man bekanta sig med de tillh\u00f6rande dokument som finns p\u00e5 webbplatserna f\u00f6r dessa betalningsgateways.<\/p>\n<h2>Delade uppgifter<\/h2>\n<p>Vi g\u00f6r inte dina uppgifter tillg\u00e4ngliga f\u00f6r f\u00f6retag, organisationer eller andra tredje parter med f\u00f6ljande undantag:<\/p>\n<p>-om vi har f\u00e5tt ditt uttryckliga samtycke till att g\u00f6ra dem tillg\u00e4ngliga;<\/p>\n<p>-vi kan skicka dina uppgifter till betrodda enheter som behandlar dem f\u00f6r v\u00e5ra behov och f\u00f6r \u00e4ndam\u00e5l som endast definieras av oss samtidigt som vi uppr\u00e4tth\u00e5ller h\u00f6gsta sekretess och informationss\u00e4kerhet, s\u00e4rskilt de f\u00f6retag som ing\u00e5r i v\u00e5r koncern eller v\u00e5ra aff\u00e4rspartners;<\/p>\n<p>-n\u00e4r vi anser att det \u00e4r motiverat f\u00f6r att f\u00f6lja den lag som vi omfattas av;<\/p>\n<p>-analysera s\u00e4kerhets\u00f6vertr\u00e4delser p\u00e5 webbplatsen, uppt\u00e4cka och f\u00f6rhindra bedr\u00e4gerier samt f\u00f6rb\u00e4ttra s\u00e4kerheten och andra tekniska fr\u00e5gor;<\/p>\n<p>-Vi kan ocks\u00e5 dela uppgifter som inte kan anv\u00e4ndas f\u00f6r att otvetydigt identifiera en enskild person f\u00f6r \u00e4ndam\u00e5l som att visa de senaste vinsterna eller publicera allm\u00e4n statistik om webbplatsens anv\u00e4ndning.<\/p>\n<h2>Datas\u00e4kerhet<\/h2>\n<p>Vi g\u00f6r v\u00e5rt b\u00e4sta f\u00f6r att se till att dina uppgifter lagras p\u00e5 ett s\u00e4kert s\u00e4tt. Enligt v\u00e5r s\u00e4kerhetspolicy lagrar vi inte l\u00f6senord i klartext. Vi anv\u00e4nder de senaste standarderna och rekommendationerna f\u00f6r att se till att v\u00e5ra anv\u00e4ndares data och konton \u00e4r helt s\u00e4kra, inklusive bland annat:<\/p>\n<p>-regelbunden uppdatering av servern;<\/p>\n<p>-omedelbar implementering av s\u00e4kerhetsuppdateringar;<\/p>\n<p>-Uppfyllande av alla krav p\u00e5 s\u00e4kerhetsstandarder som definieras av PCI-DSS f\u00f6r den enhet som behandlar betalkortsdata;<\/p>\n<p>-Genomdrivande och anv\u00e4ndning av s\u00e4kra anslutningar n\u00e4r s\u00e5 \u00e4r m\u00f6jligt;<\/p>\n<p>-Kontroll av \u00e5tkomstniv\u00e5erna till uppgifter som endast \u00e4r tillg\u00e4ngliga f\u00f6r personer, f\u00f6retag eller organisationer som beh\u00f6ver ha tillg\u00e5ng till dem; s\u00e5dana enheter \u00e4r ocks\u00e5 skyldiga att uppr\u00e4tth\u00e5lla strikt sekretess eller drabbas av allvarliga konsekvenser;<\/p>\n<p>-skydd mot obeh\u00f6rig \u00e5tkomst, automatiserade attackblockeringar och \u00f6vergripande \u00f6vervakning av webbplatsens aktivitet.<\/p>\n<h2>Radering av uppgifter<\/h2>\n<p>Att radera dina profildata \u00e4r inte synonymt med att radera dem helt fr\u00e5n v\u00e5rt system. De n\u00e4mnda uppgifterna kan fortfarande lagras i system och filer i s\u00e4kerhetskopior i upp till ett \u00e5r. S\u00e4kerhetskopior, p\u00e5 grund av deras betydelse och k\u00e4nslighet, lagras ocks\u00e5 p\u00e5 andra servrar som \u00e4gs av oss och underh\u00e5lls av oss och av tredjepartsf\u00f6retag som driver v\u00e5ra servrar enligt separata avtal. Dina uppgifter som finns i s\u00e4kerhetskopior kan endast anv\u00e4ndas f\u00f6r att \u00e5terst\u00e4lla dem i s\u00e4rskilda fall som kr\u00e4ver anv\u00e4ndning av s\u00e4kerhetskopior. \u00c4ndringar av dina profildata som g\u00f6rs mellan det datum d\u00e5 en s\u00e4kerhetskopia skapas och det datum d\u00e5 den \u00e5terst\u00e4lls kommer att g\u00e5 f\u00f6rlorade, vilket du uttryckligen kommer att meddelas om.<\/p>\n<p>Du kan radera ditt anv\u00e4ndarkonto genom att kontakta oss skriftligen. Uppgifterna om det raderade kontot kommer att sparas f\u00f6r att f\u00f6rhindra att sambandet mellan kontot och de transaktioner som utf\u00f6rts samt andra \u00e5tg\u00e4rder som du utf\u00f6rt i systemet g\u00e5r f\u00f6rlorat. P\u00e5 din uttryckliga beg\u00e4ran kan vi helt radera dina profildata fr\u00e5n systemet genom att ers\u00e4tta dem med anonyma data, \u00e4ven om det inte kommer att radera data f\u00f6r de utf\u00f6rda transaktionerna.<\/p>\n<h2>\u00c5ldersbegr\u00e4nsningar<\/h2>\n<p>V\u00e5r webbplats riktar sig till personer \u00f6ver 18 \u00e5r. Vi samlar aldrig avsiktligt in eller anv\u00e4nder uppgifter om personer som vi vet inte uppfyller v\u00e5ra \u00e5lderskriterier. N\u00e4r vi m\u00e4rker att en person under 18 \u00e5r har skapat ett konto p\u00e5 v\u00e5r webbplats g\u00f6r vi v\u00e5rt b\u00e4sta f\u00f6r att radera uppgifterna fr\u00e5n v\u00e5rt system.<\/p>\n<h2>Begr\u00e4nsningar i sekretesspolicyn<\/h2>\n<p>Denna sekretesspolicy g\u00e4ller inte f\u00f6r de tj\u00e4nster som erbjuds av v\u00e5ra partners eller andra enheter med annonser och\/eller h\u00e4nvisningar till v\u00e5r webbplats, och inte heller f\u00f6r andra webbplatser som v\u00e5r webbplats har h\u00e4nvisningar till. Man m\u00e5ste bekanta sig med deras sekretesspolicyer och anv\u00e4ndarvillkor separat.<\/p>\n<h2>Policy f\u00f6r cookies<\/h2>\n<p>F\u00f6r att kunna anv\u00e4nda de viktigaste funktionerna p\u00e5 webbplatsen m\u00e5ste du till\u00e5ta cookies i din webbl\u00e4sare. Du kan st\u00e4lla in din webbl\u00e4sare s\u00e5 att den inte till\u00e5ter cookies om du vill, \u00e4ven om det kommer att g\u00f6ra anv\u00e4ndningen av v\u00e5r webbplats mycket begr\u00e4nsad.<\/p>\n<p>F\u00f6r att l\u00e4ra dig hur du kan inaktivera cookies, se dokumentationen f\u00f6r din webbl\u00e4sare.<\/p>\n<h2>F\u00f6r\u00e4ndringar<\/h2>\n<p>Vi g\u00f6r v\u00e5rt b\u00e4sta f\u00f6r att uppdatera denna integritetspolicy l\u00f6pande. I h\u00e4ndelse av betydande \u00e4ndringar, s\u00e4rskilt s\u00e5dana som inneb\u00e4r \u00f6kade begr\u00e4nsningar av tillg\u00e5ngen till dina uppgifter eller en utvidgning av i vilken utstr\u00e4ckning de delas, kommer vi att meddela dig om \u00e4ndringarna elektroniskt genom att skicka ett meddelande till din e-postadress, \u00e4ven om vi f\u00f6rbeh\u00e5ller oss r\u00e4tten att g\u00f6ra \u00e4ndringar i denna sekretesspolicy p\u00e5 ett helt diskret s\u00e4tt utan f\u00f6reg\u00e5ende meddelande. Det \u00e4r ditt eget ansvar att kontrollera om \u00e4ndringar har gjorts i denna Integritetspolicy eller i Anv\u00e4ndarvillkoren. All anv\u00e4ndning av Webbplatsen efter att \u00e4ndringar har gjorts i Integritetspolicyn eller Anv\u00e4ndarvillkoren kommer att anses som att du accepterar dem. Du kan n\u00e4r som helst granska dina uppgifter eller radera dem i enlighet med och inom ramen f\u00f6r denna integritetspolicy.<\/p>\n<h3>Kontakta oss<\/h3>\n<p>Om du har n\u00e5gra fr\u00e5gor om denna integritetspolicy kan du kontakta oss via de tillg\u00e4ngliga kontaktv\u00e4garna (e-post, kontaktformul\u00e4r).<\/p>\n","protected":false},"excerpt":{"rendered":"<p>Lottohoys sekretesspolicy (nedan kallad sekretesspolicy) g\u00e4ller f\u00f6r webbplatsen lottohoy.com (nedan kallad webbplatsen) som drivs av LLL World Marketing Limited, Peiraios 30, 1st floor, office 1, 2023 Strovolos, Nicosia &#8211; Cypern. Genom att anv\u00e4nda v\u00e5r Webbplats accepterar du f\u00f6ljande Integritetspolicy samt v\u00e5ra Anv\u00e4ndarvillkor. Den information vi samlar in N\u00e4r du anv\u00e4nder Webbplatsen samlar vi in f\u00f6ljande [&hellip;]<\/p>\n","protected":false},"author":1,"featured_media":0,"parent":0,"menu_order":0,"comment_status":"closed","ping_status":"closed","template":"","meta":{"_et_pb_use_builder":"","_et_pb_old_content":"","_et_gb_content_width":"","exclude_from_search":false,"footnotes":""},"class_list":["post-16641","page","type-page","status-publish","hentry"],"yoast_head":"<!-- This site is optimized with the Yoast SEO plugin v23.7 - https:\/\/yoast.com\/wordpress\/plugins\/seo\/ -->\n<title>Integritetspolicy - Lottohoy<\/title>\n<meta name=\"robots\" content=\"index, follow, max-snippet:-1, max-image-preview:large, max-video-preview:-1\" \/>\n<link rel=\"canonical\" href=\"https:\/\/lottohoy.com\/sv\/integritetspolicy\/\" \/>\n<meta property=\"og:locale\" content=\"sv_SE\" \/>\n<meta property=\"og:type\" content=\"article\" \/>\n<meta property=\"og:title\" content=\"Integritetspolicy - Lottohoy\" \/>\n<meta property=\"og:description\" content=\"Lottohoys sekretesspolicy (nedan kallad sekretesspolicy) g\u00e4ller f\u00f6r webbplatsen lottohoy.com (nedan kallad webbplatsen) som drivs av LLL World Marketing Limited, Peiraios 30, 1st floor, office 1, 2023 Strovolos, Nicosia &#8211; Cypern. Genom att anv\u00e4nda v\u00e5r Webbplats accepterar du f\u00f6ljande Integritetspolicy samt v\u00e5ra Anv\u00e4ndarvillkor. Den information vi samlar in N\u00e4r du anv\u00e4nder Webbplatsen samlar vi in f\u00f6ljande [&hellip;]\" \/>\n<meta property=\"og:url\" content=\"https:\/\/lottohoy.com\/sv\/integritetspolicy\/\" \/>\n<meta property=\"og:site_name\" content=\"Lottohoy\" \/>\n<meta name=\"twitter:card\" content=\"summary_large_image\" \/>\n<meta name=\"twitter:label1\" content=\"Ber\u00e4knad l\u00e4stid\" \/>\n\t<meta name=\"twitter:data1\" content=\"12 minuter\" \/>\n<script type=\"application\/ld+json\" class=\"yoast-schema-graph\">{\"@context\":\"https:\/\/schema.org\",\"@graph\":[{\"@type\":\"WebPage\",\"@id\":\"https:\/\/lottohoy.com\/sv\/integritetspolicy\/\",\"url\":\"https:\/\/lottohoy.com\/sv\/integritetspolicy\/\",\"name\":\"Integritetspolicy - Lottohoy\",\"isPartOf\":{\"@id\":\"https:\/\/lottohoy.com\/sv\/#website\"},\"datePublished\":\"2024-11-04T05:24:53+00:00\",\"dateModified\":\"2024-11-04T05:24:53+00:00\",\"breadcrumb\":{\"@id\":\"https:\/\/lottohoy.com\/sv\/integritetspolicy\/#breadcrumb\"},\"inLanguage\":\"sv-SE\",\"potentialAction\":[{\"@type\":\"ReadAction\",\"target\":[\"https:\/\/lottohoy.com\/sv\/integritetspolicy\/\"]}]},{\"@type\":\"BreadcrumbList\",\"@id\":\"https:\/\/lottohoy.com\/sv\/integritetspolicy\/#breadcrumb\",\"itemListElement\":[{\"@type\":\"ListItem\",\"position\":1,\"name\":\"Home\",\"item\":\"https:\/\/lottohoy.com\/sv\/\"},{\"@type\":\"ListItem\",\"position\":2,\"name\":\"Integritetspolicy\"}]},{\"@type\":\"WebSite\",\"@id\":\"https:\/\/lottohoy.com\/sv\/#website\",\"url\":\"https:\/\/lottohoy.com\/sv\/\",\"name\":\"Lottohoy\",\"description\":\"\",\"potentialAction\":[{\"@type\":\"SearchAction\",\"target\":{\"@type\":\"EntryPoint\",\"urlTemplate\":\"https:\/\/lottohoy.com\/sv\/?s={search_term_string}\"},\"query-input\":{\"@type\":\"PropertyValueSpecification\",\"valueRequired\":true,\"valueName\":\"search_term_string\"}}],\"inLanguage\":\"sv-SE\"}]}<\/script>\n<!-- \/ Yoast SEO plugin. -->","yoast_head_json":{"title":"Integritetspolicy - Lottohoy","robots":{"index":"index","follow":"follow","max-snippet":"max-snippet:-1","max-image-preview":"max-image-preview:large","max-video-preview":"max-video-preview:-1"},"canonical":"https:\/\/lottohoy.com\/sv\/integritetspolicy\/","og_locale":"sv_SE","og_type":"article","og_title":"Integritetspolicy - Lottohoy","og_description":"Lottohoys sekretesspolicy (nedan kallad sekretesspolicy) g\u00e4ller f\u00f6r webbplatsen lottohoy.com (nedan kallad webbplatsen) som drivs av LLL World Marketing Limited, Peiraios 30, 1st floor, office 1, 2023 Strovolos, Nicosia &#8211; Cypern. Genom att anv\u00e4nda v\u00e5r Webbplats accepterar du f\u00f6ljande Integritetspolicy samt v\u00e5ra Anv\u00e4ndarvillkor. Den information vi samlar in N\u00e4r du anv\u00e4nder Webbplatsen samlar vi in f\u00f6ljande [&hellip;]","og_url":"https:\/\/lottohoy.com\/sv\/integritetspolicy\/","og_site_name":"Lottohoy","twitter_card":"summary_large_image","twitter_misc":{"Ber\u00e4knad l\u00e4stid":"12 minuter"},"schema":{"@context":"https:\/\/schema.org","@graph":[{"@type":"WebPage","@id":"https:\/\/lottohoy.com\/sv\/integritetspolicy\/","url":"https:\/\/lottohoy.com\/sv\/integritetspolicy\/","name":"Integritetspolicy - Lottohoy","isPartOf":{"@id":"https:\/\/lottohoy.com\/sv\/#website"},"datePublished":"2024-11-04T05:24:53+00:00","dateModified":"2024-11-04T05:24:53+00:00","breadcrumb":{"@id":"https:\/\/lottohoy.com\/sv\/integritetspolicy\/#breadcrumb"},"inLanguage":"sv-SE","potentialAction":[{"@type":"ReadAction","target":["https:\/\/lottohoy.com\/sv\/integritetspolicy\/"]}]},{"@type":"BreadcrumbList","@id":"https:\/\/lottohoy.com\/sv\/integritetspolicy\/#breadcrumb","itemListElement":[{"@type":"ListItem","position":1,"name":"Home","item":"https:\/\/lottohoy.com\/sv\/"},{"@type":"ListItem","position":2,"name":"Integritetspolicy"}]},{"@type":"WebSite","@id":"https:\/\/lottohoy.com\/sv\/#website","url":"https:\/\/lottohoy.com\/sv\/","name":"Lottohoy","description":"","potentialAction":[{"@type":"SearchAction","target":{"@type":"EntryPoint","urlTemplate":"https:\/\/lottohoy.com\/sv\/?s={search_term_string}"},"query-input":{"@type":"PropertyValueSpecification","valueRequired":true,"valueName":"search_term_string"}}],"inLanguage":"sv-SE"}]}},"_links":{"self":[{"href":"https:\/\/lottohoy.com\/sv\/wp-json\/wp\/v2\/pages\/16641","targetHints":{"allow":["GET"]}}],"collection":[{"href":"https:\/\/lottohoy.com\/sv\/wp-json\/wp\/v2\/pages"}],"about":[{"href":"https:\/\/lottohoy.com\/sv\/wp-json\/wp\/v2\/types\/page"}],"author":[{"embeddable":true,"href":"https:\/\/lottohoy.com\/sv\/wp-json\/wp\/v2\/users\/1"}],"replies":[{"embeddable":true,"href":"https:\/\/lottohoy.com\/sv\/wp-json\/wp\/v2\/comments?post=16641"}],"version-history":[{"count":0,"href":"https:\/\/lottohoy.com\/sv\/wp-json\/wp\/v2\/pages\/16641\/revisions"}],"wp:attachment":[{"href":"https:\/\/lottohoy.com\/sv\/wp-json\/wp\/v2\/media?parent=16641"}],"curies":[{"name":"wp","href":"https:\/\/api.w.org\/{rel}","templated":true}]}}