{"id":16635,"date":"2018-05-03T14:23:26","date_gmt":"2018-05-03T13:23:26","guid":{"rendered":"https:\/\/lottohoy.com\/spela\/spela-euromillions\/"},"modified":"2025-06-13T16:50:58","modified_gmt":"2025-06-13T15:50:58","slug":"spela-euromillions","status":"publish","type":"page","link":"https:\/\/lottohoy.com\/sv\/spela\/spela-euromillions\/","title":{"rendered":"Spela EuroMillions"},"content":{"rendered":"<h2>Spela Euromillions online<\/h2>\n<p>Euromillions \u00e4r det lotteri som de flesta spelar i Europa. Det organiseras av de nio \u00a0organen som ansvarar f\u00f6r lotterierna i: Spanien (Statligt lotteri och hasardspel), Frankrike (La Fran\u00e7aise des Jeux) och Storbritannien (National Lottery), som var de tre pionj\u00e4rerna, som n\u00e5gra m\u00e5nader senare fick s\u00e4llskap av: \u00d6sterrike, Belgien, Irland, Luxemburg, Portugal och Schweiz.<\/p>\n<p>Det \u00e4r tydligt att tiderna g\u00e5r fram\u00e5t och ny teknik underl\u00e4ttar m\u00e5nga bekv\u00e4mare, tidsbesparande och s\u00e4krare aktiviteter. I denna mening erbjuder vi chansen att spela Euromillions-lotteriet online via v\u00e5r plattform, och dra nytta av de f\u00f6rdelar som detta medf\u00f6r.<\/p>\n<p>Oddsen f\u00f6r att vinna ett pris n\u00e4r du k\u00f6per din Euromillions-lott, inklusive de stora jackpottarna p\u00e5 miljoner euro, \u00e4r exakt samma n\u00e4r du spelar online som n\u00e4r du g\u00f6r det genom en fysisk lott som k\u00f6pts fr\u00e5n en auktoriserad lotteriadministration.<\/p>\n<h2>Hur spelar man Euromillions online?<\/h2>\n<p>Att spela Euromillions online \u00e4r v\u00e4ldigt enkelt; skapa helt enkelt ett anv\u00e4ndarkonto i LottoHoy, s\u00e5 f\u00e5r du tillg\u00e5ng till all information om insamlingar, betalningar, prenumerationer, statistik och du kan g\u00f6ra dina Euromillions-satsningar.<\/p>\n<h2>\u00d6verst i det h\u00e4r avsnittet ser du en menyrad med fyra alternativ:<\/h2>\n<p>Spela Euromillions : Avsnitt d\u00e4r du kan v\u00e4lja dina favoritnummer.<br \/>\nEuromillions resultat: Med information om den senaste dragningen, den vinnande kombinationen och f\u00f6rdelningen av priser i de olika kategorierna. Du kan ocks\u00e5 f\u00e5 tillg\u00e5ng till information om tidigare dragningar och beloppen f\u00f6r deras priser.<br \/>\nEuromillions information: All information relaterad till det h\u00e4r spelet, kategorierna av priser, procentandelen av insamlingen som tilldelats varje kategori och m\u00f6jligheterna att vinna dragningen i varje kategori.<br \/>\nEuromillions nyheter: Allt om den h\u00e4r typen av lotterier.<\/p>\n<p>Nedan \u00e4r den f\u00f6rsta spelraden, best\u00e5ende av fem kolumner (eller biljetter). Du kan spela en enda kolumn eller s\u00e5 m\u00e5nga du vill, du kan till och med l\u00e4gga till fler rader om du vill spela fler nummer.<\/p>\n<p>Var och en av Euromillions-biljetterna kostar 4,25 EURO och \u00e4r numrerade fr\u00e5n 1 till 50, och precis nedanf\u00f6r finns 12 andra l\u00e5dor reserverade f\u00f6r stj\u00e4rnorna.<\/p>\n<p>P\u00e5 dessa tavlor med 50 siffror och 12 stj\u00e4rnor \u00e4r det d\u00e4r du m\u00e5ste g\u00f6ra din \u00f6nskade f\u00f6ruts\u00e4gelse, med b\u00f6rjan fr\u00e5n basen d\u00e4r du m\u00e5ste markera fem rutor eller siffror och tv\u00e5 stj\u00e4rnor f\u00f6r ett enkelt drag.<br \/>\nSystemet till\u00e5ter oss att fylla dessa rutor manuellt med dina favoritnummer, eller genom snabbvalsalternativet som visas ovanf\u00f6r varje tavla. P\u00e5 s\u00e5 s\u00e4tt v\u00e4ljer systemet sj\u00e4lvt slumpm\u00e4ssigt vilken kombination du ska spela med.<\/p>\n<p>Som ni vet \u00e4r detta det st\u00f6rsta lotteriet i Europa och det som delar ut flest priser. D\u00e4rf\u00f6r \u00e4r det viktigt att k\u00e4nna till de olika typerna av Euromillions-spel du kan g\u00f6ra f\u00f6r att \u00f6ka dina chanser att vinna det st\u00f6rsta priset.<br \/>\nDet finns flera spell\u00e4gen:<\/p>\n<h2>Enkel Euromillions-satsning<\/h2>\n<p>Den enkla satsningen best\u00e5r av att anv\u00e4nda varje br\u00e4da eller kolumn p\u00e5 ett enhetligt s\u00e4tt f\u00f6r att placera en satsning. Det \u00e4r helt enkelt n\u00f6dv\u00e4ndigt att markera fem rutor eller siffror och tv\u00e5 stj\u00e4rnor.<br \/>\nDu kan fylla s\u00e5 m\u00e5nga kolumner eller lotter som du vill f\u00f6r att g\u00f6ra vad. Dessutom har du m\u00f6jlighet att l\u00e4gga till fler rader. Den enkla inst\u00e4llningen av Euromillions kostar 4,25 \u20ac n\u00e4r du spelar p\u00e5 Lottohoy.<\/p>\n<h2>Euromillions multipla satsningar<\/h2>\n<p>F\u00f6r att l\u00e4gga flera satsningar, fyll helt enkelt i varje kolumn med minst sex nummer och upp till maximalt 10 nummer och fr\u00e5n tv\u00e5 stj\u00e4rnor till maximalt sex.<br \/>\nExakt samma som i fallet med singelinsatsen, \u00e4ven i fallet med flera Euromillions-satsningar kan du v\u00e4lja att systemet slumpm\u00e4ssigt v\u00e4ljer spel.<br \/>\nM\u00e5nga spelare anv\u00e4nder flera satsningar f\u00f6r att \u00f6ka sina chanser att vinna dragningen eller \u00e5tminstone vinna.<\/p>\n<h2>Hur mycket kostar Euromillions multipelspel?<\/h2>\n<p>De totala satsningarna som kan spelas kommer fr\u00e5n kombinationen av f\u00f6ruts\u00e4gelserna i tabellen med siffror och stj\u00e4rnor nedan:<\/p>\n<p>Euromillions multipelinsats<br \/>\nStj\u00e4rnor siffror<br \/>\n5 6 7 8 9 10<br \/>\n2 &#8211; 6 21 56 126 252<br \/>\n3 3 18 63 168 378 756<br \/>\n4 6 36 126 336 756 1,512<br \/>\n5 10 60 210 560 1,260 2,520<\/p>\n<p>Det resulterande priset \u00e4r att multiplicera det resulterande antalet satsningar med enhetsbeloppet f\u00f6r varje satsning.<\/p>\n<h2>H\u00e4r \u00e4r n\u00e5gra exempel:<\/h2>\n<p>En multipel kombination av 7 nummer och 3 stj\u00e4rnor motsvarar 63 insatser.<br \/>\nEn multipel kombination av 9 nummer och 5 stj\u00e4rnor motsvarar 1 260 insatser.<br \/>\nS\u00e4nkt insats f\u00f6r Euromillions<\/p>\n<p>Det reducerade insatssystemet f\u00f6r Euromillions best\u00e5r av n\u00e5got s\u00e5 enkelt som att leta efter kombinationer som g\u00f6r att vi kan spela fler nummer f\u00f6r mindre pengar.<\/p>\n<h2>De m\u00f6jliga minskningarna \u00e4r f\u00f6ljande:<\/h2>\n<p>Att markera 10 siffror och 2 stj\u00e4rnor, motsvarar 14 satsningar (med avseende p\u00e5 252 direkta).<br \/>\nSl\u00e5 10 nummer och 4 stj\u00e4rnor motsvarar 28 insatser (j\u00e4mf\u00f6rt med 1512 direkta).<br \/>\nAtt sl\u00e5 10 nummer och 4 stj\u00e4rnor motsvarar 84 insatser (j\u00e4mf\u00f6rt med 1512 direkta).<br \/>\nAtt sl\u00e5 12 nummer och 3 stj\u00e4rnor motsvarar 114 insatser (j\u00e4mf\u00f6rt med 2376 direkta).<br \/>\nAtt sl\u00e5 15 nummer och 4 stj\u00e4rnor motsvarar 30 insatser (j\u00e4mf\u00f6rt med 18018 direkt).<\/p>\n<h2>Vilka dagar dras Euromillions-lotteriet?<\/h2>\n<p>Euromillions oavgjorth\u00e5lls varje tisdag och fredag \u200b\u200bkl 21:30 (central europeisk tid) och h\u00e5lls fr\u00e5n Paris, vilket drar den vinnande kombinationen och den gemensamma granskningen f\u00f6r alla deltagande l\u00e4nder.<\/p>\n<p>Du kan delta i dragningen genom att k\u00f6pa satsningen eller satsningarna upp till en timme innan dragningens slut. Du kan ocks\u00e5 spela tv\u00e5 dragningar genom ett veckoabonnemang eller f\u00f6r alla Euromillions-dragningar du vill ha.<\/p>\n<p>Of\u00f6rl\u00e5tligt m\u00e5ste den f\u00f6rsta satsningen av dessa dragningar valideras en timme f\u00f6re datumet f\u00f6r den f\u00f6rsta av dem, medan resten av dragningarna kommer att valideras automatiskt och du beh\u00f6ver inte l\u00e4ngre oroa dig f\u00f6r n\u00e5got annat.<\/p>\n<p>Den vinnande kombinationen best\u00e5r av tv\u00e5 faser: Ett s\u00e4tt \u00e4r att matcha de fem\u00a0siffrorna som motsvarar fem kulor numrerade mellan 1 och 50 placerade i en bastrumma, och ett annat s\u00e4tt \u00e4r att matcha ytterligare tv\u00e5 nummer som motsvarar stj\u00e4rnorna p\u00e5 en annan speciell bastrumma som ocks\u00e5 \u00e4r numrerade fr\u00e5n 1 till 12.<\/p>\n<p>Det vill s\u00e4ga, f\u00f6r att f\u00e5 den vinnande kombinationen i sin f\u00f6rsta kategori, \u00e4r det n\u00f6dv\u00e4ndigt att gissa totalt sju tecken (fem siffror plus tv\u00e5 stj\u00e4rnor).<\/p>\n<h2>N\u00e4r \u00e4r Euromillions deadline?<\/h2>\n<p>Det finns tv\u00e5 Euromillions-dragningar varje vecka, p\u00e5 tisdagar och fredagar, som h\u00e5lls klockan 20:30 GMT. En timme innan, kl. 19:30 GMT, \u00e4r biljetter till dragningen f\u00f6r den dagen st\u00e4ngd (tisdag eller fredag \u200b\u200bEuromillions).<\/p>\n<p>N\u00e4r dragningen har \u00e4gt rum och de vinnande vaden har avsl\u00f6jats, fr\u00e5n 22:00 accepterar organisationen \u00e5terigen k\u00f6pet och valideringen av biljetter till f\u00f6ljande dragningar.<br \/>\nEn av Euromillions onlinef\u00f6rdelar \u00e4r att den \u00e4r \u00f6ppen 24\/7 och kan spelas n\u00e4r som helst p\u00e5 dygnet.<\/p>\n<p>Dessutom kan du g\u00f6ra k\u00f6pet p\u00e5 \u00e5terkommande basis f\u00f6r olika dragningar, utan att beh\u00f6va anpassa dig till en given dag och dragning.<\/p>\n<p>Med tanke p\u00e5 arrang\u00f6rens schema, om k\u00f6pet g\u00f6rs utanf\u00f6r den maximala tiden som f\u00f6rutsetts f\u00f6r en dragning, kommer k\u00f6pet och motsvarande Euromillions-biljett att valideras f\u00f6r n\u00e4sta dragning, men under samma villkor.<\/p>\n<h2>F\u00f6rdelar med att k\u00f6pa Euromillions-biljetter online<\/h2>\n<p>F\u00f6r varje dag som g\u00e5r blir f\u00f6rdelarna med att spela onlinelotteri mer uppenbara, och detta beror dels p\u00e5 konsumenternas trend och nya vanor, dels p\u00e5 bekv\u00e4mligheten och f\u00f6rdelarna som detta s\u00e4tt underl\u00e4ttar.<\/p>\n<p>Det enda kravet \u00e4r att ha minst laglig \u00e5lder f\u00f6r att spela i ditt hemland. I de flesta l\u00e4nder \u00e4r denna \u00e5lder 18 eller 21 \u00e5r.<\/p>\n<h2>Det finns m\u00e5nga f\u00f6rdelar med att k\u00f6pa Euromillions online. H\u00e4r \u00e4r n\u00e5gra av dem:<\/h2>\n<p>S\u00e4kerhet i transaktioner: Det s\u00e4kra k\u00f6pet erbjuds genom HTTPS:\/\/-protokollet, kom ih\u00e5g att &#8221;s&#8221; indikerar att det \u00e4r en s\u00e4ker webbplats. Det \u00e4r viktigt att verifiera denna punkt.<\/p>\n<p>Olika betalningssystem och \u00e5terbetalningar med fullt f\u00f6rtroende, tillg\u00e4ngliga n\u00e4r det passar dig.<\/p>\n<p>Du kan k\u00f6pa lotter 24\/7 alla dagar p\u00e5 \u00e5ret: Det kommer inte att vara n\u00f6dv\u00e4ndigt att vara medveten om \u00f6ppnings- och st\u00e4ngningstiderna f\u00f6r lotterif\u00f6rvaltningarna. N\u00e4r du spelar online \u00e4r ditt f\u00f6nster \u00f6ppet 24 timmar om dygnet, alla dagar p\u00e5 \u00e5ret.<\/p>\n<p>Var som helst, utan k\u00f6er eller f\u00f6rskjutningar: helt enkelt ha en mobil enhet, en surfplatta eller station\u00e4r dator med internetanslutning och var som helst. Det finns inga fler geografiska hinder f\u00f6r att spela Euromillions.<\/p>\n<p>Du kommer aldrig att f\u00f6rlora din biljett, den finns alltid kvar p\u00e5 ditt konto.<\/p>\n<p>Du f\u00e5r omedelbart de vinster som vunnits p\u00e5 ditt anv\u00e4ndarkonto: Efter dragningen och n\u00e4r motsvarande granskning har utf\u00f6rts kommer de vunna beloppen att krediteras ditt anv\u00e4ndarkonto.<\/p>\n<p>Bli informerad om ackumulerade jackpottar och extraordin\u00e4ra dragningar: Antingen via v\u00e5r hemsida eller via e-post. P\u00e5 s\u00e5 s\u00e4tt kommer du i f\u00f6rv\u00e4g att kunna veta de viktigaste jackpottarna och du kommer att kunna justera din insats f\u00f6r att f\u00e5 en supermiljon\u00e4rsjackpott.<\/p>\n<p>H\u00e5ll dig uppdaterad om resultaten av Euromillions-dragningar automatiskt tack vare v\u00e5rt e-postinformationssystem.<\/p>\n","protected":false},"excerpt":{"rendered":"<p>Spela Euromillions online Euromillions \u00e4r det lotteri som de flesta spelar i Europa. Det organiseras av de nio \u00a0organen som ansvarar f\u00f6r lotterierna i: Spanien (Statligt lotteri och hasardspel), Frankrike (La Fran\u00e7aise des Jeux) och Storbritannien (National Lottery), som var de tre pionj\u00e4rerna, som n\u00e5gra m\u00e5nader senare fick s\u00e4llskap av: \u00d6sterrike, Belgien, Irland, Luxemburg, Portugal [&hellip;]<\/p>\n","protected":false},"author":2,"featured_media":0,"parent":16589,"menu_order":3,"comment_status":"closed","ping_status":"closed","template":"euromillions-at.php","meta":{"_et_pb_use_builder":"","_et_pb_old_content":"","_et_gb_content_width":"","exclude_from_search":false,"footnotes":""},"class_list":["post-16635","page","type-page","status-publish","hentry"],"yoast_head":"<!-- This site is optimized with the Yoast SEO plugin v23.7 - https:\/\/yoast.com\/wordpress\/plugins\/seo\/ -->\n<title>\u25b7 Spela Euromillions nu | Onlinelotteribiljetter - LottoHoy<\/title>\n<meta name=\"description\" content=\"Hos LottoHoy kan du k\u00f6pa dina Euromillions-biljetter till det mest \u00f6verkomliga priset. Spela Euromillions online p\u00e5 en 100 % s\u00e4ker plattform.\" \/>\n<meta name=\"robots\" content=\"index, follow, max-snippet:-1, max-image-preview:large, max-video-preview:-1\" \/>\n<link rel=\"canonical\" href=\"https:\/\/lottohoy.com\/sv\/spela\/spela-euromillions\/\" \/>\n<meta property=\"og:locale\" content=\"sv_SE\" \/>\n<meta property=\"og:type\" content=\"article\" \/>\n<meta property=\"og:title\" content=\"\u25b7 Spela Euromillions nu | Onlinelotteribiljetter - LottoHoy\" \/>\n<meta property=\"og:description\" content=\"Hos LottoHoy kan du k\u00f6pa dina Euromillions-biljetter till det mest \u00f6verkomliga priset. Spela Euromillions online p\u00e5 en 100 % s\u00e4ker plattform.\" \/>\n<meta property=\"og:url\" content=\"https:\/\/lottohoy.com\/sv\/spela\/spela-euromillions\/\" \/>\n<meta property=\"og:site_name\" content=\"Lottohoy\" \/>\n<meta property=\"article:modified_time\" content=\"2025-06-13T15:50:58+00:00\" \/>\n<meta name=\"twitter:card\" content=\"summary_large_image\" \/>\n<meta name=\"twitter:label1\" content=\"Ber\u00e4knad l\u00e4stid\" \/>\n\t<meta name=\"twitter:data1\" content=\"7 minuter\" \/>\n<script type=\"application\/ld+json\" class=\"yoast-schema-graph\">{\"@context\":\"https:\/\/schema.org\",\"@graph\":[{\"@type\":\"WebPage\",\"@id\":\"https:\/\/lottohoy.com\/sv\/spela\/spela-euromillions\/\",\"url\":\"https:\/\/lottohoy.com\/sv\/spela\/spela-euromillions\/\",\"name\":\"\u25b7 Spela Euromillions nu | Onlinelotteribiljetter - LottoHoy\",\"isPartOf\":{\"@id\":\"https:\/\/lottohoy.com\/sv\/#website\"},\"datePublished\":\"2018-05-03T13:23:26+00:00\",\"dateModified\":\"2025-06-13T15:50:58+00:00\",\"description\":\"Hos LottoHoy kan du k\u00f6pa dina Euromillions-biljetter till det mest \u00f6verkomliga priset. Spela Euromillions online p\u00e5 en 100 % s\u00e4ker plattform.\",\"breadcrumb\":{\"@id\":\"https:\/\/lottohoy.com\/sv\/spela\/spela-euromillions\/#breadcrumb\"},\"inLanguage\":\"sv-SE\",\"potentialAction\":[{\"@type\":\"ReadAction\",\"target\":[\"https:\/\/lottohoy.com\/sv\/spela\/spela-euromillions\/\"]}]},{\"@type\":\"BreadcrumbList\",\"@id\":\"https:\/\/lottohoy.com\/sv\/spela\/spela-euromillions\/#breadcrumb\",\"itemListElement\":[{\"@type\":\"ListItem\",\"position\":1,\"name\":\"Home\",\"item\":\"https:\/\/lottohoy.com\/sv\/\"},{\"@type\":\"ListItem\",\"position\":2,\"name\":\"Spela lotteri online\",\"item\":\"https:\/\/lottohoy.com\/sv\/spela\/\"},{\"@type\":\"ListItem\",\"position\":3,\"name\":\"Spela EuroMillions\"}]},{\"@type\":\"WebSite\",\"@id\":\"https:\/\/lottohoy.com\/sv\/#website\",\"url\":\"https:\/\/lottohoy.com\/sv\/\",\"name\":\"Lottohoy\",\"description\":\"\",\"potentialAction\":[{\"@type\":\"SearchAction\",\"target\":{\"@type\":\"EntryPoint\",\"urlTemplate\":\"https:\/\/lottohoy.com\/sv\/?s={search_term_string}\"},\"query-input\":{\"@type\":\"PropertyValueSpecification\",\"valueRequired\":true,\"valueName\":\"search_term_string\"}}],\"inLanguage\":\"sv-SE\"}]}<\/script>\n<!-- \/ Yoast SEO plugin. -->","yoast_head_json":{"title":"\u25b7 Spela Euromillions nu | Onlinelotteribiljetter - LottoHoy","description":"Hos LottoHoy kan du k\u00f6pa dina Euromillions-biljetter till det mest \u00f6verkomliga priset. Spela Euromillions online p\u00e5 en 100 % s\u00e4ker plattform.","robots":{"index":"index","follow":"follow","max-snippet":"max-snippet:-1","max-image-preview":"max-image-preview:large","max-video-preview":"max-video-preview:-1"},"canonical":"https:\/\/lottohoy.com\/sv\/spela\/spela-euromillions\/","og_locale":"sv_SE","og_type":"article","og_title":"\u25b7 Spela Euromillions nu | Onlinelotteribiljetter - LottoHoy","og_description":"Hos LottoHoy kan du k\u00f6pa dina Euromillions-biljetter till det mest \u00f6verkomliga priset. Spela Euromillions online p\u00e5 en 100 % s\u00e4ker plattform.","og_url":"https:\/\/lottohoy.com\/sv\/spela\/spela-euromillions\/","og_site_name":"Lottohoy","article_modified_time":"2025-06-13T15:50:58+00:00","twitter_card":"summary_large_image","twitter_misc":{"Ber\u00e4knad l\u00e4stid":"7 minuter"},"schema":{"@context":"https:\/\/schema.org","@graph":[{"@type":"WebPage","@id":"https:\/\/lottohoy.com\/sv\/spela\/spela-euromillions\/","url":"https:\/\/lottohoy.com\/sv\/spela\/spela-euromillions\/","name":"\u25b7 Spela Euromillions nu | Onlinelotteribiljetter - LottoHoy","isPartOf":{"@id":"https:\/\/lottohoy.com\/sv\/#website"},"datePublished":"2018-05-03T13:23:26+00:00","dateModified":"2025-06-13T15:50:58+00:00","description":"Hos LottoHoy kan du k\u00f6pa dina Euromillions-biljetter till det mest \u00f6verkomliga priset. Spela Euromillions online p\u00e5 en 100 % s\u00e4ker plattform.","breadcrumb":{"@id":"https:\/\/lottohoy.com\/sv\/spela\/spela-euromillions\/#breadcrumb"},"inLanguage":"sv-SE","potentialAction":[{"@type":"ReadAction","target":["https:\/\/lottohoy.com\/sv\/spela\/spela-euromillions\/"]}]},{"@type":"BreadcrumbList","@id":"https:\/\/lottohoy.com\/sv\/spela\/spela-euromillions\/#breadcrumb","itemListElement":[{"@type":"ListItem","position":1,"name":"Home","item":"https:\/\/lottohoy.com\/sv\/"},{"@type":"ListItem","position":2,"name":"Spela lotteri online","item":"https:\/\/lottohoy.com\/sv\/spela\/"},{"@type":"ListItem","position":3,"name":"Spela EuroMillions"}]},{"@type":"WebSite","@id":"https:\/\/lottohoy.com\/sv\/#website","url":"https:\/\/lottohoy.com\/sv\/","name":"Lottohoy","description":"","potentialAction":[{"@type":"SearchAction","target":{"@type":"EntryPoint","urlTemplate":"https:\/\/lottohoy.com\/sv\/?s={search_term_string}"},"query-input":{"@type":"PropertyValueSpecification","valueRequired":true,"valueName":"search_term_string"}}],"inLanguage":"sv-SE"}]}},"_links":{"self":[{"href":"https:\/\/lottohoy.com\/sv\/wp-json\/wp\/v2\/pages\/16635","targetHints":{"allow":["GET"]}}],"collection":[{"href":"https:\/\/lottohoy.com\/sv\/wp-json\/wp\/v2\/pages"}],"about":[{"href":"https:\/\/lottohoy.com\/sv\/wp-json\/wp\/v2\/types\/page"}],"author":[{"embeddable":true,"href":"https:\/\/lottohoy.com\/sv\/wp-json\/wp\/v2\/users\/2"}],"replies":[{"embeddable":true,"href":"https:\/\/lottohoy.com\/sv\/wp-json\/wp\/v2\/comments?post=16635"}],"version-history":[{"count":1,"href":"https:\/\/lottohoy.com\/sv\/wp-json\/wp\/v2\/pages\/16635\/revisions"}],"predecessor-version":[{"id":20510,"href":"https:\/\/lottohoy.com\/sv\/wp-json\/wp\/v2\/pages\/16635\/revisions\/20510"}],"up":[{"embeddable":true,"href":"https:\/\/lottohoy.com\/sv\/wp-json\/wp\/v2\/pages\/16589"}],"wp:attachment":[{"href":"https:\/\/lottohoy.com\/sv\/wp-json\/wp\/v2\/media?parent=16635"}],"curies":[{"name":"wp","href":"https:\/\/api.w.org\/{rel}","templated":true}]}}