{"id":16626,"date":"2018-05-03T14:23:26","date_gmt":"2018-05-03T13:23:26","guid":{"rendered":"https:\/\/lottohoy.com\/spela\/spela-mega-millions\/"},"modified":"2025-05-27T17:42:11","modified_gmt":"2025-05-27T16:42:11","slug":"spela-mega-millions","status":"publish","type":"page","link":"https:\/\/lottohoy.com\/sv\/spela\/spela-mega-millions\/","title":{"rendered":"Spela Mega Millions"},"content":{"rendered":"<h1 data-start=\"136\" data-end=\"168\"><strong data-start=\"138\" data-end=\"168\">Spela Mega Millions online<\/strong><\/h1>\n<p data-start=\"170\" data-end=\"420\">Lotteriet <strong data-start=\"180\" data-end=\"197\">Mega Millions<\/strong>, tillsammans med <a href=\"https:\/\/lottohoy.com\/sv\/spela\/powerball\/\"><strong data-start=\"215\" data-end=\"228\">Powerball<\/strong><\/a>, \u00e4r ett av de lotterier som delar ut de st\u00f6rsta vinsterna till vinnare i f\u00f6rstakategorin. Och nu, med spelets nya omstrukturering, kan vinsterna i de l\u00e4gre kategorierna <strong data-start=\"398\" data-end=\"419\">\u00f6ka exponentiellt<\/strong>.<\/p>\n<p data-start=\"422\" data-end=\"633\">I denna nya fas inneh\u00e5ller varje spelkupong en <strong data-start=\"469\" data-end=\"486\">multiplikator<\/strong>, som slumpm\u00e4ssigt v\u00e4ljs av systemet. Det inneb\u00e4r att vinster (f\u00f6rutom jackpotten) kan multipliceras med <strong data-start=\"591\" data-end=\"632\">x2, x3, x4, x5 eller till och med x10<\/strong>.<\/p>\n<p data-start=\"635\" data-end=\"872\">Via <strong data-start=\"639\" data-end=\"695\"><a class=\"\" href=\"https:\/\/lottohoy.com\/sv\/spela\/\" target=\"_new\" rel=\"noopener\" data-start=\"641\" data-end=\"693\">LottoHoy<\/a><\/strong> kan du spela online och dra nytta av f\u00f6rdelarna: <strong data-start=\"745\" data-end=\"768\">s\u00e4kra transaktioner<\/strong>, <strong data-start=\"770\" data-end=\"804\">snabb och effektiv kundsupport<\/strong>, och b\u00e4st av allt \u2013 <strong data-start=\"825\" data-end=\"857\">du beh\u00f6ver inte \u00e5ka till USA<\/strong> f\u00f6r att delta.<\/p>\n<p data-start=\"874\" data-end=\"1098\">Att spela Mega Millions \u00e4r mycket enkelt: v\u00e4lj <strong data-start=\"921\" data-end=\"949\">5 nummer mellan 1 och 70<\/strong> och ett specialnummer som kallas <strong data-start=\"983\" data-end=\"996\">Mega Ball<\/strong>, mellan 1 och 25. Du beh\u00f6ver bara en internetanslutning och en enhet \u2013 mobil, surfplatta eller dator.<\/p>\n<p data-start=\"1100\" data-end=\"1203\">En enkel rad kostar <strong data-start=\"1120\" data-end=\"1131\">11 EURO<\/strong> (beloppet kan variera beroende p\u00e5 valutakursen mellan euro och dollar).<\/p>\n<p data-start=\"1205\" data-end=\"1339\">Och det viktigaste: <strong data-start=\"1225\" data-end=\"1260\">vinster upp till cirka $\/\u20ac2 500<\/strong> <strong data-start=\"1261\" data-end=\"1306\">betalas automatiskt in p\u00e5 spelarens konto<\/strong>, och \u00e4r omedelbart tillg\u00e4ngliga.<\/p>\n<h2 data-start=\"1346\" data-end=\"1376\"><strong data-start=\"1349\" data-end=\"1376\">Vinster i Mega Millions<\/strong><\/h2>\n<p data-start=\"1378\" data-end=\"1531\">Startjackpotten f\u00f6r vinnare som prickar 5 nummer + Mega Ball \u00e4r minst <strong data-start=\"1448\" data-end=\"1470\">20 miljoner dollar<\/strong>. F\u00f6r n\u00e4rvarande ligger jackpotten p\u00e5 <strong data-start=\"1508\" data-end=\"1530\">50 miljoner dollar<\/strong>.<\/p>\n<p data-start=\"1533\" data-end=\"1688\">Detta belopp \u00f6kar beroende p\u00e5 hur mycket pengar som samlas in till dragningen, och om ingen vinner f\u00f6rstapriset, <strong data-start=\"1646\" data-end=\"1687\">\u00f6verf\u00f6rs beloppet till n\u00e4sta dragning<\/strong>.<\/p>\n<p data-start=\"1690\" data-end=\"1839\">Till skillnad fr\u00e5n andra lotterier har Mega Millions <strong data-start=\"1743\" data-end=\"1778\">ingen \u00f6vre gr\u00e4ns f\u00f6r jackpotten<\/strong>, vilket inneb\u00e4r att vinsterna kan bli <strong data-start=\"1817\" data-end=\"1838\">astronomiskt h\u00f6ga<\/strong>.<\/p>\n<p data-start=\"1841\" data-end=\"1952\">Ut\u00f6ver jackpotten har Mega Millions <strong data-start=\"1877\" data-end=\"1910\">ytterligare 8 vinstkategorier<\/strong>, med <strong data-start=\"1916\" data-end=\"1951\">fasta belopp f\u00f6r varje kategori<\/strong>.<\/p>\n<div class=\"_tableContainer_16hzy_1\">\n<div class=\"_tableWrapper_16hzy_14 group flex w-fit flex-col-reverse\">\n<table class=\"w-fit min-w-(--thread-content-width)\" style=\"width: 279px\" data-start=\"1996\" data-end=\"2522\">\n<thead data-start=\"1996\" data-end=\"2042\">\n<tr data-start=\"1996\" data-end=\"2042\">\n<th style=\"width: 60.2188px\" data-start=\"1996\" data-end=\"2007\" data-col-size=\"sm\">Kategori<\/th>\n<th style=\"width: 83.5469px\" data-start=\"2007\" data-end=\"2023\" data-col-size=\"sm\">R\u00e4tt nummer<\/th>\n<th style=\"width: 113.234px\" data-start=\"2023\" data-end=\"2042\" data-col-size=\"sm\">Vinst<\/th>\n<\/tr>\n<\/thead>\n<tbody data-start=\"2091\" data-end=\"2522\">\n<tr data-start=\"2091\" data-end=\"2138\">\n<td style=\"width: 60.2188px\" data-start=\"2091\" data-end=\"2102\" data-col-size=\"sm\">I<\/td>\n<td style=\"width: 83.5469px\" data-col-size=\"sm\" data-start=\"2102\" data-end=\"2119\">5 + 1<\/td>\n<td style=\"width: 113.234px\" data-col-size=\"sm\" data-start=\"2119\" data-end=\"2138\">Jackpot<\/td>\n<\/tr>\n<tr data-start=\"2139\" data-end=\"2186\">\n<td style=\"width: 60.2188px\" data-start=\"2139\" data-end=\"2150\" data-col-size=\"sm\">II<\/td>\n<td style=\"width: 83.5469px\" data-col-size=\"sm\" data-start=\"2150\" data-end=\"2167\">5 + 0<\/td>\n<td style=\"width: 113.234px\" data-col-size=\"sm\" data-start=\"2167\" data-end=\"2186\">$1 000 000<\/td>\n<\/tr>\n<tr data-start=\"2187\" data-end=\"2234\">\n<td style=\"width: 60.2188px\" data-start=\"2187\" data-end=\"2198\" data-col-size=\"sm\">III<\/td>\n<td style=\"width: 83.5469px\" data-col-size=\"sm\" data-start=\"2198\" data-end=\"2215\">4 + 1<\/td>\n<td style=\"width: 113.234px\" data-col-size=\"sm\" data-start=\"2215\" data-end=\"2234\">$10 000<\/td>\n<\/tr>\n<tr data-start=\"2235\" data-end=\"2282\">\n<td style=\"width: 60.2188px\" data-start=\"2235\" data-end=\"2246\" data-col-size=\"sm\">IV<\/td>\n<td style=\"width: 83.5469px\" data-col-size=\"sm\" data-start=\"2246\" data-end=\"2263\">4 + 0<\/td>\n<td style=\"width: 113.234px\" data-col-size=\"sm\" data-start=\"2263\" data-end=\"2282\">$500<\/td>\n<\/tr>\n<tr data-start=\"2283\" data-end=\"2330\">\n<td style=\"width: 60.2188px\" data-start=\"2283\" data-end=\"2294\" data-col-size=\"sm\">V<\/td>\n<td style=\"width: 83.5469px\" data-col-size=\"sm\" data-start=\"2294\" data-end=\"2311\">3 + 1<\/td>\n<td style=\"width: 113.234px\" data-col-size=\"sm\" data-start=\"2311\" data-end=\"2330\">$200<\/td>\n<\/tr>\n<tr data-start=\"2331\" data-end=\"2378\">\n<td style=\"width: 60.2188px\" data-start=\"2331\" data-end=\"2342\" data-col-size=\"sm\">VI<\/td>\n<td style=\"width: 83.5469px\" data-col-size=\"sm\" data-start=\"2342\" data-end=\"2359\">3 + 0<\/td>\n<td style=\"width: 113.234px\" data-col-size=\"sm\" data-start=\"2359\" data-end=\"2378\">$10<\/td>\n<\/tr>\n<tr data-start=\"2379\" data-end=\"2426\">\n<td style=\"width: 60.2188px\" data-start=\"2379\" data-end=\"2390\" data-col-size=\"sm\">VII<\/td>\n<td style=\"width: 83.5469px\" data-col-size=\"sm\" data-start=\"2390\" data-end=\"2407\">2 + 1<\/td>\n<td style=\"width: 113.234px\" data-col-size=\"sm\" data-start=\"2407\" data-end=\"2426\">$10<\/td>\n<\/tr>\n<tr data-start=\"2427\" data-end=\"2474\">\n<td style=\"width: 60.2188px\" data-start=\"2427\" data-end=\"2438\" data-col-size=\"sm\">VIII<\/td>\n<td style=\"width: 83.5469px\" data-col-size=\"sm\" data-start=\"2438\" data-end=\"2455\">1 + 1<\/td>\n<td style=\"width: 113.234px\" data-col-size=\"sm\" data-start=\"2455\" data-end=\"2474\">$7<\/td>\n<\/tr>\n<tr data-start=\"2475\" data-end=\"2522\">\n<td style=\"width: 60.2188px\" data-start=\"2475\" data-end=\"2486\" data-col-size=\"sm\">IX<\/td>\n<td style=\"width: 83.5469px\" data-col-size=\"sm\" data-start=\"2486\" data-end=\"2503\">0 + 1<\/td>\n<td style=\"width: 113.234px\" data-col-size=\"sm\" data-start=\"2503\" data-end=\"2522\">$5<\/td>\n<\/tr>\n<\/tbody>\n<\/table>\n<div class=\"sticky end-(--thread-content-margin) h-0 self-end select-none\">\n<div class=\"absolute end-0 flex items-end\"><\/div>\n<\/div>\n<\/div>\n<\/div>\n<p data-start=\"2524\" data-end=\"2707\">Fr\u00e5n och med <strong data-start=\"2537\" data-end=\"2551\">april 2025<\/strong> till\u00e4mpas en <strong data-start=\"2565\" data-end=\"2593\">automatisk multiplikator<\/strong> p\u00e5 varje spel, vilket inneb\u00e4r att kategorierna <strong data-start=\"2641\" data-end=\"2655\">II till IX<\/strong> kan multipliceras med <strong data-start=\"2678\" data-end=\"2706\">x2, x3, x4, x5 eller x10<\/strong>.<\/p>\n<p data-start=\"2709\" data-end=\"2816\">Till exempel: en vinst i kategori II p\u00e5 <strong data-start=\"2749\" data-end=\"2763\">$1 000 000<\/strong>, med en <strong data-start=\"2772\" data-end=\"2793\">x10-multiplikator<\/strong>, blir <strong data-start=\"2800\" data-end=\"2815\">$10 000 000<\/strong>.<\/p>\n<p data-start=\"2818\" data-end=\"2896\">Eller en vinst i kategori IV p\u00e5 $500 kan bli $1 000 eller till och med $5 000.<\/p>\n<h2 data-start=\"2903\" data-end=\"2950\"><strong data-start=\"2906\" data-end=\"2950\">Mega Millions och dess miljardjackpottar<\/strong><\/h2>\n<p data-start=\"2952\" data-end=\"3121\">Som n\u00e4mnts tidigare, om ingen vinner jackpotten, <strong data-start=\"3001\" data-end=\"3033\">rullas den vidare utan gr\u00e4ns<\/strong>. Tack vare detta har n\u00e5gra av de utdelade vinsterna varit enorma. H\u00e4r \u00e4r n\u00e5gra exempel:<\/p>\n<ul data-start=\"3123\" data-end=\"3432\">\n<li data-start=\"3123\" data-end=\"3175\">\n<p data-start=\"3125\" data-end=\"3175\">$1,602 miljarder (Mega Millions): 9 augusti 2023<\/p>\n<\/li>\n<li data-start=\"3176\" data-end=\"3246\">\n<p data-start=\"3178\" data-end=\"3246\">$1,537 miljarder (Mega Millions): 23 oktober 2018 \u2013 South Carolina<\/p>\n<\/li>\n<li data-start=\"3247\" data-end=\"3308\">\n<p data-start=\"3249\" data-end=\"3308\">$1,348 miljarder (Mega Millions): 13 januari 2023 \u2013 Maine<\/p>\n<\/li>\n<li data-start=\"3309\" data-end=\"3370\">\n<p data-start=\"3311\" data-end=\"3370\">$1,337 miljarder (Mega Millions): 29 juli 2022 \u2013 Illinois<\/p>\n<\/li>\n<li data-start=\"3371\" data-end=\"3432\">\n<p data-start=\"3373\" data-end=\"3432\">$1,250 miljarder (Mega Millions): dragning 4 augusti 2023<\/p>\n<\/li>\n<\/ul>\n<p data-start=\"3434\" data-end=\"3536\">Du kan se alla <a href=\"https:\/\/lottohoy.com\/sv\/lotteri-resultat\/mega-millions-resultat\/\"><strong data-start=\"3449\" data-end=\"3479\">resultat f\u00f6r Mega Millions<\/strong><\/a> h\u00e4r:<\/p>\n<h2 data-start=\"3543\" data-end=\"3587\"><strong data-start=\"3546\" data-end=\"3587\">N\u00e4r h\u00e5lls Mega Millions-dragningarna?<\/strong><\/h2>\n<p data-start=\"3589\" data-end=\"3703\">Mega Millions-dragningarna h\u00e5lls <strong data-start=\"3622\" data-end=\"3679\">varje tisdag och fredag klockan 23:00 EST (03:00 GMT)<\/strong> i <strong data-start=\"3682\" data-end=\"3702\">Atlanta, Georgia<\/strong>.<\/p>\n<p data-start=\"3705\" data-end=\"3846\">Vanligtvis st\u00e4nger f\u00f6rs\u00e4ljningen en timme innan dragningen, men om du spelar online b\u00f6r du kontrollera det aktuella sluttiden p\u00e5 plattformen.<\/p>\n<h2 data-start=\"3853\" data-end=\"3892\"><strong data-start=\"3856\" data-end=\"3892\">Hur mycket kostar Mega Millions?<\/strong><\/h2>\n<p data-start=\"3894\" data-end=\"4025\">P\u00e5 v\u00e5r plattform b\u00f6rjar priset f\u00f6r en Mega Millions-rad fr\u00e5n <strong data-start=\"3955\" data-end=\"3962\">\u20ac11<\/strong>, vilket ger dig chansen att t\u00e4vla om <strong data-start=\"4000\" data-end=\"4024\">flermiljonjackpottar<\/strong>.<\/p>\n<p data-start=\"4027\" data-end=\"4178\">Priset kan variera beroende p\u00e5 <strong data-start=\"4058\" data-end=\"4077\">$\/\u20ac-v\u00e4xelkursen<\/strong> och antalet valda rader. Du kan l\u00e4gga till s\u00e5 m\u00e5nga rader du vill f\u00f6r att <strong data-start=\"4152\" data-end=\"4177\">\u00f6ka dina vinstchanser<\/strong>.<\/p>\n<p data-start=\"4180\" data-end=\"4376\">F\u00f6r att k\u00f6pa din Mega Millions-kupong beh\u00f6ver du bara registrera dig p\u00e5 <strong data-start=\"4252\" data-end=\"4328\"><a class=\"\" href=\"https:\/\/lottohoy.com\/sv\/registrering\/\" target=\"_new\" rel=\"noopener\" data-start=\"4254\" data-end=\"4326\">LottoHoy<\/a><\/strong> och v\u00e4lja dina favoritnummer. Vad v\u00e4ntar du p\u00e5?<\/p>\n","protected":false},"excerpt":{"rendered":"<p>Spela Mega Millions online Lotteriet Mega Millions, tillsammans med Powerball, \u00e4r ett av de lotterier som delar ut de st\u00f6rsta vinsterna till vinnare i f\u00f6rstakategorin. Och nu, med spelets nya omstrukturering, kan vinsterna i de l\u00e4gre kategorierna \u00f6ka exponentiellt. I denna nya fas inneh\u00e5ller varje spelkupong en multiplikator, som slumpm\u00e4ssigt v\u00e4ljs av systemet. Det inneb\u00e4r [&hellip;]<\/p>\n","protected":false},"author":2,"featured_media":0,"parent":16589,"menu_order":2,"comment_status":"closed","ping_status":"closed","template":"megamillion.php","meta":{"_et_pb_use_builder":"","_et_pb_old_content":"","_et_gb_content_width":"","exclude_from_search":false,"footnotes":""},"class_list":["post-16626","page","type-page","status-publish","hentry"],"yoast_head":"<!-- This site is optimized with the Yoast SEO plugin v23.7 - https:\/\/yoast.com\/wordpress\/plugins\/seo\/ -->\n<title>Spela Mega Millions Online - Enkelt och 100 % s\u00e4kert - Lottohoy<\/title>\n<meta name=\"description\" content=\"MegaMillions \u00e4r lotteriet som erbjuder n\u00e5gra av de st\u00f6rsta priserna. Hos LottoHoy kan du spela Megamillions online och vinna stort. Prova nu!\" \/>\n<meta name=\"robots\" content=\"index, follow, max-snippet:-1, max-image-preview:large, max-video-preview:-1\" \/>\n<link rel=\"canonical\" href=\"https:\/\/lottohoy.com\/sv\/spela\/spela-mega-millions\/\" \/>\n<meta property=\"og:locale\" content=\"sv_SE\" \/>\n<meta property=\"og:type\" content=\"article\" \/>\n<meta property=\"og:title\" content=\"Spela Mega Millions Online - Enkelt och 100 % s\u00e4kert - Lottohoy\" \/>\n<meta property=\"og:description\" content=\"MegaMillions \u00e4r lotteriet som erbjuder n\u00e5gra av de st\u00f6rsta priserna. Hos LottoHoy kan du spela Megamillions online och vinna stort. Prova nu!\" \/>\n<meta property=\"og:url\" content=\"https:\/\/lottohoy.com\/sv\/spela\/spela-mega-millions\/\" \/>\n<meta property=\"og:site_name\" content=\"Lottohoy\" \/>\n<meta property=\"article:modified_time\" content=\"2025-05-27T16:42:11+00:00\" \/>\n<meta name=\"twitter:card\" content=\"summary_large_image\" \/>\n<meta name=\"twitter:label1\" content=\"Ber\u00e4knad l\u00e4stid\" \/>\n\t<meta name=\"twitter:data1\" content=\"3 minuter\" \/>\n<script type=\"application\/ld+json\" class=\"yoast-schema-graph\">{\"@context\":\"https:\/\/schema.org\",\"@graph\":[{\"@type\":\"WebPage\",\"@id\":\"https:\/\/lottohoy.com\/sv\/spela\/spela-mega-millions\/\",\"url\":\"https:\/\/lottohoy.com\/sv\/spela\/spela-mega-millions\/\",\"name\":\"Spela Mega Millions Online - Enkelt och 100 % s\u00e4kert - Lottohoy\",\"isPartOf\":{\"@id\":\"https:\/\/lottohoy.com\/sv\/#website\"},\"datePublished\":\"2018-05-03T13:23:26+00:00\",\"dateModified\":\"2025-05-27T16:42:11+00:00\",\"description\":\"MegaMillions \u00e4r lotteriet som erbjuder n\u00e5gra av de st\u00f6rsta priserna. Hos LottoHoy kan du spela Megamillions online och vinna stort. Prova nu!\",\"breadcrumb\":{\"@id\":\"https:\/\/lottohoy.com\/sv\/spela\/spela-mega-millions\/#breadcrumb\"},\"inLanguage\":\"sv-SE\",\"potentialAction\":[{\"@type\":\"ReadAction\",\"target\":[\"https:\/\/lottohoy.com\/sv\/spela\/spela-mega-millions\/\"]}]},{\"@type\":\"BreadcrumbList\",\"@id\":\"https:\/\/lottohoy.com\/sv\/spela\/spela-mega-millions\/#breadcrumb\",\"itemListElement\":[{\"@type\":\"ListItem\",\"position\":1,\"name\":\"Home\",\"item\":\"https:\/\/lottohoy.com\/sv\/\"},{\"@type\":\"ListItem\",\"position\":2,\"name\":\"Spela lotteri online\",\"item\":\"https:\/\/lottohoy.com\/sv\/spela\/\"},{\"@type\":\"ListItem\",\"position\":3,\"name\":\"Spela Mega Millions\"}]},{\"@type\":\"WebSite\",\"@id\":\"https:\/\/lottohoy.com\/sv\/#website\",\"url\":\"https:\/\/lottohoy.com\/sv\/\",\"name\":\"Lottohoy\",\"description\":\"\",\"potentialAction\":[{\"@type\":\"SearchAction\",\"target\":{\"@type\":\"EntryPoint\",\"urlTemplate\":\"https:\/\/lottohoy.com\/sv\/?s={search_term_string}\"},\"query-input\":{\"@type\":\"PropertyValueSpecification\",\"valueRequired\":true,\"valueName\":\"search_term_string\"}}],\"inLanguage\":\"sv-SE\"}]}<\/script>\n<!-- \/ Yoast SEO plugin. -->","yoast_head_json":{"title":"Spela Mega Millions Online - Enkelt och 100 % s\u00e4kert - Lottohoy","description":"MegaMillions \u00e4r lotteriet som erbjuder n\u00e5gra av de st\u00f6rsta priserna. Hos LottoHoy kan du spela Megamillions online och vinna stort. Prova nu!","robots":{"index":"index","follow":"follow","max-snippet":"max-snippet:-1","max-image-preview":"max-image-preview:large","max-video-preview":"max-video-preview:-1"},"canonical":"https:\/\/lottohoy.com\/sv\/spela\/spela-mega-millions\/","og_locale":"sv_SE","og_type":"article","og_title":"Spela Mega Millions Online - Enkelt och 100 % s\u00e4kert - Lottohoy","og_description":"MegaMillions \u00e4r lotteriet som erbjuder n\u00e5gra av de st\u00f6rsta priserna. Hos LottoHoy kan du spela Megamillions online och vinna stort. Prova nu!","og_url":"https:\/\/lottohoy.com\/sv\/spela\/spela-mega-millions\/","og_site_name":"Lottohoy","article_modified_time":"2025-05-27T16:42:11+00:00","twitter_card":"summary_large_image","twitter_misc":{"Ber\u00e4knad l\u00e4stid":"3 minuter"},"schema":{"@context":"https:\/\/schema.org","@graph":[{"@type":"WebPage","@id":"https:\/\/lottohoy.com\/sv\/spela\/spela-mega-millions\/","url":"https:\/\/lottohoy.com\/sv\/spela\/spela-mega-millions\/","name":"Spela Mega Millions Online - Enkelt och 100 % s\u00e4kert - Lottohoy","isPartOf":{"@id":"https:\/\/lottohoy.com\/sv\/#website"},"datePublished":"2018-05-03T13:23:26+00:00","dateModified":"2025-05-27T16:42:11+00:00","description":"MegaMillions \u00e4r lotteriet som erbjuder n\u00e5gra av de st\u00f6rsta priserna. Hos LottoHoy kan du spela Megamillions online och vinna stort. Prova nu!","breadcrumb":{"@id":"https:\/\/lottohoy.com\/sv\/spela\/spela-mega-millions\/#breadcrumb"},"inLanguage":"sv-SE","potentialAction":[{"@type":"ReadAction","target":["https:\/\/lottohoy.com\/sv\/spela\/spela-mega-millions\/"]}]},{"@type":"BreadcrumbList","@id":"https:\/\/lottohoy.com\/sv\/spela\/spela-mega-millions\/#breadcrumb","itemListElement":[{"@type":"ListItem","position":1,"name":"Home","item":"https:\/\/lottohoy.com\/sv\/"},{"@type":"ListItem","position":2,"name":"Spela lotteri online","item":"https:\/\/lottohoy.com\/sv\/spela\/"},{"@type":"ListItem","position":3,"name":"Spela Mega Millions"}]},{"@type":"WebSite","@id":"https:\/\/lottohoy.com\/sv\/#website","url":"https:\/\/lottohoy.com\/sv\/","name":"Lottohoy","description":"","potentialAction":[{"@type":"SearchAction","target":{"@type":"EntryPoint","urlTemplate":"https:\/\/lottohoy.com\/sv\/?s={search_term_string}"},"query-input":{"@type":"PropertyValueSpecification","valueRequired":true,"valueName":"search_term_string"}}],"inLanguage":"sv-SE"}]}},"_links":{"self":[{"href":"https:\/\/lottohoy.com\/sv\/wp-json\/wp\/v2\/pages\/16626","targetHints":{"allow":["GET"]}}],"collection":[{"href":"https:\/\/lottohoy.com\/sv\/wp-json\/wp\/v2\/pages"}],"about":[{"href":"https:\/\/lottohoy.com\/sv\/wp-json\/wp\/v2\/types\/page"}],"author":[{"embeddable":true,"href":"https:\/\/lottohoy.com\/sv\/wp-json\/wp\/v2\/users\/2"}],"replies":[{"embeddable":true,"href":"https:\/\/lottohoy.com\/sv\/wp-json\/wp\/v2\/comments?post=16626"}],"version-history":[{"count":2,"href":"https:\/\/lottohoy.com\/sv\/wp-json\/wp\/v2\/pages\/16626\/revisions"}],"predecessor-version":[{"id":19942,"href":"https:\/\/lottohoy.com\/sv\/wp-json\/wp\/v2\/pages\/16626\/revisions\/19942"}],"up":[{"embeddable":true,"href":"https:\/\/lottohoy.com\/sv\/wp-json\/wp\/v2\/pages\/16589"}],"wp:attachment":[{"href":"https:\/\/lottohoy.com\/sv\/wp-json\/wp\/v2\/media?parent=16626"}],"curies":[{"name":"wp","href":"https:\/\/api.w.org\/{rel}","templated":true}]}}