{"id":16609,"date":"2018-05-03T14:23:27","date_gmt":"2018-05-03T13:23:27","guid":{"rendered":"https:\/\/lottohoy.com\/?page_id=16609"},"modified":"2025-03-25T08:08:23","modified_gmt":"2025-03-25T08:08:23","slug":"powerball","status":"publish","type":"page","link":"https:\/\/lottohoy.com\/sv\/spela\/powerball\/","title":{"rendered":"Spela Powerball"},"content":{"rendered":"<h2>Hur man spelar Powerball<\/h2>\n<p>Att spela Powerball-lotto \u00e4r v\u00e4ldigt enkelt, du beh\u00f6ver bara v\u00e4lja fem nummer mellan 1 och 69, och sedan ett extra nummer (kallas Powerball) mellan 1 och 26.<\/p>\n<p>Men l\u00e5t oss g\u00e5 in p\u00e5 detaljer; det f\u00f6rsta du b\u00f6r g\u00f6ra \u00e4r att \u00f6ppna ett konto hos LottoHoy. N\u00e4r du har registrerat dig kan du k\u00f6pa dina officiella lotter online genom att f\u00f6lja dessa instruktioner:<\/p>\n<p>I spelsektionen finns en rad eller rad som best\u00e5r av 5 kolumner. Var och en av dessa kolumner \u00e4r en Powerball-biljett.<br \/>\nEn enkelbiljett kostar bara\u00a03,50 EURO vilket \u00e4r ett av de b\u00e4sta priserna du hittar online. (Detta belopp kan variera beroende p\u00e5 v\u00e4xelkursen f\u00f6r dollarn kontra euron.<br \/>\nI den \u00f6vre delen av kolumnen m\u00e5ste du v\u00e4lja fem siffror fr\u00e5n rutorna numrerade fr\u00e5n 1 till 69.<br \/>\nI den nedre delen av n\u00e4mnda tabell finns ytterligare 26 nummer, av vilka vi m\u00e5ste v\u00e4lja ett. Det h\u00e4r numret \u00e4r\u00a0Powerball.<\/p>\n<p>Om du vill kan du ocks\u00e5 anv\u00e4nda snabbvalsalternativen, s\u00e5 att kombinationen v\u00e4ljs slumpm\u00e4ssigt av systemet sj\u00e4lvt.<\/p>\n<p>Kom ih\u00e5g att om du vill k\u00f6pa fler \u00e4n fem biljetter \u00e5t g\u00e5ngen kan du l\u00e4gga till alla rader du beh\u00f6ver genom att klicka p\u00e5 knappen &#8221;Fler rader&#8221;. Kom ih\u00e5g att ju fler nummer du spelar desto st\u00f6rre sannolikhet har du att vinna jackpotten.<\/p>\n<h2>Powerball dragningsdagar<\/h2>\n<p>USA Powerball-dragningarna h\u00e5lls varje onsdag och l\u00f6rdag klockan 22:59 ET-tid (torsdag och s\u00f6ndag klockan 4:59 CET). Biljettf\u00f6rs\u00e4ljningen kommer att vara \u00f6ppen till 3 timmar innan dragningen startar.<\/p>\n<p>Precis efter att dragningen \u00e4r klar kommer du att kunna kontrollera de officiella Powerball-resultaten och f\u00e5 dina vinster direkt p\u00e5 ditt spelarkonto.<\/p>\n<h2>Hur mycket kostar Powerball-jackpotten?<\/h2>\n<p>Powerball-jackpotten uppdateras precis efter varje dragning och du kan kontrollera den n\u00e4r som helst p\u00e5 v\u00e5r webbplats.<\/p>\n<p>Den minsta jackpotten f\u00f6r Powerball \u00e4r\u00a0$40 000 000, vilket \u00e4r mycket st\u00f6rre \u00e4n den maximala jackpotten p\u00e5 andra lotterier.<\/p>\n<p>Om det efter dragningen inte finns n\u00e5gra vinnare i den f\u00f6rsta kategorin eller topppriset, kommer jackpotten att rulla \u00f6ver f\u00f6r n\u00e4sta dragning. Eftersom det inte finns n\u00e5gon maximal jackpot, \u00e4r det ganska ofta att se en ny rekordjackpot<\/p>\n<p>Niv\u00e5 #x + x Pris<br \/>\nJag 5+1 Jackpot<br \/>\nII 5+0 1 000 000 $<br \/>\nIII 4+1 50 000$<br \/>\nIV 4+0 100$<br \/>\nV 3+1 100$<br \/>\nVI 3+0 7$<br \/>\nVII 2+1 7$<br \/>\nVIII 1+1 4$<br \/>\nIX 0+1 4$<\/p>\n<p>Det uppskattade jackpottpriset \u00e4r det enda beloppet som rullar \u00f6ver, de andra Powerball-priserna har ett fast belopp.<\/p>\n<h2>Hur man vinner Powerball-lotteriet<\/h2>\n<p>Det finns inga metoder som kan garantera en vinst, men du kan f\u00f6lja n\u00e5gra enkla steg som kan hj\u00e4lpa dig att \u00f6ka dina chanser att bli en av Powerball-vinnarna:<\/p>\n<p>Blanda l\u00e5ga och h\u00f6ga siffror.<br \/>\nAnv\u00e4nd inte datum som siffror. M\u00e5nga m\u00e4nniskor g\u00f6r detta.<br \/>\nUnders\u00f6k vilka som \u00e4r de vanligaste numren p\u00e5 v\u00e5r resultatsida f\u00f6r PowerBall.<br \/>\nBalansera mellan udda och j\u00e4mna tal.<br \/>\nUndvik kombinationer som redan har valts.<br \/>\nAnv\u00e4nd snabbvalsalternativet.<\/p>\n<p>Spela s\u00e5 m\u00e5nga biljetter du kan f\u00f6r att \u00f6ka dina odds att vinna varje onsdag och l\u00f6rdag.<\/p>\n<h2>K\u00f6p Powerball online<\/h2>\n<p>Du kan k\u00f6pa Powerball-biljetter p\u00e5 LottoHoy.com, vi \u00e4r en lotterioperat\u00f6r. En enkel Powerball-biljett kostar 3,07\u20ac och alla biljetter k\u00f6ps via officiella agenter i auktoriserade anl\u00e4ggningar.<\/p>\n<h2>Att k\u00f6pa Powerball online har m\u00e5nga f\u00f6rdelar j\u00e4mf\u00f6rt med det fysiska k\u00f6pet:<\/h2>\n<p>Det \u00e4r inte n\u00f6dv\u00e4ndigt att resa till anl\u00e4ggningen.<br \/>\nDu beh\u00f6ver inte oroa dig f\u00f6r \u00f6ppettider och st\u00e4ngningstider. Det \u00e4r \u00f6ppet 24 timmar om dygnet och 7 dagar i veckan.<br \/>\nS\u00e4kerhet f\u00f6r att h\u00e5lla\u00a0din biljett s\u00e4ker\u00a0s\u00e5 att den inte tappas bort eller gl\u00f6ms bort.<br \/>\nDu kan f\u00e5 din\u00a0Powerball-biljett\u00a0fr\u00e5n vilket land som helst, helt enkelt genom att ha en internetanslutning, och antingen med mobil, surfplatta eller dator.<br \/>\nPriserna betalas ut direkt till ditt spelarkonto.<br \/>\nDu kan ha slumpm\u00e4ssiga kombinationer med snabbvalet.<\/p>\n<p>Att spela Powerball online kunde inte vara enklare. Prova lyckan nu och bli en av de lyckliga vinnarna!<\/p>\n","protected":false},"excerpt":{"rendered":"<p>Hur man spelar Powerball Att spela Powerball-lotto \u00e4r v\u00e4ldigt enkelt, du beh\u00f6ver bara v\u00e4lja fem nummer mellan 1 och 69, och sedan ett extra nummer (kallas Powerball) mellan 1 och 26. Men l\u00e5t oss g\u00e5 in p\u00e5 detaljer; det f\u00f6rsta du b\u00f6r g\u00f6ra \u00e4r att \u00f6ppna ett konto hos LottoHoy. N\u00e4r du har registrerat dig [&hellip;]<\/p>\n","protected":false},"author":7,"featured_media":0,"parent":16589,"menu_order":1,"comment_status":"closed","ping_status":"closed","template":"powerball-usa.php","meta":{"_et_pb_use_builder":"","_et_pb_old_content":"","_et_gb_content_width":"","exclude_from_search":false,"footnotes":""},"class_list":["post-16609","page","type-page","status-publish","hentry"],"yoast_head":"<!-- This site is optimized with the Yoast SEO plugin v23.7 - https:\/\/yoast.com\/wordpress\/plugins\/seo\/ -->\n<title>\u25b7 Spela Powerball online | Var som helst, n\u00e4r som helst - LottoHoy<\/title>\n<meta name=\"description\" content=\"Att spela Powerball \u00e4r enkelt: v\u00e4lj 5 nummer mellan 1 och 69, och sedan ett extra nummer (kallat Powerball) mellan 1 och 26. Skaffa din Porweball-biljett nu!\" \/>\n<meta name=\"robots\" content=\"index, follow, max-snippet:-1, max-image-preview:large, max-video-preview:-1\" \/>\n<link rel=\"canonical\" href=\"https:\/\/lottohoy.com\/sv\/spela\/powerball\/\" \/>\n<meta property=\"og:locale\" content=\"sv_SE\" \/>\n<meta property=\"og:type\" content=\"article\" \/>\n<meta property=\"og:title\" content=\"\u25b7 Spela Powerball online | Var som helst, n\u00e4r som helst - LottoHoy\" \/>\n<meta property=\"og:description\" content=\"Att spela Powerball \u00e4r enkelt: v\u00e4lj 5 nummer mellan 1 och 69, och sedan ett extra nummer (kallat Powerball) mellan 1 och 26. Skaffa din Porweball-biljett nu!\" \/>\n<meta property=\"og:url\" content=\"https:\/\/lottohoy.com\/sv\/spela\/powerball\/\" \/>\n<meta property=\"og:site_name\" content=\"Lottohoy\" \/>\n<meta property=\"article:modified_time\" content=\"2025-03-25T08:08:23+00:00\" \/>\n<meta name=\"twitter:card\" content=\"summary_large_image\" \/>\n<meta name=\"twitter:label1\" content=\"Ber\u00e4knad l\u00e4stid\" \/>\n\t<meta name=\"twitter:data1\" content=\"3 minuter\" \/>\n<script type=\"application\/ld+json\" class=\"yoast-schema-graph\">{\"@context\":\"https:\/\/schema.org\",\"@graph\":[{\"@type\":\"WebPage\",\"@id\":\"https:\/\/lottohoy.com\/sv\/spela\/powerball\/\",\"url\":\"https:\/\/lottohoy.com\/sv\/spela\/powerball\/\",\"name\":\"\u25b7 Spela Powerball online | Var som helst, n\u00e4r som helst - LottoHoy\",\"isPartOf\":{\"@id\":\"https:\/\/lottohoy.com\/sv\/#website\"},\"datePublished\":\"2018-05-03T13:23:27+00:00\",\"dateModified\":\"2025-03-25T08:08:23+00:00\",\"description\":\"Att spela Powerball \u00e4r enkelt: v\u00e4lj 5 nummer mellan 1 och 69, och sedan ett extra nummer (kallat Powerball) mellan 1 och 26. Skaffa din Porweball-biljett nu!\",\"breadcrumb\":{\"@id\":\"https:\/\/lottohoy.com\/sv\/spela\/powerball\/#breadcrumb\"},\"inLanguage\":\"sv-SE\",\"potentialAction\":[{\"@type\":\"ReadAction\",\"target\":[\"https:\/\/lottohoy.com\/sv\/spela\/powerball\/\"]}]},{\"@type\":\"BreadcrumbList\",\"@id\":\"https:\/\/lottohoy.com\/sv\/spela\/powerball\/#breadcrumb\",\"itemListElement\":[{\"@type\":\"ListItem\",\"position\":1,\"name\":\"Home\",\"item\":\"https:\/\/lottohoy.com\/sv\/\"},{\"@type\":\"ListItem\",\"position\":2,\"name\":\"Spela lotteri online\",\"item\":\"https:\/\/lottohoy.com\/sv\/spela\/\"},{\"@type\":\"ListItem\",\"position\":3,\"name\":\"Spela Powerball\"}]},{\"@type\":\"WebSite\",\"@id\":\"https:\/\/lottohoy.com\/sv\/#website\",\"url\":\"https:\/\/lottohoy.com\/sv\/\",\"name\":\"Lottohoy\",\"description\":\"\",\"potentialAction\":[{\"@type\":\"SearchAction\",\"target\":{\"@type\":\"EntryPoint\",\"urlTemplate\":\"https:\/\/lottohoy.com\/sv\/?s={search_term_string}\"},\"query-input\":{\"@type\":\"PropertyValueSpecification\",\"valueRequired\":true,\"valueName\":\"search_term_string\"}}],\"inLanguage\":\"sv-SE\"}]}<\/script>\n<!-- \/ Yoast SEO plugin. -->","yoast_head_json":{"title":"\u25b7 Spela Powerball online | Var som helst, n\u00e4r som helst - LottoHoy","description":"Att spela Powerball \u00e4r enkelt: v\u00e4lj 5 nummer mellan 1 och 69, och sedan ett extra nummer (kallat Powerball) mellan 1 och 26. Skaffa din Porweball-biljett nu!","robots":{"index":"index","follow":"follow","max-snippet":"max-snippet:-1","max-image-preview":"max-image-preview:large","max-video-preview":"max-video-preview:-1"},"canonical":"https:\/\/lottohoy.com\/sv\/spela\/powerball\/","og_locale":"sv_SE","og_type":"article","og_title":"\u25b7 Spela Powerball online | Var som helst, n\u00e4r som helst - LottoHoy","og_description":"Att spela Powerball \u00e4r enkelt: v\u00e4lj 5 nummer mellan 1 och 69, och sedan ett extra nummer (kallat Powerball) mellan 1 och 26. Skaffa din Porweball-biljett nu!","og_url":"https:\/\/lottohoy.com\/sv\/spela\/powerball\/","og_site_name":"Lottohoy","article_modified_time":"2025-03-25T08:08:23+00:00","twitter_card":"summary_large_image","twitter_misc":{"Ber\u00e4knad l\u00e4stid":"3 minuter"},"schema":{"@context":"https:\/\/schema.org","@graph":[{"@type":"WebPage","@id":"https:\/\/lottohoy.com\/sv\/spela\/powerball\/","url":"https:\/\/lottohoy.com\/sv\/spela\/powerball\/","name":"\u25b7 Spela Powerball online | Var som helst, n\u00e4r som helst - LottoHoy","isPartOf":{"@id":"https:\/\/lottohoy.com\/sv\/#website"},"datePublished":"2018-05-03T13:23:27+00:00","dateModified":"2025-03-25T08:08:23+00:00","description":"Att spela Powerball \u00e4r enkelt: v\u00e4lj 5 nummer mellan 1 och 69, och sedan ett extra nummer (kallat Powerball) mellan 1 och 26. Skaffa din Porweball-biljett nu!","breadcrumb":{"@id":"https:\/\/lottohoy.com\/sv\/spela\/powerball\/#breadcrumb"},"inLanguage":"sv-SE","potentialAction":[{"@type":"ReadAction","target":["https:\/\/lottohoy.com\/sv\/spela\/powerball\/"]}]},{"@type":"BreadcrumbList","@id":"https:\/\/lottohoy.com\/sv\/spela\/powerball\/#breadcrumb","itemListElement":[{"@type":"ListItem","position":1,"name":"Home","item":"https:\/\/lottohoy.com\/sv\/"},{"@type":"ListItem","position":2,"name":"Spela lotteri online","item":"https:\/\/lottohoy.com\/sv\/spela\/"},{"@type":"ListItem","position":3,"name":"Spela Powerball"}]},{"@type":"WebSite","@id":"https:\/\/lottohoy.com\/sv\/#website","url":"https:\/\/lottohoy.com\/sv\/","name":"Lottohoy","description":"","potentialAction":[{"@type":"SearchAction","target":{"@type":"EntryPoint","urlTemplate":"https:\/\/lottohoy.com\/sv\/?s={search_term_string}"},"query-input":{"@type":"PropertyValueSpecification","valueRequired":true,"valueName":"search_term_string"}}],"inLanguage":"sv-SE"}]}},"_links":{"self":[{"href":"https:\/\/lottohoy.com\/sv\/wp-json\/wp\/v2\/pages\/16609","targetHints":{"allow":["GET"]}}],"collection":[{"href":"https:\/\/lottohoy.com\/sv\/wp-json\/wp\/v2\/pages"}],"about":[{"href":"https:\/\/lottohoy.com\/sv\/wp-json\/wp\/v2\/types\/page"}],"author":[{"embeddable":true,"href":"https:\/\/lottohoy.com\/sv\/wp-json\/wp\/v2\/users\/7"}],"replies":[{"embeddable":true,"href":"https:\/\/lottohoy.com\/sv\/wp-json\/wp\/v2\/comments?post=16609"}],"version-history":[{"count":1,"href":"https:\/\/lottohoy.com\/sv\/wp-json\/wp\/v2\/pages\/16609\/revisions"}],"predecessor-version":[{"id":16610,"href":"https:\/\/lottohoy.com\/sv\/wp-json\/wp\/v2\/pages\/16609\/revisions\/16610"}],"up":[{"embeddable":true,"href":"https:\/\/lottohoy.com\/sv\/wp-json\/wp\/v2\/pages\/16589"}],"wp:attachment":[{"href":"https:\/\/lottohoy.com\/sv\/wp-json\/wp\/v2\/media?parent=16609"}],"curies":[{"name":"wp","href":"https:\/\/api.w.org\/{rel}","templated":true}]}}