{"id":16606,"date":"2018-05-03T14:23:31","date_gmt":"2018-05-03T13:23:31","guid":{"rendered":"https:\/\/lottohoy.com\/?page_id=16606"},"modified":"2025-04-02T10:06:08","modified_gmt":"2025-04-02T09:06:08","slug":"kop-lotter-och-vinn-varldens-storsta-jackpottar","status":"publish","type":"page","link":"https:\/\/lottohoy.com\/sv\/","title":{"rendered":"Hem"},"content":{"rendered":"<h1>K\u00f6p lotter och vinn v\u00e4rldens st\u00f6rsta jackpottar<\/h1>\n<p>Att spela v\u00e4rldens lotterier, och g\u00f6ra det fr\u00e5n bekv\u00e4mligheten av ditt hem, p\u00e5 jobbet, p\u00e5 bussen eller under alla omst\u00e4ndigheter&#8230; helt enkelt genom att ha en internetuppkoppling, \u00f6ppnar upp en rad m\u00f6jligheter att vinna miljonpriser.<\/p>\n<p>Om du aldrig har spelat lotterier online f\u00f6rut, erbjuder lottohoy.com dig nu och h\u00e4rifr\u00e5n m\u00f6jligheten att komma \u00e5t de v\u00e4rldslotterier som spelar de st\u00f6rsta jackpottarna i varje dragning.<\/p>\n<h2>Spela ditt lokala lotteri, eller spela n\u00e5got lotteri i v\u00e4rlden?<\/h2>\n<p>Ibland kan det vara trevligt att g\u00e5 till ditt vanliga st\u00e4lle d\u00e4r du k\u00f6per den d\u00e4r lotten f\u00f6r att spela det lokala lotteriet, och ha den lotten i dina h\u00e4nder f\u00f6r att kolla p\u00e5 dragningsdagen om du har vunnit n\u00e5gra priser.<\/p>\n<p>Men \u00e4nnu b\u00e4ttre, idag erbjuder Internet, genom plattformar som v\u00e5r, dig m\u00f6jligheten att forts\u00e4tta spela samma lokala lotterier och \u00f6ppna upp ett bredare utbud av m\u00f6jligheter, f\u00e5 tillg\u00e5ng till internationella lotterier som erbjuder extraordin\u00e4ra miljonvinster som ibland \u00f6verstiger en miljard.<\/p>\n<p>Om du till detta l\u00e4gger till sinnesro att kunna spela vilken dragning som helst i f\u00f6rv\u00e4g, bli informerad om vinsterna direkt och beroende p\u00e5 beloppet som vunnits, skickas beloppen direkt till ditt konto &#8211; vill du spela med lottohoy.com?<\/p>\n<p>Det spelar ingen roll vilket land du bor i f\u00f6r att spela lotterier online.<\/p>\n<p>N\u00e4r du k\u00f6per lotter online spelar det ingen roll vilket land du bor i. Det finns ingen anledning att resa f\u00f6r att k\u00f6pa en lott i ett fr\u00e4mmande land.<\/p>\n<p>Vi betj\u00e4nar kunder fr\u00e5n n\u00e4stan alla l\u00e4nder med v\u00e5r globala service.<\/p>\n<p>S\u00e5 fungerar lottotj\u00e4nsten online<\/p>\n<p>P\u00e5 lottohoy.com kan du se en m\u00e4ngd olika lotterispel fr\u00e5n hela v\u00e4rlden. Du kan v\u00e4lja vilka du vill spela och k\u00f6pa dem online. Det \u00e4r mycket l\u00e4ttare \u00e4n man kan tro.<\/p>\n<h2>Du kan v\u00e4lja allt som \u00e4r relaterat till din lott:<\/h2>\n<p>\u2022 V\u00e4lj det lotteri som erbjuder den h\u00f6gsta jackpotten om du vill<\/p>\n<p>\u2022 V\u00e4lj siffrorna manuellt eller l\u00e5t systemet v\u00e4lja en slumpm\u00e4ssig kombination \u00e5t dig.<\/p>\n<p>\u2022 Du kan spela s\u00e5 m\u00e5nga satsningar (linjer) med de kombinationer du vill<\/p>\n<p>\u2022 Du kan v\u00e4lja mellan att spela ett enstaka drag eller i flera drag i rad<\/p>\n<h2>Superlotterier med jackpottar p\u00e5 hundratals miljoner<\/h2>\n<p>Lotterier som amerikanska Powerball eller MegaMillions, Europeiska Euromillions, Eurojackpot och SuperEnalotto Italian.<\/p>\n<p>Visste du att det st\u00f6rsta Powerball-priset hittills var 2,04 miljarder dollar och vanns 2022? Det kan verka som en dr\u00f6m, att vinna ett pris v\u00e4rt hundratals miljoner, men det \u00e4r verklighet!<\/p>\n<p>Du kan s\u00e4kert st\u00e4lla dig sj\u00e4lv m\u00e5nga fr\u00e5gor:<\/p>\n<p>\u2022 Ska du alltid g\u00e5 efter den h\u00f6gsta jackpotten?<\/p>\n<p>\u2022 \u00c4r v\u00e4rdet p\u00e5 den h\u00f6gsta jackpotten det enda kriteriet n\u00e4r man v\u00e4ljer vilket lotteri man ska spela online?<\/p>\n<p>\u2022 Men vad h\u00e4nder om andraklassens pris \u00e4r tillr\u00e4ckligt stort f\u00f6r att f\u00f6r\u00e4ndra ditt liv?<\/p>\n<p>\u2022 Vissa jackpottar v\u00e4xer s\u00e5 stora eftersom de \u00e4r sv\u00e5ra att vinna. T\u00e4nk om chanserna att vinna ett andraklasspris var mycket b\u00e4ttre \u00e4n att vinna jackpotten i n\u00e5got lotteri?<\/p>\n<p>\u2022 Finns det n\u00e5gra andra faktorer att t\u00e4nka p\u00e5 n\u00e4r du spelar lotterier online?<\/p>\n<p>Alla lotterier har inte samma odds att vinna. Det \u00e4r helt vettigt att leta efter de st\u00f6rsta jackpottarna, men det \u00e4r ocks\u00e5 vettigt att kolla var du erbjuds de b\u00e4sta oddsen f\u00f6r att vinna ett stort pris.<\/p>\n<p>Vi har ett brett utbud av lotterier att spela f\u00f6r alla smaker.<br \/>\nNjut av att testa n\u00e5got nytt, spel du kanske aldrig har sett eller h\u00f6rt talas om f\u00f6rut. Du kan bli f\u00f6rv\u00e5nad \u00f6ver alla alternativ vi erbjuder.<\/p>\n<h2>Hur fungerar tj\u00e4nsten som erbjuds av lottohoy.com?<\/h2>\n<p>N\u00e4r du har skapat din flytt eller flyttar du vill beh\u00f6ver du bara bekr\u00e4fta best\u00e4llningen och g\u00f6ra betalningen online (det finns flera alternativ f\u00f6r onlinebetalning)<\/p>\n<p>Om du inte har skapat ditt anv\u00e4ndarkonto tidigare m\u00e5ste du skapa och verifiera det under denna process med en giltig e-postadress och l\u00f6senord f\u00f6r efterf\u00f6ljande inloggningar.<\/p>\n<p>S\u00e5 snart din best\u00e4llning har verifierats och betalningen har bekr\u00e4ftats kommer en av v\u00e5ra agenter att forts\u00e4tta med att k\u00f6pa lotteriet\/lotterierna i det land d\u00e4r lotteriet h\u00e5lls.<\/p>\n<p>En skanning av din biljett kommer sedan att laddas in p\u00e5 ditt anv\u00e4ndarkonto.<\/p>\n<p>Den h\u00e4r \u00e5tg\u00e4rden tar lite tid att bearbeta och f\u00f6r att skanningen ska synas p\u00e5 ditt konto. Du kan n\u00e4r som helst konsultera ditt anv\u00e4ndarkonto i avsnittet &#8221;mina biljetter&#8221;, d\u00e4r du kan kontrollera din best\u00e4llning och numren du valt.<\/p>\n<p>N\u00e4r dragningen har genomf\u00f6rts kommer vinstdata att finnas tillg\u00e4ngliga och dina matchande nummer och, om till\u00e4mpligt, beloppen f\u00f6r det erh\u00e5llna priset kommer att visas p\u00e5 ditt konto.<\/p>\n<h2>Okej, s\u00e5 vad h\u00e4nder om jag vinner?<\/h2>\n<p>Att ta hand om v\u00e5ra kunder runt om i v\u00e4rlden n\u00e4r de vinner \u00e4r en viktig del av v\u00e5r biljettservice online.<\/p>\n<p>Du beh\u00f6ver inte vara bosatt i det land d\u00e4r lotteriet h\u00e5lls. Vi k\u00f6per helt enkelt biljetterna \u00e5t dig lokalt som om du tillbringade en semester i det landet! Att se till att du f\u00e5r betalt n\u00e4r du vinner \u00e4r ocks\u00e5 en del av v\u00e5r biljettservice online.<\/p>\n<p>Prisvinster upp till cirka \u20ac\/$2500 betalas ut och krediteras direkt till din anv\u00e4ndare\/<br \/>\nspelarkonto och \u00e4r omedelbart tillg\u00e4ngliga to beg\u00e4ra ett uttag eller att anv\u00e4nda f\u00f6r k\u00f6p av efterf\u00f6ljande dragningar av n\u00e5got av lotterierna.<\/p>\n<p>F\u00f6r st\u00f6rre vinster kommer v\u00e5r kundtj\u00e4nst att f\u00f6rse dig med v\u00e5r VIP-tj\u00e4nst f\u00f6r vinnare.<\/p>\n<p>Om du har n\u00e5gra tvivel \u00e4r denna tj\u00e4nst helt laglig och vi ger r\u00e5d och hj\u00e4lper dig med inkasso.<\/p>\n<p>Ditt pris kommer att betalas ut i sin helhet och inga avgifter eller provisioner kommer n\u00e5gonsin att dras fr\u00e5n dina vinster, f\u00f6rutom skattereglerna i lotterilandet och i ditt bos\u00e4ttningsland.<\/p>\n<p>I vissa undantagsfall kan kostnader f\u00f6r insamlingshantering uppst\u00e5 i h\u00e4ndelse av att vinnaren inte kan resa till det land som betalar priset och en person eller ett f\u00f6retag som \u00e4r vederb\u00f6rligen ackrediterat f\u00f6r att g\u00f6ra det m\u00e5ste ingripa p\u00e5 hans\/hennes v\u00e4gnar.<\/p>\n<p>P\u00e5 lottohoy.com kan du hitta information och tips f\u00f6r att spela de b\u00e4sta onlinelotterierna.<\/p>\n<p>Du kan hitta allt det h\u00e4r p\u00e5 v\u00e5r hemsida. Vi ger dig inte bara de exakta oddsen och reglerna f\u00f6r varje lotteri, utan vi har ocks\u00e5 artiklar om alla m\u00f6jliga olika aspekter av lotteriet.<\/p>\n<p>Vi r\u00e5der dig att f\u00f6rb\u00e4ttra dina chanser att vinna, och du hittar \u00e4ven de senaste resultaten och ett arkiv med de senaste resultaten fr\u00e5n alla lotterier p\u00e5 v\u00e5r hemsida.<\/p>\n","protected":false},"excerpt":{"rendered":"<p>K\u00f6p lotter och vinn v\u00e4rldens st\u00f6rsta jackpottar Att spela v\u00e4rldens lotterier, och g\u00f6ra det fr\u00e5n bekv\u00e4mligheten av ditt hem, p\u00e5 jobbet, p\u00e5 bussen eller under alla omst\u00e4ndigheter&#8230; helt enkelt genom att ha en internetuppkoppling, \u00f6ppnar upp en rad m\u00f6jligheter att vinna miljonpriser. Om du aldrig har spelat lotterier online f\u00f6rut, erbjuder lottohoy.com dig nu och [&hellip;]<\/p>\n","protected":false},"author":7,"featured_media":0,"parent":0,"menu_order":1,"comment_status":"closed","ping_status":"closed","template":"lotto.php","meta":{"_et_pb_use_builder":"","_et_pb_old_content":"","_et_gb_content_width":"","exclude_from_search":false,"footnotes":""},"class_list":["post-16606","page","type-page","status-publish","hentry"],"yoast_head":"<!-- This site is optimized with the Yoast SEO plugin v23.7 - https:\/\/yoast.com\/wordpress\/plugins\/seo\/ -->\n<title>K\u00f6p internationella lotterier online - s\u00e4kert och snabbt - LottoHoy<\/title>\n<meta name=\"description\" content=\"K\u00f6p de mest popul\u00e4ra lotterierna p\u00e5 LottoHoy. Vinn de st\u00f6rsta jackpottarna i EuroMillions, Powerball, Megamillions och m\u00e5nga fler \u2713 Snabbt, enkelt och s\u00e4kert!\" \/>\n<meta name=\"robots\" content=\"index, follow, max-snippet:-1, max-image-preview:large, max-video-preview:-1\" \/>\n<link rel=\"canonical\" href=\"https:\/\/lottohoy.com\/sv\/\" \/>\n<meta property=\"og:locale\" content=\"sv_SE\" \/>\n<meta property=\"og:type\" content=\"article\" \/>\n<meta property=\"og:title\" content=\"K\u00f6p internationella lotterier online - s\u00e4kert och snabbt - LottoHoy\" \/>\n<meta property=\"og:description\" content=\"K\u00f6p de mest popul\u00e4ra lotterierna p\u00e5 LottoHoy. Vinn de st\u00f6rsta jackpottarna i EuroMillions, Powerball, Megamillions och m\u00e5nga fler \u2713 Snabbt, enkelt och s\u00e4kert!\" \/>\n<meta property=\"og:url\" content=\"https:\/\/lottohoy.com\/sv\/\" \/>\n<meta property=\"og:site_name\" content=\"Lottohoy\" \/>\n<meta property=\"article:modified_time\" content=\"2025-04-02T09:06:08+00:00\" \/>\n<meta name=\"twitter:card\" content=\"summary_large_image\" \/>\n<meta name=\"twitter:label1\" content=\"Ber\u00e4knad l\u00e4stid\" \/>\n\t<meta name=\"twitter:data1\" content=\"6 minuter\" \/>\n<script type=\"application\/ld+json\" class=\"yoast-schema-graph\">{\"@context\":\"https:\/\/schema.org\",\"@graph\":[{\"@type\":\"WebPage\",\"@id\":\"https:\/\/lottohoy.com\/sv\/\",\"url\":\"https:\/\/lottohoy.com\/sv\/\",\"name\":\"K\u00f6p internationella lotterier online - s\u00e4kert och snabbt - LottoHoy\",\"isPartOf\":{\"@id\":\"https:\/\/lottohoy.com\/sv\/#website\"},\"datePublished\":\"2018-05-03T13:23:31+00:00\",\"dateModified\":\"2025-04-02T09:06:08+00:00\",\"description\":\"K\u00f6p de mest popul\u00e4ra lotterierna p\u00e5 LottoHoy. Vinn de st\u00f6rsta jackpottarna i EuroMillions, Powerball, Megamillions och m\u00e5nga fler \u2713 Snabbt, enkelt och s\u00e4kert!\",\"breadcrumb\":{\"@id\":\"https:\/\/lottohoy.com\/sv\/#breadcrumb\"},\"inLanguage\":\"sv-SE\",\"potentialAction\":[{\"@type\":\"ReadAction\",\"target\":[\"https:\/\/lottohoy.com\/sv\/\"]}]},{\"@type\":\"BreadcrumbList\",\"@id\":\"https:\/\/lottohoy.com\/sv\/#breadcrumb\",\"itemListElement\":[{\"@type\":\"ListItem\",\"position\":1,\"name\":\"Home\",\"item\":\"https:\/\/lottohoy.com\/sv\/\"},{\"@type\":\"ListItem\",\"position\":2,\"name\":\"Hem\"}]},{\"@type\":\"WebSite\",\"@id\":\"https:\/\/lottohoy.com\/sv\/#website\",\"url\":\"https:\/\/lottohoy.com\/sv\/\",\"name\":\"Lottohoy\",\"description\":\"\",\"potentialAction\":[{\"@type\":\"SearchAction\",\"target\":{\"@type\":\"EntryPoint\",\"urlTemplate\":\"https:\/\/lottohoy.com\/sv\/?s={search_term_string}\"},\"query-input\":{\"@type\":\"PropertyValueSpecification\",\"valueRequired\":true,\"valueName\":\"search_term_string\"}}],\"inLanguage\":\"sv-SE\"}]}<\/script>\n<!-- \/ Yoast SEO plugin. -->","yoast_head_json":{"title":"K\u00f6p internationella lotterier online - s\u00e4kert och snabbt - LottoHoy","description":"K\u00f6p de mest popul\u00e4ra lotterierna p\u00e5 LottoHoy. Vinn de st\u00f6rsta jackpottarna i EuroMillions, Powerball, Megamillions och m\u00e5nga fler \u2713 Snabbt, enkelt och s\u00e4kert!","robots":{"index":"index","follow":"follow","max-snippet":"max-snippet:-1","max-image-preview":"max-image-preview:large","max-video-preview":"max-video-preview:-1"},"canonical":"https:\/\/lottohoy.com\/sv\/","og_locale":"sv_SE","og_type":"article","og_title":"K\u00f6p internationella lotterier online - s\u00e4kert och snabbt - LottoHoy","og_description":"K\u00f6p de mest popul\u00e4ra lotterierna p\u00e5 LottoHoy. Vinn de st\u00f6rsta jackpottarna i EuroMillions, Powerball, Megamillions och m\u00e5nga fler \u2713 Snabbt, enkelt och s\u00e4kert!","og_url":"https:\/\/lottohoy.com\/sv\/","og_site_name":"Lottohoy","article_modified_time":"2025-04-02T09:06:08+00:00","twitter_card":"summary_large_image","twitter_misc":{"Ber\u00e4knad l\u00e4stid":"6 minuter"},"schema":{"@context":"https:\/\/schema.org","@graph":[{"@type":"WebPage","@id":"https:\/\/lottohoy.com\/sv\/","url":"https:\/\/lottohoy.com\/sv\/","name":"K\u00f6p internationella lotterier online - s\u00e4kert och snabbt - LottoHoy","isPartOf":{"@id":"https:\/\/lottohoy.com\/sv\/#website"},"datePublished":"2018-05-03T13:23:31+00:00","dateModified":"2025-04-02T09:06:08+00:00","description":"K\u00f6p de mest popul\u00e4ra lotterierna p\u00e5 LottoHoy. Vinn de st\u00f6rsta jackpottarna i EuroMillions, Powerball, Megamillions och m\u00e5nga fler \u2713 Snabbt, enkelt och s\u00e4kert!","breadcrumb":{"@id":"https:\/\/lottohoy.com\/sv\/#breadcrumb"},"inLanguage":"sv-SE","potentialAction":[{"@type":"ReadAction","target":["https:\/\/lottohoy.com\/sv\/"]}]},{"@type":"BreadcrumbList","@id":"https:\/\/lottohoy.com\/sv\/#breadcrumb","itemListElement":[{"@type":"ListItem","position":1,"name":"Home","item":"https:\/\/lottohoy.com\/sv\/"},{"@type":"ListItem","position":2,"name":"Hem"}]},{"@type":"WebSite","@id":"https:\/\/lottohoy.com\/sv\/#website","url":"https:\/\/lottohoy.com\/sv\/","name":"Lottohoy","description":"","potentialAction":[{"@type":"SearchAction","target":{"@type":"EntryPoint","urlTemplate":"https:\/\/lottohoy.com\/sv\/?s={search_term_string}"},"query-input":{"@type":"PropertyValueSpecification","valueRequired":true,"valueName":"search_term_string"}}],"inLanguage":"sv-SE"}]}},"_links":{"self":[{"href":"https:\/\/lottohoy.com\/sv\/wp-json\/wp\/v2\/pages\/16606","targetHints":{"allow":["GET"]}}],"collection":[{"href":"https:\/\/lottohoy.com\/sv\/wp-json\/wp\/v2\/pages"}],"about":[{"href":"https:\/\/lottohoy.com\/sv\/wp-json\/wp\/v2\/types\/page"}],"author":[{"embeddable":true,"href":"https:\/\/lottohoy.com\/sv\/wp-json\/wp\/v2\/users\/7"}],"replies":[{"embeddable":true,"href":"https:\/\/lottohoy.com\/sv\/wp-json\/wp\/v2\/comments?post=16606"}],"version-history":[{"count":3,"href":"https:\/\/lottohoy.com\/sv\/wp-json\/wp\/v2\/pages\/16606\/revisions"}],"predecessor-version":[{"id":17869,"href":"https:\/\/lottohoy.com\/sv\/wp-json\/wp\/v2\/pages\/16606\/revisions\/17869"}],"wp:attachment":[{"href":"https:\/\/lottohoy.com\/sv\/wp-json\/wp\/v2\/media?parent=16606"}],"curies":[{"name":"wp","href":"https:\/\/api.w.org\/{rel}","templated":true}]}}