{"id":16589,"date":"2018-05-03T14:23:25","date_gmt":"2018-05-03T13:23:25","guid":{"rendered":"https:\/\/lottohoy.com\/?page_id=16589"},"modified":"2025-03-25T07:06:47","modified_gmt":"2025-03-25T07:06:47","slug":"spela","status":"publish","type":"page","link":"https:\/\/lottohoy.com\/sv\/spela\/","title":{"rendered":"Spela lotteri online"},"content":{"rendered":"<h2>Att k\u00f6pa lotter till vilket onlinelotteri som helst p\u00e5 Lottohoy \u00e4r enkelt, snabbt och s\u00e4kert.<\/h2>\n<p>Det \u00e4r enkelt, eftersom du kan g\u00f6ra k\u00f6pet var som helst, du beh\u00f6ver bara ha en internetanslutning via medel som mobil, surfplatta eller dator.<br \/>\nDet \u00e4r snabbt. P\u00e5 bara n\u00e5gra sekunder kan du spela vilket lotteri du vill bland ett brett utbud av lotterier som erbjuds av LottoHoy. Du beh\u00f6ver bara v\u00e4lja dina favoritnummer och g\u00f6ra ett k\u00f6p med den betalningsmetod som passar dig b\u00e4st&#8230; Det \u00e4r allt! Din vinnande kombination \u00e4r p\u00e5 v\u00e4g!<br \/>\nDet \u00e4r s\u00e4kert, f\u00f6r n\u00e4r k\u00f6pet v\u00e4l \u00e4r gjort \u00e5terspeglas det p\u00e5 anv\u00e4ndarkontot tills dragningen \u00e4r gjord och en bekr\u00e4ftelse tas emot elektroniskt.Skapa ditt konto\u00a0i dag och b\u00f6rja spela med oss\u00a0!<br \/>\nHur man spelar lotteri online<\/p>\n<p>P\u00e5 LottoHoy finns det ett\u00a0stort urval av dagliga lotto. Du kan v\u00e4lja vilken du vill delta i, och det finns ett brett utbud av information och lotteristatistik som hj\u00e4lper dig att v\u00e4lja din insats och f\u00f6rst\u00e5 spelets egenskaper och regler.<\/p>\n<p>Du kan v\u00e4lja vilken kombination av nummer du vill spela\u00a0manuellt genom att v\u00e4lja siffrorna, eller s\u00e5 kan du ocks\u00e5 l\u00e5ta funktionen f\u00f6r snabbvalslotteri v\u00e4lja siffror och bollar slumpm\u00e4ssigt.<\/p>\n<p>N\u00e4r spelet \u00e4r definierat beh\u00f6ver du bara g\u00e5 vidare till betalningen. Vi har ett brett utbud av betalningsmetoder tillg\u00e4ngliga f\u00f6r att passa alla spelares behov.<\/p>\n<h2>Hur du tar emot dina lotterivinster<\/h2>\n<p>Efter lottodragningarna s\u00e4tts alla vinster omedelbart in p\u00e5 anv\u00e4ndarens konto, s\u00e5 att de \u00e4r omedelbart tillg\u00e4ngliga.<\/p>\n<p>N\u00e4r vinsterna \u00e4r stora belopp f\u00e5r kunden r\u00e5d om de b\u00e4sta juridiska l\u00f6sningarna f\u00f6r att f\u00e5 dessa priser.<\/p>\n<p>Varje lotteri regleras av skattelagstiftningen i det land d\u00e4r det anordnas, eftersom det kan finnas skattekostnader och andra kostnader som kan p\u00e5verka de tilldelade beloppen.<\/p>\n<p>F\u00f6rdelar med att spela lotteri online<br \/>\nAtt spara tid \u00e4r kanske den st\u00f6rsta f\u00f6rdelen med att spela lotteri online.<br \/>\nGenom LottoHoy kan du k\u00f6pa dina biljetter 24 timmar om dygnet, 7 dagar i veckan och 365 dagar om \u00e5ret, utan semester eller scheman.<br \/>\nTillg\u00e5ngen till ett brett utbud av lottos online fr\u00e5n hela v\u00e4rlden. De lotterier som erbjuder de b\u00e4sta jackpottarna.<br \/>\nAtt kunna spela var som helst n\u00e4r som helst, hemma, p\u00e5 jobbet, i v\u00e4ntan p\u00e5 bussen eller under alla omst\u00e4ndigheter i ditt dagliga liv. Att ha en grundl\u00e4ggande internetuppkoppling fr\u00e5n vilken typ av enhet som helst: mobil, surfplatta eller dator.<br \/>\ns\u00e4kerhet f\u00f6r att\u00a0du inte f\u00f6rlorar ett pris\u00a0eftersom biljetten gick f\u00f6rlorad, eftersom resultatet av dragningen inte kontrollerades eller att tidsfristen f\u00f6r att g\u00f6ra anspr\u00e5k p\u00e5 den l\u00f6pte ut.<br \/>\nDe\u00a0k\u00f6pta biljetterna\u00a0speglas i anv\u00e4ndarkontot, s\u00e5v\u00e4l som andra transaktioner.<br \/>\nOm du vinner ett pris s\u00e4tts det vunna beloppet omedelbart in p\u00e5 anv\u00e4ndarens saldo.<br \/>\nKontrollera resultat och vinnande kombinationer av de st\u00f6rsta lotterierna i realtid.<\/p>\n<h2>Vem kan spela lotteri online?<\/h2>\n<p>Alla kan spela p\u00e5 LottoHoy! Ditt hemland \u00e4r inte ett besv\u00e4r, \u00e4ven om du g\u00f6r det fr\u00e5n andra sidan jorden. Om du \u00e4r fr\u00e5n Sverige, Finland, Spanien, Frankrike, Sydafrika, Australien \u00e4r alla v\u00e4lkomna! Bara registrera dig och b\u00f6rja spela p\u00e5 lotto!<\/p>\n<p>\u00d6ka dina chanser att vinna genom att k\u00f6pa biljetter online har aldrig varit s\u00e5 enkelt.<\/p>\n<h2>Vilka lotterier kan spelas p\u00e5 Lottohoy?<\/h2>\n<p>P\u00e5 denna lotterisida kan du k\u00f6pa lotter till de st\u00f6rsta lotterierna i v\u00e4rlden och \u00f6ka dina odds att vinna n\u00e5gon av de miljon\u00e4rsjackpottar vi erbjuder: Spela USA Powerball, MegaMillions, UK Lotto, Euromillions, Eurojackpot, California Superlotto, Oz Powerball, New York Lotto och m\u00e5nga fler.<\/p>\n<h2>K\u00f6p officiella lotter<\/h2>\n<p>N\u00e4r du spelar p\u00e5 Lotto p\u00e5 LottoHoy k\u00f6per du officiella lottobiljetter, och du kommer att kunna se en skannad kopia av din lott av din USA Powerball, megamillions, EuroMillions eller n\u00e5got annat lotto i din anv\u00e4ndarprofil.<\/p>\n<p>LottoHoy \u00e4r en lottericoncierge som erbjuder ett brett utbud av lotterier. Vi erbjuder inte lotterispel.<\/p>\n","protected":false},"excerpt":{"rendered":"<p>Att k\u00f6pa lotter till vilket onlinelotteri som helst p\u00e5 Lottohoy \u00e4r enkelt, snabbt och s\u00e4kert. Det \u00e4r enkelt, eftersom du kan g\u00f6ra k\u00f6pet var som helst, du beh\u00f6ver bara ha en internetanslutning via medel som mobil, surfplatta eller dator. Det \u00e4r snabbt. P\u00e5 bara n\u00e5gra sekunder kan du spela vilket lotteri du vill bland ett [&hellip;]<\/p>\n","protected":false},"author":7,"featured_media":0,"parent":0,"menu_order":2,"comment_status":"closed","ping_status":"closed","template":"Play-all.php","meta":{"_et_pb_use_builder":"","_et_pb_old_content":"","_et_gb_content_width":"","exclude_from_search":false,"footnotes":""},"class_list":["post-16589","page","type-page","status-publish","hentry"],"yoast_head":"<!-- This site is optimized with the Yoast SEO plugin v23.7 - https:\/\/yoast.com\/wordpress\/plugins\/seo\/ -->\n<title>Spela lotteri online<\/title>\n<meta name=\"description\" content=\"P\u00e5 LottoHoy erbjuder vi ett stort urval av internationella lotterispel. L\u00e4r dig hur du spelar dem, v\u00e4lj ditt favoritlotteri och f\u00f6rverkliga dina dr\u00f6mmar!\" \/>\n<meta name=\"robots\" content=\"index, follow, max-snippet:-1, max-image-preview:large, max-video-preview:-1\" \/>\n<link rel=\"canonical\" href=\"https:\/\/lottohoy.com\/sv\/spela\/\" \/>\n<meta property=\"og:locale\" content=\"sv_SE\" \/>\n<meta property=\"og:type\" content=\"article\" \/>\n<meta property=\"og:title\" content=\"Spela lotteri online\" \/>\n<meta property=\"og:description\" content=\"P\u00e5 LottoHoy erbjuder vi ett stort urval av internationella lotterispel. L\u00e4r dig hur du spelar dem, v\u00e4lj ditt favoritlotteri och f\u00f6rverkliga dina dr\u00f6mmar!\" \/>\n<meta property=\"og:url\" content=\"https:\/\/lottohoy.com\/sv\/spela\/\" \/>\n<meta property=\"og:site_name\" content=\"Lottohoy\" \/>\n<meta property=\"article:modified_time\" content=\"2025-03-25T07:06:47+00:00\" \/>\n<meta name=\"twitter:card\" content=\"summary_large_image\" \/>\n<meta name=\"twitter:label1\" content=\"Ber\u00e4knad l\u00e4stid\" \/>\n\t<meta name=\"twitter:data1\" content=\"3 minuter\" \/>\n<script type=\"application\/ld+json\" class=\"yoast-schema-graph\">{\"@context\":\"https:\/\/schema.org\",\"@graph\":[{\"@type\":\"WebPage\",\"@id\":\"https:\/\/lottohoy.com\/sv\/spela\/\",\"url\":\"https:\/\/lottohoy.com\/sv\/spela\/\",\"name\":\"Spela lotteri online\",\"isPartOf\":{\"@id\":\"https:\/\/lottohoy.com\/sv\/#website\"},\"datePublished\":\"2018-05-03T13:23:25+00:00\",\"dateModified\":\"2025-03-25T07:06:47+00:00\",\"description\":\"P\u00e5 LottoHoy erbjuder vi ett stort urval av internationella lotterispel. L\u00e4r dig hur du spelar dem, v\u00e4lj ditt favoritlotteri och f\u00f6rverkliga dina dr\u00f6mmar!\",\"breadcrumb\":{\"@id\":\"https:\/\/lottohoy.com\/sv\/spela\/#breadcrumb\"},\"inLanguage\":\"sv-SE\",\"potentialAction\":[{\"@type\":\"ReadAction\",\"target\":[\"https:\/\/lottohoy.com\/sv\/spela\/\"]}]},{\"@type\":\"BreadcrumbList\",\"@id\":\"https:\/\/lottohoy.com\/sv\/spela\/#breadcrumb\",\"itemListElement\":[{\"@type\":\"ListItem\",\"position\":1,\"name\":\"Home\",\"item\":\"https:\/\/lottohoy.com\/sv\/\"},{\"@type\":\"ListItem\",\"position\":2,\"name\":\"Spela lotteri online\"}]},{\"@type\":\"WebSite\",\"@id\":\"https:\/\/lottohoy.com\/sv\/#website\",\"url\":\"https:\/\/lottohoy.com\/sv\/\",\"name\":\"Lottohoy\",\"description\":\"\",\"potentialAction\":[{\"@type\":\"SearchAction\",\"target\":{\"@type\":\"EntryPoint\",\"urlTemplate\":\"https:\/\/lottohoy.com\/sv\/?s={search_term_string}\"},\"query-input\":{\"@type\":\"PropertyValueSpecification\",\"valueRequired\":true,\"valueName\":\"search_term_string\"}}],\"inLanguage\":\"sv-SE\"}]}<\/script>\n<!-- \/ Yoast SEO plugin. -->","yoast_head_json":{"title":"Spela lotteri online","description":"P\u00e5 LottoHoy erbjuder vi ett stort urval av internationella lotterispel. L\u00e4r dig hur du spelar dem, v\u00e4lj ditt favoritlotteri och f\u00f6rverkliga dina dr\u00f6mmar!","robots":{"index":"index","follow":"follow","max-snippet":"max-snippet:-1","max-image-preview":"max-image-preview:large","max-video-preview":"max-video-preview:-1"},"canonical":"https:\/\/lottohoy.com\/sv\/spela\/","og_locale":"sv_SE","og_type":"article","og_title":"Spela lotteri online","og_description":"P\u00e5 LottoHoy erbjuder vi ett stort urval av internationella lotterispel. L\u00e4r dig hur du spelar dem, v\u00e4lj ditt favoritlotteri och f\u00f6rverkliga dina dr\u00f6mmar!","og_url":"https:\/\/lottohoy.com\/sv\/spela\/","og_site_name":"Lottohoy","article_modified_time":"2025-03-25T07:06:47+00:00","twitter_card":"summary_large_image","twitter_misc":{"Ber\u00e4knad l\u00e4stid":"3 minuter"},"schema":{"@context":"https:\/\/schema.org","@graph":[{"@type":"WebPage","@id":"https:\/\/lottohoy.com\/sv\/spela\/","url":"https:\/\/lottohoy.com\/sv\/spela\/","name":"Spela lotteri online","isPartOf":{"@id":"https:\/\/lottohoy.com\/sv\/#website"},"datePublished":"2018-05-03T13:23:25+00:00","dateModified":"2025-03-25T07:06:47+00:00","description":"P\u00e5 LottoHoy erbjuder vi ett stort urval av internationella lotterispel. L\u00e4r dig hur du spelar dem, v\u00e4lj ditt favoritlotteri och f\u00f6rverkliga dina dr\u00f6mmar!","breadcrumb":{"@id":"https:\/\/lottohoy.com\/sv\/spela\/#breadcrumb"},"inLanguage":"sv-SE","potentialAction":[{"@type":"ReadAction","target":["https:\/\/lottohoy.com\/sv\/spela\/"]}]},{"@type":"BreadcrumbList","@id":"https:\/\/lottohoy.com\/sv\/spela\/#breadcrumb","itemListElement":[{"@type":"ListItem","position":1,"name":"Home","item":"https:\/\/lottohoy.com\/sv\/"},{"@type":"ListItem","position":2,"name":"Spela lotteri online"}]},{"@type":"WebSite","@id":"https:\/\/lottohoy.com\/sv\/#website","url":"https:\/\/lottohoy.com\/sv\/","name":"Lottohoy","description":"","potentialAction":[{"@type":"SearchAction","target":{"@type":"EntryPoint","urlTemplate":"https:\/\/lottohoy.com\/sv\/?s={search_term_string}"},"query-input":{"@type":"PropertyValueSpecification","valueRequired":true,"valueName":"search_term_string"}}],"inLanguage":"sv-SE"}]}},"_links":{"self":[{"href":"https:\/\/lottohoy.com\/sv\/wp-json\/wp\/v2\/pages\/16589","targetHints":{"allow":["GET"]}}],"collection":[{"href":"https:\/\/lottohoy.com\/sv\/wp-json\/wp\/v2\/pages"}],"about":[{"href":"https:\/\/lottohoy.com\/sv\/wp-json\/wp\/v2\/types\/page"}],"author":[{"embeddable":true,"href":"https:\/\/lottohoy.com\/sv\/wp-json\/wp\/v2\/users\/7"}],"replies":[{"embeddable":true,"href":"https:\/\/lottohoy.com\/sv\/wp-json\/wp\/v2\/comments?post=16589"}],"version-history":[{"count":2,"href":"https:\/\/lottohoy.com\/sv\/wp-json\/wp\/v2\/pages\/16589\/revisions"}],"predecessor-version":[{"id":16591,"href":"https:\/\/lottohoy.com\/sv\/wp-json\/wp\/v2\/pages\/16589\/revisions\/16591"}],"wp:attachment":[{"href":"https:\/\/lottohoy.com\/sv\/wp-json\/wp\/v2\/media?parent=16589"}],"curies":[{"name":"wp","href":"https:\/\/api.w.org\/{rel}","templated":true}]}}