{"id":20625,"date":"2025-06-13T13:21:14","date_gmt":"2025-06-13T12:21:14","guid":{"rendered":"https:\/\/lottohoy.com\/?page_id=20625"},"modified":"2025-06-14T17:04:40","modified_gmt":"2025-06-14T16:04:40","slug":"rezultatele-euromillions-uk","status":"publish","type":"page","link":"https:\/\/lottohoy.com\/ro\/rezultate-la-loterie\/rezultatele-euromillions-uk\/","title":{"rendered":"Rezultatele EuroMillions UK"},"content":{"rendered":"<div class=\"flex basis-auto flex-col -mb-(--composer-overlap-px) [--composer-overlap-px:24px] grow overflow-hidden\">\n<div class=\"relative h-full\">\n<div class=\"flex h-full flex-col overflow-y-auto [scrollbar-gutter:stable_both-edges] @[84rem]\/thread:pt-(--header-height)\">\n<div class=\"@thread-xl\/thread:pt-header-height mt-1.5 flex flex-col text-sm pb-25\">\n<article class=\"text-token-text-primary w-full\" dir=\"auto\" data-testid=\"conversation-turn-54\" data-scroll-anchor=\"true\">\n<div class=\"text-base my-auto mx-auto py-5 [--thread-content-margin:--spacing(4)] @[37rem]:[--thread-content-margin:--spacing(6)] @[72rem]:[--thread-content-margin:--spacing(16)] px-(--thread-content-margin)\">\n<div class=\"[--thread-content-max-width:32rem] @[34rem]:[--thread-content-max-width:40rem] @[64rem]:[--thread-content-max-width:48rem] mx-auto flex max-w-(--thread-content-max-width) flex-1 text-base gap-4 md:gap-5 lg:gap-6 group\/turn-messages focus-visible:outline-hidden\">\n<div class=\"group\/conversation-turn relative flex w-full min-w-0 flex-col agent-turn\">\n<div class=\"relative flex-col gap-1 md:gap-3\">\n<div class=\"flex max-w-full flex-col grow\">\n<div class=\"min-h-8 text-message relative flex w-full flex-col items-end gap-2 text-start break-words whitespace-normal [.text-message+&amp;]:mt-5\" dir=\"auto\" data-message-author-role=\"assistant\" data-message-id=\"4ef8ed27-3792-4190-a4fc-919b36887902\" data-message-model-slug=\"gpt-4o\">\n<div class=\"flex w-full flex-col gap-1 empty:hidden first:pt-[3px]\">\n<div class=\"markdown prose dark:prose-invert w-full break-words light\">\n<h1 data-start=\"284\" data-end=\"340\">Rezultatele EuroMillions UK \u2013 Verific\u0103-\u021bi biletul acum<\/h1>\n<p data-start=\"342\" data-end=\"576\">Pentru a verifica rezultatele extragerii EuroMillions UK \u2014 inclusiv codul c\u00e2\u0219tig\u0103tor al <strong data-start=\"430\" data-end=\"454\">UK Millionaire Maker<\/strong> \u2014 tot ce trebuie s\u0103 faci este s\u0103 compari numerele de pe biletul t\u0103u cu combina\u021bia c\u00e2\u0219tig\u0103toare afi\u0219at\u0103 pe aceast\u0103 pagin\u0103.<\/p>\n<p data-start=\"578\" data-end=\"807\">Dac\u0103 ai achizi\u021bionat biletul offline, \u00ee\u021bi recomand\u0103m cu t\u0103rie s\u0103 verifici rezultatele de mai multe ori. Nu este neobi\u0219nuit ca juc\u0103torii s\u0103 arunce din gre\u0219eal\u0103 un bilet c\u00e2\u0219tig\u0103tor \u0219i s\u0103 piard\u0103 sume importante sau chiar jackpoturi.<\/p>\n<p data-start=\"809\" data-end=\"980\">Pe LottoHoy po\u021bi, de asemenea, consulta <strong data-start=\"849\" data-end=\"869\">jackpotul actual<\/strong>, num\u0103rul de c\u00e2\u0219tig\u0103tori pe categorie \u0219i accesa rezultatele extragerilor anterioare din ultimii <strong data-start=\"965\" data-end=\"979\">24 de luni<\/strong>.<\/p>\n<h2 data-start=\"987\" data-end=\"1061\">Avantajele verific\u0103rii rezultatelor EuroMillions UK online pe LottoHoy<\/h2>\n<p data-start=\"1063\" data-end=\"1196\">Prin crearea unui cont gratuit pe platforma noastr\u0103, vei fi notificat automat dac\u0103 ai c\u00e2\u0219tigat \u2014 f\u0103r\u0103 a mai c\u0103uta manual rezultatele.<\/p>\n<p data-start=\"1198\" data-end=\"1385\">Dac\u0103 ai c\u00e2\u0219tigat la extragerea de mar\u021bi sau vineri \u0219i premiul este de <strong data-start=\"1270\" data-end=\"1293\">maximum 2.500 \u20ac \/ \u00a3<\/strong>, suma va fi <strong data-start=\"1306\" data-end=\"1327\">creditat\u0103 automat<\/strong> \u00een contul t\u0103u de utilizator \u0219i va fi disponibil\u0103 imediat.<\/p>\n<p data-start=\"1387\" data-end=\"1603\">Pentru premiile mai mari, echipa noastr\u0103 juridic\u0103 te va contacta pentru a te ghida \u00een procesul complet de <strong data-start=\"1497\" data-end=\"1521\">validare \u0219i \u00eencasare<\/strong>. Oferim <strong data-start=\"1530\" data-end=\"1574\">asisten\u021b\u0103 personalizat\u0103 \u0219i confiden\u021bial\u0103<\/strong>, pentru o experien\u021b\u0103 sigur\u0103.<\/p>\n<h2 data-start=\"1610\" data-end=\"1651\">Distribu\u021bia premiilor EuroMillions UK<\/h2>\n<p data-start=\"1653\" data-end=\"1840\">Mai jos vei g\u0103si tabelul cu <strong data-start=\"1681\" data-end=\"1747\">combina\u021bia c\u00e2\u0219tig\u0103toare de la ultima extragere EuroMillions UK<\/strong>, \u00eempreun\u0103 cu <strong data-start=\"1761\" data-end=\"1786\">distribu\u021bia premiilor<\/strong> pentru fiecare dintre cele <strong data-start=\"1814\" data-end=\"1839\">13 categorii oficiale<\/strong>.<\/p>\n<p data-start=\"1842\" data-end=\"1860\">Tabelul \u00ee\u021bi arat\u0103:<\/p>\n<ul data-start=\"1862\" data-end=\"2084\">\n<li data-start=\"1862\" data-end=\"1929\">\n<p data-start=\"1864\" data-end=\"1929\">Combina\u021bia de numere \u0219i stele necesare pentru fiecare categorie<\/p>\n<\/li>\n<li data-start=\"1930\" data-end=\"1977\">\n<p data-start=\"1932\" data-end=\"1977\">Num\u0103rul de c\u00e2\u0219tig\u0103tori pentru fiecare nivel<\/p>\n<\/li>\n<li data-start=\"1978\" data-end=\"2084\">\n<p data-start=\"1980\" data-end=\"2084\">Valoarea premiului \u00een <strong data-start=\"2002\" data-end=\"2014\">euro (\u20ac)<\/strong> pentru fiecare c\u00e2\u0219tig\u0103tor (<em data-start=\"2042\" data-end=\"2083\">plata final\u0103 se face \u00een lire sterline \u00a3<\/em>)<\/p>\n<\/li>\n<\/ul>\n<p data-start=\"2086\" data-end=\"2213\">\ud83d\udc49 Po\u021bi consulta \u0219i istoricul <a href=\"https:\/\/lottohoy.com\/ro\/jackpot-uri-la-loterie\/\">jackpoturilor recente<\/a> aici:<\/p>\n<p data-start=\"2215\" data-end=\"2391\">\ud83d\udc49 Nu ai \u00eenc\u0103 un cont? <a href=\"https:\/\/lottohoy.com\/ro\/registration\/\">Creeaz\u0103 unul gratuit aici:<\/a><br data-start=\"2261\" data-end=\"2264\" \/>\n<\/p>\n<\/div>\n<\/div>\n<\/div>\n<\/div>\n<\/div>\n<\/div>\n<\/div>\n<\/div>\n<\/article>\n<\/div>\n<\/div>\n<\/div>\n<\/div>\n<div id=\"thread-bottom-container\" class=\"isolate z-3 w-full basis-auto has-data-has-thread-error:pt-2 has-data-has-thread-error:[box-shadow:var(--sharp-edge-bottom-shadow)] md:border-transparent md:pt-0 dark:border-white\/20 md:dark:border-transparent\">\n<div class=\"text-base mx-auto [--thread-content-margin:--spacing(4)] @[37rem]:[--thread-content-margin:--spacing(6)] @[72rem]:[--thread-content-margin:--spacing(16)] px-(--thread-content-margin)\">\n<div class=\"[--thread-content-max-width:32rem] @[34rem]:[--thread-content-max-width:40rem] @[64rem]:[--thread-content-max-width:48rem] mx-auto flex max-w-(--thread-content-max-width) flex-1 text-base gap-4 md:gap-5 lg:gap-6\">\n<div class=\"max-xs:[--force-hide-label:none] relative z-1 flex h-full max-w-full flex-1 flex-col\" aria-expanded=\"false\" aria-controls=\"radix-\u00abrbp\u00bb\" data-state=\"closed\">\n<div class=\"bg-token-bg-primary flex w-full cursor-text flex-col items-center justify-center overflow-clip bg-clip-padding contain-inline-size dark:bg-[#303030] shadow-short rounded-[28px]\">\n<div class=\"relative flex w-full items-end px-2.5 py-2.5\">\n<div class=\"relative flex w-full flex-auto flex-col\">\n<div class=\"relative mx-2.5 grid grid-cols-[auto_minmax(0,1fr)]\">\n<div class=\"items-top flex justify-center\">\n<div><\/div>\n<\/div>\n<\/div>\n<\/div>\n<\/div>\n<\/div>\n<\/div>\n<\/div>\n<\/div>\n<\/div>\n","protected":false},"excerpt":{"rendered":"<p>Rezultatele EuroMillions UK \u2013 Verific\u0103-\u021bi biletul acum Pentru a verifica rezultatele extragerii EuroMillions UK \u2014 inclusiv codul c\u00e2\u0219tig\u0103tor al UK Millionaire Maker \u2014 tot ce trebuie s\u0103 faci este s\u0103 compari numerele de pe biletul t\u0103u cu combina\u021bia c\u00e2\u0219tig\u0103toare afi\u0219at\u0103 pe aceast\u0103 pagin\u0103. Dac\u0103 ai achizi\u021bionat biletul offline, \u00ee\u021bi recomand\u0103m cu t\u0103rie s\u0103 verifici rezultatele [&hellip;]<\/p>\n","protected":false},"author":8,"featured_media":0,"parent":14934,"menu_order":0,"comment_status":"closed","ping_status":"closed","template":"euromillions-results.php","meta":{"_et_pb_use_builder":"","_et_pb_old_content":"","_et_gb_content_width":"","exclude_from_search":false,"footnotes":""},"class_list":["post-20625","page","type-page","status-publish","hentry"],"yoast_head":"<!-- This site is optimized with the Yoast SEO plugin v23.7 - https:\/\/yoast.com\/wordpress\/plugins\/seo\/ -->\n<title>Verific\u0103 rezultatele EuroMillions UK online \u2013 Afl\u0103 dac\u0103 ai c\u00e2\u0219tigat<\/title>\n<meta name=\"description\" content=\"Afl\u0103 online rezultatele EuroMillions UK. Compar\u0103 biletul t\u0103u, revendic\u0103 premiile \u0219i acceseaz\u0103 istoricul extragerilor pe LottoHoy.\" \/>\n<meta name=\"robots\" content=\"index, follow, max-snippet:-1, max-image-preview:large, max-video-preview:-1\" \/>\n<link rel=\"canonical\" href=\"https:\/\/lottohoy.com\/ro\/rezultate-la-loterie\/rezultatele-euromillions-uk\/\" \/>\n<meta property=\"og:locale\" content=\"ro_RO\" \/>\n<meta property=\"og:type\" content=\"article\" \/>\n<meta property=\"og:title\" content=\"Verific\u0103 rezultatele EuroMillions UK online \u2013 Afl\u0103 dac\u0103 ai c\u00e2\u0219tigat\" \/>\n<meta property=\"og:description\" content=\"Afl\u0103 online rezultatele EuroMillions UK. Compar\u0103 biletul t\u0103u, revendic\u0103 premiile \u0219i acceseaz\u0103 istoricul extragerilor pe LottoHoy.\" \/>\n<meta property=\"og:url\" content=\"https:\/\/lottohoy.com\/ro\/rezultate-la-loterie\/rezultatele-euromillions-uk\/\" \/>\n<meta property=\"og:site_name\" content=\"Lottohoy\" \/>\n<meta property=\"article:modified_time\" content=\"2025-06-14T16:04:40+00:00\" \/>\n<meta name=\"twitter:card\" content=\"summary_large_image\" \/>\n<meta name=\"twitter:label1\" content=\"Timp estimat pentru citire\" \/>\n\t<meta name=\"twitter:data1\" content=\"2 minute\" \/>\n<script type=\"application\/ld+json\" class=\"yoast-schema-graph\">{\"@context\":\"https:\/\/schema.org\",\"@graph\":[{\"@type\":\"WebPage\",\"@id\":\"https:\/\/lottohoy.com\/ro\/rezultate-la-loterie\/rezultatele-euromillions-uk\/\",\"url\":\"https:\/\/lottohoy.com\/ro\/rezultate-la-loterie\/rezultatele-euromillions-uk\/\",\"name\":\"Verific\u0103 rezultatele EuroMillions UK online \u2013 Afl\u0103 dac\u0103 ai c\u00e2\u0219tigat\",\"isPartOf\":{\"@id\":\"https:\/\/lottohoy.com\/ro\/#website\"},\"datePublished\":\"2025-06-13T12:21:14+00:00\",\"dateModified\":\"2025-06-14T16:04:40+00:00\",\"description\":\"Afl\u0103 online rezultatele EuroMillions UK. Compar\u0103 biletul t\u0103u, revendic\u0103 premiile \u0219i acceseaz\u0103 istoricul extragerilor pe LottoHoy.\",\"breadcrumb\":{\"@id\":\"https:\/\/lottohoy.com\/ro\/rezultate-la-loterie\/rezultatele-euromillions-uk\/#breadcrumb\"},\"inLanguage\":\"ro-RO\",\"potentialAction\":[{\"@type\":\"ReadAction\",\"target\":[\"https:\/\/lottohoy.com\/ro\/rezultate-la-loterie\/rezultatele-euromillions-uk\/\"]}]},{\"@type\":\"BreadcrumbList\",\"@id\":\"https:\/\/lottohoy.com\/ro\/rezultate-la-loterie\/rezultatele-euromillions-uk\/#breadcrumb\",\"itemListElement\":[{\"@type\":\"ListItem\",\"position\":1,\"name\":\"Home\",\"item\":\"https:\/\/lottohoy.com\/ro\/\"},{\"@type\":\"ListItem\",\"position\":2,\"name\":\"rezultate la loterie\",\"item\":\"https:\/\/lottohoy.com\/ro\/rezultate-la-loterie\/\"},{\"@type\":\"ListItem\",\"position\":3,\"name\":\"Rezultatele EuroMillions UK\"}]},{\"@type\":\"WebSite\",\"@id\":\"https:\/\/lottohoy.com\/ro\/#website\",\"url\":\"https:\/\/lottohoy.com\/ro\/\",\"name\":\"Lottohoy\",\"description\":\"\",\"potentialAction\":[{\"@type\":\"SearchAction\",\"target\":{\"@type\":\"EntryPoint\",\"urlTemplate\":\"https:\/\/lottohoy.com\/ro\/?s={search_term_string}\"},\"query-input\":{\"@type\":\"PropertyValueSpecification\",\"valueRequired\":true,\"valueName\":\"search_term_string\"}}],\"inLanguage\":\"ro-RO\"}]}<\/script>\n<!-- \/ Yoast SEO plugin. -->","yoast_head_json":{"title":"Verific\u0103 rezultatele EuroMillions UK online \u2013 Afl\u0103 dac\u0103 ai c\u00e2\u0219tigat","description":"Afl\u0103 online rezultatele EuroMillions UK. Compar\u0103 biletul t\u0103u, revendic\u0103 premiile \u0219i acceseaz\u0103 istoricul extragerilor pe LottoHoy.","robots":{"index":"index","follow":"follow","max-snippet":"max-snippet:-1","max-image-preview":"max-image-preview:large","max-video-preview":"max-video-preview:-1"},"canonical":"https:\/\/lottohoy.com\/ro\/rezultate-la-loterie\/rezultatele-euromillions-uk\/","og_locale":"ro_RO","og_type":"article","og_title":"Verific\u0103 rezultatele EuroMillions UK online \u2013 Afl\u0103 dac\u0103 ai c\u00e2\u0219tigat","og_description":"Afl\u0103 online rezultatele EuroMillions UK. Compar\u0103 biletul t\u0103u, revendic\u0103 premiile \u0219i acceseaz\u0103 istoricul extragerilor pe LottoHoy.","og_url":"https:\/\/lottohoy.com\/ro\/rezultate-la-loterie\/rezultatele-euromillions-uk\/","og_site_name":"Lottohoy","article_modified_time":"2025-06-14T16:04:40+00:00","twitter_card":"summary_large_image","twitter_misc":{"Timp estimat pentru citire":"2 minute"},"schema":{"@context":"https:\/\/schema.org","@graph":[{"@type":"WebPage","@id":"https:\/\/lottohoy.com\/ro\/rezultate-la-loterie\/rezultatele-euromillions-uk\/","url":"https:\/\/lottohoy.com\/ro\/rezultate-la-loterie\/rezultatele-euromillions-uk\/","name":"Verific\u0103 rezultatele EuroMillions UK online \u2013 Afl\u0103 dac\u0103 ai c\u00e2\u0219tigat","isPartOf":{"@id":"https:\/\/lottohoy.com\/ro\/#website"},"datePublished":"2025-06-13T12:21:14+00:00","dateModified":"2025-06-14T16:04:40+00:00","description":"Afl\u0103 online rezultatele EuroMillions UK. Compar\u0103 biletul t\u0103u, revendic\u0103 premiile \u0219i acceseaz\u0103 istoricul extragerilor pe LottoHoy.","breadcrumb":{"@id":"https:\/\/lottohoy.com\/ro\/rezultate-la-loterie\/rezultatele-euromillions-uk\/#breadcrumb"},"inLanguage":"ro-RO","potentialAction":[{"@type":"ReadAction","target":["https:\/\/lottohoy.com\/ro\/rezultate-la-loterie\/rezultatele-euromillions-uk\/"]}]},{"@type":"BreadcrumbList","@id":"https:\/\/lottohoy.com\/ro\/rezultate-la-loterie\/rezultatele-euromillions-uk\/#breadcrumb","itemListElement":[{"@type":"ListItem","position":1,"name":"Home","item":"https:\/\/lottohoy.com\/ro\/"},{"@type":"ListItem","position":2,"name":"rezultate la loterie","item":"https:\/\/lottohoy.com\/ro\/rezultate-la-loterie\/"},{"@type":"ListItem","position":3,"name":"Rezultatele EuroMillions UK"}]},{"@type":"WebSite","@id":"https:\/\/lottohoy.com\/ro\/#website","url":"https:\/\/lottohoy.com\/ro\/","name":"Lottohoy","description":"","potentialAction":[{"@type":"SearchAction","target":{"@type":"EntryPoint","urlTemplate":"https:\/\/lottohoy.com\/ro\/?s={search_term_string}"},"query-input":{"@type":"PropertyValueSpecification","valueRequired":true,"valueName":"search_term_string"}}],"inLanguage":"ro-RO"}]}},"_links":{"self":[{"href":"https:\/\/lottohoy.com\/ro\/wp-json\/wp\/v2\/pages\/20625","targetHints":{"allow":["GET"]}}],"collection":[{"href":"https:\/\/lottohoy.com\/ro\/wp-json\/wp\/v2\/pages"}],"about":[{"href":"https:\/\/lottohoy.com\/ro\/wp-json\/wp\/v2\/types\/page"}],"author":[{"embeddable":true,"href":"https:\/\/lottohoy.com\/ro\/wp-json\/wp\/v2\/users\/8"}],"replies":[{"embeddable":true,"href":"https:\/\/lottohoy.com\/ro\/wp-json\/wp\/v2\/comments?post=20625"}],"version-history":[{"count":1,"href":"https:\/\/lottohoy.com\/ro\/wp-json\/wp\/v2\/pages\/20625\/revisions"}],"predecessor-version":[{"id":20626,"href":"https:\/\/lottohoy.com\/ro\/wp-json\/wp\/v2\/pages\/20625\/revisions\/20626"}],"up":[{"embeddable":true,"href":"https:\/\/lottohoy.com\/ro\/wp-json\/wp\/v2\/pages\/14934"}],"wp:attachment":[{"href":"https:\/\/lottohoy.com\/ro\/wp-json\/wp\/v2\/media?parent=20625"}],"curies":[{"name":"wp","href":"https:\/\/api.w.org\/{rel}","templated":true}]}}