{"id":20549,"date":"2025-06-13T12:40:52","date_gmt":"2025-06-13T11:40:52","guid":{"rendered":"https:\/\/lottohoy.com\/?page_id=20549"},"modified":"2025-06-13T18:51:05","modified_gmt":"2025-06-13T17:51:05","slug":"joaca-euromillions-uk","status":"publish","type":"page","link":"https:\/\/lottohoy.com\/ro\/joaca-la-loterie-online\/joaca-euromillions-uk\/","title":{"rendered":"Joac\u0103 EuroMillions UK"},"content":{"rendered":"<h1 data-start=\"246\" data-end=\"285\">Joac\u0103 EuroMillions UK \u2013 Introducere<\/h1>\n<p data-start=\"287\" data-end=\"697\">EuroMillions este un joc de loterie administrat independent de fiecare dintre \u021b\u0103rile participante.<br data-start=\"385\" data-end=\"388\" \/>A fost creat \u00een anul 2004 de \u201cFran\u00e7aise des Jeux\u201d (Fran\u021ba), \u201cLoter\u00edas y Apuestas del Estado\u201d (Spania) \u0219i \u201cCamelot\u201d (Regatul Unit). Ulterior, s-au al\u0103turat alte loterii na\u021bionale europene, ajung\u00e2nd la un total de 9 \u021b\u0103ri: Fran\u021ba, Spania, Regatul Unit, Austria, Belgia, Irlanda, Luxemburg, Portugalia \u0219i Elve\u021bia.<\/p>\n<p data-start=\"699\" data-end=\"887\">Dup\u0103 Brexit, Regatul Unit a p\u0103r\u0103sit Uniunea European\u0103, dar continu\u0103 s\u0103 participe la EuroMillions, respect\u00e2nd acelea\u0219i reguli ca celelalte \u021b\u0103ri, cu unele diferen\u021be minore. (Vezi informa\u021bii)<\/p>\n<p data-start=\"889\" data-end=\"1084\">\u00cen Regatul Unit, fiecare bilet EuroMillions include automat participarea la UK Millionaire Maker \u2013 un joc cu cod unic \u0219i un c\u00e2\u0219tig\u0103tor garantat la fiecare extragere, cu premiu fix de 1.000.000 \u00a3.<\/p>\n<h2 data-start=\"1091\" data-end=\"1127\">Cum s\u0103 joci EuroMillions online?<\/h2>\n<p data-start=\"1129\" data-end=\"1327\">Este foarte simplu. Creeaz\u0103 un cont de utilizator pe <a class=\"\" href=\"https:\/\/lottohoy.com\/ro\/registration\/\" target=\"_new\" rel=\"noopener\" data-start=\"1182\" data-end=\"1217\">lottohoy.com<\/a> pentru a avea acces la platform\u0103: consola de joc, informa\u021bii despre loterie, rezultate \u0219i sec\u021biunea de \u0219tiri.<\/p>\n<p data-start=\"1329\" data-end=\"1467\">Consola de joc con\u021bine 5 grile (fiecare reprezint\u0103 o miz\u0103), cu numerele \u00eemp\u0103r\u021bite \u00een dou\u0103 p\u0103r\u021bi: numere principale (1\u201350) \u0219i stele (1\u201312).<\/p>\n<p data-start=\"1469\" data-end=\"1549\">Po\u021bi alege numerele manual sau l\u0103sa sistemul s\u0103 genereze aleatoriu combina\u021biile.<\/p>\n<p data-start=\"1551\" data-end=\"1609\">Este important s\u0103 cuno\u0219ti tipurile de pariuri disponibile:<\/p>\n<h3 data-start=\"1616\" data-end=\"1648\">Pariu simplu EuroMillions UK<\/h3>\n<p data-start=\"1650\" data-end=\"1757\">Fiecare gril\u0103 este un pariu simplu.<br data-start=\"1685\" data-end=\"1688\" \/>Trebuie s\u0103 selectezi 5 numere \u00eentre 1 \u0219i 50 \u0219i 2 stele \u00eentre 1 \u0219i 12.<\/p>\n<h3 data-start=\"1764\" data-end=\"1798\">Pariu multiplu EuroMillions UK<\/h3>\n<p data-start=\"1800\" data-end=\"1967\">\u00cen prezent, pariurile multiple nu sunt disponibile online pe platforma noastr\u0103, dar&#8230;<br data-start=\"1886\" data-end=\"1889\" \/>Echipa noastr\u0103 tehnic\u0103 lucreaz\u0103 pentru a implementa aceast\u0103 op\u021biune \u00een cur\u00e2nd.<\/p>\n<p data-start=\"1969\" data-end=\"2082\">\u00cen jocul offline, pariul multiplu este posibil.<br data-start=\"2016\" data-end=\"2019\" \/>Completeaz\u0103 prima gril\u0103 cu 6\u201310 numere principale \u0219i 2\u20136 stele.<\/p>\n<p data-start=\"2084\" data-end=\"2171\">Cu c\u00e2t sunt mai multe combina\u021bii, cu at\u00e2t este mai mare costul total. Tabel informativ:<\/p>\n<div class=\"_tableContainer_16hzy_1\">\n<div class=\"_tableWrapper_16hzy_14 group flex w-fit flex-col-reverse\">\n<table class=\"w-fit min-w-(--thread-content-width)\" data-start=\"2173\" data-end=\"2526\">\n<thead data-start=\"2173\" data-end=\"2231\">\n<tr data-start=\"2173\" data-end=\"2231\">\n<th data-start=\"2173\" data-end=\"2190\" data-col-size=\"sm\">Stele \\ Numere<\/th>\n<th data-start=\"2190\" data-end=\"2195\" data-col-size=\"sm\">5<\/th>\n<th data-start=\"2195\" data-end=\"2200\" data-col-size=\"sm\">6<\/th>\n<th data-start=\"2200\" data-end=\"2206\" data-col-size=\"sm\">7<\/th>\n<th data-start=\"2206\" data-end=\"2213\" data-col-size=\"sm\">8<\/th>\n<th data-start=\"2213\" data-end=\"2221\" data-col-size=\"sm\">9<\/th>\n<th data-start=\"2221\" data-end=\"2231\" data-col-size=\"sm\">10<\/th>\n<\/tr>\n<\/thead>\n<tbody data-start=\"2291\" data-end=\"2526\">\n<tr data-start=\"2291\" data-end=\"2349\">\n<td data-start=\"2291\" data-end=\"2308\" data-col-size=\"sm\">2<\/td>\n<td data-start=\"2308\" data-end=\"2313\" data-col-size=\"sm\">\u2013<\/td>\n<td data-start=\"2313\" data-end=\"2318\" data-col-size=\"sm\">6<\/td>\n<td data-start=\"2318\" data-end=\"2324\" data-col-size=\"sm\">21<\/td>\n<td data-start=\"2324\" data-end=\"2331\" data-col-size=\"sm\">56<\/td>\n<td data-start=\"2331\" data-end=\"2339\" data-col-size=\"sm\">126<\/td>\n<td data-start=\"2339\" data-end=\"2349\" data-col-size=\"sm\">252<\/td>\n<\/tr>\n<tr data-start=\"2350\" data-end=\"2408\">\n<td data-start=\"2350\" data-end=\"2367\" data-col-size=\"sm\">3<\/td>\n<td data-start=\"2367\" data-end=\"2372\" data-col-size=\"sm\">3<\/td>\n<td data-start=\"2372\" data-end=\"2377\" data-col-size=\"sm\">18<\/td>\n<td data-start=\"2377\" data-end=\"2383\" data-col-size=\"sm\">63<\/td>\n<td data-start=\"2383\" data-end=\"2390\" data-col-size=\"sm\">168<\/td>\n<td data-start=\"2390\" data-end=\"2398\" data-col-size=\"sm\">378<\/td>\n<td data-start=\"2398\" data-end=\"2408\" data-col-size=\"sm\">756<\/td>\n<\/tr>\n<tr data-start=\"2409\" data-end=\"2467\">\n<td data-start=\"2409\" data-end=\"2426\" data-col-size=\"sm\">4<\/td>\n<td data-start=\"2426\" data-end=\"2431\" data-col-size=\"sm\">6<\/td>\n<td data-start=\"2431\" data-end=\"2436\" data-col-size=\"sm\">36<\/td>\n<td data-start=\"2436\" data-end=\"2442\" data-col-size=\"sm\">126<\/td>\n<td data-start=\"2442\" data-end=\"2449\" data-col-size=\"sm\">336<\/td>\n<td data-start=\"2449\" data-end=\"2457\" data-col-size=\"sm\">756<\/td>\n<td data-start=\"2457\" data-end=\"2467\" data-col-size=\"sm\">1.512<\/td>\n<\/tr>\n<tr data-start=\"2468\" data-end=\"2526\">\n<td data-start=\"2468\" data-end=\"2485\" data-col-size=\"sm\">5<\/td>\n<td data-start=\"2485\" data-end=\"2490\" data-col-size=\"sm\">10<\/td>\n<td data-start=\"2490\" data-end=\"2495\" data-col-size=\"sm\">60<\/td>\n<td data-start=\"2495\" data-end=\"2501\" data-col-size=\"sm\">210<\/td>\n<td data-start=\"2501\" data-end=\"2508\" data-col-size=\"sm\">560<\/td>\n<td data-start=\"2508\" data-end=\"2516\" data-col-size=\"sm\">1.260<\/td>\n<td data-start=\"2516\" data-end=\"2526\" data-col-size=\"sm\">2.520<\/td>\n<\/tr>\n<\/tbody>\n<\/table>\n<div class=\"sticky end-(--thread-content-margin) h-0 self-end select-none\">\n<div class=\"absolute end-0 flex items-end\"><\/div>\n<\/div>\n<\/div>\n<\/div>\n<h3 data-start=\"2533\" data-end=\"2564\">Pariu redus EuroMillions UK<\/h3>\n<p data-start=\"2566\" data-end=\"2650\">Aceast\u0103 variant\u0103 este disponibil\u0103 doar offline. O prezent\u0103m aici cu scop informativ.<\/p>\n<p data-start=\"2652\" data-end=\"2779\">Este o combina\u021bie de pariuri simple \u0219i multiple \u2013 se pot face mai multe combina\u021bii folosind numere comune \u00eentr-o singur\u0103 gril\u0103.<\/p>\n<p data-start=\"2781\" data-end=\"2789\">Exemple:<\/p>\n<ul data-start=\"2791\" data-end=\"3059\">\n<li data-start=\"2791\" data-end=\"2850\">\n<p data-start=\"2793\" data-end=\"2850\">10 numere + 2 stele = 14 pariuri (fa\u021b\u0103 de 252 complete)<\/p>\n<\/li>\n<li data-start=\"2851\" data-end=\"2902\">\n<p data-start=\"2853\" data-end=\"2902\">10 numere + 4 stele = 28 pariuri (fa\u021b\u0103 de 1512)<\/p>\n<\/li>\n<li data-start=\"2903\" data-end=\"2954\">\n<p data-start=\"2905\" data-end=\"2954\">10 numere + 3 stele = 84 pariuri (fa\u021b\u0103 de 1512)<\/p>\n<\/li>\n<li data-start=\"2955\" data-end=\"3007\">\n<p data-start=\"2957\" data-end=\"3007\">12 numere + 3 stele = 114 pariuri (fa\u021b\u0103 de 2376)<\/p>\n<\/li>\n<li data-start=\"3008\" data-end=\"3059\">\n<p data-start=\"3010\" data-end=\"3059\">15 numere + 4 stele = 30 pariuri (fa\u021b\u0103 de 18.018)<\/p>\n<\/li>\n<\/ul>\n<h2 data-start=\"3066\" data-end=\"3107\">C\u00e2nd au loc extragerile EuroMillions?<\/h2>\n<p data-start=\"3109\" data-end=\"3204\">Extragerea EuroMillions are loc \u00een fiecare mar\u021bi \u0219i vineri la ora 21:30 (ora Europei Centrale).<\/p>\n<p data-start=\"3206\" data-end=\"3373\">Platforma noastr\u0103 opre\u0219te v\u00e2nzarea biletelor cu c\u00e2teva ore \u00eenainte de extragere (timpul este afi\u0219at \u00een consola de joc), pentru ca reprezentan\u021bii no\u0219tri s\u0103 le valideze.<\/p>\n<p data-start=\"3375\" data-end=\"3490\">Dac\u0103 achizi\u021bionezi bilete dup\u0103 aceast\u0103 or\u0103, ele vor fi valabile pentru urm\u0103toarea extragere \u2013 \u00een acelea\u0219i condi\u021bii.<\/p>\n<p data-start=\"3492\" data-end=\"3606\">Pentru jocurile recurente, doar prima achizi\u021bie trebuie f\u0103cut\u0103 \u00eenainte de termen \u2013 restul sunt programate automat.<\/p>\n<h2 data-start=\"3613\" data-end=\"3668\">Avantajele cump\u0103r\u0103rii biletelor EuroMillions online<\/h2>\n<p data-start=\"3670\" data-end=\"3717\">Noile obiceiuri de consum aduc multe beneficii:<\/p>\n<ul data-start=\"3719\" data-end=\"4241\">\n<li data-start=\"3719\" data-end=\"3762\">\n<p data-start=\"3721\" data-end=\"3762\"><strong data-start=\"3721\" data-end=\"3760\">Tranzac\u021bii sigure cu protocol HTTPS<\/strong><\/p>\n<\/li>\n<li data-start=\"3763\" data-end=\"3821\">\n<p data-start=\"3765\" data-end=\"3821\"><strong data-start=\"3765\" data-end=\"3819\">Mai multe metode de plat\u0103 \u0219i retragere disponibile<\/strong><\/p>\n<\/li>\n<li data-start=\"3822\" data-end=\"3863\">\n<p data-start=\"3824\" data-end=\"3863\"><strong data-start=\"3824\" data-end=\"3861\">Acces 24\/7 \u00een fiecare zi a anului<\/strong><\/p>\n<\/li>\n<li data-start=\"3864\" data-end=\"3914\">\n<p data-start=\"3866\" data-end=\"3914\"><strong data-start=\"3866\" data-end=\"3912\">Joac\u0103 de oriunde \u2013 f\u0103r\u0103 cozi sau deplas\u0103ri<\/strong><\/p>\n<\/li>\n<li data-start=\"3915\" data-end=\"3985\">\n<p data-start=\"3917\" data-end=\"3985\"><strong data-start=\"3917\" data-end=\"3983\">F\u0103r\u0103 risc de pierdere a biletului \u2013 totul salvat \u00een contul t\u0103u<\/strong><\/p>\n<\/li>\n<li data-start=\"3986\" data-end=\"4038\">\n<p data-start=\"3988\" data-end=\"4038\"><strong data-start=\"3988\" data-end=\"4036\">C\u00e2\u0219tigurile se vireaz\u0103 automat \u00een contul t\u0103u<\/strong><\/p>\n<\/li>\n<li data-start=\"4039\" data-end=\"4186\">\n<p data-start=\"4041\" data-end=\"4186\"><strong data-start=\"4041\" data-end=\"4113\">Prime\u0219ti notific\u0103ri despre jackpoturi, extrageri speciale \u0219i nout\u0103\u021bi<\/strong><br data-start=\"4113\" data-end=\"4116\" \/>\u27a4 <a class=\"\" href=\"https:\/\/lottohoy.com\/ro\/jackpot-uri-la-loterie\/\" target=\"_new\" rel=\"noopener\" data-start=\"4120\" data-end=\"4184\">https:\/\/lottohoy.com\/jackpots<\/a><\/p>\n<\/li>\n<li data-start=\"4187\" data-end=\"4241\">\n<p data-start=\"4189\" data-end=\"4241\"><strong data-start=\"4189\" data-end=\"4241\">Rezultatele \u00ee\u021bi sunt trimise automat prin e-mail<\/strong><\/p>\n<\/li>\n<\/ul>\n","protected":false},"excerpt":{"rendered":"<p>Joac\u0103 EuroMillions UK \u2013 Introducere EuroMillions este un joc de loterie administrat independent de fiecare dintre \u021b\u0103rile participante.A fost creat \u00een anul 2004 de \u201cFran\u00e7aise des Jeux\u201d (Fran\u021ba), \u201cLoter\u00edas y Apuestas del Estado\u201d (Spania) \u0219i \u201cCamelot\u201d (Regatul Unit). Ulterior, s-au al\u0103turat alte loterii na\u021bionale europene, ajung\u00e2nd la un total de 9 \u021b\u0103ri: Fran\u021ba, Spania, Regatul [&hellip;]<\/p>\n","protected":false},"author":8,"featured_media":0,"parent":14386,"menu_order":0,"comment_status":"closed","ping_status":"closed","template":"euromillions.php","meta":{"_et_pb_use_builder":"","_et_pb_old_content":"","_et_gb_content_width":"","exclude_from_search":false,"footnotes":""},"class_list":["post-20549","page","type-page","status-publish","hentry"],"yoast_head":"<!-- This site is optimized with the Yoast SEO plugin v23.7 - https:\/\/yoast.com\/wordpress\/plugins\/seo\/ -->\n<title>Joac\u0103 EuroMillions UK online \u2013 Reguli, extrageri \u0219i premii | LottoHoy<\/title>\n<meta name=\"description\" content=\"Afl\u0103 cum s\u0103 joci EuroMillions UK online. Reguli, programul extragerilor \u0219i premiile UK Millionaire Maker. Joc sigur \u0219i rapid prin LottoHoy.\" \/>\n<meta name=\"robots\" content=\"index, follow, max-snippet:-1, max-image-preview:large, max-video-preview:-1\" \/>\n<link rel=\"canonical\" href=\"https:\/\/lottohoy.com\/ro\/joaca-la-loterie-online\/joaca-euromillions-uk\/\" \/>\n<meta property=\"og:locale\" content=\"ro_RO\" \/>\n<meta property=\"og:type\" content=\"article\" \/>\n<meta property=\"og:title\" content=\"Joac\u0103 EuroMillions UK online \u2013 Reguli, extrageri \u0219i premii | LottoHoy\" \/>\n<meta property=\"og:description\" content=\"Afl\u0103 cum s\u0103 joci EuroMillions UK online. Reguli, programul extragerilor \u0219i premiile UK Millionaire Maker. Joc sigur \u0219i rapid prin LottoHoy.\" \/>\n<meta property=\"og:url\" content=\"https:\/\/lottohoy.com\/ro\/joaca-la-loterie-online\/joaca-euromillions-uk\/\" \/>\n<meta property=\"og:site_name\" content=\"Lottohoy\" \/>\n<meta property=\"article:modified_time\" content=\"2025-06-13T17:51:05+00:00\" \/>\n<meta name=\"twitter:card\" content=\"summary_large_image\" \/>\n<meta name=\"twitter:label1\" content=\"Timp estimat pentru citire\" \/>\n\t<meta name=\"twitter:data1\" content=\"3 minute\" \/>\n<script type=\"application\/ld+json\" class=\"yoast-schema-graph\">{\"@context\":\"https:\/\/schema.org\",\"@graph\":[{\"@type\":\"WebPage\",\"@id\":\"https:\/\/lottohoy.com\/ro\/joaca-la-loterie-online\/joaca-euromillions-uk\/\",\"url\":\"https:\/\/lottohoy.com\/ro\/joaca-la-loterie-online\/joaca-euromillions-uk\/\",\"name\":\"Joac\u0103 EuroMillions UK online \u2013 Reguli, extrageri \u0219i premii | LottoHoy\",\"isPartOf\":{\"@id\":\"https:\/\/lottohoy.com\/ro\/#website\"},\"datePublished\":\"2025-06-13T11:40:52+00:00\",\"dateModified\":\"2025-06-13T17:51:05+00:00\",\"description\":\"Afl\u0103 cum s\u0103 joci EuroMillions UK online. Reguli, programul extragerilor \u0219i premiile UK Millionaire Maker. Joc sigur \u0219i rapid prin LottoHoy.\",\"breadcrumb\":{\"@id\":\"https:\/\/lottohoy.com\/ro\/joaca-la-loterie-online\/joaca-euromillions-uk\/#breadcrumb\"},\"inLanguage\":\"ro-RO\",\"potentialAction\":[{\"@type\":\"ReadAction\",\"target\":[\"https:\/\/lottohoy.com\/ro\/joaca-la-loterie-online\/joaca-euromillions-uk\/\"]}]},{\"@type\":\"BreadcrumbList\",\"@id\":\"https:\/\/lottohoy.com\/ro\/joaca-la-loterie-online\/joaca-euromillions-uk\/#breadcrumb\",\"itemListElement\":[{\"@type\":\"ListItem\",\"position\":1,\"name\":\"Home\",\"item\":\"https:\/\/lottohoy.com\/ro\/\"},{\"@type\":\"ListItem\",\"position\":2,\"name\":\"Joac\u0103 la loterie online\",\"item\":\"https:\/\/lottohoy.com\/ro\/joaca-la-loterie-online\/\"},{\"@type\":\"ListItem\",\"position\":3,\"name\":\"Joac\u0103 EuroMillions UK\"}]},{\"@type\":\"WebSite\",\"@id\":\"https:\/\/lottohoy.com\/ro\/#website\",\"url\":\"https:\/\/lottohoy.com\/ro\/\",\"name\":\"Lottohoy\",\"description\":\"\",\"potentialAction\":[{\"@type\":\"SearchAction\",\"target\":{\"@type\":\"EntryPoint\",\"urlTemplate\":\"https:\/\/lottohoy.com\/ro\/?s={search_term_string}\"},\"query-input\":{\"@type\":\"PropertyValueSpecification\",\"valueRequired\":true,\"valueName\":\"search_term_string\"}}],\"inLanguage\":\"ro-RO\"}]}<\/script>\n<!-- \/ Yoast SEO plugin. -->","yoast_head_json":{"title":"Joac\u0103 EuroMillions UK online \u2013 Reguli, extrageri \u0219i premii | LottoHoy","description":"Afl\u0103 cum s\u0103 joci EuroMillions UK online. Reguli, programul extragerilor \u0219i premiile UK Millionaire Maker. Joc sigur \u0219i rapid prin LottoHoy.","robots":{"index":"index","follow":"follow","max-snippet":"max-snippet:-1","max-image-preview":"max-image-preview:large","max-video-preview":"max-video-preview:-1"},"canonical":"https:\/\/lottohoy.com\/ro\/joaca-la-loterie-online\/joaca-euromillions-uk\/","og_locale":"ro_RO","og_type":"article","og_title":"Joac\u0103 EuroMillions UK online \u2013 Reguli, extrageri \u0219i premii | LottoHoy","og_description":"Afl\u0103 cum s\u0103 joci EuroMillions UK online. Reguli, programul extragerilor \u0219i premiile UK Millionaire Maker. Joc sigur \u0219i rapid prin LottoHoy.","og_url":"https:\/\/lottohoy.com\/ro\/joaca-la-loterie-online\/joaca-euromillions-uk\/","og_site_name":"Lottohoy","article_modified_time":"2025-06-13T17:51:05+00:00","twitter_card":"summary_large_image","twitter_misc":{"Timp estimat pentru citire":"3 minute"},"schema":{"@context":"https:\/\/schema.org","@graph":[{"@type":"WebPage","@id":"https:\/\/lottohoy.com\/ro\/joaca-la-loterie-online\/joaca-euromillions-uk\/","url":"https:\/\/lottohoy.com\/ro\/joaca-la-loterie-online\/joaca-euromillions-uk\/","name":"Joac\u0103 EuroMillions UK online \u2013 Reguli, extrageri \u0219i premii | LottoHoy","isPartOf":{"@id":"https:\/\/lottohoy.com\/ro\/#website"},"datePublished":"2025-06-13T11:40:52+00:00","dateModified":"2025-06-13T17:51:05+00:00","description":"Afl\u0103 cum s\u0103 joci EuroMillions UK online. Reguli, programul extragerilor \u0219i premiile UK Millionaire Maker. Joc sigur \u0219i rapid prin LottoHoy.","breadcrumb":{"@id":"https:\/\/lottohoy.com\/ro\/joaca-la-loterie-online\/joaca-euromillions-uk\/#breadcrumb"},"inLanguage":"ro-RO","potentialAction":[{"@type":"ReadAction","target":["https:\/\/lottohoy.com\/ro\/joaca-la-loterie-online\/joaca-euromillions-uk\/"]}]},{"@type":"BreadcrumbList","@id":"https:\/\/lottohoy.com\/ro\/joaca-la-loterie-online\/joaca-euromillions-uk\/#breadcrumb","itemListElement":[{"@type":"ListItem","position":1,"name":"Home","item":"https:\/\/lottohoy.com\/ro\/"},{"@type":"ListItem","position":2,"name":"Joac\u0103 la loterie online","item":"https:\/\/lottohoy.com\/ro\/joaca-la-loterie-online\/"},{"@type":"ListItem","position":3,"name":"Joac\u0103 EuroMillions UK"}]},{"@type":"WebSite","@id":"https:\/\/lottohoy.com\/ro\/#website","url":"https:\/\/lottohoy.com\/ro\/","name":"Lottohoy","description":"","potentialAction":[{"@type":"SearchAction","target":{"@type":"EntryPoint","urlTemplate":"https:\/\/lottohoy.com\/ro\/?s={search_term_string}"},"query-input":{"@type":"PropertyValueSpecification","valueRequired":true,"valueName":"search_term_string"}}],"inLanguage":"ro-RO"}]}},"_links":{"self":[{"href":"https:\/\/lottohoy.com\/ro\/wp-json\/wp\/v2\/pages\/20549","targetHints":{"allow":["GET"]}}],"collection":[{"href":"https:\/\/lottohoy.com\/ro\/wp-json\/wp\/v2\/pages"}],"about":[{"href":"https:\/\/lottohoy.com\/ro\/wp-json\/wp\/v2\/types\/page"}],"author":[{"embeddable":true,"href":"https:\/\/lottohoy.com\/ro\/wp-json\/wp\/v2\/users\/8"}],"replies":[{"embeddable":true,"href":"https:\/\/lottohoy.com\/ro\/wp-json\/wp\/v2\/comments?post=20549"}],"version-history":[{"count":1,"href":"https:\/\/lottohoy.com\/ro\/wp-json\/wp\/v2\/pages\/20549\/revisions"}],"predecessor-version":[{"id":20550,"href":"https:\/\/lottohoy.com\/ro\/wp-json\/wp\/v2\/pages\/20549\/revisions\/20550"}],"up":[{"embeddable":true,"href":"https:\/\/lottohoy.com\/ro\/wp-json\/wp\/v2\/pages\/14386"}],"wp:attachment":[{"href":"https:\/\/lottohoy.com\/ro\/wp-json\/wp\/v2\/media?parent=20549"}],"curies":[{"name":"wp","href":"https:\/\/api.w.org\/{rel}","templated":true}]}}