{"id":15109,"date":"2024-10-23T09:10:38","date_gmt":"2024-10-23T08:10:38","guid":{"rendered":"https:\/\/lottohoy.com\/?page_id=15109"},"modified":"2025-03-18T17:08:43","modified_gmt":"2025-03-18T17:08:43","slug":"jackpot-uri-la-loterie","status":"publish","type":"page","link":"https:\/\/lottohoy.com\/ro\/jackpot-uri-la-loterie\/","title":{"rendered":"Jackpot-uri la loterie"},"content":{"rendered":"<p>Mai jos pute\u021bi g\u0103si un tabel rezumat cu urm\u0103torul j<strong>ackpot \u0219i toate j<\/strong>ackpot-urile s\u0103pt\u0103m\u00e2nale ale loteriei.<\/p>\n<p>Aceast\u0103 sec\u021biune este actualizat\u0103 automat dup\u0103 fiecare extragere obi\u0219nuit\u0103 \u0219i extragere extraordinar\u0103 pentru a v\u0103 ar\u0103ta jackpot-urile pentru Euromillions, Mega Millions, Powerball, La Primitiva, Eurojackpot, el Gordo de la Primitiva \u0219i multe altele.<\/p>\n<p>F\u0103-\u021bi pronosticul \u0219i f\u0103c\u00e2nd clic pe \u201e<strong>Joac\u0103\u201d<\/strong> po\u021bi achizi\u021biona bilete \u0219i plasa pariurile pentru urm\u0103toarea extragere a fiec\u0103reia dintre loteriile listate pe acest site.<\/p>\n<h2>Ce sunt b\u0103rcile \u0219i cum func\u021bioneaz\u0103?<\/h2>\n<p>\u00cen jocurile de noroc \u0219i loterie, cuv\u00e2ntul <strong>jackpot<\/strong> sau jackpot se refer\u0103 la o sum\u0103 de bani acumulat\u0103 din premii neacordate la unele extrageri anterioare.<\/p>\n<p>Este ceea ce este adesea cunoscut sub numele de <strong>Premiul Jackpot,<\/strong><\/p>\n<p>Toate loteriile moderne \u0219i-au adaptat regulamentele pentru a atrage juc\u0103torii la o participare mai mare \u0219i, \u00een acest fel, fac irezistibil\u0103 tenta\u021bia de a juca la extrageri.<\/p>\n<p>Jackpot-urile de loterie ajut\u0103 la atragerea unui public mai mare, deoarece ofer\u0103 posibilitatea de a c\u00e2\u0219tiga premii care pot fi astronomice, tot prin acest site de loterie.<\/p>\n<p>Un jackpot sau un grup \u00eencepe s\u0103 fie creat \u00een momentul \u00een care nu exist\u0103 niciun c\u00e2\u0219tig\u0103tor \u00een niciuna dintre categoriile de la extragerile la loterie.<\/p>\n<p>Fiecare joc are propriul mod de a determina m\u0103rimea <strong>jackpot-urilor posibile<\/strong> pentru fiecare extragere, cum sunt repartiza\u021bi banii str\u00e2n\u0219i, ce por\u021bie merge la fiecare categorie de premii, dac\u0103 exist\u0103 un minim garantat sau dac\u0103 exist\u0103 un num\u0103r maxim de ori \u00een care se poate acumula un jackpot.<\/p>\n<h2>Jackpot-uri minime \u0219i jackpot-uri maxime, garantate la loterie<\/h2>\n<p>Dac\u0103 trecem \u00een revist\u0103 loteriile care acumuleaz\u0103 cele mai mari<strong> jackpot-uri,<\/strong> vom vedea c\u0103 unele pleac\u0103 de la minime la care ad\u0103ug\u0103m partea corespunz\u0103toare din colec\u021bie pentru extragere.<\/p>\n<p>Fiecare entitate organizatoare decide care este minimul \u00een func\u021bie de colec\u021bia estimat\u0103, loteriile americane fiind cele care \u00eencep cu cel mai mare jackpot.<\/p>\n<p>S\u0103 ne uit\u0103m la un tabel care ne arat\u0103 informa\u021bii despre b\u0103rci:<\/p>\n<table class=\"t1\" style=\"width: 564px;\" cellspacing=\"0\" cellpadding=\"0\">\n<tbody>\n<tr>\n<td class=\"td1\" style=\"width: 170.469px;\" valign=\"top\">\n<p class=\"p1\"><b>Minimum guaranteed<\/b><\/p>\n<\/td>\n<td class=\"td1\" style=\"width: 151.203px;\" valign=\"top\">\n<p class=\"p1\"><b>Maximun jackpot<\/b><\/p>\n<\/td>\n<td class=\"td1\" style=\"width: 116.141px;\" valign=\"top\">\n<p class=\"p1\"><b>Rollover<\/b><\/p>\n<\/td>\n<td class=\"td1\" style=\"width: 116.188px;\" valign=\"top\"><\/td>\n<\/tr>\n<tr>\n<td class=\"td1\" style=\"width: 170.469px;\" valign=\"top\">\n<p class=\"p1\">PowerBall jackpot<\/p>\n<\/td>\n<td class=\"td1\" style=\"width: 151.203px;\" valign=\"top\">\n<p class=\"p1\">$ 40 millions<\/p>\n<\/td>\n<td class=\"td1\" style=\"width: 116.141px;\" valign=\"top\">\n<p class=\"p1\">No limit<\/p>\n<\/td>\n<td class=\"td1\" style=\"width: 116.188px;\" valign=\"top\">\n<p class=\"p1\">No limit<\/p>\n<\/td>\n<\/tr>\n<tr>\n<td class=\"td1\" style=\"width: 170.469px;\" valign=\"top\">\n<p class=\"p1\">MegaMillions jackpot<\/p>\n<\/td>\n<td class=\"td1\" style=\"width: 151.203px;\" valign=\"top\">\n<p class=\"p1\">$ 40 millions*<\/p>\n<\/td>\n<td class=\"td1\" style=\"width: 116.141px;\" valign=\"top\">\n<p class=\"p1\">No limit<\/p>\n<\/td>\n<td class=\"td1\" style=\"width: 116.188px;\" valign=\"top\">\n<p class=\"p1\">No limit<\/p>\n<\/td>\n<\/tr>\n<tr>\n<td class=\"td1\" style=\"width: 170.469px;\" valign=\"top\">\n<p class=\"p1\">Euromillones jackpot<\/p>\n<\/td>\n<td class=\"td1\" style=\"width: 151.203px;\" valign=\"top\">\n<p class=\"p1\">\u20ac 20 millions<\/p>\n<\/td>\n<td class=\"td1\" style=\"width: 116.141px;\" valign=\"top\">\n<p class=\"p1\">\u20ac 250 millions<\/p>\n<\/td>\n<td class=\"td1\" style=\"width: 116.188px;\" valign=\"top\">\n<p class=\"p1\">4<\/p>\n<\/td>\n<\/tr>\n<tr>\n<td class=\"td1\" style=\"width: 170.469px;\" valign=\"top\">\n<p class=\"p1\">Eurojackpot jackpot<\/p>\n<\/td>\n<td class=\"td1\" style=\"width: 151.203px;\" valign=\"top\">\n<p class=\"p1\">\u20ac 10 millions<\/p>\n<\/td>\n<td class=\"td1\" style=\"width: 116.141px;\" valign=\"top\">\n<p class=\"p1\">\u20ac 120 millions<\/p>\n<\/td>\n<td class=\"td1\" style=\"width: 116.188px;\" valign=\"top\">\n<p class=\"p1\">1<\/p>\n<\/td>\n<\/tr>\n<tr>\n<td class=\"td1\" style=\"width: 170.469px;\" valign=\"top\">\n<p class=\"p1\">SuperEnalotto jackpot<\/p>\n<\/td>\n<td class=\"td1\" style=\"width: 151.203px;\" valign=\"top\">\n<p class=\"p1\">\u20ac 2 millions<\/p>\n<\/td>\n<td class=\"td1\" style=\"width: 116.141px;\" valign=\"top\">\n<p class=\"p1\">No limit<\/p>\n<\/td>\n<td class=\"td1\" style=\"width: 116.188px;\" valign=\"top\">\n<p class=\"p1\">No limit<\/p>\n<\/td>\n<\/tr>\n<tr>\n<td class=\"td1\" style=\"width: 170.469px;\" valign=\"top\">\n<p class=\"p1\">La Primitiva jackpot<\/p>\n<\/td>\n<td class=\"td1\" style=\"width: 151.203px;\" valign=\"top\">\n<p class=\"p1\">\u20ac 2 Millions<\/p>\n<\/td>\n<td class=\"td1\" style=\"width: 116.141px;\" valign=\"top\">\n<p class=\"p1\">No limit<\/p>\n<\/td>\n<td class=\"td1\" style=\"width: 116.188px;\" valign=\"top\">\n<p class=\"p1\">No limit<\/p>\n<\/td>\n<\/tr>\n<tr>\n<td class=\"td1\" style=\"width: 170.469px;\" valign=\"top\">\n<p class=\"p1\">OZ PowerBall jackpot<\/p>\n<\/td>\n<td class=\"td1\" style=\"width: 151.203px;\" valign=\"top\">\n<p class=\"p1\">AU $ 3 Millions<\/p>\n<\/td>\n<td class=\"td1\" style=\"width: 116.141px;\" valign=\"top\">\n<p class=\"p1\">No limit<\/p>\n<\/td>\n<td class=\"td1\" style=\"width: 116.188px;\" valign=\"top\">\n<p class=\"p1\">No limit<\/p>\n<\/td>\n<\/tr>\n<tr>\n<td class=\"td1\" style=\"width: 170.469px;\" valign=\"top\">\n<p class=\"p1\">BonoLoto jackpot<\/p>\n<\/td>\n<td class=\"td1\" style=\"width: 151.203px;\" valign=\"top\">\n<p class=\"p1\">\u20ac 0,400 Millions<\/p>\n<\/td>\n<td class=\"td1\" style=\"width: 116.141px;\" valign=\"top\">\n<p class=\"p1\">No limit<\/p>\n<\/td>\n<td class=\"td1\" style=\"width: 116.188px;\" valign=\"top\">\n<p class=\"p1\">No limit<\/p>\n<\/td>\n<\/tr>\n<tr>\n<td class=\"td1\" style=\"width: 170.469px;\" valign=\"top\">\n<p class=\"p1\">Gordo Primitiva jackpot<\/p>\n<\/td>\n<td class=\"td1\" style=\"width: 151.203px;\" valign=\"top\">\n<p class=\"p1\">\u20ac 5 Millions<\/p>\n<\/td>\n<td class=\"td1\" style=\"width: 116.141px;\" valign=\"top\">\n<p class=\"p1\">No limit<\/p>\n<\/td>\n<td class=\"td1\" style=\"width: 116.188px;\" valign=\"top\">\n<p class=\"p1\">No limit<\/p>\n<\/td>\n<\/tr>\n<tr>\n<td class=\"td1\" style=\"width: 170.469px;\" valign=\"top\">\n<p class=\"p1\">UK Lottery jackpot<\/p>\n<\/td>\n<td class=\"td1\" style=\"width: 151.203px;\" valign=\"top\">\n<p class=\"p1\">\u00a3 2 Millions**<\/p>\n<\/td>\n<td class=\"td1\" style=\"width: 116.141px;\" valign=\"top\">\n<p class=\"p1\">\u00a3 22 millions<\/p>\n<\/td>\n<td class=\"td1\" style=\"width: 116.188px;\" valign=\"top\">\n<p class=\"p1\">4<\/p>\n<\/td>\n<\/tr>\n<tr>\n<td class=\"td1\" style=\"width: 170.469px;\" valign=\"top\">\n<p class=\"p1\">Polish Lotto jackpot<\/p>\n<\/td>\n<td class=\"td1\" style=\"width: 151.203px;\" valign=\"top\">\n<p class=\"p1\">z\u0142 2 Millions<\/p>\n<\/td>\n<td class=\"td1\" style=\"width: 116.141px;\" valign=\"top\">\n<p class=\"p1\">No limit<\/p>\n<\/td>\n<td class=\"td1\" style=\"width: 116.188px;\" valign=\"top\">\n<p class=\"p1\">No limit<\/p>\n<\/td>\n<\/tr>\n<\/tbody>\n<\/table>\n<p><em>*\u00cen timpul pandemiei de COVID 19, premiul minim garantat a fost redus la 20 milioane USD<\/em><\/p>\n<p><em>**Nu este garantat, dar acea sum\u0103 minim\u0103 este estimat\u0103<\/em><\/p>\n<h2>Cum se acumuleaz\u0103 jackpot-urile la loterie<\/h2>\n<p>Indiferent de loterie, exist\u0103 o garan\u021bie minim\u0103 pentru premiul principal, ca urmare a \u00eencas\u0103rilor pentru \u00eengrijirea \u0219i reglementarea restului categoriei, indiferent dac\u0103 face parte din aceast\u0103 acumulare de jackpot-uri.<\/p>\n<p>Cu toate acestea, there is loterie precum PowerBall, MegaMillions \u0219i altele, care determin\u0103 sume fixe pentru premiile din categoria a two \u0219i apoi \u0219i numai pentru jackpot.<\/p>\n<h2>Repartizarea colec\u021biei pentru jackpot-urile la loterie<\/h2>\n<p>\u00cen general, atunci c\u00e2nd exist\u0103 deja o cantitate preexistent\u0103 de jackpot acumulat de la extragerile anterioare, procentul de colectare pentru urm\u0103torul se adaug\u0103 la <strong>jackpot-ul existent<\/strong>.<\/p>\n<p>Exist\u0103 loterie care aloc\u0103 un procent mare din \u00eencas\u0103rile de la fiecare extragere pentru a cre\u0219te jackpot-ul, iar altele, dimpotriv\u0103, prefer\u0103 s\u0103-l distribuie \u00eentre diferitele categorii prev\u0103zute.<\/p>\n<p>S\u0103 vedem cum o au loteriile care acumuleaz\u0103 cele mai multe jackpot-uri:<\/p>\n<table class=\"t1\" style=\"width: 507px;\" cellspacing=\"0\" cellpadding=\"0\">\n<tbody>\n<tr>\n<td class=\"td1\" style=\"width: 261.125px;\" valign=\"top\">\n<p class=\"p1\"><b>Percentage of collection for the jackpot<\/b><\/p>\n<\/td>\n<td class=\"td1\" style=\"width: 239.875px;\" valign=\"top\"><\/td>\n<\/tr>\n<tr>\n<td class=\"td1\" style=\"width: 261.125px;\" valign=\"top\">\n<p class=\"p1\"><b>PowerBall<\/b><\/p>\n<\/td>\n<td class=\"td1\" style=\"width: 239.875px;\" valign=\"top\">\n<p class=\"p1\">68.01% of collection + jackpot<\/p>\n<\/td>\n<\/tr>\n<tr>\n<td class=\"td1\" style=\"width: 261.125px;\" valign=\"top\">\n<p class=\"p1\"><b>MegaMillion<\/b><\/p>\n<\/td>\n<td class=\"td1\" style=\"width: 239.875px;\" valign=\"top\">\n<p class=\"p1\">65.15% of collection + jackpot<\/p>\n<\/td>\n<\/tr>\n<tr>\n<td class=\"td1\" style=\"width: 261.125px;\" valign=\"top\">\n<p class=\"p1\"><b>Euromillones EU<\/b><\/p>\n<\/td>\n<td class=\"td1\" style=\"width: 239.875px;\" valign=\"top\">\n<p class=\"p1\">43.20% 6 draws, and 27% after<\/p>\n<\/td>\n<\/tr>\n<tr>\n<td class=\"td1\" style=\"width: 261.125px;\" valign=\"top\">\n<p class=\"p1\"><b>Eurojackpot<\/b><\/p>\n<\/td>\n<td class=\"td1\" style=\"width: 239.875px;\" valign=\"top\">\n<p class=\"p1\">18% of collection + jackpot<\/p>\n<\/td>\n<\/tr>\n<tr>\n<td class=\"td1\" style=\"width: 261.125px;\" valign=\"top\">\n<p class=\"p1\"><b>SuperEnalotto<\/b><\/p>\n<\/td>\n<td class=\"td1\" style=\"width: 239.875px;\" valign=\"top\">\n<p class=\"p1\">17.4%<\/p>\n<\/td>\n<\/tr>\n<tr>\n<td class=\"td1\" style=\"width: 261.125px;\" valign=\"top\">\n<p class=\"p1\"><b>La Primitiva. ES<\/b><\/p>\n<\/td>\n<td class=\"td1\" style=\"width: 239.875px;\" valign=\"top\">\n<p class=\"p1\">6.18%<\/p>\n<\/td>\n<\/tr>\n<tr>\n<td class=\"td1\" style=\"width: 261.125px;\" valign=\"top\">\n<p class=\"p1\"><b>OZ PowerBall AU<\/b><\/p>\n<\/td>\n<td class=\"td1\" style=\"width: 239.875px;\" valign=\"top\">\n<p class=\"p1\">35%<\/p>\n<\/td>\n<\/tr>\n<tr>\n<td class=\"td1\" style=\"width: 261.125px;\" valign=\"top\">\n<p class=\"p1\"><b>Bono Loto. ES<\/b><\/p>\n<\/td>\n<td class=\"td1\" style=\"width: 239.875px;\" valign=\"top\">\n<p class=\"p1\">45%<\/p>\n<\/td>\n<\/tr>\n<tr>\n<td class=\"td1\" style=\"width: 261.125px;\" valign=\"top\">\n<p class=\"p1\"><b>El Gordo ES<\/b><\/p>\n<\/td>\n<td class=\"td1\" style=\"width: 239.875px;\" valign=\"top\">\n<p class=\"p1\">22%<\/p>\n<\/td>\n<\/tr>\n<tr>\n<td class=\"td1\" style=\"width: 261.125px;\" valign=\"top\">\n<p class=\"p1\"><b>UK Lottery<\/b><\/p>\n<\/td>\n<td class=\"td1\" style=\"width: 239.875px;\" valign=\"top\">\n<p class=\"p1\">83% initially, and 27% after<\/p>\n<\/td>\n<\/tr>\n<tr>\n<td class=\"td1\" style=\"width: 261.125px;\" valign=\"top\">\n<p class=\"p1\"><b>Polish Lotto PL<\/b><\/p>\n<\/td>\n<td class=\"td1\" style=\"width: 239.875px;\" valign=\"top\">\n<p class=\"p1\">44% initially, and 27% after<\/p>\n<\/td>\n<\/tr>\n<\/tbody>\n<\/table>\n<p>Cele mai mari jackpot-uri c\u00e2\u0219tigate<\/p>\n<p>Cele mai mari <strong>jackpot-uri<\/strong> \u00een bani livra\u021bi corespund lotteriilor americane (PowerBall \u0219i MegaMillions), dar jackpot-urile lotteriilor europene (Euromillones, Eurojackpot, SuperEnalotto, La Primitiva \u0219i loterii na\u021bionale din mai multe \u021b\u0103ri) nu sunt deloc de neglijat.<\/p>\n<h3>Cele mai mari jackpot-uri de loterie americane<\/h3>\n<p>Iat\u0103 o list\u0103 cu cele mai mari jackpot-uri din istoria lotteriilor americane:<\/p>\n<p><strong>2,04 miliarde de dolari,<\/strong> \u00een prezent \u00een 2025, cel mai mare jackpot acordat de loteria <strong><span style=\"color: #ff6600;\"><span style=\"color: #3366ff;\"><a style=\"color: #3366ff;\" href=\"https:\/\/lottohoy.com\/ro\/joaca-la-loterie-online\/joaca-powerball-online\/\">Powerball<\/a><\/span>,<\/span><\/strong> \u00een noiembrie 2022<\/p>\n<p><strong>1,6 miliarde de dolari.<\/strong> Nou record stabilit pe 23 octombrie 2018 \u00een <span style=\"color: #ff6600;\"><strong><span style=\"color: #3366ff;\"><a style=\"color: #3366ff;\" href=\"https:\/\/lottohoy.com\/ro\/joaca-la-loterie-online\/joaca-mega-millions\/\">MegaMillions<\/a><\/span>.<\/strong><\/span><\/p>\n<h3>Cele mai mari premii la loteriile europene<\/h3>\n<p>Spre deosebire de loteriile americane, premiile loteriei europene de la EuroMillions, Eurojackpot \u0219i altele, \u00een general, nu sunt supuse impozit\u0103rii, cu excep\u021bia unor \u021b\u0103ri, precum Spania, Portugalia sau Italia.<\/p>\n<p>Cele mai mari jackpot-uri de loterie europene de p\u00e2n\u0103 acum au fost urm\u0103toarele:<\/p>\n<p>Cel mai mare jackpot al loteriei <span style=\"color: #3366ff;\"><a style=\"color: #3366ff;\" href=\"https:\/\/lottohoy.com\/ro\/joaca-la-loterie-online\/joaca-euromillions\/\"><strong>EuroMillions <\/strong><\/a><\/span>este de <strong>240 de milioane de euro<\/strong> pe 8 decembrie 2023 pentru un c\u00e2\u0219tig\u0103tor din Austria.<\/p>\n<p>Cel mai mare jackpot din loteria<strong><span style=\"color: #ff6600;\"><span style=\"color: #3366ff;\"><a style=\"color: #3366ff;\" href=\"https:\/\/lottohoy.com\/ro\/joaca-la-loterie-online\/joaca-superenalotto\/\"> SuperEnalotto<\/a><\/span>.<\/span><\/strong> a fost de <strong>371,1 milioane EUR<\/strong> la 16.02.2023<\/p>\n<p>Loteria <strong><span style=\"color: #ff6600;\"><span style=\"color: #3366ff;\"><a style=\"color: #3366ff;\" href=\"https:\/\/lottohoy.com\/ro\/joaca-la-loterie-online\/joaca-eurojackpot\/\">Eurojackpot<\/a><\/span>,<\/span><\/strong> \u00een prezent jackpot-ul maxim este de <strong>120 de milioane de euro,<\/strong> iar pe parcursul anului 2024, a fost acordat de p\u00e2n\u0103 la 4 ori.<em> \u201eAnterior, jackpotul maxim era de 90 de milioane de euro \u0219i fusese acordat de cinci ori\u201d<\/em><\/p>\n<p>Cel mai mare jackpot <strong><span style=\"color: #333333;\">BonoLoto<\/span><\/strong> este de <strong>10,6 milioane de euro<\/strong>, la 17.01.2024<\/p>\n<p><strong><span style=\"color: #3366ff;\"><a style=\"color: #3366ff;\" href=\"https:\/\/lottohoy.com\/ro\/joaca-la-loterie-online\/joaca-la-primitiva\/\">Loteria La Primitiva<\/a><\/span> 101,7 milioane de euro<\/strong>, de ast\u0103zi, \u00een 10 ani nu a fost dep\u0103\u0219it\u0103<\/p>\n<p><strong>66.070.646 GBP<\/strong> la 01.09.2016 la <span style=\"color: #3366ff;\"><a style=\"color: #3366ff;\" href=\"https:\/\/lottohoy.com\/ro\/joaca-la-loterie-online\/joaca-lotto-uk\/\">loteria Regatului Unit.<\/a><\/span> Ulterior a fost plafonat\u0103 la 22 de milioane de lire sterline.<\/p>\n<p><strong>56 milioane Z\u0142<\/strong> (aproape 13 milioane euro) \u00een septembrie 2011 la l<strong>oteria polonez\u0103<\/strong>.<\/p>\n<p>Dac\u0103 vrei s\u0103-\u021bi \u00eencerci norocul \u0219i s\u0103 participi la urm\u0103toarea tragere a principalelor loterie din lume pentru a c\u00e2\u0219tiga urm\u0103torul jackpot, trebuie doar s\u0103 dai clic pe oricare dintre linkurile \u201eJoac\u0103\u201d pe care le vei g\u0103si \u00een tabelul din partea de sus a acestei pagini.<\/p>\n<p>Ce a\u015ftep\u0163i? Ai putea fi urm\u0103torul c\u00e2\u0219tig\u0103tor al unuia dintre aceste jackpot-uri la loterie.<\/p>\n","protected":false},"excerpt":{"rendered":"<p>Mai jos pute\u021bi g\u0103si un tabel rezumat cu urm\u0103torul jackpot \u0219i toate jackpot-urile s\u0103pt\u0103m\u00e2nale ale loteriei. Aceast\u0103 sec\u021biune este actualizat\u0103 automat dup\u0103 fiecare extragere obi\u0219nuit\u0103 \u0219i extragere extraordinar\u0103 pentru a v\u0103 ar\u0103ta jackpot-urile pentru Euromillions, Mega Millions, Powerball, La Primitiva, Eurojackpot, el Gordo de la Primitiva \u0219i multe altele. F\u0103-\u021bi pronosticul \u0219i f\u0103c\u00e2nd clic pe [&hellip;]<\/p>\n","protected":false},"author":2,"featured_media":0,"parent":0,"menu_order":6,"comment_status":"closed","ping_status":"closed","template":"","meta":{"_et_pb_use_builder":"","_et_pb_old_content":"","_et_gb_content_width":"","exclude_from_search":false,"footnotes":""},"class_list":["post-15109","page","type-page","status-publish","hentry"],"yoast_head":"<!-- This site is optimized with the Yoast SEO plugin v23.7 - https:\/\/yoast.com\/wordpress\/plugins\/seo\/ -->\n<title>Jackpot-uri la loterie - Lottohoy<\/title>\n<meta name=\"description\" content=\"Cele mai mari jackpot-uri la loto cu premii actualizate. Jackpoturi pentru Primitiva, Bonoloto, Euromillions, Powerball, El Gordo. Eurojackpot \u0219i multe altele.\" \/>\n<meta name=\"robots\" content=\"index, follow, max-snippet:-1, max-image-preview:large, max-video-preview:-1\" \/>\n<link rel=\"canonical\" href=\"https:\/\/lottohoy.com\/ro\/jackpot-uri-la-loterie\/\" \/>\n<meta property=\"og:locale\" content=\"ro_RO\" \/>\n<meta property=\"og:type\" content=\"article\" \/>\n<meta property=\"og:title\" content=\"Jackpot-uri la loterie - Lottohoy\" \/>\n<meta property=\"og:description\" content=\"Cele mai mari jackpot-uri la loto cu premii actualizate. Jackpoturi pentru Primitiva, Bonoloto, Euromillions, Powerball, El Gordo. Eurojackpot \u0219i multe altele.\" \/>\n<meta property=\"og:url\" content=\"https:\/\/lottohoy.com\/ro\/jackpot-uri-la-loterie\/\" \/>\n<meta property=\"og:site_name\" content=\"Lottohoy\" \/>\n<meta property=\"article:modified_time\" content=\"2025-03-18T17:08:43+00:00\" \/>\n<meta name=\"twitter:card\" content=\"summary_large_image\" \/>\n<meta name=\"twitter:label1\" content=\"Timp estimat pentru citire\" \/>\n\t<meta name=\"twitter:data1\" content=\"5 minute\" \/>\n<script type=\"application\/ld+json\" class=\"yoast-schema-graph\">{\"@context\":\"https:\/\/schema.org\",\"@graph\":[{\"@type\":\"WebPage\",\"@id\":\"https:\/\/lottohoy.com\/ro\/jackpot-uri-la-loterie\/\",\"url\":\"https:\/\/lottohoy.com\/ro\/jackpot-uri-la-loterie\/\",\"name\":\"Jackpot-uri la loterie - Lottohoy\",\"isPartOf\":{\"@id\":\"https:\/\/lottohoy.com\/ro\/#website\"},\"datePublished\":\"2024-10-23T08:10:38+00:00\",\"dateModified\":\"2025-03-18T17:08:43+00:00\",\"description\":\"Cele mai mari jackpot-uri la loto cu premii actualizate. Jackpoturi pentru Primitiva, Bonoloto, Euromillions, Powerball, El Gordo. Eurojackpot \u0219i multe altele.\",\"breadcrumb\":{\"@id\":\"https:\/\/lottohoy.com\/ro\/jackpot-uri-la-loterie\/#breadcrumb\"},\"inLanguage\":\"ro-RO\",\"potentialAction\":[{\"@type\":\"ReadAction\",\"target\":[\"https:\/\/lottohoy.com\/ro\/jackpot-uri-la-loterie\/\"]}]},{\"@type\":\"BreadcrumbList\",\"@id\":\"https:\/\/lottohoy.com\/ro\/jackpot-uri-la-loterie\/#breadcrumb\",\"itemListElement\":[{\"@type\":\"ListItem\",\"position\":1,\"name\":\"Home\",\"item\":\"https:\/\/lottohoy.com\/ro\/\"},{\"@type\":\"ListItem\",\"position\":2,\"name\":\"Jackpot-uri la loterie\"}]},{\"@type\":\"WebSite\",\"@id\":\"https:\/\/lottohoy.com\/ro\/#website\",\"url\":\"https:\/\/lottohoy.com\/ro\/\",\"name\":\"Lottohoy\",\"description\":\"\",\"potentialAction\":[{\"@type\":\"SearchAction\",\"target\":{\"@type\":\"EntryPoint\",\"urlTemplate\":\"https:\/\/lottohoy.com\/ro\/?s={search_term_string}\"},\"query-input\":{\"@type\":\"PropertyValueSpecification\",\"valueRequired\":true,\"valueName\":\"search_term_string\"}}],\"inLanguage\":\"ro-RO\"}]}<\/script>\n<!-- \/ Yoast SEO plugin. -->","yoast_head_json":{"title":"Jackpot-uri la loterie - Lottohoy","description":"Cele mai mari jackpot-uri la loto cu premii actualizate. Jackpoturi pentru Primitiva, Bonoloto, Euromillions, Powerball, El Gordo. Eurojackpot \u0219i multe altele.","robots":{"index":"index","follow":"follow","max-snippet":"max-snippet:-1","max-image-preview":"max-image-preview:large","max-video-preview":"max-video-preview:-1"},"canonical":"https:\/\/lottohoy.com\/ro\/jackpot-uri-la-loterie\/","og_locale":"ro_RO","og_type":"article","og_title":"Jackpot-uri la loterie - Lottohoy","og_description":"Cele mai mari jackpot-uri la loto cu premii actualizate. Jackpoturi pentru Primitiva, Bonoloto, Euromillions, Powerball, El Gordo. Eurojackpot \u0219i multe altele.","og_url":"https:\/\/lottohoy.com\/ro\/jackpot-uri-la-loterie\/","og_site_name":"Lottohoy","article_modified_time":"2025-03-18T17:08:43+00:00","twitter_card":"summary_large_image","twitter_misc":{"Timp estimat pentru citire":"5 minute"},"schema":{"@context":"https:\/\/schema.org","@graph":[{"@type":"WebPage","@id":"https:\/\/lottohoy.com\/ro\/jackpot-uri-la-loterie\/","url":"https:\/\/lottohoy.com\/ro\/jackpot-uri-la-loterie\/","name":"Jackpot-uri la loterie - Lottohoy","isPartOf":{"@id":"https:\/\/lottohoy.com\/ro\/#website"},"datePublished":"2024-10-23T08:10:38+00:00","dateModified":"2025-03-18T17:08:43+00:00","description":"Cele mai mari jackpot-uri la loto cu premii actualizate. Jackpoturi pentru Primitiva, Bonoloto, Euromillions, Powerball, El Gordo. Eurojackpot \u0219i multe altele.","breadcrumb":{"@id":"https:\/\/lottohoy.com\/ro\/jackpot-uri-la-loterie\/#breadcrumb"},"inLanguage":"ro-RO","potentialAction":[{"@type":"ReadAction","target":["https:\/\/lottohoy.com\/ro\/jackpot-uri-la-loterie\/"]}]},{"@type":"BreadcrumbList","@id":"https:\/\/lottohoy.com\/ro\/jackpot-uri-la-loterie\/#breadcrumb","itemListElement":[{"@type":"ListItem","position":1,"name":"Home","item":"https:\/\/lottohoy.com\/ro\/"},{"@type":"ListItem","position":2,"name":"Jackpot-uri la loterie"}]},{"@type":"WebSite","@id":"https:\/\/lottohoy.com\/ro\/#website","url":"https:\/\/lottohoy.com\/ro\/","name":"Lottohoy","description":"","potentialAction":[{"@type":"SearchAction","target":{"@type":"EntryPoint","urlTemplate":"https:\/\/lottohoy.com\/ro\/?s={search_term_string}"},"query-input":{"@type":"PropertyValueSpecification","valueRequired":true,"valueName":"search_term_string"}}],"inLanguage":"ro-RO"}]}},"_links":{"self":[{"href":"https:\/\/lottohoy.com\/ro\/wp-json\/wp\/v2\/pages\/15109","targetHints":{"allow":["GET"]}}],"collection":[{"href":"https:\/\/lottohoy.com\/ro\/wp-json\/wp\/v2\/pages"}],"about":[{"href":"https:\/\/lottohoy.com\/ro\/wp-json\/wp\/v2\/types\/page"}],"author":[{"embeddable":true,"href":"https:\/\/lottohoy.com\/ro\/wp-json\/wp\/v2\/users\/2"}],"replies":[{"embeddable":true,"href":"https:\/\/lottohoy.com\/ro\/wp-json\/wp\/v2\/comments?post=15109"}],"version-history":[{"count":3,"href":"https:\/\/lottohoy.com\/ro\/wp-json\/wp\/v2\/pages\/15109\/revisions"}],"predecessor-version":[{"id":15739,"href":"https:\/\/lottohoy.com\/ro\/wp-json\/wp\/v2\/pages\/15109\/revisions\/15739"}],"wp:attachment":[{"href":"https:\/\/lottohoy.com\/ro\/wp-json\/wp\/v2\/media?parent=15109"}],"curies":[{"name":"wp","href":"https:\/\/api.w.org\/{rel}","templated":true}]}}