{"id":15069,"date":"2018-08-23T10:31:30","date_gmt":"2018-08-23T09:31:30","guid":{"rendered":"https:\/\/lottohoy.com\/?page_id=15069"},"modified":"2025-03-18T17:03:04","modified_gmt":"2025-03-18T17:03:04","slug":"rezultatele-loteriei-loto-de-sambata","status":"publish","type":"page","link":"https:\/\/lottohoy.com\/ro\/rezultate-la-loterie\/rezultatele-loteriei-loto-de-sambata\/","title":{"rendered":"Rezultatele loteriei Loto de s\u00e2mb\u0103t\u0103"},"content":{"rendered":"<p>Aceast\u0103 pagin\u0103 prezint\u0103 o defalcare detaliat\u0103 a rezultatelor extragerii Loto de s\u00e2mb\u0103t\u0103, precum \u0219i jackpot-ul estimat (\u00een a\u0219teptarea controlului final) pentru extragerea organizat\u0103 \u0219i alte informa\u021bii de interes.<\/p>\n<h2>Rezultatele loteriei de s\u00e2mb\u0103t\u0103 din AU<\/h2>\n<p>Pe acest ecran pute\u021bi vedea un tabel care arat\u0103 rezultatele ultimei extrageri desf\u0103\u0219urate \u0219i distribuirea premiilor pentru fiecare dintre categorii. num\u0103rul estimat de c\u00e2\u0219tig\u0103tori pe categorie \u0219i suma care trebuie distribuit\u0103 \u00eentre to\u021bi.<\/p>\n<h2>Toate rezultatele Australian Saturday Loto<\/h2>\n<p>Pe l\u00e2ng\u0103 rezultatele afi\u0219ate \u00een caseta pentru aceast\u0103 ultim\u0103 extragere, aceast\u0103 pagin\u0103 poate fi accesat\u0103 \u0219i pentru a vedea rezultatele tuturor extragerilor anterioare desf\u0103\u0219urate, p\u00e2n\u0103 la v\u00e2rsta de 6 ani.<\/p>\n<p>\u00cen dreapta combina\u021biei c\u00e2\u0219tig\u0103toare apar casete gri cu s\u0103ge\u021bi de direc\u021bie care v\u0103 permit s\u0103 naviga\u021bi prin datele extragerilor anterioare.<\/p>\n","protected":false},"excerpt":{"rendered":"<p>Aceast\u0103 pagin\u0103 prezint\u0103 o defalcare detaliat\u0103 a rezultatelor extragerii Loto de s\u00e2mb\u0103t\u0103, precum \u0219i jackpot-ul estimat (\u00een a\u0219teptarea controlului final) pentru extragerea organizat\u0103 \u0219i alte informa\u021bii de interes. Rezultatele loteriei de s\u00e2mb\u0103t\u0103 din AU Pe acest ecran pute\u021bi vedea un tabel care arat\u0103 rezultatele ultimei extrageri desf\u0103\u0219urate \u0219i distribuirea premiilor pentru fiecare dintre categorii. num\u0103rul [&hellip;]<\/p>\n","protected":false},"author":2,"featured_media":0,"parent":14934,"menu_order":19,"comment_status":"closed","ping_status":"closed","template":"saturday-lotto-results.php","meta":{"_et_pb_use_builder":"","_et_pb_old_content":"","_et_gb_content_width":"","exclude_from_search":false,"footnotes":""},"class_list":["post-15069","page","type-page","status-publish","hentry"],"yoast_head":"<!-- This site is optimized with the Yoast SEO plugin v23.7 - https:\/\/yoast.com\/wordpress\/plugins\/seo\/ -->\n<title>Rezultatele loteriei Loto de s\u00e2mb\u0103t\u0103 - Lottohoy<\/title>\n<meta name=\"description\" content=\"G\u0103si\u021bi o defalcare detaliat\u0103 a rezultatelor extragerii Loto de s\u00e2mb\u0103t\u0103, precum \u0219i jackpotul estimat \u0219i alte date interesante.\" \/>\n<meta name=\"robots\" content=\"index, follow, max-snippet:-1, max-image-preview:large, max-video-preview:-1\" \/>\n<link rel=\"canonical\" href=\"https:\/\/lottohoy.com\/ro\/rezultate-la-loterie\/rezultatele-loteriei-loto-de-sambata\/\" \/>\n<meta property=\"og:locale\" content=\"ro_RO\" \/>\n<meta property=\"og:type\" content=\"article\" \/>\n<meta property=\"og:title\" content=\"Rezultatele loteriei Loto de s\u00e2mb\u0103t\u0103 - Lottohoy\" \/>\n<meta property=\"og:description\" content=\"G\u0103si\u021bi o defalcare detaliat\u0103 a rezultatelor extragerii Loto de s\u00e2mb\u0103t\u0103, precum \u0219i jackpotul estimat \u0219i alte date interesante.\" \/>\n<meta property=\"og:url\" content=\"https:\/\/lottohoy.com\/ro\/rezultate-la-loterie\/rezultatele-loteriei-loto-de-sambata\/\" \/>\n<meta property=\"og:site_name\" content=\"Lottohoy\" \/>\n<meta property=\"article:modified_time\" content=\"2025-03-18T17:03:04+00:00\" \/>\n<meta name=\"twitter:card\" content=\"summary_large_image\" \/>\n<meta name=\"twitter:label1\" content=\"Timp estimat pentru citire\" \/>\n\t<meta name=\"twitter:data1\" content=\"1 minut\" \/>\n<script type=\"application\/ld+json\" class=\"yoast-schema-graph\">{\"@context\":\"https:\/\/schema.org\",\"@graph\":[{\"@type\":\"WebPage\",\"@id\":\"https:\/\/lottohoy.com\/ro\/rezultate-la-loterie\/rezultatele-loteriei-loto-de-sambata\/\",\"url\":\"https:\/\/lottohoy.com\/ro\/rezultate-la-loterie\/rezultatele-loteriei-loto-de-sambata\/\",\"name\":\"Rezultatele loteriei Loto de s\u00e2mb\u0103t\u0103 - Lottohoy\",\"isPartOf\":{\"@id\":\"https:\/\/lottohoy.com\/ro\/#website\"},\"datePublished\":\"2018-08-23T09:31:30+00:00\",\"dateModified\":\"2025-03-18T17:03:04+00:00\",\"description\":\"G\u0103si\u021bi o defalcare detaliat\u0103 a rezultatelor extragerii Loto de s\u00e2mb\u0103t\u0103, precum \u0219i jackpotul estimat \u0219i alte date interesante.\",\"breadcrumb\":{\"@id\":\"https:\/\/lottohoy.com\/ro\/rezultate-la-loterie\/rezultatele-loteriei-loto-de-sambata\/#breadcrumb\"},\"inLanguage\":\"ro-RO\",\"potentialAction\":[{\"@type\":\"ReadAction\",\"target\":[\"https:\/\/lottohoy.com\/ro\/rezultate-la-loterie\/rezultatele-loteriei-loto-de-sambata\/\"]}]},{\"@type\":\"BreadcrumbList\",\"@id\":\"https:\/\/lottohoy.com\/ro\/rezultate-la-loterie\/rezultatele-loteriei-loto-de-sambata\/#breadcrumb\",\"itemListElement\":[{\"@type\":\"ListItem\",\"position\":1,\"name\":\"Home\",\"item\":\"https:\/\/lottohoy.com\/ro\/\"},{\"@type\":\"ListItem\",\"position\":2,\"name\":\"rezultate la loterie\",\"item\":\"https:\/\/lottohoy.com\/ro\/rezultate-la-loterie\/\"},{\"@type\":\"ListItem\",\"position\":3,\"name\":\"Rezultatele loteriei Loto de s\u00e2mb\u0103t\u0103\"}]},{\"@type\":\"WebSite\",\"@id\":\"https:\/\/lottohoy.com\/ro\/#website\",\"url\":\"https:\/\/lottohoy.com\/ro\/\",\"name\":\"Lottohoy\",\"description\":\"\",\"potentialAction\":[{\"@type\":\"SearchAction\",\"target\":{\"@type\":\"EntryPoint\",\"urlTemplate\":\"https:\/\/lottohoy.com\/ro\/?s={search_term_string}\"},\"query-input\":{\"@type\":\"PropertyValueSpecification\",\"valueRequired\":true,\"valueName\":\"search_term_string\"}}],\"inLanguage\":\"ro-RO\"}]}<\/script>\n<!-- \/ Yoast SEO plugin. -->","yoast_head_json":{"title":"Rezultatele loteriei Loto de s\u00e2mb\u0103t\u0103 - Lottohoy","description":"G\u0103si\u021bi o defalcare detaliat\u0103 a rezultatelor extragerii Loto de s\u00e2mb\u0103t\u0103, precum \u0219i jackpotul estimat \u0219i alte date interesante.","robots":{"index":"index","follow":"follow","max-snippet":"max-snippet:-1","max-image-preview":"max-image-preview:large","max-video-preview":"max-video-preview:-1"},"canonical":"https:\/\/lottohoy.com\/ro\/rezultate-la-loterie\/rezultatele-loteriei-loto-de-sambata\/","og_locale":"ro_RO","og_type":"article","og_title":"Rezultatele loteriei Loto de s\u00e2mb\u0103t\u0103 - Lottohoy","og_description":"G\u0103si\u021bi o defalcare detaliat\u0103 a rezultatelor extragerii Loto de s\u00e2mb\u0103t\u0103, precum \u0219i jackpotul estimat \u0219i alte date interesante.","og_url":"https:\/\/lottohoy.com\/ro\/rezultate-la-loterie\/rezultatele-loteriei-loto-de-sambata\/","og_site_name":"Lottohoy","article_modified_time":"2025-03-18T17:03:04+00:00","twitter_card":"summary_large_image","twitter_misc":{"Timp estimat pentru citire":"1 minut"},"schema":{"@context":"https:\/\/schema.org","@graph":[{"@type":"WebPage","@id":"https:\/\/lottohoy.com\/ro\/rezultate-la-loterie\/rezultatele-loteriei-loto-de-sambata\/","url":"https:\/\/lottohoy.com\/ro\/rezultate-la-loterie\/rezultatele-loteriei-loto-de-sambata\/","name":"Rezultatele loteriei Loto de s\u00e2mb\u0103t\u0103 - Lottohoy","isPartOf":{"@id":"https:\/\/lottohoy.com\/ro\/#website"},"datePublished":"2018-08-23T09:31:30+00:00","dateModified":"2025-03-18T17:03:04+00:00","description":"G\u0103si\u021bi o defalcare detaliat\u0103 a rezultatelor extragerii Loto de s\u00e2mb\u0103t\u0103, precum \u0219i jackpotul estimat \u0219i alte date interesante.","breadcrumb":{"@id":"https:\/\/lottohoy.com\/ro\/rezultate-la-loterie\/rezultatele-loteriei-loto-de-sambata\/#breadcrumb"},"inLanguage":"ro-RO","potentialAction":[{"@type":"ReadAction","target":["https:\/\/lottohoy.com\/ro\/rezultate-la-loterie\/rezultatele-loteriei-loto-de-sambata\/"]}]},{"@type":"BreadcrumbList","@id":"https:\/\/lottohoy.com\/ro\/rezultate-la-loterie\/rezultatele-loteriei-loto-de-sambata\/#breadcrumb","itemListElement":[{"@type":"ListItem","position":1,"name":"Home","item":"https:\/\/lottohoy.com\/ro\/"},{"@type":"ListItem","position":2,"name":"rezultate la loterie","item":"https:\/\/lottohoy.com\/ro\/rezultate-la-loterie\/"},{"@type":"ListItem","position":3,"name":"Rezultatele loteriei Loto de s\u00e2mb\u0103t\u0103"}]},{"@type":"WebSite","@id":"https:\/\/lottohoy.com\/ro\/#website","url":"https:\/\/lottohoy.com\/ro\/","name":"Lottohoy","description":"","potentialAction":[{"@type":"SearchAction","target":{"@type":"EntryPoint","urlTemplate":"https:\/\/lottohoy.com\/ro\/?s={search_term_string}"},"query-input":{"@type":"PropertyValueSpecification","valueRequired":true,"valueName":"search_term_string"}}],"inLanguage":"ro-RO"}]}},"_links":{"self":[{"href":"https:\/\/lottohoy.com\/ro\/wp-json\/wp\/v2\/pages\/15069","targetHints":{"allow":["GET"]}}],"collection":[{"href":"https:\/\/lottohoy.com\/ro\/wp-json\/wp\/v2\/pages"}],"about":[{"href":"https:\/\/lottohoy.com\/ro\/wp-json\/wp\/v2\/types\/page"}],"author":[{"embeddable":true,"href":"https:\/\/lottohoy.com\/ro\/wp-json\/wp\/v2\/users\/2"}],"replies":[{"embeddable":true,"href":"https:\/\/lottohoy.com\/ro\/wp-json\/wp\/v2\/comments?post=15069"}],"version-history":[{"count":1,"href":"https:\/\/lottohoy.com\/ro\/wp-json\/wp\/v2\/pages\/15069\/revisions"}],"predecessor-version":[{"id":15070,"href":"https:\/\/lottohoy.com\/ro\/wp-json\/wp\/v2\/pages\/15069\/revisions\/15070"}],"up":[{"embeddable":true,"href":"https:\/\/lottohoy.com\/ro\/wp-json\/wp\/v2\/pages\/14934"}],"wp:attachment":[{"href":"https:\/\/lottohoy.com\/ro\/wp-json\/wp\/v2\/media?parent=15069"}],"curies":[{"name":"wp","href":"https:\/\/api.w.org\/{rel}","templated":true}]}}