{"id":15063,"date":"2018-08-22T10:28:14","date_gmt":"2018-08-22T09:28:14","guid":{"rendered":"https:\/\/lottohoy.com\/?page_id=15063"},"modified":"2025-03-18T16:58:49","modified_gmt":"2025-03-18T16:58:49","slug":"rezultate-powerball-au","status":"publish","type":"page","link":"https:\/\/lottohoy.com\/ro\/rezultate-la-loterie\/rezultate-powerball-au\/","title":{"rendered":"Rezultate Powerball AU"},"content":{"rendered":"<p>Aceast\u0103 pagin\u0103 prezint\u0103 o defalcare detaliat\u0103 a rezultatelor extragerii la loterie <span style=\"color: #3366ff;\"><a style=\"color: #3366ff;\" href=\"https:\/\/lottohoy.com\/ro\/joaca-la-loterie-online\/joaca-powerball-au\/\">PowerBall AU<\/a><\/span>, jackpot-ul estimat pentru extragerea de\u021binut\u0103 \u0219i alte informa\u021bii de interes.<\/p>\n<h2>Rezultatele PowerBall AU de ast\u0103zi<\/h2>\n<p>\u00cen caset\u0103 sunt prezentate rezultatele ultimei extrageri desf\u0103\u0219urate \u0219i distribuirea premiilor pentru fiecare dintre categorii.<\/p>\n<p>La fel, num\u0103rul estimat de c\u00e2\u0219tig\u0103tori pe categorie \u0219i suma de repartizat \u00eentre ace\u0219tia, \u021bin\u00e2nd cont c\u0103 categoriile inferioare nu au o sum\u0103 fix\u0103 \u200b\u200balocat\u0103.<\/p>\n<h2>Toate rezultatele Australian PowerBall<\/h2>\n<p>Pe l\u00e2ng\u0103 rezultatele afi\u0219ate \u00een caseta pentru aceast\u0103 ultim\u0103 extragere, aceast\u0103 pagin\u0103 poate fi accesat\u0103 \u0219i pentru a vedea rezultatele tuturor extragerilor anterioare desf\u0103\u0219urate, de la ultima actualizare din 19 aprilie 2018.<\/p>\n<p>\u00cen dreapta combina\u021biei c\u00e2\u0219tig\u0103toare afi\u0219ate din aceast\u0103 ultim\u0103 tragere, apar casete gri cu s\u0103ge\u021bi de direc\u021bie care v\u0103 permit s\u0103 naviga\u021bi prin datele extragerii anterioare.<\/p>\n","protected":false},"excerpt":{"rendered":"<p>Aceast\u0103 pagin\u0103 prezint\u0103 o defalcare detaliat\u0103 a rezultatelor extragerii la loterie PowerBall AU, jackpot-ul estimat pentru extragerea de\u021binut\u0103 \u0219i alte informa\u021bii de interes. Rezultatele PowerBall AU de ast\u0103zi \u00cen caset\u0103 sunt prezentate rezultatele ultimei extrageri desf\u0103\u0219urate \u0219i distribuirea premiilor pentru fiecare dintre categorii. La fel, num\u0103rul estimat de c\u00e2\u0219tig\u0103tori pe categorie \u0219i suma de repartizat [&hellip;]<\/p>\n","protected":false},"author":2,"featured_media":0,"parent":14934,"menu_order":17,"comment_status":"closed","ping_status":"closed","template":"powerball-au-results.php","meta":{"_et_pb_use_builder":"","_et_pb_old_content":"","_et_gb_content_width":"","exclude_from_search":false,"footnotes":""},"class_list":["post-15063","page","type-page","status-publish","hentry"],"yoast_head":"<!-- This site is optimized with the Yoast SEO plugin v23.7 - https:\/\/yoast.com\/wordpress\/plugins\/seo\/ -->\n<title>Rezultate Powerball AU - Lottohoy<\/title>\n<meta name=\"description\" content=\"Aceast\u0103 pagin\u0103 prezint\u0103 o defalcare detaliat\u0103 a rezultatelor extragerii loteriei PowerBall AU, jackpot-ul estimat pentru extragere \u0219i alte informa\u021bii.\" \/>\n<meta name=\"robots\" content=\"index, follow, max-snippet:-1, max-image-preview:large, max-video-preview:-1\" \/>\n<link rel=\"canonical\" href=\"https:\/\/lottohoy.com\/ro\/rezultate-la-loterie\/rezultate-powerball-au\/\" \/>\n<meta property=\"og:locale\" content=\"ro_RO\" \/>\n<meta property=\"og:type\" content=\"article\" \/>\n<meta property=\"og:title\" content=\"Rezultate Powerball AU - Lottohoy\" \/>\n<meta property=\"og:description\" content=\"Aceast\u0103 pagin\u0103 prezint\u0103 o defalcare detaliat\u0103 a rezultatelor extragerii loteriei PowerBall AU, jackpot-ul estimat pentru extragere \u0219i alte informa\u021bii.\" \/>\n<meta property=\"og:url\" content=\"https:\/\/lottohoy.com\/ro\/rezultate-la-loterie\/rezultate-powerball-au\/\" \/>\n<meta property=\"og:site_name\" content=\"Lottohoy\" \/>\n<meta property=\"article:modified_time\" content=\"2025-03-18T16:58:49+00:00\" \/>\n<meta name=\"twitter:card\" content=\"summary_large_image\" \/>\n<meta name=\"twitter:label1\" content=\"Timp estimat pentru citire\" \/>\n\t<meta name=\"twitter:data1\" content=\"1 minut\" \/>\n<script type=\"application\/ld+json\" class=\"yoast-schema-graph\">{\"@context\":\"https:\/\/schema.org\",\"@graph\":[{\"@type\":\"WebPage\",\"@id\":\"https:\/\/lottohoy.com\/ro\/rezultate-la-loterie\/rezultate-powerball-au\/\",\"url\":\"https:\/\/lottohoy.com\/ro\/rezultate-la-loterie\/rezultate-powerball-au\/\",\"name\":\"Rezultate Powerball AU - Lottohoy\",\"isPartOf\":{\"@id\":\"https:\/\/lottohoy.com\/ro\/#website\"},\"datePublished\":\"2018-08-22T09:28:14+00:00\",\"dateModified\":\"2025-03-18T16:58:49+00:00\",\"description\":\"Aceast\u0103 pagin\u0103 prezint\u0103 o defalcare detaliat\u0103 a rezultatelor extragerii loteriei PowerBall AU, jackpot-ul estimat pentru extragere \u0219i alte informa\u021bii.\",\"breadcrumb\":{\"@id\":\"https:\/\/lottohoy.com\/ro\/rezultate-la-loterie\/rezultate-powerball-au\/#breadcrumb\"},\"inLanguage\":\"ro-RO\",\"potentialAction\":[{\"@type\":\"ReadAction\",\"target\":[\"https:\/\/lottohoy.com\/ro\/rezultate-la-loterie\/rezultate-powerball-au\/\"]}]},{\"@type\":\"BreadcrumbList\",\"@id\":\"https:\/\/lottohoy.com\/ro\/rezultate-la-loterie\/rezultate-powerball-au\/#breadcrumb\",\"itemListElement\":[{\"@type\":\"ListItem\",\"position\":1,\"name\":\"Home\",\"item\":\"https:\/\/lottohoy.com\/ro\/\"},{\"@type\":\"ListItem\",\"position\":2,\"name\":\"rezultate la loterie\",\"item\":\"https:\/\/lottohoy.com\/ro\/rezultate-la-loterie\/\"},{\"@type\":\"ListItem\",\"position\":3,\"name\":\"Rezultate Powerball AU\"}]},{\"@type\":\"WebSite\",\"@id\":\"https:\/\/lottohoy.com\/ro\/#website\",\"url\":\"https:\/\/lottohoy.com\/ro\/\",\"name\":\"Lottohoy\",\"description\":\"\",\"potentialAction\":[{\"@type\":\"SearchAction\",\"target\":{\"@type\":\"EntryPoint\",\"urlTemplate\":\"https:\/\/lottohoy.com\/ro\/?s={search_term_string}\"},\"query-input\":{\"@type\":\"PropertyValueSpecification\",\"valueRequired\":true,\"valueName\":\"search_term_string\"}}],\"inLanguage\":\"ro-RO\"}]}<\/script>\n<!-- \/ Yoast SEO plugin. -->","yoast_head_json":{"title":"Rezultate Powerball AU - Lottohoy","description":"Aceast\u0103 pagin\u0103 prezint\u0103 o defalcare detaliat\u0103 a rezultatelor extragerii loteriei PowerBall AU, jackpot-ul estimat pentru extragere \u0219i alte informa\u021bii.","robots":{"index":"index","follow":"follow","max-snippet":"max-snippet:-1","max-image-preview":"max-image-preview:large","max-video-preview":"max-video-preview:-1"},"canonical":"https:\/\/lottohoy.com\/ro\/rezultate-la-loterie\/rezultate-powerball-au\/","og_locale":"ro_RO","og_type":"article","og_title":"Rezultate Powerball AU - Lottohoy","og_description":"Aceast\u0103 pagin\u0103 prezint\u0103 o defalcare detaliat\u0103 a rezultatelor extragerii loteriei PowerBall AU, jackpot-ul estimat pentru extragere \u0219i alte informa\u021bii.","og_url":"https:\/\/lottohoy.com\/ro\/rezultate-la-loterie\/rezultate-powerball-au\/","og_site_name":"Lottohoy","article_modified_time":"2025-03-18T16:58:49+00:00","twitter_card":"summary_large_image","twitter_misc":{"Timp estimat pentru citire":"1 minut"},"schema":{"@context":"https:\/\/schema.org","@graph":[{"@type":"WebPage","@id":"https:\/\/lottohoy.com\/ro\/rezultate-la-loterie\/rezultate-powerball-au\/","url":"https:\/\/lottohoy.com\/ro\/rezultate-la-loterie\/rezultate-powerball-au\/","name":"Rezultate Powerball AU - Lottohoy","isPartOf":{"@id":"https:\/\/lottohoy.com\/ro\/#website"},"datePublished":"2018-08-22T09:28:14+00:00","dateModified":"2025-03-18T16:58:49+00:00","description":"Aceast\u0103 pagin\u0103 prezint\u0103 o defalcare detaliat\u0103 a rezultatelor extragerii loteriei PowerBall AU, jackpot-ul estimat pentru extragere \u0219i alte informa\u021bii.","breadcrumb":{"@id":"https:\/\/lottohoy.com\/ro\/rezultate-la-loterie\/rezultate-powerball-au\/#breadcrumb"},"inLanguage":"ro-RO","potentialAction":[{"@type":"ReadAction","target":["https:\/\/lottohoy.com\/ro\/rezultate-la-loterie\/rezultate-powerball-au\/"]}]},{"@type":"BreadcrumbList","@id":"https:\/\/lottohoy.com\/ro\/rezultate-la-loterie\/rezultate-powerball-au\/#breadcrumb","itemListElement":[{"@type":"ListItem","position":1,"name":"Home","item":"https:\/\/lottohoy.com\/ro\/"},{"@type":"ListItem","position":2,"name":"rezultate la loterie","item":"https:\/\/lottohoy.com\/ro\/rezultate-la-loterie\/"},{"@type":"ListItem","position":3,"name":"Rezultate Powerball AU"}]},{"@type":"WebSite","@id":"https:\/\/lottohoy.com\/ro\/#website","url":"https:\/\/lottohoy.com\/ro\/","name":"Lottohoy","description":"","potentialAction":[{"@type":"SearchAction","target":{"@type":"EntryPoint","urlTemplate":"https:\/\/lottohoy.com\/ro\/?s={search_term_string}"},"query-input":{"@type":"PropertyValueSpecification","valueRequired":true,"valueName":"search_term_string"}}],"inLanguage":"ro-RO"}]}},"_links":{"self":[{"href":"https:\/\/lottohoy.com\/ro\/wp-json\/wp\/v2\/pages\/15063","targetHints":{"allow":["GET"]}}],"collection":[{"href":"https:\/\/lottohoy.com\/ro\/wp-json\/wp\/v2\/pages"}],"about":[{"href":"https:\/\/lottohoy.com\/ro\/wp-json\/wp\/v2\/types\/page"}],"author":[{"embeddable":true,"href":"https:\/\/lottohoy.com\/ro\/wp-json\/wp\/v2\/users\/2"}],"replies":[{"embeddable":true,"href":"https:\/\/lottohoy.com\/ro\/wp-json\/wp\/v2\/comments?post=15063"}],"version-history":[{"count":2,"href":"https:\/\/lottohoy.com\/ro\/wp-json\/wp\/v2\/pages\/15063\/revisions"}],"predecessor-version":[{"id":15737,"href":"https:\/\/lottohoy.com\/ro\/wp-json\/wp\/v2\/pages\/15063\/revisions\/15737"}],"up":[{"embeddable":true,"href":"https:\/\/lottohoy.com\/ro\/wp-json\/wp\/v2\/pages\/14934"}],"wp:attachment":[{"href":"https:\/\/lottohoy.com\/ro\/wp-json\/wp\/v2\/media?parent=15063"}],"curies":[{"name":"wp","href":"https:\/\/api.w.org\/{rel}","templated":true}]}}