{"id":15055,"date":"2020-08-10T15:58:35","date_gmt":"2020-08-10T14:58:35","guid":{"rendered":"https:\/\/lottohoy.com\/?page_id=15055"},"modified":"2025-03-18T16:54:57","modified_gmt":"2025-03-18T16:54:57","slug":"rezultate-mega-sena","status":"publish","type":"page","link":"https:\/\/lottohoy.com\/ro\/rezultate-la-loterie\/rezultate-mega-sena\/","title":{"rendered":"Rezultate Mega Sena"},"content":{"rendered":"<h2>Verifica\u021bi rezultatele Mega Sena<\/h2>\n<p>Pentru a verifica combina\u021bia c\u00e2\u0219tig\u0103toare a extragerii Mega Sena, compara\u021bi pur \u0219i simplu numerele combina\u021biei afi\u0219ate pe bilet cu rezultatul afi\u0219at pe aceea\u0219i pagin\u0103.<\/p>\n<p>Pute\u021bi accesa \u0219i contul de utilizator, unde vor fi reflectate toate mi\u0219c\u0103rile, inclusiv premiile ob\u021binute.<\/p>\n<p>Pe aceea\u0219i pagin\u0103, pute\u021bi verifica \u0219i totalul, c\u00e2\u0219tig\u0103torii \u0219i premiile din fiecare dintre categorii \u0219i extragerile anterioare de p\u00e2n\u0103 la 24 de luni.<\/p>\n<h2>Cum este distribuirea premiilor?<\/h2>\n<p>Aceast\u0103 pagin\u0103 prezint\u0103 combina\u021bia c\u00e2\u0219tig\u0103toare a ultimei extrageri \u0219i repartizarea premiilor corespunz\u0103toare fiec\u0103rei categorii.<\/p>\n<p>Dac\u0103 sunte\u021bi utilizator \u00eenregistrat, premiile ob\u021binute sunt depuse direct \u00een contul de utilizator, permi\u021b\u00e2ndu-v\u0103 s\u0103 ave\u021bi bani \u00een sold, astfel \u00eenc\u00e2t din nou \u0219i dac\u0103 dori\u021bi, s\u0103 pute\u021bi juca sau solicita o retragere de fonduri.<\/p>\n<h2>Cele mai mari premii \u0219i jackpot-uri ale loteriei Mega Sena<\/h2>\n<p>Premiul minim garantat este de 2.000.000 R$. Prima categorie de premiu este cumulativ\u0103 dac\u0103 nu exist\u0103 niciun c\u00e2\u0219tig\u0103tor la extragere, iar premiul continu\u0103 s\u0103 se acumuleze f\u0103r\u0103 limit\u0103.<\/p>\n<p>Cel mai mare jackpot acumulat \u00een istoria acestei loterie a fost \u00een 2017, care a atins un record de 306.718.743,71 R$ (echivalentul a 49.074.999 \u20ac)<\/p>\n<p>Mega Sena este o loterie pe care am putea-o considera \u201eu\u0219oar\u0103\u201d \u0219i, de\u0219i are un premiu minim garantat de 2.000.000 de euro pentru c\u00e2\u0219tig\u0103torii de prim\u0103 clas\u0103 (6 hit-uri), jackpot-urile cumulate de sume de peste milioane de dolari nu sunt de obicei ob\u021binute ca alte loterie europene sau americane. \u0218i asta pentru c\u0103 este posibil s\u0103 o faci corect \u00een mod frecvent \u0219i sunt mul\u021bi milionari pe care i-a creat aceast\u0103 loterie.<\/p>\n<h2>Cele mai frecvente numere din Mega Sena<\/h2>\n<p>De la \u00eenceputul extragerii \u00een martie 1996, numerele care au fost extrase cel mai frecvent au fost:<\/p>\n<p>A\u0219a-numitele \u201enumere fierbin\u021bi\u201d 10, 53, 23, 5, 4 \u0219i 33<\/p>\n<p>A\u0219a-numitele \u201enumere reci\u201d 25, 55, 21, 22, 3 \u0219i 15<\/p>\n<p>Dintre numerele principale, cele care au avut cele mai multe apari\u021bii sunt:<\/p>\n<p>Num\u0103rul 10, cu 262 de apari\u021bii<br \/>\nNum\u0103rul 55, cu 261 de apari\u021bii<br \/>\nDimpotriv\u0103, c\u00e2nd ne uit\u0103m la numerele care au ap\u0103rut de cele mai pu\u021bine ori, vedem c\u0103 num\u0103rul 26 a avut doar 187 de apari\u021bii.<\/p>\n<p>\u0218i pentru iubitorii de statistici:<\/p>\n<p>Cele mai comune perechi au fost 5 \u0219i 33 sau 5 \u0219i 27<br \/>\nPerechile consecutive au fost 51 \u0219i 52 sau 41 \u0219i 42<br \/>\nCele mai comune triouri au fost: 24-25 \u0219i 42<br \/>\n\u0218i \u00een cele din urm\u0103 triourile consecutive au fost: 6-7 \u0219i 8<\/p>\n","protected":false},"excerpt":{"rendered":"<p>Verifica\u021bi rezultatele Mega Sena Pentru a verifica combina\u021bia c\u00e2\u0219tig\u0103toare a extragerii Mega Sena, compara\u021bi pur \u0219i simplu numerele combina\u021biei afi\u0219ate pe bilet cu rezultatul afi\u0219at pe aceea\u0219i pagin\u0103. Pute\u021bi accesa \u0219i contul de utilizator, unde vor fi reflectate toate mi\u0219c\u0103rile, inclusiv premiile ob\u021binute. Pe aceea\u0219i pagin\u0103, pute\u021bi verifica \u0219i totalul, c\u00e2\u0219tig\u0103torii \u0219i premiile din fiecare [&hellip;]<\/p>\n","protected":false},"author":2,"featured_media":0,"parent":14934,"menu_order":16,"comment_status":"closed","ping_status":"closed","template":"megasena-results.php","meta":{"_et_pb_use_builder":"","_et_pb_old_content":"","_et_gb_content_width":"","exclude_from_search":false,"footnotes":""},"class_list":["post-15055","page","type-page","status-publish","hentry"],"yoast_head":"<!-- This site is optimized with the Yoast SEO plugin v23.7 - https:\/\/yoast.com\/wordpress\/plugins\/seo\/ -->\n<title>Rezultate Mega Sena - Lottohoy<\/title>\n<meta name=\"description\" content=\"Verifica\u021bi dac\u0103 a\u021bi c\u00e2\u0219tigat un premiu la extrageri \u0219i compara\u021bi pariul plasat, sunt afi\u0219ate rezultatele Mega Sena de la ultima extragere.\" \/>\n<meta name=\"robots\" content=\"index, follow, max-snippet:-1, max-image-preview:large, max-video-preview:-1\" \/>\n<link rel=\"canonical\" href=\"https:\/\/lottohoy.com\/ro\/rezultate-la-loterie\/rezultate-mega-sena\/\" \/>\n<meta property=\"og:locale\" content=\"ro_RO\" \/>\n<meta property=\"og:type\" content=\"article\" \/>\n<meta property=\"og:title\" content=\"Rezultate Mega Sena - Lottohoy\" \/>\n<meta property=\"og:description\" content=\"Verifica\u021bi dac\u0103 a\u021bi c\u00e2\u0219tigat un premiu la extrageri \u0219i compara\u021bi pariul plasat, sunt afi\u0219ate rezultatele Mega Sena de la ultima extragere.\" \/>\n<meta property=\"og:url\" content=\"https:\/\/lottohoy.com\/ro\/rezultate-la-loterie\/rezultate-mega-sena\/\" \/>\n<meta property=\"og:site_name\" content=\"Lottohoy\" \/>\n<meta property=\"article:modified_time\" content=\"2025-03-18T16:54:57+00:00\" \/>\n<meta name=\"twitter:card\" content=\"summary_large_image\" \/>\n<meta name=\"twitter:label1\" content=\"Timp estimat pentru citire\" \/>\n\t<meta name=\"twitter:data1\" content=\"2 minute\" \/>\n<script type=\"application\/ld+json\" class=\"yoast-schema-graph\">{\"@context\":\"https:\/\/schema.org\",\"@graph\":[{\"@type\":\"WebPage\",\"@id\":\"https:\/\/lottohoy.com\/ro\/rezultate-la-loterie\/rezultate-mega-sena\/\",\"url\":\"https:\/\/lottohoy.com\/ro\/rezultate-la-loterie\/rezultate-mega-sena\/\",\"name\":\"Rezultate Mega Sena - Lottohoy\",\"isPartOf\":{\"@id\":\"https:\/\/lottohoy.com\/ro\/#website\"},\"datePublished\":\"2020-08-10T14:58:35+00:00\",\"dateModified\":\"2025-03-18T16:54:57+00:00\",\"description\":\"Verifica\u021bi dac\u0103 a\u021bi c\u00e2\u0219tigat un premiu la extrageri \u0219i compara\u021bi pariul plasat, sunt afi\u0219ate rezultatele Mega Sena de la ultima extragere.\",\"breadcrumb\":{\"@id\":\"https:\/\/lottohoy.com\/ro\/rezultate-la-loterie\/rezultate-mega-sena\/#breadcrumb\"},\"inLanguage\":\"ro-RO\",\"potentialAction\":[{\"@type\":\"ReadAction\",\"target\":[\"https:\/\/lottohoy.com\/ro\/rezultate-la-loterie\/rezultate-mega-sena\/\"]}]},{\"@type\":\"BreadcrumbList\",\"@id\":\"https:\/\/lottohoy.com\/ro\/rezultate-la-loterie\/rezultate-mega-sena\/#breadcrumb\",\"itemListElement\":[{\"@type\":\"ListItem\",\"position\":1,\"name\":\"Home\",\"item\":\"https:\/\/lottohoy.com\/ro\/\"},{\"@type\":\"ListItem\",\"position\":2,\"name\":\"rezultate la loterie\",\"item\":\"https:\/\/lottohoy.com\/ro\/rezultate-la-loterie\/\"},{\"@type\":\"ListItem\",\"position\":3,\"name\":\"Rezultate Mega Sena\"}]},{\"@type\":\"WebSite\",\"@id\":\"https:\/\/lottohoy.com\/ro\/#website\",\"url\":\"https:\/\/lottohoy.com\/ro\/\",\"name\":\"Lottohoy\",\"description\":\"\",\"potentialAction\":[{\"@type\":\"SearchAction\",\"target\":{\"@type\":\"EntryPoint\",\"urlTemplate\":\"https:\/\/lottohoy.com\/ro\/?s={search_term_string}\"},\"query-input\":{\"@type\":\"PropertyValueSpecification\",\"valueRequired\":true,\"valueName\":\"search_term_string\"}}],\"inLanguage\":\"ro-RO\"}]}<\/script>\n<!-- \/ Yoast SEO plugin. -->","yoast_head_json":{"title":"Rezultate Mega Sena - Lottohoy","description":"Verifica\u021bi dac\u0103 a\u021bi c\u00e2\u0219tigat un premiu la extrageri \u0219i compara\u021bi pariul plasat, sunt afi\u0219ate rezultatele Mega Sena de la ultima extragere.","robots":{"index":"index","follow":"follow","max-snippet":"max-snippet:-1","max-image-preview":"max-image-preview:large","max-video-preview":"max-video-preview:-1"},"canonical":"https:\/\/lottohoy.com\/ro\/rezultate-la-loterie\/rezultate-mega-sena\/","og_locale":"ro_RO","og_type":"article","og_title":"Rezultate Mega Sena - Lottohoy","og_description":"Verifica\u021bi dac\u0103 a\u021bi c\u00e2\u0219tigat un premiu la extrageri \u0219i compara\u021bi pariul plasat, sunt afi\u0219ate rezultatele Mega Sena de la ultima extragere.","og_url":"https:\/\/lottohoy.com\/ro\/rezultate-la-loterie\/rezultate-mega-sena\/","og_site_name":"Lottohoy","article_modified_time":"2025-03-18T16:54:57+00:00","twitter_card":"summary_large_image","twitter_misc":{"Timp estimat pentru citire":"2 minute"},"schema":{"@context":"https:\/\/schema.org","@graph":[{"@type":"WebPage","@id":"https:\/\/lottohoy.com\/ro\/rezultate-la-loterie\/rezultate-mega-sena\/","url":"https:\/\/lottohoy.com\/ro\/rezultate-la-loterie\/rezultate-mega-sena\/","name":"Rezultate Mega Sena - Lottohoy","isPartOf":{"@id":"https:\/\/lottohoy.com\/ro\/#website"},"datePublished":"2020-08-10T14:58:35+00:00","dateModified":"2025-03-18T16:54:57+00:00","description":"Verifica\u021bi dac\u0103 a\u021bi c\u00e2\u0219tigat un premiu la extrageri \u0219i compara\u021bi pariul plasat, sunt afi\u0219ate rezultatele Mega Sena de la ultima extragere.","breadcrumb":{"@id":"https:\/\/lottohoy.com\/ro\/rezultate-la-loterie\/rezultate-mega-sena\/#breadcrumb"},"inLanguage":"ro-RO","potentialAction":[{"@type":"ReadAction","target":["https:\/\/lottohoy.com\/ro\/rezultate-la-loterie\/rezultate-mega-sena\/"]}]},{"@type":"BreadcrumbList","@id":"https:\/\/lottohoy.com\/ro\/rezultate-la-loterie\/rezultate-mega-sena\/#breadcrumb","itemListElement":[{"@type":"ListItem","position":1,"name":"Home","item":"https:\/\/lottohoy.com\/ro\/"},{"@type":"ListItem","position":2,"name":"rezultate la loterie","item":"https:\/\/lottohoy.com\/ro\/rezultate-la-loterie\/"},{"@type":"ListItem","position":3,"name":"Rezultate Mega Sena"}]},{"@type":"WebSite","@id":"https:\/\/lottohoy.com\/ro\/#website","url":"https:\/\/lottohoy.com\/ro\/","name":"Lottohoy","description":"","potentialAction":[{"@type":"SearchAction","target":{"@type":"EntryPoint","urlTemplate":"https:\/\/lottohoy.com\/ro\/?s={search_term_string}"},"query-input":{"@type":"PropertyValueSpecification","valueRequired":true,"valueName":"search_term_string"}}],"inLanguage":"ro-RO"}]}},"_links":{"self":[{"href":"https:\/\/lottohoy.com\/ro\/wp-json\/wp\/v2\/pages\/15055","targetHints":{"allow":["GET"]}}],"collection":[{"href":"https:\/\/lottohoy.com\/ro\/wp-json\/wp\/v2\/pages"}],"about":[{"href":"https:\/\/lottohoy.com\/ro\/wp-json\/wp\/v2\/types\/page"}],"author":[{"embeddable":true,"href":"https:\/\/lottohoy.com\/ro\/wp-json\/wp\/v2\/users\/2"}],"replies":[{"embeddable":true,"href":"https:\/\/lottohoy.com\/ro\/wp-json\/wp\/v2\/comments?post=15055"}],"version-history":[{"count":1,"href":"https:\/\/lottohoy.com\/ro\/wp-json\/wp\/v2\/pages\/15055\/revisions"}],"predecessor-version":[{"id":15056,"href":"https:\/\/lottohoy.com\/ro\/wp-json\/wp\/v2\/pages\/15055\/revisions\/15056"}],"up":[{"embeddable":true,"href":"https:\/\/lottohoy.com\/ro\/wp-json\/wp\/v2\/pages\/14934"}],"wp:attachment":[{"href":"https:\/\/lottohoy.com\/ro\/wp-json\/wp\/v2\/media?parent=15055"}],"curies":[{"name":"wp","href":"https:\/\/api.w.org\/{rel}","templated":true}]}}