{"id":15049,"date":"2020-08-10T21:40:33","date_gmt":"2020-08-10T20:40:33","guid":{"rendered":"https:\/\/lottohoy.com\/?page_id=15049"},"modified":"2025-03-18T16:50:15","modified_gmt":"2025-03-18T16:50:15","slug":"rezultatele-lotto-america","status":"publish","type":"page","link":"https:\/\/lottohoy.com\/ro\/rezultate-la-loterie\/rezultatele-lotto-america\/","title":{"rendered":"Rezultatele Lotto America"},"content":{"rendered":"<p>Aceast\u0103 pagin\u0103 prezint\u0103 o defalcare detaliat\u0103 a rezultatelor extragerii Lotto America, precum \u0219i jackpot-ul estimat (\u00een a\u0219teptarea controlului final) pentru extragerea desf\u0103\u0219urat\u0103 \u0219i alte informa\u021bii de interes.<\/p>\n<h2>Ultimele rezultate Lotto America<\/h2>\n<p>Pe acest ecran pute\u021bi vedea un tabel care arat\u0103 rezultatele ultimei extrageri desf\u0103\u0219urate \u0219i repartizarea premiilor pentru fiecare dintre categoriile de premii, num\u0103rul estimat de c\u00e2\u0219tig\u0103tori pe categorie \u0219i suma care trebuie distribuit\u0103 \u00eentre ace\u0219tia.<\/p>\n<h2>Toate rezultatele Lotto America<\/h2>\n<p>Pe l\u00e2ng\u0103 rezultatele afi\u0219ate \u00een caseta pentru aceast\u0103 ultim\u0103 extragere, aceast\u0103 pagin\u0103 poate fi accesat\u0103 \u0219i pentru a vedea rezultatele tuturor extragerilor anterioare desf\u0103\u0219urate \u00een ultimii 2 ani.<\/p>\n<p>Pute\u021bi selecta data specific\u0103 pentru care dori\u021bi s\u0103 verifica\u021bi rezultatul \u0219i premiile distribuite \u00een fiecare nivel de premiu.<\/p>\n","protected":false},"excerpt":{"rendered":"<p>Aceast\u0103 pagin\u0103 prezint\u0103 o defalcare detaliat\u0103 a rezultatelor extragerii Lotto America, precum \u0219i jackpot-ul estimat (\u00een a\u0219teptarea controlului final) pentru extragerea desf\u0103\u0219urat\u0103 \u0219i alte informa\u021bii de interes. Ultimele rezultate Lotto America Pe acest ecran pute\u021bi vedea un tabel care arat\u0103 rezultatele ultimei extrageri desf\u0103\u0219urate \u0219i repartizarea premiilor pentru fiecare dintre categoriile de premii, num\u0103rul estimat [&hellip;]<\/p>\n","protected":false},"author":2,"featured_media":0,"parent":14934,"menu_order":15,"comment_status":"closed","ping_status":"closed","template":"lotto-america-results.php","meta":{"_et_pb_use_builder":"","_et_pb_old_content":"","_et_gb_content_width":"","exclude_from_search":false,"footnotes":""},"class_list":["post-15049","page","type-page","status-publish","hentry"],"yoast_head":"<!-- This site is optimized with the Yoast SEO plugin v23.7 - https:\/\/yoast.com\/wordpress\/plugins\/seo\/ -->\n<title>Rezultatele Lotto America - Lottohoy<\/title>\n<meta name=\"description\" content=\"Verifica\u021bi rezultatele Loto America, defalcarea celor opt categorii de premii fixe \u0219i premiul cel mare sau jackpot-ul.\" \/>\n<meta name=\"robots\" content=\"index, follow, max-snippet:-1, max-image-preview:large, max-video-preview:-1\" \/>\n<link rel=\"canonical\" href=\"https:\/\/lottohoy.com\/ro\/rezultate-la-loterie\/rezultatele-lotto-america\/\" \/>\n<meta property=\"og:locale\" content=\"ro_RO\" \/>\n<meta property=\"og:type\" content=\"article\" \/>\n<meta property=\"og:title\" content=\"Rezultatele Lotto America - Lottohoy\" \/>\n<meta property=\"og:description\" content=\"Verifica\u021bi rezultatele Loto America, defalcarea celor opt categorii de premii fixe \u0219i premiul cel mare sau jackpot-ul.\" \/>\n<meta property=\"og:url\" content=\"https:\/\/lottohoy.com\/ro\/rezultate-la-loterie\/rezultatele-lotto-america\/\" \/>\n<meta property=\"og:site_name\" content=\"Lottohoy\" \/>\n<meta property=\"article:modified_time\" content=\"2025-03-18T16:50:15+00:00\" \/>\n<meta name=\"twitter:card\" content=\"summary_large_image\" \/>\n<meta name=\"twitter:label1\" content=\"Timp estimat pentru citire\" \/>\n\t<meta name=\"twitter:data1\" content=\"1 minut\" \/>\n<script type=\"application\/ld+json\" class=\"yoast-schema-graph\">{\"@context\":\"https:\/\/schema.org\",\"@graph\":[{\"@type\":\"WebPage\",\"@id\":\"https:\/\/lottohoy.com\/ro\/rezultate-la-loterie\/rezultatele-lotto-america\/\",\"url\":\"https:\/\/lottohoy.com\/ro\/rezultate-la-loterie\/rezultatele-lotto-america\/\",\"name\":\"Rezultatele Lotto America - Lottohoy\",\"isPartOf\":{\"@id\":\"https:\/\/lottohoy.com\/ro\/#website\"},\"datePublished\":\"2020-08-10T20:40:33+00:00\",\"dateModified\":\"2025-03-18T16:50:15+00:00\",\"description\":\"Verifica\u021bi rezultatele Loto America, defalcarea celor opt categorii de premii fixe \u0219i premiul cel mare sau jackpot-ul.\",\"breadcrumb\":{\"@id\":\"https:\/\/lottohoy.com\/ro\/rezultate-la-loterie\/rezultatele-lotto-america\/#breadcrumb\"},\"inLanguage\":\"ro-RO\",\"potentialAction\":[{\"@type\":\"ReadAction\",\"target\":[\"https:\/\/lottohoy.com\/ro\/rezultate-la-loterie\/rezultatele-lotto-america\/\"]}]},{\"@type\":\"BreadcrumbList\",\"@id\":\"https:\/\/lottohoy.com\/ro\/rezultate-la-loterie\/rezultatele-lotto-america\/#breadcrumb\",\"itemListElement\":[{\"@type\":\"ListItem\",\"position\":1,\"name\":\"Home\",\"item\":\"https:\/\/lottohoy.com\/ro\/\"},{\"@type\":\"ListItem\",\"position\":2,\"name\":\"rezultate la loterie\",\"item\":\"https:\/\/lottohoy.com\/ro\/rezultate-la-loterie\/\"},{\"@type\":\"ListItem\",\"position\":3,\"name\":\"Rezultatele Lotto America\"}]},{\"@type\":\"WebSite\",\"@id\":\"https:\/\/lottohoy.com\/ro\/#website\",\"url\":\"https:\/\/lottohoy.com\/ro\/\",\"name\":\"Lottohoy\",\"description\":\"\",\"potentialAction\":[{\"@type\":\"SearchAction\",\"target\":{\"@type\":\"EntryPoint\",\"urlTemplate\":\"https:\/\/lottohoy.com\/ro\/?s={search_term_string}\"},\"query-input\":{\"@type\":\"PropertyValueSpecification\",\"valueRequired\":true,\"valueName\":\"search_term_string\"}}],\"inLanguage\":\"ro-RO\"}]}<\/script>\n<!-- \/ Yoast SEO plugin. -->","yoast_head_json":{"title":"Rezultatele Lotto America - Lottohoy","description":"Verifica\u021bi rezultatele Loto America, defalcarea celor opt categorii de premii fixe \u0219i premiul cel mare sau jackpot-ul.","robots":{"index":"index","follow":"follow","max-snippet":"max-snippet:-1","max-image-preview":"max-image-preview:large","max-video-preview":"max-video-preview:-1"},"canonical":"https:\/\/lottohoy.com\/ro\/rezultate-la-loterie\/rezultatele-lotto-america\/","og_locale":"ro_RO","og_type":"article","og_title":"Rezultatele Lotto America - Lottohoy","og_description":"Verifica\u021bi rezultatele Loto America, defalcarea celor opt categorii de premii fixe \u0219i premiul cel mare sau jackpot-ul.","og_url":"https:\/\/lottohoy.com\/ro\/rezultate-la-loterie\/rezultatele-lotto-america\/","og_site_name":"Lottohoy","article_modified_time":"2025-03-18T16:50:15+00:00","twitter_card":"summary_large_image","twitter_misc":{"Timp estimat pentru citire":"1 minut"},"schema":{"@context":"https:\/\/schema.org","@graph":[{"@type":"WebPage","@id":"https:\/\/lottohoy.com\/ro\/rezultate-la-loterie\/rezultatele-lotto-america\/","url":"https:\/\/lottohoy.com\/ro\/rezultate-la-loterie\/rezultatele-lotto-america\/","name":"Rezultatele Lotto America - Lottohoy","isPartOf":{"@id":"https:\/\/lottohoy.com\/ro\/#website"},"datePublished":"2020-08-10T20:40:33+00:00","dateModified":"2025-03-18T16:50:15+00:00","description":"Verifica\u021bi rezultatele Loto America, defalcarea celor opt categorii de premii fixe \u0219i premiul cel mare sau jackpot-ul.","breadcrumb":{"@id":"https:\/\/lottohoy.com\/ro\/rezultate-la-loterie\/rezultatele-lotto-america\/#breadcrumb"},"inLanguage":"ro-RO","potentialAction":[{"@type":"ReadAction","target":["https:\/\/lottohoy.com\/ro\/rezultate-la-loterie\/rezultatele-lotto-america\/"]}]},{"@type":"BreadcrumbList","@id":"https:\/\/lottohoy.com\/ro\/rezultate-la-loterie\/rezultatele-lotto-america\/#breadcrumb","itemListElement":[{"@type":"ListItem","position":1,"name":"Home","item":"https:\/\/lottohoy.com\/ro\/"},{"@type":"ListItem","position":2,"name":"rezultate la loterie","item":"https:\/\/lottohoy.com\/ro\/rezultate-la-loterie\/"},{"@type":"ListItem","position":3,"name":"Rezultatele Lotto America"}]},{"@type":"WebSite","@id":"https:\/\/lottohoy.com\/ro\/#website","url":"https:\/\/lottohoy.com\/ro\/","name":"Lottohoy","description":"","potentialAction":[{"@type":"SearchAction","target":{"@type":"EntryPoint","urlTemplate":"https:\/\/lottohoy.com\/ro\/?s={search_term_string}"},"query-input":{"@type":"PropertyValueSpecification","valueRequired":true,"valueName":"search_term_string"}}],"inLanguage":"ro-RO"}]}},"_links":{"self":[{"href":"https:\/\/lottohoy.com\/ro\/wp-json\/wp\/v2\/pages\/15049","targetHints":{"allow":["GET"]}}],"collection":[{"href":"https:\/\/lottohoy.com\/ro\/wp-json\/wp\/v2\/pages"}],"about":[{"href":"https:\/\/lottohoy.com\/ro\/wp-json\/wp\/v2\/types\/page"}],"author":[{"embeddable":true,"href":"https:\/\/lottohoy.com\/ro\/wp-json\/wp\/v2\/users\/2"}],"replies":[{"embeddable":true,"href":"https:\/\/lottohoy.com\/ro\/wp-json\/wp\/v2\/comments?post=15049"}],"version-history":[{"count":1,"href":"https:\/\/lottohoy.com\/ro\/wp-json\/wp\/v2\/pages\/15049\/revisions"}],"predecessor-version":[{"id":15050,"href":"https:\/\/lottohoy.com\/ro\/wp-json\/wp\/v2\/pages\/15049\/revisions\/15050"}],"up":[{"embeddable":true,"href":"https:\/\/lottohoy.com\/ro\/wp-json\/wp\/v2\/pages\/14934"}],"wp:attachment":[{"href":"https:\/\/lottohoy.com\/ro\/wp-json\/wp\/v2\/media?parent=15049"}],"curies":[{"name":"wp","href":"https:\/\/api.w.org\/{rel}","templated":true}]}}