{"id":15036,"date":"2024-10-23T06:14:09","date_gmt":"2024-10-23T05:14:09","guid":{"rendered":"https:\/\/lottohoy.com\/?page_id=15036"},"modified":"2025-03-18T16:42:00","modified_gmt":"2025-03-18T16:42:00","slug":"jucati-din-nou-la-loteria-franceza","status":"publish","type":"page","link":"https:\/\/lottohoy.com\/ro\/rezultate-la-loterie\/jucati-din-nou-la-loteria-franceza\/","title":{"rendered":"Juca\u021bi din nou la loteria francez\u0103"},"content":{"rendered":"<h2>Verifica\u021bi rezultatele loto francez<\/h2>\n<p>Pentru a verifica combina\u021bia c\u00e2\u0219tig\u0103toare a extragerilor Loto francez, cunoscut\u0103 \u0219i sub numele de Loto francez, compara\u021bi pur \u0219i simplu numerele combina\u021biei afi\u0219ate pe bilet cu rezultatul afi\u0219at pe aceast\u0103 pagin\u0103. \u0218i dac\u0103 a\u021bi achizi\u021bionat un bilet, \u00eel ve\u021bi vedea \u00een profilul dvs. de utilizator.<\/p>\n<p>De asemenea, pute\u021bi verifica <span style=\"color: #3366ff;\"><a style=\"color: #3366ff;\" href=\"https:\/\/lottohoy.com\/ro\/joaca-la-loterie-online\/jugar-a-french-lotto\/\">jackpot-ul acumulat de ast\u0103zi,<\/a><\/span> c\u00e2\u0219tig\u0103torii \u0219i premiile din fiecare dintre categorii \u0219i extragerile anterioare de p\u00e2n\u0103 la 24 de luni.<\/p>\n<h2>Distribuirea premiilor loteriei franceze<\/h2>\n<p>Dac\u0103 sunte\u021bi utilizator \u00eenregistrat, premiile ob\u021binute sunt depuse direct \u00een contul de utilizator, astfel \u00eenc\u00e2t s\u0103 pute\u021bi <span style=\"color: #ff6600;\">juca din nou French Loto,<\/span> dac\u0103 dori\u021bi, cu fonduri \u00een depozit.<\/p>\n<p>Aceast\u0103 pagin\u0103 prezint\u0103 combina\u021bia c\u00e2\u0219tig\u0103toare a ultimei extrageri \u0219i repartizarea premiilor corespunz\u0103toare fiec\u0103rei categorii.<\/p>\n<p>Tabelul ne arat\u0103 combina\u021bia celor 5 numere principale plus num\u0103rul suplimentar, numit \u0219i \u201e\u0219ans\u0103\u201d care determin\u0103 premiul de prima categorie<\/p>\n<h2>Cele mai mari premii \u0219i jackpot-uri la loto francez<\/h2>\n<p>Cele mai mari jackpot-uri acumulate \u00een istoria acestei loterie sunt:<\/p>\n<p>Tragerea la sor\u021bi a avut loc pe 16 iunie 2011, \u00een care unui singur c\u00e2\u0219tig\u0103tor i s-a acordat un premiu de 24 de milioane de euro.<br \/>\nPe 19 mai 2014, a fost ob\u021binut un premiu total de prim\u0103 clas\u0103 \u00een valoare de 23 de milioane de euro.<br \/>\nLoto francez este o loterie pe care am putea-o considera \u201eu\u0219oar\u0103\u201d \u0219i, de\u0219i are un premiu minim garantat de 2.000.000 de euro pentru c\u00e2\u0219tig\u0103torii de prim\u0103 clas\u0103 (5+1), jackpot-urile cumulate de sume de peste milioane de dolari nu sunt de obicei ob\u021binute ca alte loterie europene sau americane. \u0218i asta pentru c\u0103 este posibil s\u0103 o faci corect \u00een mod frecvent \u0219i sunt mul\u021bi milionari pe care i-a creat aceast\u0103 loterie.<\/p>\n<p>\u0218i, de exemplu, cazul unui juc\u0103tor norocos din sudul Fran\u021bei, \u00een special din Montpellier, care a c\u00e2\u0219tigat jackpot-ul acestei loterie franceze de dou\u0103 ori, \u00een 1996 \u0219i apoi din nou \u00een 2011, c\u00e2\u0219tig\u00e2nd un total de 5.800.000 de euro.<\/p>\n<h2>Cele mai frecvente numere la extragerile Loto francez<\/h2>\n<p>\u00cen cele 35 de extrageri desf\u0103\u0219urate \u00een acest an 2019, de la prima, pe 2 ianuarie, p\u00e2n\u0103 la tragerea la sor\u021bi din 23 martie, sunt numere care tind s\u0103 apar\u0103 mai frecvent (unii le numesc \u201enumere fierbin\u021bi\u201d) \u0219i \u00een acela\u0219i timp alte numere care sunt mai reticente la apari\u021bie \u0219i au mai pu\u021bine apari\u021bii (cunoscute sub denumirea de \u201enumere reci\u201d).<\/p>\n<p>F\u0103c\u00e2nd un mic studiu asupra acestor ultime 35 de extrageri, vedem cu curiozitate c\u0103 \u00een cadrul numerelor considerate \u201ereci\u201d, \u00een niciuna nu a ap\u0103rut num\u0103rul 49. Trebuie s\u0103 fie pentru c\u0103 este foarte frig!<\/p>\n<p>Dintre numerele principale, cele care au avut cele mai multe apari\u021bii sunt:<\/p>\n<p>Num\u0103rul 15, cu 10 apari\u021bii (28,57%)<br \/>\nNumerele 7, 11 \u0219i 25 cu c\u00e2te 7 apari\u021bii (20%)<br \/>\nNum\u0103rul 1 cu 6 apari\u021bii (17,14%)<br \/>\nDimpotriv\u0103, c\u00e2nd ne uit\u0103m la numerele care au ap\u0103rut de cele mai pu\u021bine ori, pe l\u00e2ng\u0103 num\u0103rul deja indicat 49 care nu a ap\u0103rut nici m\u0103car o dat\u0103, avem:<\/p>\n<p>Numerele 9, 27, 28 \u0219i 39 au ap\u0103rut doar o singur\u0103 ocazie (2,86%)<br \/>\n\u0218i \u00een ceea ce prive\u0219te numerele \u00een plus sau \u201e\u0219ansa\u201d, vedem \u0219i c\u0103 num\u0103rul 4 nu a ap\u0103rut \u00een nicio ocazie, \u00een timp ce num\u0103rul 10 a ap\u0103rut de 6 ocazii.<\/p>\n","protected":false},"excerpt":{"rendered":"<p>Verifica\u021bi rezultatele loto francez Pentru a verifica combina\u021bia c\u00e2\u0219tig\u0103toare a extragerilor Loto francez, cunoscut\u0103 \u0219i sub numele de Loto francez, compara\u021bi pur \u0219i simplu numerele combina\u021biei afi\u0219ate pe bilet cu rezultatul afi\u0219at pe aceast\u0103 pagin\u0103. \u0218i dac\u0103 a\u021bi achizi\u021bionat un bilet, \u00eel ve\u021bi vedea \u00een profilul dvs. de utilizator. De asemenea, pute\u021bi verifica jackpot-ul acumulat [&hellip;]<\/p>\n","protected":false},"author":2,"featured_media":0,"parent":14934,"menu_order":12,"comment_status":"closed","ping_status":"closed","template":"lotto-fr-results.php","meta":{"_et_pb_use_builder":"","_et_pb_old_content":"","_et_gb_content_width":"","exclude_from_search":false,"footnotes":""},"class_list":["post-15036","page","type-page","status-publish","hentry"],"yoast_head":"<!-- This site is optimized with the Yoast SEO plugin v23.7 - https:\/\/yoast.com\/wordpress\/plugins\/seo\/ -->\n<title>Juca\u021bi din nou la loteria francez\u0103 - Lottohoy<\/title>\n<meta name=\"description\" content=\"Verifica\u021bi dac\u0103 ultimul dvs. bilet la loteria francez\u0103 a c\u00e2\u0219tigat \u0219i c\u00e2t de mult a\u021bi c\u00e2\u0219tigat, precum \u0219i verifica\u021bi urm\u0103torul jackpot.\" \/>\n<meta name=\"robots\" content=\"index, follow, max-snippet:-1, max-image-preview:large, max-video-preview:-1\" \/>\n<link rel=\"canonical\" href=\"https:\/\/lottohoy.com\/ro\/rezultate-la-loterie\/jucati-din-nou-la-loteria-franceza\/\" \/>\n<meta property=\"og:locale\" content=\"ro_RO\" \/>\n<meta property=\"og:type\" content=\"article\" \/>\n<meta property=\"og:title\" content=\"Juca\u021bi din nou la loteria francez\u0103 - Lottohoy\" \/>\n<meta property=\"og:description\" content=\"Verifica\u021bi dac\u0103 ultimul dvs. bilet la loteria francez\u0103 a c\u00e2\u0219tigat \u0219i c\u00e2t de mult a\u021bi c\u00e2\u0219tigat, precum \u0219i verifica\u021bi urm\u0103torul jackpot.\" \/>\n<meta property=\"og:url\" content=\"https:\/\/lottohoy.com\/ro\/rezultate-la-loterie\/jucati-din-nou-la-loteria-franceza\/\" \/>\n<meta property=\"og:site_name\" content=\"Lottohoy\" \/>\n<meta property=\"article:modified_time\" content=\"2025-03-18T16:42:00+00:00\" \/>\n<meta name=\"twitter:card\" content=\"summary_large_image\" \/>\n<meta name=\"twitter:label1\" content=\"Timp estimat pentru citire\" \/>\n\t<meta name=\"twitter:data1\" content=\"3 minute\" \/>\n<script type=\"application\/ld+json\" class=\"yoast-schema-graph\">{\"@context\":\"https:\/\/schema.org\",\"@graph\":[{\"@type\":\"WebPage\",\"@id\":\"https:\/\/lottohoy.com\/ro\/rezultate-la-loterie\/jucati-din-nou-la-loteria-franceza\/\",\"url\":\"https:\/\/lottohoy.com\/ro\/rezultate-la-loterie\/jucati-din-nou-la-loteria-franceza\/\",\"name\":\"Juca\u021bi din nou la loteria francez\u0103 - Lottohoy\",\"isPartOf\":{\"@id\":\"https:\/\/lottohoy.com\/ro\/#website\"},\"datePublished\":\"2024-10-23T05:14:09+00:00\",\"dateModified\":\"2025-03-18T16:42:00+00:00\",\"description\":\"Verifica\u021bi dac\u0103 ultimul dvs. bilet la loteria francez\u0103 a c\u00e2\u0219tigat \u0219i c\u00e2t de mult a\u021bi c\u00e2\u0219tigat, precum \u0219i verifica\u021bi urm\u0103torul jackpot.\",\"breadcrumb\":{\"@id\":\"https:\/\/lottohoy.com\/ro\/rezultate-la-loterie\/jucati-din-nou-la-loteria-franceza\/#breadcrumb\"},\"inLanguage\":\"ro-RO\",\"potentialAction\":[{\"@type\":\"ReadAction\",\"target\":[\"https:\/\/lottohoy.com\/ro\/rezultate-la-loterie\/jucati-din-nou-la-loteria-franceza\/\"]}]},{\"@type\":\"BreadcrumbList\",\"@id\":\"https:\/\/lottohoy.com\/ro\/rezultate-la-loterie\/jucati-din-nou-la-loteria-franceza\/#breadcrumb\",\"itemListElement\":[{\"@type\":\"ListItem\",\"position\":1,\"name\":\"Home\",\"item\":\"https:\/\/lottohoy.com\/ro\/\"},{\"@type\":\"ListItem\",\"position\":2,\"name\":\"rezultate la loterie\",\"item\":\"https:\/\/lottohoy.com\/ro\/rezultate-la-loterie\/\"},{\"@type\":\"ListItem\",\"position\":3,\"name\":\"Juca\u021bi din nou la loteria francez\u0103\"}]},{\"@type\":\"WebSite\",\"@id\":\"https:\/\/lottohoy.com\/ro\/#website\",\"url\":\"https:\/\/lottohoy.com\/ro\/\",\"name\":\"Lottohoy\",\"description\":\"\",\"potentialAction\":[{\"@type\":\"SearchAction\",\"target\":{\"@type\":\"EntryPoint\",\"urlTemplate\":\"https:\/\/lottohoy.com\/ro\/?s={search_term_string}\"},\"query-input\":{\"@type\":\"PropertyValueSpecification\",\"valueRequired\":true,\"valueName\":\"search_term_string\"}}],\"inLanguage\":\"ro-RO\"}]}<\/script>\n<!-- \/ Yoast SEO plugin. -->","yoast_head_json":{"title":"Juca\u021bi din nou la loteria francez\u0103 - Lottohoy","description":"Verifica\u021bi dac\u0103 ultimul dvs. bilet la loteria francez\u0103 a c\u00e2\u0219tigat \u0219i c\u00e2t de mult a\u021bi c\u00e2\u0219tigat, precum \u0219i verifica\u021bi urm\u0103torul jackpot.","robots":{"index":"index","follow":"follow","max-snippet":"max-snippet:-1","max-image-preview":"max-image-preview:large","max-video-preview":"max-video-preview:-1"},"canonical":"https:\/\/lottohoy.com\/ro\/rezultate-la-loterie\/jucati-din-nou-la-loteria-franceza\/","og_locale":"ro_RO","og_type":"article","og_title":"Juca\u021bi din nou la loteria francez\u0103 - Lottohoy","og_description":"Verifica\u021bi dac\u0103 ultimul dvs. bilet la loteria francez\u0103 a c\u00e2\u0219tigat \u0219i c\u00e2t de mult a\u021bi c\u00e2\u0219tigat, precum \u0219i verifica\u021bi urm\u0103torul jackpot.","og_url":"https:\/\/lottohoy.com\/ro\/rezultate-la-loterie\/jucati-din-nou-la-loteria-franceza\/","og_site_name":"Lottohoy","article_modified_time":"2025-03-18T16:42:00+00:00","twitter_card":"summary_large_image","twitter_misc":{"Timp estimat pentru citire":"3 minute"},"schema":{"@context":"https:\/\/schema.org","@graph":[{"@type":"WebPage","@id":"https:\/\/lottohoy.com\/ro\/rezultate-la-loterie\/jucati-din-nou-la-loteria-franceza\/","url":"https:\/\/lottohoy.com\/ro\/rezultate-la-loterie\/jucati-din-nou-la-loteria-franceza\/","name":"Juca\u021bi din nou la loteria francez\u0103 - Lottohoy","isPartOf":{"@id":"https:\/\/lottohoy.com\/ro\/#website"},"datePublished":"2024-10-23T05:14:09+00:00","dateModified":"2025-03-18T16:42:00+00:00","description":"Verifica\u021bi dac\u0103 ultimul dvs. bilet la loteria francez\u0103 a c\u00e2\u0219tigat \u0219i c\u00e2t de mult a\u021bi c\u00e2\u0219tigat, precum \u0219i verifica\u021bi urm\u0103torul jackpot.","breadcrumb":{"@id":"https:\/\/lottohoy.com\/ro\/rezultate-la-loterie\/jucati-din-nou-la-loteria-franceza\/#breadcrumb"},"inLanguage":"ro-RO","potentialAction":[{"@type":"ReadAction","target":["https:\/\/lottohoy.com\/ro\/rezultate-la-loterie\/jucati-din-nou-la-loteria-franceza\/"]}]},{"@type":"BreadcrumbList","@id":"https:\/\/lottohoy.com\/ro\/rezultate-la-loterie\/jucati-din-nou-la-loteria-franceza\/#breadcrumb","itemListElement":[{"@type":"ListItem","position":1,"name":"Home","item":"https:\/\/lottohoy.com\/ro\/"},{"@type":"ListItem","position":2,"name":"rezultate la loterie","item":"https:\/\/lottohoy.com\/ro\/rezultate-la-loterie\/"},{"@type":"ListItem","position":3,"name":"Juca\u021bi din nou la loteria francez\u0103"}]},{"@type":"WebSite","@id":"https:\/\/lottohoy.com\/ro\/#website","url":"https:\/\/lottohoy.com\/ro\/","name":"Lottohoy","description":"","potentialAction":[{"@type":"SearchAction","target":{"@type":"EntryPoint","urlTemplate":"https:\/\/lottohoy.com\/ro\/?s={search_term_string}"},"query-input":{"@type":"PropertyValueSpecification","valueRequired":true,"valueName":"search_term_string"}}],"inLanguage":"ro-RO"}]}},"_links":{"self":[{"href":"https:\/\/lottohoy.com\/ro\/wp-json\/wp\/v2\/pages\/15036","targetHints":{"allow":["GET"]}}],"collection":[{"href":"https:\/\/lottohoy.com\/ro\/wp-json\/wp\/v2\/pages"}],"about":[{"href":"https:\/\/lottohoy.com\/ro\/wp-json\/wp\/v2\/types\/page"}],"author":[{"embeddable":true,"href":"https:\/\/lottohoy.com\/ro\/wp-json\/wp\/v2\/users\/2"}],"replies":[{"embeddable":true,"href":"https:\/\/lottohoy.com\/ro\/wp-json\/wp\/v2\/comments?post=15036"}],"version-history":[{"count":2,"href":"https:\/\/lottohoy.com\/ro\/wp-json\/wp\/v2\/pages\/15036\/revisions"}],"predecessor-version":[{"id":15736,"href":"https:\/\/lottohoy.com\/ro\/wp-json\/wp\/v2\/pages\/15036\/revisions\/15736"}],"up":[{"embeddable":true,"href":"https:\/\/lottohoy.com\/ro\/wp-json\/wp\/v2\/pages\/14934"}],"wp:attachment":[{"href":"https:\/\/lottohoy.com\/ro\/wp-json\/wp\/v2\/media?parent=15036"}],"curies":[{"name":"wp","href":"https:\/\/api.w.org\/{rel}","templated":true}]}}