{"id":15030,"date":"2020-08-10T22:51:41","date_gmt":"2020-08-10T21:51:41","guid":{"rendered":"https:\/\/lottohoy.com\/?page_id=15030"},"modified":"2025-03-18T16:46:01","modified_gmt":"2025-03-18T16:46:01","slug":"rezultate-loto-6aus49","status":"publish","type":"page","link":"https:\/\/lottohoy.com\/ro\/rezultate-la-loterie\/rezultate-loto-6aus49\/","title":{"rendered":"Rezultate Loto 6aus49"},"content":{"rendered":"<p>Pentru a verifica dac\u0103 jocul Lotto 6aus49 a c\u00e2\u0219tigat, tot ce trebuie s\u0103 faci este s\u0103 compari numerele combina\u021biei alese pe biletul t\u0103u cu rezultatul afi\u0219at pe aceast\u0103 pagin\u0103.<\/p>\n<p>Dac\u0103 c\u00e2\u0219tigi un premiu \u00een diferitele categorii pe care le are 6aus49, suma c\u00e2\u0219tigurilor tale se va reflecta automat \u00een contul t\u0103u de utilizator, devenind disponibil\u0103 din acel moment.<\/p>\n<h2>Rezultatele loto 6aus49<\/h2>\n<p>Aceast\u0103 pagin\u0103 reflect\u0103 \u00een detaliu rezultatele extragerii Lotto 6aus49, jackpot-ul estimat pentru aceast\u0103 tragere, precum \u0219i alte detalii de interes maxim pentru prognoza viitoarelor jocuri.<\/p>\n<p>De asemenea, pute\u021bi verifica jackpot-ul acumulat, c\u00e2\u0219tig\u0103torii \u0219i premiile din fiecare dintre categorii \u0219i extragerile anterioare de p\u00e2n\u0103 la 24 de luni.<\/p>\n<p>\u00cen dreapta combina\u021biei c\u00e2\u0219tig\u0103toare a acestei ultime extrageri, sunt trei p\u0103trate. P\u0103tratul central arat\u0103 data ultimei desene, iar pe ambele p\u0103r\u021bi ale acestui p\u0103trat central exist\u0103 s\u0103ge\u021bi la dreapta \u0219i la st\u00e2nga pentru a vizita datele desenelor anterioare \u0219i pentru a avansa de la desenele men\u021bionate la data cea mai actual\u0103.<\/p>\n<h2>Verifica\u021bi rezultatele \u0219i premiile de la ultima extragere<\/h2>\n<p>Este afi\u0219at un tabel mare cu rezultatele \u0219i distribu\u021bia premiilor pe categorii de la ultima extragere Lotto 6aus49 de ast\u0103zi.<\/p>\n<p>Categoriile de premii (p\u00e2n\u0103 la 9 categorii diferite), succesele necesare pentru calificarea la oricare dintre categoriile de premii.<\/p>\n<p>C\u00e2\u0219tig\u0103torii fiec\u0103rei categorii, precum \u0219i premiul pe care \u00eel ob\u021bine fiecare dintre c\u00e2\u0219tig\u0103tori.<\/p>\n<p>\u00cenchiderea acestei casete mari, este indicat num\u0103rul total de c\u00e2\u0219tig\u0103tori din aceast\u0103 tragere la sor\u021bi \u0219i suma total\u0103 de bani care este distribuit\u0103 \u00eentre to\u021bi c\u00e2\u0219tig\u0103torii.<\/p>\n<h2>Posibilit\u0103\u021bi de premii la Loto 6aus49<\/h2>\n<p>Cu doar dou\u0103 numere principale + Superzahl, prime\u0219ti deja un premiu fix. Valoarea premiilor variaz\u0103 de la o extragere la alta, deoarece acestea se bazeaz\u0103 pe v\u00e2nzarea biletelor \u0219i pe c\u00e2\u0219tig\u0103torii fiec\u0103rei categorii.<\/p>\n","protected":false},"excerpt":{"rendered":"<p>Pentru a verifica dac\u0103 jocul Lotto 6aus49 a c\u00e2\u0219tigat, tot ce trebuie s\u0103 faci este s\u0103 compari numerele combina\u021biei alese pe biletul t\u0103u cu rezultatul afi\u0219at pe aceast\u0103 pagin\u0103. Dac\u0103 c\u00e2\u0219tigi un premiu \u00een diferitele categorii pe care le are 6aus49, suma c\u00e2\u0219tigurilor tale se va reflecta automat \u00een contul t\u0103u de utilizator, devenind disponibil\u0103 [&hellip;]<\/p>\n","protected":false},"author":2,"featured_media":0,"parent":14934,"menu_order":13,"comment_status":"closed","ping_status":"closed","template":"lotto-german-results.php","meta":{"_et_pb_use_builder":"","_et_pb_old_content":"","_et_gb_content_width":"","exclude_from_search":false,"footnotes":""},"class_list":["post-15030","page","type-page","status-publish","hentry"],"yoast_head":"<!-- This site is optimized with the Yoast SEO plugin v23.7 - https:\/\/yoast.com\/wordpress\/plugins\/seo\/ -->\n<title>Rezultate Loto 6aus49 - Lottohoy<\/title>\n<meta name=\"description\" content=\"Dac\u0103 a\u021bi c\u00e2\u0219tigat un premiu, ve\u021bi fi primit un e-mail de confirmare. Dar oricum pute\u021bi verifica rezultatele loto 6aus49 aici\" \/>\n<meta name=\"robots\" content=\"index, follow, max-snippet:-1, max-image-preview:large, max-video-preview:-1\" \/>\n<link rel=\"canonical\" href=\"https:\/\/lottohoy.com\/ro\/rezultate-la-loterie\/rezultate-loto-6aus49\/\" \/>\n<meta property=\"og:locale\" content=\"ro_RO\" \/>\n<meta property=\"og:type\" content=\"article\" \/>\n<meta property=\"og:title\" content=\"Rezultate Loto 6aus49 - Lottohoy\" \/>\n<meta property=\"og:description\" content=\"Dac\u0103 a\u021bi c\u00e2\u0219tigat un premiu, ve\u021bi fi primit un e-mail de confirmare. Dar oricum pute\u021bi verifica rezultatele loto 6aus49 aici\" \/>\n<meta property=\"og:url\" content=\"https:\/\/lottohoy.com\/ro\/rezultate-la-loterie\/rezultate-loto-6aus49\/\" \/>\n<meta property=\"og:site_name\" content=\"Lottohoy\" \/>\n<meta property=\"article:modified_time\" content=\"2025-03-18T16:46:01+00:00\" \/>\n<meta name=\"twitter:card\" content=\"summary_large_image\" \/>\n<meta name=\"twitter:label1\" content=\"Timp estimat pentru citire\" \/>\n\t<meta name=\"twitter:data1\" content=\"2 minute\" \/>\n<script type=\"application\/ld+json\" class=\"yoast-schema-graph\">{\"@context\":\"https:\/\/schema.org\",\"@graph\":[{\"@type\":\"WebPage\",\"@id\":\"https:\/\/lottohoy.com\/ro\/rezultate-la-loterie\/rezultate-loto-6aus49\/\",\"url\":\"https:\/\/lottohoy.com\/ro\/rezultate-la-loterie\/rezultate-loto-6aus49\/\",\"name\":\"Rezultate Loto 6aus49 - Lottohoy\",\"isPartOf\":{\"@id\":\"https:\/\/lottohoy.com\/ro\/#website\"},\"datePublished\":\"2020-08-10T21:51:41+00:00\",\"dateModified\":\"2025-03-18T16:46:01+00:00\",\"description\":\"Dac\u0103 a\u021bi c\u00e2\u0219tigat un premiu, ve\u021bi fi primit un e-mail de confirmare. Dar oricum pute\u021bi verifica rezultatele loto 6aus49 aici\",\"breadcrumb\":{\"@id\":\"https:\/\/lottohoy.com\/ro\/rezultate-la-loterie\/rezultate-loto-6aus49\/#breadcrumb\"},\"inLanguage\":\"ro-RO\",\"potentialAction\":[{\"@type\":\"ReadAction\",\"target\":[\"https:\/\/lottohoy.com\/ro\/rezultate-la-loterie\/rezultate-loto-6aus49\/\"]}]},{\"@type\":\"BreadcrumbList\",\"@id\":\"https:\/\/lottohoy.com\/ro\/rezultate-la-loterie\/rezultate-loto-6aus49\/#breadcrumb\",\"itemListElement\":[{\"@type\":\"ListItem\",\"position\":1,\"name\":\"Home\",\"item\":\"https:\/\/lottohoy.com\/ro\/\"},{\"@type\":\"ListItem\",\"position\":2,\"name\":\"rezultate la loterie\",\"item\":\"https:\/\/lottohoy.com\/ro\/rezultate-la-loterie\/\"},{\"@type\":\"ListItem\",\"position\":3,\"name\":\"Rezultate Loto 6aus49\"}]},{\"@type\":\"WebSite\",\"@id\":\"https:\/\/lottohoy.com\/ro\/#website\",\"url\":\"https:\/\/lottohoy.com\/ro\/\",\"name\":\"Lottohoy\",\"description\":\"\",\"potentialAction\":[{\"@type\":\"SearchAction\",\"target\":{\"@type\":\"EntryPoint\",\"urlTemplate\":\"https:\/\/lottohoy.com\/ro\/?s={search_term_string}\"},\"query-input\":{\"@type\":\"PropertyValueSpecification\",\"valueRequired\":true,\"valueName\":\"search_term_string\"}}],\"inLanguage\":\"ro-RO\"}]}<\/script>\n<!-- \/ Yoast SEO plugin. -->","yoast_head_json":{"title":"Rezultate Loto 6aus49 - Lottohoy","description":"Dac\u0103 a\u021bi c\u00e2\u0219tigat un premiu, ve\u021bi fi primit un e-mail de confirmare. Dar oricum pute\u021bi verifica rezultatele loto 6aus49 aici","robots":{"index":"index","follow":"follow","max-snippet":"max-snippet:-1","max-image-preview":"max-image-preview:large","max-video-preview":"max-video-preview:-1"},"canonical":"https:\/\/lottohoy.com\/ro\/rezultate-la-loterie\/rezultate-loto-6aus49\/","og_locale":"ro_RO","og_type":"article","og_title":"Rezultate Loto 6aus49 - Lottohoy","og_description":"Dac\u0103 a\u021bi c\u00e2\u0219tigat un premiu, ve\u021bi fi primit un e-mail de confirmare. Dar oricum pute\u021bi verifica rezultatele loto 6aus49 aici","og_url":"https:\/\/lottohoy.com\/ro\/rezultate-la-loterie\/rezultate-loto-6aus49\/","og_site_name":"Lottohoy","article_modified_time":"2025-03-18T16:46:01+00:00","twitter_card":"summary_large_image","twitter_misc":{"Timp estimat pentru citire":"2 minute"},"schema":{"@context":"https:\/\/schema.org","@graph":[{"@type":"WebPage","@id":"https:\/\/lottohoy.com\/ro\/rezultate-la-loterie\/rezultate-loto-6aus49\/","url":"https:\/\/lottohoy.com\/ro\/rezultate-la-loterie\/rezultate-loto-6aus49\/","name":"Rezultate Loto 6aus49 - Lottohoy","isPartOf":{"@id":"https:\/\/lottohoy.com\/ro\/#website"},"datePublished":"2020-08-10T21:51:41+00:00","dateModified":"2025-03-18T16:46:01+00:00","description":"Dac\u0103 a\u021bi c\u00e2\u0219tigat un premiu, ve\u021bi fi primit un e-mail de confirmare. Dar oricum pute\u021bi verifica rezultatele loto 6aus49 aici","breadcrumb":{"@id":"https:\/\/lottohoy.com\/ro\/rezultate-la-loterie\/rezultate-loto-6aus49\/#breadcrumb"},"inLanguage":"ro-RO","potentialAction":[{"@type":"ReadAction","target":["https:\/\/lottohoy.com\/ro\/rezultate-la-loterie\/rezultate-loto-6aus49\/"]}]},{"@type":"BreadcrumbList","@id":"https:\/\/lottohoy.com\/ro\/rezultate-la-loterie\/rezultate-loto-6aus49\/#breadcrumb","itemListElement":[{"@type":"ListItem","position":1,"name":"Home","item":"https:\/\/lottohoy.com\/ro\/"},{"@type":"ListItem","position":2,"name":"rezultate la loterie","item":"https:\/\/lottohoy.com\/ro\/rezultate-la-loterie\/"},{"@type":"ListItem","position":3,"name":"Rezultate Loto 6aus49"}]},{"@type":"WebSite","@id":"https:\/\/lottohoy.com\/ro\/#website","url":"https:\/\/lottohoy.com\/ro\/","name":"Lottohoy","description":"","potentialAction":[{"@type":"SearchAction","target":{"@type":"EntryPoint","urlTemplate":"https:\/\/lottohoy.com\/ro\/?s={search_term_string}"},"query-input":{"@type":"PropertyValueSpecification","valueRequired":true,"valueName":"search_term_string"}}],"inLanguage":"ro-RO"}]}},"_links":{"self":[{"href":"https:\/\/lottohoy.com\/ro\/wp-json\/wp\/v2\/pages\/15030","targetHints":{"allow":["GET"]}}],"collection":[{"href":"https:\/\/lottohoy.com\/ro\/wp-json\/wp\/v2\/pages"}],"about":[{"href":"https:\/\/lottohoy.com\/ro\/wp-json\/wp\/v2\/types\/page"}],"author":[{"embeddable":true,"href":"https:\/\/lottohoy.com\/ro\/wp-json\/wp\/v2\/users\/2"}],"replies":[{"embeddable":true,"href":"https:\/\/lottohoy.com\/ro\/wp-json\/wp\/v2\/comments?post=15030"}],"version-history":[{"count":1,"href":"https:\/\/lottohoy.com\/ro\/wp-json\/wp\/v2\/pages\/15030\/revisions"}],"predecessor-version":[{"id":15031,"href":"https:\/\/lottohoy.com\/ro\/wp-json\/wp\/v2\/pages\/15030\/revisions\/15031"}],"up":[{"embeddable":true,"href":"https:\/\/lottohoy.com\/ro\/wp-json\/wp\/v2\/pages\/14934"}],"wp:attachment":[{"href":"https:\/\/lottohoy.com\/ro\/wp-json\/wp\/v2\/media?parent=15030"}],"curies":[{"name":"wp","href":"https:\/\/api.w.org\/{rel}","templated":true}]}}