{"id":15016,"date":"2020-08-10T17:41:07","date_gmt":"2020-08-10T16:41:07","guid":{"rendered":"https:\/\/lottohoy.com\/?page_id=15016"},"modified":"2025-03-18T16:33:24","modified_gmt":"2025-03-18T16:33:24","slug":"thunderball-resultados","status":"publish","type":"page","link":"https:\/\/lottohoy.com\/ro\/rezultate-la-loterie\/thunderball-resultados\/","title":{"rendered":"Thunderball Resultados"},"content":{"rendered":"<h2>Cum se verific\u0103 rezultatele Thunderball?<\/h2>\n<p>Pentru a vedea combina\u021bia c\u00e2\u0219tig\u0103toare a extragerii loteriei Thunderball, pur \u0219i simplu compara\u021bi numerele combina\u021biei care apar pe bilet cu rezultatul afi\u0219at pe aceast\u0103 pagin\u0103. Pute\u021bi accesa \u0219i contul de utilizator, unde vor fi reflectate toate mi\u0219c\u0103rile, inclusiv premiile ob\u021binute.<\/p>\n<p>Pe aceea\u0219i pagin\u0103, pute\u021bi verifica \u0219i totalul, c\u00e2\u0219tig\u0103torii \u0219i premiile din fiecare dintre categorii \u0219i extragerile anterioare de p\u00e2n\u0103 la 24 de luni.<\/p>\n<h2>Cum sunt distribuite premiile \u00een Thunderball?<\/h2>\n<p>Thunderball este o loterie care distribuie p\u00e2n\u0103 la 9 categorii de premii, astfel \u00eenc\u00e2t prin simpla potrivire a num\u0103rului complementar Thunderball vei ob\u021bine un premiu, cu \u0219ansa de unul din 36.<\/p>\n<p>Dac\u0103 sunte\u021bi utilizator \u00eenregistrat, premiile ob\u021binute sunt depuse direct \u00een contul de utilizator, permi\u021b\u00e2ndu-v\u0103 s\u0103 ave\u021bi bani \u00een sold, astfel \u00eenc\u00e2t din nou \u0219i dac\u0103 dori\u021bi, s\u0103 pute\u021bi juca sau solicita o retragere de fonduri.<\/p>\n<h2>Jackpotul Thunderball<\/h2>\n<p>Se stabile\u0219te un premiu fix de 500.000 GBP pentru fiecare c\u00e2\u0219tig\u0103tor de prim\u0103 clas\u0103.<\/p>\n<p>Dac\u0103 nu exist\u0103 c\u00e2\u0219tig\u0103tori \u00een prima categorie, premiul nu se acumuleaz\u0103, deoarece va fi \u00eentotdeauna aceea\u0219i sum\u0103 de 500.000 GBP.<\/p>\n<p>Categoriile r\u0103mase au, de asemenea, un premiu fix stabilit pentru fiecare dintre c\u00e2\u0219tig\u0103torii din categoria respectiv\u0103.<\/p>\n<h2>Care sunt \u0219ansele de a c\u00e2\u0219tiga un premiu?<\/h2>\n<p>\u015eansele de a c\u00e2\u015ftiga jackpotul sunt 1 la 8.060.598.<\/p>\n<p>\u00cen timp ce \u0219ansele de a c\u00e2\u0219tiga orice premiu sunt 1 din 13.<\/p>\n","protected":false},"excerpt":{"rendered":"<p>Cum se verific\u0103 rezultatele Thunderball? Pentru a vedea combina\u021bia c\u00e2\u0219tig\u0103toare a extragerii loteriei Thunderball, pur \u0219i simplu compara\u021bi numerele combina\u021biei care apar pe bilet cu rezultatul afi\u0219at pe aceast\u0103 pagin\u0103. Pute\u021bi accesa \u0219i contul de utilizator, unde vor fi reflectate toate mi\u0219c\u0103rile, inclusiv premiile ob\u021binute. Pe aceea\u0219i pagin\u0103, pute\u021bi verifica \u0219i totalul, c\u00e2\u0219tig\u0103torii \u0219i premiile [&hellip;]<\/p>\n","protected":false},"author":2,"featured_media":0,"parent":14934,"menu_order":10,"comment_status":"closed","ping_status":"closed","template":"thunderball-results.php","meta":{"_et_pb_use_builder":"","_et_pb_old_content":"","_et_gb_content_width":"","exclude_from_search":false,"footnotes":""},"class_list":["post-15016","page","type-page","status-publish","hentry"],"yoast_head":"<!-- This site is optimized with the Yoast SEO plugin v23.7 - https:\/\/yoast.com\/wordpress\/plugins\/seo\/ -->\n<title>Thunderball Resultados - Lottohoy<\/title>\n<meta name=\"description\" content=\"Vizualiza\u021bi rezultatele Thunderball pentru aceast\u0103 ultim\u0103 extragere, precum \u0219i pentru extragerile anterioare, pentru a vedea dac\u0103 a\u021bi fost norocos \u0219i a\u021bi c\u00e2\u0219tigat un premiu.\" \/>\n<meta name=\"robots\" content=\"index, follow, max-snippet:-1, max-image-preview:large, max-video-preview:-1\" \/>\n<link rel=\"canonical\" href=\"https:\/\/lottohoy.com\/ro\/rezultate-la-loterie\/thunderball-resultados\/\" \/>\n<meta property=\"og:locale\" content=\"ro_RO\" \/>\n<meta property=\"og:type\" content=\"article\" \/>\n<meta property=\"og:title\" content=\"Thunderball Resultados - Lottohoy\" \/>\n<meta property=\"og:description\" content=\"Vizualiza\u021bi rezultatele Thunderball pentru aceast\u0103 ultim\u0103 extragere, precum \u0219i pentru extragerile anterioare, pentru a vedea dac\u0103 a\u021bi fost norocos \u0219i a\u021bi c\u00e2\u0219tigat un premiu.\" \/>\n<meta property=\"og:url\" content=\"https:\/\/lottohoy.com\/ro\/rezultate-la-loterie\/thunderball-resultados\/\" \/>\n<meta property=\"og:site_name\" content=\"Lottohoy\" \/>\n<meta property=\"article:modified_time\" content=\"2025-03-18T16:33:24+00:00\" \/>\n<meta name=\"twitter:card\" content=\"summary_large_image\" \/>\n<meta name=\"twitter:label1\" content=\"Timp estimat pentru citire\" \/>\n\t<meta name=\"twitter:data1\" content=\"1 minut\" \/>\n<script type=\"application\/ld+json\" class=\"yoast-schema-graph\">{\"@context\":\"https:\/\/schema.org\",\"@graph\":[{\"@type\":\"WebPage\",\"@id\":\"https:\/\/lottohoy.com\/ro\/rezultate-la-loterie\/thunderball-resultados\/\",\"url\":\"https:\/\/lottohoy.com\/ro\/rezultate-la-loterie\/thunderball-resultados\/\",\"name\":\"Thunderball Resultados - Lottohoy\",\"isPartOf\":{\"@id\":\"https:\/\/lottohoy.com\/ro\/#website\"},\"datePublished\":\"2020-08-10T16:41:07+00:00\",\"dateModified\":\"2025-03-18T16:33:24+00:00\",\"description\":\"Vizualiza\u021bi rezultatele Thunderball pentru aceast\u0103 ultim\u0103 extragere, precum \u0219i pentru extragerile anterioare, pentru a vedea dac\u0103 a\u021bi fost norocos \u0219i a\u021bi c\u00e2\u0219tigat un premiu.\",\"breadcrumb\":{\"@id\":\"https:\/\/lottohoy.com\/ro\/rezultate-la-loterie\/thunderball-resultados\/#breadcrumb\"},\"inLanguage\":\"ro-RO\",\"potentialAction\":[{\"@type\":\"ReadAction\",\"target\":[\"https:\/\/lottohoy.com\/ro\/rezultate-la-loterie\/thunderball-resultados\/\"]}]},{\"@type\":\"BreadcrumbList\",\"@id\":\"https:\/\/lottohoy.com\/ro\/rezultate-la-loterie\/thunderball-resultados\/#breadcrumb\",\"itemListElement\":[{\"@type\":\"ListItem\",\"position\":1,\"name\":\"Home\",\"item\":\"https:\/\/lottohoy.com\/ro\/\"},{\"@type\":\"ListItem\",\"position\":2,\"name\":\"rezultate la loterie\",\"item\":\"https:\/\/lottohoy.com\/ro\/rezultate-la-loterie\/\"},{\"@type\":\"ListItem\",\"position\":3,\"name\":\"Thunderball Resultados\"}]},{\"@type\":\"WebSite\",\"@id\":\"https:\/\/lottohoy.com\/ro\/#website\",\"url\":\"https:\/\/lottohoy.com\/ro\/\",\"name\":\"Lottohoy\",\"description\":\"\",\"potentialAction\":[{\"@type\":\"SearchAction\",\"target\":{\"@type\":\"EntryPoint\",\"urlTemplate\":\"https:\/\/lottohoy.com\/ro\/?s={search_term_string}\"},\"query-input\":{\"@type\":\"PropertyValueSpecification\",\"valueRequired\":true,\"valueName\":\"search_term_string\"}}],\"inLanguage\":\"ro-RO\"}]}<\/script>\n<!-- \/ Yoast SEO plugin. -->","yoast_head_json":{"title":"Thunderball Resultados - Lottohoy","description":"Vizualiza\u021bi rezultatele Thunderball pentru aceast\u0103 ultim\u0103 extragere, precum \u0219i pentru extragerile anterioare, pentru a vedea dac\u0103 a\u021bi fost norocos \u0219i a\u021bi c\u00e2\u0219tigat un premiu.","robots":{"index":"index","follow":"follow","max-snippet":"max-snippet:-1","max-image-preview":"max-image-preview:large","max-video-preview":"max-video-preview:-1"},"canonical":"https:\/\/lottohoy.com\/ro\/rezultate-la-loterie\/thunderball-resultados\/","og_locale":"ro_RO","og_type":"article","og_title":"Thunderball Resultados - Lottohoy","og_description":"Vizualiza\u021bi rezultatele Thunderball pentru aceast\u0103 ultim\u0103 extragere, precum \u0219i pentru extragerile anterioare, pentru a vedea dac\u0103 a\u021bi fost norocos \u0219i a\u021bi c\u00e2\u0219tigat un premiu.","og_url":"https:\/\/lottohoy.com\/ro\/rezultate-la-loterie\/thunderball-resultados\/","og_site_name":"Lottohoy","article_modified_time":"2025-03-18T16:33:24+00:00","twitter_card":"summary_large_image","twitter_misc":{"Timp estimat pentru citire":"1 minut"},"schema":{"@context":"https:\/\/schema.org","@graph":[{"@type":"WebPage","@id":"https:\/\/lottohoy.com\/ro\/rezultate-la-loterie\/thunderball-resultados\/","url":"https:\/\/lottohoy.com\/ro\/rezultate-la-loterie\/thunderball-resultados\/","name":"Thunderball Resultados - Lottohoy","isPartOf":{"@id":"https:\/\/lottohoy.com\/ro\/#website"},"datePublished":"2020-08-10T16:41:07+00:00","dateModified":"2025-03-18T16:33:24+00:00","description":"Vizualiza\u021bi rezultatele Thunderball pentru aceast\u0103 ultim\u0103 extragere, precum \u0219i pentru extragerile anterioare, pentru a vedea dac\u0103 a\u021bi fost norocos \u0219i a\u021bi c\u00e2\u0219tigat un premiu.","breadcrumb":{"@id":"https:\/\/lottohoy.com\/ro\/rezultate-la-loterie\/thunderball-resultados\/#breadcrumb"},"inLanguage":"ro-RO","potentialAction":[{"@type":"ReadAction","target":["https:\/\/lottohoy.com\/ro\/rezultate-la-loterie\/thunderball-resultados\/"]}]},{"@type":"BreadcrumbList","@id":"https:\/\/lottohoy.com\/ro\/rezultate-la-loterie\/thunderball-resultados\/#breadcrumb","itemListElement":[{"@type":"ListItem","position":1,"name":"Home","item":"https:\/\/lottohoy.com\/ro\/"},{"@type":"ListItem","position":2,"name":"rezultate la loterie","item":"https:\/\/lottohoy.com\/ro\/rezultate-la-loterie\/"},{"@type":"ListItem","position":3,"name":"Thunderball Resultados"}]},{"@type":"WebSite","@id":"https:\/\/lottohoy.com\/ro\/#website","url":"https:\/\/lottohoy.com\/ro\/","name":"Lottohoy","description":"","potentialAction":[{"@type":"SearchAction","target":{"@type":"EntryPoint","urlTemplate":"https:\/\/lottohoy.com\/ro\/?s={search_term_string}"},"query-input":{"@type":"PropertyValueSpecification","valueRequired":true,"valueName":"search_term_string"}}],"inLanguage":"ro-RO"}]}},"_links":{"self":[{"href":"https:\/\/lottohoy.com\/ro\/wp-json\/wp\/v2\/pages\/15016","targetHints":{"allow":["GET"]}}],"collection":[{"href":"https:\/\/lottohoy.com\/ro\/wp-json\/wp\/v2\/pages"}],"about":[{"href":"https:\/\/lottohoy.com\/ro\/wp-json\/wp\/v2\/types\/page"}],"author":[{"embeddable":true,"href":"https:\/\/lottohoy.com\/ro\/wp-json\/wp\/v2\/users\/2"}],"replies":[{"embeddable":true,"href":"https:\/\/lottohoy.com\/ro\/wp-json\/wp\/v2\/comments?post=15016"}],"version-history":[{"count":1,"href":"https:\/\/lottohoy.com\/ro\/wp-json\/wp\/v2\/pages\/15016\/revisions"}],"predecessor-version":[{"id":15017,"href":"https:\/\/lottohoy.com\/ro\/wp-json\/wp\/v2\/pages\/15016\/revisions\/15017"}],"up":[{"embeddable":true,"href":"https:\/\/lottohoy.com\/ro\/wp-json\/wp\/v2\/pages\/14934"}],"wp:attachment":[{"href":"https:\/\/lottohoy.com\/ro\/wp-json\/wp\/v2\/media?parent=15016"}],"curies":[{"name":"wp","href":"https:\/\/api.w.org\/{rel}","templated":true}]}}