{"id":15009,"date":"2018-05-03T14:23:40","date_gmt":"2018-05-03T13:23:40","guid":{"rendered":"https:\/\/lottohoy.com\/?page_id=15009"},"modified":"2025-03-18T16:27:59","modified_gmt":"2025-03-18T16:27:59","slug":"rezultatele-lotto-uk","status":"publish","type":"page","link":"https:\/\/lottohoy.com\/ro\/rezultate-la-loterie\/rezultatele-lotto-uk\/","title":{"rendered":"Rezultatele lotto UK"},"content":{"rendered":"<p>Acestea sunt cele mai recente rezultate Lotto UK, num\u0103rul total de juc\u0103tori premia\u021bi \u0219i suma colectat\u0103 \u00een fiecare categorie de premii.<\/p>\n<h2>Distribuirea premiilor Lotto UK<\/h2>\n<p>Aceast\u0103 pagin\u0103 con\u021bine combina\u021bia c\u00e2\u0219tig\u0103toare a ultimei extrageri \u0219i repartizarea premiilor corespunz\u0103toare fiec\u0103rei categorii. Aminti\u021bi-v\u0103 c\u0103 premiile c\u00e2\u0219tigate sunt depuse direct \u00een contul utilizatorului, astfel \u00eenc\u00e2t s\u0103 pute\u021bi <span style=\"color: #ff6600;\"><span style=\"color: #3366ff;\"><a style=\"color: #3366ff;\" href=\"https:\/\/lottohoy.com\/ro\/joaca-la-loterie-online\/joaca-lotto-uk\/\">juca din nou Lotto UK<\/a><\/span>.<\/span><\/p>\n<p>Tabelul ne arat\u0103 combina\u021bia celor 6 numere principale. De asemenea, este posibil s\u0103 selecta\u021bi o minge suplimentar\u0103 numit\u0103 \u201ebonus\u201d pentru a oferi un premiu persoanelor care au egalat cele 6 mingi principale.<\/p>\n<h2>Extragerile anterioare Lotto UK<\/h2>\n<p>Pe aceea\u0219i pagin\u0103, avem op\u021biunea de a accesa extragerile anterioare, pentru a vedea nu doar combina\u021biile c\u00e2\u0219tig\u0103toare, ci \u0219i distribu\u021biile pentru diferitele categorii.<\/p>\n<p>\u00cen partea dreapt\u0103 sus, \u00eentr-o caset\u0103 gri, indic\u0103 direc\u021biile posibile pe care le avem pentru a accesa extragerile anterioare folosind semne s\u0103ge\u021bi. \u00cen caseta cu o s\u0103geat\u0103 \u00eendreptat\u0103 spre st\u00e2nga, f\u0103c\u00e2nd clic pe aceasta ne duce la pagina cu rezultatele extragerii imediat anterioar\u0103.<br \/>\nPrin caseta central\u0103 cu s\u0103geata \u00een jos, se deschide un meniu derulant cu datele extragerilor desf\u0103\u0219urate \u00een ultimii 2 ani.<\/p>\n","protected":false},"excerpt":{"rendered":"<p>Acestea sunt cele mai recente rezultate Lotto UK, num\u0103rul total de juc\u0103tori premia\u021bi \u0219i suma colectat\u0103 \u00een fiecare categorie de premii. Distribuirea premiilor Lotto UK Aceast\u0103 pagin\u0103 con\u021bine combina\u021bia c\u00e2\u0219tig\u0103toare a ultimei extrageri \u0219i repartizarea premiilor corespunz\u0103toare fiec\u0103rei categorii. Aminti\u021bi-v\u0103 c\u0103 premiile c\u00e2\u0219tigate sunt depuse direct \u00een contul utilizatorului, astfel \u00eenc\u00e2t s\u0103 pute\u021bi juca din [&hellip;]<\/p>\n","protected":false},"author":2,"featured_media":0,"parent":14934,"menu_order":9,"comment_status":"closed","ping_status":"closed","template":"lotto-uk-results.php","meta":{"_et_pb_use_builder":"","_et_pb_old_content":"","_et_gb_content_width":"","exclude_from_search":false,"footnotes":""},"class_list":["post-15009","page","type-page","status-publish","hentry"],"yoast_head":"<!-- This site is optimized with the Yoast SEO plugin v23.7 - https:\/\/yoast.com\/wordpress\/plugins\/seo\/ -->\n<title>Rezultatele lotto UK - Lottohoy<\/title>\n<meta name=\"description\" content=\"\u00cen LottoToday ve\u021bi g\u0103si combina\u021bia c\u00e2\u0219tig\u0103toare a tuturor extragerilor Lotto UK \u0219i distribu\u021bia premiilor pentru fiecare dintre categorii.\" \/>\n<meta name=\"robots\" content=\"index, follow, max-snippet:-1, max-image-preview:large, max-video-preview:-1\" \/>\n<link rel=\"canonical\" href=\"https:\/\/lottohoy.com\/ro\/rezultate-la-loterie\/rezultatele-lotto-uk\/\" \/>\n<meta property=\"og:locale\" content=\"ro_RO\" \/>\n<meta property=\"og:type\" content=\"article\" \/>\n<meta property=\"og:title\" content=\"Rezultatele lotto UK - Lottohoy\" \/>\n<meta property=\"og:description\" content=\"\u00cen LottoToday ve\u021bi g\u0103si combina\u021bia c\u00e2\u0219tig\u0103toare a tuturor extragerilor Lotto UK \u0219i distribu\u021bia premiilor pentru fiecare dintre categorii.\" \/>\n<meta property=\"og:url\" content=\"https:\/\/lottohoy.com\/ro\/rezultate-la-loterie\/rezultatele-lotto-uk\/\" \/>\n<meta property=\"og:site_name\" content=\"Lottohoy\" \/>\n<meta property=\"article:modified_time\" content=\"2025-03-18T16:27:59+00:00\" \/>\n<meta name=\"twitter:card\" content=\"summary_large_image\" \/>\n<meta name=\"twitter:label1\" content=\"Timp estimat pentru citire\" \/>\n\t<meta name=\"twitter:data1\" content=\"1 minut\" \/>\n<script type=\"application\/ld+json\" class=\"yoast-schema-graph\">{\"@context\":\"https:\/\/schema.org\",\"@graph\":[{\"@type\":\"WebPage\",\"@id\":\"https:\/\/lottohoy.com\/ro\/rezultate-la-loterie\/rezultatele-lotto-uk\/\",\"url\":\"https:\/\/lottohoy.com\/ro\/rezultate-la-loterie\/rezultatele-lotto-uk\/\",\"name\":\"Rezultatele lotto UK - Lottohoy\",\"isPartOf\":{\"@id\":\"https:\/\/lottohoy.com\/ro\/#website\"},\"datePublished\":\"2018-05-03T13:23:40+00:00\",\"dateModified\":\"2025-03-18T16:27:59+00:00\",\"description\":\"\u00cen LottoToday ve\u021bi g\u0103si combina\u021bia c\u00e2\u0219tig\u0103toare a tuturor extragerilor Lotto UK \u0219i distribu\u021bia premiilor pentru fiecare dintre categorii.\",\"breadcrumb\":{\"@id\":\"https:\/\/lottohoy.com\/ro\/rezultate-la-loterie\/rezultatele-lotto-uk\/#breadcrumb\"},\"inLanguage\":\"ro-RO\",\"potentialAction\":[{\"@type\":\"ReadAction\",\"target\":[\"https:\/\/lottohoy.com\/ro\/rezultate-la-loterie\/rezultatele-lotto-uk\/\"]}]},{\"@type\":\"BreadcrumbList\",\"@id\":\"https:\/\/lottohoy.com\/ro\/rezultate-la-loterie\/rezultatele-lotto-uk\/#breadcrumb\",\"itemListElement\":[{\"@type\":\"ListItem\",\"position\":1,\"name\":\"Home\",\"item\":\"https:\/\/lottohoy.com\/ro\/\"},{\"@type\":\"ListItem\",\"position\":2,\"name\":\"rezultate la loterie\",\"item\":\"https:\/\/lottohoy.com\/ro\/rezultate-la-loterie\/\"},{\"@type\":\"ListItem\",\"position\":3,\"name\":\"Rezultatele lotto UK\"}]},{\"@type\":\"WebSite\",\"@id\":\"https:\/\/lottohoy.com\/ro\/#website\",\"url\":\"https:\/\/lottohoy.com\/ro\/\",\"name\":\"Lottohoy\",\"description\":\"\",\"potentialAction\":[{\"@type\":\"SearchAction\",\"target\":{\"@type\":\"EntryPoint\",\"urlTemplate\":\"https:\/\/lottohoy.com\/ro\/?s={search_term_string}\"},\"query-input\":{\"@type\":\"PropertyValueSpecification\",\"valueRequired\":true,\"valueName\":\"search_term_string\"}}],\"inLanguage\":\"ro-RO\"}]}<\/script>\n<!-- \/ Yoast SEO plugin. -->","yoast_head_json":{"title":"Rezultatele lotto UK - Lottohoy","description":"\u00cen LottoToday ve\u021bi g\u0103si combina\u021bia c\u00e2\u0219tig\u0103toare a tuturor extragerilor Lotto UK \u0219i distribu\u021bia premiilor pentru fiecare dintre categorii.","robots":{"index":"index","follow":"follow","max-snippet":"max-snippet:-1","max-image-preview":"max-image-preview:large","max-video-preview":"max-video-preview:-1"},"canonical":"https:\/\/lottohoy.com\/ro\/rezultate-la-loterie\/rezultatele-lotto-uk\/","og_locale":"ro_RO","og_type":"article","og_title":"Rezultatele lotto UK - Lottohoy","og_description":"\u00cen LottoToday ve\u021bi g\u0103si combina\u021bia c\u00e2\u0219tig\u0103toare a tuturor extragerilor Lotto UK \u0219i distribu\u021bia premiilor pentru fiecare dintre categorii.","og_url":"https:\/\/lottohoy.com\/ro\/rezultate-la-loterie\/rezultatele-lotto-uk\/","og_site_name":"Lottohoy","article_modified_time":"2025-03-18T16:27:59+00:00","twitter_card":"summary_large_image","twitter_misc":{"Timp estimat pentru citire":"1 minut"},"schema":{"@context":"https:\/\/schema.org","@graph":[{"@type":"WebPage","@id":"https:\/\/lottohoy.com\/ro\/rezultate-la-loterie\/rezultatele-lotto-uk\/","url":"https:\/\/lottohoy.com\/ro\/rezultate-la-loterie\/rezultatele-lotto-uk\/","name":"Rezultatele lotto UK - Lottohoy","isPartOf":{"@id":"https:\/\/lottohoy.com\/ro\/#website"},"datePublished":"2018-05-03T13:23:40+00:00","dateModified":"2025-03-18T16:27:59+00:00","description":"\u00cen LottoToday ve\u021bi g\u0103si combina\u021bia c\u00e2\u0219tig\u0103toare a tuturor extragerilor Lotto UK \u0219i distribu\u021bia premiilor pentru fiecare dintre categorii.","breadcrumb":{"@id":"https:\/\/lottohoy.com\/ro\/rezultate-la-loterie\/rezultatele-lotto-uk\/#breadcrumb"},"inLanguage":"ro-RO","potentialAction":[{"@type":"ReadAction","target":["https:\/\/lottohoy.com\/ro\/rezultate-la-loterie\/rezultatele-lotto-uk\/"]}]},{"@type":"BreadcrumbList","@id":"https:\/\/lottohoy.com\/ro\/rezultate-la-loterie\/rezultatele-lotto-uk\/#breadcrumb","itemListElement":[{"@type":"ListItem","position":1,"name":"Home","item":"https:\/\/lottohoy.com\/ro\/"},{"@type":"ListItem","position":2,"name":"rezultate la loterie","item":"https:\/\/lottohoy.com\/ro\/rezultate-la-loterie\/"},{"@type":"ListItem","position":3,"name":"Rezultatele lotto UK"}]},{"@type":"WebSite","@id":"https:\/\/lottohoy.com\/ro\/#website","url":"https:\/\/lottohoy.com\/ro\/","name":"Lottohoy","description":"","potentialAction":[{"@type":"SearchAction","target":{"@type":"EntryPoint","urlTemplate":"https:\/\/lottohoy.com\/ro\/?s={search_term_string}"},"query-input":{"@type":"PropertyValueSpecification","valueRequired":true,"valueName":"search_term_string"}}],"inLanguage":"ro-RO"}]}},"_links":{"self":[{"href":"https:\/\/lottohoy.com\/ro\/wp-json\/wp\/v2\/pages\/15009","targetHints":{"allow":["GET"]}}],"collection":[{"href":"https:\/\/lottohoy.com\/ro\/wp-json\/wp\/v2\/pages"}],"about":[{"href":"https:\/\/lottohoy.com\/ro\/wp-json\/wp\/v2\/types\/page"}],"author":[{"embeddable":true,"href":"https:\/\/lottohoy.com\/ro\/wp-json\/wp\/v2\/users\/2"}],"replies":[{"embeddable":true,"href":"https:\/\/lottohoy.com\/ro\/wp-json\/wp\/v2\/comments?post=15009"}],"version-history":[{"count":2,"href":"https:\/\/lottohoy.com\/ro\/wp-json\/wp\/v2\/pages\/15009\/revisions"}],"predecessor-version":[{"id":15735,"href":"https:\/\/lottohoy.com\/ro\/wp-json\/wp\/v2\/pages\/15009\/revisions\/15735"}],"up":[{"embeddable":true,"href":"https:\/\/lottohoy.com\/ro\/wp-json\/wp\/v2\/pages\/14934"}],"wp:attachment":[{"href":"https:\/\/lottohoy.com\/ro\/wp-json\/wp\/v2\/media?parent=15009"}],"curies":[{"name":"wp","href":"https:\/\/api.w.org\/{rel}","templated":true}]}}