{"id":15003,"date":"2018-08-21T10:11:29","date_gmt":"2018-08-21T09:11:29","guid":{"rendered":"https:\/\/lottohoy.com\/?page_id=15003"},"modified":"2025-02-21T11:18:36","modified_gmt":"2025-02-21T11:18:36","slug":"rezultatele-la-primitiva","status":"publish","type":"page","link":"https:\/\/lottohoy.com\/ro\/rezultate-la-loterie\/rezultatele-la-primitiva\/","title":{"rendered":"Rezultatele La Primitiva"},"content":{"rendered":"<p>Aceast\u0103 pagin\u0103 arat\u0103 o defalcare detaliat\u0103 a rezultatelor tragerilor la loterie Primitiva, jackpot-ul estimat pentru aceast\u0103 ultim\u0103 extragere \u0219i alte detalii de interes.<\/p>\n<h2>Rezultatele de ast\u0103zi ale Primitivei<\/h2>\n<p>Aceast\u0103 caset\u0103 arat\u0103 rezultatele ultimei trageri la sor\u021bi \u0219i distribuirea premiilor pentru fiecare dintre cele \u0219apte categorii.<\/p>\n<p>Num\u0103rul estimat de c\u00e2\u0219tig\u0103tori pe categorie \u0219i suma care trebuie distribuit\u0103 \u00eentre ace\u0219tia.<\/p>\n<h2>Toate rezultatele Primitivei<\/h2>\n<p>Pe l\u00e2ng\u0103 rezultatele ultimei extrageri desf\u0103\u0219urate, pe aceast\u0103 pagin\u0103 pute\u021bi afla \u0219i rezultatele tuturor extragerilor desf\u0103\u0219urate \u00een ultimele 24 de luni.<\/p>\n<p>\u00cen dreapta combina\u021biei c\u00e2\u0219tig\u0103toare din ultima extragere apar ni\u0219te casete gri cu s\u0103ge\u021bi direc\u021bionale care v\u0103 vor permite s\u0103 defila\u021bi prin datele extragerii anterioare.<\/p>\n","protected":false},"excerpt":{"rendered":"<p>Aceast\u0103 pagin\u0103 arat\u0103 o defalcare detaliat\u0103 a rezultatelor tragerilor la loterie Primitiva, jackpot-ul estimat pentru aceast\u0103 ultim\u0103 extragere \u0219i alte detalii de interes. Rezultatele de ast\u0103zi ale Primitivei Aceast\u0103 caset\u0103 arat\u0103 rezultatele ultimei trageri la sor\u021bi \u0219i distribuirea premiilor pentru fiecare dintre cele \u0219apte categorii. Num\u0103rul estimat de c\u00e2\u0219tig\u0103tori pe categorie \u0219i suma care trebuie [&hellip;]<\/p>\n","protected":false},"author":2,"featured_media":0,"parent":14934,"menu_order":6,"comment_status":"closed","ping_status":"closed","template":"la-primitiva-results.php","meta":{"_et_pb_use_builder":"","_et_pb_old_content":"","_et_gb_content_width":"","exclude_from_search":false,"footnotes":""},"class_list":["post-15003","page","type-page","status-publish","hentry"],"yoast_head":"<!-- This site is optimized with the Yoast SEO plugin v23.7 - https:\/\/yoast.com\/wordpress\/plugins\/seo\/ -->\n<title>Rezultatele La Primitiva - Lottohoy<\/title>\n<meta name=\"robots\" content=\"index, follow, max-snippet:-1, max-image-preview:large, max-video-preview:-1\" \/>\n<link rel=\"canonical\" href=\"https:\/\/lottohoy.com\/ro\/rezultate-la-loterie\/rezultatele-la-primitiva\/\" \/>\n<meta property=\"og:locale\" content=\"ro_RO\" \/>\n<meta property=\"og:type\" content=\"article\" \/>\n<meta property=\"og:title\" content=\"Rezultatele La Primitiva - Lottohoy\" \/>\n<meta property=\"og:description\" content=\"Aceast\u0103 pagin\u0103 arat\u0103 o defalcare detaliat\u0103 a rezultatelor tragerilor la loterie Primitiva, jackpot-ul estimat pentru aceast\u0103 ultim\u0103 extragere \u0219i alte detalii de interes. Rezultatele de ast\u0103zi ale Primitivei Aceast\u0103 caset\u0103 arat\u0103 rezultatele ultimei trageri la sor\u021bi \u0219i distribuirea premiilor pentru fiecare dintre cele \u0219apte categorii. Num\u0103rul estimat de c\u00e2\u0219tig\u0103tori pe categorie \u0219i suma care trebuie [&hellip;]\" \/>\n<meta property=\"og:url\" content=\"https:\/\/lottohoy.com\/ro\/rezultate-la-loterie\/rezultatele-la-primitiva\/\" \/>\n<meta property=\"og:site_name\" content=\"Lottohoy\" \/>\n<meta property=\"article:modified_time\" content=\"2025-02-21T11:18:36+00:00\" \/>\n<meta name=\"twitter:card\" content=\"summary_large_image\" \/>\n<meta name=\"twitter:label1\" content=\"Timp estimat pentru citire\" \/>\n\t<meta name=\"twitter:data1\" content=\"1 minut\" \/>\n<script type=\"application\/ld+json\" class=\"yoast-schema-graph\">{\"@context\":\"https:\/\/schema.org\",\"@graph\":[{\"@type\":\"WebPage\",\"@id\":\"https:\/\/lottohoy.com\/ro\/rezultate-la-loterie\/rezultatele-la-primitiva\/\",\"url\":\"https:\/\/lottohoy.com\/ro\/rezultate-la-loterie\/rezultatele-la-primitiva\/\",\"name\":\"Rezultatele La Primitiva - Lottohoy\",\"isPartOf\":{\"@id\":\"https:\/\/lottohoy.com\/ro\/#website\"},\"datePublished\":\"2018-08-21T09:11:29+00:00\",\"dateModified\":\"2025-02-21T11:18:36+00:00\",\"breadcrumb\":{\"@id\":\"https:\/\/lottohoy.com\/ro\/rezultate-la-loterie\/rezultatele-la-primitiva\/#breadcrumb\"},\"inLanguage\":\"ro-RO\",\"potentialAction\":[{\"@type\":\"ReadAction\",\"target\":[\"https:\/\/lottohoy.com\/ro\/rezultate-la-loterie\/rezultatele-la-primitiva\/\"]}]},{\"@type\":\"BreadcrumbList\",\"@id\":\"https:\/\/lottohoy.com\/ro\/rezultate-la-loterie\/rezultatele-la-primitiva\/#breadcrumb\",\"itemListElement\":[{\"@type\":\"ListItem\",\"position\":1,\"name\":\"Home\",\"item\":\"https:\/\/lottohoy.com\/ro\/\"},{\"@type\":\"ListItem\",\"position\":2,\"name\":\"rezultate la loterie\",\"item\":\"https:\/\/lottohoy.com\/ro\/rezultate-la-loterie\/\"},{\"@type\":\"ListItem\",\"position\":3,\"name\":\"Rezultatele La Primitiva\"}]},{\"@type\":\"WebSite\",\"@id\":\"https:\/\/lottohoy.com\/ro\/#website\",\"url\":\"https:\/\/lottohoy.com\/ro\/\",\"name\":\"Lottohoy\",\"description\":\"\",\"potentialAction\":[{\"@type\":\"SearchAction\",\"target\":{\"@type\":\"EntryPoint\",\"urlTemplate\":\"https:\/\/lottohoy.com\/ro\/?s={search_term_string}\"},\"query-input\":{\"@type\":\"PropertyValueSpecification\",\"valueRequired\":true,\"valueName\":\"search_term_string\"}}],\"inLanguage\":\"ro-RO\"}]}<\/script>\n<!-- \/ Yoast SEO plugin. -->","yoast_head_json":{"title":"Rezultatele La Primitiva - Lottohoy","robots":{"index":"index","follow":"follow","max-snippet":"max-snippet:-1","max-image-preview":"max-image-preview:large","max-video-preview":"max-video-preview:-1"},"canonical":"https:\/\/lottohoy.com\/ro\/rezultate-la-loterie\/rezultatele-la-primitiva\/","og_locale":"ro_RO","og_type":"article","og_title":"Rezultatele La Primitiva - Lottohoy","og_description":"Aceast\u0103 pagin\u0103 arat\u0103 o defalcare detaliat\u0103 a rezultatelor tragerilor la loterie Primitiva, jackpot-ul estimat pentru aceast\u0103 ultim\u0103 extragere \u0219i alte detalii de interes. Rezultatele de ast\u0103zi ale Primitivei Aceast\u0103 caset\u0103 arat\u0103 rezultatele ultimei trageri la sor\u021bi \u0219i distribuirea premiilor pentru fiecare dintre cele \u0219apte categorii. Num\u0103rul estimat de c\u00e2\u0219tig\u0103tori pe categorie \u0219i suma care trebuie [&hellip;]","og_url":"https:\/\/lottohoy.com\/ro\/rezultate-la-loterie\/rezultatele-la-primitiva\/","og_site_name":"Lottohoy","article_modified_time":"2025-02-21T11:18:36+00:00","twitter_card":"summary_large_image","twitter_misc":{"Timp estimat pentru citire":"1 minut"},"schema":{"@context":"https:\/\/schema.org","@graph":[{"@type":"WebPage","@id":"https:\/\/lottohoy.com\/ro\/rezultate-la-loterie\/rezultatele-la-primitiva\/","url":"https:\/\/lottohoy.com\/ro\/rezultate-la-loterie\/rezultatele-la-primitiva\/","name":"Rezultatele La Primitiva - Lottohoy","isPartOf":{"@id":"https:\/\/lottohoy.com\/ro\/#website"},"datePublished":"2018-08-21T09:11:29+00:00","dateModified":"2025-02-21T11:18:36+00:00","breadcrumb":{"@id":"https:\/\/lottohoy.com\/ro\/rezultate-la-loterie\/rezultatele-la-primitiva\/#breadcrumb"},"inLanguage":"ro-RO","potentialAction":[{"@type":"ReadAction","target":["https:\/\/lottohoy.com\/ro\/rezultate-la-loterie\/rezultatele-la-primitiva\/"]}]},{"@type":"BreadcrumbList","@id":"https:\/\/lottohoy.com\/ro\/rezultate-la-loterie\/rezultatele-la-primitiva\/#breadcrumb","itemListElement":[{"@type":"ListItem","position":1,"name":"Home","item":"https:\/\/lottohoy.com\/ro\/"},{"@type":"ListItem","position":2,"name":"rezultate la loterie","item":"https:\/\/lottohoy.com\/ro\/rezultate-la-loterie\/"},{"@type":"ListItem","position":3,"name":"Rezultatele La Primitiva"}]},{"@type":"WebSite","@id":"https:\/\/lottohoy.com\/ro\/#website","url":"https:\/\/lottohoy.com\/ro\/","name":"Lottohoy","description":"","potentialAction":[{"@type":"SearchAction","target":{"@type":"EntryPoint","urlTemplate":"https:\/\/lottohoy.com\/ro\/?s={search_term_string}"},"query-input":{"@type":"PropertyValueSpecification","valueRequired":true,"valueName":"search_term_string"}}],"inLanguage":"ro-RO"}]}},"_links":{"self":[{"href":"https:\/\/lottohoy.com\/ro\/wp-json\/wp\/v2\/pages\/15003","targetHints":{"allow":["GET"]}}],"collection":[{"href":"https:\/\/lottohoy.com\/ro\/wp-json\/wp\/v2\/pages"}],"about":[{"href":"https:\/\/lottohoy.com\/ro\/wp-json\/wp\/v2\/types\/page"}],"author":[{"embeddable":true,"href":"https:\/\/lottohoy.com\/ro\/wp-json\/wp\/v2\/users\/2"}],"replies":[{"embeddable":true,"href":"https:\/\/lottohoy.com\/ro\/wp-json\/wp\/v2\/comments?post=15003"}],"version-history":[{"count":1,"href":"https:\/\/lottohoy.com\/ro\/wp-json\/wp\/v2\/pages\/15003\/revisions"}],"predecessor-version":[{"id":15004,"href":"https:\/\/lottohoy.com\/ro\/wp-json\/wp\/v2\/pages\/15003\/revisions\/15004"}],"up":[{"embeddable":true,"href":"https:\/\/lottohoy.com\/ro\/wp-json\/wp\/v2\/pages\/14934"}],"wp:attachment":[{"href":"https:\/\/lottohoy.com\/ro\/wp-json\/wp\/v2\/media?parent=15003"}],"curies":[{"name":"wp","href":"https:\/\/api.w.org\/{rel}","templated":true}]}}