{"id":14997,"date":"2019-02-13T18:37:04","date_gmt":"2019-02-13T18:37:04","guid":{"rendered":"https:\/\/lottohoy.com\/?page_id=14997"},"modified":"2025-03-18T12:44:14","modified_gmt":"2025-03-18T12:44:14","slug":"verificati-gordo-de-la-primitiva","status":"publish","type":"page","link":"https:\/\/lottohoy.com\/ro\/rezultate-la-loterie\/verificati-gordo-de-la-primitiva\/","title":{"rendered":"Verifica\u021bi Gordo de la Primitiva"},"content":{"rendered":"<p>numerele c\u00e2\u0219tig\u0103toare \u0219i valoarea c\u00e2\u0219tigurilor dvs. se vor reflecta automat \u00een contul dvs. de utilizator, devenind disponibile din acel moment.<\/p>\n<p>De asemenea, pute\u021bi verifica jackpot-ul acumulat, c\u00e2\u0219tig\u0103torii \u0219i premiile din fiecare dintre categorii \u0219i extragerile anterioare de p\u00e2n\u0103 la 24 de luni.<\/p>\n<h2>Gordo de la Primitiva Rezultate<\/h2>\n<p>Aceast\u0103 pagin\u0103 reflect\u0103 \u00een detaliu rezultatele extragerilor El Gordo de la Primitiva, jackpot-ul estimat pentru aceast\u0103 tragere, precum \u0219i alte detalii de maxim interes pentru prognoza viitoarelor jocuri.<\/p>\n<p>\u00cen dreapta combina\u021biei c\u00e2\u0219tig\u0103toare a acestei ultime extrageri, sunt trei p\u0103trate. P\u0103tratul central arat\u0103 data extragerii care este revizuit\u0103, iar pe fiecare parte a acestui p\u0103trat central exist\u0103 s\u0103ge\u021bi la dreapta \u0219i la st\u00e2nga pentru a vizita datele anterioare ale extragerii \u0219i pentru a avansa de la acele extrageri la cea mai actual\u0103 dat\u0103.<\/p>\n<h2>Verifica\u021bi ast\u0103zi Gordo de la Primitiva<\/h2>\n<p>Este afi\u0219at un tabel mare cu rezultatele \u0219i distribu\u021bia premiilor pe categorii de la ultima extragere El Gordo de ast\u0103zi.<\/p>\n<p>Categoriile de premii (p\u00e2n\u0103 la 9 categorii diferite), succesele necesare pentru calificarea la oricare dintre categoriile de premii.<\/p>\n<p>C\u00e2\u0219tig\u0103torii fiec\u0103rei categorii, precum \u0219i premiul pe care \u00eel ob\u021bine fiecare dintre c\u00e2\u0219tig\u0103tori.<\/p>\n<p>\u00cenchiderea acestei casete mari, este indicat num\u0103rul total de c\u00e2\u0219tig\u0103tori din aceast\u0103 tragere la sor\u021bi \u0219i suma total\u0103 de bani care este distribuit\u0103 \u00eentre to\u021bi c\u00e2\u0219tig\u0103torii.<\/p>\n<h2>Premiile El Gordo de la Primitiva<\/h2>\n<p>Cu doar dou\u0103 numere principale, prime\u0219ti un premiu fix de 3 \u20ac, \u00een timp ce dac\u0103 doar cheia sau num\u0103rul de rambursare este corect, profitul este returnarea sumei de baz\u0103 a pariului.<\/p>\n<p>Valoarea premiilor variaz\u0103 de la o extragere la alta, deoarece acestea se bazeaz\u0103 pe v\u00e2nzarea biletelor \u0219i pe c\u00e2\u0219tig\u0103torii fiec\u0103rei categorii.<\/p>\n<h2>Barca lui Gordo de la Primitiva<\/h2>\n<p>Exist\u0103 un jackpot minim garantat pentru Gordo de la Primitiva de 5 milioane de euro \u0219i se acumuleaz\u0103 pentru urm\u0103toarea extragere dac\u0103 nu exist\u0103 un c\u00e2\u0219tig\u0103tor de prima categorie.<\/p>\n<p>Jackpot-ul poate continua s\u0103 creasc\u0103 nelimitat p\u00e2n\u0103 c\u00e2nd exist\u0103 un c\u00e2\u0219tig\u0103tor care se potrive\u0219te cu cele 5 numere principale \u0219i rambursarea sau cheia.<\/p>\n","protected":false},"excerpt":{"rendered":"<p>numerele c\u00e2\u0219tig\u0103toare \u0219i valoarea c\u00e2\u0219tigurilor dvs. se vor reflecta automat \u00een contul dvs. de utilizator, devenind disponibile din acel moment. De asemenea, pute\u021bi verifica jackpot-ul acumulat, c\u00e2\u0219tig\u0103torii \u0219i premiile din fiecare dintre categorii \u0219i extragerile anterioare de p\u00e2n\u0103 la 24 de luni. Gordo de la Primitiva Rezultate Aceast\u0103 pagin\u0103 reflect\u0103 \u00een detaliu rezultatele extragerilor El [&hellip;]<\/p>\n","protected":false},"author":2,"featured_media":0,"parent":14934,"menu_order":6,"comment_status":"closed","ping_status":"closed","template":"el-gordo-results.php","meta":{"_et_pb_use_builder":"","_et_pb_old_content":"","_et_gb_content_width":"","exclude_from_search":false,"footnotes":""},"class_list":["post-14997","page","type-page","status-publish","hentry"],"yoast_head":"<!-- This site is optimized with the Yoast SEO plugin v23.7 - https:\/\/yoast.com\/wordpress\/plugins\/seo\/ -->\n<title>Verifica\u021bi Gordo de la Primitiva - Lottohoy<\/title>\n<meta name=\"description\" content=\"Verifica\u021bi rezultatul dac\u0103 sunte\u021bi c\u00e2\u0219tig\u0103torul extragerii El Gordo de La Primitiva. Rezultate actualizate \u0219i la \u00eendem\u00e2n\u0103.\" \/>\n<meta name=\"robots\" content=\"index, follow, max-snippet:-1, max-image-preview:large, max-video-preview:-1\" \/>\n<link rel=\"canonical\" href=\"https:\/\/lottohoy.com\/ro\/rezultate-la-loterie\/verificati-gordo-de-la-primitiva\/\" \/>\n<meta property=\"og:locale\" content=\"ro_RO\" \/>\n<meta property=\"og:type\" content=\"article\" \/>\n<meta property=\"og:title\" content=\"Verifica\u021bi Gordo de la Primitiva - Lottohoy\" \/>\n<meta property=\"og:description\" content=\"Verifica\u021bi rezultatul dac\u0103 sunte\u021bi c\u00e2\u0219tig\u0103torul extragerii El Gordo de La Primitiva. Rezultate actualizate \u0219i la \u00eendem\u00e2n\u0103.\" \/>\n<meta property=\"og:url\" content=\"https:\/\/lottohoy.com\/ro\/rezultate-la-loterie\/verificati-gordo-de-la-primitiva\/\" \/>\n<meta property=\"og:site_name\" content=\"Lottohoy\" \/>\n<meta property=\"article:modified_time\" content=\"2025-03-18T12:44:14+00:00\" \/>\n<meta name=\"twitter:card\" content=\"summary_large_image\" \/>\n<meta name=\"twitter:label1\" content=\"Timp estimat pentru citire\" \/>\n\t<meta name=\"twitter:data1\" content=\"2 minute\" \/>\n<script type=\"application\/ld+json\" class=\"yoast-schema-graph\">{\"@context\":\"https:\/\/schema.org\",\"@graph\":[{\"@type\":\"WebPage\",\"@id\":\"https:\/\/lottohoy.com\/ro\/rezultate-la-loterie\/verificati-gordo-de-la-primitiva\/\",\"url\":\"https:\/\/lottohoy.com\/ro\/rezultate-la-loterie\/verificati-gordo-de-la-primitiva\/\",\"name\":\"Verifica\u021bi Gordo de la Primitiva - Lottohoy\",\"isPartOf\":{\"@id\":\"https:\/\/lottohoy.com\/ro\/#website\"},\"datePublished\":\"2019-02-13T18:37:04+00:00\",\"dateModified\":\"2025-03-18T12:44:14+00:00\",\"description\":\"Verifica\u021bi rezultatul dac\u0103 sunte\u021bi c\u00e2\u0219tig\u0103torul extragerii El Gordo de La Primitiva. Rezultate actualizate \u0219i la \u00eendem\u00e2n\u0103.\",\"breadcrumb\":{\"@id\":\"https:\/\/lottohoy.com\/ro\/rezultate-la-loterie\/verificati-gordo-de-la-primitiva\/#breadcrumb\"},\"inLanguage\":\"ro-RO\",\"potentialAction\":[{\"@type\":\"ReadAction\",\"target\":[\"https:\/\/lottohoy.com\/ro\/rezultate-la-loterie\/verificati-gordo-de-la-primitiva\/\"]}]},{\"@type\":\"BreadcrumbList\",\"@id\":\"https:\/\/lottohoy.com\/ro\/rezultate-la-loterie\/verificati-gordo-de-la-primitiva\/#breadcrumb\",\"itemListElement\":[{\"@type\":\"ListItem\",\"position\":1,\"name\":\"Home\",\"item\":\"https:\/\/lottohoy.com\/ro\/\"},{\"@type\":\"ListItem\",\"position\":2,\"name\":\"rezultate la loterie\",\"item\":\"https:\/\/lottohoy.com\/ro\/rezultate-la-loterie\/\"},{\"@type\":\"ListItem\",\"position\":3,\"name\":\"Verifica\u021bi Gordo de la Primitiva\"}]},{\"@type\":\"WebSite\",\"@id\":\"https:\/\/lottohoy.com\/ro\/#website\",\"url\":\"https:\/\/lottohoy.com\/ro\/\",\"name\":\"Lottohoy\",\"description\":\"\",\"potentialAction\":[{\"@type\":\"SearchAction\",\"target\":{\"@type\":\"EntryPoint\",\"urlTemplate\":\"https:\/\/lottohoy.com\/ro\/?s={search_term_string}\"},\"query-input\":{\"@type\":\"PropertyValueSpecification\",\"valueRequired\":true,\"valueName\":\"search_term_string\"}}],\"inLanguage\":\"ro-RO\"}]}<\/script>\n<!-- \/ Yoast SEO plugin. -->","yoast_head_json":{"title":"Verifica\u021bi Gordo de la Primitiva - Lottohoy","description":"Verifica\u021bi rezultatul dac\u0103 sunte\u021bi c\u00e2\u0219tig\u0103torul extragerii El Gordo de La Primitiva. Rezultate actualizate \u0219i la \u00eendem\u00e2n\u0103.","robots":{"index":"index","follow":"follow","max-snippet":"max-snippet:-1","max-image-preview":"max-image-preview:large","max-video-preview":"max-video-preview:-1"},"canonical":"https:\/\/lottohoy.com\/ro\/rezultate-la-loterie\/verificati-gordo-de-la-primitiva\/","og_locale":"ro_RO","og_type":"article","og_title":"Verifica\u021bi Gordo de la Primitiva - Lottohoy","og_description":"Verifica\u021bi rezultatul dac\u0103 sunte\u021bi c\u00e2\u0219tig\u0103torul extragerii El Gordo de La Primitiva. Rezultate actualizate \u0219i la \u00eendem\u00e2n\u0103.","og_url":"https:\/\/lottohoy.com\/ro\/rezultate-la-loterie\/verificati-gordo-de-la-primitiva\/","og_site_name":"Lottohoy","article_modified_time":"2025-03-18T12:44:14+00:00","twitter_card":"summary_large_image","twitter_misc":{"Timp estimat pentru citire":"2 minute"},"schema":{"@context":"https:\/\/schema.org","@graph":[{"@type":"WebPage","@id":"https:\/\/lottohoy.com\/ro\/rezultate-la-loterie\/verificati-gordo-de-la-primitiva\/","url":"https:\/\/lottohoy.com\/ro\/rezultate-la-loterie\/verificati-gordo-de-la-primitiva\/","name":"Verifica\u021bi Gordo de la Primitiva - Lottohoy","isPartOf":{"@id":"https:\/\/lottohoy.com\/ro\/#website"},"datePublished":"2019-02-13T18:37:04+00:00","dateModified":"2025-03-18T12:44:14+00:00","description":"Verifica\u021bi rezultatul dac\u0103 sunte\u021bi c\u00e2\u0219tig\u0103torul extragerii El Gordo de La Primitiva. Rezultate actualizate \u0219i la \u00eendem\u00e2n\u0103.","breadcrumb":{"@id":"https:\/\/lottohoy.com\/ro\/rezultate-la-loterie\/verificati-gordo-de-la-primitiva\/#breadcrumb"},"inLanguage":"ro-RO","potentialAction":[{"@type":"ReadAction","target":["https:\/\/lottohoy.com\/ro\/rezultate-la-loterie\/verificati-gordo-de-la-primitiva\/"]}]},{"@type":"BreadcrumbList","@id":"https:\/\/lottohoy.com\/ro\/rezultate-la-loterie\/verificati-gordo-de-la-primitiva\/#breadcrumb","itemListElement":[{"@type":"ListItem","position":1,"name":"Home","item":"https:\/\/lottohoy.com\/ro\/"},{"@type":"ListItem","position":2,"name":"rezultate la loterie","item":"https:\/\/lottohoy.com\/ro\/rezultate-la-loterie\/"},{"@type":"ListItem","position":3,"name":"Verifica\u021bi Gordo de la Primitiva"}]},{"@type":"WebSite","@id":"https:\/\/lottohoy.com\/ro\/#website","url":"https:\/\/lottohoy.com\/ro\/","name":"Lottohoy","description":"","potentialAction":[{"@type":"SearchAction","target":{"@type":"EntryPoint","urlTemplate":"https:\/\/lottohoy.com\/ro\/?s={search_term_string}"},"query-input":{"@type":"PropertyValueSpecification","valueRequired":true,"valueName":"search_term_string"}}],"inLanguage":"ro-RO"}]}},"_links":{"self":[{"href":"https:\/\/lottohoy.com\/ro\/wp-json\/wp\/v2\/pages\/14997","targetHints":{"allow":["GET"]}}],"collection":[{"href":"https:\/\/lottohoy.com\/ro\/wp-json\/wp\/v2\/pages"}],"about":[{"href":"https:\/\/lottohoy.com\/ro\/wp-json\/wp\/v2\/types\/page"}],"author":[{"embeddable":true,"href":"https:\/\/lottohoy.com\/ro\/wp-json\/wp\/v2\/users\/2"}],"replies":[{"embeddable":true,"href":"https:\/\/lottohoy.com\/ro\/wp-json\/wp\/v2\/comments?post=14997"}],"version-history":[{"count":1,"href":"https:\/\/lottohoy.com\/ro\/wp-json\/wp\/v2\/pages\/14997\/revisions"}],"predecessor-version":[{"id":14998,"href":"https:\/\/lottohoy.com\/ro\/wp-json\/wp\/v2\/pages\/14997\/revisions\/14998"}],"up":[{"embeddable":true,"href":"https:\/\/lottohoy.com\/ro\/wp-json\/wp\/v2\/pages\/14934"}],"wp:attachment":[{"href":"https:\/\/lottohoy.com\/ro\/wp-json\/wp\/v2\/media?parent=14997"}],"curies":[{"name":"wp","href":"https:\/\/api.w.org\/{rel}","templated":true}]}}