{"id":14991,"date":"2018-05-03T14:23:39","date_gmt":"2018-05-03T13:23:39","guid":{"rendered":"https:\/\/lottohoy.com\/?page_id=14991"},"modified":"2025-03-18T12:38:26","modified_gmt":"2025-03-18T12:38:26","slug":"rezultate-superenalotto","status":"publish","type":"page","link":"https:\/\/lottohoy.com\/ro\/rezultate-la-loterie\/rezultate-superenalotto\/","title":{"rendered":"Rezultate SuperEnalotto"},"content":{"rendered":"<h2>Rezultate SuperEnalotto Italia<\/h2>\n<p>Aceast\u0103 pagin\u0103 prezint\u0103 combina\u021bia c\u00e2\u0219tig\u0103toare a ultimei extrageri Superenalotto \u0219i distribuirea oficial\u0103 a premiilor corespunz\u0103toare fiec\u0103reia dintre categoriile de premii. Aminti\u021bi-v\u0103 c\u0103 premiile sunt depuse automat \u00een contul dvs. de juc\u0103tor, astfel \u00eenc\u00e2t s\u0103 pute\u021bi juca Superenalotto \u00een orice moment.<\/p>\n<h2>Extragerile anterioare de Superenalotto<\/h2>\n<p>Pe aceea\u0219i pagin\u0103, avem op\u021biunea de a accesa extragerile anterioare, care pot servi drept ghid pentru statistici \u0219i viitoare combina\u021bii de pariuri. \u00cen plus, v\u0103 permite s\u0103 vede\u021bi nu numai combina\u021biile c\u00e2\u0219tig\u0103toare, ci \u0219i distribuirea de premii pentru diferitele categorii.<\/p>\n<p>\u00cen dreapta sus, \u00eentr-o caset\u0103 gri, g\u0103sim func\u021bia calendar, \u0219i putem accesa at\u00e2t rezultatul imediat anterior, c\u00e2t \u0219i selectam dintr-o list\u0103 data anume pe care dorim s\u0103 o consult\u0103m, din ultimii 2 ani.<\/p>\n","protected":false},"excerpt":{"rendered":"<p>Rezultate SuperEnalotto Italia Aceast\u0103 pagin\u0103 prezint\u0103 combina\u021bia c\u00e2\u0219tig\u0103toare a ultimei extrageri Superenalotto \u0219i distribuirea oficial\u0103 a premiilor corespunz\u0103toare fiec\u0103reia dintre categoriile de premii. Aminti\u021bi-v\u0103 c\u0103 premiile sunt depuse automat \u00een contul dvs. de juc\u0103tor, astfel \u00eenc\u00e2t s\u0103 pute\u021bi juca Superenalotto \u00een orice moment. Extragerile anterioare de Superenalotto Pe aceea\u0219i pagin\u0103, avem op\u021biunea de a accesa [&hellip;]<\/p>\n","protected":false},"author":2,"featured_media":0,"parent":14934,"menu_order":5,"comment_status":"closed","ping_status":"closed","template":"superenalotto-results.php","meta":{"_et_pb_use_builder":"","_et_pb_old_content":"","_et_gb_content_width":"","exclude_from_search":false,"footnotes":""},"class_list":["post-14991","page","type-page","status-publish","hentry"],"yoast_head":"<!-- This site is optimized with the Yoast SEO plugin v23.7 - https:\/\/yoast.com\/wordpress\/plugins\/seo\/ -->\n<title>Rezultate SuperEnalotto - Lottohoy<\/title>\n<meta name=\"description\" content=\"\u00cen LottoHoy v\u0103 prezent\u0103m combina\u021bia c\u00e2\u0219tig\u0103toare de la ultima extragere Superenalotto (\u0219i toate cele anterioare), precum \u0219i distribu\u021bia oficial\u0103 a premiilor.\" \/>\n<meta name=\"robots\" content=\"index, follow, max-snippet:-1, max-image-preview:large, max-video-preview:-1\" \/>\n<link rel=\"canonical\" href=\"https:\/\/lottohoy.com\/ro\/rezultate-la-loterie\/rezultate-superenalotto\/\" \/>\n<meta property=\"og:locale\" content=\"ro_RO\" \/>\n<meta property=\"og:type\" content=\"article\" \/>\n<meta property=\"og:title\" content=\"Rezultate SuperEnalotto - Lottohoy\" \/>\n<meta property=\"og:description\" content=\"\u00cen LottoHoy v\u0103 prezent\u0103m combina\u021bia c\u00e2\u0219tig\u0103toare de la ultima extragere Superenalotto (\u0219i toate cele anterioare), precum \u0219i distribu\u021bia oficial\u0103 a premiilor.\" \/>\n<meta property=\"og:url\" content=\"https:\/\/lottohoy.com\/ro\/rezultate-la-loterie\/rezultate-superenalotto\/\" \/>\n<meta property=\"og:site_name\" content=\"Lottohoy\" \/>\n<meta property=\"article:modified_time\" content=\"2025-03-18T12:38:26+00:00\" \/>\n<meta name=\"twitter:card\" content=\"summary_large_image\" \/>\n<meta name=\"twitter:label1\" content=\"Timp estimat pentru citire\" \/>\n\t<meta name=\"twitter:data1\" content=\"1 minut\" \/>\n<script type=\"application\/ld+json\" class=\"yoast-schema-graph\">{\"@context\":\"https:\/\/schema.org\",\"@graph\":[{\"@type\":\"WebPage\",\"@id\":\"https:\/\/lottohoy.com\/ro\/rezultate-la-loterie\/rezultate-superenalotto\/\",\"url\":\"https:\/\/lottohoy.com\/ro\/rezultate-la-loterie\/rezultate-superenalotto\/\",\"name\":\"Rezultate SuperEnalotto - Lottohoy\",\"isPartOf\":{\"@id\":\"https:\/\/lottohoy.com\/ro\/#website\"},\"datePublished\":\"2018-05-03T13:23:39+00:00\",\"dateModified\":\"2025-03-18T12:38:26+00:00\",\"description\":\"\u00cen LottoHoy v\u0103 prezent\u0103m combina\u021bia c\u00e2\u0219tig\u0103toare de la ultima extragere Superenalotto (\u0219i toate cele anterioare), precum \u0219i distribu\u021bia oficial\u0103 a premiilor.\",\"breadcrumb\":{\"@id\":\"https:\/\/lottohoy.com\/ro\/rezultate-la-loterie\/rezultate-superenalotto\/#breadcrumb\"},\"inLanguage\":\"ro-RO\",\"potentialAction\":[{\"@type\":\"ReadAction\",\"target\":[\"https:\/\/lottohoy.com\/ro\/rezultate-la-loterie\/rezultate-superenalotto\/\"]}]},{\"@type\":\"BreadcrumbList\",\"@id\":\"https:\/\/lottohoy.com\/ro\/rezultate-la-loterie\/rezultate-superenalotto\/#breadcrumb\",\"itemListElement\":[{\"@type\":\"ListItem\",\"position\":1,\"name\":\"Home\",\"item\":\"https:\/\/lottohoy.com\/ro\/\"},{\"@type\":\"ListItem\",\"position\":2,\"name\":\"rezultate la loterie\",\"item\":\"https:\/\/lottohoy.com\/ro\/rezultate-la-loterie\/\"},{\"@type\":\"ListItem\",\"position\":3,\"name\":\"Rezultate SuperEnalotto\"}]},{\"@type\":\"WebSite\",\"@id\":\"https:\/\/lottohoy.com\/ro\/#website\",\"url\":\"https:\/\/lottohoy.com\/ro\/\",\"name\":\"Lottohoy\",\"description\":\"\",\"potentialAction\":[{\"@type\":\"SearchAction\",\"target\":{\"@type\":\"EntryPoint\",\"urlTemplate\":\"https:\/\/lottohoy.com\/ro\/?s={search_term_string}\"},\"query-input\":{\"@type\":\"PropertyValueSpecification\",\"valueRequired\":true,\"valueName\":\"search_term_string\"}}],\"inLanguage\":\"ro-RO\"}]}<\/script>\n<!-- \/ Yoast SEO plugin. -->","yoast_head_json":{"title":"Rezultate SuperEnalotto - Lottohoy","description":"\u00cen LottoHoy v\u0103 prezent\u0103m combina\u021bia c\u00e2\u0219tig\u0103toare de la ultima extragere Superenalotto (\u0219i toate cele anterioare), precum \u0219i distribu\u021bia oficial\u0103 a premiilor.","robots":{"index":"index","follow":"follow","max-snippet":"max-snippet:-1","max-image-preview":"max-image-preview:large","max-video-preview":"max-video-preview:-1"},"canonical":"https:\/\/lottohoy.com\/ro\/rezultate-la-loterie\/rezultate-superenalotto\/","og_locale":"ro_RO","og_type":"article","og_title":"Rezultate SuperEnalotto - Lottohoy","og_description":"\u00cen LottoHoy v\u0103 prezent\u0103m combina\u021bia c\u00e2\u0219tig\u0103toare de la ultima extragere Superenalotto (\u0219i toate cele anterioare), precum \u0219i distribu\u021bia oficial\u0103 a premiilor.","og_url":"https:\/\/lottohoy.com\/ro\/rezultate-la-loterie\/rezultate-superenalotto\/","og_site_name":"Lottohoy","article_modified_time":"2025-03-18T12:38:26+00:00","twitter_card":"summary_large_image","twitter_misc":{"Timp estimat pentru citire":"1 minut"},"schema":{"@context":"https:\/\/schema.org","@graph":[{"@type":"WebPage","@id":"https:\/\/lottohoy.com\/ro\/rezultate-la-loterie\/rezultate-superenalotto\/","url":"https:\/\/lottohoy.com\/ro\/rezultate-la-loterie\/rezultate-superenalotto\/","name":"Rezultate SuperEnalotto - Lottohoy","isPartOf":{"@id":"https:\/\/lottohoy.com\/ro\/#website"},"datePublished":"2018-05-03T13:23:39+00:00","dateModified":"2025-03-18T12:38:26+00:00","description":"\u00cen LottoHoy v\u0103 prezent\u0103m combina\u021bia c\u00e2\u0219tig\u0103toare de la ultima extragere Superenalotto (\u0219i toate cele anterioare), precum \u0219i distribu\u021bia oficial\u0103 a premiilor.","breadcrumb":{"@id":"https:\/\/lottohoy.com\/ro\/rezultate-la-loterie\/rezultate-superenalotto\/#breadcrumb"},"inLanguage":"ro-RO","potentialAction":[{"@type":"ReadAction","target":["https:\/\/lottohoy.com\/ro\/rezultate-la-loterie\/rezultate-superenalotto\/"]}]},{"@type":"BreadcrumbList","@id":"https:\/\/lottohoy.com\/ro\/rezultate-la-loterie\/rezultate-superenalotto\/#breadcrumb","itemListElement":[{"@type":"ListItem","position":1,"name":"Home","item":"https:\/\/lottohoy.com\/ro\/"},{"@type":"ListItem","position":2,"name":"rezultate la loterie","item":"https:\/\/lottohoy.com\/ro\/rezultate-la-loterie\/"},{"@type":"ListItem","position":3,"name":"Rezultate SuperEnalotto"}]},{"@type":"WebSite","@id":"https:\/\/lottohoy.com\/ro\/#website","url":"https:\/\/lottohoy.com\/ro\/","name":"Lottohoy","description":"","potentialAction":[{"@type":"SearchAction","target":{"@type":"EntryPoint","urlTemplate":"https:\/\/lottohoy.com\/ro\/?s={search_term_string}"},"query-input":{"@type":"PropertyValueSpecification","valueRequired":true,"valueName":"search_term_string"}}],"inLanguage":"ro-RO"}]}},"_links":{"self":[{"href":"https:\/\/lottohoy.com\/ro\/wp-json\/wp\/v2\/pages\/14991","targetHints":{"allow":["GET"]}}],"collection":[{"href":"https:\/\/lottohoy.com\/ro\/wp-json\/wp\/v2\/pages"}],"about":[{"href":"https:\/\/lottohoy.com\/ro\/wp-json\/wp\/v2\/types\/page"}],"author":[{"embeddable":true,"href":"https:\/\/lottohoy.com\/ro\/wp-json\/wp\/v2\/users\/2"}],"replies":[{"embeddable":true,"href":"https:\/\/lottohoy.com\/ro\/wp-json\/wp\/v2\/comments?post=14991"}],"version-history":[{"count":3,"href":"https:\/\/lottohoy.com\/ro\/wp-json\/wp\/v2\/pages\/14991\/revisions"}],"predecessor-version":[{"id":16264,"href":"https:\/\/lottohoy.com\/ro\/wp-json\/wp\/v2\/pages\/14991\/revisions\/16264"}],"up":[{"embeddable":true,"href":"https:\/\/lottohoy.com\/ro\/wp-json\/wp\/v2\/pages\/14934"}],"wp:attachment":[{"href":"https:\/\/lottohoy.com\/ro\/wp-json\/wp\/v2\/media?parent=14991"}],"curies":[{"name":"wp","href":"https:\/\/api.w.org\/{rel}","templated":true}]}}