{"id":14985,"date":"2018-05-03T14:23:37","date_gmt":"2018-05-03T13:23:37","guid":{"rendered":"https:\/\/lottohoy.com\/?page_id=14985"},"modified":"2025-03-18T12:33:25","modified_gmt":"2025-03-18T12:33:25","slug":"rezultatele-eurojackpot","status":"publish","type":"page","link":"https:\/\/lottohoy.com\/ro\/rezultate-la-loterie\/rezultatele-eurojackpot\/","title":{"rendered":"Rezultatele Eurojackpot"},"content":{"rendered":"<h2>Verifica\u021bi rezultatele Eurojackpot<\/h2>\n<p>Este important s\u0103 verifica\u021bi combina\u021biile de numere de pe bilet cu cele afi\u0219ate pe pagina oficial\u0103 de <strong>rezultate Eurojackpot.<\/strong> Pentru a evita orice erori la citirea \u0219i transcrierea rezultatului oficial, se recomand\u0103 s\u0103 revizui\u021bi combina\u021bia de pe bilet de mai multe ori \u00eenainte de a sc\u0103pa de ea.<\/p>\n<p>Mai jos sunt rezultatele celei mai recente <strong>extrageri Eurojackpot<\/strong> \u0219i distribuirea premiilor pe categorii. De asemenea, pute\u021bi verifica rezultatele tuturor loterielor.<\/p>\n<h2>Rezultatele Eurojackpot de ast\u0103zi<\/h2>\n<p>Pe aceast\u0103 pagin\u0103 pute\u021bi verifica rezultatele ultimei extrageri Eurojackpot, precum \u0219i ale extragerii anterioare de p\u00e2n\u0103 la 2 ani. \u00cen plus, pute\u021bi verifica<a href=\"https:\/\/lottohoy.com\/ro\/rezultate-la-loterie\/rezultatele-eurojackpot\/\"><span style=\"color: #ff6600;\"><span style=\"color: #3366ff;\"> jackpot-ul Eurojackpo acumulat<\/span><\/span><\/a> \u00eencep\u00e2nd de ast\u0103zi, c\u00e2\u0219tig\u0103torii \u0219i premiile din fiecare dintre categorii.<\/p>\n<h2>Avantajul de a verifica Eurojackpot la LottoHoy<\/h2>\n<p>Prin <a href=\"https:\/\/lottohoy.com\/ro\/registration\/\"><span style=\"color: #3366ff;\">crearea unui cont de utilizator<\/span><\/a> pe platforma noastr\u0103, ve\u021bi avea informa\u021bii \u00een timp util cu privire la rezultatele care au avut loc la fiecare dintre jocurile dvs. de loterie.<\/p>\n<p>Dac\u0103 c\u00e2\u0219tiga\u021bi un premiu \u00een diferitele categorii Eurojackpot, numerele c\u00e2\u0219tig\u0103toare \u0219i suma c\u00e2\u0219tigurilor dvs. se vor reflecta automat \u00een contul dvs. de utilizator, devenind disponibile din acel moment.<\/p>\n<h2>Extragerile anterioare ale Eurojackpot<\/h2>\n<p>\u00cen dreapta sus a paginii exist\u0103 o func\u021bie de calendar prin care po\u021bi selecta data corespunz\u0103toare extragerii pe care vrei s\u0103 o consul\u021bi.<\/p>\n<p>F\u0103c\u00e2nd clic pe oricare dintre aceste date duce la examinarea acelei extrageri, la combina\u021bia c\u00e2\u0219tig\u0103toare \u0219i la distribuirea premiilor pe categorii. \u0218i aminti\u021bi-v\u0103 c\u0103, dac\u0103 c\u00e2\u0219tiga\u021bi un premiu, acesta va fi ad\u0103ugat automat la soldul dvs., astfel \u00eenc\u00e2t s\u0103 pute\u021bi <span style=\"color: #3366ff;\"><a style=\"color: #3366ff;\" href=\"https:\/\/lottohoy.com\/ro\/joaca-la-loterie-online\/joaca-eurojackpot\/\">juca din nou Eurojackpot.<\/a><\/span><\/p>\n<h2>Distribuirea premiilor la Eurojackpot<\/h2>\n<p>Tabelul de rezultate de pe aceast\u0103 pagin\u0103 ne arat\u0103, pe l\u00e2ng\u0103 combina\u021bia c\u00e2\u0219tig\u0103toare a ultimei extrageri desf\u0103\u0219urate, distribuirea premiilor care corespundeau fiec\u0103reia dintre cele 12 categorii de premii oferite de Eurojackpot.<\/p>\n<p>Tabelul indic\u0103 diferitele combina\u021bii de numere \u0219i sori care trebuie ghicite corect pentru a fi eligibile pentru a primi premiul \u00een oricare dintre categorii, precum \u0219i <strong>suma \u00een Euro (\u20ac)<\/strong> care ar corespunde fiec\u0103rui ghicitor.<\/p>\n<h2>Cele mai mari premii \u0219i jackpot-uri acordate la Eurojackpot.<\/h2>\n<p>Exist\u0103 un <strong>jackpot minim garantat de 10.000.000 \u20ac<\/strong> pentru c\u00e2\u0219tig\u0103torii de prim\u0103 clas\u0103, adic\u0103 cele 5 numere \u0219i cei doi sori. Dac\u0103 nu exist\u0103 c\u00e2\u0219tig\u0103tori de prima categorie, suma de premii planificat\u0103 pentru acea categorie s-ar acumula succesiv \u00een fiecare s\u0103pt\u0103m\u00e2n\u0103, p\u00e2n\u0103 la atingerea<strong> jackpot-ului maxim de 120.000.000 \u20ac.<\/strong><\/p>\n<p>C\u00e2nd jackpot-ul acumulat atinge valoarea de 90 de milioane de euro, sumele r\u0103mase generate pentru acea categorie m\u0103resc suma planificat\u0103 pentru a doua categorie. A doua categorie de premii are, de asemenea, o limit\u0103 maxim\u0103 de 120.000.000 de euro pentru acumul\u0103ri succesive, iar restul ar urma succesiv la categoriile inferioare.<\/p>\n<p>De la \u00eenceputul acestei super extrageri,<strong> jackpot-ul maxim<\/strong> de 120.000.000 \u20ac a fost acordat de 7 ori<\/p>\n<table class=\"t1\" style=\"width: 440px;\" cellspacing=\"0\" cellpadding=\"0\">\n<tbody>\n<tr>\n<td class=\"td1\" style=\"width: 128.594px; text-align: center;\" valign=\"top\">\n<p class=\"p1\"><b>Drawing date<\/b><\/p>\n<\/td>\n<td class=\"td1\" style=\"width: 146.547px; text-align: center;\" valign=\"top\">\n<p class=\"p1\"><b>Amount won<\/b><\/p>\n<\/td>\n<td class=\"td1\" style=\"width: 156.859px; text-align: center;\" valign=\"top\">\n<p class=\"p1\"><b>Winning country\/s<\/b><\/p>\n<\/td>\n<\/tr>\n<tr>\n<td class=\"td1\" style=\"width: 128.594px; text-align: center;\" valign=\"top\">\n<p class=\"p1\">6\/12\/ 2024<\/p>\n<\/td>\n<td class=\"td1\" style=\"width: 146.547px; text-align: center;\" valign=\"top\">\n<p class=\"p1\">120.000.000 \u20ac<\/p>\n<\/td>\n<td class=\"td1\" style=\"width: 156.859px; text-align: center;\" valign=\"top\">\n<p class=\"p1\">Alemania<\/p>\n<\/td>\n<\/tr>\n<tr>\n<td class=\"td1\" style=\"width: 128.594px; text-align: center;\" valign=\"top\">\n<p class=\"p1\">4\/6\/2024<\/p>\n<\/td>\n<td class=\"td1\" style=\"width: 146.547px; text-align: center;\" valign=\"top\">\n<p class=\"p1\">120.000.000 \u20ac<\/p>\n<\/td>\n<td class=\"td1\" style=\"width: 156.859px; text-align: center;\" valign=\"top\">\n<p class=\"p1\">Dinamarca<\/p>\n<\/td>\n<\/tr>\n<tr>\n<td class=\"td1\" style=\"width: 128.594px; text-align: center;\" valign=\"top\">\n<p class=\"p1\">23 \/4\/ 2024<\/p>\n<\/td>\n<td class=\"td1\" style=\"width: 146.547px; text-align: center;\" valign=\"top\">\n<p class=\"p1\">120.000.000 \u20ac<\/p>\n<\/td>\n<td class=\"td1\" style=\"width: 156.859px; text-align: center;\" valign=\"top\">\n<p class=\"p1\">Alemania, Eslovenia<\/p>\n<\/td>\n<\/tr>\n<tr>\n<td class=\"td1\" style=\"width: 128.594px; text-align: center;\" valign=\"top\">\n<p class=\"p1\">16 \/1\/2024<\/p>\n<\/td>\n<td class=\"td1\" style=\"width: 146.547px; text-align: center;\" valign=\"top\">\n<p class=\"p1\">120.000.000 \u20ac<\/p>\n<\/td>\n<td class=\"td1\" style=\"width: 156.859px; text-align: center;\" valign=\"top\">\n<p class=\"p1\">Noruega<\/p>\n<\/td>\n<\/tr>\n<tr>\n<td class=\"td1\" style=\"width: 128.594px; text-align: center;\" valign=\"top\">\n<p class=\"p1\">23\/6\/ 2023<\/p>\n<\/td>\n<td class=\"td1\" style=\"width: 146.547px; text-align: center;\" valign=\"top\">\n<p class=\"p1\">120.000.000 \u20ac<\/p>\n<\/td>\n<td class=\"td1\" style=\"width: 156.859px; text-align: center;\" valign=\"top\">\n<p class=\"p1\">Alemania<\/p>\n<\/td>\n<\/tr>\n<tr>\n<td class=\"td1\" style=\"width: 128.594px; text-align: center;\" valign=\"top\">\n<p class=\"p1\">8\/11\/2022<\/p>\n<\/td>\n<td class=\"td1\" style=\"width: 146.547px; text-align: center;\" valign=\"top\">\n<p class=\"p1\">120.000.000 \u20ac<\/p>\n<\/td>\n<td class=\"td1\" style=\"width: 156.859px; text-align: center;\" valign=\"top\">\n<p class=\"p1\">Alemania<\/p>\n<\/td>\n<\/tr>\n<tr>\n<td class=\"td1\" style=\"width: 128.594px; text-align: center;\" valign=\"top\">\n<p class=\"p1\">22\/6\/ 2022<\/p>\n<\/td>\n<td class=\"td1\" style=\"width: 146.547px; text-align: center;\" valign=\"top\">\n<p class=\"p1\">120.000.000 \u20ac<\/p>\n<\/td>\n<td class=\"td1\" style=\"width: 156.859px; text-align: center;\" valign=\"top\">\n<p class=\"p1\">Dinamarca<\/p>\n<\/td>\n<\/tr>\n<\/tbody>\n<\/table>\n","protected":false},"excerpt":{"rendered":"<p>Verifica\u021bi rezultatele Eurojackpot Este important s\u0103 verifica\u021bi combina\u021biile de numere de pe bilet cu cele afi\u0219ate pe pagina oficial\u0103 de rezultate Eurojackpot. Pentru a evita orice erori la citirea \u0219i transcrierea rezultatului oficial, se recomand\u0103 s\u0103 revizui\u021bi combina\u021bia de pe bilet de mai multe ori \u00eenainte de a sc\u0103pa de ea. Mai jos sunt rezultatele [&hellip;]<\/p>\n","protected":false},"author":2,"featured_media":0,"parent":14934,"menu_order":4,"comment_status":"closed","ping_status":"closed","template":"eurojackpot-results.php","meta":{"_et_pb_use_builder":"","_et_pb_old_content":"","_et_gb_content_width":"","exclude_from_search":false,"footnotes":""},"class_list":["post-14985","page","type-page","status-publish","hentry"],"yoast_head":"<!-- This site is optimized with the Yoast SEO plugin v23.7 - https:\/\/yoast.com\/wordpress\/plugins\/seo\/ -->\n<title>Rezultatele Eurojackpot - Lottohoy<\/title>\n<meta name=\"description\" content=\"Verifica\u021bi rezultatele celor mai recente extrageri Eurojackpot, jackpoturile, c\u00e2\u0219tig\u0103torii \u0219i premiile din fiecare categorie.\" \/>\n<meta name=\"robots\" content=\"index, follow, max-snippet:-1, max-image-preview:large, max-video-preview:-1\" \/>\n<link rel=\"canonical\" href=\"https:\/\/lottohoy.com\/ro\/rezultate-la-loterie\/rezultatele-eurojackpot\/\" \/>\n<meta property=\"og:locale\" content=\"ro_RO\" \/>\n<meta property=\"og:type\" content=\"article\" \/>\n<meta property=\"og:title\" content=\"Rezultatele Eurojackpot - Lottohoy\" \/>\n<meta property=\"og:description\" content=\"Verifica\u021bi rezultatele celor mai recente extrageri Eurojackpot, jackpoturile, c\u00e2\u0219tig\u0103torii \u0219i premiile din fiecare categorie.\" \/>\n<meta property=\"og:url\" content=\"https:\/\/lottohoy.com\/ro\/rezultate-la-loterie\/rezultatele-eurojackpot\/\" \/>\n<meta property=\"og:site_name\" content=\"Lottohoy\" \/>\n<meta property=\"article:modified_time\" content=\"2025-03-18T12:33:25+00:00\" \/>\n<meta name=\"twitter:card\" content=\"summary_large_image\" \/>\n<meta name=\"twitter:label1\" content=\"Timp estimat pentru citire\" \/>\n\t<meta name=\"twitter:data1\" content=\"3 minute\" \/>\n<script type=\"application\/ld+json\" class=\"yoast-schema-graph\">{\"@context\":\"https:\/\/schema.org\",\"@graph\":[{\"@type\":\"WebPage\",\"@id\":\"https:\/\/lottohoy.com\/ro\/rezultate-la-loterie\/rezultatele-eurojackpot\/\",\"url\":\"https:\/\/lottohoy.com\/ro\/rezultate-la-loterie\/rezultatele-eurojackpot\/\",\"name\":\"Rezultatele Eurojackpot - Lottohoy\",\"isPartOf\":{\"@id\":\"https:\/\/lottohoy.com\/ro\/#website\"},\"datePublished\":\"2018-05-03T13:23:37+00:00\",\"dateModified\":\"2025-03-18T12:33:25+00:00\",\"description\":\"Verifica\u021bi rezultatele celor mai recente extrageri Eurojackpot, jackpoturile, c\u00e2\u0219tig\u0103torii \u0219i premiile din fiecare categorie.\",\"breadcrumb\":{\"@id\":\"https:\/\/lottohoy.com\/ro\/rezultate-la-loterie\/rezultatele-eurojackpot\/#breadcrumb\"},\"inLanguage\":\"ro-RO\",\"potentialAction\":[{\"@type\":\"ReadAction\",\"target\":[\"https:\/\/lottohoy.com\/ro\/rezultate-la-loterie\/rezultatele-eurojackpot\/\"]}]},{\"@type\":\"BreadcrumbList\",\"@id\":\"https:\/\/lottohoy.com\/ro\/rezultate-la-loterie\/rezultatele-eurojackpot\/#breadcrumb\",\"itemListElement\":[{\"@type\":\"ListItem\",\"position\":1,\"name\":\"Home\",\"item\":\"https:\/\/lottohoy.com\/ro\/\"},{\"@type\":\"ListItem\",\"position\":2,\"name\":\"rezultate la loterie\",\"item\":\"https:\/\/lottohoy.com\/ro\/rezultate-la-loterie\/\"},{\"@type\":\"ListItem\",\"position\":3,\"name\":\"Rezultatele Eurojackpot\"}]},{\"@type\":\"WebSite\",\"@id\":\"https:\/\/lottohoy.com\/ro\/#website\",\"url\":\"https:\/\/lottohoy.com\/ro\/\",\"name\":\"Lottohoy\",\"description\":\"\",\"potentialAction\":[{\"@type\":\"SearchAction\",\"target\":{\"@type\":\"EntryPoint\",\"urlTemplate\":\"https:\/\/lottohoy.com\/ro\/?s={search_term_string}\"},\"query-input\":{\"@type\":\"PropertyValueSpecification\",\"valueRequired\":true,\"valueName\":\"search_term_string\"}}],\"inLanguage\":\"ro-RO\"}]}<\/script>\n<!-- \/ Yoast SEO plugin. -->","yoast_head_json":{"title":"Rezultatele Eurojackpot - Lottohoy","description":"Verifica\u021bi rezultatele celor mai recente extrageri Eurojackpot, jackpoturile, c\u00e2\u0219tig\u0103torii \u0219i premiile din fiecare categorie.","robots":{"index":"index","follow":"follow","max-snippet":"max-snippet:-1","max-image-preview":"max-image-preview:large","max-video-preview":"max-video-preview:-1"},"canonical":"https:\/\/lottohoy.com\/ro\/rezultate-la-loterie\/rezultatele-eurojackpot\/","og_locale":"ro_RO","og_type":"article","og_title":"Rezultatele Eurojackpot - Lottohoy","og_description":"Verifica\u021bi rezultatele celor mai recente extrageri Eurojackpot, jackpoturile, c\u00e2\u0219tig\u0103torii \u0219i premiile din fiecare categorie.","og_url":"https:\/\/lottohoy.com\/ro\/rezultate-la-loterie\/rezultatele-eurojackpot\/","og_site_name":"Lottohoy","article_modified_time":"2025-03-18T12:33:25+00:00","twitter_card":"summary_large_image","twitter_misc":{"Timp estimat pentru citire":"3 minute"},"schema":{"@context":"https:\/\/schema.org","@graph":[{"@type":"WebPage","@id":"https:\/\/lottohoy.com\/ro\/rezultate-la-loterie\/rezultatele-eurojackpot\/","url":"https:\/\/lottohoy.com\/ro\/rezultate-la-loterie\/rezultatele-eurojackpot\/","name":"Rezultatele Eurojackpot - Lottohoy","isPartOf":{"@id":"https:\/\/lottohoy.com\/ro\/#website"},"datePublished":"2018-05-03T13:23:37+00:00","dateModified":"2025-03-18T12:33:25+00:00","description":"Verifica\u021bi rezultatele celor mai recente extrageri Eurojackpot, jackpoturile, c\u00e2\u0219tig\u0103torii \u0219i premiile din fiecare categorie.","breadcrumb":{"@id":"https:\/\/lottohoy.com\/ro\/rezultate-la-loterie\/rezultatele-eurojackpot\/#breadcrumb"},"inLanguage":"ro-RO","potentialAction":[{"@type":"ReadAction","target":["https:\/\/lottohoy.com\/ro\/rezultate-la-loterie\/rezultatele-eurojackpot\/"]}]},{"@type":"BreadcrumbList","@id":"https:\/\/lottohoy.com\/ro\/rezultate-la-loterie\/rezultatele-eurojackpot\/#breadcrumb","itemListElement":[{"@type":"ListItem","position":1,"name":"Home","item":"https:\/\/lottohoy.com\/ro\/"},{"@type":"ListItem","position":2,"name":"rezultate la loterie","item":"https:\/\/lottohoy.com\/ro\/rezultate-la-loterie\/"},{"@type":"ListItem","position":3,"name":"Rezultatele Eurojackpot"}]},{"@type":"WebSite","@id":"https:\/\/lottohoy.com\/ro\/#website","url":"https:\/\/lottohoy.com\/ro\/","name":"Lottohoy","description":"","potentialAction":[{"@type":"SearchAction","target":{"@type":"EntryPoint","urlTemplate":"https:\/\/lottohoy.com\/ro\/?s={search_term_string}"},"query-input":{"@type":"PropertyValueSpecification","valueRequired":true,"valueName":"search_term_string"}}],"inLanguage":"ro-RO"}]}},"_links":{"self":[{"href":"https:\/\/lottohoy.com\/ro\/wp-json\/wp\/v2\/pages\/14985","targetHints":{"allow":["GET"]}}],"collection":[{"href":"https:\/\/lottohoy.com\/ro\/wp-json\/wp\/v2\/pages"}],"about":[{"href":"https:\/\/lottohoy.com\/ro\/wp-json\/wp\/v2\/types\/page"}],"author":[{"embeddable":true,"href":"https:\/\/lottohoy.com\/ro\/wp-json\/wp\/v2\/users\/2"}],"replies":[{"embeddable":true,"href":"https:\/\/lottohoy.com\/ro\/wp-json\/wp\/v2\/comments?post=14985"}],"version-history":[{"count":3,"href":"https:\/\/lottohoy.com\/ro\/wp-json\/wp\/v2\/pages\/14985\/revisions"}],"predecessor-version":[{"id":15734,"href":"https:\/\/lottohoy.com\/ro\/wp-json\/wp\/v2\/pages\/14985\/revisions\/15734"}],"up":[{"embeddable":true,"href":"https:\/\/lottohoy.com\/ro\/wp-json\/wp\/v2\/pages\/14934"}],"wp:attachment":[{"href":"https:\/\/lottohoy.com\/ro\/wp-json\/wp\/v2\/media?parent=14985"}],"curies":[{"name":"wp","href":"https:\/\/api.w.org\/{rel}","templated":true}]}}