{"id":14962,"date":"2018-05-03T14:23:37","date_gmt":"2018-05-03T13:23:37","guid":{"rendered":"https:\/\/lottohoy.com\/?page_id=14962"},"modified":"2025-03-18T12:29:37","modified_gmt":"2025-03-18T12:29:37","slug":"rezultate-euromillions","status":"publish","type":"page","link":"https:\/\/lottohoy.com\/ro\/rezultate-la-loterie\/rezultate-euromillions\/","title":{"rendered":"Rezultate EuroMillions"},"content":{"rendered":"<h2>Verifica\u021bi rezultatele extragerii EuroMillions<\/h2>\n<p>Pentru a verifica <strong>rezultatul EuroMillones<\/strong>\u00a0sau <strong>rezultatele EuroMillions<\/strong>, (ambele denumiri sub care aceast\u0103 loterie european\u0103 este recunoscut\u0103), va fi suficient s\u0103 compari numerele combina\u021biei afi\u0219ate pe biletul t\u0103u, cu rezultatul combina\u021biei c\u00e2\u0219tig\u0103toare EuroMillions afi\u0219at pe aceea\u0219i pagin\u0103.<\/p>\n<p>Este recomandabil s\u0103 revizui\u021bi \u0219i s\u0103 verifica\u021bi <strong>biletul la EuroMillions<\/strong> de mai multe ori pentru a fi complet sigur, \u00eenainte de a v\u0103 desp\u0103r\u021bi de bilet sau de bilete, deoarece pute\u021bi pierde din neaten\u021bie o ploaie de milioane de euro cu jackpot-urile EuroMillions.<\/p>\n<p>De asemenea, pute\u021bi verifica <span style=\"color: #3366ff;\"><a style=\"color: #3366ff;\" href=\"https:\/\/lottohoy.com\/ro\/rezultate-la-loterie\/rezultate-euromillions\/\">jackpot-ul EuroMillions<\/a><\/span> acumulat ast\u0103zi, c\u00e2\u0219tig\u0103torii \u0219i premiile din fiecare dintre categorii \u0219i extragerile anterioare de p\u00e2n\u0103 la 24 de luni.<\/p>\n<h2>Avantajul de a verifica euromilioane la LottoHoy<\/h2>\n<p>Prin <span style=\"color: #3366ff;\"><a style=\"color: #3366ff;\" href=\"https:\/\/lottohoy.com\/ro\/registration\/\">crearea unui cont de utilizator<\/a><\/span> pe platforma noastr\u0103, ve\u021bi avea informa\u021bii \u00een timp util cu privire la rezultatele pozitive care au avut loc \u00een fiecare dintre jocurile dvs. de loterie.<\/p>\n<p>Dac\u0103 c\u00e2\u0219tiga\u021bi un premiu<strong> la extragerea EuroMillions<\/strong> de mar\u021bi sau la extragerea EuroMillions de vineri,<strong> \u00een diferitele categorii de premii EuroMillions,<\/strong> numerele c\u00e2\u0219tig\u0103toare \u0219i suma c\u00e2\u0219tigurilor dvs. se vor reflecta automat \u00een contul dvs. de utilizator, devenind disponibile din acel moment.<\/p>\n<h2>Distribuirea premiilor Euromillions<\/h2>\n<p>Acest tabel ne arat\u0103 combina\u021bia c\u00e2\u0219tig\u0103toare a u<strong>ltimei extrageri EuroMillions<\/strong> \u0219i distribuirea premiilor corespunz\u0103toare fiec\u0103reia dintre cele 13 categorii.<\/p>\n<p>Tabelul ne arat\u0103 combina\u021bia de numere \u0219i stele care trebuie asortate pentru a fi eligibile pentru premiul categoriei, <strong>c\u00e2\u0219tig\u0103torii d<\/strong>in fiecare dintre categorii \u0219i <strong>suma \u00een euro (\u20ac)<\/strong> care corespunde fiec\u0103rui c\u00e2\u0219tig\u0103tor.<\/p>\n<h2>Cele mai mari premii \u0219i jackpot-uri EuroMillions<\/h2>\n<p><strong>Jackpotul minim garantat \u00een EuroMillions<\/strong> pentru c\u00e2\u0219tig\u0103torii de prim\u0103 clas\u0103 este de <strong>17.000.000 EUR<\/strong>. De fiecare dat\u0103 c\u00e2nd cineva ia oala, o lu\u0103m de la cap\u0103t. \u00cen urm\u0103torul link pute\u021bi consulta cele mai <span style=\"color: #3366ff;\"><a style=\"color: #3366ff;\" href=\"https:\/\/lottohoy.com\/ro\/jackpot-uri-la-loterie\/\">mari jackpot-uri distribuite de EuroMillions<\/a><\/span>.<\/p>\n<p>\u00cen cazul \u00een care nu exist\u0103 c\u00e2\u0219tig\u0103tori de prima categorie, jackpotul se acumuleaz\u0103 la fiecare extragere p\u00e2n\u0103 la atingerea unui <strong>maxim de 190.000.000 de euro<\/strong> (\u00eencep\u00e2nd cu 1 februarie 2020, acea sum\u0103 va <strong>deveni 200.000.000 de euro<\/strong>, odat\u0103 atins\u0103 aceast\u0103 sum\u0103, jackpotul se va men\u021bine pentru <strong>4 extrageri,<\/strong> iar dac\u0103 nu apare c\u00e2\u0219tig\u0103torul din categoria urm\u0103toare, c\u00e2\u0219tig\u0103torul din categoria urm\u0103toare va fi distribuit). ghicitori din categoria imediat inferioar\u0103, adic\u0103 5 numere \u0219i o stea.<\/p>\n<p>O alt\u0103 modificare important\u0103 care va avea loc \u00een jackpot-ul EuroMillions \u00eencep\u00e2nd din februarie 2020 este c\u0103 odat\u0103 ce premiul de 200 de milioane este acordat c\u00e2\u0219tig\u0103torului de prima categorie sau acel premiu a fost distribuit \u00eentre c\u00e2\u0219tig\u0103torii din urm\u0103toarea categorie, suma pentru premiu va cre\u0219te cu <strong>10.000.000 de euro<\/strong> pentru extragerile viitoare, astfel \u00eenc\u00e2t premiul maxim posibil va fi atins. \u0218i tot a\u0219a, valoarea jackpot-ului va cre\u0219te cu \u00eenc\u0103 <strong>10.000.000 de euro<\/strong> p\u00e2n\u0103 la atingerea maximului de<strong> 250.000.000 de euro<\/strong> pe care organiza\u021bia pl\u0103nuie\u0219te s\u0103 fie cel mai mare jackpot din loteriile europene.<\/p>\n<h2>Cele mai frecvente numere \u00een EuroMillions<\/h2>\n<p>Pentru iubitorii de statistic\u0103 \u0219i chiar \u0219i pentru cei care se bazeaz\u0103 pe predic\u021bii pentru a-\u0219i preg\u0103ti propria strategie \u0219i a<span style=\"color: #3366ff;\"><a style=\"color: #3366ff;\" href=\"https:\/\/lottohoy.com\/ro\/joaca-la-loterie-online\/joaca-euromillions\/\"> juca EuroMillions,<\/a><\/span> dorim s\u0103 subliniem c\u0103 cele 10 numere care au ap\u0103rut cel mai frecvent la extragerile EuroMillions sunt: \u200b\u200b<strong>50, 44, 4, 14, 19, 23, 10, 37, 38<\/strong> \u0219i 26.<\/p>\n<p>Dimpotriv\u0103, cele 10 numere care au ap\u0103rut cel mai pu\u021bin frecvent sunt: \u200b\u200b<strong>46, 41, 33, 2, 47, 48, 22, 32, 9<\/strong> \u0219i 8<\/p>\n<p>Iar in ceea ce priveste stele, cele mai frecvente sunt 8, 9 si 2<\/p>\n<p>Aceste date pot servi drept ghid pentru urm\u0103toarea dvs. prognoz\u0103. Noroc!<\/p>\n","protected":false},"excerpt":{"rendered":"<p>Verifica\u021bi rezultatele extragerii EuroMillions Pentru a verifica rezultatul EuroMillones\u00a0sau rezultatele EuroMillions, (ambele denumiri sub care aceast\u0103 loterie european\u0103 este recunoscut\u0103), va fi suficient s\u0103 compari numerele combina\u021biei afi\u0219ate pe biletul t\u0103u, cu rezultatul combina\u021biei c\u00e2\u0219tig\u0103toare EuroMillions afi\u0219at pe aceea\u0219i pagin\u0103. Este recomandabil s\u0103 revizui\u021bi \u0219i s\u0103 verifica\u021bi biletul la EuroMillions de mai multe ori pentru [&hellip;]<\/p>\n","protected":false},"author":2,"featured_media":0,"parent":14934,"menu_order":3,"comment_status":"closed","ping_status":"closed","template":"euromillions-results.php","meta":{"_et_pb_use_builder":"","_et_pb_old_content":"","_et_gb_content_width":"","exclude_from_search":false,"footnotes":""},"class_list":["post-14962","page","type-page","status-publish","hentry"],"yoast_head":"<!-- This site is optimized with the Yoast SEO plugin v23.7 - https:\/\/yoast.com\/wordpress\/plugins\/seo\/ -->\n<title>Rezultate EuroMillions - Lottohoy<\/title>\n<meta name=\"description\" content=\"Verifica\u021bi rezultatele \u0219i premiile Euromillions, precum \u0219i numerele c\u00e2\u0219tig\u0103toare \u0219i extragerile premiilor din ultimii doi ani!\" \/>\n<meta name=\"robots\" content=\"index, follow, max-snippet:-1, max-image-preview:large, max-video-preview:-1\" \/>\n<link rel=\"canonical\" href=\"https:\/\/lottohoy.com\/ro\/rezultate-la-loterie\/rezultate-euromillions\/\" \/>\n<meta property=\"og:locale\" content=\"ro_RO\" \/>\n<meta property=\"og:type\" content=\"article\" \/>\n<meta property=\"og:title\" content=\"Rezultate EuroMillions - Lottohoy\" \/>\n<meta property=\"og:description\" content=\"Verifica\u021bi rezultatele \u0219i premiile Euromillions, precum \u0219i numerele c\u00e2\u0219tig\u0103toare \u0219i extragerile premiilor din ultimii doi ani!\" \/>\n<meta property=\"og:url\" content=\"https:\/\/lottohoy.com\/ro\/rezultate-la-loterie\/rezultate-euromillions\/\" \/>\n<meta property=\"og:site_name\" content=\"Lottohoy\" \/>\n<meta property=\"article:modified_time\" content=\"2025-03-18T12:29:37+00:00\" \/>\n<meta name=\"twitter:card\" content=\"summary_large_image\" \/>\n<meta name=\"twitter:label1\" content=\"Timp estimat pentru citire\" \/>\n\t<meta name=\"twitter:data1\" content=\"3 minute\" \/>\n<script type=\"application\/ld+json\" class=\"yoast-schema-graph\">{\"@context\":\"https:\/\/schema.org\",\"@graph\":[{\"@type\":\"WebPage\",\"@id\":\"https:\/\/lottohoy.com\/ro\/rezultate-la-loterie\/rezultate-euromillions\/\",\"url\":\"https:\/\/lottohoy.com\/ro\/rezultate-la-loterie\/rezultate-euromillions\/\",\"name\":\"Rezultate EuroMillions - Lottohoy\",\"isPartOf\":{\"@id\":\"https:\/\/lottohoy.com\/ro\/#website\"},\"datePublished\":\"2018-05-03T13:23:37+00:00\",\"dateModified\":\"2025-03-18T12:29:37+00:00\",\"description\":\"Verifica\u021bi rezultatele \u0219i premiile Euromillions, precum \u0219i numerele c\u00e2\u0219tig\u0103toare \u0219i extragerile premiilor din ultimii doi ani!\",\"breadcrumb\":{\"@id\":\"https:\/\/lottohoy.com\/ro\/rezultate-la-loterie\/rezultate-euromillions\/#breadcrumb\"},\"inLanguage\":\"ro-RO\",\"potentialAction\":[{\"@type\":\"ReadAction\",\"target\":[\"https:\/\/lottohoy.com\/ro\/rezultate-la-loterie\/rezultate-euromillions\/\"]}]},{\"@type\":\"BreadcrumbList\",\"@id\":\"https:\/\/lottohoy.com\/ro\/rezultate-la-loterie\/rezultate-euromillions\/#breadcrumb\",\"itemListElement\":[{\"@type\":\"ListItem\",\"position\":1,\"name\":\"Home\",\"item\":\"https:\/\/lottohoy.com\/ro\/\"},{\"@type\":\"ListItem\",\"position\":2,\"name\":\"rezultate la loterie\",\"item\":\"https:\/\/lottohoy.com\/ro\/rezultate-la-loterie\/\"},{\"@type\":\"ListItem\",\"position\":3,\"name\":\"Rezultate EuroMillions\"}]},{\"@type\":\"WebSite\",\"@id\":\"https:\/\/lottohoy.com\/ro\/#website\",\"url\":\"https:\/\/lottohoy.com\/ro\/\",\"name\":\"Lottohoy\",\"description\":\"\",\"potentialAction\":[{\"@type\":\"SearchAction\",\"target\":{\"@type\":\"EntryPoint\",\"urlTemplate\":\"https:\/\/lottohoy.com\/ro\/?s={search_term_string}\"},\"query-input\":{\"@type\":\"PropertyValueSpecification\",\"valueRequired\":true,\"valueName\":\"search_term_string\"}}],\"inLanguage\":\"ro-RO\"}]}<\/script>\n<!-- \/ Yoast SEO plugin. -->","yoast_head_json":{"title":"Rezultate EuroMillions - Lottohoy","description":"Verifica\u021bi rezultatele \u0219i premiile Euromillions, precum \u0219i numerele c\u00e2\u0219tig\u0103toare \u0219i extragerile premiilor din ultimii doi ani!","robots":{"index":"index","follow":"follow","max-snippet":"max-snippet:-1","max-image-preview":"max-image-preview:large","max-video-preview":"max-video-preview:-1"},"canonical":"https:\/\/lottohoy.com\/ro\/rezultate-la-loterie\/rezultate-euromillions\/","og_locale":"ro_RO","og_type":"article","og_title":"Rezultate EuroMillions - Lottohoy","og_description":"Verifica\u021bi rezultatele \u0219i premiile Euromillions, precum \u0219i numerele c\u00e2\u0219tig\u0103toare \u0219i extragerile premiilor din ultimii doi ani!","og_url":"https:\/\/lottohoy.com\/ro\/rezultate-la-loterie\/rezultate-euromillions\/","og_site_name":"Lottohoy","article_modified_time":"2025-03-18T12:29:37+00:00","twitter_card":"summary_large_image","twitter_misc":{"Timp estimat pentru citire":"3 minute"},"schema":{"@context":"https:\/\/schema.org","@graph":[{"@type":"WebPage","@id":"https:\/\/lottohoy.com\/ro\/rezultate-la-loterie\/rezultate-euromillions\/","url":"https:\/\/lottohoy.com\/ro\/rezultate-la-loterie\/rezultate-euromillions\/","name":"Rezultate EuroMillions - Lottohoy","isPartOf":{"@id":"https:\/\/lottohoy.com\/ro\/#website"},"datePublished":"2018-05-03T13:23:37+00:00","dateModified":"2025-03-18T12:29:37+00:00","description":"Verifica\u021bi rezultatele \u0219i premiile Euromillions, precum \u0219i numerele c\u00e2\u0219tig\u0103toare \u0219i extragerile premiilor din ultimii doi ani!","breadcrumb":{"@id":"https:\/\/lottohoy.com\/ro\/rezultate-la-loterie\/rezultate-euromillions\/#breadcrumb"},"inLanguage":"ro-RO","potentialAction":[{"@type":"ReadAction","target":["https:\/\/lottohoy.com\/ro\/rezultate-la-loterie\/rezultate-euromillions\/"]}]},{"@type":"BreadcrumbList","@id":"https:\/\/lottohoy.com\/ro\/rezultate-la-loterie\/rezultate-euromillions\/#breadcrumb","itemListElement":[{"@type":"ListItem","position":1,"name":"Home","item":"https:\/\/lottohoy.com\/ro\/"},{"@type":"ListItem","position":2,"name":"rezultate la loterie","item":"https:\/\/lottohoy.com\/ro\/rezultate-la-loterie\/"},{"@type":"ListItem","position":3,"name":"Rezultate EuroMillions"}]},{"@type":"WebSite","@id":"https:\/\/lottohoy.com\/ro\/#website","url":"https:\/\/lottohoy.com\/ro\/","name":"Lottohoy","description":"","potentialAction":[{"@type":"SearchAction","target":{"@type":"EntryPoint","urlTemplate":"https:\/\/lottohoy.com\/ro\/?s={search_term_string}"},"query-input":{"@type":"PropertyValueSpecification","valueRequired":true,"valueName":"search_term_string"}}],"inLanguage":"ro-RO"}]}},"_links":{"self":[{"href":"https:\/\/lottohoy.com\/ro\/wp-json\/wp\/v2\/pages\/14962","targetHints":{"allow":["GET"]}}],"collection":[{"href":"https:\/\/lottohoy.com\/ro\/wp-json\/wp\/v2\/pages"}],"about":[{"href":"https:\/\/lottohoy.com\/ro\/wp-json\/wp\/v2\/types\/page"}],"author":[{"embeddable":true,"href":"https:\/\/lottohoy.com\/ro\/wp-json\/wp\/v2\/users\/2"}],"replies":[{"embeddable":true,"href":"https:\/\/lottohoy.com\/ro\/wp-json\/wp\/v2\/comments?post=14962"}],"version-history":[{"count":4,"href":"https:\/\/lottohoy.com\/ro\/wp-json\/wp\/v2\/pages\/14962\/revisions"}],"predecessor-version":[{"id":15732,"href":"https:\/\/lottohoy.com\/ro\/wp-json\/wp\/v2\/pages\/14962\/revisions\/15732"}],"up":[{"embeddable":true,"href":"https:\/\/lottohoy.com\/ro\/wp-json\/wp\/v2\/pages\/14934"}],"wp:attachment":[{"href":"https:\/\/lottohoy.com\/ro\/wp-json\/wp\/v2\/media?parent=14962"}],"curies":[{"name":"wp","href":"https:\/\/api.w.org\/{rel}","templated":true}]}}