{"id":14956,"date":"2018-05-03T14:23:38","date_gmt":"2018-05-03T13:23:38","guid":{"rendered":"https:\/\/lottohoy.com\/?page_id=14956"},"modified":"2025-05-27T19:58:54","modified_gmt":"2025-05-27T18:58:54","slug":"rezultate-megamillions","status":"publish","type":"page","link":"https:\/\/lottohoy.com\/ro\/rezultate-la-loterie\/rezultate-megamillions\/","title":{"rendered":"Rezultate MegaMillions"},"content":{"rendered":"<h1 data-start=\"147\" data-end=\"187\"><strong data-start=\"149\" data-end=\"187\">Rezultatele MegaMillions de ast\u0103zi<\/strong><\/h1>\n<p data-start=\"189\" data-end=\"438\">Aici po\u021bi consulta cele mai recente \u0219i actualizate rezultate ale extragerii loteriei <strong data-start=\"274\" data-end=\"290\">MegaMillions<\/strong>. Dac\u0103 acestea coincid cu combina\u021bia pe care ai ales-o \u2014 felicit\u0103ri! Ai putea c\u00e2\u0219tiga un premiu frumos sau chiar deveni urm\u0103torul multimilionar.<\/p>\n<p data-start=\"440\" data-end=\"591\">De asemenea, po\u021bi verifica rezultatele extragerilor anterioare \u00een arhiv\u0103 pentru a-\u021bi planifica strategia \u0219i a juca biletele tale la<a href=\"https:\/\/lottohoy.com\/ro\/joaca-la-loterie-online\/joaca-mega-millions\/\"> <strong data-start=\"574\" data-end=\"590\">MegaMillions<\/strong><\/a>.<\/p>\n<h2 data-start=\"598\" data-end=\"635\"><strong data-start=\"601\" data-end=\"635\">Toate rezultatele MegaMillions<\/strong><\/h2>\n<p data-start=\"637\" data-end=\"769\">Pe aceast\u0103 pagin\u0103, po\u021bi consulta toate rezultatele extragerilor anterioare\u0219i distribu\u021bia premiilor din loteria <strong data-start=\"751\" data-end=\"768\">MEGA MILLIONS<\/strong>.<\/p>\n<p data-start=\"771\" data-end=\"977\">Dac\u0103 mergi \u00een col\u021bul din dreapta sus al paginii, vei vedea instrumentul de <strong data-start=\"848\" data-end=\"860\">calendar<\/strong> pe care l-am dezvoltat, pentru a putea selecta data pe care dore\u0219ti s\u0103 o verifici \u2014 inclusiv extragerile speciale.<\/p>\n<p data-start=\"1028\" data-end=\"1225\"><strong data-start=\"1028\" data-end=\"1051\">S\u0103geata spre st\u00e2nga<\/strong> \u00ee\u021bi permite s\u0103 accesezi extragerea anterioar\u0103, iar <strong data-start=\"1105\" data-end=\"1142\">caseta central\u0103 cu s\u0103geata \u00een jos<\/strong> deschide un meniu derulant cu toate datele extragerilor din ultimele 20 de luni.<\/p>\n<p data-start=\"1227\" data-end=\"1422\">Dac\u0103 vrei s\u0103 fii unul dintre urm\u0103torii c\u00e2\u0219tig\u0103tori ai <a href=\"https:\/\/lottohoy.com\/ro\/jackpot-uri-la-loterie\/\">acestor jackpoturi uria\u0219e<\/a>, <a href=\"https:\/\/lottohoy.com\/ro\/registration\/\"><strong data-start=\"1310\" data-end=\"1347\">\u00eenregistreaz\u0103-te acum pe LottoHoy<\/strong> <\/a>\u0219i alege-\u021bi numerele preferate. <strong data-start=\"1382\" data-end=\"1422\">Joac\u0103 Mega Millions! Ce mai a\u0219tep\u021bi?<\/strong><\/p>\n","protected":false},"excerpt":{"rendered":"<p>Rezultatele MegaMillions de ast\u0103zi Aici po\u021bi consulta cele mai recente \u0219i actualizate rezultate ale extragerii loteriei MegaMillions. Dac\u0103 acestea coincid cu combina\u021bia pe care ai ales-o \u2014 felicit\u0103ri! Ai putea c\u00e2\u0219tiga un premiu frumos sau chiar deveni urm\u0103torul multimilionar. De asemenea, po\u021bi verifica rezultatele extragerilor anterioare \u00een arhiv\u0103 pentru a-\u021bi planifica strategia \u0219i a juca [&hellip;]<\/p>\n","protected":false},"author":2,"featured_media":0,"parent":14934,"menu_order":2,"comment_status":"closed","ping_status":"closed","template":"megamillion-results.php","meta":{"_et_pb_use_builder":"","_et_pb_old_content":"","_et_gb_content_width":"","exclude_from_search":false,"footnotes":""},"class_list":["post-14956","page","type-page","status-publish","hentry"],"yoast_head":"<!-- This site is optimized with the Yoast SEO plugin v23.7 - https:\/\/yoast.com\/wordpress\/plugins\/seo\/ -->\n<title>Rezultate MegaMillions - Lottohoy<\/title>\n<meta name=\"description\" content=\"Verifica\u021bi cele mai recente rezultate actualizate ale extragerii Mega Millions. Dac\u0103 acestea corespund combina\u021biei alese, atunci sunte\u021bi un nou multimilionar.\" \/>\n<meta name=\"robots\" content=\"index, follow, max-snippet:-1, max-image-preview:large, max-video-preview:-1\" \/>\n<link rel=\"canonical\" href=\"https:\/\/lottohoy.com\/ro\/rezultate-la-loterie\/rezultate-megamillions\/\" \/>\n<meta property=\"og:locale\" content=\"ro_RO\" \/>\n<meta property=\"og:type\" content=\"article\" \/>\n<meta property=\"og:title\" content=\"Rezultate MegaMillions - Lottohoy\" \/>\n<meta property=\"og:description\" content=\"Verifica\u021bi cele mai recente rezultate actualizate ale extragerii Mega Millions. Dac\u0103 acestea corespund combina\u021biei alese, atunci sunte\u021bi un nou multimilionar.\" \/>\n<meta property=\"og:url\" content=\"https:\/\/lottohoy.com\/ro\/rezultate-la-loterie\/rezultate-megamillions\/\" \/>\n<meta property=\"og:site_name\" content=\"Lottohoy\" \/>\n<meta property=\"article:modified_time\" content=\"2025-05-27T18:58:54+00:00\" \/>\n<meta name=\"twitter:card\" content=\"summary_large_image\" \/>\n<meta name=\"twitter:label1\" content=\"Timp estimat pentru citire\" \/>\n\t<meta name=\"twitter:data1\" content=\"1 minut\" \/>\n<script type=\"application\/ld+json\" class=\"yoast-schema-graph\">{\"@context\":\"https:\/\/schema.org\",\"@graph\":[{\"@type\":\"WebPage\",\"@id\":\"https:\/\/lottohoy.com\/ro\/rezultate-la-loterie\/rezultate-megamillions\/\",\"url\":\"https:\/\/lottohoy.com\/ro\/rezultate-la-loterie\/rezultate-megamillions\/\",\"name\":\"Rezultate MegaMillions - Lottohoy\",\"isPartOf\":{\"@id\":\"https:\/\/lottohoy.com\/ro\/#website\"},\"datePublished\":\"2018-05-03T13:23:38+00:00\",\"dateModified\":\"2025-05-27T18:58:54+00:00\",\"description\":\"Verifica\u021bi cele mai recente rezultate actualizate ale extragerii Mega Millions. Dac\u0103 acestea corespund combina\u021biei alese, atunci sunte\u021bi un nou multimilionar.\",\"breadcrumb\":{\"@id\":\"https:\/\/lottohoy.com\/ro\/rezultate-la-loterie\/rezultate-megamillions\/#breadcrumb\"},\"inLanguage\":\"ro-RO\",\"potentialAction\":[{\"@type\":\"ReadAction\",\"target\":[\"https:\/\/lottohoy.com\/ro\/rezultate-la-loterie\/rezultate-megamillions\/\"]}]},{\"@type\":\"BreadcrumbList\",\"@id\":\"https:\/\/lottohoy.com\/ro\/rezultate-la-loterie\/rezultate-megamillions\/#breadcrumb\",\"itemListElement\":[{\"@type\":\"ListItem\",\"position\":1,\"name\":\"Home\",\"item\":\"https:\/\/lottohoy.com\/ro\/\"},{\"@type\":\"ListItem\",\"position\":2,\"name\":\"rezultate la loterie\",\"item\":\"https:\/\/lottohoy.com\/ro\/rezultate-la-loterie\/\"},{\"@type\":\"ListItem\",\"position\":3,\"name\":\"Rezultate MegaMillions\"}]},{\"@type\":\"WebSite\",\"@id\":\"https:\/\/lottohoy.com\/ro\/#website\",\"url\":\"https:\/\/lottohoy.com\/ro\/\",\"name\":\"Lottohoy\",\"description\":\"\",\"potentialAction\":[{\"@type\":\"SearchAction\",\"target\":{\"@type\":\"EntryPoint\",\"urlTemplate\":\"https:\/\/lottohoy.com\/ro\/?s={search_term_string}\"},\"query-input\":{\"@type\":\"PropertyValueSpecification\",\"valueRequired\":true,\"valueName\":\"search_term_string\"}}],\"inLanguage\":\"ro-RO\"}]}<\/script>\n<!-- \/ Yoast SEO plugin. -->","yoast_head_json":{"title":"Rezultate MegaMillions - Lottohoy","description":"Verifica\u021bi cele mai recente rezultate actualizate ale extragerii Mega Millions. Dac\u0103 acestea corespund combina\u021biei alese, atunci sunte\u021bi un nou multimilionar.","robots":{"index":"index","follow":"follow","max-snippet":"max-snippet:-1","max-image-preview":"max-image-preview:large","max-video-preview":"max-video-preview:-1"},"canonical":"https:\/\/lottohoy.com\/ro\/rezultate-la-loterie\/rezultate-megamillions\/","og_locale":"ro_RO","og_type":"article","og_title":"Rezultate MegaMillions - Lottohoy","og_description":"Verifica\u021bi cele mai recente rezultate actualizate ale extragerii Mega Millions. Dac\u0103 acestea corespund combina\u021biei alese, atunci sunte\u021bi un nou multimilionar.","og_url":"https:\/\/lottohoy.com\/ro\/rezultate-la-loterie\/rezultate-megamillions\/","og_site_name":"Lottohoy","article_modified_time":"2025-05-27T18:58:54+00:00","twitter_card":"summary_large_image","twitter_misc":{"Timp estimat pentru citire":"1 minut"},"schema":{"@context":"https:\/\/schema.org","@graph":[{"@type":"WebPage","@id":"https:\/\/lottohoy.com\/ro\/rezultate-la-loterie\/rezultate-megamillions\/","url":"https:\/\/lottohoy.com\/ro\/rezultate-la-loterie\/rezultate-megamillions\/","name":"Rezultate MegaMillions - Lottohoy","isPartOf":{"@id":"https:\/\/lottohoy.com\/ro\/#website"},"datePublished":"2018-05-03T13:23:38+00:00","dateModified":"2025-05-27T18:58:54+00:00","description":"Verifica\u021bi cele mai recente rezultate actualizate ale extragerii Mega Millions. Dac\u0103 acestea corespund combina\u021biei alese, atunci sunte\u021bi un nou multimilionar.","breadcrumb":{"@id":"https:\/\/lottohoy.com\/ro\/rezultate-la-loterie\/rezultate-megamillions\/#breadcrumb"},"inLanguage":"ro-RO","potentialAction":[{"@type":"ReadAction","target":["https:\/\/lottohoy.com\/ro\/rezultate-la-loterie\/rezultate-megamillions\/"]}]},{"@type":"BreadcrumbList","@id":"https:\/\/lottohoy.com\/ro\/rezultate-la-loterie\/rezultate-megamillions\/#breadcrumb","itemListElement":[{"@type":"ListItem","position":1,"name":"Home","item":"https:\/\/lottohoy.com\/ro\/"},{"@type":"ListItem","position":2,"name":"rezultate la loterie","item":"https:\/\/lottohoy.com\/ro\/rezultate-la-loterie\/"},{"@type":"ListItem","position":3,"name":"Rezultate MegaMillions"}]},{"@type":"WebSite","@id":"https:\/\/lottohoy.com\/ro\/#website","url":"https:\/\/lottohoy.com\/ro\/","name":"Lottohoy","description":"","potentialAction":[{"@type":"SearchAction","target":{"@type":"EntryPoint","urlTemplate":"https:\/\/lottohoy.com\/ro\/?s={search_term_string}"},"query-input":{"@type":"PropertyValueSpecification","valueRequired":true,"valueName":"search_term_string"}}],"inLanguage":"ro-RO"}]}},"_links":{"self":[{"href":"https:\/\/lottohoy.com\/ro\/wp-json\/wp\/v2\/pages\/14956","targetHints":{"allow":["GET"]}}],"collection":[{"href":"https:\/\/lottohoy.com\/ro\/wp-json\/wp\/v2\/pages"}],"about":[{"href":"https:\/\/lottohoy.com\/ro\/wp-json\/wp\/v2\/types\/page"}],"author":[{"embeddable":true,"href":"https:\/\/lottohoy.com\/ro\/wp-json\/wp\/v2\/users\/2"}],"replies":[{"embeddable":true,"href":"https:\/\/lottohoy.com\/ro\/wp-json\/wp\/v2\/comments?post=14956"}],"version-history":[{"count":7,"href":"https:\/\/lottohoy.com\/ro\/wp-json\/wp\/v2\/pages\/14956\/revisions"}],"predecessor-version":[{"id":19968,"href":"https:\/\/lottohoy.com\/ro\/wp-json\/wp\/v2\/pages\/14956\/revisions\/19968"}],"up":[{"embeddable":true,"href":"https:\/\/lottohoy.com\/ro\/wp-json\/wp\/v2\/pages\/14934"}],"wp:attachment":[{"href":"https:\/\/lottohoy.com\/ro\/wp-json\/wp\/v2\/media?parent=14956"}],"curies":[{"name":"wp","href":"https:\/\/api.w.org\/{rel}","templated":true}]}}