{"id":14948,"date":"2018-05-03T14:23:39","date_gmt":"2018-05-03T13:23:39","guid":{"rendered":"https:\/\/lottohoy.com\/?page_id=14948"},"modified":"2025-03-18T12:17:20","modified_gmt":"2025-03-18T12:17:20","slug":"rezultate-powerball","status":"publish","type":"page","link":"https:\/\/lottohoy.com\/ro\/rezultate-la-loterie\/rezultate-powerball\/","title":{"rendered":"Rezultate Powerball"},"content":{"rendered":"<h2>Numere c\u00e2\u0219tig\u0103toare PowerBall<\/h2>\n<p>\u00cen tabelul de mai sus pute\u021bi verifica numerele c\u00e2\u0219tig\u0103toare din ultima <strong>extragere Powerball<\/strong>, precum \u0219i premiile distribuite \u00een fiecare dintre categoriile acesteia \u0219i num\u0103rul de c\u00e2\u0219tig\u0103tori Powerball.<\/p>\n<p>Acest tabel este actualizat automat dup\u0103 fiecare extragere, astfel \u00eenc\u00e2t s\u0103 \u00eel pute\u021bi consulta oric\u00e2nd trebuie s\u0103 fi\u021bi la curent cu cele mai recente rezultate \u0219i s\u0103 pute\u021bi <span style=\"color: #3366ff;\"><a style=\"color: #3366ff;\" href=\"https:\/\/lottohoy.com\/ro\/joaca-la-loterie-online\/joaca-powerball-online\/\">juca Powerball <\/a><\/span>dac\u0103 a\u021bi c\u00e2\u0219tigat un premiu.<\/p>\n<h2>Extragerile anterioare ale loteriei Powerball<\/h2>\n<p>Pe aceast\u0103 pagin\u0103 de<strong> rezultate Powerball,<\/strong> putem vedea rezultatele extragerilor pentru aceast\u0103 loterie din Statele Unite.<\/p>\n<p>\u00cen prim plan ultima combina\u021bie c\u00e2\u0219tig\u0103toare \u0219i repartizarea premiilor pentru cele nou\u0103 categorii.<\/p>\n<p>La fel, putem vedea \u00een partea dreapt\u0103 sus trei casete gri, cu s\u0103ge\u021bi de direc\u021bie care ne permit s\u0103 vedem rezultatele extragerilor anterioare.<\/p>\n<p>Folosind aceast\u0103 func\u021bionalitate de calendar putem vedea rezultatul imediat anterior f\u0103c\u00e2nd clic pe s\u0103geata din st\u00e2nga.<\/p>\n<p>Dac\u0103, pe de alt\u0103 parte, prefera\u021bi s\u0103 selecta\u021bi data concret\u0103 a extragerii, pute\u021bi da clic pe caseta central\u0103, care v\u0103 permite s\u0103 deschide\u021bi o list\u0103 derulant\u0103 cu extragerile din ultimele 20 de luni.<\/p>\n<h3>Cele mai multe \u0219i cele mai pu\u021bin frecvente numere \u00een Powerball<\/h3>\n<p>Numerele care au ap\u0103rut de cele mai multe ori \u00een combina\u021biile c\u00e2\u0219tig\u0103toare au fost:<strong> 8, 26, 22, 23 \u0219i 36<\/strong> pentru bilele albe din prima caset\u0103 de 69. \u0218i 9, 6, 21, 24 \u0219i 19 pentru bilele ro\u0219ii din caseta inferioar\u0103 de 26 de numere.<\/p>\n<p>Dimpotriv\u0103, numerele care au ap\u0103rut cu mai pu\u021bine ocazii au fost: <strong>15, 51, 37, 47, 12,<\/strong> 4 \u0219i 24 din bilele albe din prima caset\u0103 de 69. \u0218i 14, 23, 1, 2 \u0219i 16 dintre bilele ro\u0219ii Powerball din caseta inferioar\u0103 de 26.<\/p>\n<h2>Jackpoturi mari Powerball<\/h2>\n<p>Powerball este probabil loteria care ofer\u0103 posibilitatea de a c\u00e2\u0219tiga cele mai mari <span style=\"color: #3366ff;\"><a style=\"color: #3366ff;\" href=\"https:\/\/lottohoy.com\/ro\/jackpot-uri-la-loterie\/\">premii de loterie din lume<\/a><\/span>, deoarece \u00eencepe \u00eentotdeauna cu un jackpot ini\u021bial minim de 40.000.000 USD (un jackpot mult mai mare dec\u00e2t cel al altor loterie) care cre\u0219te \u00een cazul \u00een care nu exist\u0103 un c\u00e2\u0219tig\u0103tor.<\/p>\n<p>\u0218i ce este mai bine, se acumuleaz\u0103 f\u0103r\u0103 limit\u0103 de sum\u0103, astfel \u00eenc\u00e2t un c\u00e2\u0219tig\u0103tor norocos s\u0103 devin\u0103 multimilionar.<\/p>\n<p>Cel mai mare<span style=\"color: #3366ff;\"><a style=\"color: #3366ff;\" href=\"https:\/\/lottohoy.com\/ro\/rezultate-la-loterie\/rezultate-powerball\/\"> premiu Powerball \u00eenregistrat <\/a><\/span>p\u00e2n\u0103 \u00een prezent la extragerea Powerball a fost pu\u021bin peste 1,5 miliarde de dolari, care a fost distribuit doar \u00eentre trei c\u00e2\u0219tig\u0103tori. \u00cen noiembrie 2022 dep\u0103\u0219esc aceast\u0103 cifr\u0103; l\u0103s\u00e2nd un record p\u00e2n\u0103 la data actual\u0103 la 2.040 milioane USD<\/p>\n","protected":false},"excerpt":{"rendered":"<p>Numere c\u00e2\u0219tig\u0103toare PowerBall \u00cen tabelul de mai sus pute\u021bi verifica numerele c\u00e2\u0219tig\u0103toare din ultima extragere Powerball, precum \u0219i premiile distribuite \u00een fiecare dintre categoriile acesteia \u0219i num\u0103rul de c\u00e2\u0219tig\u0103tori Powerball. Acest tabel este actualizat automat dup\u0103 fiecare extragere, astfel \u00eenc\u00e2t s\u0103 \u00eel pute\u021bi consulta oric\u00e2nd trebuie s\u0103 fi\u021bi la curent cu cele mai recente rezultate [&hellip;]<\/p>\n","protected":false},"author":2,"featured_media":0,"parent":14934,"menu_order":1,"comment_status":"closed","ping_status":"closed","template":"powerball-usa-results.php","meta":{"_et_pb_use_builder":"","_et_pb_old_content":"","_et_gb_content_width":"","exclude_from_search":false,"footnotes":""},"class_list":["post-14948","page","type-page","status-publish","hentry"],"yoast_head":"<!-- This site is optimized with the Yoast SEO plugin v23.7 - https:\/\/yoast.com\/wordpress\/plugins\/seo\/ -->\n<title>Rezultate Powerball - Lottohoy<\/title>\n<meta name=\"description\" content=\"Cele mai recente rezultate Powerball. Verific\u0103-\u021bi biletul acum. Toate numerele c\u00e2\u0219tig\u0103toare de la ultimele extrageri Powerball, precum \u0219i premiile.\" \/>\n<meta name=\"robots\" content=\"index, follow, max-snippet:-1, max-image-preview:large, max-video-preview:-1\" \/>\n<link rel=\"canonical\" href=\"https:\/\/lottohoy.com\/ro\/rezultate-la-loterie\/rezultate-powerball\/\" \/>\n<meta property=\"og:locale\" content=\"ro_RO\" \/>\n<meta property=\"og:type\" content=\"article\" \/>\n<meta property=\"og:title\" content=\"Rezultate Powerball - Lottohoy\" \/>\n<meta property=\"og:description\" content=\"Cele mai recente rezultate Powerball. Verific\u0103-\u021bi biletul acum. Toate numerele c\u00e2\u0219tig\u0103toare de la ultimele extrageri Powerball, precum \u0219i premiile.\" \/>\n<meta property=\"og:url\" content=\"https:\/\/lottohoy.com\/ro\/rezultate-la-loterie\/rezultate-powerball\/\" \/>\n<meta property=\"og:site_name\" content=\"Lottohoy\" \/>\n<meta property=\"article:modified_time\" content=\"2025-03-18T12:17:20+00:00\" \/>\n<meta name=\"twitter:card\" content=\"summary_large_image\" \/>\n<meta name=\"twitter:label1\" content=\"Timp estimat pentru citire\" \/>\n\t<meta name=\"twitter:data1\" content=\"2 minute\" \/>\n<script type=\"application\/ld+json\" class=\"yoast-schema-graph\">{\"@context\":\"https:\/\/schema.org\",\"@graph\":[{\"@type\":\"WebPage\",\"@id\":\"https:\/\/lottohoy.com\/ro\/rezultate-la-loterie\/rezultate-powerball\/\",\"url\":\"https:\/\/lottohoy.com\/ro\/rezultate-la-loterie\/rezultate-powerball\/\",\"name\":\"Rezultate Powerball - Lottohoy\",\"isPartOf\":{\"@id\":\"https:\/\/lottohoy.com\/ro\/#website\"},\"datePublished\":\"2018-05-03T13:23:39+00:00\",\"dateModified\":\"2025-03-18T12:17:20+00:00\",\"description\":\"Cele mai recente rezultate Powerball. Verific\u0103-\u021bi biletul acum. Toate numerele c\u00e2\u0219tig\u0103toare de la ultimele extrageri Powerball, precum \u0219i premiile.\",\"breadcrumb\":{\"@id\":\"https:\/\/lottohoy.com\/ro\/rezultate-la-loterie\/rezultate-powerball\/#breadcrumb\"},\"inLanguage\":\"ro-RO\",\"potentialAction\":[{\"@type\":\"ReadAction\",\"target\":[\"https:\/\/lottohoy.com\/ro\/rezultate-la-loterie\/rezultate-powerball\/\"]}]},{\"@type\":\"BreadcrumbList\",\"@id\":\"https:\/\/lottohoy.com\/ro\/rezultate-la-loterie\/rezultate-powerball\/#breadcrumb\",\"itemListElement\":[{\"@type\":\"ListItem\",\"position\":1,\"name\":\"Home\",\"item\":\"https:\/\/lottohoy.com\/ro\/\"},{\"@type\":\"ListItem\",\"position\":2,\"name\":\"rezultate la loterie\",\"item\":\"https:\/\/lottohoy.com\/ro\/rezultate-la-loterie\/\"},{\"@type\":\"ListItem\",\"position\":3,\"name\":\"Rezultate Powerball\"}]},{\"@type\":\"WebSite\",\"@id\":\"https:\/\/lottohoy.com\/ro\/#website\",\"url\":\"https:\/\/lottohoy.com\/ro\/\",\"name\":\"Lottohoy\",\"description\":\"\",\"potentialAction\":[{\"@type\":\"SearchAction\",\"target\":{\"@type\":\"EntryPoint\",\"urlTemplate\":\"https:\/\/lottohoy.com\/ro\/?s={search_term_string}\"},\"query-input\":{\"@type\":\"PropertyValueSpecification\",\"valueRequired\":true,\"valueName\":\"search_term_string\"}}],\"inLanguage\":\"ro-RO\"}]}<\/script>\n<!-- \/ Yoast SEO plugin. -->","yoast_head_json":{"title":"Rezultate Powerball - Lottohoy","description":"Cele mai recente rezultate Powerball. Verific\u0103-\u021bi biletul acum. Toate numerele c\u00e2\u0219tig\u0103toare de la ultimele extrageri Powerball, precum \u0219i premiile.","robots":{"index":"index","follow":"follow","max-snippet":"max-snippet:-1","max-image-preview":"max-image-preview:large","max-video-preview":"max-video-preview:-1"},"canonical":"https:\/\/lottohoy.com\/ro\/rezultate-la-loterie\/rezultate-powerball\/","og_locale":"ro_RO","og_type":"article","og_title":"Rezultate Powerball - Lottohoy","og_description":"Cele mai recente rezultate Powerball. Verific\u0103-\u021bi biletul acum. Toate numerele c\u00e2\u0219tig\u0103toare de la ultimele extrageri Powerball, precum \u0219i premiile.","og_url":"https:\/\/lottohoy.com\/ro\/rezultate-la-loterie\/rezultate-powerball\/","og_site_name":"Lottohoy","article_modified_time":"2025-03-18T12:17:20+00:00","twitter_card":"summary_large_image","twitter_misc":{"Timp estimat pentru citire":"2 minute"},"schema":{"@context":"https:\/\/schema.org","@graph":[{"@type":"WebPage","@id":"https:\/\/lottohoy.com\/ro\/rezultate-la-loterie\/rezultate-powerball\/","url":"https:\/\/lottohoy.com\/ro\/rezultate-la-loterie\/rezultate-powerball\/","name":"Rezultate Powerball - Lottohoy","isPartOf":{"@id":"https:\/\/lottohoy.com\/ro\/#website"},"datePublished":"2018-05-03T13:23:39+00:00","dateModified":"2025-03-18T12:17:20+00:00","description":"Cele mai recente rezultate Powerball. Verific\u0103-\u021bi biletul acum. Toate numerele c\u00e2\u0219tig\u0103toare de la ultimele extrageri Powerball, precum \u0219i premiile.","breadcrumb":{"@id":"https:\/\/lottohoy.com\/ro\/rezultate-la-loterie\/rezultate-powerball\/#breadcrumb"},"inLanguage":"ro-RO","potentialAction":[{"@type":"ReadAction","target":["https:\/\/lottohoy.com\/ro\/rezultate-la-loterie\/rezultate-powerball\/"]}]},{"@type":"BreadcrumbList","@id":"https:\/\/lottohoy.com\/ro\/rezultate-la-loterie\/rezultate-powerball\/#breadcrumb","itemListElement":[{"@type":"ListItem","position":1,"name":"Home","item":"https:\/\/lottohoy.com\/ro\/"},{"@type":"ListItem","position":2,"name":"rezultate la loterie","item":"https:\/\/lottohoy.com\/ro\/rezultate-la-loterie\/"},{"@type":"ListItem","position":3,"name":"Rezultate Powerball"}]},{"@type":"WebSite","@id":"https:\/\/lottohoy.com\/ro\/#website","url":"https:\/\/lottohoy.com\/ro\/","name":"Lottohoy","description":"","potentialAction":[{"@type":"SearchAction","target":{"@type":"EntryPoint","urlTemplate":"https:\/\/lottohoy.com\/ro\/?s={search_term_string}"},"query-input":{"@type":"PropertyValueSpecification","valueRequired":true,"valueName":"search_term_string"}}],"inLanguage":"ro-RO"}]}},"_links":{"self":[{"href":"https:\/\/lottohoy.com\/ro\/wp-json\/wp\/v2\/pages\/14948","targetHints":{"allow":["GET"]}}],"collection":[{"href":"https:\/\/lottohoy.com\/ro\/wp-json\/wp\/v2\/pages"}],"about":[{"href":"https:\/\/lottohoy.com\/ro\/wp-json\/wp\/v2\/types\/page"}],"author":[{"embeddable":true,"href":"https:\/\/lottohoy.com\/ro\/wp-json\/wp\/v2\/users\/2"}],"replies":[{"embeddable":true,"href":"https:\/\/lottohoy.com\/ro\/wp-json\/wp\/v2\/comments?post=14948"}],"version-history":[{"count":2,"href":"https:\/\/lottohoy.com\/ro\/wp-json\/wp\/v2\/pages\/14948\/revisions"}],"predecessor-version":[{"id":15728,"href":"https:\/\/lottohoy.com\/ro\/wp-json\/wp\/v2\/pages\/14948\/revisions\/15728"}],"up":[{"embeddable":true,"href":"https:\/\/lottohoy.com\/ro\/wp-json\/wp\/v2\/pages\/14934"}],"wp:attachment":[{"href":"https:\/\/lottohoy.com\/ro\/wp-json\/wp\/v2\/media?parent=14948"}],"curies":[{"name":"wp","href":"https:\/\/api.w.org\/{rel}","templated":true}]}}