{"id":14934,"date":"2018-05-03T14:23:36","date_gmt":"2018-05-03T13:23:36","guid":{"rendered":"https:\/\/lottohoy.com\/?page_id=14934"},"modified":"2025-02-25T17:18:35","modified_gmt":"2025-02-25T17:18:35","slug":"rezultate-la-loterie","status":"publish","type":"page","link":"https:\/\/lottohoy.com\/ro\/rezultate-la-loterie\/","title":{"rendered":"rezultate la loterie"},"content":{"rendered":"<p>Odat\u0103 terminate tragerile la sor\u021bi, organizatorii tuturor <strong>lotteriilor oficializeaz\u0103 rezultatul,<\/strong> iar acesta se reflect\u0103 \u00een mass-media \u0219i\/sau pagini de specialitate. \u00cen unele cazuri, extragerile pot fi chiar urm\u0103rite \u00een direct sau \u00eenregistrate la televizor.<\/p>\n<p>La LottoHoy, public\u0103m toate rezultatele odat\u0103 ce s-a \u00eencheiat controlul, apoi se reflect\u0103 distribuirea premiilor \u00een diferitele categorii.<\/p>\n<h2>Cum se verific\u0103 rezultatele loteriei<\/h2>\n<p>Pentru verificarea rezultatelor loteriei, pute\u021bi consulta mass-media organizatorilor loteriei \u00een cauz\u0103, sau mass-media de informare general\u0103 (radio \u0219i TV pentru imediata lor, \u0219i ap\u0103sa\u021bi a doua zi).<\/p>\n<p>Utilizatorii platformei noastre primesc informa\u021bii despre rezultate direct \u0219i acestea se reflect\u0103 \u00een contul lor. Dac\u0103 c\u00e2\u0219tigi un premiu, suma este introdus\u0103 direct \u00een soldul fiec\u0103rui juc\u0103tor.<\/p>\n<h2>premii de loterie<\/h2>\n<p><strong>Premiile la loterie<\/strong> sunt foarte diverse \u0219i depind de mai mul\u021bi factori.<\/p>\n<p>Fiecare loterie are propriul regulament care indic\u0103 repartizarea premiilor, categoriile eligibile pentru premiile respective \u0219i sumele maxime \u0219i minime alocate acelor categorii.<\/p>\n<p>In unele cazuri si cu exceptia premiului principal (jackpot, jackpot&#8230;) suma alocata acestor categorii este determinata de procente din incasarea pentru acea extragere, iar la alte loterie este o suma stabilita in avans.<\/p>\n<p>Premiul de prima categorie este de obicei alc\u0103tuit dintr-o sum\u0103 de pornire minim\u0103 fix\u0103 \u200b\u200b\u0219i un procent din colec\u021bia respectiv\u0103.<\/p>\n<p>La unele loterie, dac\u0103 nu exist\u0103 un c\u00e2\u0219tig\u0103tor de prima categorie, suma prev\u0103zut\u0103 pentru premiul categoriei respective se repartizeaz\u0103 \u00eentre nivelurile r\u0103mase.<\/p>\n<p>\u00cen alte cazuri, \u0219i aici devin mai atractive unele loterie, dac\u0103 nu exist\u0103 un c\u00e2\u0219tig\u0103tor din acea prim\u0103 categorie, acea sum\u0103 se acumuleaz\u0103 \u0219i se adaug\u0103 pentru urm\u0103toarea extragere, gener\u00e2nd<span style=\"color: #3366ff;\"><a style=\"color: #3366ff;\" href=\"https:\/\/lottohoy.com\/ro\/jackpot-uri-la-loterie\/\"> jackpot-uri de loterie<\/a><\/span> care ajung la sume astronomice. Unele loterie limiteaz\u0103 suma maxim\u0103 \u0219i pentru o anumit\u0103 perioad\u0103 de extrageri f\u0103r\u0103 c\u00e2\u0219tig\u0103tori.<\/p>\n<p>Cel mai mare (Jackpot, jackpot&#8230;) acumulat p\u00e2n\u0103 \u00een prezent a avut loc la loteria <span style=\"color: #3366ff;\"><a style=\"color: #3366ff;\" href=\"https:\/\/lottohoy.com\/ro\/joaca-la-loterie-online\/joaca-powerball-online\/\">Powerball<\/a><\/span> cu o sum\u0103 estimat\u0103 la <del>1,5 miliarde de dolari<\/del>. \u00cen noiembrie 2022, a fost atins un nou record p\u00e2n\u0103 \u00een prezent, de 2,04 miliarde de dolari.<\/p>\n","protected":false},"excerpt":{"rendered":"<p>Odat\u0103 terminate tragerile la sor\u021bi, organizatorii tuturor lotteriilor oficializeaz\u0103 rezultatul, iar acesta se reflect\u0103 \u00een mass-media \u0219i\/sau pagini de specialitate. \u00cen unele cazuri, extragerile pot fi chiar urm\u0103rite \u00een direct sau \u00eenregistrate la televizor. La LottoHoy, public\u0103m toate rezultatele odat\u0103 ce s-a \u00eencheiat controlul, apoi se reflect\u0103 distribuirea premiilor \u00een diferitele categorii. Cum se verific\u0103 [&hellip;]<\/p>\n","protected":false},"author":2,"featured_media":0,"parent":0,"menu_order":4,"comment_status":"closed","ping_status":"closed","template":"Results.php","meta":{"_et_pb_use_builder":"","_et_pb_old_content":"","_et_gb_content_width":"","exclude_from_search":false,"footnotes":""},"class_list":["post-14934","page","type-page","status-publish","hentry"],"yoast_head":"<!-- This site is optimized with the Yoast SEO plugin v23.7 - https:\/\/yoast.com\/wordpress\/plugins\/seo\/ -->\n<title>rezultate la loterie - Lottohoy<\/title>\n<meta name=\"robots\" content=\"index, follow, max-snippet:-1, max-image-preview:large, max-video-preview:-1\" \/>\n<link rel=\"canonical\" href=\"https:\/\/lottohoy.com\/ro\/rezultate-la-loterie\/\" \/>\n<meta property=\"og:locale\" content=\"ro_RO\" \/>\n<meta property=\"og:type\" content=\"article\" \/>\n<meta property=\"og:title\" content=\"rezultate la loterie - Lottohoy\" \/>\n<meta property=\"og:description\" content=\"Odat\u0103 terminate tragerile la sor\u021bi, organizatorii tuturor lotteriilor oficializeaz\u0103 rezultatul, iar acesta se reflect\u0103 \u00een mass-media \u0219i\/sau pagini de specialitate. \u00cen unele cazuri, extragerile pot fi chiar urm\u0103rite \u00een direct sau \u00eenregistrate la televizor. La LottoHoy, public\u0103m toate rezultatele odat\u0103 ce s-a \u00eencheiat controlul, apoi se reflect\u0103 distribuirea premiilor \u00een diferitele categorii. Cum se verific\u0103 [&hellip;]\" \/>\n<meta property=\"og:url\" content=\"https:\/\/lottohoy.com\/ro\/rezultate-la-loterie\/\" \/>\n<meta property=\"og:site_name\" content=\"Lottohoy\" \/>\n<meta property=\"article:modified_time\" content=\"2025-02-25T17:18:35+00:00\" \/>\n<meta name=\"twitter:card\" content=\"summary_large_image\" \/>\n<meta name=\"twitter:label1\" content=\"Timp estimat pentru citire\" \/>\n\t<meta name=\"twitter:data1\" content=\"2 minute\" \/>\n<script type=\"application\/ld+json\" class=\"yoast-schema-graph\">{\"@context\":\"https:\/\/schema.org\",\"@graph\":[{\"@type\":\"WebPage\",\"@id\":\"https:\/\/lottohoy.com\/ro\/rezultate-la-loterie\/\",\"url\":\"https:\/\/lottohoy.com\/ro\/rezultate-la-loterie\/\",\"name\":\"rezultate la loterie - Lottohoy\",\"isPartOf\":{\"@id\":\"https:\/\/lottohoy.com\/ro\/#website\"},\"datePublished\":\"2018-05-03T13:23:36+00:00\",\"dateModified\":\"2025-02-25T17:18:35+00:00\",\"breadcrumb\":{\"@id\":\"https:\/\/lottohoy.com\/ro\/rezultate-la-loterie\/#breadcrumb\"},\"inLanguage\":\"ro-RO\",\"potentialAction\":[{\"@type\":\"ReadAction\",\"target\":[\"https:\/\/lottohoy.com\/ro\/rezultate-la-loterie\/\"]}]},{\"@type\":\"BreadcrumbList\",\"@id\":\"https:\/\/lottohoy.com\/ro\/rezultate-la-loterie\/#breadcrumb\",\"itemListElement\":[{\"@type\":\"ListItem\",\"position\":1,\"name\":\"Home\",\"item\":\"https:\/\/lottohoy.com\/ro\/\"},{\"@type\":\"ListItem\",\"position\":2,\"name\":\"rezultate la loterie\"}]},{\"@type\":\"WebSite\",\"@id\":\"https:\/\/lottohoy.com\/ro\/#website\",\"url\":\"https:\/\/lottohoy.com\/ro\/\",\"name\":\"Lottohoy\",\"description\":\"\",\"potentialAction\":[{\"@type\":\"SearchAction\",\"target\":{\"@type\":\"EntryPoint\",\"urlTemplate\":\"https:\/\/lottohoy.com\/ro\/?s={search_term_string}\"},\"query-input\":{\"@type\":\"PropertyValueSpecification\",\"valueRequired\":true,\"valueName\":\"search_term_string\"}}],\"inLanguage\":\"ro-RO\"}]}<\/script>\n<!-- \/ Yoast SEO plugin. -->","yoast_head_json":{"title":"rezultate la loterie - Lottohoy","robots":{"index":"index","follow":"follow","max-snippet":"max-snippet:-1","max-image-preview":"max-image-preview:large","max-video-preview":"max-video-preview:-1"},"canonical":"https:\/\/lottohoy.com\/ro\/rezultate-la-loterie\/","og_locale":"ro_RO","og_type":"article","og_title":"rezultate la loterie - Lottohoy","og_description":"Odat\u0103 terminate tragerile la sor\u021bi, organizatorii tuturor lotteriilor oficializeaz\u0103 rezultatul, iar acesta se reflect\u0103 \u00een mass-media \u0219i\/sau pagini de specialitate. \u00cen unele cazuri, extragerile pot fi chiar urm\u0103rite \u00een direct sau \u00eenregistrate la televizor. La LottoHoy, public\u0103m toate rezultatele odat\u0103 ce s-a \u00eencheiat controlul, apoi se reflect\u0103 distribuirea premiilor \u00een diferitele categorii. Cum se verific\u0103 [&hellip;]","og_url":"https:\/\/lottohoy.com\/ro\/rezultate-la-loterie\/","og_site_name":"Lottohoy","article_modified_time":"2025-02-25T17:18:35+00:00","twitter_card":"summary_large_image","twitter_misc":{"Timp estimat pentru citire":"2 minute"},"schema":{"@context":"https:\/\/schema.org","@graph":[{"@type":"WebPage","@id":"https:\/\/lottohoy.com\/ro\/rezultate-la-loterie\/","url":"https:\/\/lottohoy.com\/ro\/rezultate-la-loterie\/","name":"rezultate la loterie - Lottohoy","isPartOf":{"@id":"https:\/\/lottohoy.com\/ro\/#website"},"datePublished":"2018-05-03T13:23:36+00:00","dateModified":"2025-02-25T17:18:35+00:00","breadcrumb":{"@id":"https:\/\/lottohoy.com\/ro\/rezultate-la-loterie\/#breadcrumb"},"inLanguage":"ro-RO","potentialAction":[{"@type":"ReadAction","target":["https:\/\/lottohoy.com\/ro\/rezultate-la-loterie\/"]}]},{"@type":"BreadcrumbList","@id":"https:\/\/lottohoy.com\/ro\/rezultate-la-loterie\/#breadcrumb","itemListElement":[{"@type":"ListItem","position":1,"name":"Home","item":"https:\/\/lottohoy.com\/ro\/"},{"@type":"ListItem","position":2,"name":"rezultate la loterie"}]},{"@type":"WebSite","@id":"https:\/\/lottohoy.com\/ro\/#website","url":"https:\/\/lottohoy.com\/ro\/","name":"Lottohoy","description":"","potentialAction":[{"@type":"SearchAction","target":{"@type":"EntryPoint","urlTemplate":"https:\/\/lottohoy.com\/ro\/?s={search_term_string}"},"query-input":{"@type":"PropertyValueSpecification","valueRequired":true,"valueName":"search_term_string"}}],"inLanguage":"ro-RO"}]}},"_links":{"self":[{"href":"https:\/\/lottohoy.com\/ro\/wp-json\/wp\/v2\/pages\/14934","targetHints":{"allow":["GET"]}}],"collection":[{"href":"https:\/\/lottohoy.com\/ro\/wp-json\/wp\/v2\/pages"}],"about":[{"href":"https:\/\/lottohoy.com\/ro\/wp-json\/wp\/v2\/types\/page"}],"author":[{"embeddable":true,"href":"https:\/\/lottohoy.com\/ro\/wp-json\/wp\/v2\/users\/2"}],"replies":[{"embeddable":true,"href":"https:\/\/lottohoy.com\/ro\/wp-json\/wp\/v2\/comments?post=14934"}],"version-history":[{"count":3,"href":"https:\/\/lottohoy.com\/ro\/wp-json\/wp\/v2\/pages\/14934\/revisions"}],"predecessor-version":[{"id":15727,"href":"https:\/\/lottohoy.com\/ro\/wp-json\/wp\/v2\/pages\/14934\/revisions\/15727"}],"wp:attachment":[{"href":"https:\/\/lottohoy.com\/ro\/wp-json\/wp\/v2\/media?parent=14934"}],"curies":[{"name":"wp","href":"https:\/\/api.w.org\/{rel}","templated":true}]}}