{"id":14919,"date":"2018-08-23T10:32:43","date_gmt":"2018-08-23T09:32:43","guid":{"rendered":"https:\/\/lottohoy.com\/?page_id=14919"},"modified":"2025-02-25T17:15:55","modified_gmt":"2025-02-25T17:15:55","slug":"informatii-despre-loteria-loto-de-sambata","status":"publish","type":"page","link":"https:\/\/lottohoy.com\/ro\/totul-despre-loteria-online\/informatii-despre-loteria-loto-de-sambata\/","title":{"rendered":"Informa\u021bii despre loteria Loto de s\u00e2mb\u0103t\u0103"},"content":{"rendered":"<p>Loto de s\u00e2mb\u0103t\u0103 este loteria na\u021bional\u0103 a Australiei, extras\u0103 s\u00e2mb\u0103t\u0103 seara. Una peste alta, de\u0219i este o loterie na\u021bional\u0103, este recunoscut\u0103 sub diferite denumiri \u00een func\u021bie de teritoriul pe care este comercializat\u0103.<\/p>\n<h2>Regulile Loto de s\u00e2mb\u0103t\u0103<\/h2>\n<p><span style=\"color: #3366ff;\"><a style=\"color: #3366ff;\" href=\"https:\/\/lottohoy.com\/es\/jugar\/saturday-lotto-au\/\">Loto de s\u00e2mb\u0103t\u0103<\/a><\/span> este o loterie u\u0219or de \u00een\u021beles \u0219i de jucat. Juc\u0103torul trebuie s\u0103 aleag\u0103 pur \u0219i simplu 6 numere dintre cele 45 de numere posibile, corespunz\u0103toare bilelor numerotate de la 1 la 45 inclusiv.<\/p>\n<p>Premiile sunt repartizate pe categorii \u00een func\u021bie de succesele juc\u0103torilor, pe care le prezent\u0103m \u00een aceast\u0103 caset\u0103:<\/p>\n<table class=\"t1\" style=\"width: 446px;\" cellspacing=\"0\" cellpadding=\"0\">\n<tbody>\n<tr>\n<td class=\"td1\" style=\"width: 160.828px;\" valign=\"top\">\n<p class=\"p1\">1st Category<\/p>\n<\/td>\n<td class=\"td1\" style=\"width: 279.172px;\" valign=\"top\">\n<p class=\"p1\">6 hits<\/p>\n<\/td>\n<\/tr>\n<tr>\n<td class=\"td1\" style=\"width: 160.828px;\" valign=\"top\">\n<p class=\"p1\">2nd. Category<\/p>\n<\/td>\n<td class=\"td1\" style=\"width: 279.172px;\" valign=\"top\">\n<p class=\"p1\">5 hits + 1 or 2 complementary balls<\/p>\n<\/td>\n<\/tr>\n<tr>\n<td class=\"td1\" style=\"width: 160.828px;\" valign=\"top\">\n<p class=\"p1\">3rd. Category<\/p>\n<\/td>\n<td class=\"td1\" style=\"width: 279.172px;\" valign=\"top\">\n<p class=\"p1\">5 hits<\/p>\n<\/td>\n<\/tr>\n<tr>\n<td class=\"td1\" style=\"width: 160.828px;\" valign=\"top\">\n<p class=\"p1\">4th. Category<\/p>\n<\/td>\n<td class=\"td1\" style=\"width: 279.172px;\" valign=\"top\">\n<p class=\"p1\">4 hits<\/p>\n<\/td>\n<\/tr>\n<tr>\n<td class=\"td1\" style=\"width: 160.828px;\" valign=\"top\">\n<p class=\"p1\">5th. Category<\/p>\n<\/td>\n<td class=\"td1\" style=\"width: 279.172px;\" valign=\"top\">\n<p class=\"p1\">3 hits + 1 or 2 complementary balls<\/p>\n<\/td>\n<\/tr>\n<tr>\n<td class=\"td1\" style=\"width: 160.828px;\" valign=\"top\">\n<p class=\"p1\">6th. Category<\/p>\n<\/td>\n<td class=\"td1\" style=\"width: 279.172px;\" valign=\"top\">\n<p class=\"p1\">1 or 2 hits + the 2 complementary balls<\/p>\n<\/td>\n<\/tr>\n<\/tbody>\n<\/table>\n<p>V\u00e2rsta minim\u0103 pentru a cump\u0103ra produse de loterie este de 18 ani \u00een toate statele, cu excep\u021bia Australiei de Vest, unde v\u00e2rsta a fost redus\u0103 la 16 ani.<\/p>\n<h2>Care sunt numerele complementare ale Loto de s\u00e2mb\u0103t\u0103?<\/h2>\n<p>Pe l\u00e2ng\u0103 cele \u0219ase bile care vor alc\u0103tui combina\u021bia c\u00e2\u0219tig\u0103toare de numere, se extrag \u00eenc\u0103 2 bile numite \u201ecomplementare\u201d.<\/p>\n<p>Aceste mingi suplimentare sau complementare nu influen\u021beaz\u0103 cea mai \u00eenalt\u0103 categorie de premii, ci servesc mai degrab\u0103 la determinarea categoriei a doua \u0219i a cincea de premii.<\/p>\n<p>La fel, aceste numere complementare sunt necesare pentru a completa 1 sau 2 lovituri ale numerelor din combina\u021bia principal\u0103 \u0219i care vor configura cea de-a \u0219asea categorie de premii.<\/p>\n<h2>S\u00e2mb\u0103t\u0103 Loto Jackpot<\/h2>\n<p>La Loto de s\u00e2mb\u0103t\u0103, premiul de categoria I nu poate fi considerat un <span style=\"color: #3366ff;\"><a style=\"color: #3366ff;\" href=\"https:\/\/lottohoy.com\/ro\/jackpot-uri-la-loterie\/\">jackpot<\/a><\/span> ca la alte loterie, deoarece premiul este predeterminat \u00een prealabil. Acest premiu este de 1.000.000 USD per ghicitor, p\u00e2n\u0103 la maximum 4 milioane.<\/p>\n<p>\u00cen cazul \u00een care exist\u0103 mai mult de patru c\u00e2\u0219tig\u0103tori, aceast\u0103 sum\u0103 total\u0103 de 4.000.000 USD este distribuit\u0103 \u00een mod egal \u00eentre to\u021bi c\u00e2\u0219tig\u0103torii.<\/p>\n<p>\u00cen general, \u0219i datorit\u0103 c\u00e2t de u\u0219or este s\u0103 ob\u021bii corect cele 6 numere din 45, este foarte comun ca \u00een multe extrageri s\u0103 fie mai mul\u021bi ghicitori de prim\u0103 clas\u0103 \u0219i s\u0103 fie distribuit premiul a\u0219teptat.<\/p>\n","protected":false},"excerpt":{"rendered":"<p>Loto de s\u00e2mb\u0103t\u0103 este loteria na\u021bional\u0103 a Australiei, extras\u0103 s\u00e2mb\u0103t\u0103 seara. Una peste alta, de\u0219i este o loterie na\u021bional\u0103, este recunoscut\u0103 sub diferite denumiri \u00een func\u021bie de teritoriul pe care este comercializat\u0103. Regulile Loto de s\u00e2mb\u0103t\u0103 Loto de s\u00e2mb\u0103t\u0103 este o loterie u\u0219or de \u00een\u021beles \u0219i de jucat. Juc\u0103torul trebuie s\u0103 aleag\u0103 pur \u0219i simplu [&hellip;]<\/p>\n","protected":false},"author":2,"featured_media":0,"parent":14730,"menu_order":19,"comment_status":"closed","ping_status":"closed","template":"saturday-lotto-info.php","meta":{"_et_pb_use_builder":"","_et_pb_old_content":"","_et_gb_content_width":"","exclude_from_search":false,"footnotes":""},"class_list":["post-14919","page","type-page","status-publish","hentry"],"yoast_head":"<!-- This site is optimized with the Yoast SEO plugin v23.7 - https:\/\/yoast.com\/wordpress\/plugins\/seo\/ -->\n<title>Informa\u021bii despre loteria Loto de s\u00e2mb\u0103t\u0103 - Lottohoy<\/title>\n<meta name=\"robots\" content=\"index, follow, max-snippet:-1, max-image-preview:large, max-video-preview:-1\" \/>\n<link rel=\"canonical\" href=\"https:\/\/lottohoy.com\/ro\/totul-despre-loteria-online\/informatii-despre-loteria-loto-de-sambata\/\" \/>\n<meta property=\"og:locale\" content=\"ro_RO\" \/>\n<meta property=\"og:type\" content=\"article\" \/>\n<meta property=\"og:title\" content=\"Informa\u021bii despre loteria Loto de s\u00e2mb\u0103t\u0103 - Lottohoy\" \/>\n<meta property=\"og:description\" content=\"Loto de s\u00e2mb\u0103t\u0103 este loteria na\u021bional\u0103 a Australiei, extras\u0103 s\u00e2mb\u0103t\u0103 seara. Una peste alta, de\u0219i este o loterie na\u021bional\u0103, este recunoscut\u0103 sub diferite denumiri \u00een func\u021bie de teritoriul pe care este comercializat\u0103. Regulile Loto de s\u00e2mb\u0103t\u0103 Loto de s\u00e2mb\u0103t\u0103 este o loterie u\u0219or de \u00een\u021beles \u0219i de jucat. Juc\u0103torul trebuie s\u0103 aleag\u0103 pur \u0219i simplu [&hellip;]\" \/>\n<meta property=\"og:url\" content=\"https:\/\/lottohoy.com\/ro\/totul-despre-loteria-online\/informatii-despre-loteria-loto-de-sambata\/\" \/>\n<meta property=\"og:site_name\" content=\"Lottohoy\" \/>\n<meta property=\"article:modified_time\" content=\"2025-02-25T17:15:55+00:00\" \/>\n<meta name=\"twitter:card\" content=\"summary_large_image\" \/>\n<meta name=\"twitter:label1\" content=\"Timp estimat pentru citire\" \/>\n\t<meta name=\"twitter:data1\" content=\"2 minute\" \/>\n<script type=\"application\/ld+json\" class=\"yoast-schema-graph\">{\"@context\":\"https:\/\/schema.org\",\"@graph\":[{\"@type\":\"WebPage\",\"@id\":\"https:\/\/lottohoy.com\/ro\/totul-despre-loteria-online\/informatii-despre-loteria-loto-de-sambata\/\",\"url\":\"https:\/\/lottohoy.com\/ro\/totul-despre-loteria-online\/informatii-despre-loteria-loto-de-sambata\/\",\"name\":\"Informa\u021bii despre loteria Loto de s\u00e2mb\u0103t\u0103 - Lottohoy\",\"isPartOf\":{\"@id\":\"https:\/\/lottohoy.com\/ro\/#website\"},\"datePublished\":\"2018-08-23T09:32:43+00:00\",\"dateModified\":\"2025-02-25T17:15:55+00:00\",\"breadcrumb\":{\"@id\":\"https:\/\/lottohoy.com\/ro\/totul-despre-loteria-online\/informatii-despre-loteria-loto-de-sambata\/#breadcrumb\"},\"inLanguage\":\"ro-RO\",\"potentialAction\":[{\"@type\":\"ReadAction\",\"target\":[\"https:\/\/lottohoy.com\/ro\/totul-despre-loteria-online\/informatii-despre-loteria-loto-de-sambata\/\"]}]},{\"@type\":\"BreadcrumbList\",\"@id\":\"https:\/\/lottohoy.com\/ro\/totul-despre-loteria-online\/informatii-despre-loteria-loto-de-sambata\/#breadcrumb\",\"itemListElement\":[{\"@type\":\"ListItem\",\"position\":1,\"name\":\"Home\",\"item\":\"https:\/\/lottohoy.com\/ro\/\"},{\"@type\":\"ListItem\",\"position\":2,\"name\":\"Totul despre loteria online\",\"item\":\"https:\/\/lottohoy.com\/ro\/totul-despre-loteria-online\/\"},{\"@type\":\"ListItem\",\"position\":3,\"name\":\"Informa\u021bii despre loteria Loto de s\u00e2mb\u0103t\u0103\"}]},{\"@type\":\"WebSite\",\"@id\":\"https:\/\/lottohoy.com\/ro\/#website\",\"url\":\"https:\/\/lottohoy.com\/ro\/\",\"name\":\"Lottohoy\",\"description\":\"\",\"potentialAction\":[{\"@type\":\"SearchAction\",\"target\":{\"@type\":\"EntryPoint\",\"urlTemplate\":\"https:\/\/lottohoy.com\/ro\/?s={search_term_string}\"},\"query-input\":{\"@type\":\"PropertyValueSpecification\",\"valueRequired\":true,\"valueName\":\"search_term_string\"}}],\"inLanguage\":\"ro-RO\"}]}<\/script>\n<!-- \/ Yoast SEO plugin. -->","yoast_head_json":{"title":"Informa\u021bii despre loteria Loto de s\u00e2mb\u0103t\u0103 - Lottohoy","robots":{"index":"index","follow":"follow","max-snippet":"max-snippet:-1","max-image-preview":"max-image-preview:large","max-video-preview":"max-video-preview:-1"},"canonical":"https:\/\/lottohoy.com\/ro\/totul-despre-loteria-online\/informatii-despre-loteria-loto-de-sambata\/","og_locale":"ro_RO","og_type":"article","og_title":"Informa\u021bii despre loteria Loto de s\u00e2mb\u0103t\u0103 - Lottohoy","og_description":"Loto de s\u00e2mb\u0103t\u0103 este loteria na\u021bional\u0103 a Australiei, extras\u0103 s\u00e2mb\u0103t\u0103 seara. Una peste alta, de\u0219i este o loterie na\u021bional\u0103, este recunoscut\u0103 sub diferite denumiri \u00een func\u021bie de teritoriul pe care este comercializat\u0103. Regulile Loto de s\u00e2mb\u0103t\u0103 Loto de s\u00e2mb\u0103t\u0103 este o loterie u\u0219or de \u00een\u021beles \u0219i de jucat. Juc\u0103torul trebuie s\u0103 aleag\u0103 pur \u0219i simplu [&hellip;]","og_url":"https:\/\/lottohoy.com\/ro\/totul-despre-loteria-online\/informatii-despre-loteria-loto-de-sambata\/","og_site_name":"Lottohoy","article_modified_time":"2025-02-25T17:15:55+00:00","twitter_card":"summary_large_image","twitter_misc":{"Timp estimat pentru citire":"2 minute"},"schema":{"@context":"https:\/\/schema.org","@graph":[{"@type":"WebPage","@id":"https:\/\/lottohoy.com\/ro\/totul-despre-loteria-online\/informatii-despre-loteria-loto-de-sambata\/","url":"https:\/\/lottohoy.com\/ro\/totul-despre-loteria-online\/informatii-despre-loteria-loto-de-sambata\/","name":"Informa\u021bii despre loteria Loto de s\u00e2mb\u0103t\u0103 - Lottohoy","isPartOf":{"@id":"https:\/\/lottohoy.com\/ro\/#website"},"datePublished":"2018-08-23T09:32:43+00:00","dateModified":"2025-02-25T17:15:55+00:00","breadcrumb":{"@id":"https:\/\/lottohoy.com\/ro\/totul-despre-loteria-online\/informatii-despre-loteria-loto-de-sambata\/#breadcrumb"},"inLanguage":"ro-RO","potentialAction":[{"@type":"ReadAction","target":["https:\/\/lottohoy.com\/ro\/totul-despre-loteria-online\/informatii-despre-loteria-loto-de-sambata\/"]}]},{"@type":"BreadcrumbList","@id":"https:\/\/lottohoy.com\/ro\/totul-despre-loteria-online\/informatii-despre-loteria-loto-de-sambata\/#breadcrumb","itemListElement":[{"@type":"ListItem","position":1,"name":"Home","item":"https:\/\/lottohoy.com\/ro\/"},{"@type":"ListItem","position":2,"name":"Totul despre loteria online","item":"https:\/\/lottohoy.com\/ro\/totul-despre-loteria-online\/"},{"@type":"ListItem","position":3,"name":"Informa\u021bii despre loteria Loto de s\u00e2mb\u0103t\u0103"}]},{"@type":"WebSite","@id":"https:\/\/lottohoy.com\/ro\/#website","url":"https:\/\/lottohoy.com\/ro\/","name":"Lottohoy","description":"","potentialAction":[{"@type":"SearchAction","target":{"@type":"EntryPoint","urlTemplate":"https:\/\/lottohoy.com\/ro\/?s={search_term_string}"},"query-input":{"@type":"PropertyValueSpecification","valueRequired":true,"valueName":"search_term_string"}}],"inLanguage":"ro-RO"}]}},"_links":{"self":[{"href":"https:\/\/lottohoy.com\/ro\/wp-json\/wp\/v2\/pages\/14919","targetHints":{"allow":["GET"]}}],"collection":[{"href":"https:\/\/lottohoy.com\/ro\/wp-json\/wp\/v2\/pages"}],"about":[{"href":"https:\/\/lottohoy.com\/ro\/wp-json\/wp\/v2\/types\/page"}],"author":[{"embeddable":true,"href":"https:\/\/lottohoy.com\/ro\/wp-json\/wp\/v2\/users\/2"}],"replies":[{"embeddable":true,"href":"https:\/\/lottohoy.com\/ro\/wp-json\/wp\/v2\/comments?post=14919"}],"version-history":[{"count":3,"href":"https:\/\/lottohoy.com\/ro\/wp-json\/wp\/v2\/pages\/14919\/revisions"}],"predecessor-version":[{"id":15725,"href":"https:\/\/lottohoy.com\/ro\/wp-json\/wp\/v2\/pages\/14919\/revisions\/15725"}],"up":[{"embeddable":true,"href":"https:\/\/lottohoy.com\/ro\/wp-json\/wp\/v2\/pages\/14730"}],"wp:attachment":[{"href":"https:\/\/lottohoy.com\/ro\/wp-json\/wp\/v2\/media?parent=14919"}],"curies":[{"name":"wp","href":"https:\/\/api.w.org\/{rel}","templated":true}]}}