{"id":14906,"date":"2018-08-21T10:29:37","date_gmt":"2018-08-21T09:29:37","guid":{"rendered":"https:\/\/lottohoy.com\/?page_id=14906"},"modified":"2025-03-18T12:08:34","modified_gmt":"2025-03-18T12:08:34","slug":"informatii-powerball-au","status":"publish","type":"page","link":"https:\/\/lottohoy.com\/ro\/totul-despre-loteria-online\/informatii-powerball-au\/","title":{"rendered":"Informa\u021bii Powerball AU"},"content":{"rendered":"<p>PowerBall AU a ap\u0103rut pe pia\u021b\u0103 pe 23 martie 1996. Ini\u021bial, juc\u0103torul trebuia s\u0103 aleag\u0103 5 numere dintre cele 45 care compuneau prima parte a tablei \u0219i, de asemenea, s\u0103 aleag\u0103 1 num\u0103r suplimentar cunoscut sub numele de \u201epowerball\u201d din a doua grup\u0103.<\/p>\n<h2>Regulile Powerball AU<\/h2>\n<p>\u00cen martie 2013, regulamentul a fost modificat \u0219i s-a stabilit ca combina\u021bia c\u00e2\u0219tig\u0103toare s\u0103 fie ob\u021binut\u0103 din 6 numere din 40 din prima grup\u0103 a matricei, \u0219i o minge dintre cele 20 de numere posibile din partea inferioar\u0103. Aceast\u0103 schimbare a dus la introducerea unei noi categorii de premii.<\/p>\n<p>Din aprilie 2018, data la care a existat o noua variatie, s-a stabilit ca bilele care fac parte din prima grupa au fost reduse la 35, si ca in loc de 6 bile pentru a obtine combinatia castigatoare trebuie sa fie 7 bile plus powerball-ul grupei a doua, care ramane neschimbat.<\/p>\n<h2>Premiile PowerBall Australia<\/h2>\n<p>Diferitele categorii de <span style=\"color: #3366ff;\"><a style=\"color: #3366ff;\" href=\"https:\/\/lottohoy.com\/ro\/rezultate-la-loterie\/rezultate-powerball-au\/\">premii din PowerBall AU<\/a><\/span> sunt urm\u0103toarele:<\/p>\n<table class=\"t1\" style=\"width: 316px;\" cellspacing=\"0\" cellpadding=\"0\">\n<tbody>\n<tr>\n<td class=\"td1\" style=\"width: 145.203px;\" valign=\"top\">\n<p class=\"p1\">st category<\/p>\n<\/td>\n<td class=\"td1\" style=\"width: 164.797px;\" valign=\"top\">\n<p class=\"p1\">7 balls + powerball<\/p>\n<\/td>\n<\/tr>\n<tr>\n<td class=\"td1\" style=\"width: 145.203px;\" valign=\"top\">\n<p class=\"p1\">2nd category<\/p>\n<\/td>\n<td class=\"td1\" style=\"width: 164.797px;\" valign=\"top\">\n<p class=\"p1\">7 balls<\/p>\n<\/td>\n<\/tr>\n<tr>\n<td class=\"td1\" style=\"width: 145.203px;\" valign=\"top\">\n<p class=\"p1\">3rd category<\/p>\n<\/td>\n<td class=\"td1\" style=\"width: 164.797px;\" valign=\"top\">\n<p class=\"p1\">6 balls + powerball<\/p>\n<\/td>\n<\/tr>\n<tr>\n<td class=\"td1\" style=\"width: 145.203px;\" valign=\"top\">\n<p class=\"p1\">4th category<\/p>\n<\/td>\n<td class=\"td1\" style=\"width: 164.797px;\" valign=\"top\">\n<p class=\"p1\">6 balls<\/p>\n<\/td>\n<\/tr>\n<tr>\n<td class=\"td1\" style=\"width: 145.203px;\" valign=\"top\">\n<p class=\"p1\">5th category<\/p>\n<\/td>\n<td class=\"td1\" style=\"width: 164.797px;\" valign=\"top\">\n<p class=\"p1\">5 balls + powerball<\/p>\n<\/td>\n<\/tr>\n<tr>\n<td class=\"td1\" style=\"width: 145.203px;\" valign=\"top\">\n<p class=\"p1\">6th category<\/p>\n<\/td>\n<td class=\"td1\" style=\"width: 164.797px;\" valign=\"top\">\n<p class=\"p1\">4 balls + powerball<\/p>\n<\/td>\n<\/tr>\n<tr>\n<td class=\"td1\" style=\"width: 145.203px;\" valign=\"top\">\n<p class=\"p1\">7th category<\/p>\n<\/td>\n<td class=\"td1\" style=\"width: 164.797px;\" valign=\"top\">\n<p class=\"p1\">5 balls<\/p>\n<\/td>\n<\/tr>\n<tr>\n<td class=\"td1\" style=\"width: 145.203px;\" valign=\"top\">\n<p class=\"p1\">8th category<\/p>\n<\/td>\n<td class=\"td1\" style=\"width: 164.797px;\" valign=\"top\">\n<p class=\"p1\">3 balls + powerball<\/p>\n<\/td>\n<\/tr>\n<tr>\n<td class=\"td1\" style=\"width: 145.203px;\" valign=\"top\">\n<p class=\"p1\">9th category<\/p>\n<\/td>\n<td class=\"td1\" style=\"width: 164.797px;\" valign=\"top\">\n<p class=\"p1\">2 balls + powerball<\/p>\n<\/td>\n<\/tr>\n<\/tbody>\n<\/table>\n<h2>Avantajele jocului Australian PowerBall online<\/h2>\n<p>Joac\u0103 simplu, rapid \u0219i confortabil.<br \/>\nF\u0103r\u0103 a fi nevoie s\u0103 c\u0103l\u0103toreasc\u0103 \u00een Australia pentru a participa la jackpot-urile sale de milioane de dolari<br \/>\nJoac\u0103 de pe orice dispozitiv mobil, tablet\u0103 sau PC desktop, cu o simpl\u0103 conexiune la internet.<br \/>\nAve\u021bi informa\u021bii constante despre toate extragerile, jackpot-urile care sunt acumulate \u0219i premiile care sunt c\u00e2\u0219tigate.<br \/>\nEste o metod\u0103 sigur\u0103 \u0219i de \u00eencredere pentru toate tranzac\u021biile bancare.<br \/>\nAtunci c\u00e2nd unui utilizator \u00eenregistrat i se acord\u0103 un premiu, valoarea premiului respectiv este introdus\u0103 automat \u00een contul s\u0103u de utilizator.<\/p>\n<h2>Jackpot PowerBall AU<\/h2>\n<p>Jackpotul minim garantat pentru PowerBall AU este de 3 milioane USD \u0219i nu exist\u0103 nicio limit\u0103 de acumulare, ceea ce \u00eenseamn\u0103 c\u0103 jackpot-ul poate cre\u0219te la premii de mai multe milioane de dolari.<\/p>\n<p>Jackpot-ul record p\u00e2n\u0103 \u00een prezent este de 80 de milioane de dolari AUD c\u00e2\u0219tigat \u00een iulie 2009 \u0219i este \u00eemp\u0103r\u021bit de doi c\u00e2\u0219tig\u0103tori din New South Wales \u0219i Victoria<\/p>\n<p>De la ultima actualizare a regulilor din aprilie 2018, jackpot-ul acumulat a fost acordat doar de dou\u0103 ori:<\/p>\n<p>Pe 19 aprilie 2018, corespunz\u0103toare primei extrageri a noului standard, a fost acordat un premiu de top de 8 milioane USD.<br \/>\nUn jackpot nu a fost acordat din nou p\u00e2n\u0103 pe 7 iunie 2018, c\u00e2nd din nou un c\u00e2\u0219tig\u0103tor a c\u00e2\u0219tigat un premiu de top \u00een valoare de 50 de milioane de dolari AUD.<\/p>\n<h2>\u015eanse de a c\u00e2\u015ftiga un premiu la Australian Powerball<\/h2>\n<p>&nbsp;<\/p>\n","protected":false},"excerpt":{"rendered":"<p>PowerBall AU a ap\u0103rut pe pia\u021b\u0103 pe 23 martie 1996. Ini\u021bial, juc\u0103torul trebuia s\u0103 aleag\u0103 5 numere dintre cele 45 care compuneau prima parte a tablei \u0219i, de asemenea, s\u0103 aleag\u0103 1 num\u0103r suplimentar cunoscut sub numele de \u201epowerball\u201d din a doua grup\u0103. Regulile Powerball AU \u00cen martie 2013, regulamentul a fost modificat \u0219i s-a [&hellip;]<\/p>\n","protected":false},"author":2,"featured_media":0,"parent":14730,"menu_order":17,"comment_status":"closed","ping_status":"closed","template":"powerball-au-info.php","meta":{"_et_pb_use_builder":"","_et_pb_old_content":"","_et_gb_content_width":"","exclude_from_search":false,"footnotes":""},"class_list":["post-14906","page","type-page","status-publish","hentry"],"yoast_head":"<!-- This site is optimized with the Yoast SEO plugin v23.7 - https:\/\/yoast.com\/wordpress\/plugins\/seo\/ -->\n<title>Informa\u021bii Powerball AU - Lottohoy<\/title>\n<meta name=\"description\" content=\"A juca la loteria Powerball au nu a fost niciodat\u0103 at\u00e2t de u\u0219or, a\u0219a c\u0103 pute\u021bi afla totul despre reguli, jackpot-uri, premii \u0219i cele mai recente rezultate aici!\" \/>\n<meta name=\"robots\" content=\"index, follow, max-snippet:-1, max-image-preview:large, max-video-preview:-1\" \/>\n<link rel=\"canonical\" href=\"https:\/\/lottohoy.com\/ro\/totul-despre-loteria-online\/informatii-powerball-au\/\" \/>\n<meta property=\"og:locale\" content=\"ro_RO\" \/>\n<meta property=\"og:type\" content=\"article\" \/>\n<meta property=\"og:title\" content=\"Informa\u021bii Powerball AU - Lottohoy\" \/>\n<meta property=\"og:description\" content=\"A juca la loteria Powerball au nu a fost niciodat\u0103 at\u00e2t de u\u0219or, a\u0219a c\u0103 pute\u021bi afla totul despre reguli, jackpot-uri, premii \u0219i cele mai recente rezultate aici!\" \/>\n<meta property=\"og:url\" content=\"https:\/\/lottohoy.com\/ro\/totul-despre-loteria-online\/informatii-powerball-au\/\" \/>\n<meta property=\"og:site_name\" content=\"Lottohoy\" \/>\n<meta property=\"article:modified_time\" content=\"2025-03-18T12:08:34+00:00\" \/>\n<meta name=\"twitter:card\" content=\"summary_large_image\" \/>\n<meta name=\"twitter:label1\" content=\"Timp estimat pentru citire\" \/>\n\t<meta name=\"twitter:data1\" content=\"2 minute\" \/>\n<script type=\"application\/ld+json\" class=\"yoast-schema-graph\">{\"@context\":\"https:\/\/schema.org\",\"@graph\":[{\"@type\":\"WebPage\",\"@id\":\"https:\/\/lottohoy.com\/ro\/totul-despre-loteria-online\/informatii-powerball-au\/\",\"url\":\"https:\/\/lottohoy.com\/ro\/totul-despre-loteria-online\/informatii-powerball-au\/\",\"name\":\"Informa\u021bii Powerball AU - Lottohoy\",\"isPartOf\":{\"@id\":\"https:\/\/lottohoy.com\/ro\/#website\"},\"datePublished\":\"2018-08-21T09:29:37+00:00\",\"dateModified\":\"2025-03-18T12:08:34+00:00\",\"description\":\"A juca la loteria Powerball au nu a fost niciodat\u0103 at\u00e2t de u\u0219or, a\u0219a c\u0103 pute\u021bi afla totul despre reguli, jackpot-uri, premii \u0219i cele mai recente rezultate aici!\",\"breadcrumb\":{\"@id\":\"https:\/\/lottohoy.com\/ro\/totul-despre-loteria-online\/informatii-powerball-au\/#breadcrumb\"},\"inLanguage\":\"ro-RO\",\"potentialAction\":[{\"@type\":\"ReadAction\",\"target\":[\"https:\/\/lottohoy.com\/ro\/totul-despre-loteria-online\/informatii-powerball-au\/\"]}]},{\"@type\":\"BreadcrumbList\",\"@id\":\"https:\/\/lottohoy.com\/ro\/totul-despre-loteria-online\/informatii-powerball-au\/#breadcrumb\",\"itemListElement\":[{\"@type\":\"ListItem\",\"position\":1,\"name\":\"Home\",\"item\":\"https:\/\/lottohoy.com\/ro\/\"},{\"@type\":\"ListItem\",\"position\":2,\"name\":\"Totul despre loteria online\",\"item\":\"https:\/\/lottohoy.com\/ro\/totul-despre-loteria-online\/\"},{\"@type\":\"ListItem\",\"position\":3,\"name\":\"Informa\u021bii Powerball AU\"}]},{\"@type\":\"WebSite\",\"@id\":\"https:\/\/lottohoy.com\/ro\/#website\",\"url\":\"https:\/\/lottohoy.com\/ro\/\",\"name\":\"Lottohoy\",\"description\":\"\",\"potentialAction\":[{\"@type\":\"SearchAction\",\"target\":{\"@type\":\"EntryPoint\",\"urlTemplate\":\"https:\/\/lottohoy.com\/ro\/?s={search_term_string}\"},\"query-input\":{\"@type\":\"PropertyValueSpecification\",\"valueRequired\":true,\"valueName\":\"search_term_string\"}}],\"inLanguage\":\"ro-RO\"}]}<\/script>\n<!-- \/ Yoast SEO plugin. -->","yoast_head_json":{"title":"Informa\u021bii Powerball AU - Lottohoy","description":"A juca la loteria Powerball au nu a fost niciodat\u0103 at\u00e2t de u\u0219or, a\u0219a c\u0103 pute\u021bi afla totul despre reguli, jackpot-uri, premii \u0219i cele mai recente rezultate aici!","robots":{"index":"index","follow":"follow","max-snippet":"max-snippet:-1","max-image-preview":"max-image-preview:large","max-video-preview":"max-video-preview:-1"},"canonical":"https:\/\/lottohoy.com\/ro\/totul-despre-loteria-online\/informatii-powerball-au\/","og_locale":"ro_RO","og_type":"article","og_title":"Informa\u021bii Powerball AU - Lottohoy","og_description":"A juca la loteria Powerball au nu a fost niciodat\u0103 at\u00e2t de u\u0219or, a\u0219a c\u0103 pute\u021bi afla totul despre reguli, jackpot-uri, premii \u0219i cele mai recente rezultate aici!","og_url":"https:\/\/lottohoy.com\/ro\/totul-despre-loteria-online\/informatii-powerball-au\/","og_site_name":"Lottohoy","article_modified_time":"2025-03-18T12:08:34+00:00","twitter_card":"summary_large_image","twitter_misc":{"Timp estimat pentru citire":"2 minute"},"schema":{"@context":"https:\/\/schema.org","@graph":[{"@type":"WebPage","@id":"https:\/\/lottohoy.com\/ro\/totul-despre-loteria-online\/informatii-powerball-au\/","url":"https:\/\/lottohoy.com\/ro\/totul-despre-loteria-online\/informatii-powerball-au\/","name":"Informa\u021bii Powerball AU - Lottohoy","isPartOf":{"@id":"https:\/\/lottohoy.com\/ro\/#website"},"datePublished":"2018-08-21T09:29:37+00:00","dateModified":"2025-03-18T12:08:34+00:00","description":"A juca la loteria Powerball au nu a fost niciodat\u0103 at\u00e2t de u\u0219or, a\u0219a c\u0103 pute\u021bi afla totul despre reguli, jackpot-uri, premii \u0219i cele mai recente rezultate aici!","breadcrumb":{"@id":"https:\/\/lottohoy.com\/ro\/totul-despre-loteria-online\/informatii-powerball-au\/#breadcrumb"},"inLanguage":"ro-RO","potentialAction":[{"@type":"ReadAction","target":["https:\/\/lottohoy.com\/ro\/totul-despre-loteria-online\/informatii-powerball-au\/"]}]},{"@type":"BreadcrumbList","@id":"https:\/\/lottohoy.com\/ro\/totul-despre-loteria-online\/informatii-powerball-au\/#breadcrumb","itemListElement":[{"@type":"ListItem","position":1,"name":"Home","item":"https:\/\/lottohoy.com\/ro\/"},{"@type":"ListItem","position":2,"name":"Totul despre loteria online","item":"https:\/\/lottohoy.com\/ro\/totul-despre-loteria-online\/"},{"@type":"ListItem","position":3,"name":"Informa\u021bii Powerball AU"}]},{"@type":"WebSite","@id":"https:\/\/lottohoy.com\/ro\/#website","url":"https:\/\/lottohoy.com\/ro\/","name":"Lottohoy","description":"","potentialAction":[{"@type":"SearchAction","target":{"@type":"EntryPoint","urlTemplate":"https:\/\/lottohoy.com\/ro\/?s={search_term_string}"},"query-input":{"@type":"PropertyValueSpecification","valueRequired":true,"valueName":"search_term_string"}}],"inLanguage":"ro-RO"}]}},"_links":{"self":[{"href":"https:\/\/lottohoy.com\/ro\/wp-json\/wp\/v2\/pages\/14906","targetHints":{"allow":["GET"]}}],"collection":[{"href":"https:\/\/lottohoy.com\/ro\/wp-json\/wp\/v2\/pages"}],"about":[{"href":"https:\/\/lottohoy.com\/ro\/wp-json\/wp\/v2\/types\/page"}],"author":[{"embeddable":true,"href":"https:\/\/lottohoy.com\/ro\/wp-json\/wp\/v2\/users\/2"}],"replies":[{"embeddable":true,"href":"https:\/\/lottohoy.com\/ro\/wp-json\/wp\/v2\/comments?post=14906"}],"version-history":[{"count":2,"href":"https:\/\/lottohoy.com\/ro\/wp-json\/wp\/v2\/pages\/14906\/revisions"}],"predecessor-version":[{"id":15723,"href":"https:\/\/lottohoy.com\/ro\/wp-json\/wp\/v2\/pages\/14906\/revisions\/15723"}],"up":[{"embeddable":true,"href":"https:\/\/lottohoy.com\/ro\/wp-json\/wp\/v2\/pages\/14730"}],"wp:attachment":[{"href":"https:\/\/lottohoy.com\/ro\/wp-json\/wp\/v2\/media?parent=14906"}],"curies":[{"name":"wp","href":"https:\/\/api.w.org\/{rel}","templated":true}]}}