{"id":14887,"date":"2020-08-10T21:42:04","date_gmt":"2020-08-10T20:42:04","guid":{"rendered":"https:\/\/lottohoy.com\/?page_id=14887"},"modified":"2025-03-18T11:56:00","modified_gmt":"2025-03-18T11:56:00","slug":"informatii-lotto-america","status":"publish","type":"page","link":"https:\/\/lottohoy.com\/ro\/totul-despre-loteria-online\/informatii-lotto-america\/","title":{"rendered":"Informa\u021bii Lotto America"},"content":{"rendered":"<p>Lotto America este o loterie multi-statal\u0103 care s-a n\u0103scut \u00een 1988, operat\u0103 de Asocia\u021bia Multi-State Lottery cu participarea a 7 state ini\u021bial \u0219i s-a dezvoltat de ani de zile p\u00e2n\u0103 \u00een 1992 odat\u0103 cu apari\u021bia actualului Powerball. \u00cen noiembrie 2017 a fost relansat cu sistemul actual. oferind participan\u021bilor posibilitatea de a c\u00e2\u0219tiga premii \u00een nou\u0103 categorii diferite.<\/p>\n<h2>Reguli Lotto America<\/h2>\n<p>Lotto America este o loterie u\u0219or de \u00een\u021beles \u0219i de jucat. Pe biletul de pariu simplu, juc\u0103torul trebuie s\u0103 aleag\u0103 5 numere dintre cele 52 de numere posibile din primul cadran, \u0219i \u00eenc\u0103 1 num\u0103r pentru bila stea \u00eentre 1l 1 \u0219i 10, din c\u0103su\u021ba de jos a coloanei.<\/p>\n<p>\u00cen plus, cu acela\u0219i bilet pute\u021bi completa jocul principal cu All Star, care pentru costul suplimentar, ofer\u0103 juc\u0103torilor posibilitatea de a c\u00e2\u0219tiga premiul (cu excep\u021bia categoriei I) \u00eenmul\u021bit cu 2, 3 sau 4 ori. (Func\u021bia All Star, nu este disponibil\u0103 \u00een acest moment pe LottoHoy).<\/p>\n<p>Pentru a juca Lotto America trebuie s\u0103 fii major (\u00een statul Iowa, v\u00e2rsta legal\u0103 a majorit\u0103\u021bii este de 21 de ani)<\/p>\n<h2>Avantajele jocului Lotto America online<\/h2>\n<p>Nu este nevoie s\u0103 c\u0103l\u0103tori\u021bi \u00een niciunul dintre statele din SUA care fac parte din aceast\u0103 loterie (Delaware, Idaho, Iowa, Kansas, Maine, Minnesota, Montana, New Mexico, Dakota de Nord, Dakota de Sud, Oklahoma, Tennessee, Virginia de Vest, pentru a participa la jackpot-urile lor de milioane de dolari.<\/p>\n<p>Prin intermediul platformei noastre ave\u021bi acces la loterie din toat\u0103 lumea, a\u0219a cum este cazul Lotto America. De pe orice dispozitiv mobil, tablet\u0103 sau desktop.<\/p>\n<p>Sunt disponibile informa\u021bii constante despre toate extragerile, jackpot-urile care sunt acumulate, premiile care sunt c\u00e2\u0219tigate \u0219i multe altele.<\/p>\n<p>Jocul Lotto America printr-o platform\u0103 online precum LottoHoy.com este sigur \u0219i de \u00eencredere \u00een toate tranzac\u021biile pentru a face depuneri sau retrageri.<\/p>\n<p>Dac\u0103 c\u00e2\u0219tiga\u021bi un premiu, valoarea premiului respectiv, de p\u00e2n\u0103 la 2.500 EUR, este depus\u0103 automat \u00een contul dvs. de utilizator imediat<\/p>\n<h2>Sunt premiile Lotto America supuse taxelor?<\/h2>\n<p>Da, toate premiile de peste 600 USD au o re\u021binere a ratei federale echivalent\u0103 cu 28% (nereziden\u021bi sau juc\u0103tori din alte \u021b\u0103ri, 30%).<\/p>\n<h2>Care sunt \u0219ansele de a c\u00e2\u0219tiga jackpot-ul Lotto America?<\/h2>\n<p>\u015eansele de a c\u00e2\u015ftiga jackpotul Lotto America sunt 1 la 25.989.600. Ceea ce o face una dintre loteriile cu una dintre cele mai mari probabilit\u0103\u021bi de c\u00e2\u0219tig.<\/p>\n<h2>Care sunt \u0219ansele de a c\u00e2\u0219tiga vreun premiu Lotto America?<\/h2>\n<p>\u0218ansele de a c\u00e2\u0219tiga un premiu \u00een oricare dintre categoriile din jocul standard sunt 1 din 17.<\/p>\n","protected":false},"excerpt":{"rendered":"<p>Lotto America este o loterie multi-statal\u0103 care s-a n\u0103scut \u00een 1988, operat\u0103 de Asocia\u021bia Multi-State Lottery cu participarea a 7 state ini\u021bial \u0219i s-a dezvoltat de ani de zile p\u00e2n\u0103 \u00een 1992 odat\u0103 cu apari\u021bia actualului Powerball. \u00cen noiembrie 2017 a fost relansat cu sistemul actual. oferind participan\u021bilor posibilitatea de a c\u00e2\u0219tiga premii \u00een nou\u0103 [&hellip;]<\/p>\n","protected":false},"author":2,"featured_media":0,"parent":14730,"menu_order":15,"comment_status":"closed","ping_status":"closed","template":"lotto-america-info.php","meta":{"_et_pb_use_builder":"","_et_pb_old_content":"","_et_gb_content_width":"","exclude_from_search":false,"footnotes":""},"class_list":["post-14887","page","type-page","status-publish","hentry"],"yoast_head":"<!-- This site is optimized with the Yoast SEO plugin v23.7 - https:\/\/yoast.com\/wordpress\/plugins\/seo\/ -->\n<title>Informa\u021bii Lotto America - Lottohoy<\/title>\n<meta name=\"description\" content=\"Opt din cele nou\u0103 categorii cu premii fixe \u0219i o prim\u0103 categorie cu premiu special \u0219i jackpot progresiv, Lotto America Information\" \/>\n<meta name=\"robots\" content=\"index, follow, max-snippet:-1, max-image-preview:large, max-video-preview:-1\" \/>\n<link rel=\"canonical\" href=\"https:\/\/lottohoy.com\/ro\/totul-despre-loteria-online\/informatii-lotto-america\/\" \/>\n<meta property=\"og:locale\" content=\"ro_RO\" \/>\n<meta property=\"og:type\" content=\"article\" \/>\n<meta property=\"og:title\" content=\"Informa\u021bii Lotto America - Lottohoy\" \/>\n<meta property=\"og:description\" content=\"Opt din cele nou\u0103 categorii cu premii fixe \u0219i o prim\u0103 categorie cu premiu special \u0219i jackpot progresiv, Lotto America Information\" \/>\n<meta property=\"og:url\" content=\"https:\/\/lottohoy.com\/ro\/totul-despre-loteria-online\/informatii-lotto-america\/\" \/>\n<meta property=\"og:site_name\" content=\"Lottohoy\" \/>\n<meta property=\"article:modified_time\" content=\"2025-03-18T11:56:00+00:00\" \/>\n<meta name=\"twitter:card\" content=\"summary_large_image\" \/>\n<meta name=\"twitter:label1\" content=\"Timp estimat pentru citire\" \/>\n\t<meta name=\"twitter:data1\" content=\"2 minute\" \/>\n<script type=\"application\/ld+json\" class=\"yoast-schema-graph\">{\"@context\":\"https:\/\/schema.org\",\"@graph\":[{\"@type\":\"WebPage\",\"@id\":\"https:\/\/lottohoy.com\/ro\/totul-despre-loteria-online\/informatii-lotto-america\/\",\"url\":\"https:\/\/lottohoy.com\/ro\/totul-despre-loteria-online\/informatii-lotto-america\/\",\"name\":\"Informa\u021bii Lotto America - Lottohoy\",\"isPartOf\":{\"@id\":\"https:\/\/lottohoy.com\/ro\/#website\"},\"datePublished\":\"2020-08-10T20:42:04+00:00\",\"dateModified\":\"2025-03-18T11:56:00+00:00\",\"description\":\"Opt din cele nou\u0103 categorii cu premii fixe \u0219i o prim\u0103 categorie cu premiu special \u0219i jackpot progresiv, Lotto America Information\",\"breadcrumb\":{\"@id\":\"https:\/\/lottohoy.com\/ro\/totul-despre-loteria-online\/informatii-lotto-america\/#breadcrumb\"},\"inLanguage\":\"ro-RO\",\"potentialAction\":[{\"@type\":\"ReadAction\",\"target\":[\"https:\/\/lottohoy.com\/ro\/totul-despre-loteria-online\/informatii-lotto-america\/\"]}]},{\"@type\":\"BreadcrumbList\",\"@id\":\"https:\/\/lottohoy.com\/ro\/totul-despre-loteria-online\/informatii-lotto-america\/#breadcrumb\",\"itemListElement\":[{\"@type\":\"ListItem\",\"position\":1,\"name\":\"Home\",\"item\":\"https:\/\/lottohoy.com\/ro\/\"},{\"@type\":\"ListItem\",\"position\":2,\"name\":\"Totul despre loteria online\",\"item\":\"https:\/\/lottohoy.com\/ro\/totul-despre-loteria-online\/\"},{\"@type\":\"ListItem\",\"position\":3,\"name\":\"Informa\u021bii Lotto America\"}]},{\"@type\":\"WebSite\",\"@id\":\"https:\/\/lottohoy.com\/ro\/#website\",\"url\":\"https:\/\/lottohoy.com\/ro\/\",\"name\":\"Lottohoy\",\"description\":\"\",\"potentialAction\":[{\"@type\":\"SearchAction\",\"target\":{\"@type\":\"EntryPoint\",\"urlTemplate\":\"https:\/\/lottohoy.com\/ro\/?s={search_term_string}\"},\"query-input\":{\"@type\":\"PropertyValueSpecification\",\"valueRequired\":true,\"valueName\":\"search_term_string\"}}],\"inLanguage\":\"ro-RO\"}]}<\/script>\n<!-- \/ Yoast SEO plugin. -->","yoast_head_json":{"title":"Informa\u021bii Lotto America - Lottohoy","description":"Opt din cele nou\u0103 categorii cu premii fixe \u0219i o prim\u0103 categorie cu premiu special \u0219i jackpot progresiv, Lotto America Information","robots":{"index":"index","follow":"follow","max-snippet":"max-snippet:-1","max-image-preview":"max-image-preview:large","max-video-preview":"max-video-preview:-1"},"canonical":"https:\/\/lottohoy.com\/ro\/totul-despre-loteria-online\/informatii-lotto-america\/","og_locale":"ro_RO","og_type":"article","og_title":"Informa\u021bii Lotto America - Lottohoy","og_description":"Opt din cele nou\u0103 categorii cu premii fixe \u0219i o prim\u0103 categorie cu premiu special \u0219i jackpot progresiv, Lotto America Information","og_url":"https:\/\/lottohoy.com\/ro\/totul-despre-loteria-online\/informatii-lotto-america\/","og_site_name":"Lottohoy","article_modified_time":"2025-03-18T11:56:00+00:00","twitter_card":"summary_large_image","twitter_misc":{"Timp estimat pentru citire":"2 minute"},"schema":{"@context":"https:\/\/schema.org","@graph":[{"@type":"WebPage","@id":"https:\/\/lottohoy.com\/ro\/totul-despre-loteria-online\/informatii-lotto-america\/","url":"https:\/\/lottohoy.com\/ro\/totul-despre-loteria-online\/informatii-lotto-america\/","name":"Informa\u021bii Lotto America - Lottohoy","isPartOf":{"@id":"https:\/\/lottohoy.com\/ro\/#website"},"datePublished":"2020-08-10T20:42:04+00:00","dateModified":"2025-03-18T11:56:00+00:00","description":"Opt din cele nou\u0103 categorii cu premii fixe \u0219i o prim\u0103 categorie cu premiu special \u0219i jackpot progresiv, Lotto America Information","breadcrumb":{"@id":"https:\/\/lottohoy.com\/ro\/totul-despre-loteria-online\/informatii-lotto-america\/#breadcrumb"},"inLanguage":"ro-RO","potentialAction":[{"@type":"ReadAction","target":["https:\/\/lottohoy.com\/ro\/totul-despre-loteria-online\/informatii-lotto-america\/"]}]},{"@type":"BreadcrumbList","@id":"https:\/\/lottohoy.com\/ro\/totul-despre-loteria-online\/informatii-lotto-america\/#breadcrumb","itemListElement":[{"@type":"ListItem","position":1,"name":"Home","item":"https:\/\/lottohoy.com\/ro\/"},{"@type":"ListItem","position":2,"name":"Totul despre loteria online","item":"https:\/\/lottohoy.com\/ro\/totul-despre-loteria-online\/"},{"@type":"ListItem","position":3,"name":"Informa\u021bii Lotto America"}]},{"@type":"WebSite","@id":"https:\/\/lottohoy.com\/ro\/#website","url":"https:\/\/lottohoy.com\/ro\/","name":"Lottohoy","description":"","potentialAction":[{"@type":"SearchAction","target":{"@type":"EntryPoint","urlTemplate":"https:\/\/lottohoy.com\/ro\/?s={search_term_string}"},"query-input":{"@type":"PropertyValueSpecification","valueRequired":true,"valueName":"search_term_string"}}],"inLanguage":"ro-RO"}]}},"_links":{"self":[{"href":"https:\/\/lottohoy.com\/ro\/wp-json\/wp\/v2\/pages\/14887","targetHints":{"allow":["GET"]}}],"collection":[{"href":"https:\/\/lottohoy.com\/ro\/wp-json\/wp\/v2\/pages"}],"about":[{"href":"https:\/\/lottohoy.com\/ro\/wp-json\/wp\/v2\/types\/page"}],"author":[{"embeddable":true,"href":"https:\/\/lottohoy.com\/ro\/wp-json\/wp\/v2\/users\/2"}],"replies":[{"embeddable":true,"href":"https:\/\/lottohoy.com\/ro\/wp-json\/wp\/v2\/comments?post=14887"}],"version-history":[{"count":1,"href":"https:\/\/lottohoy.com\/ro\/wp-json\/wp\/v2\/pages\/14887\/revisions"}],"predecessor-version":[{"id":14888,"href":"https:\/\/lottohoy.com\/ro\/wp-json\/wp\/v2\/pages\/14887\/revisions\/14888"}],"up":[{"embeddable":true,"href":"https:\/\/lottohoy.com\/ro\/wp-json\/wp\/v2\/pages\/14730"}],"wp:attachment":[{"href":"https:\/\/lottohoy.com\/ro\/wp-json\/wp\/v2\/media?parent=14887"}],"curies":[{"name":"wp","href":"https:\/\/api.w.org\/{rel}","templated":true}]}}