{"id":14881,"date":"2020-08-10T22:53:11","date_gmt":"2020-08-10T21:53:11","guid":{"rendered":"https:\/\/lottohoy.com\/?page_id=14881"},"modified":"2025-03-18T11:51:53","modified_gmt":"2025-03-18T11:51:53","slug":"loto-6aus49-informatii","status":"publish","type":"page","link":"https:\/\/lottohoy.com\/ro\/totul-despre-loteria-online\/loto-6aus49-informatii\/","title":{"rendered":"Loto 6aus49 Informa\u021bii"},"content":{"rendered":"<h2>Loteria german\u0103, cunoscut\u0103 \u0219i sub numele de Lotto 6aus49,<\/h2>\n<p>Este una dintre cele mai vechi loterie europene, prima sa extragere dateaz\u0103 din 9 octombrie 1955. Aceast\u0103 loterie este operat\u0103 \u00een prezent de Deutscher Lotto- und Totoblock, un grup de 16 operatori de loterie din Germania.<\/p>\n<p>Fiecare dintre aceste loterie conduce grupul pe r\u00e2nd, iar la fiecare trei ani unul dintre ele este responsabil de conducerea grupului.<\/p>\n<p>Extragerile loteriei germane au avut loc ini\u021bial o dat\u0103 pe s\u0103pt\u0103m\u00e2n\u0103 \u00een fiecare s\u00e2mb\u0103t\u0103, dar \u00een 1982 a fost ad\u0103ugat\u0103 o nou\u0103 extragere s\u0103pt\u0103m\u00e2nal\u0103, toate miercurea.<\/p>\n<p>Ini\u021bial, matricea jocului era 7\/38, adic\u0103 select\u00e2nd 7 numere din 38 care compuneau tabla. \u00cen iunie 1986, acesta a trecut la 6\/40, care este cel actual, iar \u00een mai 2013 s-a ad\u0103ugat Superzahl-ul, care a \u00eembun\u0103t\u0103\u021bit semnificativ \u0219ansele de a c\u00e2\u0219tiga un premiu, trec\u00e2nd de la un total de 1 din 54 la 1 din 31.<\/p>\n<h2>Avantajele jocului Lotto 6aus49 online<\/h2>\n<p>Unul dintre marile avantaje ale jocului German 6aus49 este confortul de a putea face acest lucru la orice or\u0103 din zi sau din noapte, 24\/7, 365 de zile pe an. Pur \u0219i simplu av\u00e2nd un dispozitiv mobil, o tablet\u0103 sau un computer desktop \u0219i de oriunde \u00een lume.<br \/>\nNereziden\u021bii din Germania, prin intermediul platformelor online precum LottoHoy.com, au posibilitatea real\u0103 de a accesa aceast\u0103 suculent\u0103 loterie \u0219i jackpot-urile sale mari.<br \/>\nBiletul se achizi\u021bioneaz\u0103 direct de la unitatea autorizat\u0103 \u0219i \u00een acest fel participarea este real\u0103.<br \/>\nPremiile c\u00e2\u0219tigate, p\u00e2n\u0103 la 2.500 de euro, sunt introduse imediat dup\u0103 publicarea rezultatelor oficiale<br \/>\nExist\u0103 \u0219i o banc\u0103 de informa\u021bii a tuturor opera\u021biunilor efectuate, custodia biletelor achizi\u021bionate, evit\u00e2ndu-se astfel eventuale pierderi sau uitare.<br \/>\nInforma\u021bii oportune despre toate jackpot-urile pe m\u0103sur\u0103 ce se acumuleaz\u0103, astfel \u00eenc\u00e2t s\u0103 nu rata\u021bi ocazia de a participa la ele.<br \/>\nO mare varietate de metode de plat\u0103, depunere \u0219i retragere.<\/p>\n<h2>Probabilitatea de a c\u00e2\u0219tiga un premiu la Loto 6aus49<\/h2>\n<p>Consulta\u021bi urm\u0103torul tabel pentru suma medie de bani care poate fi c\u00e2\u0219tigat\u0103 \u00een fiecare dintre categorii, precum \u0219i probabilitatea statistic\u0103 de a c\u00e2\u0219tiga jackpot-ul sau unul dintre celelalte premii \u00een restul de 8 categorii.<\/p>\n","protected":false},"excerpt":{"rendered":"<p>Loteria german\u0103, cunoscut\u0103 \u0219i sub numele de Lotto 6aus49, Este una dintre cele mai vechi loterie europene, prima sa extragere dateaz\u0103 din 9 octombrie 1955. Aceast\u0103 loterie este operat\u0103 \u00een prezent de Deutscher Lotto- und Totoblock, un grup de 16 operatori de loterie din Germania. Fiecare dintre aceste loterie conduce grupul pe r\u00e2nd, iar la [&hellip;]<\/p>\n","protected":false},"author":2,"featured_media":0,"parent":14730,"menu_order":13,"comment_status":"closed","ping_status":"closed","template":"lotto-german-info.php","meta":{"_et_pb_use_builder":"","_et_pb_old_content":"","_et_gb_content_width":"","exclude_from_search":false,"footnotes":""},"class_list":["post-14881","page","type-page","status-publish","hentry"],"yoast_head":"<!-- This site is optimized with the Yoast SEO plugin v23.7 - https:\/\/yoast.com\/wordpress\/plugins\/seo\/ -->\n<title>Loto 6aus49 Informa\u021bii - Lottohoy<\/title>\n<meta name=\"description\" content=\"Ve\u021bi avea la \u00eendem\u00e2n\u0103 informa\u021bii despre loto 6aus49, astfel \u00eenc\u00e2t pariurile dvs. loto s\u0103 poat\u0103 fi studiate \u00een orice moment.\" \/>\n<meta name=\"robots\" content=\"index, follow, max-snippet:-1, max-image-preview:large, max-video-preview:-1\" \/>\n<link rel=\"canonical\" href=\"https:\/\/lottohoy.com\/ro\/totul-despre-loteria-online\/loto-6aus49-informatii\/\" \/>\n<meta property=\"og:locale\" content=\"ro_RO\" \/>\n<meta property=\"og:type\" content=\"article\" \/>\n<meta property=\"og:title\" content=\"Loto 6aus49 Informa\u021bii - Lottohoy\" \/>\n<meta property=\"og:description\" content=\"Ve\u021bi avea la \u00eendem\u00e2n\u0103 informa\u021bii despre loto 6aus49, astfel \u00eenc\u00e2t pariurile dvs. loto s\u0103 poat\u0103 fi studiate \u00een orice moment.\" \/>\n<meta property=\"og:url\" content=\"https:\/\/lottohoy.com\/ro\/totul-despre-loteria-online\/loto-6aus49-informatii\/\" \/>\n<meta property=\"og:site_name\" content=\"Lottohoy\" \/>\n<meta property=\"article:modified_time\" content=\"2025-03-18T11:51:53+00:00\" \/>\n<meta name=\"twitter:card\" content=\"summary_large_image\" \/>\n<meta name=\"twitter:label1\" content=\"Timp estimat pentru citire\" \/>\n\t<meta name=\"twitter:data1\" content=\"2 minute\" \/>\n<script type=\"application\/ld+json\" class=\"yoast-schema-graph\">{\"@context\":\"https:\/\/schema.org\",\"@graph\":[{\"@type\":\"WebPage\",\"@id\":\"https:\/\/lottohoy.com\/ro\/totul-despre-loteria-online\/loto-6aus49-informatii\/\",\"url\":\"https:\/\/lottohoy.com\/ro\/totul-despre-loteria-online\/loto-6aus49-informatii\/\",\"name\":\"Loto 6aus49 Informa\u021bii - Lottohoy\",\"isPartOf\":{\"@id\":\"https:\/\/lottohoy.com\/ro\/#website\"},\"datePublished\":\"2020-08-10T21:53:11+00:00\",\"dateModified\":\"2025-03-18T11:51:53+00:00\",\"description\":\"Ve\u021bi avea la \u00eendem\u00e2n\u0103 informa\u021bii despre loto 6aus49, astfel \u00eenc\u00e2t pariurile dvs. loto s\u0103 poat\u0103 fi studiate \u00een orice moment.\",\"breadcrumb\":{\"@id\":\"https:\/\/lottohoy.com\/ro\/totul-despre-loteria-online\/loto-6aus49-informatii\/#breadcrumb\"},\"inLanguage\":\"ro-RO\",\"potentialAction\":[{\"@type\":\"ReadAction\",\"target\":[\"https:\/\/lottohoy.com\/ro\/totul-despre-loteria-online\/loto-6aus49-informatii\/\"]}]},{\"@type\":\"BreadcrumbList\",\"@id\":\"https:\/\/lottohoy.com\/ro\/totul-despre-loteria-online\/loto-6aus49-informatii\/#breadcrumb\",\"itemListElement\":[{\"@type\":\"ListItem\",\"position\":1,\"name\":\"Home\",\"item\":\"https:\/\/lottohoy.com\/ro\/\"},{\"@type\":\"ListItem\",\"position\":2,\"name\":\"Totul despre loteria online\",\"item\":\"https:\/\/lottohoy.com\/ro\/totul-despre-loteria-online\/\"},{\"@type\":\"ListItem\",\"position\":3,\"name\":\"Loto 6aus49 Informa\u021bii\"}]},{\"@type\":\"WebSite\",\"@id\":\"https:\/\/lottohoy.com\/ro\/#website\",\"url\":\"https:\/\/lottohoy.com\/ro\/\",\"name\":\"Lottohoy\",\"description\":\"\",\"potentialAction\":[{\"@type\":\"SearchAction\",\"target\":{\"@type\":\"EntryPoint\",\"urlTemplate\":\"https:\/\/lottohoy.com\/ro\/?s={search_term_string}\"},\"query-input\":{\"@type\":\"PropertyValueSpecification\",\"valueRequired\":true,\"valueName\":\"search_term_string\"}}],\"inLanguage\":\"ro-RO\"}]}<\/script>\n<!-- \/ Yoast SEO plugin. -->","yoast_head_json":{"title":"Loto 6aus49 Informa\u021bii - Lottohoy","description":"Ve\u021bi avea la \u00eendem\u00e2n\u0103 informa\u021bii despre loto 6aus49, astfel \u00eenc\u00e2t pariurile dvs. loto s\u0103 poat\u0103 fi studiate \u00een orice moment.","robots":{"index":"index","follow":"follow","max-snippet":"max-snippet:-1","max-image-preview":"max-image-preview:large","max-video-preview":"max-video-preview:-1"},"canonical":"https:\/\/lottohoy.com\/ro\/totul-despre-loteria-online\/loto-6aus49-informatii\/","og_locale":"ro_RO","og_type":"article","og_title":"Loto 6aus49 Informa\u021bii - Lottohoy","og_description":"Ve\u021bi avea la \u00eendem\u00e2n\u0103 informa\u021bii despre loto 6aus49, astfel \u00eenc\u00e2t pariurile dvs. loto s\u0103 poat\u0103 fi studiate \u00een orice moment.","og_url":"https:\/\/lottohoy.com\/ro\/totul-despre-loteria-online\/loto-6aus49-informatii\/","og_site_name":"Lottohoy","article_modified_time":"2025-03-18T11:51:53+00:00","twitter_card":"summary_large_image","twitter_misc":{"Timp estimat pentru citire":"2 minute"},"schema":{"@context":"https:\/\/schema.org","@graph":[{"@type":"WebPage","@id":"https:\/\/lottohoy.com\/ro\/totul-despre-loteria-online\/loto-6aus49-informatii\/","url":"https:\/\/lottohoy.com\/ro\/totul-despre-loteria-online\/loto-6aus49-informatii\/","name":"Loto 6aus49 Informa\u021bii - Lottohoy","isPartOf":{"@id":"https:\/\/lottohoy.com\/ro\/#website"},"datePublished":"2020-08-10T21:53:11+00:00","dateModified":"2025-03-18T11:51:53+00:00","description":"Ve\u021bi avea la \u00eendem\u00e2n\u0103 informa\u021bii despre loto 6aus49, astfel \u00eenc\u00e2t pariurile dvs. loto s\u0103 poat\u0103 fi studiate \u00een orice moment.","breadcrumb":{"@id":"https:\/\/lottohoy.com\/ro\/totul-despre-loteria-online\/loto-6aus49-informatii\/#breadcrumb"},"inLanguage":"ro-RO","potentialAction":[{"@type":"ReadAction","target":["https:\/\/lottohoy.com\/ro\/totul-despre-loteria-online\/loto-6aus49-informatii\/"]}]},{"@type":"BreadcrumbList","@id":"https:\/\/lottohoy.com\/ro\/totul-despre-loteria-online\/loto-6aus49-informatii\/#breadcrumb","itemListElement":[{"@type":"ListItem","position":1,"name":"Home","item":"https:\/\/lottohoy.com\/ro\/"},{"@type":"ListItem","position":2,"name":"Totul despre loteria online","item":"https:\/\/lottohoy.com\/ro\/totul-despre-loteria-online\/"},{"@type":"ListItem","position":3,"name":"Loto 6aus49 Informa\u021bii"}]},{"@type":"WebSite","@id":"https:\/\/lottohoy.com\/ro\/#website","url":"https:\/\/lottohoy.com\/ro\/","name":"Lottohoy","description":"","potentialAction":[{"@type":"SearchAction","target":{"@type":"EntryPoint","urlTemplate":"https:\/\/lottohoy.com\/ro\/?s={search_term_string}"},"query-input":{"@type":"PropertyValueSpecification","valueRequired":true,"valueName":"search_term_string"}}],"inLanguage":"ro-RO"}]}},"_links":{"self":[{"href":"https:\/\/lottohoy.com\/ro\/wp-json\/wp\/v2\/pages\/14881","targetHints":{"allow":["GET"]}}],"collection":[{"href":"https:\/\/lottohoy.com\/ro\/wp-json\/wp\/v2\/pages"}],"about":[{"href":"https:\/\/lottohoy.com\/ro\/wp-json\/wp\/v2\/types\/page"}],"author":[{"embeddable":true,"href":"https:\/\/lottohoy.com\/ro\/wp-json\/wp\/v2\/users\/2"}],"replies":[{"embeddable":true,"href":"https:\/\/lottohoy.com\/ro\/wp-json\/wp\/v2\/comments?post=14881"}],"version-history":[{"count":1,"href":"https:\/\/lottohoy.com\/ro\/wp-json\/wp\/v2\/pages\/14881\/revisions"}],"predecessor-version":[{"id":14882,"href":"https:\/\/lottohoy.com\/ro\/wp-json\/wp\/v2\/pages\/14881\/revisions\/14882"}],"up":[{"embeddable":true,"href":"https:\/\/lottohoy.com\/ro\/wp-json\/wp\/v2\/pages\/14730"}],"wp:attachment":[{"href":"https:\/\/lottohoy.com\/ro\/wp-json\/wp\/v2\/media?parent=14881"}],"curies":[{"name":"wp","href":"https:\/\/api.w.org\/{rel}","templated":true}]}}