{"id":14875,"date":"2019-03-22T16:10:01","date_gmt":"2019-03-22T16:10:01","guid":{"rendered":"https:\/\/lottohoy.com\/?page_id=14875"},"modified":"2025-03-17T17:42:57","modified_gmt":"2025-03-17T17:42:57","slug":"informatii-despre-loto-francez","status":"publish","type":"page","link":"https:\/\/lottohoy.com\/ro\/totul-despre-loteria-online\/informatii-despre-loto-francez\/","title":{"rendered":"Informa\u021bii despre loto francez"},"content":{"rendered":"<h2>Ce este loto francez?<\/h2>\n<p>Aceast\u0103 loterie a fost creat\u0103 \u00een 1976, fiind operat\u0103 de guvernul francez, de\u0219i din 2018, a fost f\u0103cut\u0103 public\u0103 \u00een propor\u021bie de 50% cu ideea de a o face mai competitiv\u0103.<\/p>\n<p>Jackpotul minim garantat pentru c\u00e2\u0219tig\u0103torii de prim\u0103 clas\u0103 (5+1) este de 2.000.000 EUR. Aceast\u0103 sum\u0103 cre\u0219te cu 1.000.000 de euro dac\u0103 nu exist\u0103 c\u00e2\u0219tig\u0103tori, configur\u00e2nd un jackpot care poate fi acumulat pentru maximum 34 de extrageri.<\/p>\n<p>Dac\u0103 nu exist\u0103 niciun c\u00e2\u0219tig\u0103tor dup\u0103 aceste 34 de ocazii, suma acumulat\u0103 va fi repartizat\u0103 \u00eentre urm\u0103toarele categorii la urm\u0103toarea extragere.<\/p>\n<h2>Cum s\u0103 joci loto francez?<\/h2>\n<p>Pentru a juca extragerile <span style=\"color: #3366ff;\"><a style=\"color: #3366ff;\" href=\"https:\/\/lottohoy.com\/es\/jugar\/lotto-fr\/\">Loteriei Franceze,<\/a><\/span> juc\u0103torul trebuie s\u0103-\u0219i configureze pronosticul select\u00e2nd 5 numere \u00eentre 1 \u0219i 49 \u0219i o minge suplimentar\u0103 numerotat\u0103 de la 1 la 10 inclusiv.<\/p>\n<h2>Categorii de premii<\/h2>\n<p>Exist\u0103 9 categorii de premii \u00een total. Cu excep\u021bia primei categorii care opteaz\u0103 pentru jackpot, restul categoriilor de premii au o sum\u0103 fix\u0103 \u200b\u200bstabilit\u0103 pentru fiecare categorie, a\u0219a cum vedem \u00een caseta urm\u0103toare:<\/p>\n<table class=\"t1\" style=\"width: 390px;\" cellspacing=\"0\" cellpadding=\"0\">\n<tbody>\n<tr>\n<td class=\"td1\" style=\"width: 133.766px;\" valign=\"top\">\n<p class=\"p1\"><b>Categories<\/b><\/p>\n<\/td>\n<td class=\"td1\" style=\"width: 124.172px;\" valign=\"top\">\n<p class=\"p1\"><b>Matches<\/b><\/p>\n<\/td>\n<td class=\"td1\" style=\"width: 124.062px;\" valign=\"top\">\n<p class=\"p1\"><b>Prize Amount<\/b><\/p>\n<\/td>\n<\/tr>\n<tr>\n<td class=\"td1\" style=\"width: 133.766px;\" valign=\"top\">\n<p class=\"p1\">1st. Category<\/p>\n<\/td>\n<td class=\"td1\" style=\"width: 124.172px;\" valign=\"top\">\n<p class=\"p1\">5 + ball chance<\/p>\n<\/td>\n<td class=\"td1\" style=\"width: 124.062px;\" valign=\"top\">\n<p class=\"p1\">Jackpot<\/p>\n<\/td>\n<\/tr>\n<tr>\n<td class=\"td1\" style=\"width: 133.766px;\" valign=\"top\">\n<p class=\"p1\">2nd. Category<\/p>\n<\/td>\n<td class=\"td1\" style=\"width: 124.172px;\" valign=\"top\">\n<p class=\"p1\">5<\/p>\n<\/td>\n<td class=\"td1\" style=\"width: 124.062px;\" valign=\"top\">\n<p class=\"p1\">\u20ac 100,000<\/p>\n<\/td>\n<\/tr>\n<tr>\n<td class=\"td1\" style=\"width: 133.766px;\" valign=\"top\">\n<p class=\"p1\">3rd. Category<\/p>\n<\/td>\n<td class=\"td1\" style=\"width: 124.172px;\" valign=\"top\">\n<p class=\"p1\">4 + chance ball<\/p>\n<\/td>\n<td class=\"td1\" style=\"width: 124.062px;\" valign=\"top\">\n<p class=\"p1\">1000 \u20ac<\/p>\n<\/td>\n<\/tr>\n<tr>\n<td class=\"td1\" style=\"width: 133.766px;\" valign=\"top\">\n<p class=\"p1\">4th. Category<\/p>\n<\/td>\n<td class=\"td1\" style=\"width: 124.172px;\" valign=\"top\">\n<p class=\"p1\">4<\/p>\n<\/td>\n<td class=\"td1\" style=\"width: 124.062px;\" valign=\"top\">\n<p class=\"p1\">500 \u20ac<\/p>\n<\/td>\n<\/tr>\n<tr>\n<td class=\"td1\" style=\"width: 133.766px;\" valign=\"top\">\n<p class=\"p1\">5th. Category<\/p>\n<\/td>\n<td class=\"td1\" style=\"width: 124.172px;\" valign=\"top\">\n<p class=\"p1\">3 + chance ball<\/p>\n<\/td>\n<td class=\"td1\" style=\"width: 124.062px;\" valign=\"top\">\n<p class=\"p1\">50 \u20ac<\/p>\n<\/td>\n<\/tr>\n<tr>\n<td class=\"td1\" style=\"width: 133.766px;\" valign=\"top\">\n<p class=\"p1\">6th. Category<\/p>\n<\/td>\n<td class=\"td1\" style=\"width: 124.172px;\" valign=\"top\">\n<p class=\"p1\">3<\/p>\n<\/td>\n<td class=\"td1\" style=\"width: 124.062px;\" valign=\"top\">\n<p class=\"p1\">20 \u20ac<\/p>\n<\/td>\n<\/tr>\n<tr>\n<td class=\"td1\" style=\"width: 133.766px;\" valign=\"top\">\n<p class=\"p1\">7th. Category<\/p>\n<\/td>\n<td class=\"td1\" style=\"width: 124.172px;\" valign=\"top\">\n<p class=\"p1\">2 + chance ball<\/p>\n<\/td>\n<td class=\"td1\" style=\"width: 124.062px;\" valign=\"top\">\n<p class=\"p1\">10 \u20ac<\/p>\n<\/td>\n<\/tr>\n<tr>\n<td class=\"td1\" style=\"width: 133.766px;\" valign=\"top\">\n<p class=\"p1\">8th.Category<\/p>\n<\/td>\n<td class=\"td1\" style=\"width: 124.172px;\" valign=\"top\">\n<p class=\"p1\">2<\/p>\n<\/td>\n<td class=\"td1\" style=\"width: 124.062px;\" valign=\"top\">\n<p class=\"p1\">5 \u20ac<\/p>\n<\/td>\n<\/tr>\n<tr>\n<td class=\"td1\" style=\"width: 133.766px;\" valign=\"top\">\n<p class=\"p1\">9th.Category<\/p>\n<\/td>\n<td class=\"td1\" style=\"width: 124.172px;\" valign=\"top\">\n<p class=\"p1\">Ball chance<\/p>\n<\/td>\n<td class=\"td1\" style=\"width: 124.062px;\" valign=\"top\">\n<p class=\"p1\">2,20 \u20ac<\/p>\n<\/td>\n<\/tr>\n<\/tbody>\n<\/table>\n<p>\u00cen plus, la fiecare extragere \u00een format tombol\u0103 intr\u0103 \u00een joc 10 premii de 20.000 EUR, astfel \u00eenc\u00e2t toate biletele fizice intr\u0103 \u00een joc, iar \u0219ansele de c\u00e2\u0219tig depind de num\u0103rul de participan\u021bi care particip\u0103 la extragere.<\/p>\n<h2>Pre\u021bul pariurilor la loto francez<\/h2>\n<p>Pre\u021bul fiec\u0103rui pariu la loto francez pe LottoHoy este de 3,50 EUR.<\/p>\n<h2>Sorteos especiales de French Lotto<\/h2>\n<p>B\u00e1sicamente hay dos sorteos especiales: El sorteo del Viernes 13, y Grand Loto de No\u00ebl:<\/p>\n<p>El sorteo de los Viernes 13.- En cada ocasi\u00f3n en que coincide el d\u00eda 13 en viernes, se celebra un sorteo extraordinario con un premio especial de 13.000.000 \u20ac m\u00e1s 50 premios fijos de en sistema de rifa de 20.000 \u20ac.<\/p>\n<p>Para muchos, la fecha de viernes 13, es una fecha de superstici\u00f3n, pero en el caso de French Lotto, es algo especial porque el primer sorteo de la Loter\u00eda Nacional francesa, se celebr\u00f3 el viernes 13 de 1930.<\/p>\n<p>Grand Loto de No\u00ebl.- El Grand Loto de No\u00ebl, es otro sorteo especial que se celebra en Francia todos los 22 de diciembre, al igual que el Gordo de Navidad en Espa\u00f1a.<\/p>\n<p>El premio de primera categor\u00eda est\u00e1 valorado en valorado en 20.000.000 \u20ac y adem\u00e1s de los premios en las otras 8 categor\u00edas, hay una rifa especial para 100 c\u00f3digos de rifa, con un premio garantizado de 20.000 \u20ac cada uno.<\/p>\n<h2>\u015eanse de a c\u00e2\u015ftiga la loto francez<\/h2>\n<p>\u015eansele de a c\u00e2\u015ftiga premiul de prima categorie sunt 1 la 19.068.840, potrivindu-se cele 5 numere principale plus mingea \u015fans\u0103.<\/p>\n<p>\u00cen timp ce pentru a ob\u021bine oricare dintre premiile oferite, \u0219ansele sunt 1 la 5,99<\/p>\n<p>Putem vedea toate probabilit\u0103\u021bile matematice \u00een caseta urm\u0103toare:<\/p>\n<p>&nbsp;<\/p>\n","protected":false},"excerpt":{"rendered":"<p>Ce este loto francez? Aceast\u0103 loterie a fost creat\u0103 \u00een 1976, fiind operat\u0103 de guvernul francez, de\u0219i din 2018, a fost f\u0103cut\u0103 public\u0103 \u00een propor\u021bie de 50% cu ideea de a o face mai competitiv\u0103. Jackpotul minim garantat pentru c\u00e2\u0219tig\u0103torii de prim\u0103 clas\u0103 (5+1) este de 2.000.000 EUR. Aceast\u0103 sum\u0103 cre\u0219te cu 1.000.000 de euro [&hellip;]<\/p>\n","protected":false},"author":2,"featured_media":0,"parent":14730,"menu_order":12,"comment_status":"closed","ping_status":"closed","template":"lotto-fr-info.php","meta":{"_et_pb_use_builder":"","_et_pb_old_content":"","_et_gb_content_width":"","exclude_from_search":false,"footnotes":""},"class_list":["post-14875","page","type-page","status-publish","hentry"],"yoast_head":"<!-- This site is optimized with the Yoast SEO plugin v23.7 - https:\/\/yoast.com\/wordpress\/plugins\/seo\/ -->\n<title>Informa\u021bii despre loto francez - Lottohoy<\/title>\n<meta name=\"description\" content=\"Loteria francez\u0103 este una dintre cele mai vechi \u0219i mai populare loterii. G\u0103si\u021bi toate informa\u021biile despre premii, cote \u0219i reguli de c\u00e2\u0219tig.\" \/>\n<meta name=\"robots\" content=\"index, follow, max-snippet:-1, max-image-preview:large, max-video-preview:-1\" \/>\n<link rel=\"canonical\" href=\"https:\/\/lottohoy.com\/ro\/totul-despre-loteria-online\/informatii-despre-loto-francez\/\" \/>\n<meta property=\"og:locale\" content=\"ro_RO\" \/>\n<meta property=\"og:type\" content=\"article\" \/>\n<meta property=\"og:title\" content=\"Informa\u021bii despre loto francez - Lottohoy\" \/>\n<meta property=\"og:description\" content=\"Loteria francez\u0103 este una dintre cele mai vechi \u0219i mai populare loterii. G\u0103si\u021bi toate informa\u021biile despre premii, cote \u0219i reguli de c\u00e2\u0219tig.\" \/>\n<meta property=\"og:url\" content=\"https:\/\/lottohoy.com\/ro\/totul-despre-loteria-online\/informatii-despre-loto-francez\/\" \/>\n<meta property=\"og:site_name\" content=\"Lottohoy\" \/>\n<meta property=\"article:modified_time\" content=\"2025-03-17T17:42:57+00:00\" \/>\n<meta name=\"twitter:card\" content=\"summary_large_image\" \/>\n<meta name=\"twitter:label1\" content=\"Timp estimat pentru citire\" \/>\n\t<meta name=\"twitter:data1\" content=\"3 minute\" \/>\n<script type=\"application\/ld+json\" class=\"yoast-schema-graph\">{\"@context\":\"https:\/\/schema.org\",\"@graph\":[{\"@type\":\"WebPage\",\"@id\":\"https:\/\/lottohoy.com\/ro\/totul-despre-loteria-online\/informatii-despre-loto-francez\/\",\"url\":\"https:\/\/lottohoy.com\/ro\/totul-despre-loteria-online\/informatii-despre-loto-francez\/\",\"name\":\"Informa\u021bii despre loto francez - Lottohoy\",\"isPartOf\":{\"@id\":\"https:\/\/lottohoy.com\/ro\/#website\"},\"datePublished\":\"2019-03-22T16:10:01+00:00\",\"dateModified\":\"2025-03-17T17:42:57+00:00\",\"description\":\"Loteria francez\u0103 este una dintre cele mai vechi \u0219i mai populare loterii. G\u0103si\u021bi toate informa\u021biile despre premii, cote \u0219i reguli de c\u00e2\u0219tig.\",\"breadcrumb\":{\"@id\":\"https:\/\/lottohoy.com\/ro\/totul-despre-loteria-online\/informatii-despre-loto-francez\/#breadcrumb\"},\"inLanguage\":\"ro-RO\",\"potentialAction\":[{\"@type\":\"ReadAction\",\"target\":[\"https:\/\/lottohoy.com\/ro\/totul-despre-loteria-online\/informatii-despre-loto-francez\/\"]}]},{\"@type\":\"BreadcrumbList\",\"@id\":\"https:\/\/lottohoy.com\/ro\/totul-despre-loteria-online\/informatii-despre-loto-francez\/#breadcrumb\",\"itemListElement\":[{\"@type\":\"ListItem\",\"position\":1,\"name\":\"Home\",\"item\":\"https:\/\/lottohoy.com\/ro\/\"},{\"@type\":\"ListItem\",\"position\":2,\"name\":\"Totul despre loteria online\",\"item\":\"https:\/\/lottohoy.com\/ro\/totul-despre-loteria-online\/\"},{\"@type\":\"ListItem\",\"position\":3,\"name\":\"Informa\u021bii despre loto francez\"}]},{\"@type\":\"WebSite\",\"@id\":\"https:\/\/lottohoy.com\/ro\/#website\",\"url\":\"https:\/\/lottohoy.com\/ro\/\",\"name\":\"Lottohoy\",\"description\":\"\",\"potentialAction\":[{\"@type\":\"SearchAction\",\"target\":{\"@type\":\"EntryPoint\",\"urlTemplate\":\"https:\/\/lottohoy.com\/ro\/?s={search_term_string}\"},\"query-input\":{\"@type\":\"PropertyValueSpecification\",\"valueRequired\":true,\"valueName\":\"search_term_string\"}}],\"inLanguage\":\"ro-RO\"}]}<\/script>\n<!-- \/ Yoast SEO plugin. -->","yoast_head_json":{"title":"Informa\u021bii despre loto francez - Lottohoy","description":"Loteria francez\u0103 este una dintre cele mai vechi \u0219i mai populare loterii. G\u0103si\u021bi toate informa\u021biile despre premii, cote \u0219i reguli de c\u00e2\u0219tig.","robots":{"index":"index","follow":"follow","max-snippet":"max-snippet:-1","max-image-preview":"max-image-preview:large","max-video-preview":"max-video-preview:-1"},"canonical":"https:\/\/lottohoy.com\/ro\/totul-despre-loteria-online\/informatii-despre-loto-francez\/","og_locale":"ro_RO","og_type":"article","og_title":"Informa\u021bii despre loto francez - Lottohoy","og_description":"Loteria francez\u0103 este una dintre cele mai vechi \u0219i mai populare loterii. G\u0103si\u021bi toate informa\u021biile despre premii, cote \u0219i reguli de c\u00e2\u0219tig.","og_url":"https:\/\/lottohoy.com\/ro\/totul-despre-loteria-online\/informatii-despre-loto-francez\/","og_site_name":"Lottohoy","article_modified_time":"2025-03-17T17:42:57+00:00","twitter_card":"summary_large_image","twitter_misc":{"Timp estimat pentru citire":"3 minute"},"schema":{"@context":"https:\/\/schema.org","@graph":[{"@type":"WebPage","@id":"https:\/\/lottohoy.com\/ro\/totul-despre-loteria-online\/informatii-despre-loto-francez\/","url":"https:\/\/lottohoy.com\/ro\/totul-despre-loteria-online\/informatii-despre-loto-francez\/","name":"Informa\u021bii despre loto francez - Lottohoy","isPartOf":{"@id":"https:\/\/lottohoy.com\/ro\/#website"},"datePublished":"2019-03-22T16:10:01+00:00","dateModified":"2025-03-17T17:42:57+00:00","description":"Loteria francez\u0103 este una dintre cele mai vechi \u0219i mai populare loterii. G\u0103si\u021bi toate informa\u021biile despre premii, cote \u0219i reguli de c\u00e2\u0219tig.","breadcrumb":{"@id":"https:\/\/lottohoy.com\/ro\/totul-despre-loteria-online\/informatii-despre-loto-francez\/#breadcrumb"},"inLanguage":"ro-RO","potentialAction":[{"@type":"ReadAction","target":["https:\/\/lottohoy.com\/ro\/totul-despre-loteria-online\/informatii-despre-loto-francez\/"]}]},{"@type":"BreadcrumbList","@id":"https:\/\/lottohoy.com\/ro\/totul-despre-loteria-online\/informatii-despre-loto-francez\/#breadcrumb","itemListElement":[{"@type":"ListItem","position":1,"name":"Home","item":"https:\/\/lottohoy.com\/ro\/"},{"@type":"ListItem","position":2,"name":"Totul despre loteria online","item":"https:\/\/lottohoy.com\/ro\/totul-despre-loteria-online\/"},{"@type":"ListItem","position":3,"name":"Informa\u021bii despre loto francez"}]},{"@type":"WebSite","@id":"https:\/\/lottohoy.com\/ro\/#website","url":"https:\/\/lottohoy.com\/ro\/","name":"Lottohoy","description":"","potentialAction":[{"@type":"SearchAction","target":{"@type":"EntryPoint","urlTemplate":"https:\/\/lottohoy.com\/ro\/?s={search_term_string}"},"query-input":{"@type":"PropertyValueSpecification","valueRequired":true,"valueName":"search_term_string"}}],"inLanguage":"ro-RO"}]}},"_links":{"self":[{"href":"https:\/\/lottohoy.com\/ro\/wp-json\/wp\/v2\/pages\/14875","targetHints":{"allow":["GET"]}}],"collection":[{"href":"https:\/\/lottohoy.com\/ro\/wp-json\/wp\/v2\/pages"}],"about":[{"href":"https:\/\/lottohoy.com\/ro\/wp-json\/wp\/v2\/types\/page"}],"author":[{"embeddable":true,"href":"https:\/\/lottohoy.com\/ro\/wp-json\/wp\/v2\/users\/2"}],"replies":[{"embeddable":true,"href":"https:\/\/lottohoy.com\/ro\/wp-json\/wp\/v2\/comments?post=14875"}],"version-history":[{"count":2,"href":"https:\/\/lottohoy.com\/ro\/wp-json\/wp\/v2\/pages\/14875\/revisions"}],"predecessor-version":[{"id":15722,"href":"https:\/\/lottohoy.com\/ro\/wp-json\/wp\/v2\/pages\/14875\/revisions\/15722"}],"up":[{"embeddable":true,"href":"https:\/\/lottohoy.com\/ro\/wp-json\/wp\/v2\/pages\/14730"}],"wp:attachment":[{"href":"https:\/\/lottohoy.com\/ro\/wp-json\/wp\/v2\/media?parent=14875"}],"curies":[{"name":"wp","href":"https:\/\/api.w.org\/{rel}","templated":true}]}}