{"id":14862,"date":"2020-08-10T17:08:14","date_gmt":"2020-08-10T16:08:14","guid":{"rendered":"https:\/\/lottohoy.com\/?page_id=14862"},"modified":"2025-03-17T17:35:51","modified_gmt":"2025-03-17T17:35:51","slug":"informatii-set-for-life-uk","status":"publish","type":"page","link":"https:\/\/lottohoy.com\/ro\/totul-despre-loteria-online\/informatii-set-for-life-uk\/","title":{"rendered":"Informa\u021bii Set for Life (UK."},"content":{"rendered":"<h2>Loteria Na\u021bional\u0103 a Set for Life (Marea Britanie).<\/h2>\n<p>C\u0103ut\u00e2nd o modalitate diferit\u0103 de a recompensa juc\u0103torii de la Loteria Na\u021bional\u0103 din Marea Britanie, a fost creat jocul Set for Life, numit \u0219i \u201eanuities\u201d, care a stabilit ca principal\u0103 atrac\u021bie pl\u0103\u021bile pentru prima \u0219i a doua categorie de premii, astfel \u00eenc\u00e2t c\u00e2\u0219tig\u0103torii s\u0103 primeasc\u0103 \u00een fiecare lun\u0103 o plat\u0103 de o sum\u0103 considerabil\u0103.<\/p>\n<p>Pentru prima categorie, a fost stabilit\u0103 o plat\u0103 de 10.000 de lire sterline pe lun\u0103 timp de 30 de ani pentru fiecare dintre cei 4 c\u00e2\u0219tig\u0103tori posibili, iar dac\u0103 ar exista mai mul\u021bi c\u00e2\u0219tig\u0103tori \u00een prima categorie, premiul maxim planificat de 80.000 de lire sterline pe lun\u0103 ar fi distribuit propor\u021bional \u00eentre c\u00e2\u0219tig\u0103torii acelei prime categorii.<\/p>\n<p>\u00cen cazul celei de-a doua categorii, premiul a constat \u00eentr-o plat\u0103 de 10.000 de lire sterline pe lun\u0103 pentru o anuitate \u00eentreag\u0103. \u00cen acest sens, exist\u0103 o limitare maxim\u0103 de p\u00e2n\u0103 la 2.000.000 de lire sterline pentru a fi distribuite \u00een cazul \u00een care exist\u0103 mai mult de 4 c\u00e2\u0219tig\u0103tori \u00een acea categorie.<\/p>\n<p>De asemenea, pute\u021bi solicita o plat\u0103 unic\u0103. Reziden\u021bii din afara Regatului Unit pot accesa premiul doar printr-o singur\u0103 plat\u0103.<\/p>\n<p>Extragerile loteriei Set for Life au loc \u00een fiecare luni \u0219i joi la ora 20:00. GMT<\/p>\n<h2>Avantajele jocului online Set for Life UK<\/h2>\n<p>Unul dintre marile avantaje ale jocului Set for Life UK este confortul de a putea face acest lucru la orice or\u0103 din zi sau din noapte, 24\/7, 365 de zile pe an. Pur \u0219i simplu av\u00e2nd un dispozitiv mobil, o tablet\u0103 sau un computer desktop \u0219i de oriunde \u00een lume.<br \/>\nNereziden\u021bii Regatului Unit, prin intermediul platformelor online precum LottoHoy.com, au posibilitatea real\u0103 de a accesa aceast\u0103 suculent\u0103 loterie \u0219i jackpot-urile sale mari.<br \/>\nBiletul se achizi\u021bioneaz\u0103 direct de la unitatea autorizat\u0103 \u0219i \u00een acest fel participarea este real\u0103.<br \/>\nPremiile c\u00e2\u0219tigate, p\u00e2n\u0103 la 2.500 de euro, sunt introduse imediat dup\u0103 publicarea rezultatelor oficiale<br \/>\nExist\u0103 \u0219i o banc\u0103 de informa\u021bii a tuturor opera\u021biunilor efectuate, custodia biletelor achizi\u021bionate, evit\u00e2ndu-se astfel eventuale pierderi sau uitare.<br \/>\nInforma\u021bii oportune despre toate jackpot-urile pe m\u0103sur\u0103 ce se acumuleaz\u0103, astfel \u00eenc\u00e2t s\u0103 nu rata\u021bi ocazia de a participa la ele.<br \/>\nO mare varietate de metode de plat\u0103, depunere \u0219i retragere.<\/p>\n<h2>Posibilit\u0103\u021bi de premii \u00een Set for Life (UK)<\/h2>\n<p>\u0218ansele de a se potrivi cu prima combina\u021bie de categorie sunt de aproximativ 1 la 15 milioane.<\/p>\n<p>\u00cen timp ce probabilit\u0103\u021bile de succes pentru a doua categorie sunt de aproximativ 1 la 1,7 milioane.<\/p>\n<p>Ob\u021binerea oric\u0103ruia dintre premiile oferite de Set for Life este de aproximativ 1 din 12.<\/p>\n","protected":false},"excerpt":{"rendered":"<p>Loteria Na\u021bional\u0103 a Set for Life (Marea Britanie). C\u0103ut\u00e2nd o modalitate diferit\u0103 de a recompensa juc\u0103torii de la Loteria Na\u021bional\u0103 din Marea Britanie, a fost creat jocul Set for Life, numit \u0219i \u201eanuities\u201d, care a stabilit ca principal\u0103 atrac\u021bie pl\u0103\u021bile pentru prima \u0219i a doua categorie de premii, astfel \u00eenc\u00e2t c\u00e2\u0219tig\u0103torii s\u0103 primeasc\u0103 \u00een fiecare [&hellip;]<\/p>\n","protected":false},"author":2,"featured_media":0,"parent":14730,"menu_order":11,"comment_status":"closed","ping_status":"closed","template":"set-for-life-info.php","meta":{"_et_pb_use_builder":"","_et_pb_old_content":"","_et_gb_content_width":"","exclude_from_search":false,"footnotes":""},"class_list":["post-14862","page","type-page","status-publish","hentry"],"yoast_head":"<!-- This site is optimized with the Yoast SEO plugin v23.7 - https:\/\/yoast.com\/wordpress\/plugins\/seo\/ -->\n<title>Informa\u021bii Set for Life (UK. - Lottohoy<\/title>\n<meta name=\"description\" content=\"O loterie cu o diferen\u021b\u0103. Premiul cel mare poate fi revendicat \u00een pl\u0103\u021bi de 20.000 \u20ac\/lun\u0103 timp de 30 de ani. Vezi informa\u021bii despre Set for Life (UK)\" \/>\n<meta name=\"robots\" content=\"index, follow, max-snippet:-1, max-image-preview:large, max-video-preview:-1\" \/>\n<link rel=\"canonical\" href=\"https:\/\/lottohoy.com\/ro\/totul-despre-loteria-online\/informatii-set-for-life-uk\/\" \/>\n<meta property=\"og:locale\" content=\"ro_RO\" \/>\n<meta property=\"og:type\" content=\"article\" \/>\n<meta property=\"og:title\" content=\"Informa\u021bii Set for Life (UK. - Lottohoy\" \/>\n<meta property=\"og:description\" content=\"O loterie cu o diferen\u021b\u0103. Premiul cel mare poate fi revendicat \u00een pl\u0103\u021bi de 20.000 \u20ac\/lun\u0103 timp de 30 de ani. Vezi informa\u021bii despre Set for Life (UK)\" \/>\n<meta property=\"og:url\" content=\"https:\/\/lottohoy.com\/ro\/totul-despre-loteria-online\/informatii-set-for-life-uk\/\" \/>\n<meta property=\"og:site_name\" content=\"Lottohoy\" \/>\n<meta property=\"article:modified_time\" content=\"2025-03-17T17:35:51+00:00\" \/>\n<meta name=\"twitter:card\" content=\"summary_large_image\" \/>\n<meta name=\"twitter:label1\" content=\"Timp estimat pentru citire\" \/>\n\t<meta name=\"twitter:data1\" content=\"2 minute\" \/>\n<script type=\"application\/ld+json\" class=\"yoast-schema-graph\">{\"@context\":\"https:\/\/schema.org\",\"@graph\":[{\"@type\":\"WebPage\",\"@id\":\"https:\/\/lottohoy.com\/ro\/totul-despre-loteria-online\/informatii-set-for-life-uk\/\",\"url\":\"https:\/\/lottohoy.com\/ro\/totul-despre-loteria-online\/informatii-set-for-life-uk\/\",\"name\":\"Informa\u021bii Set for Life (UK. - Lottohoy\",\"isPartOf\":{\"@id\":\"https:\/\/lottohoy.com\/ro\/#website\"},\"datePublished\":\"2020-08-10T16:08:14+00:00\",\"dateModified\":\"2025-03-17T17:35:51+00:00\",\"description\":\"O loterie cu o diferen\u021b\u0103. Premiul cel mare poate fi revendicat \u00een pl\u0103\u021bi de 20.000 \u20ac\/lun\u0103 timp de 30 de ani. Vezi informa\u021bii despre Set for Life (UK)\",\"breadcrumb\":{\"@id\":\"https:\/\/lottohoy.com\/ro\/totul-despre-loteria-online\/informatii-set-for-life-uk\/#breadcrumb\"},\"inLanguage\":\"ro-RO\",\"potentialAction\":[{\"@type\":\"ReadAction\",\"target\":[\"https:\/\/lottohoy.com\/ro\/totul-despre-loteria-online\/informatii-set-for-life-uk\/\"]}]},{\"@type\":\"BreadcrumbList\",\"@id\":\"https:\/\/lottohoy.com\/ro\/totul-despre-loteria-online\/informatii-set-for-life-uk\/#breadcrumb\",\"itemListElement\":[{\"@type\":\"ListItem\",\"position\":1,\"name\":\"Home\",\"item\":\"https:\/\/lottohoy.com\/ro\/\"},{\"@type\":\"ListItem\",\"position\":2,\"name\":\"Totul despre loteria online\",\"item\":\"https:\/\/lottohoy.com\/ro\/totul-despre-loteria-online\/\"},{\"@type\":\"ListItem\",\"position\":3,\"name\":\"Informa\u021bii Set for Life (UK.\"}]},{\"@type\":\"WebSite\",\"@id\":\"https:\/\/lottohoy.com\/ro\/#website\",\"url\":\"https:\/\/lottohoy.com\/ro\/\",\"name\":\"Lottohoy\",\"description\":\"\",\"potentialAction\":[{\"@type\":\"SearchAction\",\"target\":{\"@type\":\"EntryPoint\",\"urlTemplate\":\"https:\/\/lottohoy.com\/ro\/?s={search_term_string}\"},\"query-input\":{\"@type\":\"PropertyValueSpecification\",\"valueRequired\":true,\"valueName\":\"search_term_string\"}}],\"inLanguage\":\"ro-RO\"}]}<\/script>\n<!-- \/ Yoast SEO plugin. -->","yoast_head_json":{"title":"Informa\u021bii Set for Life (UK. - Lottohoy","description":"O loterie cu o diferen\u021b\u0103. Premiul cel mare poate fi revendicat \u00een pl\u0103\u021bi de 20.000 \u20ac\/lun\u0103 timp de 30 de ani. Vezi informa\u021bii despre Set for Life (UK)","robots":{"index":"index","follow":"follow","max-snippet":"max-snippet:-1","max-image-preview":"max-image-preview:large","max-video-preview":"max-video-preview:-1"},"canonical":"https:\/\/lottohoy.com\/ro\/totul-despre-loteria-online\/informatii-set-for-life-uk\/","og_locale":"ro_RO","og_type":"article","og_title":"Informa\u021bii Set for Life (UK. - Lottohoy","og_description":"O loterie cu o diferen\u021b\u0103. Premiul cel mare poate fi revendicat \u00een pl\u0103\u021bi de 20.000 \u20ac\/lun\u0103 timp de 30 de ani. Vezi informa\u021bii despre Set for Life (UK)","og_url":"https:\/\/lottohoy.com\/ro\/totul-despre-loteria-online\/informatii-set-for-life-uk\/","og_site_name":"Lottohoy","article_modified_time":"2025-03-17T17:35:51+00:00","twitter_card":"summary_large_image","twitter_misc":{"Timp estimat pentru citire":"2 minute"},"schema":{"@context":"https:\/\/schema.org","@graph":[{"@type":"WebPage","@id":"https:\/\/lottohoy.com\/ro\/totul-despre-loteria-online\/informatii-set-for-life-uk\/","url":"https:\/\/lottohoy.com\/ro\/totul-despre-loteria-online\/informatii-set-for-life-uk\/","name":"Informa\u021bii Set for Life (UK. - Lottohoy","isPartOf":{"@id":"https:\/\/lottohoy.com\/ro\/#website"},"datePublished":"2020-08-10T16:08:14+00:00","dateModified":"2025-03-17T17:35:51+00:00","description":"O loterie cu o diferen\u021b\u0103. Premiul cel mare poate fi revendicat \u00een pl\u0103\u021bi de 20.000 \u20ac\/lun\u0103 timp de 30 de ani. Vezi informa\u021bii despre Set for Life (UK)","breadcrumb":{"@id":"https:\/\/lottohoy.com\/ro\/totul-despre-loteria-online\/informatii-set-for-life-uk\/#breadcrumb"},"inLanguage":"ro-RO","potentialAction":[{"@type":"ReadAction","target":["https:\/\/lottohoy.com\/ro\/totul-despre-loteria-online\/informatii-set-for-life-uk\/"]}]},{"@type":"BreadcrumbList","@id":"https:\/\/lottohoy.com\/ro\/totul-despre-loteria-online\/informatii-set-for-life-uk\/#breadcrumb","itemListElement":[{"@type":"ListItem","position":1,"name":"Home","item":"https:\/\/lottohoy.com\/ro\/"},{"@type":"ListItem","position":2,"name":"Totul despre loteria online","item":"https:\/\/lottohoy.com\/ro\/totul-despre-loteria-online\/"},{"@type":"ListItem","position":3,"name":"Informa\u021bii Set for Life (UK."}]},{"@type":"WebSite","@id":"https:\/\/lottohoy.com\/ro\/#website","url":"https:\/\/lottohoy.com\/ro\/","name":"Lottohoy","description":"","potentialAction":[{"@type":"SearchAction","target":{"@type":"EntryPoint","urlTemplate":"https:\/\/lottohoy.com\/ro\/?s={search_term_string}"},"query-input":{"@type":"PropertyValueSpecification","valueRequired":true,"valueName":"search_term_string"}}],"inLanguage":"ro-RO"}]}},"_links":{"self":[{"href":"https:\/\/lottohoy.com\/ro\/wp-json\/wp\/v2\/pages\/14862","targetHints":{"allow":["GET"]}}],"collection":[{"href":"https:\/\/lottohoy.com\/ro\/wp-json\/wp\/v2\/pages"}],"about":[{"href":"https:\/\/lottohoy.com\/ro\/wp-json\/wp\/v2\/types\/page"}],"author":[{"embeddable":true,"href":"https:\/\/lottohoy.com\/ro\/wp-json\/wp\/v2\/users\/2"}],"replies":[{"embeddable":true,"href":"https:\/\/lottohoy.com\/ro\/wp-json\/wp\/v2\/comments?post=14862"}],"version-history":[{"count":1,"href":"https:\/\/lottohoy.com\/ro\/wp-json\/wp\/v2\/pages\/14862\/revisions"}],"predecessor-version":[{"id":14863,"href":"https:\/\/lottohoy.com\/ro\/wp-json\/wp\/v2\/pages\/14862\/revisions\/14863"}],"up":[{"embeddable":true,"href":"https:\/\/lottohoy.com\/ro\/wp-json\/wp\/v2\/pages\/14730"}],"wp:attachment":[{"href":"https:\/\/lottohoy.com\/ro\/wp-json\/wp\/v2\/media?parent=14862"}],"curies":[{"name":"wp","href":"https:\/\/api.w.org\/{rel}","templated":true}]}}