{"id":14856,"date":"2020-08-10T17:42:35","date_gmt":"2020-08-10T16:42:35","guid":{"rendered":"https:\/\/lottohoy.com\/?page_id=14856"},"modified":"2025-03-17T17:29:56","modified_gmt":"2025-03-17T17:29:56","slug":"informatii-despre-thunderball","status":"publish","type":"page","link":"https:\/\/lottohoy.com\/ro\/totul-despre-loteria-online\/informatii-despre-thunderball\/","title":{"rendered":"Informa\u021bii despre Thunderball"},"content":{"rendered":"<h2>Informa\u021bii despre loteria Thunderball<\/h2>\n<p>\u00cen prezent, extragerile Thunderball au loc de patru ori pe s\u0103pt\u0103m\u00e2n\u0103: mar\u021bi, miercuri, vineri \u0219i s\u00e2mb\u0103t\u0103). Prima extragere Thunderball a avut loc \u00een iunie 1999.<\/p>\n<p>Ini\u021bial, s\u00e2mb\u0103ta se f\u0103cea doar o extragere s\u0103pt\u0103m\u00e2nal\u0103, iar ulterior a fost inclus\u0103 \u0219i extragerea de miercuri.<\/p>\n<p>P\u00e2n\u0103 \u00een mai 2010, combina\u021bia a fost extras\u0103 de la numerele 1 la 34, premiul pentru prima categorie a fost de 250.000 de lire sterline \u0219i nu a existat o categorie de premiu al nou\u0103lea, a\u0219a cum exist\u0103 acum \u00een care se acord\u0103 singurul hit al Thunderball-ului.<\/p>\n<p>Dup\u0103 aceast\u0103 dat\u0103 a fost introdus\u0103 \u0219i extragerea de vineri, al\u0103turi de cele de miercuri \u0219i s\u00e2mb\u0103t\u0103, \u00een timp ce extragerea de mar\u021bi a fost ad\u0103ugat\u0103 \u00een ianuarie 2018.<\/p>\n<p>Aceste modific\u0103ri au condus la o cre\u0219tere a premiului de prima categorie la actualul 500.000 de lire sterline, \u00een timp ce restul premiilor s-au redus practic la jum\u0103tate.<\/p>\n<h2>Avantajele jocului Thunderball online<\/h2>\n<p>Unul dintre marile avantaje ale jocului Thunderball este confortul de a putea face acest lucru la orice or\u0103 din zi sau din noapte, 24\/7, 365 de zile pe an. Pur \u0219i simplu av\u00e2nd un dispozitiv mobil, o tablet\u0103 sau un computer desktop \u0219i de oriunde \u00een lume.<br \/>\nNereziden\u021bii din Marea Britanie, prin intermediul platformelor online precum LottoHoy.com, au posibilitatea real\u0103 de a accesa aceast\u0103 suculent\u0103 loterie cu premii fixe pentru fiecare categorie, indiferent de colec\u021bie.<br \/>\nBiletul se achizi\u021bioneaz\u0103 direct de la unitatea autorizat\u0103 \u0219i \u00een acest fel participarea este real\u0103.<br \/>\nPremiile c\u00e2\u0219tigate, p\u00e2n\u0103 la 2.500 de euro, sunt introduse imediat dup\u0103 publicarea rezultatelor oficiale<br \/>\nExist\u0103 \u0219i o banc\u0103 de informa\u021bii a tuturor opera\u021biunilor efectuate, custodia biletelor achizi\u021bionate, evit\u00e2ndu-se astfel eventuale pierderi sau uitare.<br \/>\nInforma\u021bii oportune despre toate jackpot-urile pe m\u0103sur\u0103 ce se acumuleaz\u0103, astfel \u00eenc\u00e2t s\u0103 nu rata\u021bi ocazia de a participa la ele.<br \/>\nO mare varietate de metode de plat\u0103, depunere \u0219i retragere.<\/p>\n<h2>\u0218ansa de a c\u00e2\u0219tiga un premiu \u00een Thunderball<\/h2>\n<p>Consulta\u021bi urm\u0103torul tabel pentru suma medie de bani care poate fi c\u00e2\u0219tigat\u0103 \u00een fiecare dintre categorii, precum \u0219i probabilitatea statistic\u0103 de a c\u00e2\u0219tiga jackpot-ul sau unul dintre celelalte premii \u00een restul de 8 categorii.<\/p>\n","protected":false},"excerpt":{"rendered":"<p>Informa\u021bii despre loteria Thunderball \u00cen prezent, extragerile Thunderball au loc de patru ori pe s\u0103pt\u0103m\u00e2n\u0103: mar\u021bi, miercuri, vineri \u0219i s\u00e2mb\u0103t\u0103). Prima extragere Thunderball a avut loc \u00een iunie 1999. Ini\u021bial, s\u00e2mb\u0103ta se f\u0103cea doar o extragere s\u0103pt\u0103m\u00e2nal\u0103, iar ulterior a fost inclus\u0103 \u0219i extragerea de miercuri. P\u00e2n\u0103 \u00een mai 2010, combina\u021bia a fost extras\u0103 de [&hellip;]<\/p>\n","protected":false},"author":2,"featured_media":0,"parent":14730,"menu_order":10,"comment_status":"closed","ping_status":"closed","template":"thunderball-info.php","meta":{"_et_pb_use_builder":"","_et_pb_old_content":"","_et_gb_content_width":"","exclude_from_search":false,"footnotes":""},"class_list":["post-14856","page","type-page","status-publish","hentry"],"yoast_head":"<!-- This site is optimized with the Yoast SEO plugin v23.7 - https:\/\/yoast.com\/wordpress\/plugins\/seo\/ -->\n<title>Informa\u021bii despre Thunderball - Lottohoy<\/title>\n<meta name=\"description\" content=\"Premii fixe stabilite pentru fiecare dintre categoriile Thunderball. O op\u021biune bun\u0103, cunosc\u00e2nd \u00een avans c\u00e2\u0219tigurile posibile.\" \/>\n<meta name=\"robots\" content=\"index, follow, max-snippet:-1, max-image-preview:large, max-video-preview:-1\" \/>\n<link rel=\"canonical\" href=\"https:\/\/lottohoy.com\/ro\/totul-despre-loteria-online\/informatii-despre-thunderball\/\" \/>\n<meta property=\"og:locale\" content=\"ro_RO\" \/>\n<meta property=\"og:type\" content=\"article\" \/>\n<meta property=\"og:title\" content=\"Informa\u021bii despre Thunderball - Lottohoy\" \/>\n<meta property=\"og:description\" content=\"Premii fixe stabilite pentru fiecare dintre categoriile Thunderball. O op\u021biune bun\u0103, cunosc\u00e2nd \u00een avans c\u00e2\u0219tigurile posibile.\" \/>\n<meta property=\"og:url\" content=\"https:\/\/lottohoy.com\/ro\/totul-despre-loteria-online\/informatii-despre-thunderball\/\" \/>\n<meta property=\"og:site_name\" content=\"Lottohoy\" \/>\n<meta property=\"article:modified_time\" content=\"2025-03-17T17:29:56+00:00\" \/>\n<meta name=\"twitter:card\" content=\"summary_large_image\" \/>\n<meta name=\"twitter:label1\" content=\"Timp estimat pentru citire\" \/>\n\t<meta name=\"twitter:data1\" content=\"2 minute\" \/>\n<script type=\"application\/ld+json\" class=\"yoast-schema-graph\">{\"@context\":\"https:\/\/schema.org\",\"@graph\":[{\"@type\":\"WebPage\",\"@id\":\"https:\/\/lottohoy.com\/ro\/totul-despre-loteria-online\/informatii-despre-thunderball\/\",\"url\":\"https:\/\/lottohoy.com\/ro\/totul-despre-loteria-online\/informatii-despre-thunderball\/\",\"name\":\"Informa\u021bii despre Thunderball - Lottohoy\",\"isPartOf\":{\"@id\":\"https:\/\/lottohoy.com\/ro\/#website\"},\"datePublished\":\"2020-08-10T16:42:35+00:00\",\"dateModified\":\"2025-03-17T17:29:56+00:00\",\"description\":\"Premii fixe stabilite pentru fiecare dintre categoriile Thunderball. O op\u021biune bun\u0103, cunosc\u00e2nd \u00een avans c\u00e2\u0219tigurile posibile.\",\"breadcrumb\":{\"@id\":\"https:\/\/lottohoy.com\/ro\/totul-despre-loteria-online\/informatii-despre-thunderball\/#breadcrumb\"},\"inLanguage\":\"ro-RO\",\"potentialAction\":[{\"@type\":\"ReadAction\",\"target\":[\"https:\/\/lottohoy.com\/ro\/totul-despre-loteria-online\/informatii-despre-thunderball\/\"]}]},{\"@type\":\"BreadcrumbList\",\"@id\":\"https:\/\/lottohoy.com\/ro\/totul-despre-loteria-online\/informatii-despre-thunderball\/#breadcrumb\",\"itemListElement\":[{\"@type\":\"ListItem\",\"position\":1,\"name\":\"Home\",\"item\":\"https:\/\/lottohoy.com\/ro\/\"},{\"@type\":\"ListItem\",\"position\":2,\"name\":\"Totul despre loteria online\",\"item\":\"https:\/\/lottohoy.com\/ro\/totul-despre-loteria-online\/\"},{\"@type\":\"ListItem\",\"position\":3,\"name\":\"Informa\u021bii despre Thunderball\"}]},{\"@type\":\"WebSite\",\"@id\":\"https:\/\/lottohoy.com\/ro\/#website\",\"url\":\"https:\/\/lottohoy.com\/ro\/\",\"name\":\"Lottohoy\",\"description\":\"\",\"potentialAction\":[{\"@type\":\"SearchAction\",\"target\":{\"@type\":\"EntryPoint\",\"urlTemplate\":\"https:\/\/lottohoy.com\/ro\/?s={search_term_string}\"},\"query-input\":{\"@type\":\"PropertyValueSpecification\",\"valueRequired\":true,\"valueName\":\"search_term_string\"}}],\"inLanguage\":\"ro-RO\"}]}<\/script>\n<!-- \/ Yoast SEO plugin. -->","yoast_head_json":{"title":"Informa\u021bii despre Thunderball - Lottohoy","description":"Premii fixe stabilite pentru fiecare dintre categoriile Thunderball. O op\u021biune bun\u0103, cunosc\u00e2nd \u00een avans c\u00e2\u0219tigurile posibile.","robots":{"index":"index","follow":"follow","max-snippet":"max-snippet:-1","max-image-preview":"max-image-preview:large","max-video-preview":"max-video-preview:-1"},"canonical":"https:\/\/lottohoy.com\/ro\/totul-despre-loteria-online\/informatii-despre-thunderball\/","og_locale":"ro_RO","og_type":"article","og_title":"Informa\u021bii despre Thunderball - Lottohoy","og_description":"Premii fixe stabilite pentru fiecare dintre categoriile Thunderball. O op\u021biune bun\u0103, cunosc\u00e2nd \u00een avans c\u00e2\u0219tigurile posibile.","og_url":"https:\/\/lottohoy.com\/ro\/totul-despre-loteria-online\/informatii-despre-thunderball\/","og_site_name":"Lottohoy","article_modified_time":"2025-03-17T17:29:56+00:00","twitter_card":"summary_large_image","twitter_misc":{"Timp estimat pentru citire":"2 minute"},"schema":{"@context":"https:\/\/schema.org","@graph":[{"@type":"WebPage","@id":"https:\/\/lottohoy.com\/ro\/totul-despre-loteria-online\/informatii-despre-thunderball\/","url":"https:\/\/lottohoy.com\/ro\/totul-despre-loteria-online\/informatii-despre-thunderball\/","name":"Informa\u021bii despre Thunderball - Lottohoy","isPartOf":{"@id":"https:\/\/lottohoy.com\/ro\/#website"},"datePublished":"2020-08-10T16:42:35+00:00","dateModified":"2025-03-17T17:29:56+00:00","description":"Premii fixe stabilite pentru fiecare dintre categoriile Thunderball. O op\u021biune bun\u0103, cunosc\u00e2nd \u00een avans c\u00e2\u0219tigurile posibile.","breadcrumb":{"@id":"https:\/\/lottohoy.com\/ro\/totul-despre-loteria-online\/informatii-despre-thunderball\/#breadcrumb"},"inLanguage":"ro-RO","potentialAction":[{"@type":"ReadAction","target":["https:\/\/lottohoy.com\/ro\/totul-despre-loteria-online\/informatii-despre-thunderball\/"]}]},{"@type":"BreadcrumbList","@id":"https:\/\/lottohoy.com\/ro\/totul-despre-loteria-online\/informatii-despre-thunderball\/#breadcrumb","itemListElement":[{"@type":"ListItem","position":1,"name":"Home","item":"https:\/\/lottohoy.com\/ro\/"},{"@type":"ListItem","position":2,"name":"Totul despre loteria online","item":"https:\/\/lottohoy.com\/ro\/totul-despre-loteria-online\/"},{"@type":"ListItem","position":3,"name":"Informa\u021bii despre Thunderball"}]},{"@type":"WebSite","@id":"https:\/\/lottohoy.com\/ro\/#website","url":"https:\/\/lottohoy.com\/ro\/","name":"Lottohoy","description":"","potentialAction":[{"@type":"SearchAction","target":{"@type":"EntryPoint","urlTemplate":"https:\/\/lottohoy.com\/ro\/?s={search_term_string}"},"query-input":{"@type":"PropertyValueSpecification","valueRequired":true,"valueName":"search_term_string"}}],"inLanguage":"ro-RO"}]}},"_links":{"self":[{"href":"https:\/\/lottohoy.com\/ro\/wp-json\/wp\/v2\/pages\/14856","targetHints":{"allow":["GET"]}}],"collection":[{"href":"https:\/\/lottohoy.com\/ro\/wp-json\/wp\/v2\/pages"}],"about":[{"href":"https:\/\/lottohoy.com\/ro\/wp-json\/wp\/v2\/types\/page"}],"author":[{"embeddable":true,"href":"https:\/\/lottohoy.com\/ro\/wp-json\/wp\/v2\/users\/2"}],"replies":[{"embeddable":true,"href":"https:\/\/lottohoy.com\/ro\/wp-json\/wp\/v2\/comments?post=14856"}],"version-history":[{"count":1,"href":"https:\/\/lottohoy.com\/ro\/wp-json\/wp\/v2\/pages\/14856\/revisions"}],"predecessor-version":[{"id":14857,"href":"https:\/\/lottohoy.com\/ro\/wp-json\/wp\/v2\/pages\/14856\/revisions\/14857"}],"up":[{"embeddable":true,"href":"https:\/\/lottohoy.com\/ro\/wp-json\/wp\/v2\/pages\/14730"}],"wp:attachment":[{"href":"https:\/\/lottohoy.com\/ro\/wp-json\/wp\/v2\/media?parent=14856"}],"curies":[{"name":"wp","href":"https:\/\/api.w.org\/{rel}","templated":true}]}}