{"id":14849,"date":"2019-02-13T18:30:53","date_gmt":"2019-02-13T18:30:53","guid":{"rendered":"https:\/\/lottohoy.com\/?page_id=14849"},"modified":"2025-03-17T17:25:27","modified_gmt":"2025-03-17T17:25:27","slug":"informatii-despre-el-gordo-de-la-primitiva","status":"publish","type":"page","link":"https:\/\/lottohoy.com\/ro\/totul-despre-loteria-online\/informatii-despre-el-gordo-de-la-primitiva\/","title":{"rendered":"Informa\u021bii despre El Gordo de la Primitiva"},"content":{"rendered":"<p>Jocul Gordo de la Primitiva este creat de State Loteries \u0219i Apuestas (LAE) din Spania, ca o completare a celorlalte dou\u0103 jocuri de loto (Primitiva \u0219i BonoLoto).<\/p>\n<p>Prima tragere la sor\u021bi a avut loc pe 31 octombrie 1993 \u0219i s-a n\u0103scut cu particularitatea de a desf\u0103\u0219ura o singur\u0103 extragere lunar\u0103, \u00een ultima duminic\u0103 a lunii.<\/p>\n<p>Cu un pre\u021b ini\u021bial de 500 de puncte (echivalentul azi a 3,00 euro), juc\u0103torii au avut o \u0219ans\u0103 dubl\u0103 de a participa la joc. Pute\u021bi opta pentru achizi\u021bionarea unui bilet pretip\u0103rit cu combina\u021bia celor 5 numere principale plus num\u0103rul de rambursare. Sau chiar juc\u0103torul a fost cel care, folosind un bilet de alt\u0103 culoare, a marcat direct combina\u021bia de numere care i-a pl\u0103cut.<\/p>\n<p>Acest sistem s-a men\u021binut p\u00e2n\u0103 patru ani mai t\u00e2rziu, c\u00e2nd \u00een octombrie 1997, extragerile au devenit s\u0103pt\u0103m\u00e2nale, dar \u00eentotdeauna duminic\u0103 \u0219i cu unele modific\u0103ri importante \u00een regulamentul s\u0103u.<\/p>\n<p>Pentru urmatoarele extrageri, posibilitatea de accesare a unui jackpot cumulativ este determinata si rezervata castigatorilor de prima categorie daca nu exista nici un castigator la extragerea precedenta, iar valoarea pariului se reduce si ea la 250 Pts.<\/p>\n<p>La 31 ianuarie 2005, a avut loc o modificare important\u0103 a regulamentului, \u00eencorpor\u00e2nd un premiu minim garantat de 5.000.000 de euro \u0219i p\u00e2n\u0103 la opt categorii de premii, plus rambursare. Prin urmare, a\u0219tept\u0103rile de a ob\u021bine un premiu cresc considerabil.<\/p>\n<h2>Ce este Gordo de la Primitiva?<\/h2>\n<p>El Gordo de la Primitiva este practic un joc de noroc, \u00een care juc\u0103torul trebuie s\u0103 egaleze c\u00e2t mai multe numere.<\/p>\n<p>La tragerea la sor\u021bi, 5 bile din cele 54 pe care le con\u021bine sunt extrase aleatoriu dintr-un pot, cu numere \u00eentre 1 \u0219i 54.<\/p>\n<p>La fel, \u0219i dintr-o a doua tob\u0103, se extrage una din cele 10 bile, numerotate de la 0 la 9, care const\u0103 \u00een num\u0103rul cheii sau rambursarea.<\/p>\n<p>Juc\u0103torul poate plasa c\u00e2te pariuri dore\u0219te \u0219i poate face acest lucru manual, hot\u0103r\u00e2nd el \u00eensu\u0219i numerele sau permi\u021b\u00e2nd sistemului s\u0103 aleag\u0103 o combina\u021bie la \u00eent\u00e2mplare.<\/p>\n<h2>Pre\u021bul Gordo de la Primitiva<\/h2>\n<p>Fiecare bilet Gordo de la Primitiva \u00eencepe de la 3\u20ac \u0219i pute\u021bi plasa c\u00e2te pariuri dori\u021bi.<\/p>\n<h2>\u015eanse de a c\u00e2\u015ftiga Gordo de la Primitiva<\/h2>\n<p>\u015eansele de a c\u00e2\u015ftiga un premiu sunt 1 la 19 (care potrivesc 2 numere principale), \u00een timp ce \u015fansele de a c\u00e2\u015ftiga premiul principal sunt 1 la 31.625.100.<\/p>\n<p>Poate p\u0103rea foarte \u00eendep\u0103rtat dac\u0103 \u00eel compar\u0103m cu La Primitiva, unde cotele sunt 1 la 13.983.816 \u0219i mult mai u\u0219or dec\u00e2t EuroMillions unde cotele sunt 1 la 76.275.360.<\/p>\n<h2>Cele mai premiate numere ale lui Gordo<\/h2>\n<p>Dac\u0103 c\u0103ut\u0103m cele 10 numere care au ap\u0103rut cu cele mai multe ocazii \u00een combina\u021biile c\u00e2\u0219tig\u0103toare de la prima extragere, vedem c\u0103 sunt \u00een aceast\u0103 ordine de la cel mai mult la cel mai mic: 3, 6, 18, 21, 23, 11, 34, 27, 9 \u0219i 4<\/p>\n<p>\u00cen timp ce \u00een direc\u021bia opus\u0103, acele numere cele mai reticente s\u0103 plece au fost de la mai pu\u021bin la mai mult: 52, 50, 54, 51, 49, 46, 48, 47, 43 \u0219i 53.<\/p>\n<p>Curios, nu? C\u0103 numerele care au ie\u0219it din hype \u00een cele mai pu\u021bine ocazii sunt tocmai cele mai mari numere.<\/p>\n<p>&nbsp;<\/p>\n","protected":false},"excerpt":{"rendered":"<p>Jocul Gordo de la Primitiva este creat de State Loteries \u0219i Apuestas (LAE) din Spania, ca o completare a celorlalte dou\u0103 jocuri de loto (Primitiva \u0219i BonoLoto). Prima tragere la sor\u021bi a avut loc pe 31 octombrie 1993 \u0219i s-a n\u0103scut cu particularitatea de a desf\u0103\u0219ura o singur\u0103 extragere lunar\u0103, \u00een ultima duminic\u0103 a lunii. [&hellip;]<\/p>\n","protected":false},"author":2,"featured_media":0,"parent":14730,"menu_order":6,"comment_status":"closed","ping_status":"closed","template":"el-gordo-info.php","meta":{"_et_pb_use_builder":"","_et_pb_old_content":"","_et_gb_content_width":"","exclude_from_search":false,"footnotes":""},"class_list":["post-14849","page","type-page","status-publish","hentry"],"yoast_head":"<!-- This site is optimized with the Yoast SEO plugin v23.7 - https:\/\/yoast.com\/wordpress\/plugins\/seo\/ -->\n<title>Informa\u021bii despre El Gordo de la Primitiva - Lottohoy<\/title>\n<meta name=\"description\" content=\"Ce este El Gordo de la Primitiva, c\u00e2t cost\u0103 \u0219i pot participa? Toate r\u0103spunsurile se g\u0103sesc \u00een acest ghid pentru extragerea El Gordo.\" \/>\n<meta name=\"robots\" content=\"index, follow, max-snippet:-1, max-image-preview:large, max-video-preview:-1\" \/>\n<link rel=\"canonical\" href=\"https:\/\/lottohoy.com\/ro\/totul-despre-loteria-online\/informatii-despre-el-gordo-de-la-primitiva\/\" \/>\n<meta property=\"og:locale\" content=\"ro_RO\" \/>\n<meta property=\"og:type\" content=\"article\" \/>\n<meta property=\"og:title\" content=\"Informa\u021bii despre El Gordo de la Primitiva - Lottohoy\" \/>\n<meta property=\"og:description\" content=\"Ce este El Gordo de la Primitiva, c\u00e2t cost\u0103 \u0219i pot participa? Toate r\u0103spunsurile se g\u0103sesc \u00een acest ghid pentru extragerea El Gordo.\" \/>\n<meta property=\"og:url\" content=\"https:\/\/lottohoy.com\/ro\/totul-despre-loteria-online\/informatii-despre-el-gordo-de-la-primitiva\/\" \/>\n<meta property=\"og:site_name\" content=\"Lottohoy\" \/>\n<meta property=\"article:modified_time\" content=\"2025-03-17T17:25:27+00:00\" \/>\n<meta name=\"twitter:card\" content=\"summary_large_image\" \/>\n<meta name=\"twitter:label1\" content=\"Timp estimat pentru citire\" \/>\n\t<meta name=\"twitter:data1\" content=\"3 minute\" \/>\n<script type=\"application\/ld+json\" class=\"yoast-schema-graph\">{\"@context\":\"https:\/\/schema.org\",\"@graph\":[{\"@type\":\"WebPage\",\"@id\":\"https:\/\/lottohoy.com\/ro\/totul-despre-loteria-online\/informatii-despre-el-gordo-de-la-primitiva\/\",\"url\":\"https:\/\/lottohoy.com\/ro\/totul-despre-loteria-online\/informatii-despre-el-gordo-de-la-primitiva\/\",\"name\":\"Informa\u021bii despre El Gordo de la Primitiva - Lottohoy\",\"isPartOf\":{\"@id\":\"https:\/\/lottohoy.com\/ro\/#website\"},\"datePublished\":\"2019-02-13T18:30:53+00:00\",\"dateModified\":\"2025-03-17T17:25:27+00:00\",\"description\":\"Ce este El Gordo de la Primitiva, c\u00e2t cost\u0103 \u0219i pot participa? Toate r\u0103spunsurile se g\u0103sesc \u00een acest ghid pentru extragerea El Gordo.\",\"breadcrumb\":{\"@id\":\"https:\/\/lottohoy.com\/ro\/totul-despre-loteria-online\/informatii-despre-el-gordo-de-la-primitiva\/#breadcrumb\"},\"inLanguage\":\"ro-RO\",\"potentialAction\":[{\"@type\":\"ReadAction\",\"target\":[\"https:\/\/lottohoy.com\/ro\/totul-despre-loteria-online\/informatii-despre-el-gordo-de-la-primitiva\/\"]}]},{\"@type\":\"BreadcrumbList\",\"@id\":\"https:\/\/lottohoy.com\/ro\/totul-despre-loteria-online\/informatii-despre-el-gordo-de-la-primitiva\/#breadcrumb\",\"itemListElement\":[{\"@type\":\"ListItem\",\"position\":1,\"name\":\"Home\",\"item\":\"https:\/\/lottohoy.com\/ro\/\"},{\"@type\":\"ListItem\",\"position\":2,\"name\":\"Totul despre loteria online\",\"item\":\"https:\/\/lottohoy.com\/ro\/totul-despre-loteria-online\/\"},{\"@type\":\"ListItem\",\"position\":3,\"name\":\"Informa\u021bii despre El Gordo de la Primitiva\"}]},{\"@type\":\"WebSite\",\"@id\":\"https:\/\/lottohoy.com\/ro\/#website\",\"url\":\"https:\/\/lottohoy.com\/ro\/\",\"name\":\"Lottohoy\",\"description\":\"\",\"potentialAction\":[{\"@type\":\"SearchAction\",\"target\":{\"@type\":\"EntryPoint\",\"urlTemplate\":\"https:\/\/lottohoy.com\/ro\/?s={search_term_string}\"},\"query-input\":{\"@type\":\"PropertyValueSpecification\",\"valueRequired\":true,\"valueName\":\"search_term_string\"}}],\"inLanguage\":\"ro-RO\"}]}<\/script>\n<!-- \/ Yoast SEO plugin. -->","yoast_head_json":{"title":"Informa\u021bii despre El Gordo de la Primitiva - Lottohoy","description":"Ce este El Gordo de la Primitiva, c\u00e2t cost\u0103 \u0219i pot participa? Toate r\u0103spunsurile se g\u0103sesc \u00een acest ghid pentru extragerea El Gordo.","robots":{"index":"index","follow":"follow","max-snippet":"max-snippet:-1","max-image-preview":"max-image-preview:large","max-video-preview":"max-video-preview:-1"},"canonical":"https:\/\/lottohoy.com\/ro\/totul-despre-loteria-online\/informatii-despre-el-gordo-de-la-primitiva\/","og_locale":"ro_RO","og_type":"article","og_title":"Informa\u021bii despre El Gordo de la Primitiva - Lottohoy","og_description":"Ce este El Gordo de la Primitiva, c\u00e2t cost\u0103 \u0219i pot participa? Toate r\u0103spunsurile se g\u0103sesc \u00een acest ghid pentru extragerea El Gordo.","og_url":"https:\/\/lottohoy.com\/ro\/totul-despre-loteria-online\/informatii-despre-el-gordo-de-la-primitiva\/","og_site_name":"Lottohoy","article_modified_time":"2025-03-17T17:25:27+00:00","twitter_card":"summary_large_image","twitter_misc":{"Timp estimat pentru citire":"3 minute"},"schema":{"@context":"https:\/\/schema.org","@graph":[{"@type":"WebPage","@id":"https:\/\/lottohoy.com\/ro\/totul-despre-loteria-online\/informatii-despre-el-gordo-de-la-primitiva\/","url":"https:\/\/lottohoy.com\/ro\/totul-despre-loteria-online\/informatii-despre-el-gordo-de-la-primitiva\/","name":"Informa\u021bii despre El Gordo de la Primitiva - Lottohoy","isPartOf":{"@id":"https:\/\/lottohoy.com\/ro\/#website"},"datePublished":"2019-02-13T18:30:53+00:00","dateModified":"2025-03-17T17:25:27+00:00","description":"Ce este El Gordo de la Primitiva, c\u00e2t cost\u0103 \u0219i pot participa? Toate r\u0103spunsurile se g\u0103sesc \u00een acest ghid pentru extragerea El Gordo.","breadcrumb":{"@id":"https:\/\/lottohoy.com\/ro\/totul-despre-loteria-online\/informatii-despre-el-gordo-de-la-primitiva\/#breadcrumb"},"inLanguage":"ro-RO","potentialAction":[{"@type":"ReadAction","target":["https:\/\/lottohoy.com\/ro\/totul-despre-loteria-online\/informatii-despre-el-gordo-de-la-primitiva\/"]}]},{"@type":"BreadcrumbList","@id":"https:\/\/lottohoy.com\/ro\/totul-despre-loteria-online\/informatii-despre-el-gordo-de-la-primitiva\/#breadcrumb","itemListElement":[{"@type":"ListItem","position":1,"name":"Home","item":"https:\/\/lottohoy.com\/ro\/"},{"@type":"ListItem","position":2,"name":"Totul despre loteria online","item":"https:\/\/lottohoy.com\/ro\/totul-despre-loteria-online\/"},{"@type":"ListItem","position":3,"name":"Informa\u021bii despre El Gordo de la Primitiva"}]},{"@type":"WebSite","@id":"https:\/\/lottohoy.com\/ro\/#website","url":"https:\/\/lottohoy.com\/ro\/","name":"Lottohoy","description":"","potentialAction":[{"@type":"SearchAction","target":{"@type":"EntryPoint","urlTemplate":"https:\/\/lottohoy.com\/ro\/?s={search_term_string}"},"query-input":{"@type":"PropertyValueSpecification","valueRequired":true,"valueName":"search_term_string"}}],"inLanguage":"ro-RO"}]}},"_links":{"self":[{"href":"https:\/\/lottohoy.com\/ro\/wp-json\/wp\/v2\/pages\/14849","targetHints":{"allow":["GET"]}}],"collection":[{"href":"https:\/\/lottohoy.com\/ro\/wp-json\/wp\/v2\/pages"}],"about":[{"href":"https:\/\/lottohoy.com\/ro\/wp-json\/wp\/v2\/types\/page"}],"author":[{"embeddable":true,"href":"https:\/\/lottohoy.com\/ro\/wp-json\/wp\/v2\/users\/2"}],"replies":[{"embeddable":true,"href":"https:\/\/lottohoy.com\/ro\/wp-json\/wp\/v2\/comments?post=14849"}],"version-history":[{"count":1,"href":"https:\/\/lottohoy.com\/ro\/wp-json\/wp\/v2\/pages\/14849\/revisions"}],"predecessor-version":[{"id":14850,"href":"https:\/\/lottohoy.com\/ro\/wp-json\/wp\/v2\/pages\/14849\/revisions\/14850"}],"up":[{"embeddable":true,"href":"https:\/\/lottohoy.com\/ro\/wp-json\/wp\/v2\/pages\/14730"}],"wp:attachment":[{"href":"https:\/\/lottohoy.com\/ro\/wp-json\/wp\/v2\/media?parent=14849"}],"curies":[{"name":"wp","href":"https:\/\/api.w.org\/{rel}","templated":true}]}}