{"id":14838,"date":"2018-08-21T10:17:14","date_gmt":"2018-08-21T09:17:14","guid":{"rendered":"https:\/\/lottohoy.com\/?page_id=14838"},"modified":"2025-03-17T17:18:14","modified_gmt":"2025-03-17T17:18:14","slug":"informatii-despre-la-primitiva","status":"publish","type":"page","link":"https:\/\/lottohoy.com\/ro\/totul-despre-loteria-online\/informatii-despre-la-primitiva\/","title":{"rendered":"Informa\u021bii despre La Primitiva"},"content":{"rendered":"<p>La Primitiva este un joc de loterie bazat pe prezicerea a 6 numere din 49 de numere posibile.<\/p>\n<p>Jocul Primitiva dateaz\u0103 de la \u00eenceputurile loteriei din Spania \u00een 1763, iar dezvoltarea sa a avut varia\u021bii, astfel \u00eenc\u00e2t regulamentele sale au fost adaptate la circumstan\u021bele fiec\u0103rui moment \u0219i la ceea ce istoria i-a cerut.<\/p>\n<h2>Reguli primitive<\/h2>\n<p>Regulile care reglementeaz\u0103 jocul Primitiva sunt foarte simple. Jocul const\u0103 \u00een realizarea unui pronostic de pariuri bazat pe alegerea a 6 numere dintr-un tabel care con\u021bine 49 de casete numerotate de la 1 la 49.<\/p>\n<p>Pot fi plasate pariuri simple sau multiple. Pariul simplu consta in a juca in fiecare dintre coloanele dorite, pronosticul cu 6 numere. De asemenea, pute\u021bi face un pariu multiplu folosind exclusiv prima dintre coloanele furnizate \u0219i marc\u00e2nd 7 sau mai multe numere pe ea p\u00e2n\u0103 la maximum 11.<\/p>\n<p>Un pariu multiplu de 7 numere ale primitivului este echivalent cu 7 pariuri<br \/>\nUn pariu multiplu de 8 numere ale primitivului este echivalent cu 28 de pariuri<br \/>\nUn pariu multiplu pe 9 numere ale primitivului este echivalent cu 84 de pariuri<br \/>\nUn pariu multiplu pe 10 numere ale primitivului este echivalent cu 210 pariuri<br \/>\nUn pariu multiplu pe 11 numere de la primitiv este echivalent cu 462 de pariuri<br \/>\n\u00cen afar\u0103 de aceste pariuri, exist\u0103 \u0219i posibilitatea de a juca 5 numere pe un bilet oficial, acesta fiind un pariu multiplu \u00een care num\u0103rul lips\u0103 este \u00eentotdeauna corect corect.<\/p>\n<p>\u00cen acest caz ar fi echivalentul plas\u0103rii a 44 de pariur<\/p>\n<h2>Ce este rambursarea Primitiva?<\/h2>\n<p>Rambursarea Primitiva este un num\u0103r alocat aleatoriu de c\u0103tre sistem \u00een momentul valid\u0103rii pariului.<\/p>\n<p>Premiul const\u0103 \u00eentr-o plat\u0103 fix\u0103 \u200b\u200bechivalent\u0103 cu suma unui singur pariu, pentru fiecare dintre biletele care con\u021bin acel num\u0103r.<\/p>\n<p>care se extrage independent, \u0219i dintr-o a doua tob\u0103, cu bile numerotate de la 0 la 9 \u00een aceea\u0219i tragere Primitiva.<\/p>\n<h2>Avantajele jocului Primitiva online<\/h2>\n<p>Noile obiceiuri \u0219i tendin\u021be de pia\u021b\u0103 \u00eenseamn\u0103 c\u0103 participarea juc\u0103torilor de loterie online cre\u0219te \u00een fiecare zi.<\/p>\n<p>\u00cen zilele noastre, \u0219i din confortul propriei case, de la locul de munc\u0103 sau de petrecere a timpului liber, cu o simpl\u0103 conexiune la internet, ai acces imediat la pariuri la toate loteriile \u0219i, bine\u00een\u021beles, \u0219i la Primitiva.<\/p>\n<p>Avantajele <span style=\"color: #3366ff;\"><a style=\"color: #3366ff;\" href=\"https:\/\/lottohoy.com\/ro\/joaca-la-loterie-online\/joaca-la-primitiva\/\">jocului online primitiv<\/a><\/span> sunt multe:<\/p>\n<p>Este o modalitate simpl\u0103, rapid\u0103, confortabil\u0103 \u0219i f\u0103r\u0103 coad\u0103 de a merge \u00een c\u0103utarea jackpot-urilor de milioane de dolari.<br \/>\nA avea un cont de utilizator pe o platform\u0103 de loterie online \u00eenseamn\u0103 \u0219i a avea informa\u021bii constante despre toate extragerile, jackpot-urile care sunt acumulate \u0219i premiile care sunt c\u00e2\u0219tigate.<br \/>\nEste o metod\u0103 sigur\u0103 \u0219i de \u00eencredere pentru toate tranzac\u021biile bancare.<br \/>\n\u00cen calitate de utilizator \u00eenregistrat, nu pierde\u021bi sau pierde\u021bi niciodat\u0103 niciun bilet, sunte\u021bi \u00eentotdeauna informat cu promptitudine despre toate opera\u021biunile care au fost efectuate: achizi\u021bii, pl\u0103\u021bi, \u00eencas\u0103ri etc.<br \/>\nC\u00e2nd un utilizator \u00eenregistrat c\u00e2\u0219tig\u0103 un premiu, valoarea premiului respectiv este introdus\u0103 automat \u00een contul s\u0103u de utilizator.<\/p>\n<h2>Primitiva Jackpot<\/h2>\n<p>Premiul de categorie special\u0103, cunoscut \u0219i sub numele de jackpot, \u00eencepe \u00eentotdeauna de la un minim garantat de 2.000.000 de euro.<\/p>\n<p>\u00cen cazul \u00een care nu exist\u0103 un c\u00e2\u0219tig\u0103tor \u00een cea mai mare categorie \u00eentr-o tragere la sor\u021bi, suma se acumuleaz\u0103 pentru urm\u0103toarea extragere din aceea\u0219i categorie \u0219i a\u0219a mai departe p\u00e2n\u0103 la finalizarea pl\u0103\u021bii.<\/p>\n<p>Primul jackpot pl\u0103tit din istoria Primitivei, a acumulat suma de 62 de milioane de pesete (pu\u021bin peste 372.000 de euro)<\/p>\n<p>Iar cel mai mare jackpot pl\u0103tit p\u00e2n\u0103 \u00een prezent a fost de 101.724.559,10 euro, c\u00e2\u0219tigat de un singur c\u00e2\u0219tig\u0103tor la Barcelona, \u200b\u200b\u200b\u200bpe 15 octombrie 2015.<\/p>\n<h2>Jokerul primitiv<\/h2>\n<p>\u201eJokerul\u201d este un joc op\u021bional asociat cu Primitiva \u0219i disponibil din 2012.<\/p>\n<p>C\u00e2nd juca\u021bi biletul fizic, dac\u0103 dori\u021bi s\u0103 juca\u021bi \u0219i Joker, bifa\u021bi pur \u0219i simplu caseta corespunz\u0103toare. \u00cen mod automat \u0219i aleatoriu, sistemul atribuie biletului Primitiva o combina\u021bie de 7 cifre variind de la 0.000.000 la 9.999.999 inclusiv. Acest num\u0103r este unic, deci nu exist\u0103 posibilitatea ca mai mult de un c\u00e2\u0219tig\u0103tor de prima categorie.<\/p>\n<h2>Extragerea Jokerului<\/h2>\n<p>Extragerea se efectueaz\u0103 prin extragerea a \u0219apte bile dintr-o tob\u0103 diferit\u0103 de cea folosit\u0103 pentru extragerea ini\u021bial\u0103, iar tamburul men\u021bionat con\u021bine 10 bile numerotate de la 0 la 9. Dup\u0103 fiecare extragere bila este introdus\u0103 \u00eenapoi \u00een tob\u0103, put\u00e2nd ap\u0103rea \u00eemprejurarea c\u0103 aceea\u0219i bil\u0103 poate ie\u0219i de mai multe ori.<\/p>\n<h2>Premiile Joker<\/h2>\n<p>Pentru a ob\u021bine un premiu, numerele trebuie s\u0103 se potriveasc\u0103 \u00een aceea\u0219i ordine ca cele extrase la extragere Exist\u0103 6 categorii de premii, cu o alocare fix\u0103 \u200b\u200bpentru fiecare categorie.<\/p>\n<table style=\"width: 267px;\">\n<tbody>\n<tr>\n<td style=\"width: 74.625px; text-align: center;\">Categorie<\/td>\n<td style=\"width: 62.53125px; text-align: center;\">Succese<\/td>\n<td style=\"width: 107.875px; text-align: center;\">Premii<\/td>\n<\/tr>\n<tr>\n<td style=\"width: 74.625px; text-align: center;\">1a<\/td>\n<td style=\"width: 62.53125px; text-align: center;\">7<\/td>\n<td style=\"width: 107.875px; text-align: right;\">1.000.000 \u20ac<\/td>\n<\/tr>\n<tr>\n<td style=\"width: 74.625px; text-align: center;\">2a<\/td>\n<td style=\"width: 62.53125px; text-align: center;\">6<\/td>\n<td style=\"width: 107.875px; text-align: right;\">100.000 \u20ac<\/td>\n<\/tr>\n<tr>\n<td style=\"width: 74.625px; text-align: center;\">3a<\/td>\n<td style=\"width: 62.53125px; text-align: center;\">5<\/td>\n<td style=\"width: 107.875px; text-align: right;\">10.000 \u20ac<\/td>\n<\/tr>\n<tr>\n<td style=\"width: 74.625px; text-align: center;\">4a<\/td>\n<td style=\"width: 62.53125px; text-align: center;\">4<\/td>\n<td style=\"width: 107.875px; text-align: right;\">1.000 \u20ac<\/td>\n<\/tr>\n<tr>\n<td style=\"width: 74.625px; text-align: center;\">5a<\/td>\n<td style=\"width: 62.53125px; text-align: center;\">3<\/td>\n<td style=\"width: 107.875px; text-align: right;\">100 \u20ac<\/td>\n<\/tr>\n<tr>\n<td style=\"width: 74.625px; text-align: center;\">6a<\/td>\n<td style=\"width: 62.53125px; text-align: center;\">2<\/td>\n<td style=\"width: 107.875px; text-align: right;\">10 \u20ac<\/td>\n<\/tr>\n<\/tbody>\n<\/table>\n<h2>\u015eanse de victorie \u00een Primitiva<\/h2>\n<p>&nbsp;<\/p>\n","protected":false},"excerpt":{"rendered":"<p>La Primitiva este un joc de loterie bazat pe prezicerea a 6 numere din 49 de numere posibile. Jocul Primitiva dateaz\u0103 de la \u00eenceputurile loteriei din Spania \u00een 1763, iar dezvoltarea sa a avut varia\u021bii, astfel \u00eenc\u00e2t regulamentele sale au fost adaptate la circumstan\u021bele fiec\u0103rui moment \u0219i la ceea ce istoria i-a cerut. Reguli primitive [&hellip;]<\/p>\n","protected":false},"author":2,"featured_media":0,"parent":14730,"menu_order":6,"comment_status":"closed","ping_status":"closed","template":"la-primitiva-info.php","meta":{"_et_pb_use_builder":"","_et_pb_old_content":"","_et_gb_content_width":"","exclude_from_search":false,"footnotes":""},"class_list":["post-14838","page","type-page","status-publish","hentry"],"yoast_head":"<!-- This site is optimized with the Yoast SEO plugin v23.7 - https:\/\/yoast.com\/wordpress\/plugins\/seo\/ -->\n<title>Informa\u021bii despre La Primitiva - Lottohoy<\/title>\n<meta name=\"description\" content=\"Informa\u021bii ale jocului, previziuni ale Primitiva. Acesta const\u0103 \u00een a face o predic\u021bie bazat\u0103 pe alegerea a 6 numere dintr-un total de 49.\" \/>\n<meta name=\"robots\" content=\"index, follow, max-snippet:-1, max-image-preview:large, max-video-preview:-1\" \/>\n<link rel=\"canonical\" href=\"https:\/\/lottohoy.com\/ro\/totul-despre-loteria-online\/informatii-despre-la-primitiva\/\" \/>\n<meta property=\"og:locale\" content=\"ro_RO\" \/>\n<meta property=\"og:type\" content=\"article\" \/>\n<meta property=\"og:title\" content=\"Informa\u021bii despre La Primitiva - Lottohoy\" \/>\n<meta property=\"og:description\" content=\"Informa\u021bii ale jocului, previziuni ale Primitiva. Acesta const\u0103 \u00een a face o predic\u021bie bazat\u0103 pe alegerea a 6 numere dintr-un total de 49.\" \/>\n<meta property=\"og:url\" content=\"https:\/\/lottohoy.com\/ro\/totul-despre-loteria-online\/informatii-despre-la-primitiva\/\" \/>\n<meta property=\"og:site_name\" content=\"Lottohoy\" \/>\n<meta property=\"article:modified_time\" content=\"2025-03-17T17:18:14+00:00\" \/>\n<meta name=\"twitter:card\" content=\"summary_large_image\" \/>\n<meta name=\"twitter:label1\" content=\"Timp estimat pentru citire\" \/>\n\t<meta name=\"twitter:data1\" content=\"4 minute\" \/>\n<script type=\"application\/ld+json\" class=\"yoast-schema-graph\">{\"@context\":\"https:\/\/schema.org\",\"@graph\":[{\"@type\":\"WebPage\",\"@id\":\"https:\/\/lottohoy.com\/ro\/totul-despre-loteria-online\/informatii-despre-la-primitiva\/\",\"url\":\"https:\/\/lottohoy.com\/ro\/totul-despre-loteria-online\/informatii-despre-la-primitiva\/\",\"name\":\"Informa\u021bii despre La Primitiva - Lottohoy\",\"isPartOf\":{\"@id\":\"https:\/\/lottohoy.com\/ro\/#website\"},\"datePublished\":\"2018-08-21T09:17:14+00:00\",\"dateModified\":\"2025-03-17T17:18:14+00:00\",\"description\":\"Informa\u021bii ale jocului, previziuni ale Primitiva. Acesta const\u0103 \u00een a face o predic\u021bie bazat\u0103 pe alegerea a 6 numere dintr-un total de 49.\",\"breadcrumb\":{\"@id\":\"https:\/\/lottohoy.com\/ro\/totul-despre-loteria-online\/informatii-despre-la-primitiva\/#breadcrumb\"},\"inLanguage\":\"ro-RO\",\"potentialAction\":[{\"@type\":\"ReadAction\",\"target\":[\"https:\/\/lottohoy.com\/ro\/totul-despre-loteria-online\/informatii-despre-la-primitiva\/\"]}]},{\"@type\":\"BreadcrumbList\",\"@id\":\"https:\/\/lottohoy.com\/ro\/totul-despre-loteria-online\/informatii-despre-la-primitiva\/#breadcrumb\",\"itemListElement\":[{\"@type\":\"ListItem\",\"position\":1,\"name\":\"Home\",\"item\":\"https:\/\/lottohoy.com\/ro\/\"},{\"@type\":\"ListItem\",\"position\":2,\"name\":\"Totul despre loteria online\",\"item\":\"https:\/\/lottohoy.com\/ro\/totul-despre-loteria-online\/\"},{\"@type\":\"ListItem\",\"position\":3,\"name\":\"Informa\u021bii despre La Primitiva\"}]},{\"@type\":\"WebSite\",\"@id\":\"https:\/\/lottohoy.com\/ro\/#website\",\"url\":\"https:\/\/lottohoy.com\/ro\/\",\"name\":\"Lottohoy\",\"description\":\"\",\"potentialAction\":[{\"@type\":\"SearchAction\",\"target\":{\"@type\":\"EntryPoint\",\"urlTemplate\":\"https:\/\/lottohoy.com\/ro\/?s={search_term_string}\"},\"query-input\":{\"@type\":\"PropertyValueSpecification\",\"valueRequired\":true,\"valueName\":\"search_term_string\"}}],\"inLanguage\":\"ro-RO\"}]}<\/script>\n<!-- \/ Yoast SEO plugin. -->","yoast_head_json":{"title":"Informa\u021bii despre La Primitiva - Lottohoy","description":"Informa\u021bii ale jocului, previziuni ale Primitiva. Acesta const\u0103 \u00een a face o predic\u021bie bazat\u0103 pe alegerea a 6 numere dintr-un total de 49.","robots":{"index":"index","follow":"follow","max-snippet":"max-snippet:-1","max-image-preview":"max-image-preview:large","max-video-preview":"max-video-preview:-1"},"canonical":"https:\/\/lottohoy.com\/ro\/totul-despre-loteria-online\/informatii-despre-la-primitiva\/","og_locale":"ro_RO","og_type":"article","og_title":"Informa\u021bii despre La Primitiva - Lottohoy","og_description":"Informa\u021bii ale jocului, previziuni ale Primitiva. Acesta const\u0103 \u00een a face o predic\u021bie bazat\u0103 pe alegerea a 6 numere dintr-un total de 49.","og_url":"https:\/\/lottohoy.com\/ro\/totul-despre-loteria-online\/informatii-despre-la-primitiva\/","og_site_name":"Lottohoy","article_modified_time":"2025-03-17T17:18:14+00:00","twitter_card":"summary_large_image","twitter_misc":{"Timp estimat pentru citire":"4 minute"},"schema":{"@context":"https:\/\/schema.org","@graph":[{"@type":"WebPage","@id":"https:\/\/lottohoy.com\/ro\/totul-despre-loteria-online\/informatii-despre-la-primitiva\/","url":"https:\/\/lottohoy.com\/ro\/totul-despre-loteria-online\/informatii-despre-la-primitiva\/","name":"Informa\u021bii despre La Primitiva - Lottohoy","isPartOf":{"@id":"https:\/\/lottohoy.com\/ro\/#website"},"datePublished":"2018-08-21T09:17:14+00:00","dateModified":"2025-03-17T17:18:14+00:00","description":"Informa\u021bii ale jocului, previziuni ale Primitiva. Acesta const\u0103 \u00een a face o predic\u021bie bazat\u0103 pe alegerea a 6 numere dintr-un total de 49.","breadcrumb":{"@id":"https:\/\/lottohoy.com\/ro\/totul-despre-loteria-online\/informatii-despre-la-primitiva\/#breadcrumb"},"inLanguage":"ro-RO","potentialAction":[{"@type":"ReadAction","target":["https:\/\/lottohoy.com\/ro\/totul-despre-loteria-online\/informatii-despre-la-primitiva\/"]}]},{"@type":"BreadcrumbList","@id":"https:\/\/lottohoy.com\/ro\/totul-despre-loteria-online\/informatii-despre-la-primitiva\/#breadcrumb","itemListElement":[{"@type":"ListItem","position":1,"name":"Home","item":"https:\/\/lottohoy.com\/ro\/"},{"@type":"ListItem","position":2,"name":"Totul despre loteria online","item":"https:\/\/lottohoy.com\/ro\/totul-despre-loteria-online\/"},{"@type":"ListItem","position":3,"name":"Informa\u021bii despre La Primitiva"}]},{"@type":"WebSite","@id":"https:\/\/lottohoy.com\/ro\/#website","url":"https:\/\/lottohoy.com\/ro\/","name":"Lottohoy","description":"","potentialAction":[{"@type":"SearchAction","target":{"@type":"EntryPoint","urlTemplate":"https:\/\/lottohoy.com\/ro\/?s={search_term_string}"},"query-input":{"@type":"PropertyValueSpecification","valueRequired":true,"valueName":"search_term_string"}}],"inLanguage":"ro-RO"}]}},"_links":{"self":[{"href":"https:\/\/lottohoy.com\/ro\/wp-json\/wp\/v2\/pages\/14838","targetHints":{"allow":["GET"]}}],"collection":[{"href":"https:\/\/lottohoy.com\/ro\/wp-json\/wp\/v2\/pages"}],"about":[{"href":"https:\/\/lottohoy.com\/ro\/wp-json\/wp\/v2\/types\/page"}],"author":[{"embeddable":true,"href":"https:\/\/lottohoy.com\/ro\/wp-json\/wp\/v2\/users\/2"}],"replies":[{"embeddable":true,"href":"https:\/\/lottohoy.com\/ro\/wp-json\/wp\/v2\/comments?post=14838"}],"version-history":[{"count":4,"href":"https:\/\/lottohoy.com\/ro\/wp-json\/wp\/v2\/pages\/14838\/revisions"}],"predecessor-version":[{"id":15721,"href":"https:\/\/lottohoy.com\/ro\/wp-json\/wp\/v2\/pages\/14838\/revisions\/15721"}],"up":[{"embeddable":true,"href":"https:\/\/lottohoy.com\/ro\/wp-json\/wp\/v2\/pages\/14730"}],"wp:attachment":[{"href":"https:\/\/lottohoy.com\/ro\/wp-json\/wp\/v2\/media?parent=14838"}],"curies":[{"name":"wp","href":"https:\/\/api.w.org\/{rel}","templated":true}]}}