{"id":14830,"date":"2018-05-03T14:23:35","date_gmt":"2018-05-03T13:23:35","guid":{"rendered":"https:\/\/lottohoy.com\/?page_id=14830"},"modified":"2025-03-17T17:13:16","modified_gmt":"2025-03-17T17:13:16","slug":"informatii-superenalotto","status":"publish","type":"page","link":"https:\/\/lottohoy.com\/ro\/totul-despre-loteria-online\/informatii-superenalotto\/","title":{"rendered":"Informa\u021bii SuperEnalotto"},"content":{"rendered":"<h2>Loteria italian\u0103 SuperEnalotto<\/h2>\n<p>SuperEnalotto exist\u0103 din 1997, anul \u00een care a \u00eenlocuit predecesorul s\u0103u loteria Enalotto. Ini\u021bial, preg\u0103tirea combina\u021biei c\u00e2\u0219tig\u0103toare a fost destul de complex\u0103, \u00eentruc\u00e2t s-a bazat pe extragerea primei mingi din fiecare dintre tombolele desf\u0103\u0219urate \u00een ora\u0219ele Bari, Floren\u021ba, Milano, Roma, Napoli \u0219i Palermo.<\/p>\n<p>Adic\u0103, fiecare dintre aceste tombole \u0219i-a efectuat propria extragere, iar prima minge care a fost extras\u0103 din fiecare tombol\u0103 a fost cea care a alc\u0103tuit combina\u021bia c\u00e2\u0219tig\u0103toare SuperEnalotto. \u00cen cazul \u00een care oricare dintre bile dintr-una dintre tombole a ie\u0219it cu acela\u0219i num\u0103r ca \u0219i celelalte din tombol\u0103, aceast\u0103 minge a fost \u00eenlocuit\u0103 cu a doua, a treia etc.<br \/>\nPentru a finaliza \u00eentregul joc, s-a luat prima minge extras\u0103 de la tombola de la Vene\u021bia, iar acel num\u0103r i s-a acordat categoria Jolly, \u00een timp ce pentru a determina Super Star s-a str\u00e2ns prima minge extras\u0103 de la tombola na\u021bional\u0103.<\/p>\n<p>Toat\u0103 aceast\u0103 complexitate s-a simplificat \u00eencep\u00e2nd cu anul 2009, odat\u0103 cu intrarea \u00een vigoare a noilor reglement\u0103ri, proced\u00e2ndu-se la \u00eenlocuirea bilelor extrase din acele tombole pentru a lua bilele direct din dou\u0103 doar tobe. Una dintre ele cu bilele care vor determina combina\u021bia de 6 numere, plus o a \u0219aptea bil\u0103 pentru Jolly, iar prin cealalt\u0103 tob\u0103 extrage mingea pentru Super Star.<\/p>\n<p>Repartizarea premiilor se face pe baza colectarii, repartizandu-le pe diferite categorii, iar in cazul in care nu exista castigatori la nici una dintre categorii, suma acea asteptata se acumuleaza intr-un pot pentru urmatoarea tragere.<\/p>\n<p>\u00cen general, \u0219i din cauza dificult\u0103\u021bii de a ob\u021bine combina\u021bia c\u00e2\u0219tig\u0103toare, este destul de obi\u0219nuit s\u0103 fie create jackpot-uri de mai multe milioane de dolari.<\/p>\n<h2>Avantajele jocului Superenalotto online<\/h2>\n<p>Unul dintre marile avantaje ale <span style=\"color: #3366ff;\"><a style=\"color: #3366ff;\" href=\"https:\/\/lottohoy.com\/ro\/joaca-la-loterie-online\/joaca-superenalotto\/\">jocului Superenalotto <\/a><\/span>online este confortul de a putea face acest lucru la orice or\u0103 din zi sau din noapte, 24\/7, 365 de zile pe an. Pur \u0219i simplu av\u00e2nd un dispozitiv mobil, o tablet\u0103 sau un computer desktop \u0219i de oriunde \u00een lume.<br \/>\nNereziden\u021bii din Italia, prin LottoHoy.com, au posibilitatea real\u0103 de a accesa aceast\u0103 loterie suculent\u0103 \u0219i jackpot-urile sale mari.<br \/>\nBiletul se achizi\u021bioneaz\u0103 direct de la unitatea autorizat\u0103 \u0219i \u00een acest fel participarea este real\u0103. Sau prin asigurare.<br \/>\nIntru instantaneu \u00een premiile c\u00e2\u0219tigate, dup\u0103 publicarea<span style=\"color: #3366ff;\"><a style=\"color: #3366ff;\" href=\"https:\/\/lottohoy.com\/ro\/rezultate-la-loterie\/rezultate-superenalotto\/\"> rezultatelor Superenalotto.<\/a><\/span><br \/>\nExist\u0103 \u0219i o banc\u0103 de informa\u021bii a tuturor opera\u021biunilor efectuate, custodia biletelor achizi\u021bionate, evit\u00e2ndu-se astfel eventuale pierderi sau uitare.<br \/>\nInforma\u021bii oportune despre toate jackpot-urile pe m\u0103sur\u0103 ce se acumuleaz\u0103, astfel \u00eenc\u00e2t s\u0103 nu rata\u021bi ocazia de a participa la ele.<br \/>\nO mare varietate de metode de plat\u0103, depunere \u0219i retragere.<\/p>\n<h2>Probabilitatea de a c\u00e2\u0219tiga un premiu \u00een SuperEnalotto<\/h2>\n<p>Verific\u0103 suma medie de bani care poate fi c\u00e2\u0219tigat\u0103 \u00een fiecare dintre categorii precum \u0219i probabilitatea statistic\u0103 ca tu s\u0103 po\u021bi c\u00e2\u0219tiga jackpot-ul sau unul dintre celelalte premii.<br \/>\nAbrir en el Traductor de Google<br \/>\n\u2022<br \/>\nSugerencias<\/p>\n","protected":false},"excerpt":{"rendered":"<p>Loteria italian\u0103 SuperEnalotto SuperEnalotto exist\u0103 din 1997, anul \u00een care a \u00eenlocuit predecesorul s\u0103u loteria Enalotto. Ini\u021bial, preg\u0103tirea combina\u021biei c\u00e2\u0219tig\u0103toare a fost destul de complex\u0103, \u00eentruc\u00e2t s-a bazat pe extragerea primei mingi din fiecare dintre tombolele desf\u0103\u0219urate \u00een ora\u0219ele Bari, Floren\u021ba, Milano, Roma, Napoli \u0219i Palermo. Adic\u0103, fiecare dintre aceste tombole \u0219i-a efectuat propria extragere, [&hellip;]<\/p>\n","protected":false},"author":2,"featured_media":0,"parent":14730,"menu_order":5,"comment_status":"closed","ping_status":"closed","template":"superenalotto-info.php","meta":{"_et_pb_use_builder":"","_et_pb_old_content":"","_et_gb_content_width":"","exclude_from_search":false,"footnotes":""},"class_list":["post-14830","page","type-page","status-publish","hentry"],"yoast_head":"<!-- This site is optimized with the Yoast SEO plugin v23.7 - https:\/\/yoast.com\/wordpress\/plugins\/seo\/ -->\n<title>Informa\u021bii SuperEnalotto - Lottohoy<\/title>\n<meta name=\"description\" content=\"La Superenalotto, loteria din Italia, nu este neobi\u0219nuit s\u0103 se creeze jackpot-uri de mai multe milioane de euro - ob\u021bine\u021bi-v\u0103 biletul online!\" \/>\n<meta name=\"robots\" content=\"index, follow, max-snippet:-1, max-image-preview:large, max-video-preview:-1\" \/>\n<link rel=\"canonical\" href=\"https:\/\/lottohoy.com\/ro\/totul-despre-loteria-online\/informatii-superenalotto\/\" \/>\n<meta property=\"og:locale\" content=\"ro_RO\" \/>\n<meta property=\"og:type\" content=\"article\" \/>\n<meta property=\"og:title\" content=\"Informa\u021bii SuperEnalotto - Lottohoy\" \/>\n<meta property=\"og:description\" content=\"La Superenalotto, loteria din Italia, nu este neobi\u0219nuit s\u0103 se creeze jackpot-uri de mai multe milioane de euro - ob\u021bine\u021bi-v\u0103 biletul online!\" \/>\n<meta property=\"og:url\" content=\"https:\/\/lottohoy.com\/ro\/totul-despre-loteria-online\/informatii-superenalotto\/\" \/>\n<meta property=\"og:site_name\" content=\"Lottohoy\" \/>\n<meta property=\"article:modified_time\" content=\"2025-03-17T17:13:16+00:00\" \/>\n<meta name=\"twitter:card\" content=\"summary_large_image\" \/>\n<meta name=\"twitter:label1\" content=\"Timp estimat pentru citire\" \/>\n\t<meta name=\"twitter:data1\" content=\"3 minute\" \/>\n<script type=\"application\/ld+json\" class=\"yoast-schema-graph\">{\"@context\":\"https:\/\/schema.org\",\"@graph\":[{\"@type\":\"WebPage\",\"@id\":\"https:\/\/lottohoy.com\/ro\/totul-despre-loteria-online\/informatii-superenalotto\/\",\"url\":\"https:\/\/lottohoy.com\/ro\/totul-despre-loteria-online\/informatii-superenalotto\/\",\"name\":\"Informa\u021bii SuperEnalotto - Lottohoy\",\"isPartOf\":{\"@id\":\"https:\/\/lottohoy.com\/ro\/#website\"},\"datePublished\":\"2018-05-03T13:23:35+00:00\",\"dateModified\":\"2025-03-17T17:13:16+00:00\",\"description\":\"La Superenalotto, loteria din Italia, nu este neobi\u0219nuit s\u0103 se creeze jackpot-uri de mai multe milioane de euro - ob\u021bine\u021bi-v\u0103 biletul online!\",\"breadcrumb\":{\"@id\":\"https:\/\/lottohoy.com\/ro\/totul-despre-loteria-online\/informatii-superenalotto\/#breadcrumb\"},\"inLanguage\":\"ro-RO\",\"potentialAction\":[{\"@type\":\"ReadAction\",\"target\":[\"https:\/\/lottohoy.com\/ro\/totul-despre-loteria-online\/informatii-superenalotto\/\"]}]},{\"@type\":\"BreadcrumbList\",\"@id\":\"https:\/\/lottohoy.com\/ro\/totul-despre-loteria-online\/informatii-superenalotto\/#breadcrumb\",\"itemListElement\":[{\"@type\":\"ListItem\",\"position\":1,\"name\":\"Home\",\"item\":\"https:\/\/lottohoy.com\/ro\/\"},{\"@type\":\"ListItem\",\"position\":2,\"name\":\"Totul despre loteria online\",\"item\":\"https:\/\/lottohoy.com\/ro\/totul-despre-loteria-online\/\"},{\"@type\":\"ListItem\",\"position\":3,\"name\":\"Informa\u021bii SuperEnalotto\"}]},{\"@type\":\"WebSite\",\"@id\":\"https:\/\/lottohoy.com\/ro\/#website\",\"url\":\"https:\/\/lottohoy.com\/ro\/\",\"name\":\"Lottohoy\",\"description\":\"\",\"potentialAction\":[{\"@type\":\"SearchAction\",\"target\":{\"@type\":\"EntryPoint\",\"urlTemplate\":\"https:\/\/lottohoy.com\/ro\/?s={search_term_string}\"},\"query-input\":{\"@type\":\"PropertyValueSpecification\",\"valueRequired\":true,\"valueName\":\"search_term_string\"}}],\"inLanguage\":\"ro-RO\"}]}<\/script>\n<!-- \/ Yoast SEO plugin. -->","yoast_head_json":{"title":"Informa\u021bii SuperEnalotto - Lottohoy","description":"La Superenalotto, loteria din Italia, nu este neobi\u0219nuit s\u0103 se creeze jackpot-uri de mai multe milioane de euro - ob\u021bine\u021bi-v\u0103 biletul online!","robots":{"index":"index","follow":"follow","max-snippet":"max-snippet:-1","max-image-preview":"max-image-preview:large","max-video-preview":"max-video-preview:-1"},"canonical":"https:\/\/lottohoy.com\/ro\/totul-despre-loteria-online\/informatii-superenalotto\/","og_locale":"ro_RO","og_type":"article","og_title":"Informa\u021bii SuperEnalotto - Lottohoy","og_description":"La Superenalotto, loteria din Italia, nu este neobi\u0219nuit s\u0103 se creeze jackpot-uri de mai multe milioane de euro - ob\u021bine\u021bi-v\u0103 biletul online!","og_url":"https:\/\/lottohoy.com\/ro\/totul-despre-loteria-online\/informatii-superenalotto\/","og_site_name":"Lottohoy","article_modified_time":"2025-03-17T17:13:16+00:00","twitter_card":"summary_large_image","twitter_misc":{"Timp estimat pentru citire":"3 minute"},"schema":{"@context":"https:\/\/schema.org","@graph":[{"@type":"WebPage","@id":"https:\/\/lottohoy.com\/ro\/totul-despre-loteria-online\/informatii-superenalotto\/","url":"https:\/\/lottohoy.com\/ro\/totul-despre-loteria-online\/informatii-superenalotto\/","name":"Informa\u021bii SuperEnalotto - Lottohoy","isPartOf":{"@id":"https:\/\/lottohoy.com\/ro\/#website"},"datePublished":"2018-05-03T13:23:35+00:00","dateModified":"2025-03-17T17:13:16+00:00","description":"La Superenalotto, loteria din Italia, nu este neobi\u0219nuit s\u0103 se creeze jackpot-uri de mai multe milioane de euro - ob\u021bine\u021bi-v\u0103 biletul online!","breadcrumb":{"@id":"https:\/\/lottohoy.com\/ro\/totul-despre-loteria-online\/informatii-superenalotto\/#breadcrumb"},"inLanguage":"ro-RO","potentialAction":[{"@type":"ReadAction","target":["https:\/\/lottohoy.com\/ro\/totul-despre-loteria-online\/informatii-superenalotto\/"]}]},{"@type":"BreadcrumbList","@id":"https:\/\/lottohoy.com\/ro\/totul-despre-loteria-online\/informatii-superenalotto\/#breadcrumb","itemListElement":[{"@type":"ListItem","position":1,"name":"Home","item":"https:\/\/lottohoy.com\/ro\/"},{"@type":"ListItem","position":2,"name":"Totul despre loteria online","item":"https:\/\/lottohoy.com\/ro\/totul-despre-loteria-online\/"},{"@type":"ListItem","position":3,"name":"Informa\u021bii SuperEnalotto"}]},{"@type":"WebSite","@id":"https:\/\/lottohoy.com\/ro\/#website","url":"https:\/\/lottohoy.com\/ro\/","name":"Lottohoy","description":"","potentialAction":[{"@type":"SearchAction","target":{"@type":"EntryPoint","urlTemplate":"https:\/\/lottohoy.com\/ro\/?s={search_term_string}"},"query-input":{"@type":"PropertyValueSpecification","valueRequired":true,"valueName":"search_term_string"}}],"inLanguage":"ro-RO"}]}},"_links":{"self":[{"href":"https:\/\/lottohoy.com\/ro\/wp-json\/wp\/v2\/pages\/14830","targetHints":{"allow":["GET"]}}],"collection":[{"href":"https:\/\/lottohoy.com\/ro\/wp-json\/wp\/v2\/pages"}],"about":[{"href":"https:\/\/lottohoy.com\/ro\/wp-json\/wp\/v2\/types\/page"}],"author":[{"embeddable":true,"href":"https:\/\/lottohoy.com\/ro\/wp-json\/wp\/v2\/users\/2"}],"replies":[{"embeddable":true,"href":"https:\/\/lottohoy.com\/ro\/wp-json\/wp\/v2\/comments?post=14830"}],"version-history":[{"count":3,"href":"https:\/\/lottohoy.com\/ro\/wp-json\/wp\/v2\/pages\/14830\/revisions"}],"predecessor-version":[{"id":15717,"href":"https:\/\/lottohoy.com\/ro\/wp-json\/wp\/v2\/pages\/14830\/revisions\/15717"}],"up":[{"embeddable":true,"href":"https:\/\/lottohoy.com\/ro\/wp-json\/wp\/v2\/pages\/14730"}],"wp:attachment":[{"href":"https:\/\/lottohoy.com\/ro\/wp-json\/wp\/v2\/media?parent=14830"}],"curies":[{"name":"wp","href":"https:\/\/api.w.org\/{rel}","templated":true}]}}