{"id":14821,"date":"2018-05-03T14:23:33","date_gmt":"2018-05-03T13:23:33","guid":{"rendered":"https:\/\/lottohoy.com\/?page_id=14821"},"modified":"2025-03-17T17:01:53","modified_gmt":"2025-03-17T17:01:53","slug":"informatii-despre-eurojackpot","status":"publish","type":"page","link":"https:\/\/lottohoy.com\/ro\/totul-despre-loteria-online\/informatii-despre-eurojackpot\/","title":{"rendered":"Informa\u021bii despre Eurojackpot"},"content":{"rendered":"<p><strong>Jocul Eurojackpot<\/strong> are loc din 2012 \u0219i particip\u0103 17 \u021b\u0103ri europene. Extragerea are loc \u00een <strong>fiecare mar\u021bi \u0219i vineri;<\/strong> Pute\u021bi cump\u0103ra bilete at\u00e2t fizic, c\u00e2t \u0219i online, juc\u00e2nd cu noi.<\/p>\n<h2>O dat\u0103 loterie Eurojackpot<\/h2>\n<p><strong>Loteria Eurojackpot<\/strong> din Spania este de obicei asociat\u0103 cu ONCE, (Organiza\u021bia Na\u021bional\u0103 a Nev\u0103z\u0103torilor din Spania), deoarece este una dintre organiza\u021biile care particip\u0103 la respectiva loterie.<\/p>\n<p>\u00cen 2005 \u0219i ca urmare a succesului enorm pe care \u00eel \u00eenregistra <span style=\"color: #ff6600;\">loteria EuroMillions<\/span>, a \u00eenceput s\u0103 se contureze posibilitatea cre\u0103rii unei noi loterie europene.<\/p>\n<p>Dar abia \u00een 2011 s-a ajuns la un acord definitiv pentru lansarea jocului.<\/p>\n<p>\u021a\u0103rile care au semnat ini\u021bial acordul au fost: Germania, Danemarca, Estonia, Slovenia, Finlanda \u0219i \u021a\u0103rile de Jos. Italia s-a al\u0103turat ulterior \u0219i abia pe 30 iunie 2012, Spania s-a al\u0103turat ONCE.<\/p>\n<p>\u00cen februarie 2013, \u021b\u0103rile Croa\u021bia, Islanda, Letonia, Lituania, Norvegia \u0219i Suedia s-au al\u0103turat ca participan\u021bi la organizare. \u00cen octombrie 2014 sunt Ungaria \u0219i Republica Ceh\u0103, \u00een 2015 Slovacia \u0219i \u00een final \u00een 2017 Polonia, pentru a finaliza cele <strong>18 \u021b\u0103ri participante la Eurojackpot.<\/strong><\/p>\n<p>Cu caracteristici similare cu EuroMillions, aceast\u0103 loterie difer\u0103 mai presus de toate pentru c\u0103 limiteaz\u0103 <strong>jackpot-ul maxim<\/strong> la 90 de milioane de euro, 120 de milioane de euro la 19-03-2021, spre deosebire de EuroMillions care \u00ee\u0219i evalueaz\u0103 limita la 250 de milioane de euro.<\/p>\n<p>Cu toate acestea, \u0219ansele de a c\u00e2\u0219tiga un premiu de categorie superioar\u0103 la Eurojackpot sunt mai mari dec\u00e2t la Euromillions \u0219i chiar la alte loterie.<\/p>\n<h2>\u00cen ce zile se joac\u0103 EuroJackpot?<\/h2>\n<p><strong>Extragerea Eurojackpot<\/strong> are loc \u00een fiecare mar\u021bi \u0219i vineri la ora 21:00 GTM din ora\u0219ul Helsinki. \u00cen Spania este difuzat cu \u00eent\u00e2rziere la TV vineri \u00eencep\u00e2nd cu ora 22:15.<\/p>\n<h2>Pre\u021bul Eurojackpot<\/h2>\n<p>Pre\u021bul oficial al fiec\u0103rui bilet Eurojackpot \u00een 16 din cele 18 \u021b\u0103ri care fac parte din aceast\u0103 loterie european\u0103 este de 2 euro (\u00een Islanda \u0219i Norvegia, acest pre\u021b este calculat \u00een monedele respective).<\/p>\n<p>La LottoHoy.com po\u021bi juca Eurojackpot de la 3,95 euro (posibil cel mai mic pre\u021b \u00een compara\u021bie cu alte platforme de loterie online)<\/p>\n<p>Diferen\u021ba dintre pre\u021bul oficial al biletului \u0219i pre\u021bul oferit online <strong>se datoreaz\u0103 \u00een principal costurilor<\/strong> de gestionare suportate de achizi\u021bie, atunci c\u00e2nd se face \u00een afara \u021b\u0103rilor organizatoare, \u0219i a serviciilor suplimentare oferite de platformele de <span style=\"color: #ff6600;\">loterie online<\/span>.<\/p>\n<h3>Eurojackpot: jackpot \u0219i cote vs alte loterie.<\/h3>\n<p>\u00cen caseta urm\u0103toare putem vedea o compara\u021bie \u00eentre <strong>Eurojackpot<\/strong> \u0219i cele mai populare loterie: pre\u021burile biletelor pentru achizi\u021bie fizic\u0103 \u00een \u021bara de origine, costul achizi\u021biei online \u0219i probabilit\u0103\u021bile de ob\u021binere a premiului sau jackpot-ului de prima categorie la fiecare loterie, astfel \u00eenc\u00e2t s\u0103 pute\u021bi decide ce loterie vi se potrive\u0219te cel mai<\/p>\n<table class=\"t1\" style=\"width: 595px;\" cellspacing=\"0\" cellpadding=\"0\">\n<tbody>\n<tr>\n<td class=\"td1\" style=\"width: 117.688px;\" valign=\"top\">\n<p class=\"p1\"><strong>Loterie<\/strong><\/p>\n<\/td>\n<td class=\"td1\" style=\"width: 62.4062px;\" valign=\"top\">\n<p class=\"p1\"><strong>Pre\u0163<\/strong><\/p>\n<\/td>\n<td class=\"td1\" style=\"width: 82.1406px;\" valign=\"top\">\n<p class=\"p1\"><strong>Pret online<\/strong><\/p>\n<\/td>\n<td class=\"td1\" style=\"width: 148.984px;\" valign=\"top\">\n<p class=\"p1\"><strong>Premiul maxim<\/strong><\/p>\n<\/td>\n<td class=\"td1\" style=\"width: 171.781px;\" valign=\"top\">\n<p class=\"p2\"><strong>Cote<\/strong><\/p>\n<\/td>\n<\/tr>\n<tr>\n<td class=\"td1\" style=\"width: 117.688px;\" valign=\"top\">\n<p class=\"p1\">Eurojackpot<\/p>\n<\/td>\n<td class=\"td1\" style=\"width: 62.4062px; text-align: right;\" valign=\"top\">\n<p class=\"p2\">2,00 \u20ac<\/p>\n<\/td>\n<td class=\"td1\" style=\"width: 82.1406px; text-align: right;\" valign=\"top\">\n<p class=\"p2\">3,95 \u20ac<\/p>\n<\/td>\n<td class=\"td1\" style=\"width: 148.984px; text-align: right;\" valign=\"top\">\n<p class=\"p2\">120.000.000 \u20ac<\/p>\n<\/td>\n<td class=\"td1\" style=\"width: 171.781px; text-align: right;\" valign=\"top\">\n<p class=\"p2\">1 em 95.344.200<\/p>\n<\/td>\n<\/tr>\n<tr>\n<td class=\"td1\" style=\"width: 117.688px;\" valign=\"top\">\n<p class=\"p1\">Euromillones<\/p>\n<\/td>\n<td class=\"td1\" style=\"width: 62.4062px; text-align: right;\" valign=\"top\">\n<p class=\"p2\">2,50 \u20ac<\/p>\n<\/td>\n<td class=\"td1\" style=\"width: 82.1406px; text-align: right;\" valign=\"top\">\n<p class=\"p2\">3,95 \u20ac<\/p>\n<\/td>\n<td class=\"td1\" style=\"width: 148.984px; text-align: right;\" valign=\"top\">\n<p class=\"p2\">250.000.000 \u20ac<\/p>\n<\/td>\n<td class=\"td1\" style=\"width: 171.781px; text-align: right;\" valign=\"top\">\n<p class=\"p2\">1 em 139.838.160<\/p>\n<\/td>\n<\/tr>\n<tr>\n<td class=\"td1\" style=\"width: 117.688px;\" valign=\"top\">\n<p class=\"p1\">SuperEnalotto<\/p>\n<\/td>\n<td class=\"td1\" style=\"width: 62.4062px; text-align: right;\" valign=\"top\">\n<p class=\"p2\">1,00 \u20ac<\/p>\n<\/td>\n<td class=\"td1\" style=\"width: 82.1406px; text-align: right;\" valign=\"top\">\n<p class=\"p2\">3,00 \u20ac<\/p>\n<\/td>\n<td class=\"td1\" style=\"width: 148.984px; text-align: right;\" valign=\"top\">\n<p class=\"p2\">sem limites<\/p>\n<\/td>\n<td class=\"td1\" style=\"width: 171.781px; text-align: right;\" valign=\"top\">\n<p class=\"p2\">1 em 622.614.630<\/p>\n<\/td>\n<\/tr>\n<tr>\n<td class=\"td1\" style=\"width: 117.688px;\" valign=\"top\">\n<p class=\"p1\">PowerBall US<\/p>\n<\/td>\n<td class=\"td1\" style=\"width: 62.4062px; text-align: right;\" valign=\"top\">\n<p class=\"p2\">2,00 $<\/p>\n<\/td>\n<td class=\"td1\" style=\"width: 82.1406px; text-align: right;\" valign=\"top\">\n<p class=\"p2\">3,95 \u20ac<\/p>\n<\/td>\n<td class=\"td1\" style=\"width: 148.984px; text-align: right;\" valign=\"top\">\n<p class=\"p2\">sem limites<\/p>\n<\/td>\n<td class=\"td1\" style=\"width: 171.781px; text-align: right;\" valign=\"top\">\n<p class=\"p2\">1 em 292.201.338<\/p>\n<\/td>\n<\/tr>\n<tr>\n<td class=\"td1\" style=\"width: 117.688px;\" valign=\"top\">\n<p class=\"p1\">MegaMillions<\/p>\n<\/td>\n<td class=\"td1\" style=\"width: 62.4062px; text-align: right;\" valign=\"top\">\n<p class=\"p2\">2,00 $<\/p>\n<\/td>\n<td class=\"td1\" style=\"width: 82.1406px; text-align: right;\" valign=\"top\">\n<p class=\"p2\">3.95 \u20ac<\/p>\n<\/td>\n<td class=\"td1\" style=\"width: 148.984px; text-align: right;\" valign=\"top\">\n<p class=\"p2\">sem limites<\/p>\n<\/td>\n<td class=\"td1\" style=\"width: 171.781px; text-align: right;\" valign=\"top\">\n<p class=\"p2\">1 em 302.575.350<\/p>\n<\/td>\n<\/tr>\n<tr>\n<td class=\"td1\" style=\"width: 117.688px;\" valign=\"top\">\n<p class=\"p1\">La Primitiva<\/p>\n<\/td>\n<td class=\"td1\" style=\"width: 62.4062px; text-align: right;\" valign=\"top\">\n<p class=\"p2\">1,00 \u20ac<\/p>\n<\/td>\n<td class=\"td1\" style=\"width: 82.1406px; text-align: right;\" valign=\"top\">\n<p class=\"p2\">2,00 \u20ac<\/p>\n<\/td>\n<td class=\"td1\" style=\"width: 148.984px; text-align: right;\" valign=\"top\">\n<p class=\"p2\">sem limites<\/p>\n<\/td>\n<td class=\"td1\" style=\"width: 171.781px; text-align: right;\" valign=\"top\">\n<p class=\"p2\">1 em 139.838.160<\/p>\n<\/td>\n<\/tr>\n<tr>\n<td class=\"td1\" style=\"width: 117.688px;\" valign=\"top\">\n<p class=\"p1\">PowerBall AU<\/p>\n<\/td>\n<td class=\"td1\" style=\"width: 62.4062px; text-align: right;\" valign=\"top\">\n<p class=\"p2\">1,20 $<\/p>\n<\/td>\n<td class=\"td1\" style=\"width: 82.1406px; text-align: right;\" valign=\"top\">\n<p class=\"p2\">2,00 \u20ac<\/p>\n<\/td>\n<td class=\"td1\" style=\"width: 148.984px; text-align: right;\" valign=\"top\">\n<p class=\"p2\">sem limites<\/p>\n<\/td>\n<td class=\"td1\" style=\"width: 171.781px; text-align: right;\" valign=\"top\">\n<p class=\"p2\">1 em 134.490.400<\/p>\n<\/td>\n<\/tr>\n<tr>\n<td class=\"td1\" style=\"width: 117.688px;\" valign=\"top\">\n<p class=\"p1\">UK Lottery<\/p>\n<\/td>\n<td class=\"td1\" style=\"width: 62.4062px; text-align: right;\" valign=\"top\">\n<p class=\"p2\">2,00 \u00a3<\/p>\n<\/td>\n<td class=\"td1\" style=\"width: 82.1406px; text-align: right;\" valign=\"top\">\n<p class=\"p2\">4,00 \u20ac<\/p>\n<\/td>\n<td class=\"td1\" style=\"width: 148.984px; text-align: right;\" valign=\"top\">\n<p class=\"p2\">22.000.000 \u00a3<\/p>\n<\/td>\n<td class=\"td1\" style=\"width: 171.781px; text-align: right;\" valign=\"top\">\n<p class=\"p2\">1 em 45.057.474<\/p>\n<\/td>\n<\/tr>\n<tr>\n<td class=\"td1\" style=\"width: 117.688px;\" valign=\"top\">\n<p class=\"p1\">French Lotto<\/p>\n<\/td>\n<td class=\"td1\" style=\"width: 62.4062px; text-align: right;\" valign=\"top\">\n<p class=\"p2\">2,20 \u20ac<\/p>\n<\/td>\n<td class=\"td1\" style=\"width: 82.1406px; text-align: right;\" valign=\"top\">\n<p class=\"p2\">3,50 \u20ac<\/p>\n<\/td>\n<td class=\"td1\" style=\"width: 148.984px; text-align: right;\" valign=\"top\">\n<p class=\"p2\">Jackpot dup\u0103 34 de acumul\u0103ri<\/p>\n<\/td>\n<td class=\"td1\" style=\"width: 171.781px; text-align: right;\" valign=\"top\">\n<p class=\"p2\">1 em 19.068.840<\/p>\n<\/td>\n<\/tr>\n<\/tbody>\n<\/table>\n<p>Dup\u0103 cum pute\u021bi vedea, \u0219ansele de a c\u00e2\u0219tiga jackpot-ul Eurojackpot sunt mai bune \u00een compara\u021bie cu alte loterie. De aceea, Eurojackpot a c\u00e2\u0219tigat at\u00e2t de mult\u0103 faim\u0103 printre iubitorii de loterie.<\/p>\n<h2>Avantajele jocului Eurojackpot Online<\/h2>\n<p><strong>Comoditate<\/strong>: \u0219i u\u0219urin\u021b\u0103 de a achizi\u021biona Eurojackpot prin protocoale securizate implementate la LottoHoy.com<br \/>\n<strong>Disponibilitate total\u0103<\/strong>: Deschis 24\/7, 365 de zile pe an. Din orice punct, at\u00e2ta timp c\u00e2t ave\u021bi o conexiune la internet, pentru dispozitive mobile, tablete sau computere desktop.<br \/>\n<strong>Informa\u021bii specifice:<\/strong> <span style=\"color: #ff6600;\">rezultate Eurojackpot<\/span>, promo\u021bii, jackpot-uri acumulate \u0219i noi extrageri.<br \/>\n<strong>Intrarea imediat\u0103 a premiilor<\/strong>: Toate premiile sunt introduse automat \u00een contul de utilizator \u0219i\/sau este indicat modul de procedare.<br \/>\n<strong>Control total:<\/strong> Prin intermediul contului de utilizator, pute\u021bi vedea \u00eentotdeauna starea contului, mi\u0219c\u0103rile efectuate de venituri, pl\u0103\u021bi, premii etc&#8230;<br \/>\n<strong>Metode de plat\u0103:<\/strong> O gam\u0103 larg\u0103 de metode de plat\u0103, at\u00e2t pentru efectuarea de depuneri, c\u00e2t \u0219i pentru retrageri.<br \/>\n<strong>Supor<\/strong>t: echip\u0103 de profesioni\u0219ti care ajut\u0103 la rezolvarea oric\u0103rei situa\u021bii.<br \/>\n<strong>\u0218tiri actuale despre jocul Eurojackpot.<\/strong><br \/>\n<strong>Extra<\/strong>: Participare la extrageri \u0219i bonusuri create de LottoHoy.com<\/p>\n<h2>\u0218ansele de a c\u00e2\u0219tiga un premiu la Eurojackpot<\/h2>\n<p>Am compilat probabilitatea real\u0103 de a c\u00e2\u0219tiga \u00een fiecare dintre categoriile de premii la Eurojackpot. De asemenea, pute\u021bi vedea % din suma alocat\u0103 premiilor care este distribuit\u0103 \u0219i premiul estimat la fiecare nivel.<\/p>\n","protected":false},"excerpt":{"rendered":"<p>Jocul Eurojackpot are loc din 2012 \u0219i particip\u0103 17 \u021b\u0103ri europene. Extragerea are loc \u00een fiecare mar\u021bi \u0219i vineri; Pute\u021bi cump\u0103ra bilete at\u00e2t fizic, c\u00e2t \u0219i online, juc\u00e2nd cu noi. O dat\u0103 loterie Eurojackpot Loteria Eurojackpot din Spania este de obicei asociat\u0103 cu ONCE, (Organiza\u021bia Na\u021bional\u0103 a Nev\u0103z\u0103torilor din Spania), deoarece este una dintre organiza\u021biile [&hellip;]<\/p>\n","protected":false},"author":2,"featured_media":0,"parent":14730,"menu_order":4,"comment_status":"closed","ping_status":"closed","template":"eurojackpot-info.php","meta":{"_et_pb_use_builder":"","_et_pb_old_content":"","_et_gb_content_width":"","exclude_from_search":false,"footnotes":""},"class_list":["post-14821","page","type-page","status-publish","hentry"],"yoast_head":"<!-- This site is optimized with the Yoast SEO plugin v23.7 - https:\/\/yoast.com\/wordpress\/plugins\/seo\/ -->\n<title>Informa\u021bii despre Eurojackpot - Lottohoy<\/title>\n<meta name=\"description\" content=\"\u0938\u092c\u0938\u0947 \u0932\u094b\u0915\u092a\u094d\u0930\u093f\u092f \u0932\u0949\u091f\u0930\u0940 \u092e\u0947\u0902 \u0938\u0947 \u090f\u0915, \u092f\u0942\u0930\u094b\u091c\u0948\u0915\u092a\u0949\u091f \u0915\u094b \u0917\u0939\u0930\u093e\u0908 \u0938\u0947 \u091c\u093e\u0928\u0947\u0902\u0964 \u0905\u092c \u0906\u092a \u0939\u092e\u093e\u0930\u0947 \u0938\u093e\u0925 \u0916\u0947\u0932\u0915\u0930 \u0905\u092a\u0928\u0947 \u091f\u093f\u0915\u091f \u0911\u0928\u0932\u093e\u0907\u0928 \u0916\u0930\u0940\u0926 \u0938\u0915\u0924\u0947 \u0939\u0948\u0902\u0964\" \/>\n<meta name=\"robots\" content=\"index, follow, max-snippet:-1, max-image-preview:large, max-video-preview:-1\" \/>\n<link rel=\"canonical\" href=\"https:\/\/lottohoy.com\/ro\/totul-despre-loteria-online\/informatii-despre-eurojackpot\/\" \/>\n<meta property=\"og:locale\" content=\"ro_RO\" \/>\n<meta property=\"og:type\" content=\"article\" \/>\n<meta property=\"og:title\" content=\"Informa\u021bii despre Eurojackpot - Lottohoy\" \/>\n<meta property=\"og:description\" content=\"\u0938\u092c\u0938\u0947 \u0932\u094b\u0915\u092a\u094d\u0930\u093f\u092f \u0932\u0949\u091f\u0930\u0940 \u092e\u0947\u0902 \u0938\u0947 \u090f\u0915, \u092f\u0942\u0930\u094b\u091c\u0948\u0915\u092a\u0949\u091f \u0915\u094b \u0917\u0939\u0930\u093e\u0908 \u0938\u0947 \u091c\u093e\u0928\u0947\u0902\u0964 \u0905\u092c \u0906\u092a \u0939\u092e\u093e\u0930\u0947 \u0938\u093e\u0925 \u0916\u0947\u0932\u0915\u0930 \u0905\u092a\u0928\u0947 \u091f\u093f\u0915\u091f \u0911\u0928\u0932\u093e\u0907\u0928 \u0916\u0930\u0940\u0926 \u0938\u0915\u0924\u0947 \u0939\u0948\u0902\u0964\" \/>\n<meta property=\"og:url\" content=\"https:\/\/lottohoy.com\/ro\/totul-despre-loteria-online\/informatii-despre-eurojackpot\/\" \/>\n<meta property=\"og:site_name\" content=\"Lottohoy\" \/>\n<meta property=\"article:modified_time\" content=\"2025-03-17T17:01:53+00:00\" \/>\n<meta name=\"twitter:card\" content=\"summary_large_image\" \/>\n<meta name=\"twitter:label1\" content=\"Timp estimat pentru citire\" \/>\n\t<meta name=\"twitter:data1\" content=\"4 minute\" \/>\n<script type=\"application\/ld+json\" class=\"yoast-schema-graph\">{\"@context\":\"https:\/\/schema.org\",\"@graph\":[{\"@type\":\"WebPage\",\"@id\":\"https:\/\/lottohoy.com\/ro\/totul-despre-loteria-online\/informatii-despre-eurojackpot\/\",\"url\":\"https:\/\/lottohoy.com\/ro\/totul-despre-loteria-online\/informatii-despre-eurojackpot\/\",\"name\":\"Informa\u021bii despre Eurojackpot - Lottohoy\",\"isPartOf\":{\"@id\":\"https:\/\/lottohoy.com\/ro\/#website\"},\"datePublished\":\"2018-05-03T13:23:33+00:00\",\"dateModified\":\"2025-03-17T17:01:53+00:00\",\"description\":\"\u0938\u092c\u0938\u0947 \u0932\u094b\u0915\u092a\u094d\u0930\u093f\u092f \u0932\u0949\u091f\u0930\u0940 \u092e\u0947\u0902 \u0938\u0947 \u090f\u0915, \u092f\u0942\u0930\u094b\u091c\u0948\u0915\u092a\u0949\u091f \u0915\u094b \u0917\u0939\u0930\u093e\u0908 \u0938\u0947 \u091c\u093e\u0928\u0947\u0902\u0964 \u0905\u092c \u0906\u092a \u0939\u092e\u093e\u0930\u0947 \u0938\u093e\u0925 \u0916\u0947\u0932\u0915\u0930 \u0905\u092a\u0928\u0947 \u091f\u093f\u0915\u091f \u0911\u0928\u0932\u093e\u0907\u0928 \u0916\u0930\u0940\u0926 \u0938\u0915\u0924\u0947 \u0939\u0948\u0902\u0964\",\"breadcrumb\":{\"@id\":\"https:\/\/lottohoy.com\/ro\/totul-despre-loteria-online\/informatii-despre-eurojackpot\/#breadcrumb\"},\"inLanguage\":\"ro-RO\",\"potentialAction\":[{\"@type\":\"ReadAction\",\"target\":[\"https:\/\/lottohoy.com\/ro\/totul-despre-loteria-online\/informatii-despre-eurojackpot\/\"]}]},{\"@type\":\"BreadcrumbList\",\"@id\":\"https:\/\/lottohoy.com\/ro\/totul-despre-loteria-online\/informatii-despre-eurojackpot\/#breadcrumb\",\"itemListElement\":[{\"@type\":\"ListItem\",\"position\":1,\"name\":\"Home\",\"item\":\"https:\/\/lottohoy.com\/ro\/\"},{\"@type\":\"ListItem\",\"position\":2,\"name\":\"Totul despre loteria online\",\"item\":\"https:\/\/lottohoy.com\/ro\/totul-despre-loteria-online\/\"},{\"@type\":\"ListItem\",\"position\":3,\"name\":\"Informa\u021bii despre Eurojackpot\"}]},{\"@type\":\"WebSite\",\"@id\":\"https:\/\/lottohoy.com\/ro\/#website\",\"url\":\"https:\/\/lottohoy.com\/ro\/\",\"name\":\"Lottohoy\",\"description\":\"\",\"potentialAction\":[{\"@type\":\"SearchAction\",\"target\":{\"@type\":\"EntryPoint\",\"urlTemplate\":\"https:\/\/lottohoy.com\/ro\/?s={search_term_string}\"},\"query-input\":{\"@type\":\"PropertyValueSpecification\",\"valueRequired\":true,\"valueName\":\"search_term_string\"}}],\"inLanguage\":\"ro-RO\"}]}<\/script>\n<!-- \/ Yoast SEO plugin. -->","yoast_head_json":{"title":"Informa\u021bii despre Eurojackpot - Lottohoy","description":"\u0938\u092c\u0938\u0947 \u0932\u094b\u0915\u092a\u094d\u0930\u093f\u092f \u0932\u0949\u091f\u0930\u0940 \u092e\u0947\u0902 \u0938\u0947 \u090f\u0915, \u092f\u0942\u0930\u094b\u091c\u0948\u0915\u092a\u0949\u091f \u0915\u094b \u0917\u0939\u0930\u093e\u0908 \u0938\u0947 \u091c\u093e\u0928\u0947\u0902\u0964 \u0905\u092c \u0906\u092a \u0939\u092e\u093e\u0930\u0947 \u0938\u093e\u0925 \u0916\u0947\u0932\u0915\u0930 \u0905\u092a\u0928\u0947 \u091f\u093f\u0915\u091f \u0911\u0928\u0932\u093e\u0907\u0928 \u0916\u0930\u0940\u0926 \u0938\u0915\u0924\u0947 \u0939\u0948\u0902\u0964","robots":{"index":"index","follow":"follow","max-snippet":"max-snippet:-1","max-image-preview":"max-image-preview:large","max-video-preview":"max-video-preview:-1"},"canonical":"https:\/\/lottohoy.com\/ro\/totul-despre-loteria-online\/informatii-despre-eurojackpot\/","og_locale":"ro_RO","og_type":"article","og_title":"Informa\u021bii despre Eurojackpot - Lottohoy","og_description":"\u0938\u092c\u0938\u0947 \u0932\u094b\u0915\u092a\u094d\u0930\u093f\u092f \u0932\u0949\u091f\u0930\u0940 \u092e\u0947\u0902 \u0938\u0947 \u090f\u0915, \u092f\u0942\u0930\u094b\u091c\u0948\u0915\u092a\u0949\u091f \u0915\u094b \u0917\u0939\u0930\u093e\u0908 \u0938\u0947 \u091c\u093e\u0928\u0947\u0902\u0964 \u0905\u092c \u0906\u092a \u0939\u092e\u093e\u0930\u0947 \u0938\u093e\u0925 \u0916\u0947\u0932\u0915\u0930 \u0905\u092a\u0928\u0947 \u091f\u093f\u0915\u091f \u0911\u0928\u0932\u093e\u0907\u0928 \u0916\u0930\u0940\u0926 \u0938\u0915\u0924\u0947 \u0939\u0948\u0902\u0964","og_url":"https:\/\/lottohoy.com\/ro\/totul-despre-loteria-online\/informatii-despre-eurojackpot\/","og_site_name":"Lottohoy","article_modified_time":"2025-03-17T17:01:53+00:00","twitter_card":"summary_large_image","twitter_misc":{"Timp estimat pentru citire":"4 minute"},"schema":{"@context":"https:\/\/schema.org","@graph":[{"@type":"WebPage","@id":"https:\/\/lottohoy.com\/ro\/totul-despre-loteria-online\/informatii-despre-eurojackpot\/","url":"https:\/\/lottohoy.com\/ro\/totul-despre-loteria-online\/informatii-despre-eurojackpot\/","name":"Informa\u021bii despre Eurojackpot - Lottohoy","isPartOf":{"@id":"https:\/\/lottohoy.com\/ro\/#website"},"datePublished":"2018-05-03T13:23:33+00:00","dateModified":"2025-03-17T17:01:53+00:00","description":"\u0938\u092c\u0938\u0947 \u0932\u094b\u0915\u092a\u094d\u0930\u093f\u092f \u0932\u0949\u091f\u0930\u0940 \u092e\u0947\u0902 \u0938\u0947 \u090f\u0915, \u092f\u0942\u0930\u094b\u091c\u0948\u0915\u092a\u0949\u091f \u0915\u094b \u0917\u0939\u0930\u093e\u0908 \u0938\u0947 \u091c\u093e\u0928\u0947\u0902\u0964 \u0905\u092c \u0906\u092a \u0939\u092e\u093e\u0930\u0947 \u0938\u093e\u0925 \u0916\u0947\u0932\u0915\u0930 \u0905\u092a\u0928\u0947 \u091f\u093f\u0915\u091f \u0911\u0928\u0932\u093e\u0907\u0928 \u0916\u0930\u0940\u0926 \u0938\u0915\u0924\u0947 \u0939\u0948\u0902\u0964","breadcrumb":{"@id":"https:\/\/lottohoy.com\/ro\/totul-despre-loteria-online\/informatii-despre-eurojackpot\/#breadcrumb"},"inLanguage":"ro-RO","potentialAction":[{"@type":"ReadAction","target":["https:\/\/lottohoy.com\/ro\/totul-despre-loteria-online\/informatii-despre-eurojackpot\/"]}]},{"@type":"BreadcrumbList","@id":"https:\/\/lottohoy.com\/ro\/totul-despre-loteria-online\/informatii-despre-eurojackpot\/#breadcrumb","itemListElement":[{"@type":"ListItem","position":1,"name":"Home","item":"https:\/\/lottohoy.com\/ro\/"},{"@type":"ListItem","position":2,"name":"Totul despre loteria online","item":"https:\/\/lottohoy.com\/ro\/totul-despre-loteria-online\/"},{"@type":"ListItem","position":3,"name":"Informa\u021bii despre Eurojackpot"}]},{"@type":"WebSite","@id":"https:\/\/lottohoy.com\/ro\/#website","url":"https:\/\/lottohoy.com\/ro\/","name":"Lottohoy","description":"","potentialAction":[{"@type":"SearchAction","target":{"@type":"EntryPoint","urlTemplate":"https:\/\/lottohoy.com\/ro\/?s={search_term_string}"},"query-input":{"@type":"PropertyValueSpecification","valueRequired":true,"valueName":"search_term_string"}}],"inLanguage":"ro-RO"}]}},"_links":{"self":[{"href":"https:\/\/lottohoy.com\/ro\/wp-json\/wp\/v2\/pages\/14821","targetHints":{"allow":["GET"]}}],"collection":[{"href":"https:\/\/lottohoy.com\/ro\/wp-json\/wp\/v2\/pages"}],"about":[{"href":"https:\/\/lottohoy.com\/ro\/wp-json\/wp\/v2\/types\/page"}],"author":[{"embeddable":true,"href":"https:\/\/lottohoy.com\/ro\/wp-json\/wp\/v2\/users\/2"}],"replies":[{"embeddable":true,"href":"https:\/\/lottohoy.com\/ro\/wp-json\/wp\/v2\/comments?post=14821"}],"version-history":[{"count":2,"href":"https:\/\/lottohoy.com\/ro\/wp-json\/wp\/v2\/pages\/14821\/revisions"}],"predecessor-version":[{"id":15714,"href":"https:\/\/lottohoy.com\/ro\/wp-json\/wp\/v2\/pages\/14821\/revisions\/15714"}],"up":[{"embeddable":true,"href":"https:\/\/lottohoy.com\/ro\/wp-json\/wp\/v2\/pages\/14730"}],"wp:attachment":[{"href":"https:\/\/lottohoy.com\/ro\/wp-json\/wp\/v2\/media?parent=14821"}],"curies":[{"name":"wp","href":"https:\/\/api.w.org\/{rel}","templated":true}]}}