{"id":14791,"date":"2018-05-03T14:23:36","date_gmt":"2018-05-03T13:23:36","guid":{"rendered":"https:\/\/lottohoy.com\/?page_id=14791"},"modified":"2025-03-17T16:56:05","modified_gmt":"2025-03-17T16:56:05","slug":"informatii-despre-loteria-uk","status":"publish","type":"page","link":"https:\/\/lottohoy.com\/ro\/totul-despre-loteria-online\/informatii-despre-loteria-uk\/","title":{"rendered":"Informa\u021bii despre loteria UK"},"content":{"rendered":"<p>Loto din UK, care a \u00eenceput \u00een 1994, este o loterie din Regatul Unit care se desf\u0103\u0219oar\u0103 \u00een fiecare miercuri \u0219i s\u00e2mb\u0103t\u0103. De asemenea, are un premiu minim garantat de 2.500.000 GBP.<\/p>\n<h2>Ce este Lotto UK?<\/h2>\n<p>Lotto UK este loteria na\u021bional\u0103 a Regatului Unit, a\u0219a cum am men\u021bionat deja, a fost creat\u0103 \u00een 1994 \u0219i de atunci interesul pentru ea a crescut, a\u0219a c\u0103 au existat unele modific\u0103ri \u00een reglement\u0103rile sale.<\/p>\n<p>Bilele care alc\u0103tuiesc \u0219i determin\u0103 combina\u021biile c\u00e2\u0219tig\u0103toare sunt 59 \u00een total \u0219i, \u00een mod curios, sunt \u00eemp\u0103r\u021bite \u00een culori, astfel \u00eenc\u00e2t fiecare zece numere s\u0103 aib\u0103 o culoare diferit\u0103 (de la 1 la 9 sunt albe, de la 10 la 19 sunt albastre \u0219i sunt urmate de roz, verde, galben \u0219i violet).<\/p>\n<p>Extragerea const\u0103 \u00een extragerea a 6 bile + o \u0219aptea ca \u201ebonus\u201d, iar la fiecare bilet de pariere se ata\u0219eaz\u0103 un cod de litere \u0219i cifre pentru a participa la Tombola Milionarului f\u0103r\u0103 costuri, \u00een administra\u021bii fizice.<\/p>\n<p>Jackpotul minim garantat este de 2.500.000 de lire sterline, \u00een timp ce maximul care poate fi atins cu diverse acumul\u0103ri este de 22 de milioane de lire sterline.<\/p>\n<p>Repartizarea premiilor este repartizata pe 7 categorii dupa detalii:<\/p>\n<p>Prima categorie. Prin potrivirea celor 6 numere ale combina\u021biei extrase, c\u00e2\u0219tigi Jackpotul.<br \/>\nA doua categorie. Prin potrivirea tuturor celor 5 numere + mingea bonus, c\u00e2\u0219tiga\u021bi un premiu estimat de 50.000 GBP.<br \/>\nA treia categorie. Prin potrivirea a 5 numere, c\u00e2\u0219tiga\u021bi un premiu estimat de 1.000 GBP.<br \/>\nA patra categorie. Prin potrivirea a 4 numere, c\u00e2\u0219tiga\u021bi un premiu estimat de 100 GBP.<br \/>\nA cincea categorie. Potrivirea a 3 numere c\u00e2\u0219tig\u0103 25 GBP.<br \/>\nCategoria a \u0219asea. Prin potrivirea a 2 numere, c\u00e2\u0219tiga\u021bi un bilet Lotto Lucky Dip gratuit.<\/p>\n<h2>Cum s\u0103 joci Lotto UK?<\/h2>\n<p>Juca\u021bi Lotto UK pe LottoHoy.com este foarte u\u0219or, dac\u0103 ave\u021bi deja un cont de utilizator, este doar o chestiune de a intra \u00een ecranul Lotto UK, de a plasa pariurile pe care le dori\u021bi \u0219i de a proceda la plata prin oricare dintre metodele de plat\u0103 pe care vi le punem la dispozi\u021bie sau cu fondurile proprii \u00een cont, dac\u0103 le ave\u021bi.<\/p>\n<p>Pentru acele persoane care nu au inca un cont de utilizator se pot inregistra in cateva secunde si apoi procedura de intrare este aceeasi.<\/p>\n<p>Odat\u0103 ajuns pe pagina de<span style=\"color: #3366ff;\"><a style=\"color: #3366ff;\" href=\"https:\/\/lottohoy.com\/ro\/joaca-la-loterie-online\/joaca-lotto-uk\/\"> joc Lotto UK<\/a><\/span> putem vedea 5 blocuri sau coloane cu casete numerotate de la 1 la 59 respectiv, \u0219i trebuie s\u0103 alegem 6 numere din prima coloan\u0103 (un bilet) dac\u0103 dorim s\u0103 facem un singur pariu.<\/p>\n<p>Dac\u0103 dori\u021bi s\u0103 juca\u021bi mai multe coloane, pe aceast\u0103 pagin\u0103 sunt afi\u0219ate p\u00e2n\u0103 la 5 coloane, dar f\u0103c\u00e2nd clic pe p\u0103tratul pe care scrie MAI MULTE LINII se deschide posibilitatea de a avea 10 coloane de jucat.<\/p>\n<p>Odat\u0103 ce te-ai hot\u0103r\u00e2t asupra coloanelor (pariurilor) dorite, trebuie pur \u0219i simplu s\u0103 CONTINUI \u0219i s\u0103 faci plata.<\/p>\n<h2>Pre\u021bul de pariuri Lotto UK<\/h2>\n<p>Pre\u021bul oficial al fiec\u0103rui pariu Lotto UK este de 4,75 EUR, dar acest pre\u021b poate varia semnificativ pentru acele persoane care acceseaz\u0103 achizi\u021bia \u00een afara Regatului Unit \u0219i fac achizi\u021bia online.<\/p>\n<p>Diferen\u021ba de pre\u021b al pariului poate fi motivat\u0103 de plata unui comision c\u0103tre agentul fizic care efectueaz\u0103 achizi\u021bia \u00een Marea Britanie \u0219i de costurile de gestionare a platformei online.<\/p>\n<h2>\u0218ansa de a c\u00e2\u0219tiga la lotto UK<\/h2>\n<p>Cu to\u021bii ne dorim s\u0103 c\u00e2\u0219tig\u0103m c\u00e2t mai mul\u021bi bani c\u00e2nd juc\u0103m la loterie. \u00cen tabelul urm\u0103tor po\u021bi vedea care sunt \u0219ansele tale de a c\u00e2\u0219tiga oricare dintre premii. Combina\u021bi aceste statistici cu cele mai recente <span style=\"color: #3366ff;\"><a style=\"color: #3366ff;\" href=\"https:\/\/lottohoy.com\/ro\/rezultate-la-loterie\/rezultatele-lotto-uk\/\">rezultate Lotto UK<\/a><\/span> pentru a ob\u021bine cel mai mare profit.<\/p>\n","protected":false},"excerpt":{"rendered":"<p>Loto din UK, care a \u00eenceput \u00een 1994, este o loterie din Regatul Unit care se desf\u0103\u0219oar\u0103 \u00een fiecare miercuri \u0219i s\u00e2mb\u0103t\u0103. De asemenea, are un premiu minim garantat de 2.500.000 GBP. Ce este Lotto UK? Lotto UK este loteria na\u021bional\u0103 a Regatului Unit, a\u0219a cum am men\u021bionat deja, a fost creat\u0103 \u00een 1994 \u0219i [&hellip;]<\/p>\n","protected":false},"author":2,"featured_media":0,"parent":14730,"menu_order":3,"comment_status":"closed","ping_status":"closed","template":"lotto-uk-info.php","meta":{"_et_pb_use_builder":"","_et_pb_old_content":"","_et_gb_content_width":"","exclude_from_search":false,"footnotes":""},"class_list":["post-14791","page","type-page","status-publish","hentry"],"yoast_head":"<!-- This site is optimized with the Yoast SEO plugin v23.7 - https:\/\/yoast.com\/wordpress\/plugins\/seo\/ -->\n<title>Informa\u021bii despre loteria UK - Lottohoy<\/title>\n<meta name=\"description\" content=\"UK Lotto este o loterie britanic\u0103 organizat\u0103 \u00een fiecare miercuri \u0219i s\u00e2mb\u0103t\u0103. Are un premiu minim garantat de \u00a32,500,000. Juca\u021bi acum!\" \/>\n<meta name=\"robots\" content=\"index, follow, max-snippet:-1, max-image-preview:large, max-video-preview:-1\" \/>\n<link rel=\"canonical\" href=\"https:\/\/lottohoy.com\/ro\/totul-despre-loteria-online\/informatii-despre-loteria-uk\/\" \/>\n<meta property=\"og:locale\" content=\"ro_RO\" \/>\n<meta property=\"og:type\" content=\"article\" \/>\n<meta property=\"og:title\" content=\"Informa\u021bii despre loteria UK - Lottohoy\" \/>\n<meta property=\"og:description\" content=\"UK Lotto este o loterie britanic\u0103 organizat\u0103 \u00een fiecare miercuri \u0219i s\u00e2mb\u0103t\u0103. Are un premiu minim garantat de \u00a32,500,000. Juca\u021bi acum!\" \/>\n<meta property=\"og:url\" content=\"https:\/\/lottohoy.com\/ro\/totul-despre-loteria-online\/informatii-despre-loteria-uk\/\" \/>\n<meta property=\"og:site_name\" content=\"Lottohoy\" \/>\n<meta property=\"article:modified_time\" content=\"2025-03-17T16:56:05+00:00\" \/>\n<meta name=\"twitter:card\" content=\"summary_large_image\" \/>\n<meta name=\"twitter:label1\" content=\"Timp estimat pentru citire\" \/>\n\t<meta name=\"twitter:data1\" content=\"3 minute\" \/>\n<script type=\"application\/ld+json\" class=\"yoast-schema-graph\">{\"@context\":\"https:\/\/schema.org\",\"@graph\":[{\"@type\":\"WebPage\",\"@id\":\"https:\/\/lottohoy.com\/ro\/totul-despre-loteria-online\/informatii-despre-loteria-uk\/\",\"url\":\"https:\/\/lottohoy.com\/ro\/totul-despre-loteria-online\/informatii-despre-loteria-uk\/\",\"name\":\"Informa\u021bii despre loteria UK - Lottohoy\",\"isPartOf\":{\"@id\":\"https:\/\/lottohoy.com\/ro\/#website\"},\"datePublished\":\"2018-05-03T13:23:36+00:00\",\"dateModified\":\"2025-03-17T16:56:05+00:00\",\"description\":\"UK Lotto este o loterie britanic\u0103 organizat\u0103 \u00een fiecare miercuri \u0219i s\u00e2mb\u0103t\u0103. Are un premiu minim garantat de \u00a32,500,000. Juca\u021bi acum!\",\"breadcrumb\":{\"@id\":\"https:\/\/lottohoy.com\/ro\/totul-despre-loteria-online\/informatii-despre-loteria-uk\/#breadcrumb\"},\"inLanguage\":\"ro-RO\",\"potentialAction\":[{\"@type\":\"ReadAction\",\"target\":[\"https:\/\/lottohoy.com\/ro\/totul-despre-loteria-online\/informatii-despre-loteria-uk\/\"]}]},{\"@type\":\"BreadcrumbList\",\"@id\":\"https:\/\/lottohoy.com\/ro\/totul-despre-loteria-online\/informatii-despre-loteria-uk\/#breadcrumb\",\"itemListElement\":[{\"@type\":\"ListItem\",\"position\":1,\"name\":\"Home\",\"item\":\"https:\/\/lottohoy.com\/ro\/\"},{\"@type\":\"ListItem\",\"position\":2,\"name\":\"Totul despre loteria online\",\"item\":\"https:\/\/lottohoy.com\/ro\/totul-despre-loteria-online\/\"},{\"@type\":\"ListItem\",\"position\":3,\"name\":\"Informa\u021bii despre loteria UK\"}]},{\"@type\":\"WebSite\",\"@id\":\"https:\/\/lottohoy.com\/ro\/#website\",\"url\":\"https:\/\/lottohoy.com\/ro\/\",\"name\":\"Lottohoy\",\"description\":\"\",\"potentialAction\":[{\"@type\":\"SearchAction\",\"target\":{\"@type\":\"EntryPoint\",\"urlTemplate\":\"https:\/\/lottohoy.com\/ro\/?s={search_term_string}\"},\"query-input\":{\"@type\":\"PropertyValueSpecification\",\"valueRequired\":true,\"valueName\":\"search_term_string\"}}],\"inLanguage\":\"ro-RO\"}]}<\/script>\n<!-- \/ Yoast SEO plugin. -->","yoast_head_json":{"title":"Informa\u021bii despre loteria UK - Lottohoy","description":"UK Lotto este o loterie britanic\u0103 organizat\u0103 \u00een fiecare miercuri \u0219i s\u00e2mb\u0103t\u0103. Are un premiu minim garantat de \u00a32,500,000. Juca\u021bi acum!","robots":{"index":"index","follow":"follow","max-snippet":"max-snippet:-1","max-image-preview":"max-image-preview:large","max-video-preview":"max-video-preview:-1"},"canonical":"https:\/\/lottohoy.com\/ro\/totul-despre-loteria-online\/informatii-despre-loteria-uk\/","og_locale":"ro_RO","og_type":"article","og_title":"Informa\u021bii despre loteria UK - Lottohoy","og_description":"UK Lotto este o loterie britanic\u0103 organizat\u0103 \u00een fiecare miercuri \u0219i s\u00e2mb\u0103t\u0103. Are un premiu minim garantat de \u00a32,500,000. Juca\u021bi acum!","og_url":"https:\/\/lottohoy.com\/ro\/totul-despre-loteria-online\/informatii-despre-loteria-uk\/","og_site_name":"Lottohoy","article_modified_time":"2025-03-17T16:56:05+00:00","twitter_card":"summary_large_image","twitter_misc":{"Timp estimat pentru citire":"3 minute"},"schema":{"@context":"https:\/\/schema.org","@graph":[{"@type":"WebPage","@id":"https:\/\/lottohoy.com\/ro\/totul-despre-loteria-online\/informatii-despre-loteria-uk\/","url":"https:\/\/lottohoy.com\/ro\/totul-despre-loteria-online\/informatii-despre-loteria-uk\/","name":"Informa\u021bii despre loteria UK - Lottohoy","isPartOf":{"@id":"https:\/\/lottohoy.com\/ro\/#website"},"datePublished":"2018-05-03T13:23:36+00:00","dateModified":"2025-03-17T16:56:05+00:00","description":"UK Lotto este o loterie britanic\u0103 organizat\u0103 \u00een fiecare miercuri \u0219i s\u00e2mb\u0103t\u0103. Are un premiu minim garantat de \u00a32,500,000. Juca\u021bi acum!","breadcrumb":{"@id":"https:\/\/lottohoy.com\/ro\/totul-despre-loteria-online\/informatii-despre-loteria-uk\/#breadcrumb"},"inLanguage":"ro-RO","potentialAction":[{"@type":"ReadAction","target":["https:\/\/lottohoy.com\/ro\/totul-despre-loteria-online\/informatii-despre-loteria-uk\/"]}]},{"@type":"BreadcrumbList","@id":"https:\/\/lottohoy.com\/ro\/totul-despre-loteria-online\/informatii-despre-loteria-uk\/#breadcrumb","itemListElement":[{"@type":"ListItem","position":1,"name":"Home","item":"https:\/\/lottohoy.com\/ro\/"},{"@type":"ListItem","position":2,"name":"Totul despre loteria online","item":"https:\/\/lottohoy.com\/ro\/totul-despre-loteria-online\/"},{"@type":"ListItem","position":3,"name":"Informa\u021bii despre loteria UK"}]},{"@type":"WebSite","@id":"https:\/\/lottohoy.com\/ro\/#website","url":"https:\/\/lottohoy.com\/ro\/","name":"Lottohoy","description":"","potentialAction":[{"@type":"SearchAction","target":{"@type":"EntryPoint","urlTemplate":"https:\/\/lottohoy.com\/ro\/?s={search_term_string}"},"query-input":{"@type":"PropertyValueSpecification","valueRequired":true,"valueName":"search_term_string"}}],"inLanguage":"ro-RO"}]}},"_links":{"self":[{"href":"https:\/\/lottohoy.com\/ro\/wp-json\/wp\/v2\/pages\/14791","targetHints":{"allow":["GET"]}}],"collection":[{"href":"https:\/\/lottohoy.com\/ro\/wp-json\/wp\/v2\/pages"}],"about":[{"href":"https:\/\/lottohoy.com\/ro\/wp-json\/wp\/v2\/types\/page"}],"author":[{"embeddable":true,"href":"https:\/\/lottohoy.com\/ro\/wp-json\/wp\/v2\/users\/2"}],"replies":[{"embeddable":true,"href":"https:\/\/lottohoy.com\/ro\/wp-json\/wp\/v2\/comments?post=14791"}],"version-history":[{"count":2,"href":"https:\/\/lottohoy.com\/ro\/wp-json\/wp\/v2\/pages\/14791\/revisions"}],"predecessor-version":[{"id":15713,"href":"https:\/\/lottohoy.com\/ro\/wp-json\/wp\/v2\/pages\/14791\/revisions\/15713"}],"up":[{"embeddable":true,"href":"https:\/\/lottohoy.com\/ro\/wp-json\/wp\/v2\/pages\/14730"}],"wp:attachment":[{"href":"https:\/\/lottohoy.com\/ro\/wp-json\/wp\/v2\/media?parent=14791"}],"curies":[{"name":"wp","href":"https:\/\/api.w.org\/{rel}","templated":true}]}}