{"id":14779,"date":"2018-05-03T14:23:33","date_gmt":"2018-05-03T13:23:33","guid":{"rendered":"https:\/\/lottohoy.com\/?page_id=14779"},"modified":"2025-03-17T16:50:16","modified_gmt":"2025-03-17T16:50:16","slug":"informatii-euromillions","status":"publish","type":"page","link":"https:\/\/lottohoy.com\/ro\/totul-despre-loteria-online\/informatii-euromillions\/","title":{"rendered":"Informa\u021bii EuroMillions"},"content":{"rendered":"<h2>Ce este EuroMillions?<\/h2>\n<p><strong>EuroMillions<\/strong> este un <span style=\"color: #3366ff;\"><a style=\"color: #3366ff;\" href=\"https:\/\/lottohoy.com\/ro\/joaca-la-loterie-online\/\">joc de loterie<\/a><\/span> care are loc \u00een fiecare mar\u021bi \u0219i vineri la 21:30 la Paris. Este cea mai important\u0103 loterie din Europa, deoarece este jocul care reune\u0219te cei mai mul\u021bi participan\u021bi \u0219i distribuie, de asemenea, cele mai mari premii.<\/p>\n<p>Prima tragere a avut loc pe 13 februarie 2004, \u00een care trei \u021b\u0103ri au fost principalii promotori ai loteriei, \u0219i anume organiza\u021biile de loterie din Regatul Unit (National Lottery), Fran\u021ba (La Fran\u00e7aise des Jeux) \u0219i Spania (Loter\u00edas y Apuestas del Estado). La doar c\u00e2teva luni dup\u0103 aceast\u0103 prim\u0103 tragere la sor\u021bi, alte \u0219ase \u021b\u0103ri s-au al\u0103turat: Austria, Belgia, Irlanda, Luxemburg, Portugalia \u0219i Elve\u021bia.<\/p>\n<p>Vorbim despre o loterie cu adev\u0103rat t\u00e2n\u0103r\u0103, \u00eentruc\u00e2t a fost \u00eenfiin\u021bat\u0103 dup\u0103 intrarea <strong>monedei comunitare<\/strong> Euro (\u20ac), de\u0219i de pu\u021bin peste un deceniu s-a studiat posibilitatea cre\u0103rii unei loterie comune pentru cei <strong>500 de milioane<\/strong> de locuitori ai Uniunii Europene.<\/p>\n<p>La aceast\u0103 l<strong>oterie Euro Millions<\/strong> este garantat un <strong>premiu minim de 20.000.000 de euro<\/strong> pentru prima categorie de c\u00e2\u0219tig\u0103tori \u0219i un maxim stabilit \u00een prezent care <del>poate ajunge p\u00e2n\u0103 la 190 de milioane de euro<\/del> (aceast\u0103 sum\u0103 a fost acordat\u0103 de <span style=\"color: #3366ff;\"><a style=\"color: #3366ff;\" href=\"https:\/\/lottohoy.com\/ro\/joaca-la-loterie-online\/joaca-powerball-online\/\">trei ori <\/a><\/span>p\u00e2n\u0103 \u00een prezent).<\/p>\n<p>Noile modific\u0103ri aduse EuroMillions intr\u0103 \u00een vigoare mar\u021bi, 4 februarie 2020. Maximul pe care \u00eel poate atinge valoarea premiului alocat primei categorii se ridic\u0103 la <strong>200 de milioane<\/strong> de euro \u0219i poate ajunge progresiv la 250 de milioane de euro ca limit\u0103 maxim\u0103. Modific\u0103ri se aplic\u0103 \u0219i procentelor alocate premiilor de categorie.<\/p>\n<h2>Cum s\u0103 joci EuroMillions?<\/h2>\n<p>Exist\u0103 trei factori importan\u021bi de luat \u00een considerare pentru a cunoa\u0219te <strong>jocul EuroMillions<\/strong>: regulile care reglementeaz\u0103 jocul, categoriile de premii, distribu\u021bia acestora \u0219i \u201ejackpot-urile\u201d.<\/p>\n<p>\u00cen esen\u021b\u0103, este vorba de selectarea a <strong>5 numere<\/strong> \u00eentre 1 \u0219i 50 \u0219i a <strong>2 stele<\/strong> \u00eentre 1 \u0219i 12. Cu c\u00e2t potrivim mai multe numere \u0219i stele, cu at\u00e2t premiul nostru va fi mai mare. Este at\u00e2t de u\u0219or!<\/p>\n<p>C\u00e2nd intri \u00een sec\u021biunea pentru a <span style=\"color: #3366ff;\"><a style=\"color: #3366ff;\" href=\"https:\/\/lottohoy.com\/ro\/joaca-la-loterie-online\/joaca-euromillions\/\">juca EuroMillions <\/a><\/span>vei vedea un r\u00e2nd format din 5 coloane, fiecare dintre aceste coloane este format\u0103 din 50 de casete numerotate de la 1 la 50, \u0219i o a doua parte care const\u0103 din 12 casete (stelele norocoase) numerotate egal de la 1 la 12.<\/p>\n<p>Dup\u0103 cum se vede, ini\u021bial este afi\u0219at\u0103 o linie cu 5 coloane de joc pentru a plasa pariurile noastre, dar putem extinde num\u0103rul de r\u00e2nduri doar f\u0103c\u00e2nd clic pe caseta <strong>MAI MULTE LINII.<\/strong><br \/>\n\u00cen fiecare dintre aceste tabele sau r\u00e2nduri este locul unde trebuie s\u0103 ne facem prognoza (5 numere \u0219i 2 stele). \u00cen plus, o putem face manual, aleg\u00e2nd numerele noastre preferate sau la \u00eent\u00e2mplare folosind butonul QUICK SELECT care apare deasupra fiec\u0103rei coloane.<\/p>\n<p>Odat\u0103 ce toate biletele pe care vrem s\u0103 le juc\u0103m au \u200b\u200bfost completate, pute\u021bi verifica suma total\u0103 \u00een col\u021bul din dreapta jos. F\u0103c\u00e2nd clic pe caseta CONTINUA, ne va trebui s\u0103 <strong>confirm\u0103m comanda<\/strong> \u0219i s\u0103 facem plata, unde pute\u021bi alege \u00eentre a o face cu fondurile depuse anterior sau cu oricare dintre cele peste 20 de metode de plat\u0103 pe care le avem disponibile.<\/p>\n<h2>Pre\u021bul pariului Euromillions<\/h2>\n<p>Pre\u021bul oficial al fiec\u0103rui pariu variaz\u0103 \u00een func\u021bie de \u021bara organizatoare \u0219i moneda acesteia. Pentru a avea o idee aproximativ\u0103 \u00een compara\u021bie cu euro.<\/p>\n<p>Odat\u0103 cu suma <strong>pariului EuroMillions<\/strong>, \u00een unele dintre \u021b\u0103rile care organizeaz\u0103 aceast\u0103 loterie a fost stabilit un complement: Milionul.<\/p>\n<p>Aceast\u0103 extragere are loc \u00een fiecare s\u0103pt\u0103m\u00e2n\u0103 \u00een fiecare dintre aceste \u021b\u0103ri prin achizi\u021bionarea pariului de vineri. \u00cen unele \u021b\u0103ri, un <strong>cod unic<\/strong> este, de asemenea, furnizat automat, dac\u0103 num\u0103rul c\u00e2\u0219tig\u0103tor se potrive\u0219te cu cel de pe biletul t\u0103u, vei c\u00e2\u0219tiga <strong>1.000.000 \u20ac<\/strong> indiferent dac\u0103 combina\u021bia ta a fost acordat\u0103 sau nu.<\/p>\n<h2>Extrageri speciale EuroMillions<\/h2>\n<p>Exist\u0103 extrageri <strong>complementare EuroMillions<\/strong> care au loc \u00een diferitele \u021b\u0103ri organizatoare. \u00cen unele cazuri cu aceea\u0219i sum\u0103 ca pariul EuroMillions, iar \u00een alte cazuri cu un pre\u021b separat.<\/p>\n<h3>\u201ePloaia de milioane\u201d<\/h3>\n<p><strong><span style=\"color: #808080;\">Ploaia de milioane<\/span><\/strong> de EuroMillions este o tombol\u0103 \u00een care toate \u021b\u0103rile care particip\u0103 la extragere joac\u0103 \u0219i creeaz\u0103 mai mul\u021bi milionari garanta\u021bi \u00eentr-o singur\u0103 tragere.<\/p>\n<p>C\u00e2\u0219tig\u0103torii vor fi selecta\u021bi aleatoriu dintre toate biletele \u00eenscrise la extragere, acest eveniment special av\u00e2nd loc la anumite ocazii de-a lungul anului.<\/p>\n<h3>\u201eSuper Giveaway\u201d:<\/h3>\n<p>Este momentul \u00een care organiza\u021biile participante la loterie decid s\u0103 ofere un f<strong>ond special garantat<\/strong> pentru prima categorie (jackpot), care poate fi \u00een orice extragere anun\u021bat\u0103. Din 2017, au fost organizate dou\u0103 astfel de extrageri \u00een fiecare an, cu un premiu de 130.000.000 de euro. Din 2017, au fost organizate 2 astfel de extrageri \u00een fiecare an, cu un premiu de 130.000.000 de euro. \u00ce<strong>ncep\u00e2nd cu data de 1 februarie 2020, se vor desf\u0103\u0219ura trei (3) \u201esuper extrageri\u201d<\/strong> \u00een fiecare an \u0219i, \u00een principiu, este de a\u0219teptat ca suma garantat\u0103 s\u0103 fie majorat\u0103, indiferent de valoarea din extragerea precedent\u0103, dac\u0103 a fost c\u00e2\u0219tigat\u0103 sau nu.<\/p>\n<p>Dac\u0103 nu exist\u0103 un c\u00e2\u0219tig\u0103tor de prim\u0103 clas\u0103, jackpot-ul va fi acumulat pentru urm\u0103toarea extragere p\u00e2n\u0103 la atingerea maximului de 190.000.000 EUR sau conform a\u0219tept\u0103rilor din modificarea din februarie 2020.<\/p>\n<h3>Extragerile speciale:<\/h3>\n<p>Numi\u021bi \u0219i<span style=\"color: #808080;\"> Vinerea Mare<\/span>, sunt tombole cu un jackpot minim garantat de nou\u0103 cifre \u0219i func\u021bioneaz\u0103 cu exact acelea\u0219i reguli ca tombolele obi\u0219nuite.<\/p>\n<p>Fondul de jackpot EuroMillions <strong>Big Friday <\/strong>se formeaz\u0103 prin primirea a 4,8% din Fondul de premii pentru primele acumul\u0103ri dup\u0103 ce jackpot-ul \u00eencepe din nou cu suma minim\u0103 garantat\u0103. Dup\u0103 opt extrageri \u00een continuare, 21% este pl\u0103tit c\u0103tre Fund Booster.<\/p>\n<h3>\u015eanse de a c\u00e2\u015ftiga Euromillion<\/h3>\n<p>Mai jos puteti vedea un tabel in care am compilat toate probabilitatile de a castiga un premiu la fiecare dintre categorii. Combin\u0103 aceste probabilit\u0103\u021bi cu studiul celor mai recente <span style=\"color: #3366ff;\"><a style=\"color: #3366ff;\" href=\"https:\/\/lottohoy.com\/ro\/rezultate-la-loterie\/rezultate-euromillions\/\">rezultate EuroMillions<\/a><\/span> pentru a-\u021bi cre\u0219te \u0219ansele de a c\u00e2\u0219tiga un premiu.<\/p>\n","protected":false},"excerpt":{"rendered":"<p>Ce este EuroMillions? EuroMillions este un joc de loterie care are loc \u00een fiecare mar\u021bi \u0219i vineri la 21:30 la Paris. Este cea mai important\u0103 loterie din Europa, deoarece este jocul care reune\u0219te cei mai mul\u021bi participan\u021bi \u0219i distribuie, de asemenea, cele mai mari premii. Prima tragere a avut loc pe 13 februarie 2004, \u00een [&hellip;]<\/p>\n","protected":false},"author":2,"featured_media":0,"parent":14730,"menu_order":3,"comment_status":"closed","ping_status":"closed","template":"euromillions-at-info.php","meta":{"_et_pb_use_builder":"","_et_pb_old_content":"","_et_gb_content_width":"","exclude_from_search":false,"footnotes":""},"class_list":["post-14779","page","type-page","status-publish","hentry"],"yoast_head":"<!-- This site is optimized with the Yoast SEO plugin v23.7 - https:\/\/yoast.com\/wordpress\/plugins\/seo\/ -->\n<title>Informa\u021bii EuroMillions - Lottohoy<\/title>\n<meta name=\"description\" content=\"Euromillions este cea mai important\u0103 loterie din Europa, deoarece este jocul care atrage cei mai mul\u021bi participan\u021bi \u0219i ofer\u0103, de asemenea, cele mai mari premii.\" \/>\n<meta name=\"robots\" content=\"index, follow, max-snippet:-1, max-image-preview:large, max-video-preview:-1\" \/>\n<link rel=\"canonical\" href=\"https:\/\/lottohoy.com\/ro\/totul-despre-loteria-online\/informatii-euromillions\/\" \/>\n<meta property=\"og:locale\" content=\"ro_RO\" \/>\n<meta property=\"og:type\" content=\"article\" \/>\n<meta property=\"og:title\" content=\"Informa\u021bii EuroMillions - Lottohoy\" \/>\n<meta property=\"og:description\" content=\"Euromillions este cea mai important\u0103 loterie din Europa, deoarece este jocul care atrage cei mai mul\u021bi participan\u021bi \u0219i ofer\u0103, de asemenea, cele mai mari premii.\" \/>\n<meta property=\"og:url\" content=\"https:\/\/lottohoy.com\/ro\/totul-despre-loteria-online\/informatii-euromillions\/\" \/>\n<meta property=\"og:site_name\" content=\"Lottohoy\" \/>\n<meta property=\"article:modified_time\" content=\"2025-03-17T16:50:16+00:00\" \/>\n<meta name=\"twitter:card\" content=\"summary_large_image\" \/>\n<meta name=\"twitter:label1\" content=\"Timp estimat pentru citire\" \/>\n\t<meta name=\"twitter:data1\" content=\"5 minute\" \/>\n<script type=\"application\/ld+json\" class=\"yoast-schema-graph\">{\"@context\":\"https:\/\/schema.org\",\"@graph\":[{\"@type\":\"WebPage\",\"@id\":\"https:\/\/lottohoy.com\/ro\/totul-despre-loteria-online\/informatii-euromillions\/\",\"url\":\"https:\/\/lottohoy.com\/ro\/totul-despre-loteria-online\/informatii-euromillions\/\",\"name\":\"Informa\u021bii EuroMillions - Lottohoy\",\"isPartOf\":{\"@id\":\"https:\/\/lottohoy.com\/ro\/#website\"},\"datePublished\":\"2018-05-03T13:23:33+00:00\",\"dateModified\":\"2025-03-17T16:50:16+00:00\",\"description\":\"Euromillions este cea mai important\u0103 loterie din Europa, deoarece este jocul care atrage cei mai mul\u021bi participan\u021bi \u0219i ofer\u0103, de asemenea, cele mai mari premii.\",\"breadcrumb\":{\"@id\":\"https:\/\/lottohoy.com\/ro\/totul-despre-loteria-online\/informatii-euromillions\/#breadcrumb\"},\"inLanguage\":\"ro-RO\",\"potentialAction\":[{\"@type\":\"ReadAction\",\"target\":[\"https:\/\/lottohoy.com\/ro\/totul-despre-loteria-online\/informatii-euromillions\/\"]}]},{\"@type\":\"BreadcrumbList\",\"@id\":\"https:\/\/lottohoy.com\/ro\/totul-despre-loteria-online\/informatii-euromillions\/#breadcrumb\",\"itemListElement\":[{\"@type\":\"ListItem\",\"position\":1,\"name\":\"Home\",\"item\":\"https:\/\/lottohoy.com\/ro\/\"},{\"@type\":\"ListItem\",\"position\":2,\"name\":\"Totul despre loteria online\",\"item\":\"https:\/\/lottohoy.com\/ro\/totul-despre-loteria-online\/\"},{\"@type\":\"ListItem\",\"position\":3,\"name\":\"Informa\u021bii EuroMillions\"}]},{\"@type\":\"WebSite\",\"@id\":\"https:\/\/lottohoy.com\/ro\/#website\",\"url\":\"https:\/\/lottohoy.com\/ro\/\",\"name\":\"Lottohoy\",\"description\":\"\",\"potentialAction\":[{\"@type\":\"SearchAction\",\"target\":{\"@type\":\"EntryPoint\",\"urlTemplate\":\"https:\/\/lottohoy.com\/ro\/?s={search_term_string}\"},\"query-input\":{\"@type\":\"PropertyValueSpecification\",\"valueRequired\":true,\"valueName\":\"search_term_string\"}}],\"inLanguage\":\"ro-RO\"}]}<\/script>\n<!-- \/ Yoast SEO plugin. -->","yoast_head_json":{"title":"Informa\u021bii EuroMillions - Lottohoy","description":"Euromillions este cea mai important\u0103 loterie din Europa, deoarece este jocul care atrage cei mai mul\u021bi participan\u021bi \u0219i ofer\u0103, de asemenea, cele mai mari premii.","robots":{"index":"index","follow":"follow","max-snippet":"max-snippet:-1","max-image-preview":"max-image-preview:large","max-video-preview":"max-video-preview:-1"},"canonical":"https:\/\/lottohoy.com\/ro\/totul-despre-loteria-online\/informatii-euromillions\/","og_locale":"ro_RO","og_type":"article","og_title":"Informa\u021bii EuroMillions - Lottohoy","og_description":"Euromillions este cea mai important\u0103 loterie din Europa, deoarece este jocul care atrage cei mai mul\u021bi participan\u021bi \u0219i ofer\u0103, de asemenea, cele mai mari premii.","og_url":"https:\/\/lottohoy.com\/ro\/totul-despre-loteria-online\/informatii-euromillions\/","og_site_name":"Lottohoy","article_modified_time":"2025-03-17T16:50:16+00:00","twitter_card":"summary_large_image","twitter_misc":{"Timp estimat pentru citire":"5 minute"},"schema":{"@context":"https:\/\/schema.org","@graph":[{"@type":"WebPage","@id":"https:\/\/lottohoy.com\/ro\/totul-despre-loteria-online\/informatii-euromillions\/","url":"https:\/\/lottohoy.com\/ro\/totul-despre-loteria-online\/informatii-euromillions\/","name":"Informa\u021bii EuroMillions - Lottohoy","isPartOf":{"@id":"https:\/\/lottohoy.com\/ro\/#website"},"datePublished":"2018-05-03T13:23:33+00:00","dateModified":"2025-03-17T16:50:16+00:00","description":"Euromillions este cea mai important\u0103 loterie din Europa, deoarece este jocul care atrage cei mai mul\u021bi participan\u021bi \u0219i ofer\u0103, de asemenea, cele mai mari premii.","breadcrumb":{"@id":"https:\/\/lottohoy.com\/ro\/totul-despre-loteria-online\/informatii-euromillions\/#breadcrumb"},"inLanguage":"ro-RO","potentialAction":[{"@type":"ReadAction","target":["https:\/\/lottohoy.com\/ro\/totul-despre-loteria-online\/informatii-euromillions\/"]}]},{"@type":"BreadcrumbList","@id":"https:\/\/lottohoy.com\/ro\/totul-despre-loteria-online\/informatii-euromillions\/#breadcrumb","itemListElement":[{"@type":"ListItem","position":1,"name":"Home","item":"https:\/\/lottohoy.com\/ro\/"},{"@type":"ListItem","position":2,"name":"Totul despre loteria online","item":"https:\/\/lottohoy.com\/ro\/totul-despre-loteria-online\/"},{"@type":"ListItem","position":3,"name":"Informa\u021bii EuroMillions"}]},{"@type":"WebSite","@id":"https:\/\/lottohoy.com\/ro\/#website","url":"https:\/\/lottohoy.com\/ro\/","name":"Lottohoy","description":"","potentialAction":[{"@type":"SearchAction","target":{"@type":"EntryPoint","urlTemplate":"https:\/\/lottohoy.com\/ro\/?s={search_term_string}"},"query-input":{"@type":"PropertyValueSpecification","valueRequired":true,"valueName":"search_term_string"}}],"inLanguage":"ro-RO"}]}},"_links":{"self":[{"href":"https:\/\/lottohoy.com\/ro\/wp-json\/wp\/v2\/pages\/14779","targetHints":{"allow":["GET"]}}],"collection":[{"href":"https:\/\/lottohoy.com\/ro\/wp-json\/wp\/v2\/pages"}],"about":[{"href":"https:\/\/lottohoy.com\/ro\/wp-json\/wp\/v2\/types\/page"}],"author":[{"embeddable":true,"href":"https:\/\/lottohoy.com\/ro\/wp-json\/wp\/v2\/users\/2"}],"replies":[{"embeddable":true,"href":"https:\/\/lottohoy.com\/ro\/wp-json\/wp\/v2\/comments?post=14779"}],"version-history":[{"count":4,"href":"https:\/\/lottohoy.com\/ro\/wp-json\/wp\/v2\/pages\/14779\/revisions"}],"predecessor-version":[{"id":15706,"href":"https:\/\/lottohoy.com\/ro\/wp-json\/wp\/v2\/pages\/14779\/revisions\/15706"}],"up":[{"embeddable":true,"href":"https:\/\/lottohoy.com\/ro\/wp-json\/wp\/v2\/pages\/14730"}],"wp:attachment":[{"href":"https:\/\/lottohoy.com\/ro\/wp-json\/wp\/v2\/media?parent=14779"}],"curies":[{"name":"wp","href":"https:\/\/api.w.org\/{rel}","templated":true}]}}