{"id":14760,"date":"2018-05-03T14:23:34","date_gmt":"2018-05-03T13:23:34","guid":{"rendered":"https:\/\/lottohoy.com\/?page_id=14760"},"modified":"2025-03-19T10:32:31","modified_gmt":"2025-03-19T10:32:31","slug":"informatii-powerball","status":"publish","type":"page","link":"https:\/\/lottohoy.com\/ro\/totul-despre-loteria-online\/informatii-powerball\/","title":{"rendered":"Informa\u021bii Powerball"},"content":{"rendered":"<p>Powerball este cea mai important\u0103 loterie din America (\u00eempreun\u0103 cu<span style=\"color: #3366ff;\"><a style=\"color: #3366ff;\" href=\"https:\/\/lottohoy.com\/ro\/joaca-la-loterie-online\/joaca-mega-millions\/\"> MegaMillions<\/a><\/span>), sunt \u201eloteriile\u201d cu cel mai mare impact din America. Se joac\u0103 \u00een 44 de state, pe l\u00e2ng\u0103 Puerto Rico \u0219i Insulele Virgine ale SUA \u0218i de acum po\u021bi <span style=\"color: #3366ff;\"><a style=\"color: #3366ff;\" href=\"https:\/\/lottohoy.com\/ro\/joaca-la-loterie-online\/joaca-powerball-online\/\">cump\u0103ra \u0219i Powerball<\/a><\/span> online la LottoHoy.<\/p>\n<h2>Loteria Powerball<\/h2>\n<p>Cele mai caracteristice caracteristici ale acestei loterie este c\u0103 are un <strong>jackpot minim ini\u021bial de 40 de milioane de dolari<\/strong> care va cre\u0219te f\u0103r\u0103 limit\u0103 dac\u0103 nu exist\u0103 c\u00e2\u0219tig\u0103tori la prima categorie.<\/p>\n<p>C\u00e2\u0219tig\u0103torii premiului de categorie special\u0103 pot alege s\u0103 \u00eencaseze premiul \u00een numerar dintr-o singur\u0103 mi\u0219care (deducerea taxelor \u0219i cheltuielilor) sau s\u0103 \u00eel primeasc\u0103 repartizat \u00een 30 de pl\u0103\u021bi anuale.<\/p>\n<p>Nu exist\u0103 limit\u0103 pentru suma pe care o pot acumula jackpot-urile consecutive. Ultimul <span style=\"color: #3366ff;\"><a style=\"color: #3366ff;\" href=\"https:\/\/lottohoy.com\/ro\/joaca-la-loterie-online\/joaca-powerball-online\/\">jackpot mare Powerball <\/a><\/span>a f<del>ost de 1,5 miliarde de dolari.<\/del> \u00cen noiembrie 2022 dep\u0103\u0219esc aceast\u0103 cifr\u0103; l\u0103s\u00e2nd un record p\u00e2n\u0103 la data actual\u0103 la 2.040 milioane USD<\/p>\n<h2>C\u00e2t cost\u0103 biletele Powerball?<\/h2>\n<p>Pute\u021bi juca Powerball online la LottoHoy de la 3,95 EUR. Aceasta este cea mai bun\u0103 op\u021biune oferit\u0103 de orice agent online.<\/p>\n<p>Aminti\u021bi-v\u0103 c\u0103 jocul Powerball la LottoHoy este cum s\u0103 o face\u021bi direct \u00een SUA. Ac\u021bion\u0103m \u00een numele dvs., cump\u0103r\u00e2nd biletul de la un comerciant oficial, astfel \u00eenc\u00e2t s\u0103 ave\u021bi garantat c\u0103 ve\u021bi primi c\u00e2\u0219tigurile.<\/p>\n<h2>C\u00e2nd se joac\u0103 Powerball?<\/h2>\n<p>Extragerile oficiale Powerball au loc \u00een fiecare <strong>luni<\/strong>, <strong>miercuri \u0219i s\u00e2mb\u0103t\u0103 la ora 22:59. (ora EAST)<\/strong> \u00een Florida, Statele Unite.<\/p>\n<p>Tragele la sor\u021bi sunt televizate \u00een toat\u0103 \u021bara, iar la scurt timp dup\u0103 ce a fost efectuat\u0103 num\u0103r\u0103toarea final\u0103, pute\u021bi vedea <span style=\"color: #3366ff;\"><a style=\"color: #3366ff;\" href=\"https:\/\/lottohoy.com\/ro\/rezultate-la-loterie\/rezultate-powerball\/\">rezultatul oficial Powerball <\/a><\/span>pe platforma noastr\u0103 online.<\/p>\n<h2>C\u00e2t cost\u0103 jackpot-ul Powerball?<\/h2>\n<p><strong>Loteria american\u0103 Powerball<\/strong> a stabilit \u00een regulamentul s\u0103u un premiu ini\u021bial minim de <strong>40 de milioane de dolari<\/strong> pentru prima categorie. Acest minim va cre\u0219te \u00een func\u021bie de banii aduna\u021bi pentru extragere.<\/p>\n<p>\u00cen cazul \u00een care nu exist\u0103 un c\u00e2\u0219tig\u0103tor al primului premiu, to\u021bi banii prev\u0103zu\u021bi pentru acea categorie se acumuleaz\u0103 pentru urm\u0103toarea extragere la suma corespunz\u0103toare acelei prime categorii, <strong>cre\u00e2nd un pot sau jackpot mare<\/strong>.<\/p>\n<h2>Avantajele jocului Powerball online<\/h2>\n<p>Exist\u0103 multe avantaje de a<span style=\"color: #3366ff;\"><a style=\"color: #3366ff;\" href=\"https:\/\/lottohoy.com\/ro\/joaca-la-loterie-online\/joaca-powerball-online\/\"> juca Powerball<\/a><\/span> la LottoHoy fa\u021b\u0103 de a face acest lucru prin punctele de v\u00e2nzare fizice. Mai jos v\u0103 prezent\u0103m c\u00e2teva dintre ele:<\/p>\n<p><strong>Comoditatea de a putea juca la orice or\u0103<\/strong> din zi sau din noapte, 24\/7.<br \/>\n<strong>Poate fi redat de pe orice dispozitiv mobil, tablet\u0103 sau computer.<\/strong><br \/>\nOricine poate juca din o<strong>rice loca\u021bie geografic\u0103 cu o simpl\u0103 conexiune la internet.<\/strong><br \/>\n<strong>Este 100% sigur.<\/strong> Biletul se achizi\u021bioneaz\u0103 direct de la unitatea autorizat\u0103 (sau entitatea care ofer\u0103 serviciul) \u0219i \u00een acest fel participarea este real\u0103.<br \/>\n<strong>Premiile sunt creditate automat \u00een contul dumneavoastr\u0103 de utilizator<\/strong> dup\u0103 fiecare extragere.<br \/>\nPute\u021bi verifica toate opera\u021biunile efectuate din <span style=\"color: #3366ff;\"><a style=\"color: #3366ff;\" href=\"https:\/\/lottohoy.com\/registration\/\">profilul dvs. de utilizator.<\/a><\/span><br \/>\nCustodia biletelor achizi\u021bionate, evit\u00e2ndu-se astfel eventualele pierderi sau uitare.<br \/>\n<strong>O mare varietate de metode de plat\u0103,<\/strong> depunere \u0219i retragere.<\/p>\n<p><!--more--><\/p>\n","protected":false},"excerpt":{"rendered":"<p>Powerball este cea mai important\u0103 loterie din America (\u00eempreun\u0103 cu MegaMillions), sunt \u201eloteriile\u201d cu cel mai mare impact din America. Se joac\u0103 \u00een 44 de state, pe l\u00e2ng\u0103 Puerto Rico \u0219i Insulele Virgine ale SUA \u0218i de acum po\u021bi cump\u0103ra \u0219i Powerball online la LottoHoy. Loteria Powerball Cele mai caracteristice caracteristici ale acestei loterie este [&hellip;]<\/p>\n","protected":false},"author":2,"featured_media":0,"parent":14730,"menu_order":1,"comment_status":"closed","ping_status":"closed","template":"powerball-usa-info.php","meta":{"_et_pb_use_builder":"","_et_pb_old_content":"","_et_gb_content_width":"","exclude_from_search":false,"footnotes":""},"class_list":["post-14760","page","type-page","status-publish","hentry"],"yoast_head":"<!-- This site is optimized with the Yoast SEO plugin v23.7 - https:\/\/yoast.com\/wordpress\/plugins\/seo\/ -->\n<title>Informa\u021bii Powerball - Lottohoy<\/title>\n<meta name=\"description\" content=\"\u092a\u0949\u0935\u0930\u092c\u0949\u0932 \u0905\u092e\u0947\u0930\u093f\u0915\u093e \u092e\u0947\u0902 (\u092e\u0947\u0917\u093e\u092e\u093f\u0932\u093f\u092f\u0902\u0938 \u0915\u0947 \u0938\u093e\u0925) \u0938\u092c\u0938\u0947 \u092e\u0939\u0924\u094d\u0935\u092a\u0942\u0930\u094d\u0923 \u0932\u0949\u091f\u0930\u0940 \u0939\u0948\u0964 \u0914\u0930 \u0905\u092c \u0906\u092a \u0932\u094b\u091f\u094d\u091f\u094b\u0939\u094b\u092f \u0915\u0947 \u0938\u093e\u0925 \u0926\u0941\u0928\u093f\u092f\u093e \u092e\u0947\u0902 \u0915\u0939\u0940\u0902 \u0938\u0947 \u092d\u0940 \u0916\u0947\u0932 \u0938\u0915\u0924\u0947 \u0939\u0948\u0902\u0964\" \/>\n<meta name=\"robots\" content=\"index, follow, max-snippet:-1, max-image-preview:large, max-video-preview:-1\" \/>\n<link rel=\"canonical\" href=\"https:\/\/lottohoy.com\/ro\/totul-despre-loteria-online\/informatii-powerball\/\" \/>\n<meta property=\"og:locale\" content=\"ro_RO\" \/>\n<meta property=\"og:type\" content=\"article\" \/>\n<meta property=\"og:title\" content=\"Informa\u021bii Powerball - Lottohoy\" \/>\n<meta property=\"og:description\" content=\"\u092a\u0949\u0935\u0930\u092c\u0949\u0932 \u0905\u092e\u0947\u0930\u093f\u0915\u093e \u092e\u0947\u0902 (\u092e\u0947\u0917\u093e\u092e\u093f\u0932\u093f\u092f\u0902\u0938 \u0915\u0947 \u0938\u093e\u0925) \u0938\u092c\u0938\u0947 \u092e\u0939\u0924\u094d\u0935\u092a\u0942\u0930\u094d\u0923 \u0932\u0949\u091f\u0930\u0940 \u0939\u0948\u0964 \u0914\u0930 \u0905\u092c \u0906\u092a \u0932\u094b\u091f\u094d\u091f\u094b\u0939\u094b\u092f \u0915\u0947 \u0938\u093e\u0925 \u0926\u0941\u0928\u093f\u092f\u093e \u092e\u0947\u0902 \u0915\u0939\u0940\u0902 \u0938\u0947 \u092d\u0940 \u0916\u0947\u0932 \u0938\u0915\u0924\u0947 \u0939\u0948\u0902\u0964\" \/>\n<meta property=\"og:url\" content=\"https:\/\/lottohoy.com\/ro\/totul-despre-loteria-online\/informatii-powerball\/\" \/>\n<meta property=\"og:site_name\" content=\"Lottohoy\" \/>\n<meta property=\"article:modified_time\" content=\"2025-03-19T10:32:31+00:00\" \/>\n<meta name=\"twitter:card\" content=\"summary_large_image\" \/>\n<meta name=\"twitter:label1\" content=\"Timp estimat pentru citire\" \/>\n\t<meta name=\"twitter:data1\" content=\"3 minute\" \/>\n<script type=\"application\/ld+json\" class=\"yoast-schema-graph\">{\"@context\":\"https:\/\/schema.org\",\"@graph\":[{\"@type\":\"WebPage\",\"@id\":\"https:\/\/lottohoy.com\/ro\/totul-despre-loteria-online\/informatii-powerball\/\",\"url\":\"https:\/\/lottohoy.com\/ro\/totul-despre-loteria-online\/informatii-powerball\/\",\"name\":\"Informa\u021bii Powerball - Lottohoy\",\"isPartOf\":{\"@id\":\"https:\/\/lottohoy.com\/ro\/#website\"},\"datePublished\":\"2018-05-03T13:23:34+00:00\",\"dateModified\":\"2025-03-19T10:32:31+00:00\",\"description\":\"\u092a\u0949\u0935\u0930\u092c\u0949\u0932 \u0905\u092e\u0947\u0930\u093f\u0915\u093e \u092e\u0947\u0902 (\u092e\u0947\u0917\u093e\u092e\u093f\u0932\u093f\u092f\u0902\u0938 \u0915\u0947 \u0938\u093e\u0925) \u0938\u092c\u0938\u0947 \u092e\u0939\u0924\u094d\u0935\u092a\u0942\u0930\u094d\u0923 \u0932\u0949\u091f\u0930\u0940 \u0939\u0948\u0964 \u0914\u0930 \u0905\u092c \u0906\u092a \u0932\u094b\u091f\u094d\u091f\u094b\u0939\u094b\u092f \u0915\u0947 \u0938\u093e\u0925 \u0926\u0941\u0928\u093f\u092f\u093e \u092e\u0947\u0902 \u0915\u0939\u0940\u0902 \u0938\u0947 \u092d\u0940 \u0916\u0947\u0932 \u0938\u0915\u0924\u0947 \u0939\u0948\u0902\u0964\",\"breadcrumb\":{\"@id\":\"https:\/\/lottohoy.com\/ro\/totul-despre-loteria-online\/informatii-powerball\/#breadcrumb\"},\"inLanguage\":\"ro-RO\",\"potentialAction\":[{\"@type\":\"ReadAction\",\"target\":[\"https:\/\/lottohoy.com\/ro\/totul-despre-loteria-online\/informatii-powerball\/\"]}]},{\"@type\":\"BreadcrumbList\",\"@id\":\"https:\/\/lottohoy.com\/ro\/totul-despre-loteria-online\/informatii-powerball\/#breadcrumb\",\"itemListElement\":[{\"@type\":\"ListItem\",\"position\":1,\"name\":\"Home\",\"item\":\"https:\/\/lottohoy.com\/ro\/\"},{\"@type\":\"ListItem\",\"position\":2,\"name\":\"Totul despre loteria online\",\"item\":\"https:\/\/lottohoy.com\/ro\/totul-despre-loteria-online\/\"},{\"@type\":\"ListItem\",\"position\":3,\"name\":\"Informa\u021bii Powerball\"}]},{\"@type\":\"WebSite\",\"@id\":\"https:\/\/lottohoy.com\/ro\/#website\",\"url\":\"https:\/\/lottohoy.com\/ro\/\",\"name\":\"Lottohoy\",\"description\":\"\",\"potentialAction\":[{\"@type\":\"SearchAction\",\"target\":{\"@type\":\"EntryPoint\",\"urlTemplate\":\"https:\/\/lottohoy.com\/ro\/?s={search_term_string}\"},\"query-input\":{\"@type\":\"PropertyValueSpecification\",\"valueRequired\":true,\"valueName\":\"search_term_string\"}}],\"inLanguage\":\"ro-RO\"}]}<\/script>\n<!-- \/ Yoast SEO plugin. -->","yoast_head_json":{"title":"Informa\u021bii Powerball - Lottohoy","description":"\u092a\u0949\u0935\u0930\u092c\u0949\u0932 \u0905\u092e\u0947\u0930\u093f\u0915\u093e \u092e\u0947\u0902 (\u092e\u0947\u0917\u093e\u092e\u093f\u0932\u093f\u092f\u0902\u0938 \u0915\u0947 \u0938\u093e\u0925) \u0938\u092c\u0938\u0947 \u092e\u0939\u0924\u094d\u0935\u092a\u0942\u0930\u094d\u0923 \u0932\u0949\u091f\u0930\u0940 \u0939\u0948\u0964 \u0914\u0930 \u0905\u092c \u0906\u092a \u0932\u094b\u091f\u094d\u091f\u094b\u0939\u094b\u092f \u0915\u0947 \u0938\u093e\u0925 \u0926\u0941\u0928\u093f\u092f\u093e \u092e\u0947\u0902 \u0915\u0939\u0940\u0902 \u0938\u0947 \u092d\u0940 \u0916\u0947\u0932 \u0938\u0915\u0924\u0947 \u0939\u0948\u0902\u0964","robots":{"index":"index","follow":"follow","max-snippet":"max-snippet:-1","max-image-preview":"max-image-preview:large","max-video-preview":"max-video-preview:-1"},"canonical":"https:\/\/lottohoy.com\/ro\/totul-despre-loteria-online\/informatii-powerball\/","og_locale":"ro_RO","og_type":"article","og_title":"Informa\u021bii Powerball - Lottohoy","og_description":"\u092a\u0949\u0935\u0930\u092c\u0949\u0932 \u0905\u092e\u0947\u0930\u093f\u0915\u093e \u092e\u0947\u0902 (\u092e\u0947\u0917\u093e\u092e\u093f\u0932\u093f\u092f\u0902\u0938 \u0915\u0947 \u0938\u093e\u0925) \u0938\u092c\u0938\u0947 \u092e\u0939\u0924\u094d\u0935\u092a\u0942\u0930\u094d\u0923 \u0932\u0949\u091f\u0930\u0940 \u0939\u0948\u0964 \u0914\u0930 \u0905\u092c \u0906\u092a \u0932\u094b\u091f\u094d\u091f\u094b\u0939\u094b\u092f \u0915\u0947 \u0938\u093e\u0925 \u0926\u0941\u0928\u093f\u092f\u093e \u092e\u0947\u0902 \u0915\u0939\u0940\u0902 \u0938\u0947 \u092d\u0940 \u0916\u0947\u0932 \u0938\u0915\u0924\u0947 \u0939\u0948\u0902\u0964","og_url":"https:\/\/lottohoy.com\/ro\/totul-despre-loteria-online\/informatii-powerball\/","og_site_name":"Lottohoy","article_modified_time":"2025-03-19T10:32:31+00:00","twitter_card":"summary_large_image","twitter_misc":{"Timp estimat pentru citire":"3 minute"},"schema":{"@context":"https:\/\/schema.org","@graph":[{"@type":"WebPage","@id":"https:\/\/lottohoy.com\/ro\/totul-despre-loteria-online\/informatii-powerball\/","url":"https:\/\/lottohoy.com\/ro\/totul-despre-loteria-online\/informatii-powerball\/","name":"Informa\u021bii Powerball - Lottohoy","isPartOf":{"@id":"https:\/\/lottohoy.com\/ro\/#website"},"datePublished":"2018-05-03T13:23:34+00:00","dateModified":"2025-03-19T10:32:31+00:00","description":"\u092a\u0949\u0935\u0930\u092c\u0949\u0932 \u0905\u092e\u0947\u0930\u093f\u0915\u093e \u092e\u0947\u0902 (\u092e\u0947\u0917\u093e\u092e\u093f\u0932\u093f\u092f\u0902\u0938 \u0915\u0947 \u0938\u093e\u0925) \u0938\u092c\u0938\u0947 \u092e\u0939\u0924\u094d\u0935\u092a\u0942\u0930\u094d\u0923 \u0932\u0949\u091f\u0930\u0940 \u0939\u0948\u0964 \u0914\u0930 \u0905\u092c \u0906\u092a \u0932\u094b\u091f\u094d\u091f\u094b\u0939\u094b\u092f \u0915\u0947 \u0938\u093e\u0925 \u0926\u0941\u0928\u093f\u092f\u093e \u092e\u0947\u0902 \u0915\u0939\u0940\u0902 \u0938\u0947 \u092d\u0940 \u0916\u0947\u0932 \u0938\u0915\u0924\u0947 \u0939\u0948\u0902\u0964","breadcrumb":{"@id":"https:\/\/lottohoy.com\/ro\/totul-despre-loteria-online\/informatii-powerball\/#breadcrumb"},"inLanguage":"ro-RO","potentialAction":[{"@type":"ReadAction","target":["https:\/\/lottohoy.com\/ro\/totul-despre-loteria-online\/informatii-powerball\/"]}]},{"@type":"BreadcrumbList","@id":"https:\/\/lottohoy.com\/ro\/totul-despre-loteria-online\/informatii-powerball\/#breadcrumb","itemListElement":[{"@type":"ListItem","position":1,"name":"Home","item":"https:\/\/lottohoy.com\/ro\/"},{"@type":"ListItem","position":2,"name":"Totul despre loteria online","item":"https:\/\/lottohoy.com\/ro\/totul-despre-loteria-online\/"},{"@type":"ListItem","position":3,"name":"Informa\u021bii Powerball"}]},{"@type":"WebSite","@id":"https:\/\/lottohoy.com\/ro\/#website","url":"https:\/\/lottohoy.com\/ro\/","name":"Lottohoy","description":"","potentialAction":[{"@type":"SearchAction","target":{"@type":"EntryPoint","urlTemplate":"https:\/\/lottohoy.com\/ro\/?s={search_term_string}"},"query-input":{"@type":"PropertyValueSpecification","valueRequired":true,"valueName":"search_term_string"}}],"inLanguage":"ro-RO"}]}},"_links":{"self":[{"href":"https:\/\/lottohoy.com\/ro\/wp-json\/wp\/v2\/pages\/14760","targetHints":{"allow":["GET"]}}],"collection":[{"href":"https:\/\/lottohoy.com\/ro\/wp-json\/wp\/v2\/pages"}],"about":[{"href":"https:\/\/lottohoy.com\/ro\/wp-json\/wp\/v2\/types\/page"}],"author":[{"embeddable":true,"href":"https:\/\/lottohoy.com\/ro\/wp-json\/wp\/v2\/users\/2"}],"replies":[{"embeddable":true,"href":"https:\/\/lottohoy.com\/ro\/wp-json\/wp\/v2\/comments?post=14760"}],"version-history":[{"count":5,"href":"https:\/\/lottohoy.com\/ro\/wp-json\/wp\/v2\/pages\/14760\/revisions"}],"predecessor-version":[{"id":16316,"href":"https:\/\/lottohoy.com\/ro\/wp-json\/wp\/v2\/pages\/14760\/revisions\/16316"}],"up":[{"embeddable":true,"href":"https:\/\/lottohoy.com\/ro\/wp-json\/wp\/v2\/pages\/14730"}],"wp:attachment":[{"href":"https:\/\/lottohoy.com\/ro\/wp-json\/wp\/v2\/media?parent=14760"}],"curies":[{"name":"wp","href":"https:\/\/api.w.org\/{rel}","templated":true}]}}