{"id":14730,"date":"2018-05-03T14:23:32","date_gmt":"2018-05-03T13:23:32","guid":{"rendered":"https:\/\/lottohoy.com\/?page_id=14730"},"modified":"2025-03-17T16:32:09","modified_gmt":"2025-03-17T16:32:09","slug":"totul-despre-loteria-online","status":"publish","type":"page","link":"https:\/\/lottohoy.com\/ro\/totul-despre-loteria-online\/","title":{"rendered":"Totul despre loteria online"},"content":{"rendered":"<p>Vremurile avanseaz\u0103, tradi\u021biile sunt dep\u0103\u0219ite de inova\u021bii, totul se schimb\u0103, totul devine din ce \u00een ce mai rapid \u0219i mai u\u0219or, mergi mai departe \u0219i te bucuri mai bine. \u0218i loteria nu avea s\u0103 fie mai pu\u021bin, \u00een zilele noastre <span style=\"color: #3366ff;\"><a style=\"color: #3366ff;\" href=\"https:\/\/lottohoy.com\/ro\/joaca-la-loterie-online\/\">jocul la loterie online<\/a><\/span> este disponibil pentru toat\u0103 lumea \u0219i \u00een toat\u0103 lumea prin internet.<\/p>\n<h2>Ce este loteria online?<\/h2>\n<p>Loteria online continu\u0103 s\u0103 fie loteria \u201eobi\u0219nuit\u0103\u201d, dar achizi\u021bionarea se face prin internet, astfel \u00eenc\u00e2t pute\u021bi juca aproape toate loteriile din lume din orice loca\u021bie geografic\u0103. Indiferent \u00een ce \u021bar\u0103 v\u0103 afla\u021bi, pute\u021bi juca la loterie din cealalt\u0103 parte a lumii. Acelea\u0219i premii, acelea\u0219i \u0219anse pentru toat\u0103 lumea. Un juc\u0103tor din Filipine poate cump\u0103ra loteria <span style=\"color: #3366ff;\"><a style=\"color: #3366ff;\" href=\"https:\/\/lottohoy.com\/ro\/joaca-la-loterie-online\/joaca-mega-millions\/\">MegaMillions<\/a><\/span> american\u0103, iar un canadian poate cump\u0103ra <span style=\"color: #3366ff;\"><a style=\"color: #3366ff;\" href=\"https:\/\/lottohoy.com\/ro\/joaca-la-loterie-online\/joaca-euromillions\/\">EuroMillions.<\/a><\/span><\/p>\n<h2>Pute\u021bi cump\u0103ra bilete de loterie online?<\/h2>\n<p>Desigur \u0219i \u00eentr-un mod u\u0219or. Pur \u0219i simplu <span style=\"color: #3366ff;\"><a style=\"color: #3366ff;\" href=\"https:\/\/lottohoy.com\/ro\/registration\/\">\u00eenregistra\u021bi-v\u0103 la LottoHoy<\/a><\/span> prin mobil, laptop sau desktop \u0219i \u00eencepe\u021bi s\u0103 juca\u021bi jocurile dvs. preferate.<\/p>\n<h2>Cum s\u0103 pariezi la loteria online?<\/h2>\n<p>C\u00e2nd intri \u00een LottoHoy, trebuie doar s\u0103 alegi loteria sau loteriile pentru care vrei s\u0103 faci achizi\u021bia. Urma\u021bi instruc\u021biunile indicate pentru a marca combina\u021bia \u0219i completa\u021bi coloanele dorite \u0219i efectua\u021bi plata cu una dintre diferitele metode de plat\u0103 pe care le oferim.<\/p>\n<h2>Cum s\u0103 c\u00e2\u0219tigi la loterie?<\/h2>\n<p>Dac\u0103 combina\u021bia de numere sau bile alese coincide total sau par\u021bial cu <span style=\"color: #3366ff;\"><a style=\"color: #3366ff;\" href=\"https:\/\/lottohoy.com\/ro\/rezultate-la-loterie\/\">rezultatul oficial al loteriei<\/a><\/span> la care se particip\u0103, premiul sau premiile corespunz\u0103toare sunt introduse direct \u00een contul de utilizator \u0219i sunt disponibile din acel moment.<\/p>\n<h2>Care este cea mai bun\u0103 loterie online?<\/h2>\n<p>Fiecare loterie are avantajele ei, trebuie pur \u0219i simplu s\u0103 g\u0103se\u0219ti care dintre ele ofer\u0103 caracteristicile pe care le cau\u021bi.<\/p>\n<p>Exist\u0103 loterie care au un super premiu pentru c\u00e2\u0219tig\u0103torii de prim\u0103 clas\u0103, \u00een care <span style=\"color: #3366ff;\"><a style=\"color: #3366ff;\" href=\"https:\/\/lottohoy.com\/ro\/jackpot-uri-la-loterie\/\">jackpot-urile de la extragerile anterioare <\/a><\/span>s-au acumulat uneori f\u0103r\u0103 un c\u00e2\u0219tig\u0103tor \u0219i care ajung la sume de bani de p\u00e2n\u0103 la 10 cifre (<del>cel mai mare jackpot acordat p\u00e2n\u0103 \u00een prezent a fost de 1,5 miliarde de dolari<\/del> Adic\u0103 a fost \u00een octombrie 2023, dar ast\u0103zi acea cifr\u0103 a fost dep\u0103\u0219it\u0103, cu primele dou\u0103 loturi de azi, de\u021bin\u00e2nd primele dou\u0103 loturi). a anului. 2025<br \/>\n<strong>Loteria Powerball cu un record de 2.040 milioane USD, iar \u00een cazul loteriei Megamillions cu 1.602 milioane USD<\/strong><\/p>\n<p>Exist\u0103 \u0219i loterie care \u00eempart suma alocat\u0103 premiilor \u00eentre diverse categorii, astfel \u00eenc\u00e2t s\u0103 poat\u0103 fi mult mai mul\u021bi c\u00e2\u0219tig\u0103tori, chiar dac\u0103 este \u00een sume mai mici pentru fiecare.<\/p>\n","protected":false},"excerpt":{"rendered":"<p>Vremurile avanseaz\u0103, tradi\u021biile sunt dep\u0103\u0219ite de inova\u021bii, totul se schimb\u0103, totul devine din ce \u00een ce mai rapid \u0219i mai u\u0219or, mergi mai departe \u0219i te bucuri mai bine. \u0218i loteria nu avea s\u0103 fie mai pu\u021bin, \u00een zilele noastre jocul la loterie online este disponibil pentru toat\u0103 lumea \u0219i \u00een toat\u0103 lumea prin internet. [&hellip;]<\/p>\n","protected":false},"author":2,"featured_media":0,"parent":0,"menu_order":3,"comment_status":"closed","ping_status":"closed","template":"Information.php","meta":{"_et_pb_use_builder":"","_et_pb_old_content":"","_et_gb_content_width":"","exclude_from_search":false,"footnotes":""},"class_list":["post-14730","page","type-page","status-publish","hentry"],"yoast_head":"<!-- This site is optimized with the Yoast SEO plugin v23.7 - https:\/\/yoast.com\/wordpress\/plugins\/seo\/ -->\n<title>Totul despre loteria online - Lottohoy<\/title>\n<meta name=\"description\" content=\"Vremurile avanseaz\u0103, iar loteria nu se va l\u0103sa mai prejos, \u00een zilele noastre jocul de loterie online este la \u00eendem\u00e2na oricui \u0219i peste tot \u00een lume prin intermediul internetului.\" \/>\n<meta name=\"robots\" content=\"index, follow, max-snippet:-1, max-image-preview:large, max-video-preview:-1\" \/>\n<link rel=\"canonical\" href=\"https:\/\/lottohoy.com\/ro\/totul-despre-loteria-online\/\" \/>\n<meta property=\"og:locale\" content=\"ro_RO\" \/>\n<meta property=\"og:type\" content=\"article\" \/>\n<meta property=\"og:title\" content=\"Totul despre loteria online - Lottohoy\" \/>\n<meta property=\"og:description\" content=\"Vremurile avanseaz\u0103, iar loteria nu se va l\u0103sa mai prejos, \u00een zilele noastre jocul de loterie online este la \u00eendem\u00e2na oricui \u0219i peste tot \u00een lume prin intermediul internetului.\" \/>\n<meta property=\"og:url\" content=\"https:\/\/lottohoy.com\/ro\/totul-despre-loteria-online\/\" \/>\n<meta property=\"og:site_name\" content=\"Lottohoy\" \/>\n<meta property=\"article:modified_time\" content=\"2025-03-17T16:32:09+00:00\" \/>\n<meta name=\"twitter:card\" content=\"summary_large_image\" \/>\n<meta name=\"twitter:label1\" content=\"Timp estimat pentru citire\" \/>\n\t<meta name=\"twitter:data1\" content=\"2 minute\" \/>\n<script type=\"application\/ld+json\" class=\"yoast-schema-graph\">{\"@context\":\"https:\/\/schema.org\",\"@graph\":[{\"@type\":\"WebPage\",\"@id\":\"https:\/\/lottohoy.com\/ro\/totul-despre-loteria-online\/\",\"url\":\"https:\/\/lottohoy.com\/ro\/totul-despre-loteria-online\/\",\"name\":\"Totul despre loteria online - Lottohoy\",\"isPartOf\":{\"@id\":\"https:\/\/lottohoy.com\/ro\/#website\"},\"datePublished\":\"2018-05-03T13:23:32+00:00\",\"dateModified\":\"2025-03-17T16:32:09+00:00\",\"description\":\"Vremurile avanseaz\u0103, iar loteria nu se va l\u0103sa mai prejos, \u00een zilele noastre jocul de loterie online este la \u00eendem\u00e2na oricui \u0219i peste tot \u00een lume prin intermediul internetului.\",\"breadcrumb\":{\"@id\":\"https:\/\/lottohoy.com\/ro\/totul-despre-loteria-online\/#breadcrumb\"},\"inLanguage\":\"ro-RO\",\"potentialAction\":[{\"@type\":\"ReadAction\",\"target\":[\"https:\/\/lottohoy.com\/ro\/totul-despre-loteria-online\/\"]}]},{\"@type\":\"BreadcrumbList\",\"@id\":\"https:\/\/lottohoy.com\/ro\/totul-despre-loteria-online\/#breadcrumb\",\"itemListElement\":[{\"@type\":\"ListItem\",\"position\":1,\"name\":\"Home\",\"item\":\"https:\/\/lottohoy.com\/ro\/\"},{\"@type\":\"ListItem\",\"position\":2,\"name\":\"Totul despre loteria online\"}]},{\"@type\":\"WebSite\",\"@id\":\"https:\/\/lottohoy.com\/ro\/#website\",\"url\":\"https:\/\/lottohoy.com\/ro\/\",\"name\":\"Lottohoy\",\"description\":\"\",\"potentialAction\":[{\"@type\":\"SearchAction\",\"target\":{\"@type\":\"EntryPoint\",\"urlTemplate\":\"https:\/\/lottohoy.com\/ro\/?s={search_term_string}\"},\"query-input\":{\"@type\":\"PropertyValueSpecification\",\"valueRequired\":true,\"valueName\":\"search_term_string\"}}],\"inLanguage\":\"ro-RO\"}]}<\/script>\n<!-- \/ Yoast SEO plugin. -->","yoast_head_json":{"title":"Totul despre loteria online - Lottohoy","description":"Vremurile avanseaz\u0103, iar loteria nu se va l\u0103sa mai prejos, \u00een zilele noastre jocul de loterie online este la \u00eendem\u00e2na oricui \u0219i peste tot \u00een lume prin intermediul internetului.","robots":{"index":"index","follow":"follow","max-snippet":"max-snippet:-1","max-image-preview":"max-image-preview:large","max-video-preview":"max-video-preview:-1"},"canonical":"https:\/\/lottohoy.com\/ro\/totul-despre-loteria-online\/","og_locale":"ro_RO","og_type":"article","og_title":"Totul despre loteria online - Lottohoy","og_description":"Vremurile avanseaz\u0103, iar loteria nu se va l\u0103sa mai prejos, \u00een zilele noastre jocul de loterie online este la \u00eendem\u00e2na oricui \u0219i peste tot \u00een lume prin intermediul internetului.","og_url":"https:\/\/lottohoy.com\/ro\/totul-despre-loteria-online\/","og_site_name":"Lottohoy","article_modified_time":"2025-03-17T16:32:09+00:00","twitter_card":"summary_large_image","twitter_misc":{"Timp estimat pentru citire":"2 minute"},"schema":{"@context":"https:\/\/schema.org","@graph":[{"@type":"WebPage","@id":"https:\/\/lottohoy.com\/ro\/totul-despre-loteria-online\/","url":"https:\/\/lottohoy.com\/ro\/totul-despre-loteria-online\/","name":"Totul despre loteria online - Lottohoy","isPartOf":{"@id":"https:\/\/lottohoy.com\/ro\/#website"},"datePublished":"2018-05-03T13:23:32+00:00","dateModified":"2025-03-17T16:32:09+00:00","description":"Vremurile avanseaz\u0103, iar loteria nu se va l\u0103sa mai prejos, \u00een zilele noastre jocul de loterie online este la \u00eendem\u00e2na oricui \u0219i peste tot \u00een lume prin intermediul internetului.","breadcrumb":{"@id":"https:\/\/lottohoy.com\/ro\/totul-despre-loteria-online\/#breadcrumb"},"inLanguage":"ro-RO","potentialAction":[{"@type":"ReadAction","target":["https:\/\/lottohoy.com\/ro\/totul-despre-loteria-online\/"]}]},{"@type":"BreadcrumbList","@id":"https:\/\/lottohoy.com\/ro\/totul-despre-loteria-online\/#breadcrumb","itemListElement":[{"@type":"ListItem","position":1,"name":"Home","item":"https:\/\/lottohoy.com\/ro\/"},{"@type":"ListItem","position":2,"name":"Totul despre loteria online"}]},{"@type":"WebSite","@id":"https:\/\/lottohoy.com\/ro\/#website","url":"https:\/\/lottohoy.com\/ro\/","name":"Lottohoy","description":"","potentialAction":[{"@type":"SearchAction","target":{"@type":"EntryPoint","urlTemplate":"https:\/\/lottohoy.com\/ro\/?s={search_term_string}"},"query-input":{"@type":"PropertyValueSpecification","valueRequired":true,"valueName":"search_term_string"}}],"inLanguage":"ro-RO"}]}},"_links":{"self":[{"href":"https:\/\/lottohoy.com\/ro\/wp-json\/wp\/v2\/pages\/14730","targetHints":{"allow":["GET"]}}],"collection":[{"href":"https:\/\/lottohoy.com\/ro\/wp-json\/wp\/v2\/pages"}],"about":[{"href":"https:\/\/lottohoy.com\/ro\/wp-json\/wp\/v2\/types\/page"}],"author":[{"embeddable":true,"href":"https:\/\/lottohoy.com\/ro\/wp-json\/wp\/v2\/users\/2"}],"replies":[{"embeddable":true,"href":"https:\/\/lottohoy.com\/ro\/wp-json\/wp\/v2\/comments?post=14730"}],"version-history":[{"count":3,"href":"https:\/\/lottohoy.com\/ro\/wp-json\/wp\/v2\/pages\/14730\/revisions"}],"predecessor-version":[{"id":15697,"href":"https:\/\/lottohoy.com\/ro\/wp-json\/wp\/v2\/pages\/14730\/revisions\/15697"}],"wp:attachment":[{"href":"https:\/\/lottohoy.com\/ro\/wp-json\/wp\/v2\/media?parent=14730"}],"curies":[{"name":"wp","href":"https:\/\/api.w.org\/{rel}","templated":true}]}}