{"id":14715,"date":"2018-08-23T10:30:41","date_gmt":"2018-08-23T09:30:41","guid":{"rendered":"https:\/\/lottohoy.com\/?page_id=14715"},"modified":"2025-03-17T13:04:19","modified_gmt":"2025-03-17T13:04:19","slug":"joaca-la-loto-de-sambata","status":"publish","type":"page","link":"https:\/\/lottohoy.com\/ro\/joaca-la-loterie-online\/joaca-la-loto-de-sambata\/","title":{"rendered":"Joac\u0103 la loto de s\u00e2mb\u0103t\u0103"},"content":{"rendered":"<p>Pentru a completa gama s\u0103pt\u0103m\u00e2nal\u0103 de extrageri de loterie din Australia, apare Loto de s\u00e2mb\u0103t\u0103, un joc care \u00een prezent seam\u0103n\u0103 cu loteriile europene \u0219i const\u0103 \u00eentr-un sistem de bile extrase dintr-o tob\u0103, pentru a configura o combina\u021bie de 6 numere.<\/p>\n<p>Aceast\u0103 loterie are o serie de extrageri extraordinare, numite \u201esupertrageri\u201d, cu un premiu de p\u00e2n\u0103 la 20.000.000 USD care au loc la fiecare 6 sau 7 extrageri ordinare.<\/p>\n<p>\u00cen plus, ei efectueaz\u0103 \u0219i alte extrageri speciale, \u201emegatragerile\u201d, \u00een general \u00een preajma Cr\u0103ciunului \u0219i Anului Nou, cu un jackpot estimat de p\u00e2n\u0103 la 30.000.000 USD.<\/p>\n<h2>Cum s\u0103 joci la loto australian de s\u00e2mb\u0103t\u0103?<\/h2>\n<p>Pentru a plasa un pariu la Loto de s\u00e2mb\u0103t\u0103, juc\u0103torul trebuie s\u0103 aleag\u0103 6 numere de pe masa de joc, care este format\u0103 din 45 de casete numerotate de la 1 la 45, respectiv. Pre\u021bul pariului simplu la Lottohoy este de 1,50 Euro.<\/p>\n<p>La extragerea se trag 6 bile principale, plus dou\u0103 \u00een plus numite \u201ecomplementare\u201d, care nu au alt\u0103 func\u021bie dec\u00e2t s\u0103 adauge un plus c\u00e2\u0219tig\u0103torilor din categoriile a 2-a \u0219i a 5-a. Este esen\u021bial s\u0103 lovi\u021bi aceste 2 bile \u00eempreun\u0103 cu cel pu\u021bin una dintre bile principale pentru a v\u0103 califica pentru premiul de categoria a 6-a.<\/p>\n<h2>C\u00e2nd are loc extragerea AU a Loto de s\u00e2mb\u0103t\u0103?<\/h2>\n<p>O singur\u0103 extragere s\u0103pt\u0103m\u00e2nal\u0103 are loc, \u00een fiecare s\u00e2mb\u0103t\u0103 la ora 20:30, ora local\u0103 a Australiei. V\u00e2nz\u0103rile de bilete se \u00eenchid cu 1 or\u0103 \u00eenainte de extragere, iar odat\u0103 ce extragerea se \u00eencheie, se redeschid pentru extragerea de s\u0103pt\u0103m\u00e2na viitoare<\/p>\n<h2>C\u00e2t cost\u0103 loto de s\u00e2mb\u0103t\u0103?<\/h2>\n<p>La LottoHoy pute\u021bi juca Loto de s\u00e2mb\u0103t\u0103 de la 1,50 EUR pe coloan\u0103 jucat\u0103. (Aceast\u0103 sum\u0103 poate varia \u00een func\u021bie de cursul de schimb al dolarului fa\u021b\u0103 de euro). Acest pre\u021b foarte mic \u00eel face unul dintre cele mai atractive pentru a juca \u00een fiecare s\u0103pt\u0103m\u00e2n\u0103.<\/p>\n<h2>Cum s\u0103 cumperi Loto de s\u00e2mb\u0103t\u0103<\/h2>\n<p>Dac\u0103 nu sunte\u021bi rezident al Australiei, sau nu ave\u021bi ocazia s\u0103 face\u021bi o c\u0103l\u0103torie de pl\u0103cere sau de afaceri pe acele meleaguri, este indicat s\u0103 achizi\u021biona\u021bi loteria \u00eentr-un mod confortabil \u0219i u\u0219or prin intermediul platformei noastre online.<\/p>\n<p>Pur \u0219i simplu trebuie s\u0103 urma\u021bi urm\u0103torii pa\u0219i:<\/p>\n<p>Intr\u0103 pe pagina jocului Loto de s\u00e2mb\u0103t\u0103<br \/>\n\u00cen fiecare coloan\u0103 sau linie trebuie bifate 6 din cele 45 de c\u0103su\u021be disponibile.<br \/>\nPute\u021bi extinde num\u0103rul de coloane de jucat f\u0103c\u00e2nd clic pe \u201eMai multe linii\u201d.<br \/>\nFace\u021bi clic pe \u201eContinua\u021bi\u201d pentru a accesa pagina de plat\u0103.<br \/>\nPe ecranul de plat\u0103 sunt afi\u0219ate o gam\u0103 larg\u0103 de metode de plat\u0103, de la carduri de credit\/debit \u0219i sisteme cunoscute precum Skrill sau Neteller, \u0219i o list\u0103 lung\u0103 de alte metode de plat\u0103.<\/p>\n","protected":false},"excerpt":{"rendered":"<p>Pentru a completa gama s\u0103pt\u0103m\u00e2nal\u0103 de extrageri de loterie din Australia, apare Loto de s\u00e2mb\u0103t\u0103, un joc care \u00een prezent seam\u0103n\u0103 cu loteriile europene \u0219i const\u0103 \u00eentr-un sistem de bile extrase dintr-o tob\u0103, pentru a configura o combina\u021bie de 6 numere. Aceast\u0103 loterie are o serie de extrageri extraordinare, numite \u201esupertrageri\u201d, cu un premiu de [&hellip;]<\/p>\n","protected":false},"author":2,"featured_media":0,"parent":14386,"menu_order":19,"comment_status":"closed","ping_status":"closed","template":"saturday-lotto.php","meta":{"_et_pb_use_builder":"","_et_pb_old_content":"","_et_gb_content_width":"","exclude_from_search":false,"footnotes":""},"class_list":["post-14715","page","type-page","status-publish","hentry"],"yoast_head":"<!-- This site is optimized with the Yoast SEO plugin v23.7 - https:\/\/yoast.com\/wordpress\/plugins\/seo\/ -->\n<title>Joac\u0103 la loto de s\u00e2mb\u0103t\u0103 - Lottohoy<\/title>\n<meta name=\"description\" content=\"Pentru a paria la Loto de s\u00e2mb\u0103t\u0103, trebuie doar s\u0103 selecta\u021bi 6 numere de pe o tabl\u0103 de joc cu 45 de sloturi.\" \/>\n<meta name=\"robots\" content=\"index, follow, max-snippet:-1, max-image-preview:large, max-video-preview:-1\" \/>\n<link rel=\"canonical\" href=\"https:\/\/lottohoy.com\/ro\/joaca-la-loterie-online\/joaca-la-loto-de-sambata\/\" \/>\n<meta property=\"og:locale\" content=\"ro_RO\" \/>\n<meta property=\"og:type\" content=\"article\" \/>\n<meta property=\"og:title\" content=\"Joac\u0103 la loto de s\u00e2mb\u0103t\u0103 - Lottohoy\" \/>\n<meta property=\"og:description\" content=\"Pentru a paria la Loto de s\u00e2mb\u0103t\u0103, trebuie doar s\u0103 selecta\u021bi 6 numere de pe o tabl\u0103 de joc cu 45 de sloturi.\" \/>\n<meta property=\"og:url\" content=\"https:\/\/lottohoy.com\/ro\/joaca-la-loterie-online\/joaca-la-loto-de-sambata\/\" \/>\n<meta property=\"og:site_name\" content=\"Lottohoy\" \/>\n<meta property=\"article:modified_time\" content=\"2025-03-17T13:04:19+00:00\" \/>\n<meta name=\"twitter:card\" content=\"summary_large_image\" \/>\n<meta name=\"twitter:label1\" content=\"Timp estimat pentru citire\" \/>\n\t<meta name=\"twitter:data1\" content=\"2 minute\" \/>\n<script type=\"application\/ld+json\" class=\"yoast-schema-graph\">{\"@context\":\"https:\/\/schema.org\",\"@graph\":[{\"@type\":\"WebPage\",\"@id\":\"https:\/\/lottohoy.com\/ro\/joaca-la-loterie-online\/joaca-la-loto-de-sambata\/\",\"url\":\"https:\/\/lottohoy.com\/ro\/joaca-la-loterie-online\/joaca-la-loto-de-sambata\/\",\"name\":\"Joac\u0103 la loto de s\u00e2mb\u0103t\u0103 - Lottohoy\",\"isPartOf\":{\"@id\":\"https:\/\/lottohoy.com\/ro\/#website\"},\"datePublished\":\"2018-08-23T09:30:41+00:00\",\"dateModified\":\"2025-03-17T13:04:19+00:00\",\"description\":\"Pentru a paria la Loto de s\u00e2mb\u0103t\u0103, trebuie doar s\u0103 selecta\u021bi 6 numere de pe o tabl\u0103 de joc cu 45 de sloturi.\",\"breadcrumb\":{\"@id\":\"https:\/\/lottohoy.com\/ro\/joaca-la-loterie-online\/joaca-la-loto-de-sambata\/#breadcrumb\"},\"inLanguage\":\"ro-RO\",\"potentialAction\":[{\"@type\":\"ReadAction\",\"target\":[\"https:\/\/lottohoy.com\/ro\/joaca-la-loterie-online\/joaca-la-loto-de-sambata\/\"]}]},{\"@type\":\"BreadcrumbList\",\"@id\":\"https:\/\/lottohoy.com\/ro\/joaca-la-loterie-online\/joaca-la-loto-de-sambata\/#breadcrumb\",\"itemListElement\":[{\"@type\":\"ListItem\",\"position\":1,\"name\":\"Home\",\"item\":\"https:\/\/lottohoy.com\/ro\/\"},{\"@type\":\"ListItem\",\"position\":2,\"name\":\"Joac\u0103 la loterie online\",\"item\":\"https:\/\/lottohoy.com\/ro\/joaca-la-loterie-online\/\"},{\"@type\":\"ListItem\",\"position\":3,\"name\":\"Joac\u0103 la loto de s\u00e2mb\u0103t\u0103\"}]},{\"@type\":\"WebSite\",\"@id\":\"https:\/\/lottohoy.com\/ro\/#website\",\"url\":\"https:\/\/lottohoy.com\/ro\/\",\"name\":\"Lottohoy\",\"description\":\"\",\"potentialAction\":[{\"@type\":\"SearchAction\",\"target\":{\"@type\":\"EntryPoint\",\"urlTemplate\":\"https:\/\/lottohoy.com\/ro\/?s={search_term_string}\"},\"query-input\":{\"@type\":\"PropertyValueSpecification\",\"valueRequired\":true,\"valueName\":\"search_term_string\"}}],\"inLanguage\":\"ro-RO\"}]}<\/script>\n<!-- \/ Yoast SEO plugin. -->","yoast_head_json":{"title":"Joac\u0103 la loto de s\u00e2mb\u0103t\u0103 - Lottohoy","description":"Pentru a paria la Loto de s\u00e2mb\u0103t\u0103, trebuie doar s\u0103 selecta\u021bi 6 numere de pe o tabl\u0103 de joc cu 45 de sloturi.","robots":{"index":"index","follow":"follow","max-snippet":"max-snippet:-1","max-image-preview":"max-image-preview:large","max-video-preview":"max-video-preview:-1"},"canonical":"https:\/\/lottohoy.com\/ro\/joaca-la-loterie-online\/joaca-la-loto-de-sambata\/","og_locale":"ro_RO","og_type":"article","og_title":"Joac\u0103 la loto de s\u00e2mb\u0103t\u0103 - Lottohoy","og_description":"Pentru a paria la Loto de s\u00e2mb\u0103t\u0103, trebuie doar s\u0103 selecta\u021bi 6 numere de pe o tabl\u0103 de joc cu 45 de sloturi.","og_url":"https:\/\/lottohoy.com\/ro\/joaca-la-loterie-online\/joaca-la-loto-de-sambata\/","og_site_name":"Lottohoy","article_modified_time":"2025-03-17T13:04:19+00:00","twitter_card":"summary_large_image","twitter_misc":{"Timp estimat pentru citire":"2 minute"},"schema":{"@context":"https:\/\/schema.org","@graph":[{"@type":"WebPage","@id":"https:\/\/lottohoy.com\/ro\/joaca-la-loterie-online\/joaca-la-loto-de-sambata\/","url":"https:\/\/lottohoy.com\/ro\/joaca-la-loterie-online\/joaca-la-loto-de-sambata\/","name":"Joac\u0103 la loto de s\u00e2mb\u0103t\u0103 - Lottohoy","isPartOf":{"@id":"https:\/\/lottohoy.com\/ro\/#website"},"datePublished":"2018-08-23T09:30:41+00:00","dateModified":"2025-03-17T13:04:19+00:00","description":"Pentru a paria la Loto de s\u00e2mb\u0103t\u0103, trebuie doar s\u0103 selecta\u021bi 6 numere de pe o tabl\u0103 de joc cu 45 de sloturi.","breadcrumb":{"@id":"https:\/\/lottohoy.com\/ro\/joaca-la-loterie-online\/joaca-la-loto-de-sambata\/#breadcrumb"},"inLanguage":"ro-RO","potentialAction":[{"@type":"ReadAction","target":["https:\/\/lottohoy.com\/ro\/joaca-la-loterie-online\/joaca-la-loto-de-sambata\/"]}]},{"@type":"BreadcrumbList","@id":"https:\/\/lottohoy.com\/ro\/joaca-la-loterie-online\/joaca-la-loto-de-sambata\/#breadcrumb","itemListElement":[{"@type":"ListItem","position":1,"name":"Home","item":"https:\/\/lottohoy.com\/ro\/"},{"@type":"ListItem","position":2,"name":"Joac\u0103 la loterie online","item":"https:\/\/lottohoy.com\/ro\/joaca-la-loterie-online\/"},{"@type":"ListItem","position":3,"name":"Joac\u0103 la loto de s\u00e2mb\u0103t\u0103"}]},{"@type":"WebSite","@id":"https:\/\/lottohoy.com\/ro\/#website","url":"https:\/\/lottohoy.com\/ro\/","name":"Lottohoy","description":"","potentialAction":[{"@type":"SearchAction","target":{"@type":"EntryPoint","urlTemplate":"https:\/\/lottohoy.com\/ro\/?s={search_term_string}"},"query-input":{"@type":"PropertyValueSpecification","valueRequired":true,"valueName":"search_term_string"}}],"inLanguage":"ro-RO"}]}},"_links":{"self":[{"href":"https:\/\/lottohoy.com\/ro\/wp-json\/wp\/v2\/pages\/14715","targetHints":{"allow":["GET"]}}],"collection":[{"href":"https:\/\/lottohoy.com\/ro\/wp-json\/wp\/v2\/pages"}],"about":[{"href":"https:\/\/lottohoy.com\/ro\/wp-json\/wp\/v2\/types\/page"}],"author":[{"embeddable":true,"href":"https:\/\/lottohoy.com\/ro\/wp-json\/wp\/v2\/users\/2"}],"replies":[{"embeddable":true,"href":"https:\/\/lottohoy.com\/ro\/wp-json\/wp\/v2\/comments?post=14715"}],"version-history":[{"count":1,"href":"https:\/\/lottohoy.com\/ro\/wp-json\/wp\/v2\/pages\/14715\/revisions"}],"predecessor-version":[{"id":14716,"href":"https:\/\/lottohoy.com\/ro\/wp-json\/wp\/v2\/pages\/14715\/revisions\/14716"}],"up":[{"embeddable":true,"href":"https:\/\/lottohoy.com\/ro\/wp-json\/wp\/v2\/pages\/14386"}],"wp:attachment":[{"href":"https:\/\/lottohoy.com\/ro\/wp-json\/wp\/v2\/media?parent=14715"}],"curies":[{"name":"wp","href":"https:\/\/api.w.org\/{rel}","templated":true}]}}