{"id":14701,"date":"2018-08-22T10:27:06","date_gmt":"2018-08-22T09:27:06","guid":{"rendered":"https:\/\/lottohoy.com\/?page_id=14701"},"modified":"2025-03-17T12:53:11","modified_gmt":"2025-03-17T12:53:11","slug":"joaca-powerball-au","status":"publish","type":"page","link":"https:\/\/lottohoy.com\/ro\/joaca-la-loterie-online\/joaca-powerball-au\/","title":{"rendered":"Joac\u0103 Powerball AU"},"content":{"rendered":"<p>Powerball AU a fost creat \u00een 1996 \u0219i este supravegheat oficial de guvernul australian, de\u0219i este operat de Tatts Group.<\/p>\n<p>\u00cen aprilie 2018, a fost f\u0103cut\u0103 o schimbare important\u0103 a regulilor sale pentru a se adapta la oferta altor loterie mondiale \u0219i, \u00een acest fel, cre\u0219te \u0219ansele de c\u00e2\u0219tig \u0219i \u00eencurajeaz\u0103 crearea de jackpot-uri mai mari.<\/p>\n<p>AU Powerball nu trebuie confundat cu US Powerball, deoarece, de\u0219i au asem\u0103n\u0103ri, diferen\u021bele lor sunt de asemenea notabile.<\/p>\n<p>Unele dintre avantajele de care merit\u0103 luate \u00een considerare atunci c\u00e2nd pariezi pe Powerball AU sunt urm\u0103toarele:<\/p>\n<p>Nu re\u021bine taxe din premii<br \/>\nC\u00e2\u0219tig\u0103torii primesc \u00eentregul premiu \u00een bani \u00een numerar, \u00een timp ce US Powerball permite plata \u00een anuit\u0103\u021bi sau dac\u0103 opta\u021bi pentru o singur\u0103 plat\u0103, trebuie s\u0103 face\u021bi fa\u021b\u0103 unei sume semnificative de taxe federale, de stat \u0219i provinciale.<br \/>\nSistemul de distribuire a premiilor pentru categoriile inferioare este propor\u021bional cu colectarea, \u00een loc s\u0103 precizeze sume fixe ca \u00een SUA.<\/p>\n<h2>Cum s\u0103 joci Australian PowerBall?<\/h2>\n<p>La fel ca multe jocuri de loterie bazate pe numere, PowerBall AU este alc\u0103tuit din 2 sec\u021biuni diferite \u00een fiecare coloan\u0103 de joc:<\/p>\n<p>O prim\u0103 parte este format\u0103 din numere \u00eentre 1 \u0219i 35, ambele inclusiv, \u0219i dintre care vor trebui alese 7.<\/p>\n<p>\u00cen partea de jos este a doua sec\u021biune \u00een care trebuie s\u0103 alegem num\u0103rul Powerball bif\u00e2nd una dintre c\u0103su\u021bele de la 1 la 20.<\/p>\n<p>Pentru a fi eligibil pentru un premiu minim, juc\u0103torul trebuie s\u0103 potriveasc\u0103 dou\u0103 numere \u0219i Powerball. Pre\u021bul unui pariu simplu la Lottohoy este de 2 EUR.<\/p>\n<h2>C\u00e2nd are loc extragerea Australian PowerBall?<\/h2>\n<p>Exist\u0103 o singur\u0103 extragere s\u0103pt\u0103m\u00e2nal\u0103 \u0219i are loc \u00een fiecare joi la ora local\u0103 21:30.<br \/>\nV\u00e2nz\u0103rile de bilete se \u00eenchid cu 1 or\u0103 \u00eenainte de extragere, iar odat\u0103 ce extragerea se \u00eencheie, se redeschid pentru extragerea de s\u0103pt\u0103m\u00e2na viitoare.<\/p>\n<h2>Care este pre\u021bul PowerBall-ului australian?<\/h2>\n<p>La LottoHoy po\u021bi juca Australian Powerball de la 2 EUR pe coloan\u0103. La aceast\u0103 loterie este obligatoriu s\u0103 joci minim 4 coloane. (Aceast\u0103 sum\u0103 poate varia \u00een func\u021bie de cursul de schimb al dolarului fa\u021b\u0103 de euro)<\/p>\n<h2>Cum s\u0103 cump\u0103ra\u021bi PowerBall din AU<\/h2>\n<p>Cump\u0103rarea biletelor Australian PowerBall \u0219i participarea la toate extragerile sale este foarte u\u0219or \u0219i convenabil prin intermediul platformei noastre online.<\/p>\n<p>La accesarea paginii de joc pentru a plasa pariul sau pariurile dorite, platforma are 5 coloane (numite \u0219i linii), dar acestea pot fi extinse de c\u00e2te ori dori\u021bi f\u0103c\u00e2nd clic pe c\u0103su\u021ba \u201eMai multe linii\u201d.<\/p>\n<p>Fiecare coloan\u0103 este pentru plasarea unui pariu \u0219i pute\u021bi completa c\u00e2te coloane dori\u021bi. \u00cen fiecare coloan\u0103 vor fi marcate doar 7 casete din primul grup \u0219i 1 caset\u0103 rotund\u0103 din al doilea grup pentru a configura pariul.<\/p>\n<p>Alegerea numerelor \u0219i a powerball-ului pentru a configura pariul se poate face manual sau permi\u021b\u00e2nd sistemului \u00eensu\u0219i s\u0103 aleag\u0103 o combina\u021bie aleatorie pentru juc\u0103tor. Aceast\u0103 selec\u021bie aleatorie se face prin trecerea cursorului peste coloan\u0103 \u0219i \u00een partea de sus apare o caset\u0103 care indic\u0103 \u201eselec\u021bie rapid\u0103\u201d.<\/p>\n<p>Odat\u0103 determinat num\u0103rul de coloane (pariuri) pe care juc\u0103torul le dore\u0219te, \u00een partea de jos apare o caset\u0103 verde cu cuv\u00e2ntul \u201econtinuare\u201d \u0219i f\u0103c\u00e2nd clic pe ea ne duce la ecranul de conformitate \u0219i pentru a trece la plata folosind caseta \u201epl\u0103te\u0219te acum\u201d.<\/p>\n<p>Un nou ecran ne arat\u0103 o serie de metode de plat\u0103. de la carduri de credit \u0219i sisteme cunoscute sub numele de Skrill sau Neteller, p\u00e2n\u0103 la o mare varietate de mijloace, permi\u021b\u00e2nd chiar \u0219i plata prin criptomonede.<\/p>\n","protected":false},"excerpt":{"rendered":"<p>Powerball AU a fost creat \u00een 1996 \u0219i este supravegheat oficial de guvernul australian, de\u0219i este operat de Tatts Group. \u00cen aprilie 2018, a fost f\u0103cut\u0103 o schimbare important\u0103 a regulilor sale pentru a se adapta la oferta altor loterie mondiale \u0219i, \u00een acest fel, cre\u0219te \u0219ansele de c\u00e2\u0219tig \u0219i \u00eencurajeaz\u0103 crearea de jackpot-uri mai [&hellip;]<\/p>\n","protected":false},"author":2,"featured_media":0,"parent":14386,"menu_order":17,"comment_status":"closed","ping_status":"closed","template":"powerball-au.php","meta":{"_et_pb_use_builder":"","_et_pb_old_content":"","_et_gb_content_width":"","exclude_from_search":false,"footnotes":""},"class_list":["post-14701","page","type-page","status-publish","hentry"],"yoast_head":"<!-- This site is optimized with the Yoast SEO plugin v23.7 - https:\/\/yoast.com\/wordpress\/plugins\/seo\/ -->\n<title>Joac\u0103 Powerball AU - Lottohoy<\/title>\n<meta name=\"description\" content=\"Intra\u021bi \u00een ac\u021biune \u0219i juca\u021bi Powerball AU f\u0103r\u0103 s\u0103 v\u0103 p\u0103r\u0103si\u021bi casa, cea mai mare loterie cu jackpot din Australia. Selecta\u021bi 7 numere \u0219i Powerball\" \/>\n<meta name=\"robots\" content=\"index, follow, max-snippet:-1, max-image-preview:large, max-video-preview:-1\" \/>\n<link rel=\"canonical\" href=\"https:\/\/lottohoy.com\/ro\/joaca-la-loterie-online\/joaca-powerball-au\/\" \/>\n<meta property=\"og:locale\" content=\"ro_RO\" \/>\n<meta property=\"og:type\" content=\"article\" \/>\n<meta property=\"og:title\" content=\"Joac\u0103 Powerball AU - Lottohoy\" \/>\n<meta property=\"og:description\" content=\"Intra\u021bi \u00een ac\u021biune \u0219i juca\u021bi Powerball AU f\u0103r\u0103 s\u0103 v\u0103 p\u0103r\u0103si\u021bi casa, cea mai mare loterie cu jackpot din Australia. Selecta\u021bi 7 numere \u0219i Powerball\" \/>\n<meta property=\"og:url\" content=\"https:\/\/lottohoy.com\/ro\/joaca-la-loterie-online\/joaca-powerball-au\/\" \/>\n<meta property=\"og:site_name\" content=\"Lottohoy\" \/>\n<meta property=\"article:modified_time\" content=\"2025-03-17T12:53:11+00:00\" \/>\n<meta name=\"twitter:card\" content=\"summary_large_image\" \/>\n<meta name=\"twitter:label1\" content=\"Timp estimat pentru citire\" \/>\n\t<meta name=\"twitter:data1\" content=\"3 minute\" \/>\n<script type=\"application\/ld+json\" class=\"yoast-schema-graph\">{\"@context\":\"https:\/\/schema.org\",\"@graph\":[{\"@type\":\"WebPage\",\"@id\":\"https:\/\/lottohoy.com\/ro\/joaca-la-loterie-online\/joaca-powerball-au\/\",\"url\":\"https:\/\/lottohoy.com\/ro\/joaca-la-loterie-online\/joaca-powerball-au\/\",\"name\":\"Joac\u0103 Powerball AU - Lottohoy\",\"isPartOf\":{\"@id\":\"https:\/\/lottohoy.com\/ro\/#website\"},\"datePublished\":\"2018-08-22T09:27:06+00:00\",\"dateModified\":\"2025-03-17T12:53:11+00:00\",\"description\":\"Intra\u021bi \u00een ac\u021biune \u0219i juca\u021bi Powerball AU f\u0103r\u0103 s\u0103 v\u0103 p\u0103r\u0103si\u021bi casa, cea mai mare loterie cu jackpot din Australia. Selecta\u021bi 7 numere \u0219i Powerball\",\"breadcrumb\":{\"@id\":\"https:\/\/lottohoy.com\/ro\/joaca-la-loterie-online\/joaca-powerball-au\/#breadcrumb\"},\"inLanguage\":\"ro-RO\",\"potentialAction\":[{\"@type\":\"ReadAction\",\"target\":[\"https:\/\/lottohoy.com\/ro\/joaca-la-loterie-online\/joaca-powerball-au\/\"]}]},{\"@type\":\"BreadcrumbList\",\"@id\":\"https:\/\/lottohoy.com\/ro\/joaca-la-loterie-online\/joaca-powerball-au\/#breadcrumb\",\"itemListElement\":[{\"@type\":\"ListItem\",\"position\":1,\"name\":\"Home\",\"item\":\"https:\/\/lottohoy.com\/ro\/\"},{\"@type\":\"ListItem\",\"position\":2,\"name\":\"Joac\u0103 la loterie online\",\"item\":\"https:\/\/lottohoy.com\/ro\/joaca-la-loterie-online\/\"},{\"@type\":\"ListItem\",\"position\":3,\"name\":\"Joac\u0103 Powerball AU\"}]},{\"@type\":\"WebSite\",\"@id\":\"https:\/\/lottohoy.com\/ro\/#website\",\"url\":\"https:\/\/lottohoy.com\/ro\/\",\"name\":\"Lottohoy\",\"description\":\"\",\"potentialAction\":[{\"@type\":\"SearchAction\",\"target\":{\"@type\":\"EntryPoint\",\"urlTemplate\":\"https:\/\/lottohoy.com\/ro\/?s={search_term_string}\"},\"query-input\":{\"@type\":\"PropertyValueSpecification\",\"valueRequired\":true,\"valueName\":\"search_term_string\"}}],\"inLanguage\":\"ro-RO\"}]}<\/script>\n<!-- \/ Yoast SEO plugin. -->","yoast_head_json":{"title":"Joac\u0103 Powerball AU - Lottohoy","description":"Intra\u021bi \u00een ac\u021biune \u0219i juca\u021bi Powerball AU f\u0103r\u0103 s\u0103 v\u0103 p\u0103r\u0103si\u021bi casa, cea mai mare loterie cu jackpot din Australia. Selecta\u021bi 7 numere \u0219i Powerball","robots":{"index":"index","follow":"follow","max-snippet":"max-snippet:-1","max-image-preview":"max-image-preview:large","max-video-preview":"max-video-preview:-1"},"canonical":"https:\/\/lottohoy.com\/ro\/joaca-la-loterie-online\/joaca-powerball-au\/","og_locale":"ro_RO","og_type":"article","og_title":"Joac\u0103 Powerball AU - Lottohoy","og_description":"Intra\u021bi \u00een ac\u021biune \u0219i juca\u021bi Powerball AU f\u0103r\u0103 s\u0103 v\u0103 p\u0103r\u0103si\u021bi casa, cea mai mare loterie cu jackpot din Australia. Selecta\u021bi 7 numere \u0219i Powerball","og_url":"https:\/\/lottohoy.com\/ro\/joaca-la-loterie-online\/joaca-powerball-au\/","og_site_name":"Lottohoy","article_modified_time":"2025-03-17T12:53:11+00:00","twitter_card":"summary_large_image","twitter_misc":{"Timp estimat pentru citire":"3 minute"},"schema":{"@context":"https:\/\/schema.org","@graph":[{"@type":"WebPage","@id":"https:\/\/lottohoy.com\/ro\/joaca-la-loterie-online\/joaca-powerball-au\/","url":"https:\/\/lottohoy.com\/ro\/joaca-la-loterie-online\/joaca-powerball-au\/","name":"Joac\u0103 Powerball AU - Lottohoy","isPartOf":{"@id":"https:\/\/lottohoy.com\/ro\/#website"},"datePublished":"2018-08-22T09:27:06+00:00","dateModified":"2025-03-17T12:53:11+00:00","description":"Intra\u021bi \u00een ac\u021biune \u0219i juca\u021bi Powerball AU f\u0103r\u0103 s\u0103 v\u0103 p\u0103r\u0103si\u021bi casa, cea mai mare loterie cu jackpot din Australia. Selecta\u021bi 7 numere \u0219i Powerball","breadcrumb":{"@id":"https:\/\/lottohoy.com\/ro\/joaca-la-loterie-online\/joaca-powerball-au\/#breadcrumb"},"inLanguage":"ro-RO","potentialAction":[{"@type":"ReadAction","target":["https:\/\/lottohoy.com\/ro\/joaca-la-loterie-online\/joaca-powerball-au\/"]}]},{"@type":"BreadcrumbList","@id":"https:\/\/lottohoy.com\/ro\/joaca-la-loterie-online\/joaca-powerball-au\/#breadcrumb","itemListElement":[{"@type":"ListItem","position":1,"name":"Home","item":"https:\/\/lottohoy.com\/ro\/"},{"@type":"ListItem","position":2,"name":"Joac\u0103 la loterie online","item":"https:\/\/lottohoy.com\/ro\/joaca-la-loterie-online\/"},{"@type":"ListItem","position":3,"name":"Joac\u0103 Powerball AU"}]},{"@type":"WebSite","@id":"https:\/\/lottohoy.com\/ro\/#website","url":"https:\/\/lottohoy.com\/ro\/","name":"Lottohoy","description":"","potentialAction":[{"@type":"SearchAction","target":{"@type":"EntryPoint","urlTemplate":"https:\/\/lottohoy.com\/ro\/?s={search_term_string}"},"query-input":{"@type":"PropertyValueSpecification","valueRequired":true,"valueName":"search_term_string"}}],"inLanguage":"ro-RO"}]}},"_links":{"self":[{"href":"https:\/\/lottohoy.com\/ro\/wp-json\/wp\/v2\/pages\/14701","targetHints":{"allow":["GET"]}}],"collection":[{"href":"https:\/\/lottohoy.com\/ro\/wp-json\/wp\/v2\/pages"}],"about":[{"href":"https:\/\/lottohoy.com\/ro\/wp-json\/wp\/v2\/types\/page"}],"author":[{"embeddable":true,"href":"https:\/\/lottohoy.com\/ro\/wp-json\/wp\/v2\/users\/2"}],"replies":[{"embeddable":true,"href":"https:\/\/lottohoy.com\/ro\/wp-json\/wp\/v2\/comments?post=14701"}],"version-history":[{"count":1,"href":"https:\/\/lottohoy.com\/ro\/wp-json\/wp\/v2\/pages\/14701\/revisions"}],"predecessor-version":[{"id":14702,"href":"https:\/\/lottohoy.com\/ro\/wp-json\/wp\/v2\/pages\/14701\/revisions\/14702"}],"up":[{"embeddable":true,"href":"https:\/\/lottohoy.com\/ro\/wp-json\/wp\/v2\/pages\/14386"}],"wp:attachment":[{"href":"https:\/\/lottohoy.com\/ro\/wp-json\/wp\/v2\/media?parent=14701"}],"curies":[{"name":"wp","href":"https:\/\/api.w.org\/{rel}","templated":true}]}}