{"id":14687,"date":"2020-08-10T15:56:27","date_gmt":"2020-08-10T14:56:27","guid":{"rendered":"https:\/\/lottohoy.com\/?page_id=14687"},"modified":"2025-03-17T12:47:43","modified_gmt":"2025-03-17T12:47:43","slug":"joaca-mega-sena","status":"publish","type":"page","link":"https:\/\/lottohoy.com\/ro\/joaca-la-loterie-online\/joaca-mega-sena\/","title":{"rendered":"Joac\u0103 Mega Sena"},"content":{"rendered":"<p><strong>Paria\u021bi pe Mega Sena online<\/strong><\/p>\n<p>Mega-Sena este cea mai mare loterie din Brazilia \u0219i din toat\u0103 America de Sud. Este organizat de banca federal\u0103 Caixa Econ\u00f3mica, din martie 1996.<\/p>\n<p>Pentru a juca loteria Mega Sena online, juc\u0103torul poate face acest lucru direct prin platforme de loterie precum a noastr\u0103. Pentru a paria pe Mega Sena este esential sa ai peste 18 ani, cerut de organizator.<\/p>\n<p>Odat\u0103 ce accesa\u021bi pagina de joc Mega Sena prin platforma noastr\u0103, apare un \u0219ablon cu diverse coloane de joc (le numim \u0219i linii) unde trebuie s\u0103 indica\u021bi jocul pe care dori\u021bi s\u0103 \u00eel face\u021bi (Fiec\u0103rei coloan\u0103 sau linie va corespunde un pariu). Aceste coloane ini\u021biale pot fi extinse f\u0103c\u00e2nd clic pe caseta MAI MULTE LINII \u0219i apar alte coloane, unde pute\u021bi plasa mai multe pariuri pe aceea\u0219i joc.<\/p>\n<p>Acest lucru poate fi repetat de c\u00e2te ori este num\u0103rul de coloane sau linii pe care dori\u021bi s\u0103 paria\u021bi.<\/p>\n<p>Pentru a plasa pariul pe o coloan\u0103, trebuie marcate <strong>6 din cele 60 de casete enumerate \u00een prima caset\u0103.<\/strong><\/p>\n<p>Acest joc se poate face manual, adic\u0103 prin marcarea direct\u0103 pe fiecare dintre numerele pe care dori\u021bi s\u0103 face\u021bi parte din combina\u021bia dvs. de pariuri. \u0218i, de asemenea, dac\u0103 dori\u021bi, pute\u021bi permite sistemului \u00eensu\u0219i s\u0103 aleag\u0103 aleatoriu combina\u021bia de pariuri.<\/p>\n<p>Dac\u0103 pariul este acordat, suma premiului este introdus\u0103 automat \u00een contul de utilizator.<\/p>\n<p><strong>In ce zile se extrage?<\/strong><\/p>\n<p>Mega Sena organizeaz\u0103 dou\u0103 extrageri \u00een fiecare s\u0103pt\u0103m\u00e2n\u0103, miercuri \u0219i s\u00e2mb\u0103t\u0103 la ora 20:00. ora locala. (UTC-3)<\/p>\n<p>Admiterea biletelor online se \u00eenchide oficial cu aproximativ 3 ore \u00eenainte de ora oficial\u0103 \u0219i se redeschide la sf\u00e2r\u0219itul extragerii, pentru a valida biletele pentru noi extrageri.<\/p>\n<h2>Avantajele cump\u0103r\u0103rii Mega Sena online<\/h2>\n<p>Exist\u0103 multiple avantaje de a plasa pariuri Mega Sena online, prin intermediul platformei noastre, care permite juc\u0103torilor din toat\u0103 lumea s\u0103-\u0219i cumpere biletele, indiferent de \u021bara \u00een care \u00ee\u0219i au re\u0219edin\u021ba.<\/p>\n<p>Printre multe altele, acestea sunt c\u00e2teva dintre principalele avantaje ale jocului prin LottoHoy:<\/p>\n<p><strong>Securitate \u00een tranzac\u021bii.<\/strong><br \/>\n<strong>Acces 24\/7 \u00een fiecare<\/strong> zi a anului pentru achizi\u021bii \u0219i pariuri. .<br \/>\nCump\u0103ra\u021bi-v\u0103 biletele de oriunde \u00een lume<strong>, f\u0103r\u0103 cozi \u0219i f\u0103r\u0103 deplas\u0103ri.<\/strong><br \/>\nCu achizi\u021biile online, <strong>se evit\u0103 deplas\u0103rile sau pierderile,<\/strong> biletul r\u0103m\u00e2ne \u00eentotdeauna \u00een siguran\u021b\u0103 \u00een contul de utilizator.<br \/>\nPremiile c\u00e2\u0219tigate sunt introduse imediat \u00een contul dvs. de utilizator \u0219i sunt disponibile din primul moment, dup\u0103 tragerea la sor\u021bi \u0219i odat\u0103 publicate rezultatele oficiale, sumele premiilor c\u00e2\u0219tigate sunt introduse \u00een contul de utilizator.<br \/>\nFi\u021bi i<strong>nformat despre jackpot-urile acumulate<\/strong> \u0219i extragerile extraordinare.<\/p>\n","protected":false},"excerpt":{"rendered":"<p>Paria\u021bi pe Mega Sena online Mega-Sena este cea mai mare loterie din Brazilia \u0219i din toat\u0103 America de Sud. Este organizat de banca federal\u0103 Caixa Econ\u00f3mica, din martie 1996. Pentru a juca loteria Mega Sena online, juc\u0103torul poate face acest lucru direct prin platforme de loterie precum a noastr\u0103. Pentru a paria pe Mega Sena [&hellip;]<\/p>\n","protected":false},"author":2,"featured_media":0,"parent":14386,"menu_order":16,"comment_status":"closed","ping_status":"closed","template":"megasena.php","meta":{"_et_pb_use_builder":"","_et_pb_old_content":"","_et_gb_content_width":"","exclude_from_search":false,"footnotes":""},"class_list":["post-14687","page","type-page","status-publish","hentry"],"yoast_head":"<!-- This site is optimized with the Yoast SEO plugin v23.7 - https:\/\/yoast.com\/wordpress\/plugins\/seo\/ -->\n<title>Joac\u0103 Mega Sena - Lottohoy<\/title>\n<meta name=\"description\" content=\"Paria\u021bi la orice or\u0103 din zi sau din noapte, juca\u021bi la loteria Mega Sena online, f\u0103r\u0103 cozi \u0219i f\u0103r\u0103 s\u0103 v\u0103 deplasa\u021bi.\" \/>\n<meta name=\"robots\" content=\"index, follow, max-snippet:-1, max-image-preview:large, max-video-preview:-1\" \/>\n<link rel=\"canonical\" href=\"https:\/\/lottohoy.com\/ro\/joaca-la-loterie-online\/joaca-mega-sena\/\" \/>\n<meta property=\"og:locale\" content=\"ro_RO\" \/>\n<meta property=\"og:type\" content=\"article\" \/>\n<meta property=\"og:title\" content=\"Joac\u0103 Mega Sena - Lottohoy\" \/>\n<meta property=\"og:description\" content=\"Paria\u021bi la orice or\u0103 din zi sau din noapte, juca\u021bi la loteria Mega Sena online, f\u0103r\u0103 cozi \u0219i f\u0103r\u0103 s\u0103 v\u0103 deplasa\u021bi.\" \/>\n<meta property=\"og:url\" content=\"https:\/\/lottohoy.com\/ro\/joaca-la-loterie-online\/joaca-mega-sena\/\" \/>\n<meta property=\"og:site_name\" content=\"Lottohoy\" \/>\n<meta property=\"article:modified_time\" content=\"2025-03-17T12:47:43+00:00\" \/>\n<meta name=\"twitter:card\" content=\"summary_large_image\" \/>\n<meta name=\"twitter:label1\" content=\"Timp estimat pentru citire\" \/>\n\t<meta name=\"twitter:data1\" content=\"2 minute\" \/>\n<script type=\"application\/ld+json\" class=\"yoast-schema-graph\">{\"@context\":\"https:\/\/schema.org\",\"@graph\":[{\"@type\":\"WebPage\",\"@id\":\"https:\/\/lottohoy.com\/ro\/joaca-la-loterie-online\/joaca-mega-sena\/\",\"url\":\"https:\/\/lottohoy.com\/ro\/joaca-la-loterie-online\/joaca-mega-sena\/\",\"name\":\"Joac\u0103 Mega Sena - Lottohoy\",\"isPartOf\":{\"@id\":\"https:\/\/lottohoy.com\/ro\/#website\"},\"datePublished\":\"2020-08-10T14:56:27+00:00\",\"dateModified\":\"2025-03-17T12:47:43+00:00\",\"description\":\"Paria\u021bi la orice or\u0103 din zi sau din noapte, juca\u021bi la loteria Mega Sena online, f\u0103r\u0103 cozi \u0219i f\u0103r\u0103 s\u0103 v\u0103 deplasa\u021bi.\",\"breadcrumb\":{\"@id\":\"https:\/\/lottohoy.com\/ro\/joaca-la-loterie-online\/joaca-mega-sena\/#breadcrumb\"},\"inLanguage\":\"ro-RO\",\"potentialAction\":[{\"@type\":\"ReadAction\",\"target\":[\"https:\/\/lottohoy.com\/ro\/joaca-la-loterie-online\/joaca-mega-sena\/\"]}]},{\"@type\":\"BreadcrumbList\",\"@id\":\"https:\/\/lottohoy.com\/ro\/joaca-la-loterie-online\/joaca-mega-sena\/#breadcrumb\",\"itemListElement\":[{\"@type\":\"ListItem\",\"position\":1,\"name\":\"Home\",\"item\":\"https:\/\/lottohoy.com\/ro\/\"},{\"@type\":\"ListItem\",\"position\":2,\"name\":\"Joac\u0103 la loterie online\",\"item\":\"https:\/\/lottohoy.com\/ro\/joaca-la-loterie-online\/\"},{\"@type\":\"ListItem\",\"position\":3,\"name\":\"Joac\u0103 Mega Sena\"}]},{\"@type\":\"WebSite\",\"@id\":\"https:\/\/lottohoy.com\/ro\/#website\",\"url\":\"https:\/\/lottohoy.com\/ro\/\",\"name\":\"Lottohoy\",\"description\":\"\",\"potentialAction\":[{\"@type\":\"SearchAction\",\"target\":{\"@type\":\"EntryPoint\",\"urlTemplate\":\"https:\/\/lottohoy.com\/ro\/?s={search_term_string}\"},\"query-input\":{\"@type\":\"PropertyValueSpecification\",\"valueRequired\":true,\"valueName\":\"search_term_string\"}}],\"inLanguage\":\"ro-RO\"}]}<\/script>\n<!-- \/ Yoast SEO plugin. -->","yoast_head_json":{"title":"Joac\u0103 Mega Sena - Lottohoy","description":"Paria\u021bi la orice or\u0103 din zi sau din noapte, juca\u021bi la loteria Mega Sena online, f\u0103r\u0103 cozi \u0219i f\u0103r\u0103 s\u0103 v\u0103 deplasa\u021bi.","robots":{"index":"index","follow":"follow","max-snippet":"max-snippet:-1","max-image-preview":"max-image-preview:large","max-video-preview":"max-video-preview:-1"},"canonical":"https:\/\/lottohoy.com\/ro\/joaca-la-loterie-online\/joaca-mega-sena\/","og_locale":"ro_RO","og_type":"article","og_title":"Joac\u0103 Mega Sena - Lottohoy","og_description":"Paria\u021bi la orice or\u0103 din zi sau din noapte, juca\u021bi la loteria Mega Sena online, f\u0103r\u0103 cozi \u0219i f\u0103r\u0103 s\u0103 v\u0103 deplasa\u021bi.","og_url":"https:\/\/lottohoy.com\/ro\/joaca-la-loterie-online\/joaca-mega-sena\/","og_site_name":"Lottohoy","article_modified_time":"2025-03-17T12:47:43+00:00","twitter_card":"summary_large_image","twitter_misc":{"Timp estimat pentru citire":"2 minute"},"schema":{"@context":"https:\/\/schema.org","@graph":[{"@type":"WebPage","@id":"https:\/\/lottohoy.com\/ro\/joaca-la-loterie-online\/joaca-mega-sena\/","url":"https:\/\/lottohoy.com\/ro\/joaca-la-loterie-online\/joaca-mega-sena\/","name":"Joac\u0103 Mega Sena - Lottohoy","isPartOf":{"@id":"https:\/\/lottohoy.com\/ro\/#website"},"datePublished":"2020-08-10T14:56:27+00:00","dateModified":"2025-03-17T12:47:43+00:00","description":"Paria\u021bi la orice or\u0103 din zi sau din noapte, juca\u021bi la loteria Mega Sena online, f\u0103r\u0103 cozi \u0219i f\u0103r\u0103 s\u0103 v\u0103 deplasa\u021bi.","breadcrumb":{"@id":"https:\/\/lottohoy.com\/ro\/joaca-la-loterie-online\/joaca-mega-sena\/#breadcrumb"},"inLanguage":"ro-RO","potentialAction":[{"@type":"ReadAction","target":["https:\/\/lottohoy.com\/ro\/joaca-la-loterie-online\/joaca-mega-sena\/"]}]},{"@type":"BreadcrumbList","@id":"https:\/\/lottohoy.com\/ro\/joaca-la-loterie-online\/joaca-mega-sena\/#breadcrumb","itemListElement":[{"@type":"ListItem","position":1,"name":"Home","item":"https:\/\/lottohoy.com\/ro\/"},{"@type":"ListItem","position":2,"name":"Joac\u0103 la loterie online","item":"https:\/\/lottohoy.com\/ro\/joaca-la-loterie-online\/"},{"@type":"ListItem","position":3,"name":"Joac\u0103 Mega Sena"}]},{"@type":"WebSite","@id":"https:\/\/lottohoy.com\/ro\/#website","url":"https:\/\/lottohoy.com\/ro\/","name":"Lottohoy","description":"","potentialAction":[{"@type":"SearchAction","target":{"@type":"EntryPoint","urlTemplate":"https:\/\/lottohoy.com\/ro\/?s={search_term_string}"},"query-input":{"@type":"PropertyValueSpecification","valueRequired":true,"valueName":"search_term_string"}}],"inLanguage":"ro-RO"}]}},"_links":{"self":[{"href":"https:\/\/lottohoy.com\/ro\/wp-json\/wp\/v2\/pages\/14687","targetHints":{"allow":["GET"]}}],"collection":[{"href":"https:\/\/lottohoy.com\/ro\/wp-json\/wp\/v2\/pages"}],"about":[{"href":"https:\/\/lottohoy.com\/ro\/wp-json\/wp\/v2\/types\/page"}],"author":[{"embeddable":true,"href":"https:\/\/lottohoy.com\/ro\/wp-json\/wp\/v2\/users\/2"}],"replies":[{"embeddable":true,"href":"https:\/\/lottohoy.com\/ro\/wp-json\/wp\/v2\/comments?post=14687"}],"version-history":[{"count":1,"href":"https:\/\/lottohoy.com\/ro\/wp-json\/wp\/v2\/pages\/14687\/revisions"}],"predecessor-version":[{"id":14688,"href":"https:\/\/lottohoy.com\/ro\/wp-json\/wp\/v2\/pages\/14687\/revisions\/14688"}],"up":[{"embeddable":true,"href":"https:\/\/lottohoy.com\/ro\/wp-json\/wp\/v2\/pages\/14386"}],"wp:attachment":[{"href":"https:\/\/lottohoy.com\/ro\/wp-json\/wp\/v2\/media?parent=14687"}],"curies":[{"name":"wp","href":"https:\/\/api.w.org\/{rel}","templated":true}]}}