{"id":14665,"date":"2020-08-10T21:38:27","date_gmt":"2020-08-10T20:38:27","guid":{"rendered":"https:\/\/lottohoy.com\/?page_id=14665"},"modified":"2025-03-17T12:42:31","modified_gmt":"2025-03-17T12:42:31","slug":"jugar-lotto-america","status":"publish","type":"page","link":"https:\/\/lottohoy.com\/ro\/joaca-la-loterie-online\/jugar-lotto-america\/","title":{"rendered":"Jugar Lotto Am\u00e9rica"},"content":{"rendered":"<h2>Cum joci Lotto America online?<\/h2>\n<p>Coloana de joc este alc\u0103tuit\u0103 din 52 de c\u0103su\u021be numerotate de la 1 la 52, pentru numerele principale, \u0219i o a doua caset\u0103 numerotat\u0103 de la 1 la 10, respectiv, pentru mingea stea (Lotto America Star Ball).<\/p>\n<p>Juc\u0103torul trebuie s\u0103 aleag\u0103 5 numere ale extragerii principale \u00eentre 1 \u0219i 52 \u0219i \u00eenc\u0103 unul dintre cele numerotate de la 1 la 10 pentru Mingea Stelei.<\/p>\n<p>Aceast\u0103 selec\u021bie se poate face manual prin alegerea \u0219i marcarea \u00een coloan\u0103 a numerelor 5+1 ale combina\u021biei de jucat sau prin selectarea casetei \u201eSelectare rapid\u0103\u201d care apare atunci c\u00e2nd trece\u021bi cursorul peste partea de sus a coloanei, permi\u021b\u00e2nd astfel sistemului \u00eensu\u0219i s\u0103 aleag\u0103 aleatoriu combina\u021bia de jucat.<\/p>\n<h2>\u00cen ce zile se joac\u0103 Lotto America?<\/h2>\n<p>Extragerile Lotto America au loc \u00een Tallahassee, Florida, \u00een fiecare miercuri \u0219i s\u00e2mb\u0103t\u0103 \u00een jurul orei 23:15 \/ 22:15, \u00een func\u021bie de stat.<\/p>\n<p>V\u00e2nz\u0103rile de bilete online se \u00eenchid \u00een general cu 2 ore \u00eenainte de extragere din motive administrative ale platformei \u0219i pentru securitatea agen\u021bilor colaboratori.<\/p>\n<h2>C\u00e2t cost\u0103 biletele Lotto America?<\/h2>\n<p>La Lottohoy v\u0103 pute\u021bi cump\u0103ra biletele oficiale Lotto America de la 2 EUR (Aceast\u0103 sum\u0103 poate varia \u00een func\u021bie de cursul de schimb dolar fa\u021b\u0103 de euro)<\/p>\n<h2>Cum s\u0103 cump\u0103ra\u021bi Lotto America online<\/h2>\n<p>A cump\u0103ra bilete \u0219i a juca la loteria Lotto America este foarte u\u0219or \u0219i convenabil prin intermediul platformei noastre online.<\/p>\n<p>Pe pagina de joc Lotto America pute\u021bi plasa orice pariuri dori\u021bi. Este afi\u0219at un \u0219ablon cu 5 coloane (numite \u0219i linii), dar acestea pot fi extinse de c\u00e2te ori se dore\u0219te pur \u0219i simplu f\u0103c\u00e2nd clic pe caseta \u201eMai multe linii\u201d.<\/p>\n<p>\u00cen fiecare coloan\u0103 trebuie marcate 5 casete \u00eentre 1 \u0219i 51, iar 1 \u00eentre 1 \u0219i 10 \u00een caseta de mai jos.<\/p>\n<p>Aceast\u0103 alegere poate fi f\u0103cut\u0103 manual bif\u00e2nd fiecare caset\u0103 sau permite sistemului s\u0103 aleag\u0103 aleatoriu o combina\u021bie.<\/p>\n<p>F\u0103c\u00e2nd clic pe \u201eContinuare\u201d, accesa\u021bi pagina de plat\u0103. Juc\u0103torul poate confirma sau ad\u0103uga mai multe bilete la pariurile sale.<\/p>\n<h2>Premiile Lotto America<\/h2>\n<p>Punctul de plecare este un jackpot minim de 2.000.000 USD care este acumulat pentru extragerile ulterioare \u00een cazul \u00een care nu exist\u0103 c\u00e2\u0219tig\u0103tori de prim\u0103 clas\u0103.<\/p>\n<p>Exist\u0103 9 categorii de premii<\/p>\n<p>Prima categorie, pentru cei care ghicesc combina\u021bia complet\u0103 c\u00e2\u0219tig\u0103toare (5 numere principale + Minge Star).<br \/>\nA doua categorie, pentru cei care ghicesc combina\u021bia de 5 numere principale<br \/>\nCategoria a treia, pentru cei care ghicesc 4 numere principale + Minge Star<br \/>\nA patra categorie, pentru cei care ghicesc corect 4 numere principale<br \/>\nA cincea categorie. Pentru cei care ghicesc 3 numere principale + Star Ball<br \/>\nCategoria a \u0219asea. Pentru ghicitorii cu 3 numere,<br \/>\nCategoria a \u0219aptea. Pentru cei care ghicesc 2 numere principale + Star Ball<br \/>\nA opta categorie. Pentru cei care ghicesc 1 numere principale + Minge Star<br \/>\nCategoria a noua: Pentru cei care au ghicit doar Balul Stelei<\/p>\n","protected":false},"excerpt":{"rendered":"<p>Cum joci Lotto America online? Coloana de joc este alc\u0103tuit\u0103 din 52 de c\u0103su\u021be numerotate de la 1 la 52, pentru numerele principale, \u0219i o a doua caset\u0103 numerotat\u0103 de la 1 la 10, respectiv, pentru mingea stea (Lotto America Star Ball). Juc\u0103torul trebuie s\u0103 aleag\u0103 5 numere ale extragerii principale \u00eentre 1 \u0219i 52 [&hellip;]<\/p>\n","protected":false},"author":2,"featured_media":0,"parent":14386,"menu_order":15,"comment_status":"closed","ping_status":"closed","template":"lotto-america.php","meta":{"_et_pb_use_builder":"","_et_pb_old_content":"","_et_gb_content_width":"","exclude_from_search":false,"footnotes":""},"class_list":["post-14665","page","type-page","status-publish","hentry"],"yoast_head":"<!-- This site is optimized with the Yoast SEO plugin v23.7 - https:\/\/yoast.com\/wordpress\/plugins\/seo\/ -->\n<title>Jugar Lotto Am\u00e9rica - Lottohoy<\/title>\n<meta name=\"description\" content=\"Dintre marea varietate de loterii din SUA, v\u0103 propunem s\u0103 juca\u021bi Lotto America \u0219i s\u0103 v\u0103 bucura\u021bi de cele 9 categorii de premii.\" \/>\n<meta name=\"robots\" content=\"index, follow, max-snippet:-1, max-image-preview:large, max-video-preview:-1\" \/>\n<link rel=\"canonical\" href=\"https:\/\/lottohoy.com\/ro\/joaca-la-loterie-online\/jugar-lotto-america\/\" \/>\n<meta property=\"og:locale\" content=\"ro_RO\" \/>\n<meta property=\"og:type\" content=\"article\" \/>\n<meta property=\"og:title\" content=\"Jugar Lotto Am\u00e9rica - Lottohoy\" \/>\n<meta property=\"og:description\" content=\"Dintre marea varietate de loterii din SUA, v\u0103 propunem s\u0103 juca\u021bi Lotto America \u0219i s\u0103 v\u0103 bucura\u021bi de cele 9 categorii de premii.\" \/>\n<meta property=\"og:url\" content=\"https:\/\/lottohoy.com\/ro\/joaca-la-loterie-online\/jugar-lotto-america\/\" \/>\n<meta property=\"og:site_name\" content=\"Lottohoy\" \/>\n<meta property=\"article:modified_time\" content=\"2025-03-17T12:42:31+00:00\" \/>\n<meta name=\"twitter:card\" content=\"summary_large_image\" \/>\n<meta name=\"twitter:label1\" content=\"Timp estimat pentru citire\" \/>\n\t<meta name=\"twitter:data1\" content=\"3 minute\" \/>\n<script type=\"application\/ld+json\" class=\"yoast-schema-graph\">{\"@context\":\"https:\/\/schema.org\",\"@graph\":[{\"@type\":\"WebPage\",\"@id\":\"https:\/\/lottohoy.com\/ro\/joaca-la-loterie-online\/jugar-lotto-america\/\",\"url\":\"https:\/\/lottohoy.com\/ro\/joaca-la-loterie-online\/jugar-lotto-america\/\",\"name\":\"Jugar Lotto Am\u00e9rica - Lottohoy\",\"isPartOf\":{\"@id\":\"https:\/\/lottohoy.com\/ro\/#website\"},\"datePublished\":\"2020-08-10T20:38:27+00:00\",\"dateModified\":\"2025-03-17T12:42:31+00:00\",\"description\":\"Dintre marea varietate de loterii din SUA, v\u0103 propunem s\u0103 juca\u021bi Lotto America \u0219i s\u0103 v\u0103 bucura\u021bi de cele 9 categorii de premii.\",\"breadcrumb\":{\"@id\":\"https:\/\/lottohoy.com\/ro\/joaca-la-loterie-online\/jugar-lotto-america\/#breadcrumb\"},\"inLanguage\":\"ro-RO\",\"potentialAction\":[{\"@type\":\"ReadAction\",\"target\":[\"https:\/\/lottohoy.com\/ro\/joaca-la-loterie-online\/jugar-lotto-america\/\"]}]},{\"@type\":\"BreadcrumbList\",\"@id\":\"https:\/\/lottohoy.com\/ro\/joaca-la-loterie-online\/jugar-lotto-america\/#breadcrumb\",\"itemListElement\":[{\"@type\":\"ListItem\",\"position\":1,\"name\":\"Home\",\"item\":\"https:\/\/lottohoy.com\/ro\/\"},{\"@type\":\"ListItem\",\"position\":2,\"name\":\"Joac\u0103 la loterie online\",\"item\":\"https:\/\/lottohoy.com\/ro\/joaca-la-loterie-online\/\"},{\"@type\":\"ListItem\",\"position\":3,\"name\":\"Jugar Lotto Am\u00e9rica\"}]},{\"@type\":\"WebSite\",\"@id\":\"https:\/\/lottohoy.com\/ro\/#website\",\"url\":\"https:\/\/lottohoy.com\/ro\/\",\"name\":\"Lottohoy\",\"description\":\"\",\"potentialAction\":[{\"@type\":\"SearchAction\",\"target\":{\"@type\":\"EntryPoint\",\"urlTemplate\":\"https:\/\/lottohoy.com\/ro\/?s={search_term_string}\"},\"query-input\":{\"@type\":\"PropertyValueSpecification\",\"valueRequired\":true,\"valueName\":\"search_term_string\"}}],\"inLanguage\":\"ro-RO\"}]}<\/script>\n<!-- \/ Yoast SEO plugin. -->","yoast_head_json":{"title":"Jugar Lotto Am\u00e9rica - Lottohoy","description":"Dintre marea varietate de loterii din SUA, v\u0103 propunem s\u0103 juca\u021bi Lotto America \u0219i s\u0103 v\u0103 bucura\u021bi de cele 9 categorii de premii.","robots":{"index":"index","follow":"follow","max-snippet":"max-snippet:-1","max-image-preview":"max-image-preview:large","max-video-preview":"max-video-preview:-1"},"canonical":"https:\/\/lottohoy.com\/ro\/joaca-la-loterie-online\/jugar-lotto-america\/","og_locale":"ro_RO","og_type":"article","og_title":"Jugar Lotto Am\u00e9rica - Lottohoy","og_description":"Dintre marea varietate de loterii din SUA, v\u0103 propunem s\u0103 juca\u021bi Lotto America \u0219i s\u0103 v\u0103 bucura\u021bi de cele 9 categorii de premii.","og_url":"https:\/\/lottohoy.com\/ro\/joaca-la-loterie-online\/jugar-lotto-america\/","og_site_name":"Lottohoy","article_modified_time":"2025-03-17T12:42:31+00:00","twitter_card":"summary_large_image","twitter_misc":{"Timp estimat pentru citire":"3 minute"},"schema":{"@context":"https:\/\/schema.org","@graph":[{"@type":"WebPage","@id":"https:\/\/lottohoy.com\/ro\/joaca-la-loterie-online\/jugar-lotto-america\/","url":"https:\/\/lottohoy.com\/ro\/joaca-la-loterie-online\/jugar-lotto-america\/","name":"Jugar Lotto Am\u00e9rica - Lottohoy","isPartOf":{"@id":"https:\/\/lottohoy.com\/ro\/#website"},"datePublished":"2020-08-10T20:38:27+00:00","dateModified":"2025-03-17T12:42:31+00:00","description":"Dintre marea varietate de loterii din SUA, v\u0103 propunem s\u0103 juca\u021bi Lotto America \u0219i s\u0103 v\u0103 bucura\u021bi de cele 9 categorii de premii.","breadcrumb":{"@id":"https:\/\/lottohoy.com\/ro\/joaca-la-loterie-online\/jugar-lotto-america\/#breadcrumb"},"inLanguage":"ro-RO","potentialAction":[{"@type":"ReadAction","target":["https:\/\/lottohoy.com\/ro\/joaca-la-loterie-online\/jugar-lotto-america\/"]}]},{"@type":"BreadcrumbList","@id":"https:\/\/lottohoy.com\/ro\/joaca-la-loterie-online\/jugar-lotto-america\/#breadcrumb","itemListElement":[{"@type":"ListItem","position":1,"name":"Home","item":"https:\/\/lottohoy.com\/ro\/"},{"@type":"ListItem","position":2,"name":"Joac\u0103 la loterie online","item":"https:\/\/lottohoy.com\/ro\/joaca-la-loterie-online\/"},{"@type":"ListItem","position":3,"name":"Jugar Lotto Am\u00e9rica"}]},{"@type":"WebSite","@id":"https:\/\/lottohoy.com\/ro\/#website","url":"https:\/\/lottohoy.com\/ro\/","name":"Lottohoy","description":"","potentialAction":[{"@type":"SearchAction","target":{"@type":"EntryPoint","urlTemplate":"https:\/\/lottohoy.com\/ro\/?s={search_term_string}"},"query-input":{"@type":"PropertyValueSpecification","valueRequired":true,"valueName":"search_term_string"}}],"inLanguage":"ro-RO"}]}},"_links":{"self":[{"href":"https:\/\/lottohoy.com\/ro\/wp-json\/wp\/v2\/pages\/14665","targetHints":{"allow":["GET"]}}],"collection":[{"href":"https:\/\/lottohoy.com\/ro\/wp-json\/wp\/v2\/pages"}],"about":[{"href":"https:\/\/lottohoy.com\/ro\/wp-json\/wp\/v2\/types\/page"}],"author":[{"embeddable":true,"href":"https:\/\/lottohoy.com\/ro\/wp-json\/wp\/v2\/users\/2"}],"replies":[{"embeddable":true,"href":"https:\/\/lottohoy.com\/ro\/wp-json\/wp\/v2\/comments?post=14665"}],"version-history":[{"count":1,"href":"https:\/\/lottohoy.com\/ro\/wp-json\/wp\/v2\/pages\/14665\/revisions"}],"predecessor-version":[{"id":14666,"href":"https:\/\/lottohoy.com\/ro\/wp-json\/wp\/v2\/pages\/14665\/revisions\/14666"}],"up":[{"embeddable":true,"href":"https:\/\/lottohoy.com\/ro\/wp-json\/wp\/v2\/pages\/14386"}],"wp:attachment":[{"href":"https:\/\/lottohoy.com\/ro\/wp-json\/wp\/v2\/media?parent=14665"}],"curies":[{"name":"wp","href":"https:\/\/api.w.org\/{rel}","templated":true}]}}