{"id":14653,"date":"2020-08-10T22:50:30","date_gmt":"2020-08-10T21:50:30","guid":{"rendered":"https:\/\/lottohoy.com\/?page_id=14653"},"modified":"2025-03-17T12:35:57","modified_gmt":"2025-03-17T12:35:57","slug":"joaca-loto-6aus49","status":"publish","type":"page","link":"https:\/\/lottohoy.com\/ro\/joaca-la-loterie-online\/joaca-loto-6aus49\/","title":{"rendered":"Joac\u0103 Loto 6aus49"},"content":{"rendered":"<h2>Joac\u0103 6aus49 online<\/h2>\n<p>6aus49 este cea mai cunoscut\u0103 loterie din Germania, modalitatea de a juca este foarte simpl\u0103, juc\u0103torii trebuie s\u0103 selecteze dintr-un tabel format din 49 de casete, numerotate de la 1 la 49, cele 6 numere ale combina\u021biei principale, plus un num\u0103r bonus special cunoscut sub numele de Superzahl, dintr-o list\u0103 numerotat\u0103 de la 0 la 9.<\/p>\n<p>Extragerea acestor numere se face prin dou\u0103 ma\u0219ini. Din prima se extrag bilele numerotate (6 principale) iar din cealalta masina se extrage o bila pentru a determina numarul S\u00fapezahl.<\/p>\n<h2>Cum s\u0103 joci 6aus49 online?<\/h2>\n<p>Jocul 6aus49 online este foarte u\u0219or, trebuie pur \u0219i simplu s\u0103-\u021bi creezi un cont de utilizator \u00een LottoHoy pentru a putea accesa toate informa\u021biile despre \u00eencas\u0103ri, pl\u0103\u021bi, abonamente, bilete achizi\u021bionate, statistici etc&#8230;<\/p>\n<p>Pe aceea\u0219i pagin\u0103 de joc sunt afi\u0219ate cinci coloane de pariuri (numite \u0219i linii), fiecare dintre cele 5 coloane av\u00e2nd casete numerotate de la 1 la 49) \u0219i po\u021bi completa c\u00e2te vrei. Fiecare coloan\u0103 se refer\u0103 la un pariu simplu al c\u0103rui pre\u021b este de 2,50 Euro.<\/p>\n<p>\u00cen aceste coloane sau r\u00e2nduri de 49 de numere este locul unde trebuie f\u0103cut\u0103 prognoza dorit\u0103, presupun\u00e2nd c\u0103 trebuie marcate 6 numere pentru o simpl\u0103 joc.<br \/>\nSistemul ne permite s\u0103 complet\u0103m manual aceste casete sau, folosind caseta de selec\u021bie rapid\u0103, care apare deasupra fiec\u0103rei tabl\u0103, s\u0103 l\u0103s\u0103m sistemul \u00eensu\u0219i s\u0103 aleag\u0103 aleatoriu combina\u021bia pariului nostru.<\/p>\n<p>Odat\u0103 ce s-a f\u0103cut selec\u021bia numerelor \u00eentr-una sau mai multe coloane, merge\u021bi la caseta CONTINUARE \u0219i trece\u021bi la plata. Este at\u00e2t de simplu.<\/p>\n<h2>Ce premii distribuie 6aus49?<\/h2>\n<p>Lotto 6aus49 are nou\u0103 categorii de premii diferite. Pentru a c\u00e2\u0219tiga jackpot-ul, trebuie s\u0103 potrivi\u021bi cele \u0219ase numere principale \u0219i Superzahl. \u015eansele tale generale de a c\u00e2\u015ftiga orice premiu Lotto 6aus 9 sunt 1 din 31.<\/p>\n<p>Exist\u0103 nou\u0103 categorii pentru <span style=\"color: #3366ff;\"><a style=\"color: #3366ff;\" href=\"https:\/\/lottohoy.com\/ro\/rezultate-la-loterie\/rezultate-loto-6aus49\/\">rezultatele 6aus49<\/a><\/span><\/p>\n<p>Prima categorie: Pentru cei care ghicesc cele 6 numere + Superzahl,<br \/>\nA doua categorie: 6 hit-uri ale combina\u021biei principale<br \/>\nA treia categorie: 5 lovituri ale combina\u021biei + Superzahl,<br \/>\nCategoria a patra: 5 lovituri ale combina\u021biei.<br \/>\nCategoria a cincea: 4 lovituri ale combina\u021biei + Superzahl,<br \/>\nA \u0219asea categorie: 4 combina\u021bii principale<br \/>\nCategoria a \u0219aptea: 3 lovituri + Superzahl,<br \/>\nCategoria a opta: 3 lovituri<br \/>\nCategoria a noua: 2 lovituri + Superzahl,<\/p>\n<h2>C\u00e2nd se extrage 6aus49?<\/h2>\n<p>\u00cen mod obi\u0219nuit, extragerile loteriei 6aus49 au loc \u00een fiecare miercuri la ora 18:25. (CET), iar s\u00e2mb\u0103ta la 19:25. (CET)<\/p>\n<p>Pentru v\u00e2nz\u0103rile online, admiterea la cump\u0103r\u0103turi se \u00eenchide cu 2 ore \u00eenainte de tragerea la sor\u021bi, din motive de administrare \u0219i securitate.<\/p>\n<h2>C\u00e2t cost\u0103 s\u0103 joci 6aus49?<\/h2>\n<p>Pre\u021bul fiec\u0103rui bilet de 6aus49 pe LottoHoy \u00eencepe de la 2,50 EUR \u0219i include toate costurile de gestionare \u0219i gestionarea achizi\u021biilor prin v\u00e2nz\u0103tori oficiali \u0219i\/sau similari.<\/p>\n","protected":false},"excerpt":{"rendered":"<p>Joac\u0103 6aus49 online 6aus49 este cea mai cunoscut\u0103 loterie din Germania, modalitatea de a juca este foarte simpl\u0103, juc\u0103torii trebuie s\u0103 selecteze dintr-un tabel format din 49 de casete, numerotate de la 1 la 49, cele 6 numere ale combina\u021biei principale, plus un num\u0103r bonus special cunoscut sub numele de Superzahl, dintr-o list\u0103 numerotat\u0103 de [&hellip;]<\/p>\n","protected":false},"author":2,"featured_media":0,"parent":14386,"menu_order":13,"comment_status":"closed","ping_status":"closed","template":"lotto-german.php","meta":{"_et_pb_use_builder":"","_et_pb_old_content":"","_et_gb_content_width":"","exclude_from_search":false,"footnotes":""},"class_list":["post-14653","page","type-page","status-publish","hentry"],"yoast_head":"<!-- This site is optimized with the Yoast SEO plugin v23.7 - https:\/\/yoast.com\/wordpress\/plugins\/seo\/ -->\n<title>Joac\u0103 Loto 6aus49 - Lottohoy<\/title>\n<meta name=\"description\" content=\"O alternativ\u0103 interesant\u0103 este s\u0103 juca\u021bi Loto 6aus49 online, loteria german\u0103 care genereaz\u0103 noi c\u00e2\u0219tig\u0103tori noroco\u0219i \u0219i ferici\u021bi \u00een fiecare s\u0103pt\u0103m\u00e2n\u0103.\" \/>\n<meta name=\"robots\" content=\"index, follow, max-snippet:-1, max-image-preview:large, max-video-preview:-1\" \/>\n<link rel=\"canonical\" href=\"https:\/\/lottohoy.com\/ro\/joaca-la-loterie-online\/joaca-loto-6aus49\/\" \/>\n<meta property=\"og:locale\" content=\"ro_RO\" \/>\n<meta property=\"og:type\" content=\"article\" \/>\n<meta property=\"og:title\" content=\"Joac\u0103 Loto 6aus49 - Lottohoy\" \/>\n<meta property=\"og:description\" content=\"O alternativ\u0103 interesant\u0103 este s\u0103 juca\u021bi Loto 6aus49 online, loteria german\u0103 care genereaz\u0103 noi c\u00e2\u0219tig\u0103tori noroco\u0219i \u0219i ferici\u021bi \u00een fiecare s\u0103pt\u0103m\u00e2n\u0103.\" \/>\n<meta property=\"og:url\" content=\"https:\/\/lottohoy.com\/ro\/joaca-la-loterie-online\/joaca-loto-6aus49\/\" \/>\n<meta property=\"og:site_name\" content=\"Lottohoy\" \/>\n<meta property=\"article:modified_time\" content=\"2025-03-17T12:35:57+00:00\" \/>\n<meta name=\"twitter:card\" content=\"summary_large_image\" \/>\n<meta name=\"twitter:label1\" content=\"Timp estimat pentru citire\" \/>\n\t<meta name=\"twitter:data1\" content=\"2 minute\" \/>\n<script type=\"application\/ld+json\" class=\"yoast-schema-graph\">{\"@context\":\"https:\/\/schema.org\",\"@graph\":[{\"@type\":\"WebPage\",\"@id\":\"https:\/\/lottohoy.com\/ro\/joaca-la-loterie-online\/joaca-loto-6aus49\/\",\"url\":\"https:\/\/lottohoy.com\/ro\/joaca-la-loterie-online\/joaca-loto-6aus49\/\",\"name\":\"Joac\u0103 Loto 6aus49 - Lottohoy\",\"isPartOf\":{\"@id\":\"https:\/\/lottohoy.com\/ro\/#website\"},\"datePublished\":\"2020-08-10T21:50:30+00:00\",\"dateModified\":\"2025-03-17T12:35:57+00:00\",\"description\":\"O alternativ\u0103 interesant\u0103 este s\u0103 juca\u021bi Loto 6aus49 online, loteria german\u0103 care genereaz\u0103 noi c\u00e2\u0219tig\u0103tori noroco\u0219i \u0219i ferici\u021bi \u00een fiecare s\u0103pt\u0103m\u00e2n\u0103.\",\"breadcrumb\":{\"@id\":\"https:\/\/lottohoy.com\/ro\/joaca-la-loterie-online\/joaca-loto-6aus49\/#breadcrumb\"},\"inLanguage\":\"ro-RO\",\"potentialAction\":[{\"@type\":\"ReadAction\",\"target\":[\"https:\/\/lottohoy.com\/ro\/joaca-la-loterie-online\/joaca-loto-6aus49\/\"]}]},{\"@type\":\"BreadcrumbList\",\"@id\":\"https:\/\/lottohoy.com\/ro\/joaca-la-loterie-online\/joaca-loto-6aus49\/#breadcrumb\",\"itemListElement\":[{\"@type\":\"ListItem\",\"position\":1,\"name\":\"Home\",\"item\":\"https:\/\/lottohoy.com\/ro\/\"},{\"@type\":\"ListItem\",\"position\":2,\"name\":\"Joac\u0103 la loterie online\",\"item\":\"https:\/\/lottohoy.com\/ro\/joaca-la-loterie-online\/\"},{\"@type\":\"ListItem\",\"position\":3,\"name\":\"Joac\u0103 Loto 6aus49\"}]},{\"@type\":\"WebSite\",\"@id\":\"https:\/\/lottohoy.com\/ro\/#website\",\"url\":\"https:\/\/lottohoy.com\/ro\/\",\"name\":\"Lottohoy\",\"description\":\"\",\"potentialAction\":[{\"@type\":\"SearchAction\",\"target\":{\"@type\":\"EntryPoint\",\"urlTemplate\":\"https:\/\/lottohoy.com\/ro\/?s={search_term_string}\"},\"query-input\":{\"@type\":\"PropertyValueSpecification\",\"valueRequired\":true,\"valueName\":\"search_term_string\"}}],\"inLanguage\":\"ro-RO\"}]}<\/script>\n<!-- \/ Yoast SEO plugin. -->","yoast_head_json":{"title":"Joac\u0103 Loto 6aus49 - Lottohoy","description":"O alternativ\u0103 interesant\u0103 este s\u0103 juca\u021bi Loto 6aus49 online, loteria german\u0103 care genereaz\u0103 noi c\u00e2\u0219tig\u0103tori noroco\u0219i \u0219i ferici\u021bi \u00een fiecare s\u0103pt\u0103m\u00e2n\u0103.","robots":{"index":"index","follow":"follow","max-snippet":"max-snippet:-1","max-image-preview":"max-image-preview:large","max-video-preview":"max-video-preview:-1"},"canonical":"https:\/\/lottohoy.com\/ro\/joaca-la-loterie-online\/joaca-loto-6aus49\/","og_locale":"ro_RO","og_type":"article","og_title":"Joac\u0103 Loto 6aus49 - Lottohoy","og_description":"O alternativ\u0103 interesant\u0103 este s\u0103 juca\u021bi Loto 6aus49 online, loteria german\u0103 care genereaz\u0103 noi c\u00e2\u0219tig\u0103tori noroco\u0219i \u0219i ferici\u021bi \u00een fiecare s\u0103pt\u0103m\u00e2n\u0103.","og_url":"https:\/\/lottohoy.com\/ro\/joaca-la-loterie-online\/joaca-loto-6aus49\/","og_site_name":"Lottohoy","article_modified_time":"2025-03-17T12:35:57+00:00","twitter_card":"summary_large_image","twitter_misc":{"Timp estimat pentru citire":"2 minute"},"schema":{"@context":"https:\/\/schema.org","@graph":[{"@type":"WebPage","@id":"https:\/\/lottohoy.com\/ro\/joaca-la-loterie-online\/joaca-loto-6aus49\/","url":"https:\/\/lottohoy.com\/ro\/joaca-la-loterie-online\/joaca-loto-6aus49\/","name":"Joac\u0103 Loto 6aus49 - Lottohoy","isPartOf":{"@id":"https:\/\/lottohoy.com\/ro\/#website"},"datePublished":"2020-08-10T21:50:30+00:00","dateModified":"2025-03-17T12:35:57+00:00","description":"O alternativ\u0103 interesant\u0103 este s\u0103 juca\u021bi Loto 6aus49 online, loteria german\u0103 care genereaz\u0103 noi c\u00e2\u0219tig\u0103tori noroco\u0219i \u0219i ferici\u021bi \u00een fiecare s\u0103pt\u0103m\u00e2n\u0103.","breadcrumb":{"@id":"https:\/\/lottohoy.com\/ro\/joaca-la-loterie-online\/joaca-loto-6aus49\/#breadcrumb"},"inLanguage":"ro-RO","potentialAction":[{"@type":"ReadAction","target":["https:\/\/lottohoy.com\/ro\/joaca-la-loterie-online\/joaca-loto-6aus49\/"]}]},{"@type":"BreadcrumbList","@id":"https:\/\/lottohoy.com\/ro\/joaca-la-loterie-online\/joaca-loto-6aus49\/#breadcrumb","itemListElement":[{"@type":"ListItem","position":1,"name":"Home","item":"https:\/\/lottohoy.com\/ro\/"},{"@type":"ListItem","position":2,"name":"Joac\u0103 la loterie online","item":"https:\/\/lottohoy.com\/ro\/joaca-la-loterie-online\/"},{"@type":"ListItem","position":3,"name":"Joac\u0103 Loto 6aus49"}]},{"@type":"WebSite","@id":"https:\/\/lottohoy.com\/ro\/#website","url":"https:\/\/lottohoy.com\/ro\/","name":"Lottohoy","description":"","potentialAction":[{"@type":"SearchAction","target":{"@type":"EntryPoint","urlTemplate":"https:\/\/lottohoy.com\/ro\/?s={search_term_string}"},"query-input":{"@type":"PropertyValueSpecification","valueRequired":true,"valueName":"search_term_string"}}],"inLanguage":"ro-RO"}]}},"_links":{"self":[{"href":"https:\/\/lottohoy.com\/ro\/wp-json\/wp\/v2\/pages\/14653","targetHints":{"allow":["GET"]}}],"collection":[{"href":"https:\/\/lottohoy.com\/ro\/wp-json\/wp\/v2\/pages"}],"about":[{"href":"https:\/\/lottohoy.com\/ro\/wp-json\/wp\/v2\/types\/page"}],"author":[{"embeddable":true,"href":"https:\/\/lottohoy.com\/ro\/wp-json\/wp\/v2\/users\/2"}],"replies":[{"embeddable":true,"href":"https:\/\/lottohoy.com\/ro\/wp-json\/wp\/v2\/comments?post=14653"}],"version-history":[{"count":2,"href":"https:\/\/lottohoy.com\/ro\/wp-json\/wp\/v2\/pages\/14653\/revisions"}],"predecessor-version":[{"id":15694,"href":"https:\/\/lottohoy.com\/ro\/wp-json\/wp\/v2\/pages\/14653\/revisions\/15694"}],"up":[{"embeddable":true,"href":"https:\/\/lottohoy.com\/ro\/wp-json\/wp\/v2\/pages\/14386"}],"wp:attachment":[{"href":"https:\/\/lottohoy.com\/ro\/wp-json\/wp\/v2\/media?parent=14653"}],"curies":[{"name":"wp","href":"https:\/\/api.w.org\/{rel}","templated":true}]}}