{"id":14636,"date":"2019-03-22T15:50:45","date_gmt":"2019-03-22T15:50:45","guid":{"rendered":"https:\/\/lottohoy.com\/?page_id=14636"},"modified":"2025-03-17T12:29:14","modified_gmt":"2025-03-17T12:29:14","slug":"jugar-a-french-lotto","status":"publish","type":"page","link":"https:\/\/lottohoy.com\/ro\/joaca-la-loterie-online\/jugar-a-french-lotto\/","title":{"rendered":"Jugar a French Lotto"},"content":{"rendered":"<h2>Joac\u0103 loto francez online<\/h2>\n<p>Loteria francez\u0103 este unul dintre cele mai populare jocuri oferite de Fran\u00e7aise des Jeux (FDJ), operatorul tuturor jocurilor de loterie din Fran\u021ba.<\/p>\n<p>La fel ca majoritatea lotteriilor din \u00eentreaga lume, loto francez este rezervat juc\u0103torilor majori. \u00cen acest caz, Fran\u021ba, ca \u021bar\u0103 organizatoare, a stabilit v\u00e2rsta de 18 ani pentru a putea participa \u0219i a primi plata la toate jocurile sale.<\/p>\n<h2>Cum s\u0103 joci la loto francez?<\/h2>\n<p>Pentru a juca French Loto online, exist\u0103 practic dou\u0103 posibilit\u0103\u021bi: face\u021bi-o direct prin site-ul La Fran\u00e7aise des Jeux din Fran\u021ba sau prin LottoHoy.<\/p>\n<p>Odat\u0103 ce accesa\u021bi pagina de joc Loto francez prin LottoHoy.com, apare un \u0219ablon cu 5 coloane sau linii de joc \u00een care trebuie s\u0103 indica\u021bi jocul pe care dori\u021bi s\u0103 \u00eel face\u021bi (Fiec\u0103rei coloan\u0103 \u00eei va corespunde un pariu). Aceste 5 coloane ini\u021biale pot fi extinse f\u0103c\u00e2nd clic pe caseta MAI MULTE LINII \u0219i apar alte 5 coloane unde pute\u021bi plasa mai multe pariuri pe aceea\u0219i joc.<\/p>\n<p>Acest lucru poate fi repetat de c\u00e2te ori este num\u0103rul de coloane sau linii pe care dori\u021bi s\u0103 paria\u021bi.<\/p>\n<p>Pentru a plasa pariul \u00eentr-o coloan\u0103, trebuie s\u0103 marca\u021bi 5 din cele 49 de c\u0103su\u021be care apar \u00een primul cadran \u0219i, de asemenea, un alt num\u0103r \u00een a doua caset\u0103 \u00eentre cercurile numerotate de la 1 la 10.<\/p>\n<p>Acest joc se poate face manual, adic\u0103 prin marcarea direct\u0103 pe fiecare dintre numerele pe care dori\u021bi s\u0103 face\u021bi parte din combina\u021bia dvs. de pariuri. \u0218i, de asemenea, dac\u0103 dori\u021bi, pute\u021bi permite sistemului \u00eensu\u0219i s\u0103 aleag\u0103 aleatoriu combina\u021bia de pariuri.<\/p>\n<p>Dac\u0103 pariul este acordat, suma premiului este introdus\u0103 automat \u00een contul de utilizator.<\/p>\n<h2>\u00cen ce zile se extrage Loteria Francez\u0103?<\/h2>\n<p>Loto francez organizeaz\u0103 trei extrageri \u00een fiecare s\u0103pt\u0103m\u00e2n\u0103, luni, miercuri \u0219i s\u00e2mb\u0103t\u0103 la ora 20:35. ora locala.<\/p>\n<p>Admiterea biletelor se \u00eenchide oficial la ora 18:00. la ora local\u0103 \u0219i se redeschide la sf\u00e2r\u0219itul extragerii, pentru a valida biletele pentru noi extrageri.<\/p>\n<h2>Avantajele cump\u0103r\u0103rii Loto francez online<\/h2>\n<p>Exist\u0103 multiple avantaje de a plasa pariuri la loto francez online, mai ales \u021bin\u00e2nd cont de noile obiceiuri ale consumatorilor \u0219i de comoditatea pe care aceasta o presupune.<\/p>\n<p>Printre multe altele, acestea sunt c\u00e2teva dintre principalele avantaje ale jocului prin LottoHoy:<\/p>\n<p>Securitate \u00een tranzac\u021bii.<br \/>\nFiind capabil s\u0103 acceseze 24\/7 \u00een fiecare zi a anului pentru cump\u0103r\u0103turi \u0219i pariuri. .<br \/>\nCump\u0103ra\u021bi-v\u0103 biletele de oriunde \u00een lume, f\u0103r\u0103 cozi \u0219i f\u0103r\u0103 deplas\u0103ri.<br \/>\nCu achizi\u021biile online, se evit\u0103 deplas\u0103rile sau pierderile, biletul r\u0103m\u00e2ne \u00eentotdeauna \u00een siguran\u021b\u0103 \u00een contul de utilizator.<br \/>\nPremiile c\u00e2\u0219tigate sunt depuse imediat \u00een contul dvs. de utilizator. Dup\u0103 tragerea la sor\u021bi \u0219i odat\u0103 ce <span style=\"color: #3366ff;\"><a style=\"color: #3366ff;\" href=\"https:\/\/lottohoy.com\/ro\/rezultate-la-loterie\/jucati-din-nou-la-loteria-franceza\/\">rezultatele Loto francez<\/a><\/span> sunt publicate, premiul este depus \u00een contul de utilizator cu sumele c\u00e2\u0219tigate.<br \/>\nFii informat despre jackpot-urile acumulate \u0219i extragerile extraordinare.<\/p>\n<p>&nbsp;<\/p>\n","protected":false},"excerpt":{"rendered":"<p>Joac\u0103 loto francez online Loteria francez\u0103 este unul dintre cele mai populare jocuri oferite de Fran\u00e7aise des Jeux (FDJ), operatorul tuturor jocurilor de loterie din Fran\u021ba. La fel ca majoritatea lotteriilor din \u00eentreaga lume, loto francez este rezervat juc\u0103torilor majori. \u00cen acest caz, Fran\u021ba, ca \u021bar\u0103 organizatoare, a stabilit v\u00e2rsta de 18 ani pentru a [&hellip;]<\/p>\n","protected":false},"author":2,"featured_media":0,"parent":14386,"menu_order":12,"comment_status":"closed","ping_status":"closed","template":"lotto-fr.php","meta":{"_et_pb_use_builder":"","_et_pb_old_content":"","_et_gb_content_width":"","exclude_from_search":false,"footnotes":""},"class_list":["post-14636","page","type-page","status-publish","hentry"],"yoast_head":"<!-- This site is optimized with the Yoast SEO plugin v23.7 - https:\/\/yoast.com\/wordpress\/plugins\/seo\/ -->\n<title>Jugar a French Lotto - Lottohoy<\/title>\n<meta name=\"description\" content=\"Loteria francez\u0103 este cel mai popular joc de loterie din Fran\u021ba. Acum pute\u021bi juca de acas\u0103 \u0219i v\u0103 pute\u021bi primi c\u00e2\u0219tigurile automat.\" \/>\n<meta name=\"robots\" content=\"index, follow, max-snippet:-1, max-image-preview:large, max-video-preview:-1\" \/>\n<link rel=\"canonical\" href=\"https:\/\/lottohoy.com\/ro\/joaca-la-loterie-online\/jugar-a-french-lotto\/\" \/>\n<meta property=\"og:locale\" content=\"ro_RO\" \/>\n<meta property=\"og:type\" content=\"article\" \/>\n<meta property=\"og:title\" content=\"Jugar a French Lotto - Lottohoy\" \/>\n<meta property=\"og:description\" content=\"Loteria francez\u0103 este cel mai popular joc de loterie din Fran\u021ba. Acum pute\u021bi juca de acas\u0103 \u0219i v\u0103 pute\u021bi primi c\u00e2\u0219tigurile automat.\" \/>\n<meta property=\"og:url\" content=\"https:\/\/lottohoy.com\/ro\/joaca-la-loterie-online\/jugar-a-french-lotto\/\" \/>\n<meta property=\"og:site_name\" content=\"Lottohoy\" \/>\n<meta property=\"article:modified_time\" content=\"2025-03-17T12:29:14+00:00\" \/>\n<meta name=\"twitter:card\" content=\"summary_large_image\" \/>\n<meta name=\"twitter:label1\" content=\"Timp estimat pentru citire\" \/>\n\t<meta name=\"twitter:data1\" content=\"2 minute\" \/>\n<script type=\"application\/ld+json\" class=\"yoast-schema-graph\">{\"@context\":\"https:\/\/schema.org\",\"@graph\":[{\"@type\":\"WebPage\",\"@id\":\"https:\/\/lottohoy.com\/ro\/joaca-la-loterie-online\/jugar-a-french-lotto\/\",\"url\":\"https:\/\/lottohoy.com\/ro\/joaca-la-loterie-online\/jugar-a-french-lotto\/\",\"name\":\"Jugar a French Lotto - Lottohoy\",\"isPartOf\":{\"@id\":\"https:\/\/lottohoy.com\/ro\/#website\"},\"datePublished\":\"2019-03-22T15:50:45+00:00\",\"dateModified\":\"2025-03-17T12:29:14+00:00\",\"description\":\"Loteria francez\u0103 este cel mai popular joc de loterie din Fran\u021ba. Acum pute\u021bi juca de acas\u0103 \u0219i v\u0103 pute\u021bi primi c\u00e2\u0219tigurile automat.\",\"breadcrumb\":{\"@id\":\"https:\/\/lottohoy.com\/ro\/joaca-la-loterie-online\/jugar-a-french-lotto\/#breadcrumb\"},\"inLanguage\":\"ro-RO\",\"potentialAction\":[{\"@type\":\"ReadAction\",\"target\":[\"https:\/\/lottohoy.com\/ro\/joaca-la-loterie-online\/jugar-a-french-lotto\/\"]}]},{\"@type\":\"BreadcrumbList\",\"@id\":\"https:\/\/lottohoy.com\/ro\/joaca-la-loterie-online\/jugar-a-french-lotto\/#breadcrumb\",\"itemListElement\":[{\"@type\":\"ListItem\",\"position\":1,\"name\":\"Home\",\"item\":\"https:\/\/lottohoy.com\/ro\/\"},{\"@type\":\"ListItem\",\"position\":2,\"name\":\"Joac\u0103 la loterie online\",\"item\":\"https:\/\/lottohoy.com\/ro\/joaca-la-loterie-online\/\"},{\"@type\":\"ListItem\",\"position\":3,\"name\":\"Jugar a French Lotto\"}]},{\"@type\":\"WebSite\",\"@id\":\"https:\/\/lottohoy.com\/ro\/#website\",\"url\":\"https:\/\/lottohoy.com\/ro\/\",\"name\":\"Lottohoy\",\"description\":\"\",\"potentialAction\":[{\"@type\":\"SearchAction\",\"target\":{\"@type\":\"EntryPoint\",\"urlTemplate\":\"https:\/\/lottohoy.com\/ro\/?s={search_term_string}\"},\"query-input\":{\"@type\":\"PropertyValueSpecification\",\"valueRequired\":true,\"valueName\":\"search_term_string\"}}],\"inLanguage\":\"ro-RO\"}]}<\/script>\n<!-- \/ Yoast SEO plugin. -->","yoast_head_json":{"title":"Jugar a French Lotto - Lottohoy","description":"Loteria francez\u0103 este cel mai popular joc de loterie din Fran\u021ba. Acum pute\u021bi juca de acas\u0103 \u0219i v\u0103 pute\u021bi primi c\u00e2\u0219tigurile automat.","robots":{"index":"index","follow":"follow","max-snippet":"max-snippet:-1","max-image-preview":"max-image-preview:large","max-video-preview":"max-video-preview:-1"},"canonical":"https:\/\/lottohoy.com\/ro\/joaca-la-loterie-online\/jugar-a-french-lotto\/","og_locale":"ro_RO","og_type":"article","og_title":"Jugar a French Lotto - Lottohoy","og_description":"Loteria francez\u0103 este cel mai popular joc de loterie din Fran\u021ba. Acum pute\u021bi juca de acas\u0103 \u0219i v\u0103 pute\u021bi primi c\u00e2\u0219tigurile automat.","og_url":"https:\/\/lottohoy.com\/ro\/joaca-la-loterie-online\/jugar-a-french-lotto\/","og_site_name":"Lottohoy","article_modified_time":"2025-03-17T12:29:14+00:00","twitter_card":"summary_large_image","twitter_misc":{"Timp estimat pentru citire":"2 minute"},"schema":{"@context":"https:\/\/schema.org","@graph":[{"@type":"WebPage","@id":"https:\/\/lottohoy.com\/ro\/joaca-la-loterie-online\/jugar-a-french-lotto\/","url":"https:\/\/lottohoy.com\/ro\/joaca-la-loterie-online\/jugar-a-french-lotto\/","name":"Jugar a French Lotto - Lottohoy","isPartOf":{"@id":"https:\/\/lottohoy.com\/ro\/#website"},"datePublished":"2019-03-22T15:50:45+00:00","dateModified":"2025-03-17T12:29:14+00:00","description":"Loteria francez\u0103 este cel mai popular joc de loterie din Fran\u021ba. Acum pute\u021bi juca de acas\u0103 \u0219i v\u0103 pute\u021bi primi c\u00e2\u0219tigurile automat.","breadcrumb":{"@id":"https:\/\/lottohoy.com\/ro\/joaca-la-loterie-online\/jugar-a-french-lotto\/#breadcrumb"},"inLanguage":"ro-RO","potentialAction":[{"@type":"ReadAction","target":["https:\/\/lottohoy.com\/ro\/joaca-la-loterie-online\/jugar-a-french-lotto\/"]}]},{"@type":"BreadcrumbList","@id":"https:\/\/lottohoy.com\/ro\/joaca-la-loterie-online\/jugar-a-french-lotto\/#breadcrumb","itemListElement":[{"@type":"ListItem","position":1,"name":"Home","item":"https:\/\/lottohoy.com\/ro\/"},{"@type":"ListItem","position":2,"name":"Joac\u0103 la loterie online","item":"https:\/\/lottohoy.com\/ro\/joaca-la-loterie-online\/"},{"@type":"ListItem","position":3,"name":"Jugar a French Lotto"}]},{"@type":"WebSite","@id":"https:\/\/lottohoy.com\/ro\/#website","url":"https:\/\/lottohoy.com\/ro\/","name":"Lottohoy","description":"","potentialAction":[{"@type":"SearchAction","target":{"@type":"EntryPoint","urlTemplate":"https:\/\/lottohoy.com\/ro\/?s={search_term_string}"},"query-input":{"@type":"PropertyValueSpecification","valueRequired":true,"valueName":"search_term_string"}}],"inLanguage":"ro-RO"}]}},"_links":{"self":[{"href":"https:\/\/lottohoy.com\/ro\/wp-json\/wp\/v2\/pages\/14636","targetHints":{"allow":["GET"]}}],"collection":[{"href":"https:\/\/lottohoy.com\/ro\/wp-json\/wp\/v2\/pages"}],"about":[{"href":"https:\/\/lottohoy.com\/ro\/wp-json\/wp\/v2\/types\/page"}],"author":[{"embeddable":true,"href":"https:\/\/lottohoy.com\/ro\/wp-json\/wp\/v2\/users\/2"}],"replies":[{"embeddable":true,"href":"https:\/\/lottohoy.com\/ro\/wp-json\/wp\/v2\/comments?post=14636"}],"version-history":[{"count":2,"href":"https:\/\/lottohoy.com\/ro\/wp-json\/wp\/v2\/pages\/14636\/revisions"}],"predecessor-version":[{"id":15693,"href":"https:\/\/lottohoy.com\/ro\/wp-json\/wp\/v2\/pages\/14636\/revisions\/15693"}],"up":[{"embeddable":true,"href":"https:\/\/lottohoy.com\/ro\/wp-json\/wp\/v2\/pages\/14386"}],"wp:attachment":[{"href":"https:\/\/lottohoy.com\/ro\/wp-json\/wp\/v2\/media?parent=14636"}],"curies":[{"name":"wp","href":"https:\/\/api.w.org\/{rel}","templated":true}]}}