{"id":14634,"date":"2020-08-10T17:04:41","date_gmt":"2020-08-10T16:04:41","guid":{"rendered":"https:\/\/lottohoy.com\/?page_id=14634"},"modified":"2025-03-17T12:18:37","modified_gmt":"2025-03-17T12:18:37","slug":"jugar-a-set-for-life-uk","status":"publish","type":"page","link":"https:\/\/lottohoy.com\/ro\/joaca-la-loterie-online\/jugar-a-set-for-life-uk\/","title":{"rendered":"Jugar a Set for Life (UK)"},"content":{"rendered":"<h2>Set de joac\u0103 pentru via\u021b\u0103 (UK)<\/h2>\n<p>Set for Life este o loterie de la Loteria Na\u021bional\u0103, operat\u0103 de Camelot, care ofer\u0103 c\u00e2\u0219tig\u0103torilor de top \u0219ansa de a c\u00e2\u0219tiga 10.000 de lire sterline pe lun\u0103 timp de 30 de ani. Cu toate acestea, pentru juc\u0103torii care nu sunt reziden\u021bi \u00een Regatul Unit, Camelot v\u0103 va oferi o alternativ\u0103 total\u0103 \u00een numerar echivalent\u0103 cu ceea ce ar fi trebuit s\u0103 pl\u0103ti\u021bi \u00een anuit\u0103\u021bi sau cu suma acumulat\u0103 pentru acea extragere din prima categorie.<\/p>\n<p>Modul de joc este foarte simplu, juc\u0103torii trebuie s\u0103 selecteze dintr-un tabel format din 47 de c\u0103su\u021be, numerotate de la 1 la 47, cele 5 numere ale combina\u021biei principale, plus un num\u0103r bonus special cunoscut sub numele de Life Ball dintr-o list\u0103 numerotat\u0103 de la 1 la 10.<\/p>\n<h2>Cum s\u0103 joci Set for Life (UK) online?<\/h2>\n<p>Jocul online Set for Life (UK) este foarte u\u0219or, trebuie pur \u0219i simplu s\u0103-\u021bi creezi un cont de utilizator \u00een LottoHoy pentru a putea accesa toate informa\u021biile despre \u00eencas\u0103ri, pl\u0103\u021bi, abonamente, bilete achizi\u021bionate, statistici etc&#8230;<\/p>\n<p>Pe pagina jocului sunt afi\u0219ate cinci coloane de pariuri (numite \u0219i linii), fiecare dintre cele 5 coloane av\u00e2nd casete numerotate de la 1 la 47 ca numere principale \u0219i alege\u021bi un alt num\u0103r \u00een partea de jos a coloanei cu cercurile numerotate de la 1 la 10) \u0219i<\/p>\n<p>Pute\u021bi completa c\u00e2te coloane sau linii de pariere dori\u021bi. F\u0103c\u00e2nd clic pe caseta \u201emai multe linii\u201d, apar alte cinci coloane \u0219i a\u0219a mai departe p\u00e2n\u0103 c\u00e2nd dori\u021bi. Fiecare coloan\u0103 se refer\u0103 la un pariu simplu al c\u0103rui pre\u021b este de 4 Euro, \u00een func\u021bie de cursul de schimb cu Lira Sterlin\u0103.<\/p>\n<p>Sistemul v\u0103 permite s\u0103 completa\u021bi manual aceste casete sau, folosind caseta de selec\u021bie rapid\u0103, care apare deasupra fiec\u0103rei tabl\u0103, l\u0103sa\u021bi sistemul \u00eensu\u0219i s\u0103 aleag\u0103 aleatoriu combina\u021bia pariului nostru.<\/p>\n<p>Odat\u0103 ce s-a f\u0103cut selec\u021bia numerelor \u00eentr-una sau mai multe coloane, merge\u021bi la caseta CONTINUARE \u0219i trece\u021bi la plata. Este at\u00e2t de simplu.<\/p>\n<h2>Ce premii acord\u0103 Set for Life (UK)?<\/h2>\n<p>Set for Life (Marea Britanie) are opt (8) categorii de premii diferite. Pentru a c\u00e2\u0219tiga jackpot-ul, trebuie s\u0103 potrivi\u021bi cele cinci numere principale \u0219i Life Ball.<\/p>\n<p>Exist\u0103 opt categorii pentru rezultatele Set for Life (UK).<\/p>\n<p>Prima categorie: Pentru cei care au corect cele 5 numere + Life Ball<br \/>\nA doua categorie: 5 hit-uri ale combina\u021biei principale<br \/>\nCategoria a treia: 4 lovituri ale combina\u021biei + Life Ball<br \/>\nA patra categorie: 4 lovituri ale combina\u021biei.<br \/>\nCategoria a cincea: 3 lovituri ale combina\u021biei + Life Ball<br \/>\nA \u0219asea categorie: 3 combina\u021bii principale<br \/>\nCategoria a \u0219aptea: 2 lovituri + Life Ball<br \/>\nCategoria a opta: 2 rezultate<\/p>\n<h2>C\u00e2nd este extras Set for Life (UK)?<\/h2>\n<p>\u00cen mod obi\u0219nuit, extragerile loteriei Set for Life (Marea Britanie) au loc \u00een fiecare luni \u0219i joi, ambele la ora 20:00. GMT<\/p>\n<p>Pentru v\u00e2nz\u0103rile online, admiterea la cump\u0103r\u0103turi se \u00eenchide cu 2 ore \u00eenainte de tragerea la sor\u021bi, din motive de administrare \u0219i securitate.<\/p>\n<h2>C\u00e2t cost\u0103 s\u0103 joci Set for Life (UK)?<\/h2>\n<p>Pre\u021bul fiec\u0103rui bilet Set for Life (Marea Britanie) pe LottoHoy \u00eencepe de la 4 EUR \u0219i include toate costurile de gestionare \u0219i gestionarea achizi\u021biilor prin v\u00e2nz\u0103tori oficiali \u0219i\/sau similari.<\/p>\n","protected":false},"excerpt":{"rendered":"<p>Set de joac\u0103 pentru via\u021b\u0103 (UK) Set for Life este o loterie de la Loteria Na\u021bional\u0103, operat\u0103 de Camelot, care ofer\u0103 c\u00e2\u0219tig\u0103torilor de top \u0219ansa de a c\u00e2\u0219tiga 10.000 de lire sterline pe lun\u0103 timp de 30 de ani. Cu toate acestea, pentru juc\u0103torii care nu sunt reziden\u021bi \u00een Regatul Unit, Camelot v\u0103 va oferi [&hellip;]<\/p>\n","protected":false},"author":2,"featured_media":0,"parent":14386,"menu_order":11,"comment_status":"closed","ping_status":"closed","template":"set-for-life.php","meta":{"_et_pb_use_builder":"","_et_pb_old_content":"","_et_gb_content_width":"","exclude_from_search":false,"footnotes":""},"class_list":["post-14634","page","type-page","status-publish","hentry"],"yoast_head":"<!-- This site is optimized with the Yoast SEO plugin v23.7 - https:\/\/yoast.com\/wordpress\/plugins\/seo\/ -->\n<title>Jugar a Set for Life (UK) - Lottohoy<\/title>\n<meta name=\"description\" content=\"Pute\u021bi selecta cu u\u0219urin\u021b\u0103 \u0219i juca online Set for Life (UK) la tragerile la sor\u021bi pe care le alege\u021bi, f\u0103r\u0103 s\u0103 pierde\u021bi niciunul dintre ele.\" \/>\n<meta name=\"robots\" content=\"index, follow, max-snippet:-1, max-image-preview:large, max-video-preview:-1\" \/>\n<link rel=\"canonical\" href=\"https:\/\/lottohoy.com\/ro\/joaca-la-loterie-online\/jugar-a-set-for-life-uk\/\" \/>\n<meta property=\"og:locale\" content=\"ro_RO\" \/>\n<meta property=\"og:type\" content=\"article\" \/>\n<meta property=\"og:title\" content=\"Jugar a Set for Life (UK) - Lottohoy\" \/>\n<meta property=\"og:description\" content=\"Pute\u021bi selecta cu u\u0219urin\u021b\u0103 \u0219i juca online Set for Life (UK) la tragerile la sor\u021bi pe care le alege\u021bi, f\u0103r\u0103 s\u0103 pierde\u021bi niciunul dintre ele.\" \/>\n<meta property=\"og:url\" content=\"https:\/\/lottohoy.com\/ro\/joaca-la-loterie-online\/jugar-a-set-for-life-uk\/\" \/>\n<meta property=\"og:site_name\" content=\"Lottohoy\" \/>\n<meta property=\"article:modified_time\" content=\"2025-03-17T12:18:37+00:00\" \/>\n<meta name=\"twitter:card\" content=\"summary_large_image\" \/>\n<meta name=\"twitter:label1\" content=\"Timp estimat pentru citire\" \/>\n\t<meta name=\"twitter:data1\" content=\"3 minute\" \/>\n<script type=\"application\/ld+json\" class=\"yoast-schema-graph\">{\"@context\":\"https:\/\/schema.org\",\"@graph\":[{\"@type\":\"WebPage\",\"@id\":\"https:\/\/lottohoy.com\/ro\/joaca-la-loterie-online\/jugar-a-set-for-life-uk\/\",\"url\":\"https:\/\/lottohoy.com\/ro\/joaca-la-loterie-online\/jugar-a-set-for-life-uk\/\",\"name\":\"Jugar a Set for Life (UK) - Lottohoy\",\"isPartOf\":{\"@id\":\"https:\/\/lottohoy.com\/ro\/#website\"},\"datePublished\":\"2020-08-10T16:04:41+00:00\",\"dateModified\":\"2025-03-17T12:18:37+00:00\",\"description\":\"Pute\u021bi selecta cu u\u0219urin\u021b\u0103 \u0219i juca online Set for Life (UK) la tragerile la sor\u021bi pe care le alege\u021bi, f\u0103r\u0103 s\u0103 pierde\u021bi niciunul dintre ele.\",\"breadcrumb\":{\"@id\":\"https:\/\/lottohoy.com\/ro\/joaca-la-loterie-online\/jugar-a-set-for-life-uk\/#breadcrumb\"},\"inLanguage\":\"ro-RO\",\"potentialAction\":[{\"@type\":\"ReadAction\",\"target\":[\"https:\/\/lottohoy.com\/ro\/joaca-la-loterie-online\/jugar-a-set-for-life-uk\/\"]}]},{\"@type\":\"BreadcrumbList\",\"@id\":\"https:\/\/lottohoy.com\/ro\/joaca-la-loterie-online\/jugar-a-set-for-life-uk\/#breadcrumb\",\"itemListElement\":[{\"@type\":\"ListItem\",\"position\":1,\"name\":\"Home\",\"item\":\"https:\/\/lottohoy.com\/ro\/\"},{\"@type\":\"ListItem\",\"position\":2,\"name\":\"Joac\u0103 la loterie online\",\"item\":\"https:\/\/lottohoy.com\/ro\/joaca-la-loterie-online\/\"},{\"@type\":\"ListItem\",\"position\":3,\"name\":\"Jugar a Set for Life (UK)\"}]},{\"@type\":\"WebSite\",\"@id\":\"https:\/\/lottohoy.com\/ro\/#website\",\"url\":\"https:\/\/lottohoy.com\/ro\/\",\"name\":\"Lottohoy\",\"description\":\"\",\"potentialAction\":[{\"@type\":\"SearchAction\",\"target\":{\"@type\":\"EntryPoint\",\"urlTemplate\":\"https:\/\/lottohoy.com\/ro\/?s={search_term_string}\"},\"query-input\":{\"@type\":\"PropertyValueSpecification\",\"valueRequired\":true,\"valueName\":\"search_term_string\"}}],\"inLanguage\":\"ro-RO\"}]}<\/script>\n<!-- \/ Yoast SEO plugin. -->","yoast_head_json":{"title":"Jugar a Set for Life (UK) - Lottohoy","description":"Pute\u021bi selecta cu u\u0219urin\u021b\u0103 \u0219i juca online Set for Life (UK) la tragerile la sor\u021bi pe care le alege\u021bi, f\u0103r\u0103 s\u0103 pierde\u021bi niciunul dintre ele.","robots":{"index":"index","follow":"follow","max-snippet":"max-snippet:-1","max-image-preview":"max-image-preview:large","max-video-preview":"max-video-preview:-1"},"canonical":"https:\/\/lottohoy.com\/ro\/joaca-la-loterie-online\/jugar-a-set-for-life-uk\/","og_locale":"ro_RO","og_type":"article","og_title":"Jugar a Set for Life (UK) - Lottohoy","og_description":"Pute\u021bi selecta cu u\u0219urin\u021b\u0103 \u0219i juca online Set for Life (UK) la tragerile la sor\u021bi pe care le alege\u021bi, f\u0103r\u0103 s\u0103 pierde\u021bi niciunul dintre ele.","og_url":"https:\/\/lottohoy.com\/ro\/joaca-la-loterie-online\/jugar-a-set-for-life-uk\/","og_site_name":"Lottohoy","article_modified_time":"2025-03-17T12:18:37+00:00","twitter_card":"summary_large_image","twitter_misc":{"Timp estimat pentru citire":"3 minute"},"schema":{"@context":"https:\/\/schema.org","@graph":[{"@type":"WebPage","@id":"https:\/\/lottohoy.com\/ro\/joaca-la-loterie-online\/jugar-a-set-for-life-uk\/","url":"https:\/\/lottohoy.com\/ro\/joaca-la-loterie-online\/jugar-a-set-for-life-uk\/","name":"Jugar a Set for Life (UK) - Lottohoy","isPartOf":{"@id":"https:\/\/lottohoy.com\/ro\/#website"},"datePublished":"2020-08-10T16:04:41+00:00","dateModified":"2025-03-17T12:18:37+00:00","description":"Pute\u021bi selecta cu u\u0219urin\u021b\u0103 \u0219i juca online Set for Life (UK) la tragerile la sor\u021bi pe care le alege\u021bi, f\u0103r\u0103 s\u0103 pierde\u021bi niciunul dintre ele.","breadcrumb":{"@id":"https:\/\/lottohoy.com\/ro\/joaca-la-loterie-online\/jugar-a-set-for-life-uk\/#breadcrumb"},"inLanguage":"ro-RO","potentialAction":[{"@type":"ReadAction","target":["https:\/\/lottohoy.com\/ro\/joaca-la-loterie-online\/jugar-a-set-for-life-uk\/"]}]},{"@type":"BreadcrumbList","@id":"https:\/\/lottohoy.com\/ro\/joaca-la-loterie-online\/jugar-a-set-for-life-uk\/#breadcrumb","itemListElement":[{"@type":"ListItem","position":1,"name":"Home","item":"https:\/\/lottohoy.com\/ro\/"},{"@type":"ListItem","position":2,"name":"Joac\u0103 la loterie online","item":"https:\/\/lottohoy.com\/ro\/joaca-la-loterie-online\/"},{"@type":"ListItem","position":3,"name":"Jugar a Set for Life (UK)"}]},{"@type":"WebSite","@id":"https:\/\/lottohoy.com\/ro\/#website","url":"https:\/\/lottohoy.com\/ro\/","name":"Lottohoy","description":"","potentialAction":[{"@type":"SearchAction","target":{"@type":"EntryPoint","urlTemplate":"https:\/\/lottohoy.com\/ro\/?s={search_term_string}"},"query-input":{"@type":"PropertyValueSpecification","valueRequired":true,"valueName":"search_term_string"}}],"inLanguage":"ro-RO"}]}},"_links":{"self":[{"href":"https:\/\/lottohoy.com\/ro\/wp-json\/wp\/v2\/pages\/14634","targetHints":{"allow":["GET"]}}],"collection":[{"href":"https:\/\/lottohoy.com\/ro\/wp-json\/wp\/v2\/pages"}],"about":[{"href":"https:\/\/lottohoy.com\/ro\/wp-json\/wp\/v2\/types\/page"}],"author":[{"embeddable":true,"href":"https:\/\/lottohoy.com\/ro\/wp-json\/wp\/v2\/users\/2"}],"replies":[{"embeddable":true,"href":"https:\/\/lottohoy.com\/ro\/wp-json\/wp\/v2\/comments?post=14634"}],"version-history":[{"count":1,"href":"https:\/\/lottohoy.com\/ro\/wp-json\/wp\/v2\/pages\/14634\/revisions"}],"predecessor-version":[{"id":14635,"href":"https:\/\/lottohoy.com\/ro\/wp-json\/wp\/v2\/pages\/14634\/revisions\/14635"}],"up":[{"embeddable":true,"href":"https:\/\/lottohoy.com\/ro\/wp-json\/wp\/v2\/pages\/14386"}],"wp:attachment":[{"href":"https:\/\/lottohoy.com\/ro\/wp-json\/wp\/v2\/media?parent=14634"}],"curies":[{"name":"wp","href":"https:\/\/api.w.org\/{rel}","templated":true}]}}