{"id":14576,"date":"2020-08-10T17:39:45","date_gmt":"2020-08-10T16:39:45","guid":{"rendered":"https:\/\/lottohoy.com\/?page_id=14576"},"modified":"2025-03-17T12:02:31","modified_gmt":"2025-03-17T12:02:31","slug":"joaca-thunderball","status":"publish","type":"page","link":"https:\/\/lottohoy.com\/ro\/joaca-la-loterie-online\/joaca-thunderball\/","title":{"rendered":"Joac\u0103 Thunderball"},"content":{"rendered":"<h2>Joac\u0103 Thunderball online<\/h2>\n<p>Thunderball este o loterie atipic\u0103 cu un premiu fix de 500.000 GBP pentru fiecare c\u00e2\u0219tig\u0103tor din categoria superioar\u0103, gestionat\u0103 de Loteria Na\u021bional\u0103 prin Camelot.<\/p>\n<p>Pentru a juca loteria Thunderball online po\u021bi folosi o platform\u0103 de loterie online precum a noastr\u0103, care ofer\u0103 tot confortul de acas\u0103 \u0219i fiabilitatea datelor \u0219i tranzac\u021biilor criptate pentru o mai mare securitate.<\/p>\n<p>Ca \u0219i \u00een marea majoritate a loterielor, persoana care joac\u0103 trebuie s\u0103 fie major\u0103 pentru a putea revendica premiile, dac\u0103 acesta ar fi cazul.<\/p>\n<p>Odat\u0103 ce accesa\u021bi pagina de joc Thunderball prin platforma noastr\u0103, apare un \u0219ablon cu diverse coloane \u00een care v\u0103 pute\u021bi plasa pariurile, le numim \u0219i linii de joc. Fiecare coloan\u0103 sau linie va corespunde unui pariu. Aceste coloane ini\u021biale pot fi extinse f\u0103c\u00e2nd clic pe caseta MAI MULTE LINII \u0219i apar alte coloane, unde pute\u021bi plasa mai multe pariuri pe aceea\u0219i joc. Acest lucru poate fi repetat de c\u00e2te ori este num\u0103rul de coloane sau linii pe care dori\u021bi s\u0103 paria\u021bi.<\/p>\n<p>Pentru a plasa pariul \u00eentr-o coloan\u0103, trebuie <strong>s\u0103 bifa\u021bi 5 din cele 39 de c\u0103su\u021be care apar \u00een prima caset\u0103 plus un num\u0103r din cercurile numerotate \u00eentre 1 \u0219i 14<\/strong><\/p>\n<p>Pariul poate fi plasat \u00een dou\u0103 moduri, manual, adic\u0103 bif\u00e2nd direct caseta pentru fiecare num\u0103r la care dori\u021bi s\u0103 fac\u0103 parte din combina\u021bia dvs. de pariuri. Sau, dac\u0103 dori\u021bi, pute\u021bi permite sistemului \u00eensu\u0219i s\u0103 aleag\u0103 aleator combina\u021bia de pariuri, trec\u00e2nd cursorul peste partea de sus a coloanei \u00een care va ap\u0103rea o caset\u0103 pe care scrie \u201eselec\u021bie rapid\u0103\u201d \u0219i f\u0103c\u00e2nd clic pe caset\u0103.<\/p>\n<p>Dac\u0103 pariul este acordat, suma premiului este introdus\u0103 automat \u00een contul de utilizator.<\/p>\n<h2>C\u00e2nd este tombola Thunderball?<\/h2>\n<p>Ini\u021bial era doar o tragere la sor\u021bi s\u00e2mb\u0103ta, acum Thunderball este extras \u00een fiecare mar\u021bi, miercuri, vineri \u0219i s\u00e2mb\u0103t\u0103 la ora 20:00. GMT<\/p>\n<p>Admiterea biletelor online prin platforma noastr\u0103 se \u00eenchide cu aproximativ 2 ore \u00eenainte de ora oficial\u0103 a extragerii \u0219i se redeschide la finalul extragerii, pentru validarea biletelor pentru urm\u0103toarea extragere.<\/p>\n<h2>Care sunt avantajele cump\u0103r\u0103rii Thunderball online?<\/h2>\n<p>Cump\u0103rarea Thunderball online, prin platforma noastr\u0103, permite juc\u0103torilor din toat\u0103 lumea s\u0103-\u0219i cumpere biletele, indiferent de \u021bara \u00een care \u00ee\u0219i au domiciliul \u0219i din orice situa\u021bie, cu o simpl\u0103 conexiune la internet \u0219i prin orice dispozitiv, tablet\u0103, mobil sau PC.<\/p>\n<p>Printre multe altele, acestea sunt c\u00e2teva dintre principalele avantaje ale jocului prin LottoHoy:<\/p>\n<p><strong>Securitate<\/strong> \u00een toate tranzac\u021biile economice \u0219i de date<br \/>\n<strong>Acces 24\/7 \u00een fiecare<\/strong> zi a anului pentru achizi\u021biile \u0219i pariurile dvs.<br \/>\n<strong>Cump\u0103ra\u021bi-v\u0103 biletele din orice punct al lumii,<\/strong> f\u0103r\u0103 cozi sau excursii \u0219i la orice or\u0103 din zi sau din noapte<br \/>\n<strong>Cu achizi\u021biile online, se evit\u0103 deplas\u0103rile sau pierderile<\/strong>, biletul r\u0103m\u00e2ne \u00eentotdeauna reflectat \u00een siguran\u021b\u0103 \u00een contul de utilizator, iar biletul oficial \u00een camera de securitate.<br \/>\n<strong>Premiile c\u00e2\u0219tigate sunt introduse imediat \u00een contul de utilizator<\/strong> \u0219i sunt disponibile din primul moment. Dup\u0103 tragerea la sor\u021bi \u0219i odat\u0103 ce rezultatele oficiale sunt publicate, sumele premiilor c\u00e2\u0219tigate sunt introduse \u00een contul de utilizator.<br \/>\n<strong>Fii informat despre jackpot-urile<\/strong> acumulate \u0219i extragerile extraordinare.<\/p>\n","protected":false},"excerpt":{"rendered":"<p>Joac\u0103 Thunderball online Thunderball este o loterie atipic\u0103 cu un premiu fix de 500.000 GBP pentru fiecare c\u00e2\u0219tig\u0103tor din categoria superioar\u0103, gestionat\u0103 de Loteria Na\u021bional\u0103 prin Camelot. Pentru a juca loteria Thunderball online po\u021bi folosi o platform\u0103 de loterie online precum a noastr\u0103, care ofer\u0103 tot confortul de acas\u0103 \u0219i fiabilitatea datelor \u0219i tranzac\u021biilor criptate [&hellip;]<\/p>\n","protected":false},"author":2,"featured_media":0,"parent":14386,"menu_order":10,"comment_status":"closed","ping_status":"closed","template":"thunderball.php","meta":{"_et_pb_use_builder":"","_et_pb_old_content":"","_et_gb_content_width":"","exclude_from_search":false,"footnotes":""},"class_list":["post-14576","page","type-page","status-publish","hentry"],"yoast_head":"<!-- This site is optimized with the Yoast SEO plugin v23.7 - https:\/\/yoast.com\/wordpress\/plugins\/seo\/ -->\n<title>Joac\u0103 Thunderball - Lottohoy<\/title>\n<meta name=\"description\" content=\"Juc\u00e2nd la aceast\u0103 loterie online, mul\u021bi juc\u0103tori au acces u\u0219or la premiile fixe din toate categoriile.\" \/>\n<meta name=\"robots\" content=\"index, follow, max-snippet:-1, max-image-preview:large, max-video-preview:-1\" \/>\n<link rel=\"canonical\" href=\"https:\/\/lottohoy.com\/ro\/joaca-la-loterie-online\/joaca-thunderball\/\" \/>\n<meta property=\"og:locale\" content=\"ro_RO\" \/>\n<meta property=\"og:type\" content=\"article\" \/>\n<meta property=\"og:title\" content=\"Joac\u0103 Thunderball - Lottohoy\" \/>\n<meta property=\"og:description\" content=\"Juc\u00e2nd la aceast\u0103 loterie online, mul\u021bi juc\u0103tori au acces u\u0219or la premiile fixe din toate categoriile.\" \/>\n<meta property=\"og:url\" content=\"https:\/\/lottohoy.com\/ro\/joaca-la-loterie-online\/joaca-thunderball\/\" \/>\n<meta property=\"og:site_name\" content=\"Lottohoy\" \/>\n<meta property=\"article:modified_time\" content=\"2025-03-17T12:02:31+00:00\" \/>\n<meta name=\"twitter:card\" content=\"summary_large_image\" \/>\n<meta name=\"twitter:label1\" content=\"Timp estimat pentru citire\" \/>\n\t<meta name=\"twitter:data1\" content=\"3 minute\" \/>\n<script type=\"application\/ld+json\" class=\"yoast-schema-graph\">{\"@context\":\"https:\/\/schema.org\",\"@graph\":[{\"@type\":\"WebPage\",\"@id\":\"https:\/\/lottohoy.com\/ro\/joaca-la-loterie-online\/joaca-thunderball\/\",\"url\":\"https:\/\/lottohoy.com\/ro\/joaca-la-loterie-online\/joaca-thunderball\/\",\"name\":\"Joac\u0103 Thunderball - Lottohoy\",\"isPartOf\":{\"@id\":\"https:\/\/lottohoy.com\/ro\/#website\"},\"datePublished\":\"2020-08-10T16:39:45+00:00\",\"dateModified\":\"2025-03-17T12:02:31+00:00\",\"description\":\"Juc\u00e2nd la aceast\u0103 loterie online, mul\u021bi juc\u0103tori au acces u\u0219or la premiile fixe din toate categoriile.\",\"breadcrumb\":{\"@id\":\"https:\/\/lottohoy.com\/ro\/joaca-la-loterie-online\/joaca-thunderball\/#breadcrumb\"},\"inLanguage\":\"ro-RO\",\"potentialAction\":[{\"@type\":\"ReadAction\",\"target\":[\"https:\/\/lottohoy.com\/ro\/joaca-la-loterie-online\/joaca-thunderball\/\"]}]},{\"@type\":\"BreadcrumbList\",\"@id\":\"https:\/\/lottohoy.com\/ro\/joaca-la-loterie-online\/joaca-thunderball\/#breadcrumb\",\"itemListElement\":[{\"@type\":\"ListItem\",\"position\":1,\"name\":\"Home\",\"item\":\"https:\/\/lottohoy.com\/ro\/\"},{\"@type\":\"ListItem\",\"position\":2,\"name\":\"Joac\u0103 la loterie online\",\"item\":\"https:\/\/lottohoy.com\/ro\/joaca-la-loterie-online\/\"},{\"@type\":\"ListItem\",\"position\":3,\"name\":\"Joac\u0103 Thunderball\"}]},{\"@type\":\"WebSite\",\"@id\":\"https:\/\/lottohoy.com\/ro\/#website\",\"url\":\"https:\/\/lottohoy.com\/ro\/\",\"name\":\"Lottohoy\",\"description\":\"\",\"potentialAction\":[{\"@type\":\"SearchAction\",\"target\":{\"@type\":\"EntryPoint\",\"urlTemplate\":\"https:\/\/lottohoy.com\/ro\/?s={search_term_string}\"},\"query-input\":{\"@type\":\"PropertyValueSpecification\",\"valueRequired\":true,\"valueName\":\"search_term_string\"}}],\"inLanguage\":\"ro-RO\"}]}<\/script>\n<!-- \/ Yoast SEO plugin. -->","yoast_head_json":{"title":"Joac\u0103 Thunderball - Lottohoy","description":"Juc\u00e2nd la aceast\u0103 loterie online, mul\u021bi juc\u0103tori au acces u\u0219or la premiile fixe din toate categoriile.","robots":{"index":"index","follow":"follow","max-snippet":"max-snippet:-1","max-image-preview":"max-image-preview:large","max-video-preview":"max-video-preview:-1"},"canonical":"https:\/\/lottohoy.com\/ro\/joaca-la-loterie-online\/joaca-thunderball\/","og_locale":"ro_RO","og_type":"article","og_title":"Joac\u0103 Thunderball - Lottohoy","og_description":"Juc\u00e2nd la aceast\u0103 loterie online, mul\u021bi juc\u0103tori au acces u\u0219or la premiile fixe din toate categoriile.","og_url":"https:\/\/lottohoy.com\/ro\/joaca-la-loterie-online\/joaca-thunderball\/","og_site_name":"Lottohoy","article_modified_time":"2025-03-17T12:02:31+00:00","twitter_card":"summary_large_image","twitter_misc":{"Timp estimat pentru citire":"3 minute"},"schema":{"@context":"https:\/\/schema.org","@graph":[{"@type":"WebPage","@id":"https:\/\/lottohoy.com\/ro\/joaca-la-loterie-online\/joaca-thunderball\/","url":"https:\/\/lottohoy.com\/ro\/joaca-la-loterie-online\/joaca-thunderball\/","name":"Joac\u0103 Thunderball - Lottohoy","isPartOf":{"@id":"https:\/\/lottohoy.com\/ro\/#website"},"datePublished":"2020-08-10T16:39:45+00:00","dateModified":"2025-03-17T12:02:31+00:00","description":"Juc\u00e2nd la aceast\u0103 loterie online, mul\u021bi juc\u0103tori au acces u\u0219or la premiile fixe din toate categoriile.","breadcrumb":{"@id":"https:\/\/lottohoy.com\/ro\/joaca-la-loterie-online\/joaca-thunderball\/#breadcrumb"},"inLanguage":"ro-RO","potentialAction":[{"@type":"ReadAction","target":["https:\/\/lottohoy.com\/ro\/joaca-la-loterie-online\/joaca-thunderball\/"]}]},{"@type":"BreadcrumbList","@id":"https:\/\/lottohoy.com\/ro\/joaca-la-loterie-online\/joaca-thunderball\/#breadcrumb","itemListElement":[{"@type":"ListItem","position":1,"name":"Home","item":"https:\/\/lottohoy.com\/ro\/"},{"@type":"ListItem","position":2,"name":"Joac\u0103 la loterie online","item":"https:\/\/lottohoy.com\/ro\/joaca-la-loterie-online\/"},{"@type":"ListItem","position":3,"name":"Joac\u0103 Thunderball"}]},{"@type":"WebSite","@id":"https:\/\/lottohoy.com\/ro\/#website","url":"https:\/\/lottohoy.com\/ro\/","name":"Lottohoy","description":"","potentialAction":[{"@type":"SearchAction","target":{"@type":"EntryPoint","urlTemplate":"https:\/\/lottohoy.com\/ro\/?s={search_term_string}"},"query-input":{"@type":"PropertyValueSpecification","valueRequired":true,"valueName":"search_term_string"}}],"inLanguage":"ro-RO"}]}},"_links":{"self":[{"href":"https:\/\/lottohoy.com\/ro\/wp-json\/wp\/v2\/pages\/14576","targetHints":{"allow":["GET"]}}],"collection":[{"href":"https:\/\/lottohoy.com\/ro\/wp-json\/wp\/v2\/pages"}],"about":[{"href":"https:\/\/lottohoy.com\/ro\/wp-json\/wp\/v2\/types\/page"}],"author":[{"embeddable":true,"href":"https:\/\/lottohoy.com\/ro\/wp-json\/wp\/v2\/users\/2"}],"replies":[{"embeddable":true,"href":"https:\/\/lottohoy.com\/ro\/wp-json\/wp\/v2\/comments?post=14576"}],"version-history":[{"count":1,"href":"https:\/\/lottohoy.com\/ro\/wp-json\/wp\/v2\/pages\/14576\/revisions"}],"predecessor-version":[{"id":14577,"href":"https:\/\/lottohoy.com\/ro\/wp-json\/wp\/v2\/pages\/14576\/revisions\/14577"}],"up":[{"embeddable":true,"href":"https:\/\/lottohoy.com\/ro\/wp-json\/wp\/v2\/pages\/14386"}],"wp:attachment":[{"href":"https:\/\/lottohoy.com\/ro\/wp-json\/wp\/v2\/media?parent=14576"}],"curies":[{"name":"wp","href":"https:\/\/api.w.org\/{rel}","templated":true}]}}