{"id":14563,"date":"2018-05-03T14:23:28","date_gmt":"2018-05-03T13:23:28","guid":{"rendered":"https:\/\/lottohoy.com\/?page_id=14563"},"modified":"2025-03-17T11:58:07","modified_gmt":"2025-03-17T11:58:07","slug":"joaca-lotto-uk","status":"publish","type":"page","link":"https:\/\/lottohoy.com\/ro\/joaca-la-loterie-online\/joaca-lotto-uk\/","title":{"rendered":"Joac\u0103 Lotto UK"},"content":{"rendered":"<h2>Joac\u0103 Lotto UK online<\/h2>\n<p>Lotto UK este loteria na\u021bional\u0103 a Regatului Unit, reglement\u0103rile indic\u0103 faptul c\u0103 cei peste 18 ani \u0219i care locuiesc sau sunt prezen\u021bi \u00een momentul colect\u0103rii \u00een Regatul Unit sau \u00een Insula Man pot juca \u0219i, prin urmare, colecta premii. Din fericire, este posibil s\u0103 se joace \u0219i prin platforme online precum LottoHoy.com. unde pre\u021bul pariului simplu este de 4,75 Euro.<\/p>\n<p>Dac\u0103 vi se acord\u0103 un premiu, suma premiului este introdus\u0103 automat \u00een contul de utilizator, iar dac\u0103 este o sum\u0103 foarte mare, v\u0103 oferim tot suportul necesar pentru a putea ridica premiul \u00een cel mai simplu mod.<\/p>\n<h2>Cum s\u0103 joci Lotto UK online?<\/h2>\n<p>Odat\u0103 ajuns pe pagina jocului Lotto UK, apare un r\u00e2nd cu 5 bilete de joc. Fiecare dintre ele are 59 de casete numerotate de la 1 la 59, respectiv.<\/p>\n<p>Fiecare pariu const\u0103 \u00een marcarea a 6 din cele 59 de c\u0103su\u021be pentru a ob\u021bine pronosticul pe care dori\u021bi s\u0103 paria\u021bi \u0219i repetarea acestei ac\u021biuni \u00een c\u00e2te coloane dori\u021bi s\u0103 juca\u021bi.<br \/>\nFiecare coloan\u0103 corespunde unui pariu \u0219i, prin urmare, suma de pl\u0103tit va fi rezultatul \u00eenmul\u021birii sumei pariului cu num\u0103rul de blocuri jucate.<\/p>\n<p>Loteria Regatului Unit are coduri formate din patru cercuri colorate cu o liter\u0103 \u00een fiecare cerc \u0219i urmate de o serie de 8 numere. Este ceea ce se nume\u0219te \u201eTombola Milionarului\u201d, valabil\u0103 pentru aceea\u0219i zi a extragerii \u00een care se joac\u0103.<\/p>\n<h2>\u00cen ce zile este extras Lotto UK?<\/h2>\n<p>Extragerile Lotto UK au loc \u00een fiecare miercuri, la ora 20:00. GMT \u0219i s\u00e2mb\u0103ta la 20:30. GMT. \u0218i v\u00e2nz\u0103rile de bilete se \u00eenchid oficial la 7:30 p.m. GMT.<\/p>\n<h2>Avantajele cump\u0103r\u0103rii online Lotto UK<\/h2>\n<p>Exist\u0103 multe avantaje de a cump\u0103ra online Lotto UK, mai ales \u021bin\u00e2nd cont de noile obiceiuri ale consumatorilor \u0219i de comoditatea pe care aceasta o presupune.<\/p>\n<p>Acestea sunt c\u00e2teva dintre principalele avantaje ale jocului la LottoHoy:<\/p>\n<p><strong>Securitate \u00een tranzac\u021biile<\/strong> cu protocolul HTTPS:\/\/ \u0219i mai multe sisteme de plat\u0103 \u0219i rambursare complet de \u00eencredere.<br \/>\n<strong>Pute\u021bi cump\u0103ra bilete 24\/7<\/strong> \u00een fiecare zi a anului. Nu mai este necesar s\u0103 urm\u0103ri\u021bi orele de deschidere \u0219i de \u00eenchidere a punctelor de v\u00e2nzare.<br \/>\n<strong>De oriunde, f\u0103r\u0103 cozi \u0219i f\u0103r\u0103 deplas\u0103ri.<\/strong> Pur \u0219i simplu av\u00e2nd un dispozitiv mobil, o tablet\u0103 sau un computer cu conexiune la internet. Nu mai exist\u0103 bariere geografice pentru a juca la loto britanic.<br \/>\n<strong>Cu achizi\u021bia online, nu ve\u021bi pierde niciodat\u0103 biletul,<\/strong> acesta r\u0103m\u00e2ne \u00eentotdeauna \u00een contul dvs. Odat\u0103 cu achizi\u021bia online prin platforma noastr\u0103, nu numai c\u0103 ve\u021bi avea \u00eentotdeauna o eviden\u021b\u0103 a biletului achizi\u021bionat, dar \u0219i, \u00een cazul unui premiu, ve\u021bi fi informat imediat prin contul dvs. de utilizator.<br \/>\n<strong>Prime\u0219ti imediat premiile c\u00e2\u0219tigate \u00een contul t\u0103u de utilizator.<\/strong> Dup\u0103 ce a avut loc extragerea \u0219i odat\u0103 ce <span style=\"color: #3366ff;\"><a style=\"color: #3366ff;\" href=\"https:\/\/lottohoy.com\/ro\/rezultate-la-loterie\/rezultatele-lotto-uk\/\">rezultatele Lotto UK<\/a><\/span>\u00a0au fost publicate, sumele c\u00e2\u0219tigate vor fi depuse \u00een contul dvs. de utilizator.<br \/>\nFii informat despre jackpot-urile acumulate \u0219i extragerile extraordinare. Astfel vei putea cunoa\u0219te din timp cele mai importante jackpot-uri \u0219i \u00ee\u021bi vei putea ajusta pariul pentru a ob\u021bine un jackpot super milionar.<\/p>\n","protected":false},"excerpt":{"rendered":"<p>Joac\u0103 Lotto UK online Lotto UK este loteria na\u021bional\u0103 a Regatului Unit, reglement\u0103rile indic\u0103 faptul c\u0103 cei peste 18 ani \u0219i care locuiesc sau sunt prezen\u021bi \u00een momentul colect\u0103rii \u00een Regatul Unit sau \u00een Insula Man pot juca \u0219i, prin urmare, colecta premii. Din fericire, este posibil s\u0103 se joace \u0219i prin platforme online precum [&hellip;]<\/p>\n","protected":false},"author":2,"featured_media":0,"parent":14386,"menu_order":9,"comment_status":"closed","ping_status":"closed","template":"lotto-uk.php","meta":{"_et_pb_use_builder":"","_et_pb_old_content":"","_et_gb_content_width":"","exclude_from_search":false,"footnotes":""},"class_list":["post-14563","page","type-page","status-publish","hentry"],"yoast_head":"<!-- This site is optimized with the Yoast SEO plugin v23.7 - https:\/\/yoast.com\/wordpress\/plugins\/seo\/ -->\n<title>Joac\u0103 Lotto UK - Lottohoy<\/title>\n<meta name=\"description\" content=\"Lotto UK este loteria na\u021bional\u0103 a Regatului Unit \u0219i datorit\u0103 LottoHoy.com pute\u021bi juca online. Cump\u0103ra\u021bi-v\u0103 biletele \u0219i primi\u021bi premiile instantaneu.\" \/>\n<meta name=\"robots\" content=\"index, follow, max-snippet:-1, max-image-preview:large, max-video-preview:-1\" \/>\n<link rel=\"canonical\" href=\"https:\/\/lottohoy.com\/ro\/joaca-la-loterie-online\/joaca-lotto-uk\/\" \/>\n<meta property=\"og:locale\" content=\"ro_RO\" \/>\n<meta property=\"og:type\" content=\"article\" \/>\n<meta property=\"og:title\" content=\"Joac\u0103 Lotto UK - Lottohoy\" \/>\n<meta property=\"og:description\" content=\"Lotto UK este loteria na\u021bional\u0103 a Regatului Unit \u0219i datorit\u0103 LottoHoy.com pute\u021bi juca online. Cump\u0103ra\u021bi-v\u0103 biletele \u0219i primi\u021bi premiile instantaneu.\" \/>\n<meta property=\"og:url\" content=\"https:\/\/lottohoy.com\/ro\/joaca-la-loterie-online\/joaca-lotto-uk\/\" \/>\n<meta property=\"og:site_name\" content=\"Lottohoy\" \/>\n<meta property=\"article:modified_time\" content=\"2025-03-17T11:58:07+00:00\" \/>\n<meta name=\"twitter:card\" content=\"summary_large_image\" \/>\n<meta name=\"twitter:label1\" content=\"Timp estimat pentru citire\" \/>\n\t<meta name=\"twitter:data1\" content=\"3 minute\" \/>\n<script type=\"application\/ld+json\" class=\"yoast-schema-graph\">{\"@context\":\"https:\/\/schema.org\",\"@graph\":[{\"@type\":\"WebPage\",\"@id\":\"https:\/\/lottohoy.com\/ro\/joaca-la-loterie-online\/joaca-lotto-uk\/\",\"url\":\"https:\/\/lottohoy.com\/ro\/joaca-la-loterie-online\/joaca-lotto-uk\/\",\"name\":\"Joac\u0103 Lotto UK - Lottohoy\",\"isPartOf\":{\"@id\":\"https:\/\/lottohoy.com\/ro\/#website\"},\"datePublished\":\"2018-05-03T13:23:28+00:00\",\"dateModified\":\"2025-03-17T11:58:07+00:00\",\"description\":\"Lotto UK este loteria na\u021bional\u0103 a Regatului Unit \u0219i datorit\u0103 LottoHoy.com pute\u021bi juca online. Cump\u0103ra\u021bi-v\u0103 biletele \u0219i primi\u021bi premiile instantaneu.\",\"breadcrumb\":{\"@id\":\"https:\/\/lottohoy.com\/ro\/joaca-la-loterie-online\/joaca-lotto-uk\/#breadcrumb\"},\"inLanguage\":\"ro-RO\",\"potentialAction\":[{\"@type\":\"ReadAction\",\"target\":[\"https:\/\/lottohoy.com\/ro\/joaca-la-loterie-online\/joaca-lotto-uk\/\"]}]},{\"@type\":\"BreadcrumbList\",\"@id\":\"https:\/\/lottohoy.com\/ro\/joaca-la-loterie-online\/joaca-lotto-uk\/#breadcrumb\",\"itemListElement\":[{\"@type\":\"ListItem\",\"position\":1,\"name\":\"Home\",\"item\":\"https:\/\/lottohoy.com\/ro\/\"},{\"@type\":\"ListItem\",\"position\":2,\"name\":\"Joac\u0103 la loterie online\",\"item\":\"https:\/\/lottohoy.com\/ro\/joaca-la-loterie-online\/\"},{\"@type\":\"ListItem\",\"position\":3,\"name\":\"Joac\u0103 Lotto UK\"}]},{\"@type\":\"WebSite\",\"@id\":\"https:\/\/lottohoy.com\/ro\/#website\",\"url\":\"https:\/\/lottohoy.com\/ro\/\",\"name\":\"Lottohoy\",\"description\":\"\",\"potentialAction\":[{\"@type\":\"SearchAction\",\"target\":{\"@type\":\"EntryPoint\",\"urlTemplate\":\"https:\/\/lottohoy.com\/ro\/?s={search_term_string}\"},\"query-input\":{\"@type\":\"PropertyValueSpecification\",\"valueRequired\":true,\"valueName\":\"search_term_string\"}}],\"inLanguage\":\"ro-RO\"}]}<\/script>\n<!-- \/ Yoast SEO plugin. -->","yoast_head_json":{"title":"Joac\u0103 Lotto UK - Lottohoy","description":"Lotto UK este loteria na\u021bional\u0103 a Regatului Unit \u0219i datorit\u0103 LottoHoy.com pute\u021bi juca online. Cump\u0103ra\u021bi-v\u0103 biletele \u0219i primi\u021bi premiile instantaneu.","robots":{"index":"index","follow":"follow","max-snippet":"max-snippet:-1","max-image-preview":"max-image-preview:large","max-video-preview":"max-video-preview:-1"},"canonical":"https:\/\/lottohoy.com\/ro\/joaca-la-loterie-online\/joaca-lotto-uk\/","og_locale":"ro_RO","og_type":"article","og_title":"Joac\u0103 Lotto UK - Lottohoy","og_description":"Lotto UK este loteria na\u021bional\u0103 a Regatului Unit \u0219i datorit\u0103 LottoHoy.com pute\u021bi juca online. Cump\u0103ra\u021bi-v\u0103 biletele \u0219i primi\u021bi premiile instantaneu.","og_url":"https:\/\/lottohoy.com\/ro\/joaca-la-loterie-online\/joaca-lotto-uk\/","og_site_name":"Lottohoy","article_modified_time":"2025-03-17T11:58:07+00:00","twitter_card":"summary_large_image","twitter_misc":{"Timp estimat pentru citire":"3 minute"},"schema":{"@context":"https:\/\/schema.org","@graph":[{"@type":"WebPage","@id":"https:\/\/lottohoy.com\/ro\/joaca-la-loterie-online\/joaca-lotto-uk\/","url":"https:\/\/lottohoy.com\/ro\/joaca-la-loterie-online\/joaca-lotto-uk\/","name":"Joac\u0103 Lotto UK - Lottohoy","isPartOf":{"@id":"https:\/\/lottohoy.com\/ro\/#website"},"datePublished":"2018-05-03T13:23:28+00:00","dateModified":"2025-03-17T11:58:07+00:00","description":"Lotto UK este loteria na\u021bional\u0103 a Regatului Unit \u0219i datorit\u0103 LottoHoy.com pute\u021bi juca online. Cump\u0103ra\u021bi-v\u0103 biletele \u0219i primi\u021bi premiile instantaneu.","breadcrumb":{"@id":"https:\/\/lottohoy.com\/ro\/joaca-la-loterie-online\/joaca-lotto-uk\/#breadcrumb"},"inLanguage":"ro-RO","potentialAction":[{"@type":"ReadAction","target":["https:\/\/lottohoy.com\/ro\/joaca-la-loterie-online\/joaca-lotto-uk\/"]}]},{"@type":"BreadcrumbList","@id":"https:\/\/lottohoy.com\/ro\/joaca-la-loterie-online\/joaca-lotto-uk\/#breadcrumb","itemListElement":[{"@type":"ListItem","position":1,"name":"Home","item":"https:\/\/lottohoy.com\/ro\/"},{"@type":"ListItem","position":2,"name":"Joac\u0103 la loterie online","item":"https:\/\/lottohoy.com\/ro\/joaca-la-loterie-online\/"},{"@type":"ListItem","position":3,"name":"Joac\u0103 Lotto UK"}]},{"@type":"WebSite","@id":"https:\/\/lottohoy.com\/ro\/#website","url":"https:\/\/lottohoy.com\/ro\/","name":"Lottohoy","description":"","potentialAction":[{"@type":"SearchAction","target":{"@type":"EntryPoint","urlTemplate":"https:\/\/lottohoy.com\/ro\/?s={search_term_string}"},"query-input":{"@type":"PropertyValueSpecification","valueRequired":true,"valueName":"search_term_string"}}],"inLanguage":"ro-RO"}]}},"_links":{"self":[{"href":"https:\/\/lottohoy.com\/ro\/wp-json\/wp\/v2\/pages\/14563","targetHints":{"allow":["GET"]}}],"collection":[{"href":"https:\/\/lottohoy.com\/ro\/wp-json\/wp\/v2\/pages"}],"about":[{"href":"https:\/\/lottohoy.com\/ro\/wp-json\/wp\/v2\/types\/page"}],"author":[{"embeddable":true,"href":"https:\/\/lottohoy.com\/ro\/wp-json\/wp\/v2\/users\/2"}],"replies":[{"embeddable":true,"href":"https:\/\/lottohoy.com\/ro\/wp-json\/wp\/v2\/comments?post=14563"}],"version-history":[{"count":2,"href":"https:\/\/lottohoy.com\/ro\/wp-json\/wp\/v2\/pages\/14563\/revisions"}],"predecessor-version":[{"id":15692,"href":"https:\/\/lottohoy.com\/ro\/wp-json\/wp\/v2\/pages\/14563\/revisions\/15692"}],"up":[{"embeddable":true,"href":"https:\/\/lottohoy.com\/ro\/wp-json\/wp\/v2\/pages\/14386"}],"wp:attachment":[{"href":"https:\/\/lottohoy.com\/ro\/wp-json\/wp\/v2\/media?parent=14563"}],"curies":[{"name":"wp","href":"https:\/\/api.w.org\/{rel}","templated":true}]}}