{"id":14555,"date":"2019-02-13T18:44:38","date_gmt":"2019-02-13T18:44:38","guid":{"rendered":"https:\/\/lottohoy.com\/?page_id=14555"},"modified":"2025-03-17T11:49:41","modified_gmt":"2025-03-17T11:49:41","slug":"joaca-gordo-de-la-primitiva","status":"publish","type":"page","link":"https:\/\/lottohoy.com\/ro\/joaca-la-loterie-online\/joaca-gordo-de-la-primitiva\/","title":{"rendered":"Joac\u0103 Gordo de la Primitiva"},"content":{"rendered":"<h2>Joac\u0103 Gordo online<\/h2>\n<p>31 octombrie 1993 a fost prima tragere la sor\u021bi pentru el Gordo de la Primitiva, o tragere care se desf\u0103\u0219oar\u0103 \u00een prezent \u00een fiecare duminic\u0103, de\u0219i primele extrageri aveau loc doar o dat\u0103 pe lun\u0103, \u00een ultima duminic\u0103 a lunii.<\/p>\n<p>Aceast\u0103 form\u0103 de tragere a fost men\u021binut\u0103 p\u00e2n\u0103 la tragerea la sor\u021bi din 12 octombrie 1997.<\/p>\n<p>Acum s\u0103 joci online Gordo de la Primitiva este foarte simplu. V\u0103 oferim posibilitatea de a v\u0103 cump\u0103ra biletele \u00een fiecare zi a s\u0103pt\u0103m\u00e2nii, 24 de ore din 24 \u0219i pentru doar 3\u20ac.<\/p>\n<h2>Cum joci Gordo de la Primitiva?<\/h2>\n<p>Jocul Gordo de la Primitiva const\u0103 \u00een selectarea a 5 numere dintr-un tabel care con\u021bine 54 de casete numerotate de la 1 la 54, iar dintr-un bloc suplimentar, selectarea unui num\u0103r cheie din casetele numerotate de la 0 la 9.<\/p>\n<p>Exist\u0103, practic, dou\u0103 moduri de a juca Gordo Primitiva, pariul unic \u0219i pariul multiplu:<\/p>\n<p>Pariul simplu const\u0103 \u00een alegerea a 5 numere din primul tabel care con\u021bine 54 de c\u0103su\u021be numerotate de la 1 la 54, respectiv, \u0219i a unui num\u0103r cheie (numit \u0219i reintegro) dintr-un al doilea tabel care ofer\u0103 biletul \u0219i care con\u021bine 10 c\u0103su\u021be numerotate de la 0 la 9. Pre\u021bul fiec\u0103rui bilet El Gordo de La Primitiva este de 3 EUR. la Lottohoy.<\/p>\n<p>Acest num\u0103r cheie sau rambursare este comun pentru toate pariurile sau blocurile care sunt puse \u00een joc pe biletul simplu.<\/p>\n<p>Pariul multiplu se face exclusiv \u00een primul bloc al biletului, put\u00e2nd fi marcate minim 6 casete, \u0219i maxim 11 de la prima mas\u0103, plus num\u0103rul cheii sau rambursarea din tabelul ata\u0219at.<\/p>\n<p>La completarea unui pariu multiplu, num\u0103rul de numere care sunt marcate va fi direct legat de pariurile efectuate \u0219i de costul acestora.<\/p>\n<table style=\"width: 244px;\">\n<tbody>\n<tr>\n<td style=\"width: 124.266px; text-align: center;\"><strong>Numere formate<\/strong><\/td>\n<td style=\"width: 103.734px; text-align: center;\">\n<p id=\"tw-target-text\" class=\"tw-data-text tw-text-large tw-ta\" dir=\"ltr\" data-placeholder=\"Traducci\u00f3n\" data-ved=\"2ahUKEwjykLT5_riLAxWewAIHHdHvEA4Q3ewLegQICBAV\" aria-label=\"Texto traducido: Numere formate Total pariuri\"><strong>Total pariuri<\/strong><\/p>\n<\/td>\n<\/tr>\n<tr>\n<td style=\"width: 124.266px; text-align: center;\">6<\/td>\n<td style=\"width: 103.734px; text-align: center;\">6<\/td>\n<\/tr>\n<tr>\n<td style=\"width: 124.266px; text-align: center;\">7<\/td>\n<td style=\"width: 103.734px; text-align: center;\">21<\/td>\n<\/tr>\n<tr>\n<td style=\"width: 124.266px; text-align: center;\">8<\/td>\n<td style=\"width: 103.734px; text-align: center;\">56<\/td>\n<\/tr>\n<tr>\n<td style=\"width: 124.266px; text-align: center;\">9<\/td>\n<td style=\"width: 103.734px; text-align: center;\">126<\/td>\n<\/tr>\n<tr>\n<td style=\"width: 124.266px; text-align: center;\">10<\/td>\n<td style=\"width: 103.734px; text-align: center;\">252<\/td>\n<\/tr>\n<tr>\n<td style=\"width: 124.266px; text-align: center;\">11<\/td>\n<td style=\"width: 103.734px; text-align: center;\">462<\/td>\n<\/tr>\n<\/tbody>\n<\/table>\n<pre dir=\"ltr\" data-placeholder=\"Traducci\u00f3n\" data-ved=\"2ahUKEwjWj-OY_biLAxVpk68BHSq_DWYQ3ewLegQICBAV\" aria-label=\"Texto traducido: Joac\u0103 Gordo online 31 octombrie 1993 a fost prima tragere la sor\u021bi pentru el Gordo de la Primitiva, o tragere care se desf\u0103\u0219oar\u0103 \u00een prezent \u00een fiecare duminic\u0103, de\u0219i primele extrageri aveau loc doar o dat\u0103 pe lun\u0103, \u00een ultima duminic\u0103 a lunii. Aceast\u0103 form\u0103 de tragere a fost men\u021binut\u0103 p\u00e2n\u0103 la tragerea la sor\u021bi din 12 octombrie 1997. Acum s\u0103 joci online Gordo de la Primitiva este foarte simplu. V\u0103 oferim posibilitatea de a v\u0103 cump\u0103ra biletele \u00een fiecare zi a s\u0103pt\u0103m\u00e2nii, 24 de ore din 24 \u0219i pentru doar 3\u20ac.\"><\/pre>\n<h2>\u00cen ce zi se joac\u0103 Gordo de la Primitiva?<\/h2>\n<p>El Gordo de la Primitiva are o singur\u0103 tragere s\u0103pt\u0103m\u00e2nal\u0103, duminica \u0219i are loc la ora 21:30. (CET) la Madrid.<\/p>\n<p>Pentru a accesa aceste extrageri trebuie luate \u00een considerare orele de \u00eenchidere.<\/p>\n<p>C\u00e2nd juca\u021bi online, ora normal\u0103 este \u00een jurul orei 13:00, \u00een func\u021bie de \u021aara furnizorului \u00een care juca\u021bi (se recomand\u0103 s\u0103 v\u0103 consulta\u021bi \u00een prealabil).<\/p>\n<h2>Joac\u0103 online Gordo de la Primitiva<\/h2>\n<p>Jocul online Gordo de la Primitiva are multe avantaje \u00een compara\u021bie cu jocul tradi\u021bional de \u0219tampilare fizic\u0103 a biletului \u00een administra\u021biile de loterie.<\/p>\n<p>Odat\u0103 cu apari\u021bia noilor tehnologii, multe activit\u0103\u021bi au fost facilitate pentru a ob\u021bine confort, economisi timp \u0219i securitate.<\/p>\n<p>\u0218ansele de a c\u00e2\u0219tiga orice premiu El Gordo de la Primitiva juc\u00e2nd online sunt exact acelea\u0219i ca \u0219i prin achizi\u021bionarea unui bilet fizic de la o Administra\u021bie a Loteriei, iar platformele de loterie online precum a noastr\u0103 o fac foarte u\u0219or.<\/p>\n<p>Trebuie pur \u0219i simplu s\u0103-\u021bi creezi un cont de utilizator \u00een LottoHoy, \u0219i s\u0103 accesezi \u00een acest fel toate informa\u021biile despre \u00eencas\u0103ri, pl\u0103\u021bi, abonamente cu securitate deplin\u0103.<\/p>\n<p>C\u00e2nd accesa\u021bi sec\u021biunea de joc Gordo de la Primitiva de pe platforma noastr\u0103, \u00een partea de sus apare o bar\u0103 de meniu cu patru op\u021biuni:<\/p>\n<p><strong>Joac\u0103 Gordo Primitiva:<\/strong> Sec\u021biune \u00een care po\u021bi selecta numerele tale preferate \u00een toate coloanele pe care le dore\u0219ti. Ini\u021bial sunt afi\u0219ate 5 coloane, dar pariul dvs. poate fi extins la c\u00e2te coloane dori\u021bi, pur \u0219i simplu f\u0103c\u00e2nd clic pe caseta de sub prima coloan\u0103 care spune \u201emai multe linii\u201d.<br \/>\n<strong>Rezultatele Gordo de la Primitiva<\/strong>: Cu informa\u021bii despre ultima extragere organizat\u0103, combina\u021bia c\u00e2\u0219tig\u0103toare \u0219i distribuirea premiilor \u00een diferitele categorii. De asemenea, pute\u021bi accesa informa\u021bii de la extragerile anterioare \u0219i sumele premiilor acestora.<br \/>\n<strong>Informa\u021bii Gordo de la Primitiva:<\/strong> Toate informa\u021biile legate de acest joc, categoriile de premii, procentele de str\u00e2ngere de fonduri alocate fiec\u0103rei categorii \u0219i posibilit\u0103\u021bile de c\u00e2\u0219tig din fiecare categorie.<br \/>\n<strong>Nout\u0103\u021bi de la Gordo de la Primitiva<\/strong>: Tot ce \u021bine de \u0219tirile despre acest tip de loterie.<br \/>\nChiar mai jos este prima linie de joc, format\u0103 din cinci coloane (sau bilete). Pute\u021bi juca o singur\u0103 coloan\u0103 sau c\u00e2te dori\u021bi, pute\u021bi chiar s\u0103 ad\u0103uga\u021bi mai multe r\u00e2nduri \u0219i astfel s\u0103 juca\u021bi mai multe numere.<br \/>\nFiecare dintre coloane sau linii este numerotat\u0103 de la 1 la 54 \u0219i este locul unde trebuie f\u0103cut\u0103 predic\u021bia dorit\u0103, presupun\u00e2nd c\u0103 trebuie <strong>marcate 5 casete sau numere pentru o simpl\u0103 joc.<\/strong><\/p>\n<p>Sistemul ne permite s\u0103 complet\u0103m manual aceste casete cu numerele noastre preferate sau utiliz\u00e2nd op\u021biunea de selec\u021bie rapid\u0103 care apare deasupra fiec\u0103rei tabl\u0103. \u00cen acest fel, sistemul \u00een sine este cel care alege aleatoriu combina\u021bia cu care ne vom juca.<\/p>\n<pre id=\"tw-target-text\" class=\"tw-data-text tw-text-large tw-ta\" dir=\"ltr\" data-placeholder=\"Traducci\u00f3n\" data-ved=\"2ahUKEwjWj-OY_biLAxVpk68BHSq_DWYQ3ewLegQICBAV\" aria-label=\"Texto traducido: Joac\u0103 Gordo online 31 octombrie 1993 a fost prima tragere la sor\u021bi pentru el Gordo de la Primitiva, o tragere care se desf\u0103\u0219oar\u0103 \u00een prezent \u00een fiecare duminic\u0103, de\u0219i primele extrageri aveau loc doar o dat\u0103 pe lun\u0103, \u00een ultima duminic\u0103 a lunii. Aceast\u0103 form\u0103 de tragere a fost men\u021binut\u0103 p\u00e2n\u0103 la tragerea la sor\u021bi din 12 octombrie 1997. Acum s\u0103 joci online Gordo de la Primitiva este foarte simplu. V\u0103 oferim posibilitatea de a v\u0103 cump\u0103ra biletele \u00een fiecare zi a s\u0103pt\u0103m\u00e2nii, 24 de ore din 24 \u0219i pentru doar 3\u20ac.\"><span class=\"Y2IQFc\" lang=\"ro\">\u00a0<\/span><\/pre>\n","protected":false},"excerpt":{"rendered":"<p>Joac\u0103 Gordo online 31 octombrie 1993 a fost prima tragere la sor\u021bi pentru el Gordo de la Primitiva, o tragere care se desf\u0103\u0219oar\u0103 \u00een prezent \u00een fiecare duminic\u0103, de\u0219i primele extrageri aveau loc doar o dat\u0103 pe lun\u0103, \u00een ultima duminic\u0103 a lunii. Aceast\u0103 form\u0103 de tragere a fost men\u021binut\u0103 p\u00e2n\u0103 la tragerea la sor\u021bi [&hellip;]<\/p>\n","protected":false},"author":2,"featured_media":0,"parent":14386,"menu_order":6,"comment_status":"closed","ping_status":"closed","template":"el-gordo.php","meta":{"_et_pb_use_builder":"","_et_pb_old_content":"","_et_gb_content_width":"","exclude_from_search":false,"footnotes":""},"class_list":["post-14555","page","type-page","status-publish","hentry"],"yoast_head":"<!-- This site is optimized with the Yoast SEO plugin v23.7 - https:\/\/yoast.com\/wordpress\/plugins\/seo\/ -->\n<title>Joac\u0103 Gordo de la Primitiva - Lottohoy<\/title>\n<meta name=\"description\" content=\"Ia-\u021bi biletul pentru urm\u0103toarea extragere El Gordo de la Primitiva. Afl\u0103 \u0219i cele mai c\u00e2\u0219tig\u0103toare numere. F\u0103-\u021bi visele s\u0103 devin\u0103 realitate cu Lottohoy.\" \/>\n<meta name=\"robots\" content=\"index, follow, max-snippet:-1, max-image-preview:large, max-video-preview:-1\" \/>\n<link rel=\"canonical\" href=\"https:\/\/lottohoy.com\/ro\/joaca-la-loterie-online\/joaca-gordo-de-la-primitiva\/\" \/>\n<meta property=\"og:locale\" content=\"ro_RO\" \/>\n<meta property=\"og:type\" content=\"article\" \/>\n<meta property=\"og:title\" content=\"Joac\u0103 Gordo de la Primitiva - Lottohoy\" \/>\n<meta property=\"og:description\" content=\"Ia-\u021bi biletul pentru urm\u0103toarea extragere El Gordo de la Primitiva. Afl\u0103 \u0219i cele mai c\u00e2\u0219tig\u0103toare numere. F\u0103-\u021bi visele s\u0103 devin\u0103 realitate cu Lottohoy.\" \/>\n<meta property=\"og:url\" content=\"https:\/\/lottohoy.com\/ro\/joaca-la-loterie-online\/joaca-gordo-de-la-primitiva\/\" \/>\n<meta property=\"og:site_name\" content=\"Lottohoy\" \/>\n<meta property=\"article:modified_time\" content=\"2025-03-17T11:49:41+00:00\" \/>\n<meta name=\"twitter:card\" content=\"summary_large_image\" \/>\n<meta name=\"twitter:label1\" content=\"Timp estimat pentru citire\" \/>\n\t<meta name=\"twitter:data1\" content=\"4 minute\" \/>\n<script type=\"application\/ld+json\" class=\"yoast-schema-graph\">{\"@context\":\"https:\/\/schema.org\",\"@graph\":[{\"@type\":\"WebPage\",\"@id\":\"https:\/\/lottohoy.com\/ro\/joaca-la-loterie-online\/joaca-gordo-de-la-primitiva\/\",\"url\":\"https:\/\/lottohoy.com\/ro\/joaca-la-loterie-online\/joaca-gordo-de-la-primitiva\/\",\"name\":\"Joac\u0103 Gordo de la Primitiva - Lottohoy\",\"isPartOf\":{\"@id\":\"https:\/\/lottohoy.com\/ro\/#website\"},\"datePublished\":\"2019-02-13T18:44:38+00:00\",\"dateModified\":\"2025-03-17T11:49:41+00:00\",\"description\":\"Ia-\u021bi biletul pentru urm\u0103toarea extragere El Gordo de la Primitiva. Afl\u0103 \u0219i cele mai c\u00e2\u0219tig\u0103toare numere. F\u0103-\u021bi visele s\u0103 devin\u0103 realitate cu Lottohoy.\",\"breadcrumb\":{\"@id\":\"https:\/\/lottohoy.com\/ro\/joaca-la-loterie-online\/joaca-gordo-de-la-primitiva\/#breadcrumb\"},\"inLanguage\":\"ro-RO\",\"potentialAction\":[{\"@type\":\"ReadAction\",\"target\":[\"https:\/\/lottohoy.com\/ro\/joaca-la-loterie-online\/joaca-gordo-de-la-primitiva\/\"]}]},{\"@type\":\"BreadcrumbList\",\"@id\":\"https:\/\/lottohoy.com\/ro\/joaca-la-loterie-online\/joaca-gordo-de-la-primitiva\/#breadcrumb\",\"itemListElement\":[{\"@type\":\"ListItem\",\"position\":1,\"name\":\"Home\",\"item\":\"https:\/\/lottohoy.com\/ro\/\"},{\"@type\":\"ListItem\",\"position\":2,\"name\":\"Joac\u0103 la loterie online\",\"item\":\"https:\/\/lottohoy.com\/ro\/joaca-la-loterie-online\/\"},{\"@type\":\"ListItem\",\"position\":3,\"name\":\"Joac\u0103 Gordo de la Primitiva\"}]},{\"@type\":\"WebSite\",\"@id\":\"https:\/\/lottohoy.com\/ro\/#website\",\"url\":\"https:\/\/lottohoy.com\/ro\/\",\"name\":\"Lottohoy\",\"description\":\"\",\"potentialAction\":[{\"@type\":\"SearchAction\",\"target\":{\"@type\":\"EntryPoint\",\"urlTemplate\":\"https:\/\/lottohoy.com\/ro\/?s={search_term_string}\"},\"query-input\":{\"@type\":\"PropertyValueSpecification\",\"valueRequired\":true,\"valueName\":\"search_term_string\"}}],\"inLanguage\":\"ro-RO\"}]}<\/script>\n<!-- \/ Yoast SEO plugin. -->","yoast_head_json":{"title":"Joac\u0103 Gordo de la Primitiva - Lottohoy","description":"Ia-\u021bi biletul pentru urm\u0103toarea extragere El Gordo de la Primitiva. Afl\u0103 \u0219i cele mai c\u00e2\u0219tig\u0103toare numere. F\u0103-\u021bi visele s\u0103 devin\u0103 realitate cu Lottohoy.","robots":{"index":"index","follow":"follow","max-snippet":"max-snippet:-1","max-image-preview":"max-image-preview:large","max-video-preview":"max-video-preview:-1"},"canonical":"https:\/\/lottohoy.com\/ro\/joaca-la-loterie-online\/joaca-gordo-de-la-primitiva\/","og_locale":"ro_RO","og_type":"article","og_title":"Joac\u0103 Gordo de la Primitiva - Lottohoy","og_description":"Ia-\u021bi biletul pentru urm\u0103toarea extragere El Gordo de la Primitiva. Afl\u0103 \u0219i cele mai c\u00e2\u0219tig\u0103toare numere. F\u0103-\u021bi visele s\u0103 devin\u0103 realitate cu Lottohoy.","og_url":"https:\/\/lottohoy.com\/ro\/joaca-la-loterie-online\/joaca-gordo-de-la-primitiva\/","og_site_name":"Lottohoy","article_modified_time":"2025-03-17T11:49:41+00:00","twitter_card":"summary_large_image","twitter_misc":{"Timp estimat pentru citire":"4 minute"},"schema":{"@context":"https:\/\/schema.org","@graph":[{"@type":"WebPage","@id":"https:\/\/lottohoy.com\/ro\/joaca-la-loterie-online\/joaca-gordo-de-la-primitiva\/","url":"https:\/\/lottohoy.com\/ro\/joaca-la-loterie-online\/joaca-gordo-de-la-primitiva\/","name":"Joac\u0103 Gordo de la Primitiva - Lottohoy","isPartOf":{"@id":"https:\/\/lottohoy.com\/ro\/#website"},"datePublished":"2019-02-13T18:44:38+00:00","dateModified":"2025-03-17T11:49:41+00:00","description":"Ia-\u021bi biletul pentru urm\u0103toarea extragere El Gordo de la Primitiva. Afl\u0103 \u0219i cele mai c\u00e2\u0219tig\u0103toare numere. F\u0103-\u021bi visele s\u0103 devin\u0103 realitate cu Lottohoy.","breadcrumb":{"@id":"https:\/\/lottohoy.com\/ro\/joaca-la-loterie-online\/joaca-gordo-de-la-primitiva\/#breadcrumb"},"inLanguage":"ro-RO","potentialAction":[{"@type":"ReadAction","target":["https:\/\/lottohoy.com\/ro\/joaca-la-loterie-online\/joaca-gordo-de-la-primitiva\/"]}]},{"@type":"BreadcrumbList","@id":"https:\/\/lottohoy.com\/ro\/joaca-la-loterie-online\/joaca-gordo-de-la-primitiva\/#breadcrumb","itemListElement":[{"@type":"ListItem","position":1,"name":"Home","item":"https:\/\/lottohoy.com\/ro\/"},{"@type":"ListItem","position":2,"name":"Joac\u0103 la loterie online","item":"https:\/\/lottohoy.com\/ro\/joaca-la-loterie-online\/"},{"@type":"ListItem","position":3,"name":"Joac\u0103 Gordo de la Primitiva"}]},{"@type":"WebSite","@id":"https:\/\/lottohoy.com\/ro\/#website","url":"https:\/\/lottohoy.com\/ro\/","name":"Lottohoy","description":"","potentialAction":[{"@type":"SearchAction","target":{"@type":"EntryPoint","urlTemplate":"https:\/\/lottohoy.com\/ro\/?s={search_term_string}"},"query-input":{"@type":"PropertyValueSpecification","valueRequired":true,"valueName":"search_term_string"}}],"inLanguage":"ro-RO"}]}},"_links":{"self":[{"href":"https:\/\/lottohoy.com\/ro\/wp-json\/wp\/v2\/pages\/14555","targetHints":{"allow":["GET"]}}],"collection":[{"href":"https:\/\/lottohoy.com\/ro\/wp-json\/wp\/v2\/pages"}],"about":[{"href":"https:\/\/lottohoy.com\/ro\/wp-json\/wp\/v2\/types\/page"}],"author":[{"embeddable":true,"href":"https:\/\/lottohoy.com\/ro\/wp-json\/wp\/v2\/users\/2"}],"replies":[{"embeddable":true,"href":"https:\/\/lottohoy.com\/ro\/wp-json\/wp\/v2\/comments?post=14555"}],"version-history":[{"count":2,"href":"https:\/\/lottohoy.com\/ro\/wp-json\/wp\/v2\/pages\/14555\/revisions"}],"predecessor-version":[{"id":16223,"href":"https:\/\/lottohoy.com\/ro\/wp-json\/wp\/v2\/pages\/14555\/revisions\/16223"}],"up":[{"embeddable":true,"href":"https:\/\/lottohoy.com\/ro\/wp-json\/wp\/v2\/pages\/14386"}],"wp:attachment":[{"href":"https:\/\/lottohoy.com\/ro\/wp-json\/wp\/v2\/media?parent=14555"}],"curies":[{"name":"wp","href":"https:\/\/api.w.org\/{rel}","templated":true}]}}